{"id":5674,"date":"2020-07-16T20:50:06","date_gmt":"2020-07-16T17:50:06","guid":{"rendered":"https:\/\/xstyle.md\/product\/botinki-muzhskie-kodiak-blackjack"},"modified":"2026-03-19T16:33:19","modified_gmt":"2026-03-19T13:33:19","slug":"botinki-muzhskie-kodiak-blackjack","status":"publish","type":"product","link":"https:\/\/xstyle.md\/ro\/produs\/botinki-muzhskie-kodiak-blackjack\/","title":{"rendered":"Bocanci Kamik Black"},"content":{"rendered":"<\/p>\n<p>Bocanci <strong>Kamik Blackjack black <\/strong>sunt potrivite pentru pescuitul de iarn\u0103, v\u00e2n\u0103toare, precum \u0219i pentru persoanele care petrec perioade lungi de timp \u00een frig \u00eentr-o pozi\u021bie sedentar\u0103. Talp\u0103 antibacterian\u0103. Cus\u0103turi impermeabile, complet acoperite cu band\u0103 adeziv\u0103. Talpa de cauciuc cu nervuri cre\u0219te aderen\u021ba pe orice suprafa\u021b\u0103. Pe scurt, un pantof pentru toate condi\u021biile de iarn\u0103 &#8212; 40 \u00b0C.<\/p>\n<h3><strong>Particularit\u0103\u021bi<\/strong><\/h3>\n<ul>\n<li>Cus\u0103turile de pe partea superioar\u0103 sunt sigilate<\/li>\n<li>Limb\u0103 bine adaptat\u0103 pentru a \u021bine z\u0103pada, umezeala \u0219i murd\u0103ria la distan\u021b\u0103<\/li>\n<li>Guler capitonat pentru o potrivire mai confortabil\u0103<\/li>\n<li>C\u0103ptu\u0219eal\u0103 \u0219i talp\u0103 absorbant\u0103 pentru confortul t\u0103u<\/li>\n<li>Cizma mulat\u0103 va proteja piciorul de umezeal\u0103, iar partea inferioar\u0103 a cizmei va oferi o aderen\u021b\u0103 bun\u0103 \u00een condi\u021bii de umiditate<\/li>\n<li>Talp\u0103 interioar\u0103 antibacterian\u0103 deta\u0219abil\u0103<\/li>\n<li>Sistem de \u0219ireturi din inox.<\/li>\n<\/ul>\n<h3>Caracteristici<\/h3>\n<ul>\n<li>Material principal &#8212; pielea naturala, pielea intoarsa<\/li>\n<li>C\u0103ptu\u0219eal\u0103 &#8212; 3M\u2122 Thinsulate\u2122<\/li>\n<li>Talp\u0103 &#8212; cauciuc<\/li>\n<li>\u00cen\u0103l\u021bimea gleznei &#8212; 24 cm<\/li>\n<li>Zona de confort: &#8212; 40\u00b0C<\/li>\n<li>Sezonul &#8212; toamn\u0103\/iarn\u0103.<\/li>\n<\/ul>\n<h3>Tehnologie<\/h3>\n<ul>\n<li><strong>3M\u2122 Thinsulate\u2122<\/strong> &#8212; izola\u021bia cald\u0103, deta\u0219abil\u0103, v\u0103 ajut\u0103 s\u0103 v\u0103 men\u021bine\u021bi cald \u0219i las\u0103 umezeala s\u0103 se elimine rapid.<\/li>\n<\/ul>\n<p>\n<p><img decoding=\"async\" class=\"alignnone\" style=\"width: 100%;\" src=\"https:\/\/xstyle.md\/wp-content\/uploads\/2021\/01\/razmer_kamik.jpg\" alt=\"\" \/><\/p>\n\n<\/p>\n<h3>Marca<\/h3>\n<p>Istoria m\u0103rcii Kamik s-a \u00eenceput \u00een 1898 odat\u0103 cu \u00eenfiin\u021barea cizm\u0103riei \u00een provincia canadian\u0103 Quebec. Afacerea firmei a mers cu diferite grade de succes, p\u00e2n\u0103 c\u00e2nd a fost angajat un manager pe nume William Cook. Acesta a fost cel care a adus afacerea la un nou nivel cu talentul s\u0103u comercial uimitor.<\/p>\n<p>Compania s-a extins, s-a mutat la Montreal \u0219i a devenit oficial The General Footwear Company. Cook a avut o calitate foarte valoroas\u0103 pentru un manager \u2014 el a distins cu acurate\u021be \u0219i a eviden\u021biat noile tehnologii promi\u021b\u0103toare \u00een produc\u021bia de \u00eenc\u0103l\u021b\u0103minte, apoi le-a aplicat cu succes \u00een activit\u0103\u021bile companiei. Drept urmare, Genfoot a c\u00e2\u0219tigat o popularitate imens\u0103, mai \u00eent\u00e2i \u00een Canada \u0219i apoi dincolo.<\/p>\n<p>Marca Kamik \u00een sine a fost dezvoltat\u0103 \u00een 1972 \u0219i a atras imediat aten\u021bia cu tehnologia sa \u00eenalt\u0103 la pre\u021buri foarte accesibile. Ini\u021bial, aceste produse au fost destinate v\u00e2n\u0103torilor, drume\u021bilor \u0219i altor persoane cu preten\u021bii ridicate privind durabilitatea \u0219i rezisten\u021ba la ap\u0103 a pantofilor, dar \u00een timp, calit\u0103\u021bile lor unice au \u00eenceput s\u0103 fie aplicate modelelor de purtare zilnic\u0103.<\/p>\n<p>","protected":false},"excerpt":{"rendered":"<p>Bocanci Kamik Black<\/p>","protected":false},"featured_media":5673,"comment_status":"open","ping_status":"closed","template":"","meta":{"_acf_changed":false,"inline_featured_image":false},"product_brand":[1356],"product_cat":[146],"product_tag":[],"class_list":{"0":"post-5674","1":"product","2":"type-product","3":"status-publish","4":"has-post-thumbnail","6":"product_brand-kamik","7":"product_cat-fall-winter","9":"first","10":"instock","11":"shipping-taxable","12":"purchasable","13":"product-type-simple"},"acf":[],"yoast_head":"<!-- This site is optimized with the Yoast SEO plugin v27.2 - https:\/\/yoast.com\/product\/yoast-seo-wordpress\/ -->\n<title>\u0411\u043e\u0442\u0438\u043d\u043a\u0438 Kamik Blackjack black - \u041c\u0430\u0433\u0430\u0437\u0438\u043d Xstyle<\/title>\n<meta name=\"description\" content=\"\u041a\u0443\u043f\u0438\u0442\u044c \u0431\u043e\u0442\u0438\u043d\u043a\u0438 Kamik Blackjack black \u2014 \u0438\u0434\u0435\u0430\u043b\u044c\u043d\u044b \u0434\u043b\u044f \u0437\u0438\u043c\u043d\u0435\u0439 \u0440\u044b\u0431\u0430\u043b\u043a\u0438 \u0438 \u043e\u0445\u043e\u0442\u044b. \u0421 \u0437\u0430\u0449\u0438\u0442\u043e\u0439 \u043e\u0442 \u0445\u043e\u043b\u043e\u0434\u0430 \u0438 \u043e\u0442\u043b\u0438\u0447\u043d\u044b\u043c \u0441\u0446\u0435\u043f\u043b\u0435\u043d\u0438\u0435\u043c \u043d\u0430 \u043b\u044e\u0431\u043e\u0439 \u043f\u043e\u0432\u0435\u0440\u0445\u043d\u043e\u0441\u0442\u0438.\" \/>\n<meta name=\"robots\" content=\"index, follow, max-snippet:-1, max-image-preview:large, max-video-preview:-1\" \/>\n<link rel=\"canonical\" href=\"https:\/\/xstyle.md\/ro\/produs\/botinki-muzhskie-kodiak-blackjack\/\" \/>\n<meta property=\"og:locale\" content=\"ro_RO\" \/>\n<meta property=\"og:type\" content=\"article\" \/>\n<meta property=\"og:title\" content=\"\u0411\u043e\u0442\u0438\u043d\u043a\u0438 Kamik Blackjack black - \u041c\u0430\u0433\u0430\u0437\u0438\u043d Xstyle\" \/>\n<meta property=\"og:description\" content=\"\u041a\u0443\u043f\u0438\u0442\u044c \u0431\u043e\u0442\u0438\u043d\u043a\u0438 Kamik Blackjack black \u2014 \u0438\u0434\u0435\u0430\u043b\u044c\u043d\u044b \u0434\u043b\u044f \u0437\u0438\u043c\u043d\u0435\u0439 \u0440\u044b\u0431\u0430\u043b\u043a\u0438 \u0438 \u043e\u0445\u043e\u0442\u044b. \u0421 \u0437\u0430\u0449\u0438\u0442\u043e\u0439 \u043e\u0442 \u0445\u043e\u043b\u043e\u0434\u0430 \u0438 \u043e\u0442\u043b\u0438\u0447\u043d\u044b\u043c \u0441\u0446\u0435\u043f\u043b\u0435\u043d\u0438\u0435\u043c \u043d\u0430 \u043b\u044e\u0431\u043e\u0439 \u043f\u043e\u0432\u0435\u0440\u0445\u043d\u043e\u0441\u0442\u0438.\" \/>\n<meta property=\"og:url\" content=\"https:\/\/xstyle.md\/ro\/produs\/botinki-muzhskie-kodiak-blackjack\/\" \/>\n<meta property=\"og:site_name\" content=\"\u041c\u0430\u0433\u0430\u0437\u0438\u043d Xstyle\" \/>\n<meta property=\"article:publisher\" content=\"https:\/\/www.facebook.com\/xstylemd\" \/>\n<meta property=\"article:modified_time\" content=\"2026-03-19T13:33:19+00:00\" \/>\n<meta property=\"og:image\" content=\"https:\/\/xstyle.md\/wp-content\/uploads\/2020\/07\/71dpjr0um2l._uy395_.jpg\" \/>\n\t<meta property=\"og:image:width\" content=\"395\" \/>\n\t<meta property=\"og:image:height\" content=\"395\" \/>\n\t<meta property=\"og:image:type\" content=\"image\/jpeg\" \/>\n<meta name=\"twitter:card\" content=\"summary_large_image\" \/>\n<meta name=\"twitter:label1\" content=\"Pre\u021b\" \/>\n\t<meta name=\"twitter:data1\" content=\"2.590&nbsp;MDL\" \/>\n\t<meta name=\"twitter:label2\" content=\"Disponibilitate\" \/>\n\t<meta name=\"twitter:data2\" content=\"\u00cen stoc\" \/>\n<script type=\"application\/ld+json\" class=\"yoast-schema-graph\">{\"@context\":\"https:\/\/schema.org\",\"@graph\":[{\"@type\":\"WebPage\",\"@id\":\"https:\/\/xstyle.md\/product\/botinki-muzhskie-kodiak-blackjack\/\",\"url\":\"https:\/\/xstyle.md\/product\/botinki-muzhskie-kodiak-blackjack\/\",\"name\":\"\u0411\u043e\u0442\u0438\u043d\u043a\u0438 Kamik Blackjack black - \u041c\u0430\u0433\u0430\u0437\u0438\u043d Xstyle\",\"isPartOf\":{\"@id\":\"https:\/\/xstyle.md\/#website\"},\"primaryImageOfPage\":{\"@id\":\"https:\/\/xstyle.md\/product\/botinki-muzhskie-kodiak-blackjack\/#primaryimage\"},\"image\":{\"@id\":\"https:\/\/xstyle.md\/product\/botinki-muzhskie-kodiak-blackjack\/#primaryimage\"},\"thumbnailUrl\":\"https:\/\/xstyle.md\/wp-content\/uploads\/2020\/07\/71dpjr0um2l._uy395_.jpg\",\"datePublished\":\"2020-07-16T17:50:06+00:00\",\"dateModified\":\"2026-03-19T13:33:19+00:00\",\"description\":\"\u041a\u0443\u043f\u0438\u0442\u044c \u0431\u043e\u0442\u0438\u043d\u043a\u0438 Kamik Blackjack black \u2014 \u0438\u0434\u0435\u0430\u043b\u044c\u043d\u044b \u0434\u043b\u044f \u0437\u0438\u043c\u043d\u0435\u0439 \u0440\u044b\u0431\u0430\u043b\u043a\u0438 \u0438 \u043e\u0445\u043e\u0442\u044b. \u0421 \u0437\u0430\u0449\u0438\u0442\u043e\u0439 \u043e\u0442 \u0445\u043e\u043b\u043e\u0434\u0430 \u0438 \u043e\u0442\u043b\u0438\u0447\u043d\u044b\u043c \u0441\u0446\u0435\u043f\u043b\u0435\u043d\u0438\u0435\u043c \u043d\u0430 \u043b\u044e\u0431\u043e\u0439 \u043f\u043e\u0432\u0435\u0440\u0445\u043d\u043e\u0441\u0442\u0438.\",\"breadcrumb\":{\"@id\":\"https:\/\/xstyle.md\/product\/botinki-muzhskie-kodiak-blackjack\/#breadcrumb\"},\"inLanguage\":\"ro-RO\",\"potentialAction\":[{\"@type\":\"ReadAction\",\"target\":[\"https:\/\/xstyle.md\/product\/botinki-muzhskie-kodiak-blackjack\/\"]}]},{\"@type\":\"ImageObject\",\"inLanguage\":\"ro-RO\",\"@id\":\"https:\/\/xstyle.md\/product\/botinki-muzhskie-kodiak-blackjack\/#primaryimage\",\"url\":\"https:\/\/xstyle.md\/wp-content\/uploads\/2020\/07\/71dpjr0um2l._uy395_.jpg\",\"contentUrl\":\"https:\/\/xstyle.md\/wp-content\/uploads\/2020\/07\/71dpjr0um2l._uy395_.jpg\",\"width\":395,\"height\":395},{\"@type\":\"BreadcrumbList\",\"@id\":\"https:\/\/xstyle.md\/product\/botinki-muzhskie-kodiak-blackjack\/#breadcrumb\",\"itemListElement\":[{\"@type\":\"ListItem\",\"position\":1,\"name\":\"\u0413\u043b\u0430\u0432\u043d\u0430\u044f \u0441\u0442\u0440\u0430\u043d\u0438\u0446\u0430\",\"item\":\"https:\/\/xstyle.md\/\"},{\"@type\":\"ListItem\",\"position\":2,\"name\":\"\u041c\u0430\u0433\u0430\u0437\u0438\u043d\",\"item\":\"https:\/\/xstyle.md\/shop\/\"},{\"@type\":\"ListItem\",\"position\":3,\"name\":\"\u0411\u043e\u0442\u0438\u043d\u043a\u0438 Kamik Blackjack black\"}]},{\"@type\":\"WebSite\",\"@id\":\"https:\/\/xstyle.md\/#website\",\"url\":\"https:\/\/xstyle.md\/\",\"name\":\"\u041c\u0430\u0433\u0430\u0437\u0438\u043d Xstyle\",\"description\":\"C\u043d\u0430\u0440\u044f\u0436\u0435\u043d\u0438\u0435 \u0434\u043b\u044f \u0442\u0443\u0440\u0438\u0437\u043c\u0430 \u0438 \u044d\u043a\u0441\u0442\u0440\u0435\u043c\u0430\u043b\u044c\u043d\u044b\u0445 \u0432\u0438\u0434\u043e\u0432 \u0441\u043f\u043e\u0440\u0442\u0430 \u0432 \u041c\u043e\u043b\u0434\u043e\u0432\u0435.. \u0426\u0435\u043d\u044b, \u0444\u043e\u0442\u043e, \u0445\u0430\u0440\u0430\u043a\u0442\u0435\u0440\u0438\u0441\u0442\u0438\u043a\u0438 \u0432 \u041c\u043e\u043b\u0434\u043e\u0432\u0435.\",\"publisher\":{\"@id\":\"https:\/\/xstyle.md\/#organization\"},\"alternateName\":\"X-Style\",\"potentialAction\":[{\"@type\":\"SearchAction\",\"target\":{\"@type\":\"EntryPoint\",\"urlTemplate\":\"https:\/\/xstyle.md\/?s={search_term_string}\"},\"query-input\":{\"@type\":\"PropertyValueSpecification\",\"valueRequired\":true,\"valueName\":\"search_term_string\"}}],\"inLanguage\":\"ro-RO\"},{\"@type\":\"Organization\",\"@id\":\"https:\/\/xstyle.md\/#organization\",\"name\":\"\u041c\u0430\u0433\u0430\u0437\u0438\u043d Xstyle\",\"alternateName\":\"x-style\",\"url\":\"https:\/\/xstyle.md\/\",\"logo\":{\"@type\":\"ImageObject\",\"inLanguage\":\"ro-RO\",\"@id\":\"https:\/\/xstyle.md\/#\/schema\/logo\/image\/\",\"url\":\"https:\/\/xstyle.md\/wp-content\/uploads\/2020\/06\/logoicon.svg\",\"contentUrl\":\"https:\/\/xstyle.md\/wp-content\/uploads\/2020\/06\/logoicon.svg\",\"caption\":\"\u041c\u0430\u0433\u0430\u0437\u0438\u043d Xstyle\"},\"image\":{\"@id\":\"https:\/\/xstyle.md\/#\/schema\/logo\/image\/\"},\"sameAs\":[\"https:\/\/www.facebook.com\/xstylemd\",\"https:\/\/www.instagram.com\/xstyle_md\/\",\"https:\/\/t.me\/xstyle_outdoor\"],\"hasMerchantReturnPolicy\":{\"@type\":\"MerchantReturnPolicy\",\"merchantReturnLink\":\"https:\/\/xstyle.md\/ro\/conditions\/\"}}]}<\/script>\n<meta property=\"product:price:amount\" content=\"2590.00\" \/>\n<meta property=\"product:price:currency\" content=\"MDL\" \/>\n<meta property=\"og:availability\" content=\"instock\" \/>\n<meta property=\"product:availability\" content=\"instock\" \/>\n<meta property=\"product:retailer_item_id\" content=\"56248698325\" \/>\n<meta property=\"product:condition\" content=\"new\" \/>\n<!-- \/ Yoast SEO plugin. -->","yoast_head_json":{"title":"Bocanci Kamik Black - Magazin Xstyle","description":"Cump\u0103r\u0103 bocanci Kamik Blackjack black \u2014 ideali pentru pescuitul de iarn\u0103 \u0219i v\u00e2n\u0103toare. Cu protec\u021bie \u00eempotriva frigului \u0219i o aderen\u021b\u0103 excelent\u0103 pe orice suprafa\u021b\u0103.","robots":{"index":"index","follow":"follow","max-snippet":"max-snippet:-1","max-image-preview":"max-image-preview:large","max-video-preview":"max-video-preview:-1"},"canonical":"https:\/\/xstyle.md\/ro\/produs\/botinki-muzhskie-kodiak-blackjack\/","og_locale":"ro_RO","og_type":"article","og_title":"\u0411\u043e\u0442\u0438\u043d\u043a\u0438 Kamik Blackjack black - \u041c\u0430\u0433\u0430\u0437\u0438\u043d Xstyle","og_description":"\u041a\u0443\u043f\u0438\u0442\u044c \u0431\u043e\u0442\u0438\u043d\u043a\u0438 Kamik Blackjack black \u2014 \u0438\u0434\u0435\u0430\u043b\u044c\u043d\u044b \u0434\u043b\u044f \u0437\u0438\u043c\u043d\u0435\u0439 \u0440\u044b\u0431\u0430\u043b\u043a\u0438 \u0438 \u043e\u0445\u043e\u0442\u044b. \u0421 \u0437\u0430\u0449\u0438\u0442\u043e\u0439 \u043e\u0442 \u0445\u043e\u043b\u043e\u0434\u0430 \u0438 \u043e\u0442\u043b\u0438\u0447\u043d\u044b\u043c \u0441\u0446\u0435\u043f\u043b\u0435\u043d\u0438\u0435\u043c \u043d\u0430 \u043b\u044e\u0431\u043e\u0439 \u043f\u043e\u0432\u0435\u0440\u0445\u043d\u043e\u0441\u0442\u0438.","og_url":"https:\/\/xstyle.md\/ro\/produs\/botinki-muzhskie-kodiak-blackjack\/","og_site_name":"\u041c\u0430\u0433\u0430\u0437\u0438\u043d Xstyle","article_publisher":"https:\/\/www.facebook.com\/xstylemd","article_modified_time":"2026-03-19T13:33:19+00:00","og_image":[{"width":395,"height":395,"url":"https:\/\/xstyle.md\/wp-content\/uploads\/2020\/07\/71dpjr0um2l._uy395_.jpg","type":"image\/jpeg"}],"twitter_card":"summary_large_image","twitter_misc":{"Pre\u021b":"2.590&nbsp;MDL","Disponibilitate":"\u00cen stoc"},"schema":{"@context":"https:\/\/schema.org","@graph":[{"@type":"WebPage","@id":"https:\/\/xstyle.md\/product\/botinki-muzhskie-kodiak-blackjack\/","url":"https:\/\/xstyle.md\/product\/botinki-muzhskie-kodiak-blackjack\/","name":"Bocanci Kamik Black - Magazin Xstyle","isPartOf":{"@id":"https:\/\/xstyle.md\/#website"},"primaryImageOfPage":{"@id":"https:\/\/xstyle.md\/product\/botinki-muzhskie-kodiak-blackjack\/#primaryimage"},"image":{"@id":"https:\/\/xstyle.md\/product\/botinki-muzhskie-kodiak-blackjack\/#primaryimage"},"thumbnailUrl":"https:\/\/xstyle.md\/wp-content\/uploads\/2020\/07\/71dpjr0um2l._uy395_.jpg","datePublished":"2020-07-16T17:50:06+00:00","dateModified":"2026-03-19T13:33:19+00:00","description":"Cump\u0103r\u0103 bocanci Kamik Blackjack black \u2014 ideali pentru pescuitul de iarn\u0103 \u0219i v\u00e2n\u0103toare. Cu protec\u021bie \u00eempotriva frigului \u0219i o aderen\u021b\u0103 excelent\u0103 pe orice suprafa\u021b\u0103.","breadcrumb":{"@id":"https:\/\/xstyle.md\/product\/botinki-muzhskie-kodiak-blackjack\/#breadcrumb"},"inLanguage":"ro-RO","potentialAction":[{"@type":"ReadAction","target":["https:\/\/xstyle.md\/product\/botinki-muzhskie-kodiak-blackjack\/"]}]},{"@type":"ImageObject","inLanguage":"ro-RO","@id":"https:\/\/xstyle.md\/product\/botinki-muzhskie-kodiak-blackjack\/#primaryimage","url":"https:\/\/xstyle.md\/wp-content\/uploads\/2020\/07\/71dpjr0um2l._uy395_.jpg","contentUrl":"https:\/\/xstyle.md\/wp-content\/uploads\/2020\/07\/71dpjr0um2l._uy395_.jpg","width":395,"height":395},{"@type":"BreadcrumbList","@id":"https:\/\/xstyle.md\/product\/botinki-muzhskie-kodiak-blackjack\/#breadcrumb","itemListElement":[{"@type":"ListItem","position":1,"name":"\u0413\u043b\u0430\u0432\u043d\u0430\u044f \u0441\u0442\u0440\u0430\u043d\u0438\u0446\u0430","item":"https:\/\/xstyle.md\/"},{"@type":"ListItem","position":2,"name":"\u041c\u0430\u0433\u0430\u0437\u0438\u043d","item":"https:\/\/xstyle.md\/shop\/"},{"@type":"ListItem","position":3,"name":"\u0411\u043e\u0442\u0438\u043d\u043a\u0438 Kamik Blackjack black"}]},{"@type":"WebSite","@id":"https:\/\/xstyle.md\/#website","url":"https:\/\/xstyle.md\/","name":"Magazinul X-Style","description":"Echipamente pentru turism \u0219i sporturi extreme \u00een Moldova. Pre\u021buri, fotografii, caracteristici \u00een Moldova.","publisher":{"@id":"https:\/\/xstyle.md\/#organization"},"alternateName":"X-Style","potentialAction":[{"@type":"SearchAction","target":{"@type":"EntryPoint","urlTemplate":"https:\/\/xstyle.md\/?s={search_term_string}"},"query-input":{"@type":"PropertyValueSpecification","valueRequired":true,"valueName":"search_term_string"}}],"inLanguage":"ro-RO"},{"@type":"Organization","@id":"https:\/\/xstyle.md\/#organization","name":"Magazinul X-Style","alternateName":"x-style","url":"https:\/\/xstyle.md\/","logo":{"@type":"ImageObject","inLanguage":"ro-RO","@id":"https:\/\/xstyle.md\/#\/schema\/logo\/image\/","url":"https:\/\/xstyle.md\/wp-content\/uploads\/2020\/06\/logoicon.svg","contentUrl":"https:\/\/xstyle.md\/wp-content\/uploads\/2020\/06\/logoicon.svg","caption":"\u041c\u0430\u0433\u0430\u0437\u0438\u043d Xstyle"},"image":{"@id":"https:\/\/xstyle.md\/#\/schema\/logo\/image\/"},"sameAs":["https:\/\/www.facebook.com\/xstylemd","https:\/\/www.instagram.com\/xstyle_md\/","https:\/\/t.me\/xstyle_outdoor"],"hasMerchantReturnPolicy":{"@type":"MerchantReturnPolicy","merchantReturnLink":"https:\/\/xstyle.md\/ro\/conditions\/"}}]},"product_price_amount":"2590.00","product_price_currency":"MDL","og_availability":"instock","product_availability":"instock","product_retailer_item_id":"56248698325","product_condition":"new"},"post_mailing_queue_ids":[],"_links":{"self":[{"href":"https:\/\/xstyle.md\/ro\/wp-json\/wp\/v2\/product\/5674","targetHints":{"allow":["GET"]}}],"collection":[{"href":"https:\/\/xstyle.md\/ro\/wp-json\/wp\/v2\/product"}],"about":[{"href":"https:\/\/xstyle.md\/ro\/wp-json\/wp\/v2\/types\/product"}],"replies":[{"embeddable":true,"href":"https:\/\/xstyle.md\/ro\/wp-json\/wp\/v2\/comments?post=5674"}],"wp:featuredmedia":[{"embeddable":true,"href":"https:\/\/xstyle.md\/ro\/wp-json\/wp\/v2\/media\/5673"}],"wp:attachment":[{"href":"https:\/\/xstyle.md\/ro\/wp-json\/wp\/v2\/media?parent=5674"}],"wp:term":[{"taxonomy":"product_brand","embeddable":true,"href":"https:\/\/xstyle.md\/ro\/wp-json\/wp\/v2\/product_brand?post=5674"},{"taxonomy":"product_cat","embeddable":true,"href":"https:\/\/xstyle.md\/ro\/wp-json\/wp\/v2\/product_cat?post=5674"},{"taxonomy":"product_tag","embeddable":true,"href":"https:\/\/xstyle.md\/ro\/wp-json\/wp\/v2\/product_tag?post=5674"}],"curies":[{"name":"wp","href":"https:\/\/api.w.org\/{rel}","templated":true}]}}