{"id":566,"date":"2020-07-16T15:39:52","date_gmt":"2020-07-16T12:39:52","guid":{"rendered":"https:\/\/xstyle.md\/product\/spal-nyj-meshok-pinguin-savana"},"modified":"2025-10-24T13:02:32","modified_gmt":"2025-10-24T10:02:32","slug":"spal-nyj-meshok-pinguin-savana","status":"publish","type":"product","link":"https:\/\/xstyle.md\/ro\/produs\/spal-nyj-meshok-pinguin-savana\/","title":{"rendered":"Sac de dormit Pinguin Savana green"},"content":{"rendered":"<\/p>\n<p><strong>Pinguin Savana<\/strong> &#8212; este un sac de dormit cocon potrivit pentru trei anotimpuri (prim\u0103var\u0103-var\u0103-toamn\u0103). Cu un confort de temperatur\u0103 de 1 \u00b0 C, acesta va fi partenerul dvs. din prim\u0103var\u0103 p\u00e2n\u0103 la \u00eenceputul toamnei \u0219i pentru cei cu rezisten\u021b\u0103 \u0219i mai mult. Este ideal pentru drume\u021bii \u0219i activit\u0103\u021bi \u00een aer liber. Sacul de dormit Pinguin Savana are un design anatomic cocon care re\u021bine mai bine c\u0103ldura \u00een interiorul acestuia. De asemenea, acest sac de dormit are fermoar izolat \u0219i o fust\u0103 \u00een zona g\u00e2tului, care ofer\u0103, de asemenea, o protec\u021bie termic\u0103 suplimentar\u0103.<\/p>\n<h3>Specifica\u021bii<\/h3>\n<ul>\n<li>forma anatomic\u0103<\/li>\n<li>fermoar st\u00e2nga \/ dreapta (une\u0219te doi saci de dormit \u00eempreun\u0103)<\/li>\n<li>band\u0103 cu fermoar<\/li>\n<li>sac de compresie<\/li>\n<li>fermoarul YKK reversibil v\u0103 permite s\u0103 controla\u021bi temperatura din interiorul sacului de dormit<\/li>\n<li>cap\u0103tul fermoarului este fixat cu o clapet\u0103, care protejeaz\u0103 \u00eempotriva deschiderii spontane a fermoarului<\/li>\n<\/ul>\n<h3>Caracteristici<\/h3>\n<ul>\n<li>lungime maxim\u0103 &#8212; 195 cm<\/li>\n<li>greutate maxim\u0103 &#8212; 1,4 kg<\/li>\n<li>dimensiunea ambalajului &#8212; 18 x 37 cm<\/li>\n<li>dimensiuni sac maxim\u0103 &#8212; 195 x 85 x 55 cm<\/li>\n<li>temperatura de confort &#8212; de la 0 la +6 \u00b0 C<\/li>\n<li>temperatura minim\u0103 \u00een condi\u021bii extreme -15 \u00b0 C<\/li>\n<li>material exterior &#8212; Poliester ripstop DWR<\/li>\n<li>material intern &#8212; Poliester moale<\/li>\n<li>umplutur\u0103 &#8212; BHBmicro 200 g \/ m2<\/li>\n<li>num\u0103r de straturi &#8212; 2<\/li>\n<li>zip-on &#8212; da<\/li>\n<li>sezonalitate &#8212; prim\u0103var\u0103-toamn\u0103<\/li>\n<li>tip &#8212; sac de dormit &#171;cocon&#187;<\/li>\n<li>sex &#8212; unisex<\/li>\n<\/ul>\n<p><\/p>","protected":false},"excerpt":{"rendered":"<p>Sac de dormit Pinguin Savana green<\/p>","protected":false},"featured_media":562,"comment_status":"open","ping_status":"closed","template":"","meta":{"_acf_changed":false,"inline_featured_image":false},"product_brand":[1263],"product_cat":[80],"product_tag":[],"class_list":{"0":"post-566","1":"product","2":"type-product","3":"status-publish","4":"has-post-thumbnail","6":"product_brand-pinguin","7":"product_cat-travel","9":"first","10":"instock","11":"shipping-taxable","12":"purchasable","13":"product-type-simple"},"acf":[],"yoast_head":"<!-- This site is optimized with the Yoast SEO plugin v27.4 - https:\/\/yoast.com\/product\/yoast-seo-wordpress\/ -->\n<title>\u0421\u043f\u0430\u043b\u044c\u043d\u044b\u0439 \u043c\u0435\u0448\u043e\u043a Pinguin Savana green - \u041c\u0430\u0433\u0430\u0437\u0438\u043d Xstyle<\/title>\n<meta name=\"description\" content=\"\u0421\u043f\u0430\u043b\u044c\u043d\u044b\u0439 \u043c\u0435\u0448\u043e\u043a Pinguin Savana green \u0438\u0434\u0435\u0430\u043b\u044c\u043d\u043e \u043f\u043e\u0434\u0445\u043e\u0434\u0438\u0442 \u0434\u043b\u044f \u0432\u0435\u0441\u043d\u044b \u0438 \u043e\u0441\u0435\u043d\u0438. \u041a\u043e\u043c\u0444\u043e\u0440\u0442\u043d\u0430\u044f \u0442\u0435\u043c\u043f\u0435\u0440\u0430\u0442\u0443\u0440\u0430 1\u00b0C. \u041b\u0435\u0433\u043a\u0438\u0439, \u0443\u0434\u043e\u0431\u043d\u044b\u0439 \u0438 \u043d\u0430\u0434\u0435\u0436\u043d\u044b\u0439. \u0412\u0430\u0448 \u0438\u0434\u0435\u0430\u043b\u044c\u043d\u044b\u0439 \u0441\u043f\u0443\u0442\u043d\u0438\u043a \u043d\u0430 \u043f\u0440\u0438\u0440\u043e\u0434\u0435!\" \/>\n<meta name=\"robots\" content=\"index, follow, max-snippet:-1, max-image-preview:large, max-video-preview:-1\" \/>\n<link rel=\"canonical\" href=\"https:\/\/xstyle.md\/ro\/produs\/spal-nyj-meshok-pinguin-savana\/\" \/>\n<meta property=\"og:locale\" content=\"ro_RO\" \/>\n<meta property=\"og:type\" content=\"article\" \/>\n<meta property=\"og:title\" content=\"\u0421\u043f\u0430\u043b\u044c\u043d\u044b\u0439 \u043c\u0435\u0448\u043e\u043a Pinguin Savana green - \u041c\u0430\u0433\u0430\u0437\u0438\u043d Xstyle\" \/>\n<meta property=\"og:description\" content=\"\u0421\u043f\u0430\u043b\u044c\u043d\u044b\u0439 \u043c\u0435\u0448\u043e\u043a Pinguin Savana green \u0438\u0434\u0435\u0430\u043b\u044c\u043d\u043e \u043f\u043e\u0434\u0445\u043e\u0434\u0438\u0442 \u0434\u043b\u044f \u0432\u0435\u0441\u043d\u044b \u0438 \u043e\u0441\u0435\u043d\u0438. \u041a\u043e\u043c\u0444\u043e\u0440\u0442\u043d\u0430\u044f \u0442\u0435\u043c\u043f\u0435\u0440\u0430\u0442\u0443\u0440\u0430 1\u00b0C. \u041b\u0435\u0433\u043a\u0438\u0439, \u0443\u0434\u043e\u0431\u043d\u044b\u0439 \u0438 \u043d\u0430\u0434\u0435\u0436\u043d\u044b\u0439. \u0412\u0430\u0448 \u0438\u0434\u0435\u0430\u043b\u044c\u043d\u044b\u0439 \u0441\u043f\u0443\u0442\u043d\u0438\u043a \u043d\u0430 \u043f\u0440\u0438\u0440\u043e\u0434\u0435!\" \/>\n<meta property=\"og:url\" content=\"https:\/\/xstyle.md\/ro\/produs\/spal-nyj-meshok-pinguin-savana\/\" \/>\n<meta property=\"og:site_name\" content=\"\u041c\u0430\u0433\u0430\u0437\u0438\u043d Xstyle\" \/>\n<meta property=\"article:publisher\" content=\"https:\/\/www.facebook.com\/xstylemd\" \/>\n<meta property=\"article:modified_time\" content=\"2025-10-24T10:02:32+00:00\" \/>\n<meta property=\"og:image\" content=\"https:\/\/xstyle.md\/wp-content\/uploads\/2020\/07\/savanagreen_2.jpg\" \/>\n\t<meta property=\"og:image:width\" content=\"225\" \/>\n\t<meta property=\"og:image:height\" content=\"529\" \/>\n\t<meta property=\"og:image:type\" content=\"image\/jpeg\" \/>\n<meta name=\"twitter:card\" content=\"summary_large_image\" \/>\n<meta name=\"twitter:label1\" content=\"Pre\u021b\" \/>\n\t<meta name=\"twitter:data1\" content=\"1.470&nbsp;MDL\" \/>\n\t<meta name=\"twitter:label2\" content=\"Disponibilitate\" \/>\n\t<meta name=\"twitter:data2\" content=\"\u00cen stoc\" \/>\n<script type=\"application\/ld+json\" class=\"yoast-schema-graph\">{\"@context\":\"https:\\\/\\\/schema.org\",\"@graph\":[{\"@type\":\"WebPage\",\"@id\":\"https:\\\/\\\/xstyle.md\\\/product\\\/spal-nyj-meshok-pinguin-savana\\\/\",\"url\":\"https:\\\/\\\/xstyle.md\\\/product\\\/spal-nyj-meshok-pinguin-savana\\\/\",\"name\":\"\u0421\u043f\u0430\u043b\u044c\u043d\u044b\u0439 \u043c\u0435\u0448\u043e\u043a Pinguin Savana green - \u041c\u0430\u0433\u0430\u0437\u0438\u043d Xstyle\",\"isPartOf\":{\"@id\":\"https:\\\/\\\/xstyle.md\\\/#website\"},\"primaryImageOfPage\":{\"@id\":\"https:\\\/\\\/xstyle.md\\\/product\\\/spal-nyj-meshok-pinguin-savana\\\/#primaryimage\"},\"image\":{\"@id\":\"https:\\\/\\\/xstyle.md\\\/product\\\/spal-nyj-meshok-pinguin-savana\\\/#primaryimage\"},\"thumbnailUrl\":\"https:\\\/\\\/xstyle.md\\\/wp-content\\\/uploads\\\/2020\\\/07\\\/savanagreen_2.jpg\",\"datePublished\":\"2020-07-16T12:39:52+00:00\",\"dateModified\":\"2025-10-24T10:02:32+00:00\",\"description\":\"\u0421\u043f\u0430\u043b\u044c\u043d\u044b\u0439 \u043c\u0435\u0448\u043e\u043a Pinguin Savana green \u0438\u0434\u0435\u0430\u043b\u044c\u043d\u043e \u043f\u043e\u0434\u0445\u043e\u0434\u0438\u0442 \u0434\u043b\u044f \u0432\u0435\u0441\u043d\u044b \u0438 \u043e\u0441\u0435\u043d\u0438. \u041a\u043e\u043c\u0444\u043e\u0440\u0442\u043d\u0430\u044f \u0442\u0435\u043c\u043f\u0435\u0440\u0430\u0442\u0443\u0440\u0430 1\u00b0C. \u041b\u0435\u0433\u043a\u0438\u0439, \u0443\u0434\u043e\u0431\u043d\u044b\u0439 \u0438 \u043d\u0430\u0434\u0435\u0436\u043d\u044b\u0439. \u0412\u0430\u0448 \u0438\u0434\u0435\u0430\u043b\u044c\u043d\u044b\u0439 \u0441\u043f\u0443\u0442\u043d\u0438\u043a \u043d\u0430 \u043f\u0440\u0438\u0440\u043e\u0434\u0435!\",\"breadcrumb\":{\"@id\":\"https:\\\/\\\/xstyle.md\\\/product\\\/spal-nyj-meshok-pinguin-savana\\\/#breadcrumb\"},\"inLanguage\":\"ro-RO\",\"potentialAction\":[{\"@type\":\"ReadAction\",\"target\":[\"https:\\\/\\\/xstyle.md\\\/product\\\/spal-nyj-meshok-pinguin-savana\\\/\"]}]},{\"@type\":\"ImageObject\",\"inLanguage\":\"ro-RO\",\"@id\":\"https:\\\/\\\/xstyle.md\\\/product\\\/spal-nyj-meshok-pinguin-savana\\\/#primaryimage\",\"url\":\"https:\\\/\\\/xstyle.md\\\/wp-content\\\/uploads\\\/2020\\\/07\\\/savanagreen_2.jpg\",\"contentUrl\":\"https:\\\/\\\/xstyle.md\\\/wp-content\\\/uploads\\\/2020\\\/07\\\/savanagreen_2.jpg\",\"width\":225,\"height\":529},{\"@type\":\"BreadcrumbList\",\"@id\":\"https:\\\/\\\/xstyle.md\\\/product\\\/spal-nyj-meshok-pinguin-savana\\\/#breadcrumb\",\"itemListElement\":[{\"@type\":\"ListItem\",\"position\":1,\"name\":\"\u0413\u043b\u0430\u0432\u043d\u0430\u044f \u0441\u0442\u0440\u0430\u043d\u0438\u0446\u0430\",\"item\":\"https:\\\/\\\/xstyle.md\\\/\"},{\"@type\":\"ListItem\",\"position\":2,\"name\":\"\u041c\u0430\u0433\u0430\u0437\u0438\u043d\",\"item\":\"https:\\\/\\\/xstyle.md\\\/shop\\\/\"},{\"@type\":\"ListItem\",\"position\":3,\"name\":\"\u0421\u043f\u0430\u043b\u044c\u043d\u044b\u0439 \u043c\u0435\u0448\u043e\u043a Pinguin Savana green\"}]},{\"@type\":\"WebSite\",\"@id\":\"https:\\\/\\\/xstyle.md\\\/#website\",\"url\":\"https:\\\/\\\/xstyle.md\\\/\",\"name\":\"\u041c\u0430\u0433\u0430\u0437\u0438\u043d Xstyle\",\"description\":\"C\u043d\u0430\u0440\u044f\u0436\u0435\u043d\u0438\u0435 \u0434\u043b\u044f \u0442\u0443\u0440\u0438\u0437\u043c\u0430 \u0438 \u044d\u043a\u0441\u0442\u0440\u0435\u043c\u0430\u043b\u044c\u043d\u044b\u0445 \u0432\u0438\u0434\u043e\u0432 \u0441\u043f\u043e\u0440\u0442\u0430 \u0432 \u041c\u043e\u043b\u0434\u043e\u0432\u0435.. \u0426\u0435\u043d\u044b, \u0444\u043e\u0442\u043e, \u0445\u0430\u0440\u0430\u043a\u0442\u0435\u0440\u0438\u0441\u0442\u0438\u043a\u0438 \u0432 \u041c\u043e\u043b\u0434\u043e\u0432\u0435.\",\"publisher\":{\"@id\":\"https:\\\/\\\/xstyle.md\\\/#organization\"},\"alternateName\":\"X-Style\",\"potentialAction\":[{\"@type\":\"SearchAction\",\"target\":{\"@type\":\"EntryPoint\",\"urlTemplate\":\"https:\\\/\\\/xstyle.md\\\/?s={search_term_string}\"},\"query-input\":{\"@type\":\"PropertyValueSpecification\",\"valueRequired\":true,\"valueName\":\"search_term_string\"}}],\"inLanguage\":\"ro-RO\"},{\"@type\":\"Organization\",\"@id\":\"https:\\\/\\\/xstyle.md\\\/#organization\",\"name\":\"\u041c\u0430\u0433\u0430\u0437\u0438\u043d Xstyle\",\"alternateName\":\"x-style\",\"url\":\"https:\\\/\\\/xstyle.md\\\/\",\"logo\":{\"@type\":\"ImageObject\",\"inLanguage\":\"ro-RO\",\"@id\":\"https:\\\/\\\/xstyle.md\\\/#\\\/schema\\\/logo\\\/image\\\/\",\"url\":\"https:\\\/\\\/xstyle.md\\\/wp-content\\\/uploads\\\/2020\\\/06\\\/logoicon.svg\",\"contentUrl\":\"https:\\\/\\\/xstyle.md\\\/wp-content\\\/uploads\\\/2020\\\/06\\\/logoicon.svg\",\"caption\":\"\u041c\u0430\u0433\u0430\u0437\u0438\u043d Xstyle\"},\"image\":{\"@id\":\"https:\\\/\\\/xstyle.md\\\/#\\\/schema\\\/logo\\\/image\\\/\"},\"sameAs\":[\"https:\\\/\\\/www.facebook.com\\\/xstylemd\",\"https:\\\/\\\/www.instagram.com\\\/xstyle_md\\\/\",\"https:\\\/\\\/t.me\\\/xstyle_outdoor\"],\"hasMerchantReturnPolicy\":{\"@type\":\"MerchantReturnPolicy\",\"merchantReturnLink\":\"https:\\\/\\\/xstyle.md\\\/ro\\\/conditions\\\/\"}}]}<\/script>\n<meta property=\"product:price:amount\" content=\"1470.00\" \/>\n<meta property=\"product:price:currency\" content=\"MDL\" \/>\n<meta property=\"og:availability\" content=\"instock\" \/>\n<meta property=\"product:availability\" content=\"instock\" \/>\n<meta property=\"product:retailer_item_id\" content=\"8592638210248\" \/>\n<meta property=\"product:condition\" content=\"new\" \/>\n<!-- \/ Yoast SEO plugin. -->","yoast_head_json":{"title":"Sac de dormit Pinguin Savana green - Magazin Xstyle","description":"\u0421\u043f\u0430\u043b\u044c\u043d\u044b\u0439 \u043c\u0435\u0448\u043e\u043a Pinguin Savana green \u0438\u0434\u0435\u0430\u043b\u044c\u043d\u043e \u043f\u043e\u0434\u0445\u043e\u0434\u0438\u0442 \u0434\u043b\u044f \u0432\u0435\u0441\u043d\u044b \u0438 \u043e\u0441\u0435\u043d\u0438. \u041a\u043e\u043c\u0444\u043e\u0440\u0442\u043d\u0430\u044f \u0442\u0435\u043c\u043f\u0435\u0440\u0430\u0442\u0443\u0440\u0430 1\u00b0C. \u041b\u0435\u0433\u043a\u0438\u0439, \u0443\u0434\u043e\u0431\u043d\u044b\u0439 \u0438 \u043d\u0430\u0434\u0435\u0436\u043d\u044b\u0439. \u0412\u0430\u0448 \u0438\u0434\u0435\u0430\u043b\u044c\u043d\u044b\u0439 \u0441\u043f\u0443\u0442\u043d\u0438\u043a \u043d\u0430 \u043f\u0440\u0438\u0440\u043e\u0434\u0435!","robots":{"index":"index","follow":"follow","max-snippet":"max-snippet:-1","max-image-preview":"max-image-preview:large","max-video-preview":"max-video-preview:-1"},"canonical":"https:\/\/xstyle.md\/ro\/produs\/spal-nyj-meshok-pinguin-savana\/","og_locale":"ro_RO","og_type":"article","og_title":"\u0421\u043f\u0430\u043b\u044c\u043d\u044b\u0439 \u043c\u0435\u0448\u043e\u043a Pinguin Savana green - \u041c\u0430\u0433\u0430\u0437\u0438\u043d Xstyle","og_description":"\u0421\u043f\u0430\u043b\u044c\u043d\u044b\u0439 \u043c\u0435\u0448\u043e\u043a Pinguin Savana green \u0438\u0434\u0435\u0430\u043b\u044c\u043d\u043e \u043f\u043e\u0434\u0445\u043e\u0434\u0438\u0442 \u0434\u043b\u044f \u0432\u0435\u0441\u043d\u044b \u0438 \u043e\u0441\u0435\u043d\u0438. \u041a\u043e\u043c\u0444\u043e\u0440\u0442\u043d\u0430\u044f \u0442\u0435\u043c\u043f\u0435\u0440\u0430\u0442\u0443\u0440\u0430 1\u00b0C. \u041b\u0435\u0433\u043a\u0438\u0439, \u0443\u0434\u043e\u0431\u043d\u044b\u0439 \u0438 \u043d\u0430\u0434\u0435\u0436\u043d\u044b\u0439. \u0412\u0430\u0448 \u0438\u0434\u0435\u0430\u043b\u044c\u043d\u044b\u0439 \u0441\u043f\u0443\u0442\u043d\u0438\u043a \u043d\u0430 \u043f\u0440\u0438\u0440\u043e\u0434\u0435!","og_url":"https:\/\/xstyle.md\/ro\/produs\/spal-nyj-meshok-pinguin-savana\/","og_site_name":"\u041c\u0430\u0433\u0430\u0437\u0438\u043d Xstyle","article_publisher":"https:\/\/www.facebook.com\/xstylemd","article_modified_time":"2025-10-24T10:02:32+00:00","og_image":[{"width":225,"height":529,"url":"https:\/\/xstyle.md\/wp-content\/uploads\/2020\/07\/savanagreen_2.jpg","type":"image\/jpeg"}],"twitter_card":"summary_large_image","twitter_misc":{"Pre\u021b":"1.470&nbsp;MDL","Disponibilitate":"\u00cen stoc"},"schema":{"@context":"https:\/\/schema.org","@graph":[{"@type":"WebPage","@id":"https:\/\/xstyle.md\/product\/spal-nyj-meshok-pinguin-savana\/","url":"https:\/\/xstyle.md\/product\/spal-nyj-meshok-pinguin-savana\/","name":"Sac de dormit Pinguin Savana green - Magazin Xstyle","isPartOf":{"@id":"https:\/\/xstyle.md\/#website"},"primaryImageOfPage":{"@id":"https:\/\/xstyle.md\/product\/spal-nyj-meshok-pinguin-savana\/#primaryimage"},"image":{"@id":"https:\/\/xstyle.md\/product\/spal-nyj-meshok-pinguin-savana\/#primaryimage"},"thumbnailUrl":"https:\/\/xstyle.md\/wp-content\/uploads\/2020\/07\/savanagreen_2.jpg","datePublished":"2020-07-16T12:39:52+00:00","dateModified":"2025-10-24T10:02:32+00:00","description":"\u0421\u043f\u0430\u043b\u044c\u043d\u044b\u0439 \u043c\u0435\u0448\u043e\u043a Pinguin Savana green \u0438\u0434\u0435\u0430\u043b\u044c\u043d\u043e \u043f\u043e\u0434\u0445\u043e\u0434\u0438\u0442 \u0434\u043b\u044f \u0432\u0435\u0441\u043d\u044b \u0438 \u043e\u0441\u0435\u043d\u0438. \u041a\u043e\u043c\u0444\u043e\u0440\u0442\u043d\u0430\u044f \u0442\u0435\u043c\u043f\u0435\u0440\u0430\u0442\u0443\u0440\u0430 1\u00b0C. \u041b\u0435\u0433\u043a\u0438\u0439, \u0443\u0434\u043e\u0431\u043d\u044b\u0439 \u0438 \u043d\u0430\u0434\u0435\u0436\u043d\u044b\u0439. \u0412\u0430\u0448 \u0438\u0434\u0435\u0430\u043b\u044c\u043d\u044b\u0439 \u0441\u043f\u0443\u0442\u043d\u0438\u043a \u043d\u0430 \u043f\u0440\u0438\u0440\u043e\u0434\u0435!","breadcrumb":{"@id":"https:\/\/xstyle.md\/product\/spal-nyj-meshok-pinguin-savana\/#breadcrumb"},"inLanguage":"ro-RO","potentialAction":[{"@type":"ReadAction","target":["https:\/\/xstyle.md\/product\/spal-nyj-meshok-pinguin-savana\/"]}]},{"@type":"ImageObject","inLanguage":"ro-RO","@id":"https:\/\/xstyle.md\/product\/spal-nyj-meshok-pinguin-savana\/#primaryimage","url":"https:\/\/xstyle.md\/wp-content\/uploads\/2020\/07\/savanagreen_2.jpg","contentUrl":"https:\/\/xstyle.md\/wp-content\/uploads\/2020\/07\/savanagreen_2.jpg","width":225,"height":529},{"@type":"BreadcrumbList","@id":"https:\/\/xstyle.md\/product\/spal-nyj-meshok-pinguin-savana\/#breadcrumb","itemListElement":[{"@type":"ListItem","position":1,"name":"\u0413\u043b\u0430\u0432\u043d\u0430\u044f \u0441\u0442\u0440\u0430\u043d\u0438\u0446\u0430","item":"https:\/\/xstyle.md\/"},{"@type":"ListItem","position":2,"name":"\u041c\u0430\u0433\u0430\u0437\u0438\u043d","item":"https:\/\/xstyle.md\/shop\/"},{"@type":"ListItem","position":3,"name":"\u0421\u043f\u0430\u043b\u044c\u043d\u044b\u0439 \u043c\u0435\u0448\u043e\u043a Pinguin Savana green"}]},{"@type":"WebSite","@id":"https:\/\/xstyle.md\/#website","url":"https:\/\/xstyle.md\/","name":"Magazinul X-Style","description":"Echipamente pentru turism \u0219i sporturi extreme \u00een Moldova. Pre\u021buri, fotografii, caracteristici \u00een Moldova.","publisher":{"@id":"https:\/\/xstyle.md\/#organization"},"alternateName":"X-Style","potentialAction":[{"@type":"SearchAction","target":{"@type":"EntryPoint","urlTemplate":"https:\/\/xstyle.md\/?s={search_term_string}"},"query-input":{"@type":"PropertyValueSpecification","valueRequired":true,"valueName":"search_term_string"}}],"inLanguage":"ro-RO"},{"@type":"Organization","@id":"https:\/\/xstyle.md\/#organization","name":"Magazinul X-Style","alternateName":"x-style","url":"https:\/\/xstyle.md\/","logo":{"@type":"ImageObject","inLanguage":"ro-RO","@id":"https:\/\/xstyle.md\/#\/schema\/logo\/image\/","url":"https:\/\/xstyle.md\/wp-content\/uploads\/2020\/06\/logoicon.svg","contentUrl":"https:\/\/xstyle.md\/wp-content\/uploads\/2020\/06\/logoicon.svg","caption":"\u041c\u0430\u0433\u0430\u0437\u0438\u043d Xstyle"},"image":{"@id":"https:\/\/xstyle.md\/#\/schema\/logo\/image\/"},"sameAs":["https:\/\/www.facebook.com\/xstylemd","https:\/\/www.instagram.com\/xstyle_md\/","https:\/\/t.me\/xstyle_outdoor"],"hasMerchantReturnPolicy":{"@type":"MerchantReturnPolicy","merchantReturnLink":"https:\/\/xstyle.md\/ro\/conditions\/"}}]},"product_price_amount":"1470.00","product_price_currency":"MDL","og_availability":"instock","product_availability":"instock","product_retailer_item_id":"8592638210248","product_condition":"new"},"_links":{"self":[{"href":"https:\/\/xstyle.md\/ro\/wp-json\/wp\/v2\/product\/566","targetHints":{"allow":["GET"]}}],"collection":[{"href":"https:\/\/xstyle.md\/ro\/wp-json\/wp\/v2\/product"}],"about":[{"href":"https:\/\/xstyle.md\/ro\/wp-json\/wp\/v2\/types\/product"}],"replies":[{"embeddable":true,"href":"https:\/\/xstyle.md\/ro\/wp-json\/wp\/v2\/comments?post=566"}],"wp:featuredmedia":[{"embeddable":true,"href":"https:\/\/xstyle.md\/ro\/wp-json\/wp\/v2\/media\/562"}],"wp:attachment":[{"href":"https:\/\/xstyle.md\/ro\/wp-json\/wp\/v2\/media?parent=566"}],"wp:term":[{"taxonomy":"product_brand","embeddable":true,"href":"https:\/\/xstyle.md\/ro\/wp-json\/wp\/v2\/product_brand?post=566"},{"taxonomy":"product_cat","embeddable":true,"href":"https:\/\/xstyle.md\/ro\/wp-json\/wp\/v2\/product_cat?post=566"},{"taxonomy":"product_tag","embeddable":true,"href":"https:\/\/xstyle.md\/ro\/wp-json\/wp\/v2\/product_tag?post=566"}],"curies":[{"name":"wp","href":"https:\/\/api.w.org\/{rel}","templated":true}]}}