{"id":5490,"date":"2020-07-16T20:40:12","date_gmt":"2020-07-16T17:40:12","guid":{"rendered":"https:\/\/xstyle.md\/product\/fljaga-laken-classic-1-l-red"},"modified":"2024-10-21T09:24:24","modified_gmt":"2024-10-21T06:24:24","slug":"fljaga-laken-classic-1-l-red","status":"publish","type":"product","link":"https:\/\/xstyle.md\/ro\/produs\/fljaga-laken-classic-1-l-red\/","title":{"rendered":"Plosc\u0103 Laken Classic 1 l"},"content":{"rendered":"<\/p>\n<p><strong>Laken Classic 1 l <\/strong>&#8212; sticl\u0103 de aluminiu u\u0219oar\u0103 \u0219i durabil\u0103 cu gur\u0103 larg\u0103. Baza majorit\u0103\u021bii flacoanelor Laken este un recipient din aluminiu cu o rezisten\u021b\u0103 considerabil\u0103 \u0219i, cel mai important, cu o greutate redus\u0103. Tehnologia de fabrica\u021bie \u00een sine permite ca aceasta s\u0103 fie f\u0103r\u0103 sudur\u0103.<\/p>\n<p>Stratul interior: sarcina sa principal\u0103 este de a nu interac\u021biona cu lichidul turnat \u00een balon, fie c\u0103 este vorba de ap\u0103, solu\u021bie izoton\u0103, suc, vin sau alte b\u0103uturi alcoolice. \u00cen plus, stratul interior al Laken este u\u0219or de cur\u0103\u021bat \u0219i previne dezvoltarea bacteriilor. Este maleabil \u0219i nu se ciobe\u0219te la deform\u0103ri mecanice.<\/p>\n<p>\u00cen timp ce cea mai important\u0103 cerin\u021b\u0103 pentru stratul de aluminiu este durabilitatea, cea mai important\u0103 cerin\u021b\u0103 pentru stratul interior este igiena. B\u0103uturile se p\u0103streaz\u0103 mai mult timp cu acest strat dec\u00e2t f\u0103r\u0103 el. Suprafa\u021ba exterioar\u0103 este realizat\u0103 cu ajutorul unei tehnologii speciale cu pulbere. Desenul este acoperit cu un strat de polimer protector.<\/p>\n<h3>Particularit\u0103\u021bi<\/h3>\n<ul>\n<li>Tipul de dop &#8212; cu filet exterior pe sticl\u0103. Cel mai important lucru este igiena acestui tip de dop, deoarece conexiunea filetat\u0103 este locul cel mai favorabil pentru dezvoltarea bacteriilor. Fiabilitatea acestei conexiuni este suficient\u0103 pentru a rezista la greutatea unui flacon Laken umplut.<\/li>\n<li>Acoperire intern\u0103 inert\u0103 din punct de vedere chimic, de calitate alimentar\u0103.<\/li>\n<li>O alt\u0103 caracteristic\u0103 a acoperirii interne este c\u0103 este u\u0219or de cur\u0103\u021bat \u0219i previne dezvoltarea bacteriilor, astfel \u00eenc\u00e2t b\u0103uturile r\u0103m\u00e2n mai proaspete pentru mai mult timp.<\/li>\n<li>Modelul de pe balon este protejat de polimer.<\/li>\n<\/ul>\n<h3>Caracteristici<\/h3>\n<ul>\n<li>Material &#8212; aluminiu<\/li>\n<li>Acoperire exterioar\u0103 &#8212; poliester transparent f\u0103r\u0103 BPA<\/li>\n<li>Acoperire interioar\u0103 &#8212; c\u0103ptu\u0219eal\u0103 elastic\u0103 pentru alimente, f\u0103r\u0103 BPA<\/li>\n<li>Volum &#8212; 1 litru<\/li>\n<li>Dimensiuni &#8212; 80 x 253 mm<\/li>\n<li>Greutate &#8212; 146 g.<\/li>\n<\/ul>\n<h3>Tehnologie<\/h3>\n<ul>\n<li><strong>BPA<\/strong> &#8212; este un compus chimic organic \u0219i este utilizat pentru fabricarea materialelor plastice, a policarbonatului \u0219i a r\u0103\u0219inii epoxidice. De asemenea, este ad\u0103ugat la produsele din plastic \u0219i la conservele alimentare. Principalele propriet\u0103\u021bi ale bisfenolului-A sunt propriet\u0103\u021bile de \u00eent\u0103rire \u0219i antioxidante. BPA este capabil s\u0103 p\u0103trund\u0103 \u00een corpul uman nu numai cu ajutorul alimentelor \u0219i al apei, ci \u0219i prin piele \u0219i pl\u0103m\u00e2ni. Contactul prelungit al lichidelor \u0219i al alimentelor umede cu plasticul care con\u021bine bisfenol-A contribuie la eliberarea acestei substan\u021be \u00een alimente. \u00cenc\u0103lzirea unor astfel de recipiente accelereaz\u0103 semnificativ eliberarea de bisfenol-A.<br \/>\nAceasta plosc\u0103 este etichetat bpa fre\u0435, ceea ce indic\u0103 faptul c\u0103 bisfenol-A nu a fost utilizat la fabricarea acestui recipient.<\/li>\n<\/ul>\n<p><\/p>","protected":false},"excerpt":{"rendered":"<p>Plosc\u0103 Laken Classic 1 l<\/p>","protected":false},"featured_media":5488,"comment_status":"open","ping_status":"closed","template":"","meta":{"_acf_changed":false,"inline_featured_image":false},"product_brand":[1348],"product_cat":[895],"product_tag":[],"class_list":{"0":"post-5490","1":"product","2":"type-product","3":"status-publish","4":"has-post-thumbnail","6":"product_brand-laken","7":"product_cat-flasks","9":"first","10":"instock","11":"shipping-taxable","12":"purchasable","13":"product-type-simple"},"acf":[],"yoast_head":"<!-- This site is optimized with the Yoast SEO plugin v27.4 - https:\/\/yoast.com\/product\/yoast-seo-wordpress\/ -->\n<title>\u0424\u043b\u044f\u0433\u0430 Laken Classic 1 \u043b - \u041c\u0430\u0433\u0430\u0437\u0438\u043d Xstyle<\/title>\n<meta name=\"description\" content=\"\u0424\u043b\u044f\u0433\u0430 Laken Classic 1 \u043b - \u043b\u0451\u0433\u043a\u0430\u044f \u0438 \u0434\u043e\u043b\u0433\u043e\u0432\u0435\u0447\u043d\u0430\u044f \u0430\u043b\u044e\u043c\u0438\u043d\u0438\u0435\u0432\u0430\u044f \u0444\u043b\u044f\u0433\u0430 \u0441 \u0448\u0438\u0440\u043e\u043a\u043e\u0439 \u0433\u043e\u0440\u043b\u043e\u0432\u0438\u043d\u043e\u0439. \u0411\u0435\u0437\u043e\u043f\u0430\u0441\u043d\u0430\u044f \u0434\u043b\u044f \u0437\u0434\u043e\u0440\u043e\u0432\u044c\u044f, \u0431\u0435\u0437 BPA. \u0418\u0434\u0435\u0430\u043b\u044c\u043d\u0430 \u0434\u043b\u044f \u0430\u043a\u0442\u0438\u0432\u043d\u043e\u0433\u043e \u043e\u0442\u0434\u044b\u0445\u0430!\" \/>\n<meta name=\"robots\" content=\"index, follow, max-snippet:-1, max-image-preview:large, max-video-preview:-1\" \/>\n<link rel=\"canonical\" href=\"https:\/\/xstyle.md\/ro\/produs\/fljaga-laken-classic-1-l-red\/\" \/>\n<meta property=\"og:locale\" content=\"ro_RO\" \/>\n<meta property=\"og:type\" content=\"article\" \/>\n<meta property=\"og:title\" content=\"\u0424\u043b\u044f\u0433\u0430 Laken Classic 1 \u043b - \u041c\u0430\u0433\u0430\u0437\u0438\u043d Xstyle\" \/>\n<meta property=\"og:description\" content=\"\u0424\u043b\u044f\u0433\u0430 Laken Classic 1 \u043b - \u043b\u0451\u0433\u043a\u0430\u044f \u0438 \u0434\u043e\u043b\u0433\u043e\u0432\u0435\u0447\u043d\u0430\u044f \u0430\u043b\u044e\u043c\u0438\u043d\u0438\u0435\u0432\u0430\u044f \u0444\u043b\u044f\u0433\u0430 \u0441 \u0448\u0438\u0440\u043e\u043a\u043e\u0439 \u0433\u043e\u0440\u043b\u043e\u0432\u0438\u043d\u043e\u0439. \u0411\u0435\u0437\u043e\u043f\u0430\u0441\u043d\u0430\u044f \u0434\u043b\u044f \u0437\u0434\u043e\u0440\u043e\u0432\u044c\u044f, \u0431\u0435\u0437 BPA. \u0418\u0434\u0435\u0430\u043b\u044c\u043d\u0430 \u0434\u043b\u044f \u0430\u043a\u0442\u0438\u0432\u043d\u043e\u0433\u043e \u043e\u0442\u0434\u044b\u0445\u0430!\" \/>\n<meta property=\"og:url\" content=\"https:\/\/xstyle.md\/ro\/produs\/fljaga-laken-classic-1-l-red\/\" \/>\n<meta property=\"og:site_name\" content=\"\u041c\u0430\u0433\u0430\u0437\u0438\u043d Xstyle\" \/>\n<meta property=\"article:publisher\" content=\"https:\/\/www.facebook.com\/xstylemd\" \/>\n<meta property=\"article:modified_time\" content=\"2024-10-21T06:24:24+00:00\" \/>\n<meta property=\"og:image\" content=\"https:\/\/xstyle.md\/wp-content\/uploads\/2020\/07\/33-r-2_pkawwzq-700x480-1.jpg\" \/>\n\t<meta property=\"og:image:width\" content=\"700\" \/>\n\t<meta property=\"og:image:height\" content=\"480\" \/>\n\t<meta property=\"og:image:type\" content=\"image\/jpeg\" \/>\n<meta name=\"twitter:card\" content=\"summary_large_image\" \/>\n<meta name=\"twitter:label1\" content=\"Pre\u021b\" \/>\n\t<meta name=\"twitter:data1\" content=\"190&nbsp;MDL\" \/>\n\t<meta name=\"twitter:label2\" content=\"Disponibilitate\" \/>\n\t<meta name=\"twitter:data2\" content=\"\u00cen stoc\" \/>\n<script type=\"application\/ld+json\" class=\"yoast-schema-graph\">{\"@context\":\"https:\\\/\\\/schema.org\",\"@graph\":[{\"@type\":\"WebPage\",\"@id\":\"https:\\\/\\\/xstyle.md\\\/product\\\/fljaga-laken-classic-1-l-red\\\/\",\"url\":\"https:\\\/\\\/xstyle.md\\\/product\\\/fljaga-laken-classic-1-l-red\\\/\",\"name\":\"\u0424\u043b\u044f\u0433\u0430 Laken Classic 1 \u043b - \u041c\u0430\u0433\u0430\u0437\u0438\u043d Xstyle\",\"isPartOf\":{\"@id\":\"https:\\\/\\\/xstyle.md\\\/#website\"},\"primaryImageOfPage\":{\"@id\":\"https:\\\/\\\/xstyle.md\\\/product\\\/fljaga-laken-classic-1-l-red\\\/#primaryimage\"},\"image\":{\"@id\":\"https:\\\/\\\/xstyle.md\\\/product\\\/fljaga-laken-classic-1-l-red\\\/#primaryimage\"},\"thumbnailUrl\":\"https:\\\/\\\/xstyle.md\\\/wp-content\\\/uploads\\\/2020\\\/07\\\/33-r-2_pkawwzq-700x480-1.jpg\",\"datePublished\":\"2020-07-16T17:40:12+00:00\",\"dateModified\":\"2024-10-21T06:24:24+00:00\",\"description\":\"\u0424\u043b\u044f\u0433\u0430 Laken Classic 1 \u043b - \u043b\u0451\u0433\u043a\u0430\u044f \u0438 \u0434\u043e\u043b\u0433\u043e\u0432\u0435\u0447\u043d\u0430\u044f \u0430\u043b\u044e\u043c\u0438\u043d\u0438\u0435\u0432\u0430\u044f \u0444\u043b\u044f\u0433\u0430 \u0441 \u0448\u0438\u0440\u043e\u043a\u043e\u0439 \u0433\u043e\u0440\u043b\u043e\u0432\u0438\u043d\u043e\u0439. \u0411\u0435\u0437\u043e\u043f\u0430\u0441\u043d\u0430\u044f \u0434\u043b\u044f \u0437\u0434\u043e\u0440\u043e\u0432\u044c\u044f, \u0431\u0435\u0437 BPA. \u0418\u0434\u0435\u0430\u043b\u044c\u043d\u0430 \u0434\u043b\u044f \u0430\u043a\u0442\u0438\u0432\u043d\u043e\u0433\u043e \u043e\u0442\u0434\u044b\u0445\u0430!\",\"breadcrumb\":{\"@id\":\"https:\\\/\\\/xstyle.md\\\/product\\\/fljaga-laken-classic-1-l-red\\\/#breadcrumb\"},\"inLanguage\":\"ro-RO\",\"potentialAction\":[{\"@type\":\"ReadAction\",\"target\":[\"https:\\\/\\\/xstyle.md\\\/product\\\/fljaga-laken-classic-1-l-red\\\/\"]}]},{\"@type\":\"ImageObject\",\"inLanguage\":\"ro-RO\",\"@id\":\"https:\\\/\\\/xstyle.md\\\/product\\\/fljaga-laken-classic-1-l-red\\\/#primaryimage\",\"url\":\"https:\\\/\\\/xstyle.md\\\/wp-content\\\/uploads\\\/2020\\\/07\\\/33-r-2_pkawwzq-700x480-1.jpg\",\"contentUrl\":\"https:\\\/\\\/xstyle.md\\\/wp-content\\\/uploads\\\/2020\\\/07\\\/33-r-2_pkawwzq-700x480-1.jpg\",\"width\":700,\"height\":480},{\"@type\":\"BreadcrumbList\",\"@id\":\"https:\\\/\\\/xstyle.md\\\/product\\\/fljaga-laken-classic-1-l-red\\\/#breadcrumb\",\"itemListElement\":[{\"@type\":\"ListItem\",\"position\":1,\"name\":\"\u0413\u043b\u0430\u0432\u043d\u0430\u044f \u0441\u0442\u0440\u0430\u043d\u0438\u0446\u0430\",\"item\":\"https:\\\/\\\/xstyle.md\\\/\"},{\"@type\":\"ListItem\",\"position\":2,\"name\":\"\u041c\u0430\u0433\u0430\u0437\u0438\u043d\",\"item\":\"https:\\\/\\\/xstyle.md\\\/shop\\\/\"},{\"@type\":\"ListItem\",\"position\":3,\"name\":\"\u0424\u043b\u044f\u0433\u0430 Laken Classic 1 \u043b\"}]},{\"@type\":\"WebSite\",\"@id\":\"https:\\\/\\\/xstyle.md\\\/#website\",\"url\":\"https:\\\/\\\/xstyle.md\\\/\",\"name\":\"\u041c\u0430\u0433\u0430\u0437\u0438\u043d Xstyle\",\"description\":\"C\u043d\u0430\u0440\u044f\u0436\u0435\u043d\u0438\u0435 \u0434\u043b\u044f \u0442\u0443\u0440\u0438\u0437\u043c\u0430 \u0438 \u044d\u043a\u0441\u0442\u0440\u0435\u043c\u0430\u043b\u044c\u043d\u044b\u0445 \u0432\u0438\u0434\u043e\u0432 \u0441\u043f\u043e\u0440\u0442\u0430 \u0432 \u041c\u043e\u043b\u0434\u043e\u0432\u0435.. \u0426\u0435\u043d\u044b, \u0444\u043e\u0442\u043e, \u0445\u0430\u0440\u0430\u043a\u0442\u0435\u0440\u0438\u0441\u0442\u0438\u043a\u0438 \u0432 \u041c\u043e\u043b\u0434\u043e\u0432\u0435.\",\"publisher\":{\"@id\":\"https:\\\/\\\/xstyle.md\\\/#organization\"},\"alternateName\":\"X-Style\",\"potentialAction\":[{\"@type\":\"SearchAction\",\"target\":{\"@type\":\"EntryPoint\",\"urlTemplate\":\"https:\\\/\\\/xstyle.md\\\/?s={search_term_string}\"},\"query-input\":{\"@type\":\"PropertyValueSpecification\",\"valueRequired\":true,\"valueName\":\"search_term_string\"}}],\"inLanguage\":\"ro-RO\"},{\"@type\":\"Organization\",\"@id\":\"https:\\\/\\\/xstyle.md\\\/#organization\",\"name\":\"\u041c\u0430\u0433\u0430\u0437\u0438\u043d Xstyle\",\"alternateName\":\"x-style\",\"url\":\"https:\\\/\\\/xstyle.md\\\/\",\"logo\":{\"@type\":\"ImageObject\",\"inLanguage\":\"ro-RO\",\"@id\":\"https:\\\/\\\/xstyle.md\\\/#\\\/schema\\\/logo\\\/image\\\/\",\"url\":\"https:\\\/\\\/xstyle.md\\\/wp-content\\\/uploads\\\/2020\\\/06\\\/logoicon.svg\",\"contentUrl\":\"https:\\\/\\\/xstyle.md\\\/wp-content\\\/uploads\\\/2020\\\/06\\\/logoicon.svg\",\"caption\":\"\u041c\u0430\u0433\u0430\u0437\u0438\u043d Xstyle\"},\"image\":{\"@id\":\"https:\\\/\\\/xstyle.md\\\/#\\\/schema\\\/logo\\\/image\\\/\"},\"sameAs\":[\"https:\\\/\\\/www.facebook.com\\\/xstylemd\",\"https:\\\/\\\/www.instagram.com\\\/xstyle_md\\\/\",\"https:\\\/\\\/t.me\\\/xstyle_outdoor\"],\"hasMerchantReturnPolicy\":{\"@type\":\"MerchantReturnPolicy\",\"merchantReturnLink\":\"https:\\\/\\\/xstyle.md\\\/ro\\\/conditions\\\/\"}}]}<\/script>\n<meta property=\"product:price:amount\" content=\"190.00\" \/>\n<meta property=\"product:price:currency\" content=\"MDL\" \/>\n<meta property=\"og:availability\" content=\"instock\" \/>\n<meta property=\"product:availability\" content=\"instock\" \/>\n<meta property=\"product:retailer_item_id\" content=\"8412544007186\" \/>\n<meta property=\"product:condition\" content=\"new\" \/>\n<!-- \/ Yoast SEO plugin. -->","yoast_head_json":{"title":"Plosc\u0103 Laken Classic 1 l - Magazin Xstyle","description":"Flacon Laken Classic 1 l - flacon din aluminiu u\u0219or \u0219i durabil, cu gura larg\u0103. Sigur pentru s\u0103n\u0103tate, f\u0103r\u0103 BPA. Ideal pentru activit\u0103\u021bi \u00een aer liber!","robots":{"index":"index","follow":"follow","max-snippet":"max-snippet:-1","max-image-preview":"max-image-preview:large","max-video-preview":"max-video-preview:-1"},"canonical":"https:\/\/xstyle.md\/ro\/produs\/fljaga-laken-classic-1-l-red\/","og_locale":"ro_RO","og_type":"article","og_title":"\u0424\u043b\u044f\u0433\u0430 Laken Classic 1 \u043b - \u041c\u0430\u0433\u0430\u0437\u0438\u043d Xstyle","og_description":"\u0424\u043b\u044f\u0433\u0430 Laken Classic 1 \u043b - \u043b\u0451\u0433\u043a\u0430\u044f \u0438 \u0434\u043e\u043b\u0433\u043e\u0432\u0435\u0447\u043d\u0430\u044f \u0430\u043b\u044e\u043c\u0438\u043d\u0438\u0435\u0432\u0430\u044f \u0444\u043b\u044f\u0433\u0430 \u0441 \u0448\u0438\u0440\u043e\u043a\u043e\u0439 \u0433\u043e\u0440\u043b\u043e\u0432\u0438\u043d\u043e\u0439. \u0411\u0435\u0437\u043e\u043f\u0430\u0441\u043d\u0430\u044f \u0434\u043b\u044f \u0437\u0434\u043e\u0440\u043e\u0432\u044c\u044f, \u0431\u0435\u0437 BPA. \u0418\u0434\u0435\u0430\u043b\u044c\u043d\u0430 \u0434\u043b\u044f \u0430\u043a\u0442\u0438\u0432\u043d\u043e\u0433\u043e \u043e\u0442\u0434\u044b\u0445\u0430!","og_url":"https:\/\/xstyle.md\/ro\/produs\/fljaga-laken-classic-1-l-red\/","og_site_name":"\u041c\u0430\u0433\u0430\u0437\u0438\u043d Xstyle","article_publisher":"https:\/\/www.facebook.com\/xstylemd","article_modified_time":"2024-10-21T06:24:24+00:00","og_image":[{"width":700,"height":480,"url":"https:\/\/xstyle.md\/wp-content\/uploads\/2020\/07\/33-r-2_pkawwzq-700x480-1.jpg","type":"image\/jpeg"}],"twitter_card":"summary_large_image","twitter_misc":{"Pre\u021b":"190&nbsp;MDL","Disponibilitate":"\u00cen stoc"},"schema":{"@context":"https:\/\/schema.org","@graph":[{"@type":"WebPage","@id":"https:\/\/xstyle.md\/product\/fljaga-laken-classic-1-l-red\/","url":"https:\/\/xstyle.md\/product\/fljaga-laken-classic-1-l-red\/","name":"Plosc\u0103 Laken Classic 1 l - Magazin Xstyle","isPartOf":{"@id":"https:\/\/xstyle.md\/#website"},"primaryImageOfPage":{"@id":"https:\/\/xstyle.md\/product\/fljaga-laken-classic-1-l-red\/#primaryimage"},"image":{"@id":"https:\/\/xstyle.md\/product\/fljaga-laken-classic-1-l-red\/#primaryimage"},"thumbnailUrl":"https:\/\/xstyle.md\/wp-content\/uploads\/2020\/07\/33-r-2_pkawwzq-700x480-1.jpg","datePublished":"2020-07-16T17:40:12+00:00","dateModified":"2024-10-21T06:24:24+00:00","description":"Flacon Laken Classic 1 l - flacon din aluminiu u\u0219or \u0219i durabil, cu gura larg\u0103. Sigur pentru s\u0103n\u0103tate, f\u0103r\u0103 BPA. Ideal pentru activit\u0103\u021bi \u00een aer liber!","breadcrumb":{"@id":"https:\/\/xstyle.md\/product\/fljaga-laken-classic-1-l-red\/#breadcrumb"},"inLanguage":"ro-RO","potentialAction":[{"@type":"ReadAction","target":["https:\/\/xstyle.md\/product\/fljaga-laken-classic-1-l-red\/"]}]},{"@type":"ImageObject","inLanguage":"ro-RO","@id":"https:\/\/xstyle.md\/product\/fljaga-laken-classic-1-l-red\/#primaryimage","url":"https:\/\/xstyle.md\/wp-content\/uploads\/2020\/07\/33-r-2_pkawwzq-700x480-1.jpg","contentUrl":"https:\/\/xstyle.md\/wp-content\/uploads\/2020\/07\/33-r-2_pkawwzq-700x480-1.jpg","width":700,"height":480},{"@type":"BreadcrumbList","@id":"https:\/\/xstyle.md\/product\/fljaga-laken-classic-1-l-red\/#breadcrumb","itemListElement":[{"@type":"ListItem","position":1,"name":"\u0413\u043b\u0430\u0432\u043d\u0430\u044f \u0441\u0442\u0440\u0430\u043d\u0438\u0446\u0430","item":"https:\/\/xstyle.md\/"},{"@type":"ListItem","position":2,"name":"\u041c\u0430\u0433\u0430\u0437\u0438\u043d","item":"https:\/\/xstyle.md\/shop\/"},{"@type":"ListItem","position":3,"name":"\u0424\u043b\u044f\u0433\u0430 Laken Classic 1 \u043b"}]},{"@type":"WebSite","@id":"https:\/\/xstyle.md\/#website","url":"https:\/\/xstyle.md\/","name":"Magazinul X-Style","description":"Echipamente pentru turism \u0219i sporturi extreme \u00een Moldova. Pre\u021buri, fotografii, caracteristici \u00een Moldova.","publisher":{"@id":"https:\/\/xstyle.md\/#organization"},"alternateName":"X-Style","potentialAction":[{"@type":"SearchAction","target":{"@type":"EntryPoint","urlTemplate":"https:\/\/xstyle.md\/?s={search_term_string}"},"query-input":{"@type":"PropertyValueSpecification","valueRequired":true,"valueName":"search_term_string"}}],"inLanguage":"ro-RO"},{"@type":"Organization","@id":"https:\/\/xstyle.md\/#organization","name":"Magazinul X-Style","alternateName":"x-style","url":"https:\/\/xstyle.md\/","logo":{"@type":"ImageObject","inLanguage":"ro-RO","@id":"https:\/\/xstyle.md\/#\/schema\/logo\/image\/","url":"https:\/\/xstyle.md\/wp-content\/uploads\/2020\/06\/logoicon.svg","contentUrl":"https:\/\/xstyle.md\/wp-content\/uploads\/2020\/06\/logoicon.svg","caption":"\u041c\u0430\u0433\u0430\u0437\u0438\u043d Xstyle"},"image":{"@id":"https:\/\/xstyle.md\/#\/schema\/logo\/image\/"},"sameAs":["https:\/\/www.facebook.com\/xstylemd","https:\/\/www.instagram.com\/xstyle_md\/","https:\/\/t.me\/xstyle_outdoor"],"hasMerchantReturnPolicy":{"@type":"MerchantReturnPolicy","merchantReturnLink":"https:\/\/xstyle.md\/ro\/conditions\/"}}]},"product_price_amount":"190.00","product_price_currency":"MDL","og_availability":"instock","product_availability":"instock","product_retailer_item_id":"8412544007186","product_condition":"new"},"_links":{"self":[{"href":"https:\/\/xstyle.md\/ro\/wp-json\/wp\/v2\/product\/5490","targetHints":{"allow":["GET"]}}],"collection":[{"href":"https:\/\/xstyle.md\/ro\/wp-json\/wp\/v2\/product"}],"about":[{"href":"https:\/\/xstyle.md\/ro\/wp-json\/wp\/v2\/types\/product"}],"replies":[{"embeddable":true,"href":"https:\/\/xstyle.md\/ro\/wp-json\/wp\/v2\/comments?post=5490"}],"wp:featuredmedia":[{"embeddable":true,"href":"https:\/\/xstyle.md\/ro\/wp-json\/wp\/v2\/media\/5488"}],"wp:attachment":[{"href":"https:\/\/xstyle.md\/ro\/wp-json\/wp\/v2\/media?parent=5490"}],"wp:term":[{"taxonomy":"product_brand","embeddable":true,"href":"https:\/\/xstyle.md\/ro\/wp-json\/wp\/v2\/product_brand?post=5490"},{"taxonomy":"product_cat","embeddable":true,"href":"https:\/\/xstyle.md\/ro\/wp-json\/wp\/v2\/product_cat?post=5490"},{"taxonomy":"product_tag","embeddable":true,"href":"https:\/\/xstyle.md\/ro\/wp-json\/wp\/v2\/product_tag?post=5490"}],"curies":[{"name":"wp","href":"https:\/\/api.w.org\/{rel}","templated":true}]}}