{"id":54243,"date":"2022-09-02T18:37:11","date_gmt":"2022-09-02T15:37:11","guid":{"rendered":"https:\/\/xstyle.md\/?post_type=product&#038;p=54243"},"modified":"2026-03-19T16:49:44","modified_gmt":"2026-03-19T13:49:44","slug":"velobaul-travel-extreme-velobaul-mono-75","status":"publish","type":"product","link":"https:\/\/xstyle.md\/ro\/produs\/velobaul-travel-extreme-velobaul-mono-75\/","title":{"rendered":"Accesoriu Travel Extreme Velobaul Mono 75"},"content":{"rendered":"<\/p>\n<p><strong>Accesoriu Travel Extreme Velobaul Mono 75<\/strong> &#8212; rucsac-pantaloni confortabil de 75 de litri, cu \u00eenc\u0103rcare prin partea superioar\u0103, pentru a fi ata\u0219at la suportul din spate al unei biciclete.<\/p>\n<h3>Particularit\u0103\u021bi<\/h3>\n<ul>\n<li>Suspensie confortabil\u0103 \u0219i sigur\u0103 pentru ata\u0219area la suportul pentru biciclete<\/li>\n<li>Dungi reflectorizante<\/li>\n<li>Dou\u0103 compartimente laterale<\/li>\n<li>Partea inferioar\u0103 \u0219i p\u0103r\u021bile orientate spre rastel \u0219i ro\u021bi sunt \u00eent\u0103rite cu \u021bes\u0103tur\u0103 impermeabil\u0103.<\/li>\n<li>Curele de transport pe spate<\/li>\n<li>Compartiment superior cu fermoar<\/li>\n<li>Leg\u0103turi din cauciuc pe capac<\/li>\n<li>Buzunar pentru patinoar<\/li>\n<li>Ata\u0219ament frontal pentru catafon sau lantern\u0103.<\/li>\n<\/ul>\n<h3>Caracteristici<\/h3>\n<ul>\n<li>Greutate &#8212; 1200 g<\/li>\n<li>Volum &#8212; 75 litri<\/li>\n<li>Material &#8212; Cordura\u00ae<\/li>\n<li>Potrivit pentru bagajele de m\u00e2n\u0103<\/li>\n<li>Hus\u0103 de ploaie &#8212; nu<\/li>\n<li>Ventila\u021bie &#8212; nu<\/li>\n<li>Scop &#8212; ciclism<\/li>\n<li>Model &#8212; unisex.<\/li>\n<\/ul>\n<h3>Tehnologie<\/h3>\n<ul>\n<li><strong>Cordura<\/strong>\u00ae &#8212; \u021bes\u0103tur\u0103 groas\u0103 din nailon cu o structur\u0103 special\u0103 a firelor, impregnare hidrofug\u0103 \u0219i acoperire cu poliuretan. Cordura a fost ini\u021bial conceput\u0103 pentru armat\u0103. \u021aes\u0103tura este prelucrat\u0103 \u00een mai multe etape, iar \u00eenveli\u0219ul este de foarte bun\u0103 calitate \u0219i rezist\u0103 mult timp.<\/li>\n<\/ul>\n<p><\/p>","protected":false},"excerpt":{"rendered":"","protected":false},"featured_media":56723,"comment_status":"open","ping_status":"closed","template":"","meta":{"_acf_changed":false,"inline_featured_image":false},"product_brand":[1343],"product_cat":[845],"product_tag":[],"class_list":{"0":"post-54243","1":"product","2":"type-product","3":"status-publish","4":"has-post-thumbnail","6":"product_brand-travel-extreme","7":"product_cat-backpacks-velo","9":"first","10":"instock","11":"shipping-taxable","12":"purchasable","13":"product-type-simple"},"acf":[],"yoast_head":"<!-- This site is optimized with the Yoast SEO plugin v27.4 - https:\/\/yoast.com\/product\/yoast-seo-wordpress\/ -->\n<title>\u0412\u0435\u043b\u043e\u0431\u0430\u0443\u043b Travel Extreme Velobaul Mono 75 - \u041c\u0430\u0433\u0430\u0437\u0438\u043d Xstyle<\/title>\n<meta name=\"description\" content=\"\u041a\u0443\u043f\u0438\u0442\u0435 \u0412\u0435\u043b\u043e\u0431\u0430\u0443\u043b Travel Extreme Velobaul Mono 75 \u2013 \u0443\u0434\u043e\u0431\u043d\u044b\u0439 \u0440\u044e\u043a\u0437\u0430\u043a \u043d\u0430 75 \u043b\u0438\u0442\u0440\u043e\u0432 \u0441 \u0432\u0435\u0440\u0445\u043d\u0435\u0439 \u0437\u0430\u0433\u0440\u0443\u0437\u043a\u043e\u0439. \u0418\u0434\u0435\u0430\u043b\u0435\u043d \u0434\u043b\u044f \u0432\u0435\u043b\u043e\u0441\u0438\u043f\u0435\u0434\u0438\u0441\u0442\u043e\u0432, \u0441 \u043e\u0442\u0440\u0430\u0436\u0430\u044e\u0449\u0438\u043c\u0438 \u043f\u043e\u043b\u043e\u0441\u0430\u043c\u0438!\" \/>\n<meta name=\"robots\" content=\"index, follow, max-snippet:-1, max-image-preview:large, max-video-preview:-1\" \/>\n<link rel=\"canonical\" href=\"https:\/\/xstyle.md\/ro\/produs\/velobaul-travel-extreme-velobaul-mono-75\/\" \/>\n<meta property=\"og:locale\" content=\"ro_RO\" \/>\n<meta property=\"og:type\" content=\"article\" \/>\n<meta property=\"og:title\" content=\"\u0412\u0435\u043b\u043e\u0431\u0430\u0443\u043b Travel Extreme Velobaul Mono 75 - \u041c\u0430\u0433\u0430\u0437\u0438\u043d Xstyle\" \/>\n<meta property=\"og:description\" content=\"\u041a\u0443\u043f\u0438\u0442\u0435 \u0412\u0435\u043b\u043e\u0431\u0430\u0443\u043b Travel Extreme Velobaul Mono 75 \u2013 \u0443\u0434\u043e\u0431\u043d\u044b\u0439 \u0440\u044e\u043a\u0437\u0430\u043a \u043d\u0430 75 \u043b\u0438\u0442\u0440\u043e\u0432 \u0441 \u0432\u0435\u0440\u0445\u043d\u0435\u0439 \u0437\u0430\u0433\u0440\u0443\u0437\u043a\u043e\u0439. \u0418\u0434\u0435\u0430\u043b\u0435\u043d \u0434\u043b\u044f \u0432\u0435\u043b\u043e\u0441\u0438\u043f\u0435\u0434\u0438\u0441\u0442\u043e\u0432, \u0441 \u043e\u0442\u0440\u0430\u0436\u0430\u044e\u0449\u0438\u043c\u0438 \u043f\u043e\u043b\u043e\u0441\u0430\u043c\u0438!\" \/>\n<meta property=\"og:url\" content=\"https:\/\/xstyle.md\/ro\/produs\/velobaul-travel-extreme-velobaul-mono-75\/\" \/>\n<meta property=\"og:site_name\" content=\"\u041c\u0430\u0433\u0430\u0437\u0438\u043d Xstyle\" \/>\n<meta property=\"article:publisher\" content=\"https:\/\/www.facebook.com\/xstylemd\" \/>\n<meta property=\"article:modified_time\" content=\"2026-03-19T13:49:44+00:00\" \/>\n<meta property=\"og:image\" content=\"https:\/\/xstyle.md\/wp-content\/uploads\/2022\/09\/travel-extreme-velobaul-mono-75-blue-3.jpg\" \/>\n\t<meta property=\"og:image:width\" content=\"768\" \/>\n\t<meta property=\"og:image:height\" content=\"729\" \/>\n\t<meta property=\"og:image:type\" content=\"image\/jpeg\" \/>\n<meta name=\"twitter:card\" content=\"summary_large_image\" \/>\n<meta name=\"twitter:label1\" content=\"Pre\u021b\" \/>\n\t<meta name=\"twitter:data1\" content=\"1.690&nbsp;MDL\" \/>\n\t<meta name=\"twitter:label2\" content=\"Disponibilitate\" \/>\n\t<meta name=\"twitter:data2\" content=\"\u00cen stoc\" \/>\n<script type=\"application\/ld+json\" class=\"yoast-schema-graph\">{\"@context\":\"https:\\\/\\\/schema.org\",\"@graph\":[{\"@type\":\"WebPage\",\"@id\":\"https:\\\/\\\/xstyle.md\\\/product\\\/velobaul-travel-extreme-velobaul-mono-75\\\/\",\"url\":\"https:\\\/\\\/xstyle.md\\\/product\\\/velobaul-travel-extreme-velobaul-mono-75\\\/\",\"name\":\"\u0412\u0435\u043b\u043e\u0431\u0430\u0443\u043b Travel Extreme Velobaul Mono 75 - \u041c\u0430\u0433\u0430\u0437\u0438\u043d Xstyle\",\"isPartOf\":{\"@id\":\"https:\\\/\\\/xstyle.md\\\/#website\"},\"primaryImageOfPage\":{\"@id\":\"https:\\\/\\\/xstyle.md\\\/product\\\/velobaul-travel-extreme-velobaul-mono-75\\\/#primaryimage\"},\"image\":{\"@id\":\"https:\\\/\\\/xstyle.md\\\/product\\\/velobaul-travel-extreme-velobaul-mono-75\\\/#primaryimage\"},\"thumbnailUrl\":\"https:\\\/\\\/xstyle.md\\\/wp-content\\\/uploads\\\/2022\\\/09\\\/travel-extreme-velobaul-mono-75-blue-3.jpg\",\"datePublished\":\"2022-09-02T15:37:11+00:00\",\"dateModified\":\"2026-03-19T13:49:44+00:00\",\"description\":\"\u041a\u0443\u043f\u0438\u0442\u0435 \u0412\u0435\u043b\u043e\u0431\u0430\u0443\u043b Travel Extreme Velobaul Mono 75 \u2013 \u0443\u0434\u043e\u0431\u043d\u044b\u0439 \u0440\u044e\u043a\u0437\u0430\u043a \u043d\u0430 75 \u043b\u0438\u0442\u0440\u043e\u0432 \u0441 \u0432\u0435\u0440\u0445\u043d\u0435\u0439 \u0437\u0430\u0433\u0440\u0443\u0437\u043a\u043e\u0439. \u0418\u0434\u0435\u0430\u043b\u0435\u043d \u0434\u043b\u044f \u0432\u0435\u043b\u043e\u0441\u0438\u043f\u0435\u0434\u0438\u0441\u0442\u043e\u0432, \u0441 \u043e\u0442\u0440\u0430\u0436\u0430\u044e\u0449\u0438\u043c\u0438 \u043f\u043e\u043b\u043e\u0441\u0430\u043c\u0438!\",\"breadcrumb\":{\"@id\":\"https:\\\/\\\/xstyle.md\\\/product\\\/velobaul-travel-extreme-velobaul-mono-75\\\/#breadcrumb\"},\"inLanguage\":\"ro-RO\",\"potentialAction\":[{\"@type\":\"ReadAction\",\"target\":[\"https:\\\/\\\/xstyle.md\\\/product\\\/velobaul-travel-extreme-velobaul-mono-75\\\/\"]}]},{\"@type\":\"ImageObject\",\"inLanguage\":\"ro-RO\",\"@id\":\"https:\\\/\\\/xstyle.md\\\/product\\\/velobaul-travel-extreme-velobaul-mono-75\\\/#primaryimage\",\"url\":\"https:\\\/\\\/xstyle.md\\\/wp-content\\\/uploads\\\/2022\\\/09\\\/travel-extreme-velobaul-mono-75-blue-3.jpg\",\"contentUrl\":\"https:\\\/\\\/xstyle.md\\\/wp-content\\\/uploads\\\/2022\\\/09\\\/travel-extreme-velobaul-mono-75-blue-3.jpg\",\"width\":768,\"height\":729,\"caption\":\"\u0410\u043a\u0442\u0438\u0432\u043d\u0430\u044f \u0436\u0438\u0437\u043d\u044c \u043f\u0435\u0440\u0447\u0430\u0442\u043a\u0438 \u0434\u043b\u044f \u043f\u0443\u0442\u0435\u0448\u0435\u0441\u0442\u0432\u0438\u0439 \u0438 \u0442\u0443\u0440\u0438\u0437\u043c\u0430, \u0433\u043e\u0440\u043d\u044b\u0445 \u043f\u043e\u0445\u043e\u0434\u043e\u0432, \u0430\u043b\u044c\u043f\u0438\u043d\u0438\u0437\u043c\u0430 \u0438 \u0442\u0440\u0435\u043a\u0438\u043d\u0433\u0430, \u0432\u0435\u043b\u043e\u0431\u0430\u0443\u043b Travel Extreme Velobaul Mono 75 \u0434\u043b\u044f \u043d\u043e\u0441\u043a\u0438 \u0438 \u0445\u0440\u0430\u043d\u0435\u043d\u0438\u044f \u044d\u043a\u0438\u043f\u0438\u0440\u043e\u0432\u043a\u0438\"},{\"@type\":\"BreadcrumbList\",\"@id\":\"https:\\\/\\\/xstyle.md\\\/product\\\/velobaul-travel-extreme-velobaul-mono-75\\\/#breadcrumb\",\"itemListElement\":[{\"@type\":\"ListItem\",\"position\":1,\"name\":\"\u0413\u043b\u0430\u0432\u043d\u0430\u044f \u0441\u0442\u0440\u0430\u043d\u0438\u0446\u0430\",\"item\":\"https:\\\/\\\/xstyle.md\\\/\"},{\"@type\":\"ListItem\",\"position\":2,\"name\":\"\u041c\u0430\u0433\u0430\u0437\u0438\u043d\",\"item\":\"https:\\\/\\\/xstyle.md\\\/shop\\\/\"},{\"@type\":\"ListItem\",\"position\":3,\"name\":\"\u0412\u0435\u043b\u043e\u0431\u0430\u0443\u043b Travel Extreme Velobaul Mono 75\"}]},{\"@type\":\"WebSite\",\"@id\":\"https:\\\/\\\/xstyle.md\\\/#website\",\"url\":\"https:\\\/\\\/xstyle.md\\\/\",\"name\":\"\u041c\u0430\u0433\u0430\u0437\u0438\u043d Xstyle\",\"description\":\"C\u043d\u0430\u0440\u044f\u0436\u0435\u043d\u0438\u0435 \u0434\u043b\u044f \u0442\u0443\u0440\u0438\u0437\u043c\u0430 \u0438 \u044d\u043a\u0441\u0442\u0440\u0435\u043c\u0430\u043b\u044c\u043d\u044b\u0445 \u0432\u0438\u0434\u043e\u0432 \u0441\u043f\u043e\u0440\u0442\u0430 \u0432 \u041c\u043e\u043b\u0434\u043e\u0432\u0435.. \u0426\u0435\u043d\u044b, \u0444\u043e\u0442\u043e, \u0445\u0430\u0440\u0430\u043a\u0442\u0435\u0440\u0438\u0441\u0442\u0438\u043a\u0438 \u0432 \u041c\u043e\u043b\u0434\u043e\u0432\u0435.\",\"publisher\":{\"@id\":\"https:\\\/\\\/xstyle.md\\\/#organization\"},\"alternateName\":\"X-Style\",\"potentialAction\":[{\"@type\":\"SearchAction\",\"target\":{\"@type\":\"EntryPoint\",\"urlTemplate\":\"https:\\\/\\\/xstyle.md\\\/?s={search_term_string}\"},\"query-input\":{\"@type\":\"PropertyValueSpecification\",\"valueRequired\":true,\"valueName\":\"search_term_string\"}}],\"inLanguage\":\"ro-RO\"},{\"@type\":\"Organization\",\"@id\":\"https:\\\/\\\/xstyle.md\\\/#organization\",\"name\":\"\u041c\u0430\u0433\u0430\u0437\u0438\u043d Xstyle\",\"alternateName\":\"x-style\",\"url\":\"https:\\\/\\\/xstyle.md\\\/\",\"logo\":{\"@type\":\"ImageObject\",\"inLanguage\":\"ro-RO\",\"@id\":\"https:\\\/\\\/xstyle.md\\\/#\\\/schema\\\/logo\\\/image\\\/\",\"url\":\"https:\\\/\\\/xstyle.md\\\/wp-content\\\/uploads\\\/2020\\\/06\\\/logoicon.svg\",\"contentUrl\":\"https:\\\/\\\/xstyle.md\\\/wp-content\\\/uploads\\\/2020\\\/06\\\/logoicon.svg\",\"caption\":\"\u041c\u0430\u0433\u0430\u0437\u0438\u043d Xstyle\"},\"image\":{\"@id\":\"https:\\\/\\\/xstyle.md\\\/#\\\/schema\\\/logo\\\/image\\\/\"},\"sameAs\":[\"https:\\\/\\\/www.facebook.com\\\/xstylemd\",\"https:\\\/\\\/www.instagram.com\\\/xstyle_md\\\/\",\"https:\\\/\\\/t.me\\\/xstyle_outdoor\"],\"hasMerchantReturnPolicy\":{\"@type\":\"MerchantReturnPolicy\",\"merchantReturnLink\":\"https:\\\/\\\/xstyle.md\\\/ro\\\/conditions\\\/\"}}]}<\/script>\n<meta property=\"product:price:amount\" content=\"1690.00\" \/>\n<meta property=\"product:price:currency\" content=\"MDL\" \/>\n<meta property=\"og:availability\" content=\"instock\" \/>\n<meta property=\"product:availability\" content=\"instock\" \/>\n<meta property=\"product:retailer_item_id\" content=\"4825934101007\" \/>\n<meta property=\"product:condition\" content=\"new\" \/>\n<!-- \/ Yoast SEO plugin. -->","yoast_head_json":{"title":"Accesoriu Travel Extreme Velobaul Mono 75 - Magazin Xstyle","description":"Cump\u0103ra\u021bi Velobaul Travel Extreme Velobaul Mono 75 \u2013 un rucsac convenabil de 75 de litri cu \u00eenc\u0103rcare pe partea superioar\u0103. Ideal pentru cicli\u0219ti, cu benzi reflectorizante!","robots":{"index":"index","follow":"follow","max-snippet":"max-snippet:-1","max-image-preview":"max-image-preview:large","max-video-preview":"max-video-preview:-1"},"canonical":"https:\/\/xstyle.md\/ro\/produs\/velobaul-travel-extreme-velobaul-mono-75\/","og_locale":"ro_RO","og_type":"article","og_title":"\u0412\u0435\u043b\u043e\u0431\u0430\u0443\u043b Travel Extreme Velobaul Mono 75 - \u041c\u0430\u0433\u0430\u0437\u0438\u043d Xstyle","og_description":"\u041a\u0443\u043f\u0438\u0442\u0435 \u0412\u0435\u043b\u043e\u0431\u0430\u0443\u043b Travel Extreme Velobaul Mono 75 \u2013 \u0443\u0434\u043e\u0431\u043d\u044b\u0439 \u0440\u044e\u043a\u0437\u0430\u043a \u043d\u0430 75 \u043b\u0438\u0442\u0440\u043e\u0432 \u0441 \u0432\u0435\u0440\u0445\u043d\u0435\u0439 \u0437\u0430\u0433\u0440\u0443\u0437\u043a\u043e\u0439. \u0418\u0434\u0435\u0430\u043b\u0435\u043d \u0434\u043b\u044f \u0432\u0435\u043b\u043e\u0441\u0438\u043f\u0435\u0434\u0438\u0441\u0442\u043e\u0432, \u0441 \u043e\u0442\u0440\u0430\u0436\u0430\u044e\u0449\u0438\u043c\u0438 \u043f\u043e\u043b\u043e\u0441\u0430\u043c\u0438!","og_url":"https:\/\/xstyle.md\/ro\/produs\/velobaul-travel-extreme-velobaul-mono-75\/","og_site_name":"\u041c\u0430\u0433\u0430\u0437\u0438\u043d Xstyle","article_publisher":"https:\/\/www.facebook.com\/xstylemd","article_modified_time":"2026-03-19T13:49:44+00:00","og_image":[{"width":768,"height":729,"url":"https:\/\/xstyle.md\/wp-content\/uploads\/2022\/09\/travel-extreme-velobaul-mono-75-blue-3.jpg","type":"image\/jpeg"}],"twitter_card":"summary_large_image","twitter_misc":{"Pre\u021b":"1.690&nbsp;MDL","Disponibilitate":"\u00cen stoc"},"schema":{"@context":"https:\/\/schema.org","@graph":[{"@type":"WebPage","@id":"https:\/\/xstyle.md\/product\/velobaul-travel-extreme-velobaul-mono-75\/","url":"https:\/\/xstyle.md\/product\/velobaul-travel-extreme-velobaul-mono-75\/","name":"Accesoriu Travel Extreme Velobaul Mono 75 - Magazin Xstyle","isPartOf":{"@id":"https:\/\/xstyle.md\/#website"},"primaryImageOfPage":{"@id":"https:\/\/xstyle.md\/product\/velobaul-travel-extreme-velobaul-mono-75\/#primaryimage"},"image":{"@id":"https:\/\/xstyle.md\/product\/velobaul-travel-extreme-velobaul-mono-75\/#primaryimage"},"thumbnailUrl":"https:\/\/xstyle.md\/wp-content\/uploads\/2022\/09\/travel-extreme-velobaul-mono-75-blue-3.jpg","datePublished":"2022-09-02T15:37:11+00:00","dateModified":"2026-03-19T13:49:44+00:00","description":"Cump\u0103ra\u021bi Velobaul Travel Extreme Velobaul Mono 75 \u2013 un rucsac convenabil de 75 de litri cu \u00eenc\u0103rcare pe partea superioar\u0103. Ideal pentru cicli\u0219ti, cu benzi reflectorizante!","breadcrumb":{"@id":"https:\/\/xstyle.md\/product\/velobaul-travel-extreme-velobaul-mono-75\/#breadcrumb"},"inLanguage":"ro-RO","potentialAction":[{"@type":"ReadAction","target":["https:\/\/xstyle.md\/product\/velobaul-travel-extreme-velobaul-mono-75\/"]}]},{"@type":"ImageObject","inLanguage":"ro-RO","@id":"https:\/\/xstyle.md\/product\/velobaul-travel-extreme-velobaul-mono-75\/#primaryimage","url":"https:\/\/xstyle.md\/wp-content\/uploads\/2022\/09\/travel-extreme-velobaul-mono-75-blue-3.jpg","contentUrl":"https:\/\/xstyle.md\/wp-content\/uploads\/2022\/09\/travel-extreme-velobaul-mono-75-blue-3.jpg","width":768,"height":729,"caption":"\u0410\u043a\u0442\u0438\u0432\u043d\u0430\u044f \u0436\u0438\u0437\u043d\u044c \u043f\u0435\u0440\u0447\u0430\u0442\u043a\u0438 \u0434\u043b\u044f \u043f\u0443\u0442\u0435\u0448\u0435\u0441\u0442\u0432\u0438\u0439 \u0438 \u0442\u0443\u0440\u0438\u0437\u043c\u0430, \u0433\u043e\u0440\u043d\u044b\u0445 \u043f\u043e\u0445\u043e\u0434\u043e\u0432, \u0430\u043b\u044c\u043f\u0438\u043d\u0438\u0437\u043c\u0430 \u0438 \u0442\u0440\u0435\u043a\u0438\u043d\u0433\u0430, \u0432\u0435\u043b\u043e\u0431\u0430\u0443\u043b Travel Extreme Velobaul Mono 75 \u0434\u043b\u044f \u043d\u043e\u0441\u043a\u0438 \u0438 \u0445\u0440\u0430\u043d\u0435\u043d\u0438\u044f \u044d\u043a\u0438\u043f\u0438\u0440\u043e\u0432\u043a\u0438"},{"@type":"BreadcrumbList","@id":"https:\/\/xstyle.md\/product\/velobaul-travel-extreme-velobaul-mono-75\/#breadcrumb","itemListElement":[{"@type":"ListItem","position":1,"name":"\u0413\u043b\u0430\u0432\u043d\u0430\u044f \u0441\u0442\u0440\u0430\u043d\u0438\u0446\u0430","item":"https:\/\/xstyle.md\/"},{"@type":"ListItem","position":2,"name":"\u041c\u0430\u0433\u0430\u0437\u0438\u043d","item":"https:\/\/xstyle.md\/shop\/"},{"@type":"ListItem","position":3,"name":"\u0412\u0435\u043b\u043e\u0431\u0430\u0443\u043b Travel Extreme Velobaul Mono 75"}]},{"@type":"WebSite","@id":"https:\/\/xstyle.md\/#website","url":"https:\/\/xstyle.md\/","name":"Magazinul X-Style","description":"Echipamente pentru turism \u0219i sporturi extreme \u00een Moldova. Pre\u021buri, fotografii, caracteristici \u00een Moldova.","publisher":{"@id":"https:\/\/xstyle.md\/#organization"},"alternateName":"X-Style","potentialAction":[{"@type":"SearchAction","target":{"@type":"EntryPoint","urlTemplate":"https:\/\/xstyle.md\/?s={search_term_string}"},"query-input":{"@type":"PropertyValueSpecification","valueRequired":true,"valueName":"search_term_string"}}],"inLanguage":"ro-RO"},{"@type":"Organization","@id":"https:\/\/xstyle.md\/#organization","name":"Magazinul X-Style","alternateName":"x-style","url":"https:\/\/xstyle.md\/","logo":{"@type":"ImageObject","inLanguage":"ro-RO","@id":"https:\/\/xstyle.md\/#\/schema\/logo\/image\/","url":"https:\/\/xstyle.md\/wp-content\/uploads\/2020\/06\/logoicon.svg","contentUrl":"https:\/\/xstyle.md\/wp-content\/uploads\/2020\/06\/logoicon.svg","caption":"\u041c\u0430\u0433\u0430\u0437\u0438\u043d Xstyle"},"image":{"@id":"https:\/\/xstyle.md\/#\/schema\/logo\/image\/"},"sameAs":["https:\/\/www.facebook.com\/xstylemd","https:\/\/www.instagram.com\/xstyle_md\/","https:\/\/t.me\/xstyle_outdoor"],"hasMerchantReturnPolicy":{"@type":"MerchantReturnPolicy","merchantReturnLink":"https:\/\/xstyle.md\/ro\/conditions\/"}}]},"product_price_amount":"1690.00","product_price_currency":"MDL","og_availability":"instock","product_availability":"instock","product_retailer_item_id":"4825934101007","product_condition":"new"},"_links":{"self":[{"href":"https:\/\/xstyle.md\/ro\/wp-json\/wp\/v2\/product\/54243","targetHints":{"allow":["GET"]}}],"collection":[{"href":"https:\/\/xstyle.md\/ro\/wp-json\/wp\/v2\/product"}],"about":[{"href":"https:\/\/xstyle.md\/ro\/wp-json\/wp\/v2\/types\/product"}],"replies":[{"embeddable":true,"href":"https:\/\/xstyle.md\/ro\/wp-json\/wp\/v2\/comments?post=54243"}],"wp:featuredmedia":[{"embeddable":true,"href":"https:\/\/xstyle.md\/ro\/wp-json\/wp\/v2\/media\/56723"}],"wp:attachment":[{"href":"https:\/\/xstyle.md\/ro\/wp-json\/wp\/v2\/media?parent=54243"}],"wp:term":[{"taxonomy":"product_brand","embeddable":true,"href":"https:\/\/xstyle.md\/ro\/wp-json\/wp\/v2\/product_brand?post=54243"},{"taxonomy":"product_cat","embeddable":true,"href":"https:\/\/xstyle.md\/ro\/wp-json\/wp\/v2\/product_cat?post=54243"},{"taxonomy":"product_tag","embeddable":true,"href":"https:\/\/xstyle.md\/ro\/wp-json\/wp\/v2\/product_tag?post=54243"}],"curies":[{"name":"wp","href":"https:\/\/api.w.org\/{rel}","templated":true}]}}