{"id":54236,"date":"2022-09-02T18:37:09","date_gmt":"2022-09-02T15:37:09","guid":{"rendered":"https:\/\/xstyle.md\/?post_type=product&#038;p=54236"},"modified":"2025-10-24T13:09:00","modified_gmt":"2025-10-24T10:09:00","slug":"__trashed-5","status":"publish","type":"product","link":"https:\/\/xstyle.md\/ro\/produs\/__trashed-5\/","title":{"rendered":"Coard\u0103 dinamic\u0103 Singing Rock Gemini Dry 7,9 red\/grey 30 m"},"content":{"rendered":"<\/p>\n<p><strong>Singing Rock Gemini Dry 7,9 red\/grey 30 m<\/strong> &#8212; fr\u00e2nghie dinamic\u0103 cu rezisten\u021b\u0103 excelent\u0103 \u0219i tratament special Teflon\u00ae. Este conceput\u0103 pentru a asigura alpini\u0219tii \u00een cazul unei c\u0103deri. Este conceput\u0103 pentru a minimiza sarcina asupra persoanei, chiar \u0219i \u00een cazul c\u0103derilor ad\u00e2nci, prin extinderea fr\u00e2nghiei.<\/p>\n<h3>Particularit\u0103\u021bi<\/h3>\n<ul>\n<li>Testat \u0219i certificat \u00een conformitate cu cerin\u021bele standard ale standardului EN 892<\/li>\n<li>Tratamentul special Teflon\u00ae o face ideal\u0103 pentru condi\u021bii de ghea\u021b\u0103 sau umezeal\u0103 \u00een mun\u021bi<\/li>\n<li>Greutatea, diametrul \u0219i num\u0103rul de c\u0103deri sunt echilibrate astfel \u00eenc\u00e2t s\u0103 poat\u0103 fi utilizat\u0103 ca jum\u0103tate de coard\u0103 sau coard\u0103 dubl\u0103<\/li>\n<li>Folosit\u0103 \u00een perechi, alpinistul poate alege \u00eentre tehnica corzii duble sau metoda jum\u0103t\u0103\u021bii de corzi<\/li>\n<li>Etichetare final\u0103 prin transfer termic<\/li>\n<li>Terminare cu ultrasunete<\/li>\n<\/ul>\n<h3>Caracteristici<\/h3>\n<ul>\n<li>Diametru &#8212; 7,9 mm<\/li>\n<li>Greutate &#8212; 39 g\/m<\/li>\n<li>Rezisten\u021b\u0103 &#8212; 7,9 kN (dublu), 5,1 kN (jum\u0103tate)<\/li>\n<li>Num\u0103rul de smucituri &#8212; 16 (dublu), 5 (jum\u0103tate)<\/li>\n<li>Sarcina dinamic\u0103 &#8212; 33% (duble), 38% (jum\u0103t\u0103\u021bi)<\/li>\n<li>Sarcina static\u0103 &#8212; 8% (duble), 10,5% (jum\u0103t\u0103\u021bi)<\/li>\n<li>Certificare &#8212; EN 892, CE 1019, UIAA<\/li>\n<\/ul>\n<h3>Marca<\/h3>\n<p>SINGING ROCK este o companie ceh\u0103 implicat\u0103 \u00een produc\u021bia de echipamente de alpinism \u0219i escalad\u0103. A fost fondat\u0103 \u00een 1992 de c\u0103tre doi alpini\u0219ti cehi \u0219i un om de afaceri belgian. De la \u00eenceputurile sale \u0219i p\u00e2n\u0103 \u00een prezent, compania s-a concentrat pe utilizarea celor mai moderne progrese \u0219i evolu\u021bii \u00een produc\u021bie. SingingRock lucreaz\u0103 \u00een str\u00e2ns\u0103 leg\u0103tur\u0103 cu mul\u021bi alpini\u0219ti renumi\u021bi care testeaz\u0103 noile produse \u0219i ale c\u0103ror opinii sunt \u00eentotdeauna luate \u00een considerare \u00een timpul dezvolt\u0103rii.<\/p>\n<p>\u00cen prezent, SINGING ROCK este unul dintre liderii mondiali pe pia\u021ba echipamentelor profesionale pentru munca la \u00een\u0103l\u021bime, pentru armat\u0103 \u0219i pentru serviciile de urgen\u021b\u0103. Compania ofer\u0103 hamuri, fr\u00e2nghii, scripe\u021bi \u0219i carabiniere, dispozitive de rapel, dispozitive de siguran\u021b\u0103 pentru lucrul la \u00een\u0103l\u021bime, c\u00e2rlige de ancorare, fr\u00e2nghii de siguran\u021b\u0103 \u0219i alte echipamente necesare pentru acest tip de munc\u0103. Toate aceste produse sunt dezvoltate \u0219i fabricate \u00een Republica Ceh\u0103, \u00een Europa. Ele sunt certificate \u0219i respect\u0103 pe deplin standardele interna\u021bionale de securitate a muncii.<\/p>\n<p><\/p>","protected":false},"excerpt":{"rendered":"","protected":false},"featured_media":71431,"comment_status":"open","ping_status":"closed","template":"","meta":{"_acf_changed":false,"inline_featured_image":false},"product_brand":[1276],"product_cat":[368],"product_tag":[],"class_list":{"0":"post-54236","1":"product","2":"type-product","3":"status-publish","4":"has-post-thumbnail","6":"product_brand-singing-rock","7":"product_cat-dynamic-ropes","9":"first","10":"instock","11":"shipping-taxable","12":"purchasable","13":"product-type-simple"},"acf":[],"yoast_head":"<!-- This site is optimized with the Yoast SEO plugin v27.4 - https:\/\/yoast.com\/product\/yoast-seo-wordpress\/ -->\n<title>\u0414\u0438\u043d\u0430\u043c\u0438\u0447\u0435\u0441\u043a\u0430\u044f \u0432\u0435\u0440\u0435\u0432\u043a\u0430 Singing Rock Gemini Dry 7,9 red\/grey 30 m - \u041c\u0430\u0433\u0430\u0437\u0438\u043d Xstyle<\/title>\n<meta name=\"description\" content=\"\u0414\u0438\u043d\u0430\u043c\u0438\u0447\u0435\u0441\u043a\u0430\u044f \u0432\u0435\u0440\u0435\u0432\u043a\u0430 Singing Rock Gemini Dry 7,9 \u043c (\u043a\u0440\u0430\u0441\u043d\u043e-\u0441\u0435\u0440\u0430\u044f) \u0441 \u0437\u0430\u0449\u0438\u0442\u043e\u0439 Teflon \u043e\u0431\u0435\u0441\u043f\u0435\u0447\u0438\u0432\u0430\u0435\u0442 \u0432\u044b\u0441\u0448\u0443\u044e \u0431\u0435\u0437\u043e\u043f\u0430\u0441\u043d\u043e\u0441\u0442\u044c \u0430\u043b\u044c\u043f\u0438\u043d\u0438\u0441\u0442\u043e\u0432. \u0418\u0434\u0435\u0430\u043b\u044c\u043d\u0430 \u0434\u043b\u044f \u0441\u0442\u0440\u0430\u0445\u043e\u0432\u043a\u0438 \u043f\u0440\u0438 \u043f\u0430\u0434\u0435\u043d\u0438\u0438.\" \/>\n<meta name=\"robots\" content=\"index, follow, max-snippet:-1, max-image-preview:large, max-video-preview:-1\" \/>\n<link rel=\"canonical\" href=\"https:\/\/xstyle.md\/ro\/produs\/__trashed-5\/\" \/>\n<meta property=\"og:locale\" content=\"ro_RO\" \/>\n<meta property=\"og:type\" content=\"article\" \/>\n<meta property=\"og:title\" content=\"\u0414\u0438\u043d\u0430\u043c\u0438\u0447\u0435\u0441\u043a\u0430\u044f \u0432\u0435\u0440\u0435\u0432\u043a\u0430 Singing Rock Gemini Dry 7,9 red\/grey 30 m - \u041c\u0430\u0433\u0430\u0437\u0438\u043d Xstyle\" \/>\n<meta property=\"og:description\" content=\"\u0414\u0438\u043d\u0430\u043c\u0438\u0447\u0435\u0441\u043a\u0430\u044f \u0432\u0435\u0440\u0435\u0432\u043a\u0430 Singing Rock Gemini Dry 7,9 \u043c (\u043a\u0440\u0430\u0441\u043d\u043e-\u0441\u0435\u0440\u0430\u044f) \u0441 \u0437\u0430\u0449\u0438\u0442\u043e\u0439 Teflon \u043e\u0431\u0435\u0441\u043f\u0435\u0447\u0438\u0432\u0430\u0435\u0442 \u0432\u044b\u0441\u0448\u0443\u044e \u0431\u0435\u0437\u043e\u043f\u0430\u0441\u043d\u043e\u0441\u0442\u044c \u0430\u043b\u044c\u043f\u0438\u043d\u0438\u0441\u0442\u043e\u0432. \u0418\u0434\u0435\u0430\u043b\u044c\u043d\u0430 \u0434\u043b\u044f \u0441\u0442\u0440\u0430\u0445\u043e\u0432\u043a\u0438 \u043f\u0440\u0438 \u043f\u0430\u0434\u0435\u043d\u0438\u0438.\" \/>\n<meta property=\"og:url\" content=\"https:\/\/xstyle.md\/ro\/produs\/__trashed-5\/\" \/>\n<meta property=\"og:site_name\" content=\"\u041c\u0430\u0433\u0430\u0437\u0438\u043d Xstyle\" \/>\n<meta property=\"article:publisher\" content=\"https:\/\/www.facebook.com\/xstylemd\" \/>\n<meta property=\"article:modified_time\" content=\"2025-10-24T10:09:00+00:00\" \/>\n<meta property=\"og:image\" content=\"https:\/\/xstyle.md\/wp-content\/uploads\/2023\/01\/singing-rock-gemini-dry-79-0.jpg\" \/>\n\t<meta property=\"og:image:width\" content=\"606\" \/>\n\t<meta property=\"og:image:height\" content=\"560\" \/>\n\t<meta property=\"og:image:type\" content=\"image\/jpeg\" \/>\n<meta name=\"twitter:card\" content=\"summary_large_image\" \/>\n<meta name=\"twitter:label1\" content=\"Pre\u021b\" \/>\n\t<meta name=\"twitter:data1\" content=\"1.530&nbsp;MDL\" \/>\n\t<meta name=\"twitter:label2\" content=\"Disponibilitate\" \/>\n\t<meta name=\"twitter:data2\" content=\"\u00cen stoc\" \/>\n<script type=\"application\/ld+json\" class=\"yoast-schema-graph\">{\"@context\":\"https:\\\/\\\/schema.org\",\"@graph\":[{\"@type\":\"WebPage\",\"@id\":\"https:\\\/\\\/xstyle.md\\\/product\\\/__trashed-5\\\/\",\"url\":\"https:\\\/\\\/xstyle.md\\\/product\\\/__trashed-5\\\/\",\"name\":\"\u0414\u0438\u043d\u0430\u043c\u0438\u0447\u0435\u0441\u043a\u0430\u044f \u0432\u0435\u0440\u0435\u0432\u043a\u0430 Singing Rock Gemini Dry 7,9 red\\\/grey 30 m - \u041c\u0430\u0433\u0430\u0437\u0438\u043d Xstyle\",\"isPartOf\":{\"@id\":\"https:\\\/\\\/xstyle.md\\\/#website\"},\"primaryImageOfPage\":{\"@id\":\"https:\\\/\\\/xstyle.md\\\/product\\\/__trashed-5\\\/#primaryimage\"},\"image\":{\"@id\":\"https:\\\/\\\/xstyle.md\\\/product\\\/__trashed-5\\\/#primaryimage\"},\"thumbnailUrl\":\"https:\\\/\\\/xstyle.md\\\/wp-content\\\/uploads\\\/2023\\\/01\\\/singing-rock-gemini-dry-79-0.jpg\",\"datePublished\":\"2022-09-02T15:37:09+00:00\",\"dateModified\":\"2025-10-24T10:09:00+00:00\",\"description\":\"\u0414\u0438\u043d\u0430\u043c\u0438\u0447\u0435\u0441\u043a\u0430\u044f \u0432\u0435\u0440\u0435\u0432\u043a\u0430 Singing Rock Gemini Dry 7,9 \u043c (\u043a\u0440\u0430\u0441\u043d\u043e-\u0441\u0435\u0440\u0430\u044f) \u0441 \u0437\u0430\u0449\u0438\u0442\u043e\u0439 Teflon \u043e\u0431\u0435\u0441\u043f\u0435\u0447\u0438\u0432\u0430\u0435\u0442 \u0432\u044b\u0441\u0448\u0443\u044e \u0431\u0435\u0437\u043e\u043f\u0430\u0441\u043d\u043e\u0441\u0442\u044c \u0430\u043b\u044c\u043f\u0438\u043d\u0438\u0441\u0442\u043e\u0432. \u0418\u0434\u0435\u0430\u043b\u044c\u043d\u0430 \u0434\u043b\u044f \u0441\u0442\u0440\u0430\u0445\u043e\u0432\u043a\u0438 \u043f\u0440\u0438 \u043f\u0430\u0434\u0435\u043d\u0438\u0438.\",\"breadcrumb\":{\"@id\":\"https:\\\/\\\/xstyle.md\\\/product\\\/__trashed-5\\\/#breadcrumb\"},\"inLanguage\":\"ro-RO\",\"potentialAction\":[{\"@type\":\"ReadAction\",\"target\":[\"https:\\\/\\\/xstyle.md\\\/product\\\/__trashed-5\\\/\"]}]},{\"@type\":\"ImageObject\",\"inLanguage\":\"ro-RO\",\"@id\":\"https:\\\/\\\/xstyle.md\\\/product\\\/__trashed-5\\\/#primaryimage\",\"url\":\"https:\\\/\\\/xstyle.md\\\/wp-content\\\/uploads\\\/2023\\\/01\\\/singing-rock-gemini-dry-79-0.jpg\",\"contentUrl\":\"https:\\\/\\\/xstyle.md\\\/wp-content\\\/uploads\\\/2023\\\/01\\\/singing-rock-gemini-dry-79-0.jpg\",\"width\":606,\"height\":560,\"caption\":\"\u0410\u043a\u0442\u0438\u0432\u043d\u0430\u044f \u043e\u0434\u0435\u0436\u0434\u0430 \u0438 \u043e\u0431\u0443\u0432\u044c \u0434\u043b\u044f \u0442\u0443\u0440\u0438\u0437\u043c\u0430 \u0438 \u0441\u043a\u0430\u043b\u043e\u043b\u0430\u0437\u0430\u043d\u0438\u044f, \u0432\u0435\u0440\u0435\u0432\u043a\u0430 Singing Rock Gemini Dry 7,9 \u043a\u0440\u0430\u0441\u043d\u043e-\u0441\u0435\u0440\u0430\u044f \u0434\u043b\u044f \u0430\u043b\u044c\u043f\u0438\u043d\u0438\u0437\u043c\u0430 \u0438 \u043f\u0443\u0442\u0435\u0448\u0435\u0441\u0442\u0432\u0438\u0439\"},{\"@type\":\"BreadcrumbList\",\"@id\":\"https:\\\/\\\/xstyle.md\\\/product\\\/__trashed-5\\\/#breadcrumb\",\"itemListElement\":[{\"@type\":\"ListItem\",\"position\":1,\"name\":\"\u0413\u043b\u0430\u0432\u043d\u0430\u044f \u0441\u0442\u0440\u0430\u043d\u0438\u0446\u0430\",\"item\":\"https:\\\/\\\/xstyle.md\\\/\"},{\"@type\":\"ListItem\",\"position\":2,\"name\":\"\u041c\u0430\u0433\u0430\u0437\u0438\u043d\",\"item\":\"https:\\\/\\\/xstyle.md\\\/shop\\\/\"},{\"@type\":\"ListItem\",\"position\":3,\"name\":\"\u0414\u0438\u043d\u0430\u043c\u0438\u0447\u0435\u0441\u043a\u0430\u044f \u0432\u0435\u0440\u0435\u0432\u043a\u0430 Singing Rock Gemini Dry 7,9 red\\\/grey 30 m\"}]},{\"@type\":\"WebSite\",\"@id\":\"https:\\\/\\\/xstyle.md\\\/#website\",\"url\":\"https:\\\/\\\/xstyle.md\\\/\",\"name\":\"\u041c\u0430\u0433\u0430\u0437\u0438\u043d Xstyle\",\"description\":\"C\u043d\u0430\u0440\u044f\u0436\u0435\u043d\u0438\u0435 \u0434\u043b\u044f \u0442\u0443\u0440\u0438\u0437\u043c\u0430 \u0438 \u044d\u043a\u0441\u0442\u0440\u0435\u043c\u0430\u043b\u044c\u043d\u044b\u0445 \u0432\u0438\u0434\u043e\u0432 \u0441\u043f\u043e\u0440\u0442\u0430 \u0432 \u041c\u043e\u043b\u0434\u043e\u0432\u0435.. \u0426\u0435\u043d\u044b, \u0444\u043e\u0442\u043e, \u0445\u0430\u0440\u0430\u043a\u0442\u0435\u0440\u0438\u0441\u0442\u0438\u043a\u0438 \u0432 \u041c\u043e\u043b\u0434\u043e\u0432\u0435.\",\"publisher\":{\"@id\":\"https:\\\/\\\/xstyle.md\\\/#organization\"},\"alternateName\":\"X-Style\",\"potentialAction\":[{\"@type\":\"SearchAction\",\"target\":{\"@type\":\"EntryPoint\",\"urlTemplate\":\"https:\\\/\\\/xstyle.md\\\/?s={search_term_string}\"},\"query-input\":{\"@type\":\"PropertyValueSpecification\",\"valueRequired\":true,\"valueName\":\"search_term_string\"}}],\"inLanguage\":\"ro-RO\"},{\"@type\":\"Organization\",\"@id\":\"https:\\\/\\\/xstyle.md\\\/#organization\",\"name\":\"\u041c\u0430\u0433\u0430\u0437\u0438\u043d Xstyle\",\"alternateName\":\"x-style\",\"url\":\"https:\\\/\\\/xstyle.md\\\/\",\"logo\":{\"@type\":\"ImageObject\",\"inLanguage\":\"ro-RO\",\"@id\":\"https:\\\/\\\/xstyle.md\\\/#\\\/schema\\\/logo\\\/image\\\/\",\"url\":\"https:\\\/\\\/xstyle.md\\\/wp-content\\\/uploads\\\/2020\\\/06\\\/logoicon.svg\",\"contentUrl\":\"https:\\\/\\\/xstyle.md\\\/wp-content\\\/uploads\\\/2020\\\/06\\\/logoicon.svg\",\"caption\":\"\u041c\u0430\u0433\u0430\u0437\u0438\u043d Xstyle\"},\"image\":{\"@id\":\"https:\\\/\\\/xstyle.md\\\/#\\\/schema\\\/logo\\\/image\\\/\"},\"sameAs\":[\"https:\\\/\\\/www.facebook.com\\\/xstylemd\",\"https:\\\/\\\/www.instagram.com\\\/xstyle_md\\\/\",\"https:\\\/\\\/t.me\\\/xstyle_outdoor\"],\"hasMerchantReturnPolicy\":{\"@type\":\"MerchantReturnPolicy\",\"merchantReturnLink\":\"https:\\\/\\\/xstyle.md\\\/ro\\\/conditions\\\/\"}}]}<\/script>\n<meta property=\"product:price:amount\" content=\"1530.00\" \/>\n<meta property=\"product:price:currency\" content=\"MDL\" \/>\n<meta property=\"og:availability\" content=\"instock\" \/>\n<meta property=\"product:availability\" content=\"instock\" \/>\n<meta property=\"product:retailer_item_id\" content=\"8595033343719\" \/>\n<meta property=\"product:condition\" content=\"new\" \/>\n<!-- \/ Yoast SEO plugin. -->","yoast_head_json":{"title":"Rope dinamic Singing Rock Gemini Dry 7,9 ro\u0219u\/gray 30 m - Magazin Xstyle","description":"Corda dinamic\u0103 Singing Rock Gemini Dry de 7,9 m (ro\u0219u-gri) cu protec\u021bie Teflon ofer\u0103 cea mai \u00eenalt\u0103 siguran\u021b\u0103 alpinistilor. Este ideal\u0103 pentru asigurarea \u00een caz de c\u0103dere.","robots":{"index":"index","follow":"follow","max-snippet":"max-snippet:-1","max-image-preview":"max-image-preview:large","max-video-preview":"max-video-preview:-1"},"canonical":"https:\/\/xstyle.md\/ro\/produs\/__trashed-5\/","og_locale":"ro_RO","og_type":"article","og_title":"\u0414\u0438\u043d\u0430\u043c\u0438\u0447\u0435\u0441\u043a\u0430\u044f \u0432\u0435\u0440\u0435\u0432\u043a\u0430 Singing Rock Gemini Dry 7,9 red\/grey 30 m - \u041c\u0430\u0433\u0430\u0437\u0438\u043d Xstyle","og_description":"\u0414\u0438\u043d\u0430\u043c\u0438\u0447\u0435\u0441\u043a\u0430\u044f \u0432\u0435\u0440\u0435\u0432\u043a\u0430 Singing Rock Gemini Dry 7,9 \u043c (\u043a\u0440\u0430\u0441\u043d\u043e-\u0441\u0435\u0440\u0430\u044f) \u0441 \u0437\u0430\u0449\u0438\u0442\u043e\u0439 Teflon \u043e\u0431\u0435\u0441\u043f\u0435\u0447\u0438\u0432\u0430\u0435\u0442 \u0432\u044b\u0441\u0448\u0443\u044e \u0431\u0435\u0437\u043e\u043f\u0430\u0441\u043d\u043e\u0441\u0442\u044c \u0430\u043b\u044c\u043f\u0438\u043d\u0438\u0441\u0442\u043e\u0432. \u0418\u0434\u0435\u0430\u043b\u044c\u043d\u0430 \u0434\u043b\u044f \u0441\u0442\u0440\u0430\u0445\u043e\u0432\u043a\u0438 \u043f\u0440\u0438 \u043f\u0430\u0434\u0435\u043d\u0438\u0438.","og_url":"https:\/\/xstyle.md\/ro\/produs\/__trashed-5\/","og_site_name":"\u041c\u0430\u0433\u0430\u0437\u0438\u043d Xstyle","article_publisher":"https:\/\/www.facebook.com\/xstylemd","article_modified_time":"2025-10-24T10:09:00+00:00","og_image":[{"width":606,"height":560,"url":"https:\/\/xstyle.md\/wp-content\/uploads\/2023\/01\/singing-rock-gemini-dry-79-0.jpg","type":"image\/jpeg"}],"twitter_card":"summary_large_image","twitter_misc":{"Pre\u021b":"1.530&nbsp;MDL","Disponibilitate":"\u00cen stoc"},"schema":{"@context":"https:\/\/schema.org","@graph":[{"@type":"WebPage","@id":"https:\/\/xstyle.md\/product\/__trashed-5\/","url":"https:\/\/xstyle.md\/product\/__trashed-5\/","name":"Rope dinamic Singing Rock Gemini Dry 7,9 ro\u0219u\/gray 30 m - Magazin Xstyle","isPartOf":{"@id":"https:\/\/xstyle.md\/#website"},"primaryImageOfPage":{"@id":"https:\/\/xstyle.md\/product\/__trashed-5\/#primaryimage"},"image":{"@id":"https:\/\/xstyle.md\/product\/__trashed-5\/#primaryimage"},"thumbnailUrl":"https:\/\/xstyle.md\/wp-content\/uploads\/2023\/01\/singing-rock-gemini-dry-79-0.jpg","datePublished":"2022-09-02T15:37:09+00:00","dateModified":"2025-10-24T10:09:00+00:00","description":"Corda dinamic\u0103 Singing Rock Gemini Dry de 7,9 m (ro\u0219u-gri) cu protec\u021bie Teflon ofer\u0103 cea mai \u00eenalt\u0103 siguran\u021b\u0103 alpinistilor. Este ideal\u0103 pentru asigurarea \u00een caz de c\u0103dere.","breadcrumb":{"@id":"https:\/\/xstyle.md\/product\/__trashed-5\/#breadcrumb"},"inLanguage":"ro-RO","potentialAction":[{"@type":"ReadAction","target":["https:\/\/xstyle.md\/product\/__trashed-5\/"]}]},{"@type":"ImageObject","inLanguage":"ro-RO","@id":"https:\/\/xstyle.md\/product\/__trashed-5\/#primaryimage","url":"https:\/\/xstyle.md\/wp-content\/uploads\/2023\/01\/singing-rock-gemini-dry-79-0.jpg","contentUrl":"https:\/\/xstyle.md\/wp-content\/uploads\/2023\/01\/singing-rock-gemini-dry-79-0.jpg","width":606,"height":560,"caption":"\u0410\u043a\u0442\u0438\u0432\u043d\u0430\u044f \u043e\u0434\u0435\u0436\u0434\u0430 \u0438 \u043e\u0431\u0443\u0432\u044c \u0434\u043b\u044f \u0442\u0443\u0440\u0438\u0437\u043c\u0430 \u0438 \u0441\u043a\u0430\u043b\u043e\u043b\u0430\u0437\u0430\u043d\u0438\u044f, \u0432\u0435\u0440\u0435\u0432\u043a\u0430 Singing Rock Gemini Dry 7,9 \u043a\u0440\u0430\u0441\u043d\u043e-\u0441\u0435\u0440\u0430\u044f \u0434\u043b\u044f \u0430\u043b\u044c\u043f\u0438\u043d\u0438\u0437\u043c\u0430 \u0438 \u043f\u0443\u0442\u0435\u0448\u0435\u0441\u0442\u0432\u0438\u0439"},{"@type":"BreadcrumbList","@id":"https:\/\/xstyle.md\/product\/__trashed-5\/#breadcrumb","itemListElement":[{"@type":"ListItem","position":1,"name":"\u0413\u043b\u0430\u0432\u043d\u0430\u044f \u0441\u0442\u0440\u0430\u043d\u0438\u0446\u0430","item":"https:\/\/xstyle.md\/"},{"@type":"ListItem","position":2,"name":"\u041c\u0430\u0433\u0430\u0437\u0438\u043d","item":"https:\/\/xstyle.md\/shop\/"},{"@type":"ListItem","position":3,"name":"\u0414\u0438\u043d\u0430\u043c\u0438\u0447\u0435\u0441\u043a\u0430\u044f \u0432\u0435\u0440\u0435\u0432\u043a\u0430 Singing Rock Gemini Dry 7,9 red\/grey 30 m"}]},{"@type":"WebSite","@id":"https:\/\/xstyle.md\/#website","url":"https:\/\/xstyle.md\/","name":"Magazinul X-Style","description":"Echipamente pentru turism \u0219i sporturi extreme \u00een Moldova. Pre\u021buri, fotografii, caracteristici \u00een Moldova.","publisher":{"@id":"https:\/\/xstyle.md\/#organization"},"alternateName":"X-Style","potentialAction":[{"@type":"SearchAction","target":{"@type":"EntryPoint","urlTemplate":"https:\/\/xstyle.md\/?s={search_term_string}"},"query-input":{"@type":"PropertyValueSpecification","valueRequired":true,"valueName":"search_term_string"}}],"inLanguage":"ro-RO"},{"@type":"Organization","@id":"https:\/\/xstyle.md\/#organization","name":"Magazinul X-Style","alternateName":"x-style","url":"https:\/\/xstyle.md\/","logo":{"@type":"ImageObject","inLanguage":"ro-RO","@id":"https:\/\/xstyle.md\/#\/schema\/logo\/image\/","url":"https:\/\/xstyle.md\/wp-content\/uploads\/2020\/06\/logoicon.svg","contentUrl":"https:\/\/xstyle.md\/wp-content\/uploads\/2020\/06\/logoicon.svg","caption":"\u041c\u0430\u0433\u0430\u0437\u0438\u043d Xstyle"},"image":{"@id":"https:\/\/xstyle.md\/#\/schema\/logo\/image\/"},"sameAs":["https:\/\/www.facebook.com\/xstylemd","https:\/\/www.instagram.com\/xstyle_md\/","https:\/\/t.me\/xstyle_outdoor"],"hasMerchantReturnPolicy":{"@type":"MerchantReturnPolicy","merchantReturnLink":"https:\/\/xstyle.md\/ro\/conditions\/"}}]},"product_price_amount":"1530.00","product_price_currency":"MDL","og_availability":"instock","product_availability":"instock","product_retailer_item_id":"8595033343719","product_condition":"new"},"_links":{"self":[{"href":"https:\/\/xstyle.md\/ro\/wp-json\/wp\/v2\/product\/54236","targetHints":{"allow":["GET"]}}],"collection":[{"href":"https:\/\/xstyle.md\/ro\/wp-json\/wp\/v2\/product"}],"about":[{"href":"https:\/\/xstyle.md\/ro\/wp-json\/wp\/v2\/types\/product"}],"replies":[{"embeddable":true,"href":"https:\/\/xstyle.md\/ro\/wp-json\/wp\/v2\/comments?post=54236"}],"wp:featuredmedia":[{"embeddable":true,"href":"https:\/\/xstyle.md\/ro\/wp-json\/wp\/v2\/media\/71431"}],"wp:attachment":[{"href":"https:\/\/xstyle.md\/ro\/wp-json\/wp\/v2\/media?parent=54236"}],"wp:term":[{"taxonomy":"product_brand","embeddable":true,"href":"https:\/\/xstyle.md\/ro\/wp-json\/wp\/v2\/product_brand?post=54236"},{"taxonomy":"product_cat","embeddable":true,"href":"https:\/\/xstyle.md\/ro\/wp-json\/wp\/v2\/product_cat?post=54236"},{"taxonomy":"product_tag","embeddable":true,"href":"https:\/\/xstyle.md\/ro\/wp-json\/wp\/v2\/product_tag?post=54236"}],"curies":[{"name":"wp","href":"https:\/\/api.w.org\/{rel}","templated":true}]}}