{"id":54232,"date":"2022-09-02T18:37:09","date_gmt":"2022-09-02T15:37:09","guid":{"rendered":"https:\/\/xstyle.md\/?post_type=product&#038;p=54232"},"modified":"2024-10-21T09:55:09","modified_gmt":"2024-10-21T06:55:09","slug":"vkladysh-v-spalnyj-meshok-sea-to-summit-stretch-liner-mummy","status":"publish","type":"product","link":"https:\/\/xstyle.md\/ro\/produs\/vkladysh-v-spalnyj-meshok-sea-to-summit-stretch-liner-mummy\/","title":{"rendered":"Lenjerie pentru sac de dormit Sea to Summit Stretch Liner Mummy"},"content":{"rendered":"<\/p>\n<p><strong>Sea to Summit Stretch Liner Mummy<\/strong> &#8212; c\u0103ptu\u0219eala sacului de dormit este realizat\u0103 din m\u0103tase de calitate superioar\u0103. C\u0103ptu\u0219eala asigur\u0103 cur\u0103\u021benia \u0219i igiena \u0219i va prelungi durata de via\u021b\u0103 a sacului de dormit prin reducerea num\u0103rului de sp\u0103l\u0103ri. De asemenea, c\u0103ptu\u0219eala poate fi folosit\u0103 ca cear\u0219af \u00een zilele c\u0103lduroase.<\/p>\n<h3>Particularit\u0103\u021bi<\/h3>\n<ul>\n<li>Ideal pentru modelele Traveler \u0219i Double<\/li>\n<li>Ideal pentru condi\u021bii calde \u0219i umede \u00een care nu este necesar\u0103 o p\u0103tur\u0103<\/li>\n<li>Adaug\u0103 c\u00e2teva grade de c\u0103ldur\u0103 la sacii de dormit \u00een form\u0103 de cocon<\/li>\n<li>Prelunge\u0219te durata de via\u021b\u0103 a sacilor de dormit, men\u021bin\u00e2ndu-i cura\u021bi<\/li>\n<li>Se \u00eempacheteaz\u0103 \u00een propria sa hus\u0103 de depozitare.<\/li>\n<\/ul>\n<h3>Caracteristici<\/h3>\n<ul>\n<li>Material &#8212; M\u0103tase, Coolmax<\/li>\n<li>Dimensiuni &#8212; 185 x 92\/62 cm<\/li>\n<li>Greutate &#8212; 125g.<\/li>\n<\/ul>\n<h3>Marca<\/h3>\n<p>Sea to Summit &#8212; marc\u0103 fondat\u0103 \u00een 1990 \u00een Australia. Gama sa de echipamente unice \u0219i utile pentru drume\u021bii \u0219i c\u0103l\u0103torii include pungi sigilate, prosoape din microfibr\u0103, ustensile pliabile din silicon, gen\u021bi, rucsacuri, corturi \u0219i saci de dormit. Fiecare pies\u0103 conceput\u0103 la companie are o greutate minim\u0103 \u0219i o func\u021bionalitate maxim\u0103.<\/p>\n<p><\/p>","protected":false},"excerpt":{"rendered":"","protected":false},"featured_media":56736,"comment_status":"open","ping_status":"closed","template":"","meta":{"_acf_changed":false,"inline_featured_image":false},"product_brand":[1281],"product_cat":[378],"product_tag":[],"class_list":{"0":"post-54232","1":"product","2":"type-product","3":"status-publish","4":"has-post-thumbnail","6":"product_brand-sea-to-summit","7":"product_cat-sleeping-bags-accessories","9":"first","10":"instock","11":"shipping-taxable","12":"purchasable","13":"product-type-simple"},"acf":[],"yoast_head":"<!-- This site is optimized with the Yoast SEO plugin v27.2 - https:\/\/yoast.com\/product\/yoast-seo-wordpress\/ -->\n<title>\u0412\u043a\u043b\u0430\u0434\u044b\u0448 \u0432 \u0441\u043f\u0430\u043b\u044c\u043d\u044b\u0439 \u043c\u0435\u0448\u043e\u043a Sea to Summit Stretch Liner Mummy - \u041c\u0430\u0433\u0430\u0437\u0438\u043d Xstyle<\/title>\n<meta name=\"description\" content=\"\u0412\u043a\u043b\u0430\u0434\u044b\u0448 Sea to Summit Stretch Liner Mummy \u2014 \u043d\u0430\u0434\u0435\u0436\u043d\u0430\u044f \u0437\u0430\u0449\u0438\u0442\u0430 \u0434\u043b\u044f \u0432\u0430\u0448\u0435\u0433\u043e \u0441\u043f\u0430\u043b\u044c\u043d\u0438\u043a\u0430, \u043f\u0440\u043e\u0434\u043b\u0435\u0432\u0430\u044e\u0449\u0430\u044f \u0435\u0433\u043e \u0441\u0440\u043e\u043a \u0441\u043b\u0443\u0436\u0431\u044b \u0438 \u043e\u0431\u0435\u0441\u043f\u0435\u0447\u0438\u0432\u0430\u044e\u0449\u0430\u044f \u043a\u043e\u043c\u0444\u043e\u0440\u0442\u043d\u044b\u0435 \u043d\u043e\u0447\u0438 \u0432 \u043f\u043e\u0445\u043e\u0434\u0430\u0445.\" \/>\n<meta name=\"robots\" content=\"index, follow, max-snippet:-1, max-image-preview:large, max-video-preview:-1\" \/>\n<link rel=\"canonical\" href=\"https:\/\/xstyle.md\/ro\/produs\/vkladysh-v-spalnyj-meshok-sea-to-summit-stretch-liner-mummy\/\" \/>\n<meta property=\"og:locale\" content=\"ro_RO\" \/>\n<meta property=\"og:type\" content=\"article\" \/>\n<meta property=\"og:title\" content=\"\u0412\u043a\u043b\u0430\u0434\u044b\u0448 \u0432 \u0441\u043f\u0430\u043b\u044c\u043d\u044b\u0439 \u043c\u0435\u0448\u043e\u043a Sea to Summit Stretch Liner Mummy - \u041c\u0430\u0433\u0430\u0437\u0438\u043d Xstyle\" \/>\n<meta property=\"og:description\" content=\"\u0412\u043a\u043b\u0430\u0434\u044b\u0448 Sea to Summit Stretch Liner Mummy \u2014 \u043d\u0430\u0434\u0435\u0436\u043d\u0430\u044f \u0437\u0430\u0449\u0438\u0442\u0430 \u0434\u043b\u044f \u0432\u0430\u0448\u0435\u0433\u043e \u0441\u043f\u0430\u043b\u044c\u043d\u0438\u043a\u0430, \u043f\u0440\u043e\u0434\u043b\u0435\u0432\u0430\u044e\u0449\u0430\u044f \u0435\u0433\u043e \u0441\u0440\u043e\u043a \u0441\u043b\u0443\u0436\u0431\u044b \u0438 \u043e\u0431\u0435\u0441\u043f\u0435\u0447\u0438\u0432\u0430\u044e\u0449\u0430\u044f \u043a\u043e\u043c\u0444\u043e\u0440\u0442\u043d\u044b\u0435 \u043d\u043e\u0447\u0438 \u0432 \u043f\u043e\u0445\u043e\u0434\u0430\u0445.\" \/>\n<meta property=\"og:url\" content=\"https:\/\/xstyle.md\/ro\/produs\/vkladysh-v-spalnyj-meshok-sea-to-summit-stretch-liner-mummy\/\" \/>\n<meta property=\"og:site_name\" content=\"\u041c\u0430\u0433\u0430\u0437\u0438\u043d Xstyle\" \/>\n<meta property=\"article:publisher\" content=\"https:\/\/www.facebook.com\/xstylemd\" \/>\n<meta property=\"article:modified_time\" content=\"2024-10-21T06:55:09+00:00\" \/>\n<meta property=\"og:image\" content=\"https:\/\/xstyle.md\/wp-content\/uploads\/2022\/09\/sea-to-summit-stretch-liner-mummy-2.jpg\" \/>\n\t<meta property=\"og:image:width\" content=\"1191\" \/>\n\t<meta property=\"og:image:height\" content=\"1259\" \/>\n\t<meta property=\"og:image:type\" content=\"image\/jpeg\" \/>\n<meta name=\"twitter:card\" content=\"summary_large_image\" \/>\n<meta name=\"twitter:label1\" content=\"Pre\u021b\" \/>\n\t<meta name=\"twitter:data1\" content=\"1.790&nbsp;MDL\" \/>\n\t<meta name=\"twitter:label2\" content=\"Disponibilitate\" \/>\n\t<meta name=\"twitter:data2\" content=\"\u00cen stoc\" \/>\n<script type=\"application\/ld+json\" class=\"yoast-schema-graph\">{\"@context\":\"https:\/\/schema.org\",\"@graph\":[{\"@type\":\"WebPage\",\"@id\":\"https:\/\/xstyle.md\/product\/vkladysh-v-spalnyj-meshok-sea-to-summit-stretch-liner-mummy\/\",\"url\":\"https:\/\/xstyle.md\/product\/vkladysh-v-spalnyj-meshok-sea-to-summit-stretch-liner-mummy\/\",\"name\":\"\u0412\u043a\u043b\u0430\u0434\u044b\u0448 \u0432 \u0441\u043f\u0430\u043b\u044c\u043d\u044b\u0439 \u043c\u0435\u0448\u043e\u043a Sea to Summit Stretch Liner Mummy - \u041c\u0430\u0433\u0430\u0437\u0438\u043d Xstyle\",\"isPartOf\":{\"@id\":\"https:\/\/xstyle.md\/#website\"},\"primaryImageOfPage\":{\"@id\":\"https:\/\/xstyle.md\/product\/vkladysh-v-spalnyj-meshok-sea-to-summit-stretch-liner-mummy\/#primaryimage\"},\"image\":{\"@id\":\"https:\/\/xstyle.md\/product\/vkladysh-v-spalnyj-meshok-sea-to-summit-stretch-liner-mummy\/#primaryimage\"},\"thumbnailUrl\":\"https:\/\/xstyle.md\/wp-content\/uploads\/2022\/09\/sea-to-summit-stretch-liner-mummy-2.jpg\",\"datePublished\":\"2022-09-02T15:37:09+00:00\",\"dateModified\":\"2024-10-21T06:55:09+00:00\",\"description\":\"\u0412\u043a\u043b\u0430\u0434\u044b\u0448 Sea to Summit Stretch Liner Mummy \u2014 \u043d\u0430\u0434\u0435\u0436\u043d\u0430\u044f \u0437\u0430\u0449\u0438\u0442\u0430 \u0434\u043b\u044f \u0432\u0430\u0448\u0435\u0433\u043e \u0441\u043f\u0430\u043b\u044c\u043d\u0438\u043a\u0430, \u043f\u0440\u043e\u0434\u043b\u0435\u0432\u0430\u044e\u0449\u0430\u044f \u0435\u0433\u043e \u0441\u0440\u043e\u043a \u0441\u043b\u0443\u0436\u0431\u044b \u0438 \u043e\u0431\u0435\u0441\u043f\u0435\u0447\u0438\u0432\u0430\u044e\u0449\u0430\u044f \u043a\u043e\u043c\u0444\u043e\u0440\u0442\u043d\u044b\u0435 \u043d\u043e\u0447\u0438 \u0432 \u043f\u043e\u0445\u043e\u0434\u0430\u0445.\",\"breadcrumb\":{\"@id\":\"https:\/\/xstyle.md\/product\/vkladysh-v-spalnyj-meshok-sea-to-summit-stretch-liner-mummy\/#breadcrumb\"},\"inLanguage\":\"ro-RO\",\"potentialAction\":[{\"@type\":\"ReadAction\",\"target\":[\"https:\/\/xstyle.md\/product\/vkladysh-v-spalnyj-meshok-sea-to-summit-stretch-liner-mummy\/\"]}]},{\"@type\":\"ImageObject\",\"inLanguage\":\"ro-RO\",\"@id\":\"https:\/\/xstyle.md\/product\/vkladysh-v-spalnyj-meshok-sea-to-summit-stretch-liner-mummy\/#primaryimage\",\"url\":\"https:\/\/xstyle.md\/wp-content\/uploads\/2022\/09\/sea-to-summit-stretch-liner-mummy-2.jpg\",\"contentUrl\":\"https:\/\/xstyle.md\/wp-content\/uploads\/2022\/09\/sea-to-summit-stretch-liner-mummy-2.jpg\",\"width\":1191,\"height\":1259,\"caption\":\"\u0422\u0435\u043f\u043b\u044b\u0439 \u0432\u043a\u043b\u0430\u0434\u044b\u0448 \u0432 \u0441\u043f\u0430\u043b\u044c\u043d\u044b\u0439 \u043c\u0435\u0448\u043e\u043a Sea to Summit Stretch Liner Mummy \u0434\u043b\u044f \u0430\u043a\u0442\u0438\u0432\u043d\u043e\u0433\u043e \u043e\u0442\u0434\u044b\u0445\u0430 \u0442\u0443\u0440\u0438\u0441\u0442\u0438\u0447\u0435\u0441\u043a\u0430\u044f \u044d\u043a\u0438\u043f\u0438\u0440\u043e\u0432\u043a\u0430 \u043e\u0434\u0435\u0436\u0434\u0430 \u0438 \u043e\u0431\u0443\u0432\u044c \u0434\u043b\u044f \u0445\u0430\u0439\u043a\u0438\u043d\u0433\u0430 \u0438 \u043f\u0443\u0442\u0435\u0448\u0435\u0441\u0442\u0432\u0438\u0439\"},{\"@type\":\"BreadcrumbList\",\"@id\":\"https:\/\/xstyle.md\/product\/vkladysh-v-spalnyj-meshok-sea-to-summit-stretch-liner-mummy\/#breadcrumb\",\"itemListElement\":[{\"@type\":\"ListItem\",\"position\":1,\"name\":\"\u0413\u043b\u0430\u0432\u043d\u0430\u044f \u0441\u0442\u0440\u0430\u043d\u0438\u0446\u0430\",\"item\":\"https:\/\/xstyle.md\/\"},{\"@type\":\"ListItem\",\"position\":2,\"name\":\"\u041c\u0430\u0433\u0430\u0437\u0438\u043d\",\"item\":\"https:\/\/xstyle.md\/shop\/\"},{\"@type\":\"ListItem\",\"position\":3,\"name\":\"\u0412\u043a\u043b\u0430\u0434\u044b\u0448 \u0432 \u0441\u043f\u0430\u043b\u044c\u043d\u044b\u0439 \u043c\u0435\u0448\u043e\u043a Sea to Summit Stretch Liner Mummy\"}]},{\"@type\":\"WebSite\",\"@id\":\"https:\/\/xstyle.md\/#website\",\"url\":\"https:\/\/xstyle.md\/\",\"name\":\"\u041c\u0430\u0433\u0430\u0437\u0438\u043d Xstyle\",\"description\":\"C\u043d\u0430\u0440\u044f\u0436\u0435\u043d\u0438\u0435 \u0434\u043b\u044f \u0442\u0443\u0440\u0438\u0437\u043c\u0430 \u0438 \u044d\u043a\u0441\u0442\u0440\u0435\u043c\u0430\u043b\u044c\u043d\u044b\u0445 \u0432\u0438\u0434\u043e\u0432 \u0441\u043f\u043e\u0440\u0442\u0430 \u0432 \u041c\u043e\u043b\u0434\u043e\u0432\u0435.. \u0426\u0435\u043d\u044b, \u0444\u043e\u0442\u043e, \u0445\u0430\u0440\u0430\u043a\u0442\u0435\u0440\u0438\u0441\u0442\u0438\u043a\u0438 \u0432 \u041c\u043e\u043b\u0434\u043e\u0432\u0435.\",\"publisher\":{\"@id\":\"https:\/\/xstyle.md\/#organization\"},\"alternateName\":\"X-Style\",\"potentialAction\":[{\"@type\":\"SearchAction\",\"target\":{\"@type\":\"EntryPoint\",\"urlTemplate\":\"https:\/\/xstyle.md\/?s={search_term_string}\"},\"query-input\":{\"@type\":\"PropertyValueSpecification\",\"valueRequired\":true,\"valueName\":\"search_term_string\"}}],\"inLanguage\":\"ro-RO\"},{\"@type\":\"Organization\",\"@id\":\"https:\/\/xstyle.md\/#organization\",\"name\":\"\u041c\u0430\u0433\u0430\u0437\u0438\u043d Xstyle\",\"alternateName\":\"x-style\",\"url\":\"https:\/\/xstyle.md\/\",\"logo\":{\"@type\":\"ImageObject\",\"inLanguage\":\"ro-RO\",\"@id\":\"https:\/\/xstyle.md\/#\/schema\/logo\/image\/\",\"url\":\"https:\/\/xstyle.md\/wp-content\/uploads\/2020\/06\/logoicon.svg\",\"contentUrl\":\"https:\/\/xstyle.md\/wp-content\/uploads\/2020\/06\/logoicon.svg\",\"caption\":\"\u041c\u0430\u0433\u0430\u0437\u0438\u043d Xstyle\"},\"image\":{\"@id\":\"https:\/\/xstyle.md\/#\/schema\/logo\/image\/\"},\"sameAs\":[\"https:\/\/www.facebook.com\/xstylemd\",\"https:\/\/www.instagram.com\/xstyle_md\/\",\"https:\/\/t.me\/xstyle_outdoor\"],\"hasMerchantReturnPolicy\":{\"@type\":\"MerchantReturnPolicy\",\"merchantReturnLink\":\"https:\/\/xstyle.md\/ro\/conditions\/\"}}]}<\/script>\n<meta property=\"product:price:amount\" content=\"1790.00\" \/>\n<meta property=\"product:price:currency\" content=\"MDL\" \/>\n<meta property=\"og:availability\" content=\"instock\" \/>\n<meta property=\"product:availability\" content=\"instock\" \/>\n<meta property=\"product:retailer_item_id\" content=\"9327868040209\" \/>\n<meta property=\"product:condition\" content=\"new\" \/>\n<!-- \/ Yoast SEO plugin. -->","yoast_head_json":{"title":"Lenjerie pentru sac de dormit Sea to Summit Stretch Liner Mummy - Magazin Xstyle","description":"\u00cenc\u0103rc\u0103torul Sea to Summit Stretch Liner Mummy \u2014 o protec\u021bie fiabil\u0103 pentru sacul vostru de dormit, care \u00eei prelunge\u0219te durata de via\u021b\u0103 \u0219i asigur\u0103 nop\u021bi confortabile \u00een drume\u021bii.","robots":{"index":"index","follow":"follow","max-snippet":"max-snippet:-1","max-image-preview":"max-image-preview:large","max-video-preview":"max-video-preview:-1"},"canonical":"https:\/\/xstyle.md\/ro\/produs\/vkladysh-v-spalnyj-meshok-sea-to-summit-stretch-liner-mummy\/","og_locale":"ro_RO","og_type":"article","og_title":"\u0412\u043a\u043b\u0430\u0434\u044b\u0448 \u0432 \u0441\u043f\u0430\u043b\u044c\u043d\u044b\u0439 \u043c\u0435\u0448\u043e\u043a Sea to Summit Stretch Liner Mummy - \u041c\u0430\u0433\u0430\u0437\u0438\u043d Xstyle","og_description":"\u0412\u043a\u043b\u0430\u0434\u044b\u0448 Sea to Summit Stretch Liner Mummy \u2014 \u043d\u0430\u0434\u0435\u0436\u043d\u0430\u044f \u0437\u0430\u0449\u0438\u0442\u0430 \u0434\u043b\u044f \u0432\u0430\u0448\u0435\u0433\u043e \u0441\u043f\u0430\u043b\u044c\u043d\u0438\u043a\u0430, \u043f\u0440\u043e\u0434\u043b\u0435\u0432\u0430\u044e\u0449\u0430\u044f \u0435\u0433\u043e \u0441\u0440\u043e\u043a \u0441\u043b\u0443\u0436\u0431\u044b \u0438 \u043e\u0431\u0435\u0441\u043f\u0435\u0447\u0438\u0432\u0430\u044e\u0449\u0430\u044f \u043a\u043e\u043c\u0444\u043e\u0440\u0442\u043d\u044b\u0435 \u043d\u043e\u0447\u0438 \u0432 \u043f\u043e\u0445\u043e\u0434\u0430\u0445.","og_url":"https:\/\/xstyle.md\/ro\/produs\/vkladysh-v-spalnyj-meshok-sea-to-summit-stretch-liner-mummy\/","og_site_name":"\u041c\u0430\u0433\u0430\u0437\u0438\u043d Xstyle","article_publisher":"https:\/\/www.facebook.com\/xstylemd","article_modified_time":"2024-10-21T06:55:09+00:00","og_image":[{"width":1191,"height":1259,"url":"https:\/\/xstyle.md\/wp-content\/uploads\/2022\/09\/sea-to-summit-stretch-liner-mummy-2.jpg","type":"image\/jpeg"}],"twitter_card":"summary_large_image","twitter_misc":{"Pre\u021b":"1.790&nbsp;MDL","Disponibilitate":"\u00cen stoc"},"schema":{"@context":"https:\/\/schema.org","@graph":[{"@type":"WebPage","@id":"https:\/\/xstyle.md\/product\/vkladysh-v-spalnyj-meshok-sea-to-summit-stretch-liner-mummy\/","url":"https:\/\/xstyle.md\/product\/vkladysh-v-spalnyj-meshok-sea-to-summit-stretch-liner-mummy\/","name":"Lenjerie pentru sac de dormit Sea to Summit Stretch Liner Mummy - Magazin Xstyle","isPartOf":{"@id":"https:\/\/xstyle.md\/#website"},"primaryImageOfPage":{"@id":"https:\/\/xstyle.md\/product\/vkladysh-v-spalnyj-meshok-sea-to-summit-stretch-liner-mummy\/#primaryimage"},"image":{"@id":"https:\/\/xstyle.md\/product\/vkladysh-v-spalnyj-meshok-sea-to-summit-stretch-liner-mummy\/#primaryimage"},"thumbnailUrl":"https:\/\/xstyle.md\/wp-content\/uploads\/2022\/09\/sea-to-summit-stretch-liner-mummy-2.jpg","datePublished":"2022-09-02T15:37:09+00:00","dateModified":"2024-10-21T06:55:09+00:00","description":"\u00cenc\u0103rc\u0103torul Sea to Summit Stretch Liner Mummy \u2014 o protec\u021bie fiabil\u0103 pentru sacul vostru de dormit, care \u00eei prelunge\u0219te durata de via\u021b\u0103 \u0219i asigur\u0103 nop\u021bi confortabile \u00een drume\u021bii.","breadcrumb":{"@id":"https:\/\/xstyle.md\/product\/vkladysh-v-spalnyj-meshok-sea-to-summit-stretch-liner-mummy\/#breadcrumb"},"inLanguage":"ro-RO","potentialAction":[{"@type":"ReadAction","target":["https:\/\/xstyle.md\/product\/vkladysh-v-spalnyj-meshok-sea-to-summit-stretch-liner-mummy\/"]}]},{"@type":"ImageObject","inLanguage":"ro-RO","@id":"https:\/\/xstyle.md\/product\/vkladysh-v-spalnyj-meshok-sea-to-summit-stretch-liner-mummy\/#primaryimage","url":"https:\/\/xstyle.md\/wp-content\/uploads\/2022\/09\/sea-to-summit-stretch-liner-mummy-2.jpg","contentUrl":"https:\/\/xstyle.md\/wp-content\/uploads\/2022\/09\/sea-to-summit-stretch-liner-mummy-2.jpg","width":1191,"height":1259,"caption":"\u0422\u0435\u043f\u043b\u044b\u0439 \u0432\u043a\u043b\u0430\u0434\u044b\u0448 \u0432 \u0441\u043f\u0430\u043b\u044c\u043d\u044b\u0439 \u043c\u0435\u0448\u043e\u043a Sea to Summit Stretch Liner Mummy \u0434\u043b\u044f \u0430\u043a\u0442\u0438\u0432\u043d\u043e\u0433\u043e \u043e\u0442\u0434\u044b\u0445\u0430 \u0442\u0443\u0440\u0438\u0441\u0442\u0438\u0447\u0435\u0441\u043a\u0430\u044f \u044d\u043a\u0438\u043f\u0438\u0440\u043e\u0432\u043a\u0430 \u043e\u0434\u0435\u0436\u0434\u0430 \u0438 \u043e\u0431\u0443\u0432\u044c \u0434\u043b\u044f \u0445\u0430\u0439\u043a\u0438\u043d\u0433\u0430 \u0438 \u043f\u0443\u0442\u0435\u0448\u0435\u0441\u0442\u0432\u0438\u0439"},{"@type":"BreadcrumbList","@id":"https:\/\/xstyle.md\/product\/vkladysh-v-spalnyj-meshok-sea-to-summit-stretch-liner-mummy\/#breadcrumb","itemListElement":[{"@type":"ListItem","position":1,"name":"\u0413\u043b\u0430\u0432\u043d\u0430\u044f \u0441\u0442\u0440\u0430\u043d\u0438\u0446\u0430","item":"https:\/\/xstyle.md\/"},{"@type":"ListItem","position":2,"name":"\u041c\u0430\u0433\u0430\u0437\u0438\u043d","item":"https:\/\/xstyle.md\/shop\/"},{"@type":"ListItem","position":3,"name":"\u0412\u043a\u043b\u0430\u0434\u044b\u0448 \u0432 \u0441\u043f\u0430\u043b\u044c\u043d\u044b\u0439 \u043c\u0435\u0448\u043e\u043a Sea to Summit Stretch Liner Mummy"}]},{"@type":"WebSite","@id":"https:\/\/xstyle.md\/#website","url":"https:\/\/xstyle.md\/","name":"Magazinul X-Style","description":"Echipamente pentru turism \u0219i sporturi extreme \u00een Moldova. Pre\u021buri, fotografii, caracteristici \u00een Moldova.","publisher":{"@id":"https:\/\/xstyle.md\/#organization"},"alternateName":"X-Style","potentialAction":[{"@type":"SearchAction","target":{"@type":"EntryPoint","urlTemplate":"https:\/\/xstyle.md\/?s={search_term_string}"},"query-input":{"@type":"PropertyValueSpecification","valueRequired":true,"valueName":"search_term_string"}}],"inLanguage":"ro-RO"},{"@type":"Organization","@id":"https:\/\/xstyle.md\/#organization","name":"Magazinul X-Style","alternateName":"x-style","url":"https:\/\/xstyle.md\/","logo":{"@type":"ImageObject","inLanguage":"ro-RO","@id":"https:\/\/xstyle.md\/#\/schema\/logo\/image\/","url":"https:\/\/xstyle.md\/wp-content\/uploads\/2020\/06\/logoicon.svg","contentUrl":"https:\/\/xstyle.md\/wp-content\/uploads\/2020\/06\/logoicon.svg","caption":"\u041c\u0430\u0433\u0430\u0437\u0438\u043d Xstyle"},"image":{"@id":"https:\/\/xstyle.md\/#\/schema\/logo\/image\/"},"sameAs":["https:\/\/www.facebook.com\/xstylemd","https:\/\/www.instagram.com\/xstyle_md\/","https:\/\/t.me\/xstyle_outdoor"],"hasMerchantReturnPolicy":{"@type":"MerchantReturnPolicy","merchantReturnLink":"https:\/\/xstyle.md\/ro\/conditions\/"}}]},"product_price_amount":"1790.00","product_price_currency":"MDL","og_availability":"instock","product_availability":"instock","product_retailer_item_id":"9327868040209","product_condition":"new"},"post_mailing_queue_ids":[],"_links":{"self":[{"href":"https:\/\/xstyle.md\/ro\/wp-json\/wp\/v2\/product\/54232","targetHints":{"allow":["GET"]}}],"collection":[{"href":"https:\/\/xstyle.md\/ro\/wp-json\/wp\/v2\/product"}],"about":[{"href":"https:\/\/xstyle.md\/ro\/wp-json\/wp\/v2\/types\/product"}],"replies":[{"embeddable":true,"href":"https:\/\/xstyle.md\/ro\/wp-json\/wp\/v2\/comments?post=54232"}],"wp:featuredmedia":[{"embeddable":true,"href":"https:\/\/xstyle.md\/ro\/wp-json\/wp\/v2\/media\/56736"}],"wp:attachment":[{"href":"https:\/\/xstyle.md\/ro\/wp-json\/wp\/v2\/media?parent=54232"}],"wp:term":[{"taxonomy":"product_brand","embeddable":true,"href":"https:\/\/xstyle.md\/ro\/wp-json\/wp\/v2\/product_brand?post=54232"},{"taxonomy":"product_cat","embeddable":true,"href":"https:\/\/xstyle.md\/ro\/wp-json\/wp\/v2\/product_cat?post=54232"},{"taxonomy":"product_tag","embeddable":true,"href":"https:\/\/xstyle.md\/ro\/wp-json\/wp\/v2\/product_tag?post=54232"}],"curies":[{"name":"wp","href":"https:\/\/api.w.org\/{rel}","templated":true}]}}