{"id":54209,"date":"2022-09-02T18:37:05","date_gmt":"2022-09-02T15:37:05","guid":{"rendered":"https:\/\/xstyle.md\/?post_type=product&#038;p=54209"},"modified":"2026-02-25T13:41:53","modified_gmt":"2026-02-25T10:41:53","slug":"ankernaya-stropa-petzl-treesbee","status":"publish","type":"product","link":"https:\/\/xstyle.md\/ro\/produs\/ankernaya-stropa-petzl-treesbee\/","title":{"rendered":"Lonj\u0103 de ancorare Petzl Treesbee"},"content":{"rendered":"<\/p>\n<p><strong>Lonj\u0103 de ancorare Petzl Treesbee<\/strong> este utilizat pentru a \u00eembun\u0103t\u0103\u021bi alunecarea fr\u00e2nghiei pe punctul de ancorare \u0219i pentru a proteja scoar\u021ba copacului. Dispozitivul este conceput pentru a fi utilizat cu fr\u00e2nghii cu capete \u00eembinate (nodul trece prin inelul mic). Inelele din o\u021bel galvanizat sunt puternice \u0219i durabile.<\/p>\n<h3>Particularit\u0103\u021bi<\/h3>\n<p><strong>Conceput pentru a lucra pe copaci:<\/strong><\/p>\n<ul>\n<li>protejeaz\u0103 trunchiul copacului \u0219i \u00eembun\u0103t\u0103\u021be\u0219te alunecarea fr\u00e2nghiei pe punctul de ancorare<\/li>\n<li>poate fi instalat\u0103 \u0219i recuperat\u0103 de la sol<\/li>\n<li>pra\u0219tie lat\u0103 \u0219i rigid\u0103 care nu este predispus\u0103 la r\u0103sucire<\/li>\n<li>adecvat\u0103 pentru utilizarea cu fr\u00e2nghii cu capete \u00eembinate (nodul trece prin inelul mic).<\/li>\n<li>grosimea tripl\u0103 a slingii pe partea inelului mare o face mai rigid\u0103, ceea ce este convenabil atunci c\u00e2nd scoate\u021bi slinga dintr-un copac.<\/li>\n<li>poate fi utilizat\u0103 de dou\u0103 persoane pentru lucr\u0103ri de salvare<\/li>\n<\/ul>\n<p><strong>Inelele din o\u021bel galvanizat sunt puternice \u0219i durabile:<\/strong><\/p>\n<ul>\n<li>diametrul inelului mare (interior\/exterior): 46\/70 mm<\/li>\n<li>diametrul inelului mic (interior\/exterior): 28\/52 mm<\/li>\n<li>Compatibile cu dispozitivele deta\u0219abile cu diametrul de 30 mm<\/li>\n<li>Disponibil \u00een dou\u0103 dimensiuni: 90 \u0219i 110 cm.<\/li>\n<\/ul>\n<h3>Caracteristici<\/h3>\n<ul>\n<li>Materiale &#8212; o\u021bel, nailon<\/li>\n<li>Rezisten\u021b\u0103 la rupere &#8212; 23 kN<\/li>\n<li>Diametrul maxim al cablului &#8212; 13 mm<\/li>\n<li>Certificare &#8212; CE EN 795 B, TS 16415<\/li>\n<\/ul>\n<h3>Marca<\/h3>\n<p>PETZL este un brand de renume mondial care produce echipamente specializate pentru alpinism, speologie, escalad\u0103 \u0219i alpinism industrial. Compania a fost fondat\u0103 de Fernand Petzel, un om cu o pasiune de o via\u021b\u0103 pentru speologie. La mijlocul anilor 1970, pasiunea sa \u0219i afacerea de familie s-au transformat \u00een ceva mai mult. Fernand a \u00eenceput s\u0103 modifice dispozitivele existente utilizate \u00een speologie \u0219i apoi s\u0103 inventeze unele complet noi.<\/p>\n<p>Gama de produse a companiei s-a extins c\u0103tre iluminat, deoarece \u00een \u00eentunericul pe\u0219terilor acesta este unul dintre cele mai importante echipamente necesare. Dup\u0103 speologie, PETZL creeaz\u0103 echipamente pentru alpini\u0219ti \u0219i alpini\u0219ti, iar apoi pentru lucrul la \u00een\u0103l\u021bime.<\/p>\n<p>Misiunea PETZL este de a crea instrumente inovatoare care s\u0103 permit\u0103 b\u0103rba\u021bilor \u0219i femeilor s\u0103 ating\u0103 noi \u00een\u0103l\u021bimi pe vertical\u0103 \u0219i s\u0103 lumineze drumul \u00een \u00eentuneric. Compania este \u00eentr-o c\u0103utare continu\u0103 a celei mai bune solu\u021bii \u00een toate domeniile de activitate. Performan\u021ba, ergonomia, confortul \u0219i, cel mai important, siguran\u021ba sunt cele mai importante criterii \u00een aceast\u0103 c\u0103utare. Accesul la inaccesibil, sau &#171;atingerea inaccesibilului&#187; este motto-ul s\u0103u de lung\u0103 durat\u0103.<\/p>\n<p><\/p>","protected":false},"excerpt":{"rendered":"","protected":false},"featured_media":56458,"comment_status":"open","ping_status":"closed","template":"","meta":{"_acf_changed":false,"inline_featured_image":false},"product_brand":[1270],"product_cat":[139,136],"product_tag":[],"class_list":{"0":"post-54209","1":"product","2":"type-product","3":"status-publish","4":"has-post-thumbnail","6":"product_brand-petzl","7":"product_cat-anchors","8":"product_cat-self-insurance","10":"first","11":"outofstock","12":"shipping-taxable","13":"product-type-simple"},"acf":[],"yoast_head":"<!-- This site is optimized with the Yoast SEO plugin v27.2 - https:\/\/yoast.com\/product\/yoast-seo-wordpress\/ -->\n<title>\u0410\u043d\u043a\u0435\u0440\u043d\u0430\u044f \u0441\u0442\u0440\u043e\u043f\u0430 Petzl Treesbee - \u041c\u0430\u0433\u0430\u0437\u0438\u043d Xstyle<\/title>\n<meta name=\"description\" content=\"\u041a\u0443\u043f\u0438\u0442\u0435 \u0430\u043d\u043a\u0435\u0440\u043d\u0443\u044e \u0441\u0442\u0440\u043e\u043f\u0443 Petzl Treesbee \u0434\u043b\u044f \u043d\u0430\u0434\u0435\u0436\u043d\u043e\u0439 \u0437\u0430\u0449\u0438\u0442\u044b \u0434\u0435\u0440\u0435\u0432\u0430 \u0438 \u0443\u043b\u0443\u0447\u0448\u0435\u043d\u0438\u044f \u0441\u043a\u043e\u043b\u044c\u0436\u0435\u043d\u0438\u044f \u0432\u0435\u0440\u0435\u0432\u043a\u0438. \u0412\u044b\u0441\u043e\u043a\u0430\u044f \u043f\u0440\u043e\u0447\u043d\u043e\u0441\u0442\u044c, \u0441\u0435\u0440\u0442\u0438\u0444\u0438\u043a\u0430\u0446\u0438\u044f CE EN 795 B.\" \/>\n<meta name=\"robots\" content=\"index, follow, max-snippet:-1, max-image-preview:large, max-video-preview:-1\" \/>\n<link rel=\"canonical\" href=\"https:\/\/xstyle.md\/ro\/produs\/ankernaya-stropa-petzl-treesbee\/\" \/>\n<meta property=\"og:locale\" content=\"ro_RO\" \/>\n<meta property=\"og:type\" content=\"article\" \/>\n<meta property=\"og:title\" content=\"\u0410\u043d\u043a\u0435\u0440\u043d\u0430\u044f \u0441\u0442\u0440\u043e\u043f\u0430 Petzl Treesbee - \u041c\u0430\u0433\u0430\u0437\u0438\u043d Xstyle\" \/>\n<meta property=\"og:description\" content=\"\u041a\u0443\u043f\u0438\u0442\u0435 \u0430\u043d\u043a\u0435\u0440\u043d\u0443\u044e \u0441\u0442\u0440\u043e\u043f\u0443 Petzl Treesbee \u0434\u043b\u044f \u043d\u0430\u0434\u0435\u0436\u043d\u043e\u0439 \u0437\u0430\u0449\u0438\u0442\u044b \u0434\u0435\u0440\u0435\u0432\u0430 \u0438 \u0443\u043b\u0443\u0447\u0448\u0435\u043d\u0438\u044f \u0441\u043a\u043e\u043b\u044c\u0436\u0435\u043d\u0438\u044f \u0432\u0435\u0440\u0435\u0432\u043a\u0438. \u0412\u044b\u0441\u043e\u043a\u0430\u044f \u043f\u0440\u043e\u0447\u043d\u043e\u0441\u0442\u044c, \u0441\u0435\u0440\u0442\u0438\u0444\u0438\u043a\u0430\u0446\u0438\u044f CE EN 795 B.\" \/>\n<meta property=\"og:url\" content=\"https:\/\/xstyle.md\/ro\/produs\/ankernaya-stropa-petzl-treesbee\/\" \/>\n<meta property=\"og:site_name\" content=\"\u041c\u0430\u0433\u0430\u0437\u0438\u043d Xstyle\" \/>\n<meta property=\"article:publisher\" content=\"https:\/\/www.facebook.com\/xstylemd\" \/>\n<meta property=\"article:modified_time\" content=\"2026-02-25T10:41:53+00:00\" \/>\n<meta property=\"og:image\" content=\"https:\/\/xstyle.md\/wp-content\/uploads\/2022\/09\/petzl-treesbee.jpeg\" \/>\n\t<meta property=\"og:image:width\" content=\"1267\" \/>\n\t<meta property=\"og:image:height\" content=\"1260\" \/>\n\t<meta property=\"og:image:type\" content=\"image\/jpeg\" \/>\n<meta name=\"twitter:card\" content=\"summary_large_image\" \/>\n<meta name=\"twitter:label1\" content=\"Pre\u021b\" \/>\n\t<meta name=\"twitter:data1\" content=\"1.130&nbsp;MDL\" \/>\n\t<meta name=\"twitter:label2\" content=\"Disponibilitate\" \/>\n\t<meta name=\"twitter:data2\" content=\"Stoc epuizat\" \/>\n<script type=\"application\/ld+json\" class=\"yoast-schema-graph\">{\"@context\":\"https:\/\/schema.org\",\"@graph\":[{\"@type\":\"WebPage\",\"@id\":\"https:\/\/xstyle.md\/product\/ankernaya-stropa-petzl-treesbee\/\",\"url\":\"https:\/\/xstyle.md\/product\/ankernaya-stropa-petzl-treesbee\/\",\"name\":\"\u0410\u043d\u043a\u0435\u0440\u043d\u0430\u044f \u0441\u0442\u0440\u043e\u043f\u0430 Petzl Treesbee - \u041c\u0430\u0433\u0430\u0437\u0438\u043d Xstyle\",\"isPartOf\":{\"@id\":\"https:\/\/xstyle.md\/#website\"},\"primaryImageOfPage\":{\"@id\":\"https:\/\/xstyle.md\/product\/ankernaya-stropa-petzl-treesbee\/#primaryimage\"},\"image\":{\"@id\":\"https:\/\/xstyle.md\/product\/ankernaya-stropa-petzl-treesbee\/#primaryimage\"},\"thumbnailUrl\":\"https:\/\/xstyle.md\/wp-content\/uploads\/2022\/09\/petzl-treesbee.jpeg\",\"datePublished\":\"2022-09-02T15:37:05+00:00\",\"dateModified\":\"2026-02-25T10:41:53+00:00\",\"description\":\"\u041a\u0443\u043f\u0438\u0442\u0435 \u0430\u043d\u043a\u0435\u0440\u043d\u0443\u044e \u0441\u0442\u0440\u043e\u043f\u0443 Petzl Treesbee \u0434\u043b\u044f \u043d\u0430\u0434\u0435\u0436\u043d\u043e\u0439 \u0437\u0430\u0449\u0438\u0442\u044b \u0434\u0435\u0440\u0435\u0432\u0430 \u0438 \u0443\u043b\u0443\u0447\u0448\u0435\u043d\u0438\u044f \u0441\u043a\u043e\u043b\u044c\u0436\u0435\u043d\u0438\u044f \u0432\u0435\u0440\u0435\u0432\u043a\u0438. \u0412\u044b\u0441\u043e\u043a\u0430\u044f \u043f\u0440\u043e\u0447\u043d\u043e\u0441\u0442\u044c, \u0441\u0435\u0440\u0442\u0438\u0444\u0438\u043a\u0430\u0446\u0438\u044f CE EN 795 B.\",\"breadcrumb\":{\"@id\":\"https:\/\/xstyle.md\/product\/ankernaya-stropa-petzl-treesbee\/#breadcrumb\"},\"inLanguage\":\"ro-RO\",\"potentialAction\":[{\"@type\":\"ReadAction\",\"target\":[\"https:\/\/xstyle.md\/product\/ankernaya-stropa-petzl-treesbee\/\"]}]},{\"@type\":\"ImageObject\",\"inLanguage\":\"ro-RO\",\"@id\":\"https:\/\/xstyle.md\/product\/ankernaya-stropa-petzl-treesbee\/#primaryimage\",\"url\":\"https:\/\/xstyle.md\/wp-content\/uploads\/2022\/09\/petzl-treesbee.jpeg\",\"contentUrl\":\"https:\/\/xstyle.md\/wp-content\/uploads\/2022\/09\/petzl-treesbee.jpeg\",\"width\":1267,\"height\":1260,\"caption\":\"\u0422\u0440\u043e\u0441 \u0434\u043b\u044f \u0430\u043b\u044c\u043f\u0438\u043d\u0438\u0437\u043c\u0430 \u0438 \u0441\u043a\u0430\u043b\u043e\u043b\u0430\u0437\u0430\u043d\u0438\u044f Petzl Treesbee \u0434\u043b\u044f \u0430\u043a\u0442\u0438\u0432\u043d\u043e\u0433\u043e \u043e\u0442\u0434\u044b\u0445\u0430 \u0438 \u043f\u0443\u0442\u0435\u0448\u0435\u0441\u0442\u0432\u0438\u0439, \u044d\u043a\u0438\u043f\u0438\u0440\u043e\u0432\u043a\u0430 \u0434\u043b\u044f hiking \u0438 mountaineering\"},{\"@type\":\"BreadcrumbList\",\"@id\":\"https:\/\/xstyle.md\/product\/ankernaya-stropa-petzl-treesbee\/#breadcrumb\",\"itemListElement\":[{\"@type\":\"ListItem\",\"position\":1,\"name\":\"\u0413\u043b\u0430\u0432\u043d\u0430\u044f \u0441\u0442\u0440\u0430\u043d\u0438\u0446\u0430\",\"item\":\"https:\/\/xstyle.md\/\"},{\"@type\":\"ListItem\",\"position\":2,\"name\":\"\u041c\u0430\u0433\u0430\u0437\u0438\u043d\",\"item\":\"https:\/\/xstyle.md\/shop\/\"},{\"@type\":\"ListItem\",\"position\":3,\"name\":\"\u0410\u043d\u043a\u0435\u0440\u043d\u0430\u044f \u0441\u0442\u0440\u043e\u043f\u0430 Petzl Treesbee\"}]},{\"@type\":\"WebSite\",\"@id\":\"https:\/\/xstyle.md\/#website\",\"url\":\"https:\/\/xstyle.md\/\",\"name\":\"\u041c\u0430\u0433\u0430\u0437\u0438\u043d Xstyle\",\"description\":\"C\u043d\u0430\u0440\u044f\u0436\u0435\u043d\u0438\u0435 \u0434\u043b\u044f \u0442\u0443\u0440\u0438\u0437\u043c\u0430 \u0438 \u044d\u043a\u0441\u0442\u0440\u0435\u043c\u0430\u043b\u044c\u043d\u044b\u0445 \u0432\u0438\u0434\u043e\u0432 \u0441\u043f\u043e\u0440\u0442\u0430 \u0432 \u041c\u043e\u043b\u0434\u043e\u0432\u0435.. \u0426\u0435\u043d\u044b, \u0444\u043e\u0442\u043e, \u0445\u0430\u0440\u0430\u043a\u0442\u0435\u0440\u0438\u0441\u0442\u0438\u043a\u0438 \u0432 \u041c\u043e\u043b\u0434\u043e\u0432\u0435.\",\"publisher\":{\"@id\":\"https:\/\/xstyle.md\/#organization\"},\"alternateName\":\"X-Style\",\"potentialAction\":[{\"@type\":\"SearchAction\",\"target\":{\"@type\":\"EntryPoint\",\"urlTemplate\":\"https:\/\/xstyle.md\/?s={search_term_string}\"},\"query-input\":{\"@type\":\"PropertyValueSpecification\",\"valueRequired\":true,\"valueName\":\"search_term_string\"}}],\"inLanguage\":\"ro-RO\"},{\"@type\":\"Organization\",\"@id\":\"https:\/\/xstyle.md\/#organization\",\"name\":\"\u041c\u0430\u0433\u0430\u0437\u0438\u043d Xstyle\",\"alternateName\":\"x-style\",\"url\":\"https:\/\/xstyle.md\/\",\"logo\":{\"@type\":\"ImageObject\",\"inLanguage\":\"ro-RO\",\"@id\":\"https:\/\/xstyle.md\/#\/schema\/logo\/image\/\",\"url\":\"https:\/\/xstyle.md\/wp-content\/uploads\/2020\/06\/logoicon.svg\",\"contentUrl\":\"https:\/\/xstyle.md\/wp-content\/uploads\/2020\/06\/logoicon.svg\",\"caption\":\"\u041c\u0430\u0433\u0430\u0437\u0438\u043d Xstyle\"},\"image\":{\"@id\":\"https:\/\/xstyle.md\/#\/schema\/logo\/image\/\"},\"sameAs\":[\"https:\/\/www.facebook.com\/xstylemd\",\"https:\/\/www.instagram.com\/xstyle_md\/\",\"https:\/\/t.me\/xstyle_outdoor\"],\"hasMerchantReturnPolicy\":{\"@type\":\"MerchantReturnPolicy\",\"merchantReturnLink\":\"https:\/\/xstyle.md\/ro\/conditions\/\"}}]}<\/script>\n<meta property=\"product:price:amount\" content=\"1130.00\" \/>\n<meta property=\"product:price:currency\" content=\"MDL\" \/>\n<meta property=\"og:availability\" content=\"out of stock\" \/>\n<meta property=\"product:availability\" content=\"out of stock\" \/>\n<meta property=\"product:retailer_item_id\" content=\"3342540084759\" \/>\n<meta property=\"product:condition\" content=\"new\" \/>\n<!-- \/ Yoast SEO plugin. -->","yoast_head_json":{"title":"Lonj\u0103 de ancorare Petzl Treesbee - Magazin Xstyle","description":"Cump\u0103ra\u021bi un ham de ancorare Petzl Treesbee pentru o protec\u021bie fiabil\u0103 a copacului \u0219i pentru a \u00eembun\u0103t\u0103\u021bi alunecarea fr\u00e2nghiei. Rezisten\u021b\u0103 mare, certificare CE EN 795 B.","robots":{"index":"index","follow":"follow","max-snippet":"max-snippet:-1","max-image-preview":"max-image-preview:large","max-video-preview":"max-video-preview:-1"},"canonical":"https:\/\/xstyle.md\/ro\/produs\/ankernaya-stropa-petzl-treesbee\/","og_locale":"ro_RO","og_type":"article","og_title":"\u0410\u043d\u043a\u0435\u0440\u043d\u0430\u044f \u0441\u0442\u0440\u043e\u043f\u0430 Petzl Treesbee - \u041c\u0430\u0433\u0430\u0437\u0438\u043d Xstyle","og_description":"\u041a\u0443\u043f\u0438\u0442\u0435 \u0430\u043d\u043a\u0435\u0440\u043d\u0443\u044e \u0441\u0442\u0440\u043e\u043f\u0443 Petzl Treesbee \u0434\u043b\u044f \u043d\u0430\u0434\u0435\u0436\u043d\u043e\u0439 \u0437\u0430\u0449\u0438\u0442\u044b \u0434\u0435\u0440\u0435\u0432\u0430 \u0438 \u0443\u043b\u0443\u0447\u0448\u0435\u043d\u0438\u044f \u0441\u043a\u043e\u043b\u044c\u0436\u0435\u043d\u0438\u044f \u0432\u0435\u0440\u0435\u0432\u043a\u0438. \u0412\u044b\u0441\u043e\u043a\u0430\u044f \u043f\u0440\u043e\u0447\u043d\u043e\u0441\u0442\u044c, \u0441\u0435\u0440\u0442\u0438\u0444\u0438\u043a\u0430\u0446\u0438\u044f CE EN 795 B.","og_url":"https:\/\/xstyle.md\/ro\/produs\/ankernaya-stropa-petzl-treesbee\/","og_site_name":"\u041c\u0430\u0433\u0430\u0437\u0438\u043d Xstyle","article_publisher":"https:\/\/www.facebook.com\/xstylemd","article_modified_time":"2026-02-25T10:41:53+00:00","og_image":[{"width":1267,"height":1260,"url":"https:\/\/xstyle.md\/wp-content\/uploads\/2022\/09\/petzl-treesbee.jpeg","type":"image\/jpeg"}],"twitter_card":"summary_large_image","twitter_misc":{"Pre\u021b":"1.130&nbsp;MDL","Disponibilitate":"Stoc epuizat"},"schema":{"@context":"https:\/\/schema.org","@graph":[{"@type":"WebPage","@id":"https:\/\/xstyle.md\/product\/ankernaya-stropa-petzl-treesbee\/","url":"https:\/\/xstyle.md\/product\/ankernaya-stropa-petzl-treesbee\/","name":"Lonj\u0103 de ancorare Petzl Treesbee - Magazin Xstyle","isPartOf":{"@id":"https:\/\/xstyle.md\/#website"},"primaryImageOfPage":{"@id":"https:\/\/xstyle.md\/product\/ankernaya-stropa-petzl-treesbee\/#primaryimage"},"image":{"@id":"https:\/\/xstyle.md\/product\/ankernaya-stropa-petzl-treesbee\/#primaryimage"},"thumbnailUrl":"https:\/\/xstyle.md\/wp-content\/uploads\/2022\/09\/petzl-treesbee.jpeg","datePublished":"2022-09-02T15:37:05+00:00","dateModified":"2026-02-25T10:41:53+00:00","description":"Cump\u0103ra\u021bi un ham de ancorare Petzl Treesbee pentru o protec\u021bie fiabil\u0103 a copacului \u0219i pentru a \u00eembun\u0103t\u0103\u021bi alunecarea fr\u00e2nghiei. Rezisten\u021b\u0103 mare, certificare CE EN 795 B.","breadcrumb":{"@id":"https:\/\/xstyle.md\/product\/ankernaya-stropa-petzl-treesbee\/#breadcrumb"},"inLanguage":"ro-RO","potentialAction":[{"@type":"ReadAction","target":["https:\/\/xstyle.md\/product\/ankernaya-stropa-petzl-treesbee\/"]}]},{"@type":"ImageObject","inLanguage":"ro-RO","@id":"https:\/\/xstyle.md\/product\/ankernaya-stropa-petzl-treesbee\/#primaryimage","url":"https:\/\/xstyle.md\/wp-content\/uploads\/2022\/09\/petzl-treesbee.jpeg","contentUrl":"https:\/\/xstyle.md\/wp-content\/uploads\/2022\/09\/petzl-treesbee.jpeg","width":1267,"height":1260,"caption":"\u0422\u0440\u043e\u0441 \u0434\u043b\u044f \u0430\u043b\u044c\u043f\u0438\u043d\u0438\u0437\u043c\u0430 \u0438 \u0441\u043a\u0430\u043b\u043e\u043b\u0430\u0437\u0430\u043d\u0438\u044f Petzl Treesbee \u0434\u043b\u044f \u0430\u043a\u0442\u0438\u0432\u043d\u043e\u0433\u043e \u043e\u0442\u0434\u044b\u0445\u0430 \u0438 \u043f\u0443\u0442\u0435\u0448\u0435\u0441\u0442\u0432\u0438\u0439, \u044d\u043a\u0438\u043f\u0438\u0440\u043e\u0432\u043a\u0430 \u0434\u043b\u044f hiking \u0438 mountaineering"},{"@type":"BreadcrumbList","@id":"https:\/\/xstyle.md\/product\/ankernaya-stropa-petzl-treesbee\/#breadcrumb","itemListElement":[{"@type":"ListItem","position":1,"name":"\u0413\u043b\u0430\u0432\u043d\u0430\u044f \u0441\u0442\u0440\u0430\u043d\u0438\u0446\u0430","item":"https:\/\/xstyle.md\/"},{"@type":"ListItem","position":2,"name":"\u041c\u0430\u0433\u0430\u0437\u0438\u043d","item":"https:\/\/xstyle.md\/shop\/"},{"@type":"ListItem","position":3,"name":"\u0410\u043d\u043a\u0435\u0440\u043d\u0430\u044f \u0441\u0442\u0440\u043e\u043f\u0430 Petzl Treesbee"}]},{"@type":"WebSite","@id":"https:\/\/xstyle.md\/#website","url":"https:\/\/xstyle.md\/","name":"Magazinul X-Style","description":"Echipamente pentru turism \u0219i sporturi extreme \u00een Moldova. Pre\u021buri, fotografii, caracteristici \u00een Moldova.","publisher":{"@id":"https:\/\/xstyle.md\/#organization"},"alternateName":"X-Style","potentialAction":[{"@type":"SearchAction","target":{"@type":"EntryPoint","urlTemplate":"https:\/\/xstyle.md\/?s={search_term_string}"},"query-input":{"@type":"PropertyValueSpecification","valueRequired":true,"valueName":"search_term_string"}}],"inLanguage":"ro-RO"},{"@type":"Organization","@id":"https:\/\/xstyle.md\/#organization","name":"Magazinul X-Style","alternateName":"x-style","url":"https:\/\/xstyle.md\/","logo":{"@type":"ImageObject","inLanguage":"ro-RO","@id":"https:\/\/xstyle.md\/#\/schema\/logo\/image\/","url":"https:\/\/xstyle.md\/wp-content\/uploads\/2020\/06\/logoicon.svg","contentUrl":"https:\/\/xstyle.md\/wp-content\/uploads\/2020\/06\/logoicon.svg","caption":"\u041c\u0430\u0433\u0430\u0437\u0438\u043d Xstyle"},"image":{"@id":"https:\/\/xstyle.md\/#\/schema\/logo\/image\/"},"sameAs":["https:\/\/www.facebook.com\/xstylemd","https:\/\/www.instagram.com\/xstyle_md\/","https:\/\/t.me\/xstyle_outdoor"],"hasMerchantReturnPolicy":{"@type":"MerchantReturnPolicy","merchantReturnLink":"https:\/\/xstyle.md\/ro\/conditions\/"}}]},"product_price_amount":"1130.00","product_price_currency":"MDL","og_availability":"out of stock","product_availability":"out of stock","product_retailer_item_id":"3342540084759","product_condition":"new"},"post_mailing_queue_ids":[],"_links":{"self":[{"href":"https:\/\/xstyle.md\/ro\/wp-json\/wp\/v2\/product\/54209","targetHints":{"allow":["GET"]}}],"collection":[{"href":"https:\/\/xstyle.md\/ro\/wp-json\/wp\/v2\/product"}],"about":[{"href":"https:\/\/xstyle.md\/ro\/wp-json\/wp\/v2\/types\/product"}],"replies":[{"embeddable":true,"href":"https:\/\/xstyle.md\/ro\/wp-json\/wp\/v2\/comments?post=54209"}],"wp:featuredmedia":[{"embeddable":true,"href":"https:\/\/xstyle.md\/ro\/wp-json\/wp\/v2\/media\/56458"}],"wp:attachment":[{"href":"https:\/\/xstyle.md\/ro\/wp-json\/wp\/v2\/media?parent=54209"}],"wp:term":[{"taxonomy":"product_brand","embeddable":true,"href":"https:\/\/xstyle.md\/ro\/wp-json\/wp\/v2\/product_brand?post=54209"},{"taxonomy":"product_cat","embeddable":true,"href":"https:\/\/xstyle.md\/ro\/wp-json\/wp\/v2\/product_cat?post=54209"},{"taxonomy":"product_tag","embeddable":true,"href":"https:\/\/xstyle.md\/ro\/wp-json\/wp\/v2\/product_tag?post=54209"}],"curies":[{"name":"wp","href":"https:\/\/api.w.org\/{rel}","templated":true}]}}