{"id":54195,"date":"2022-09-02T18:37:03","date_gmt":"2022-09-02T15:37:03","guid":{"rendered":"https:\/\/xstyle.md\/?post_type=product&#038;p=54195"},"modified":"2025-08-08T15:52:25","modified_gmt":"2025-08-08T12:52:25","slug":"remnabor-mcnett-tenacious-tape-flex-patches","status":"publish","type":"product","link":"https:\/\/xstyle.md\/ro\/produs\/remnabor-mcnett-tenacious-tape-flex-patches\/","title":{"rendered":"Set reparatie McNett Tenacious Tape Flex Patches"},"content":{"rendered":"<\/p>\n<p><strong>McNett Tenacious Tape Flex Patches<\/strong> &#8212; set de dou\u0103 plasturi elastici cu suport adeziv pentru repara\u021bii instantanee pe teren. Potrivite pentru repararea at\u00e2t a g\u0103urilor mici, c\u00e2t \u0219i a celor destul de mari, a rupturilor \u0219i a zg\u00e2rieturilor la majoritatea tipurilor de echipamente de camping, de ap\u0103, de pescuit, de odihna \u0219i de camping.<\/p>\n<p>Domenii de utilizare a trusei de repara\u021bii: produse din plastic, cauciuc, \u021bes\u0103tur\u0103 \u0219i vinil, echipamente \u0219i \u00eembr\u0103c\u0103minte pentru drume\u021bii, gen\u021bi de transport, grommobile \u0219i gen\u021bi, b\u0103rci \u0219i vele, echipamente pentru sporturi nautice, saltele \u0219i pelerine pneumatice, anvelope \u0219i c\u0103\u0219ti de biciclet\u0103, copertine \u0219i corturi.<\/p>\n<h3>Particularit\u0103\u021bi<\/h3>\n<ul>\n<li>Baza de plasture din poliuretan sub\u021bire, flexibil \u0219i incolor<\/li>\n<li>Adezivul aplicat pe substrat are propriet\u0103\u021bi adezive ridicate<\/li>\n<li>Flexibil, moale \u0219i rezistent la ap\u0103 dup\u0103 lipirea produsului<\/li>\n<li>Potrivit pentru repararea \u021bes\u0103turilor naturale \u0219i sintetice, a cauciucului, neoprenului, pielii, vinilului \u0219i plasticului<\/li>\n<li>Plasturii nu se \u00eeng\u0103lbenesc atunci c\u00e2nd sunt expu\u0219i la lumina soarelui.<\/li>\n<\/ul>\n<h3>Caracteristici<\/h3>\n<ul>\n<li>Cantitate &#8212; 2 buc\u0103\u021bi<\/li>\n<li>Dimensiune &#8212; 7,6 x 12,7 cm.<\/li>\n<\/ul>\n<p><\/p>","protected":false},"excerpt":{"rendered":"","protected":false},"featured_media":56514,"comment_status":"open","ping_status":"closed","template":"","meta":{"_acf_changed":false,"inline_featured_image":false},"product_brand":[1346],"product_cat":[300,312,358,378],"product_tag":[],"class_list":{"0":"post-54195","1":"product","2":"type-product","3":"status-publish","4":"has-post-thumbnail","6":"product_brand-mcnett","7":"product_cat-accesorii-pentru-hamac","8":"product_cat-accessories-for-tents","9":"product_cat-aqua-accessories-and-repair-kits","10":"product_cat-sleeping-bags-accessories","12":"first","13":"instock","14":"shipping-taxable","15":"purchasable","16":"product-type-simple"},"acf":[],"yoast_head":"<!-- This site is optimized with the Yoast SEO plugin v27.4 - https:\/\/yoast.com\/product\/yoast-seo-wordpress\/ -->\n<title>\u0420\u0435\u043c\u043d\u0430\u0431\u043e\u0440 McNett Tenacious Tape Flex Patches - \u041c\u0430\u0433\u0430\u0437\u0438\u043d Xstyle<\/title>\n<meta name=\"description\" content=\"\u0420\u0435\u043c\u043d\u0430\u0431\u043e\u0440 McNett Tenacious Tape Flex Patches - \u0438\u0434\u0435\u0430\u043b\u044c\u043d\u043e\u0435 \u0440\u0435\u0448\u0435\u043d\u0438\u0435 \u0434\u043b\u044f \u0431\u044b\u0441\u0442\u0440\u043e\u0433\u043e \u0440\u0435\u043c\u043e\u043d\u0442\u0430 \u043b\u0430\u0433\u0435\u0440\u043d\u043e\u0433\u043e \u0441\u043d\u0430\u0440\u044f\u0436\u0435\u043d\u0438\u044f. \u0423\u0441\u0442\u043e\u0439\u0447\u0438\u0432\u044b \u043a \u043f\u043e\u0432\u0440\u0435\u0436\u0434\u0435\u043d\u0438\u044f\u043c \u0438 \u043b\u0435\u0433\u043a\u043e \u043d\u0430\u043a\u043b\u0435\u0438\u0432\u0430\u044e\u0442\u0441\u044f!\" \/>\n<meta name=\"robots\" content=\"index, follow, max-snippet:-1, max-image-preview:large, max-video-preview:-1\" \/>\n<link rel=\"canonical\" href=\"https:\/\/xstyle.md\/ro\/produs\/remnabor-mcnett-tenacious-tape-flex-patches\/\" \/>\n<meta property=\"og:locale\" content=\"ro_RO\" \/>\n<meta property=\"og:type\" content=\"article\" \/>\n<meta property=\"og:title\" content=\"\u0420\u0435\u043c\u043d\u0430\u0431\u043e\u0440 McNett Tenacious Tape Flex Patches - \u041c\u0430\u0433\u0430\u0437\u0438\u043d Xstyle\" \/>\n<meta property=\"og:description\" content=\"\u0420\u0435\u043c\u043d\u0430\u0431\u043e\u0440 McNett Tenacious Tape Flex Patches - \u0438\u0434\u0435\u0430\u043b\u044c\u043d\u043e\u0435 \u0440\u0435\u0448\u0435\u043d\u0438\u0435 \u0434\u043b\u044f \u0431\u044b\u0441\u0442\u0440\u043e\u0433\u043e \u0440\u0435\u043c\u043e\u043d\u0442\u0430 \u043b\u0430\u0433\u0435\u0440\u043d\u043e\u0433\u043e \u0441\u043d\u0430\u0440\u044f\u0436\u0435\u043d\u0438\u044f. \u0423\u0441\u0442\u043e\u0439\u0447\u0438\u0432\u044b \u043a \u043f\u043e\u0432\u0440\u0435\u0436\u0434\u0435\u043d\u0438\u044f\u043c \u0438 \u043b\u0435\u0433\u043a\u043e \u043d\u0430\u043a\u043b\u0435\u0438\u0432\u0430\u044e\u0442\u0441\u044f!\" \/>\n<meta property=\"og:url\" content=\"https:\/\/xstyle.md\/ro\/produs\/remnabor-mcnett-tenacious-tape-flex-patches\/\" \/>\n<meta property=\"og:site_name\" content=\"\u041c\u0430\u0433\u0430\u0437\u0438\u043d Xstyle\" \/>\n<meta property=\"article:publisher\" content=\"https:\/\/www.facebook.com\/xstylemd\" \/>\n<meta property=\"article:modified_time\" content=\"2025-08-08T12:52:25+00:00\" \/>\n<meta property=\"og:image\" content=\"https:\/\/xstyle.md\/wp-content\/uploads\/2022\/09\/mcnett-tenacious-tape-flex-patches.jpg\" \/>\n\t<meta property=\"og:image:width\" content=\"1000\" \/>\n\t<meta property=\"og:image:height\" content=\"1000\" \/>\n\t<meta property=\"og:image:type\" content=\"image\/jpeg\" \/>\n<meta name=\"twitter:card\" content=\"summary_large_image\" \/>\n<meta name=\"twitter:label1\" content=\"Pre\u021b\" \/>\n\t<meta name=\"twitter:data1\" content=\"230&nbsp;MDL\" \/>\n\t<meta name=\"twitter:label2\" content=\"Disponibilitate\" \/>\n\t<meta name=\"twitter:data2\" content=\"\u00cen stoc\" \/>\n<script type=\"application\/ld+json\" class=\"yoast-schema-graph\">{\"@context\":\"https:\\\/\\\/schema.org\",\"@graph\":[{\"@type\":\"WebPage\",\"@id\":\"https:\\\/\\\/xstyle.md\\\/product\\\/remnabor-mcnett-tenacious-tape-flex-patches\\\/\",\"url\":\"https:\\\/\\\/xstyle.md\\\/product\\\/remnabor-mcnett-tenacious-tape-flex-patches\\\/\",\"name\":\"\u0420\u0435\u043c\u043d\u0430\u0431\u043e\u0440 McNett Tenacious Tape Flex Patches - \u041c\u0430\u0433\u0430\u0437\u0438\u043d Xstyle\",\"isPartOf\":{\"@id\":\"https:\\\/\\\/xstyle.md\\\/#website\"},\"primaryImageOfPage\":{\"@id\":\"https:\\\/\\\/xstyle.md\\\/product\\\/remnabor-mcnett-tenacious-tape-flex-patches\\\/#primaryimage\"},\"image\":{\"@id\":\"https:\\\/\\\/xstyle.md\\\/product\\\/remnabor-mcnett-tenacious-tape-flex-patches\\\/#primaryimage\"},\"thumbnailUrl\":\"https:\\\/\\\/xstyle.md\\\/wp-content\\\/uploads\\\/2022\\\/09\\\/mcnett-tenacious-tape-flex-patches.jpg\",\"datePublished\":\"2022-09-02T15:37:03+00:00\",\"dateModified\":\"2025-08-08T12:52:25+00:00\",\"description\":\"\u0420\u0435\u043c\u043d\u0430\u0431\u043e\u0440 McNett Tenacious Tape Flex Patches - \u0438\u0434\u0435\u0430\u043b\u044c\u043d\u043e\u0435 \u0440\u0435\u0448\u0435\u043d\u0438\u0435 \u0434\u043b\u044f \u0431\u044b\u0441\u0442\u0440\u043e\u0433\u043e \u0440\u0435\u043c\u043e\u043d\u0442\u0430 \u043b\u0430\u0433\u0435\u0440\u043d\u043e\u0433\u043e \u0441\u043d\u0430\u0440\u044f\u0436\u0435\u043d\u0438\u044f. \u0423\u0441\u0442\u043e\u0439\u0447\u0438\u0432\u044b \u043a \u043f\u043e\u0432\u0440\u0435\u0436\u0434\u0435\u043d\u0438\u044f\u043c \u0438 \u043b\u0435\u0433\u043a\u043e \u043d\u0430\u043a\u043b\u0435\u0438\u0432\u0430\u044e\u0442\u0441\u044f!\",\"breadcrumb\":{\"@id\":\"https:\\\/\\\/xstyle.md\\\/product\\\/remnabor-mcnett-tenacious-tape-flex-patches\\\/#breadcrumb\"},\"inLanguage\":\"ro-RO\",\"potentialAction\":[{\"@type\":\"ReadAction\",\"target\":[\"https:\\\/\\\/xstyle.md\\\/product\\\/remnabor-mcnett-tenacious-tape-flex-patches\\\/\"]}]},{\"@type\":\"ImageObject\",\"inLanguage\":\"ro-RO\",\"@id\":\"https:\\\/\\\/xstyle.md\\\/product\\\/remnabor-mcnett-tenacious-tape-flex-patches\\\/#primaryimage\",\"url\":\"https:\\\/\\\/xstyle.md\\\/wp-content\\\/uploads\\\/2022\\\/09\\\/mcnett-tenacious-tape-flex-patches.jpg\",\"contentUrl\":\"https:\\\/\\\/xstyle.md\\\/wp-content\\\/uploads\\\/2022\\\/09\\\/mcnett-tenacious-tape-flex-patches.jpg\",\"width\":1000,\"height\":1000,\"caption\":\"\u0420\u0435\u043c\u043d\u0430\u0431\u043e\u0440 \u0434\u043b\u044f \u0430\u043a\u0442\u0438\u0432\u043d\u043e\u0433\u043e \u043e\u0442\u0434\u044b\u0445\u0430 \u043d\u0430 \u043f\u0440\u0438\u0440\u043e\u0434\u0435 McNett Tenacious Tape Flex Patches \u043a\u0443\u043f\u0438\u0442\u044c \u0434\u043b\u044f \u0442\u0443\u0440\u0438\u0441\u0442\u0438\u0447\u0435\u0441\u043a\u043e\u0433\u043e \u0441\u043d\u0430\u0440\u044f\u0436\u0435\u043d\u0438\u044f \u044d\u043a\u0438\u043f\u0438\u0440\u043e\u0432\u043a\u0438 \u043e\u0431\u0443\u0432\u0438 \u0438 \u043e\u0434\u0435\u0436\u0434\u044b \u0434\u043b\u044f \u043f\u0443\u0442\u0435\u0448\u0435\u0441\u0442\u0432\u0438\u0439 \u0438 \u0430\u043b\u044c\u043f\u0438\u043d\u0438\u0437\u043c\u0430 \u0432 \u043e\u043d\u043b\u0430\u0439\u043d \u043c\u0430\u0433\u0430\u0437\u0438\u043d\u0435\"},{\"@type\":\"BreadcrumbList\",\"@id\":\"https:\\\/\\\/xstyle.md\\\/product\\\/remnabor-mcnett-tenacious-tape-flex-patches\\\/#breadcrumb\",\"itemListElement\":[{\"@type\":\"ListItem\",\"position\":1,\"name\":\"\u0413\u043b\u0430\u0432\u043d\u0430\u044f \u0441\u0442\u0440\u0430\u043d\u0438\u0446\u0430\",\"item\":\"https:\\\/\\\/xstyle.md\\\/\"},{\"@type\":\"ListItem\",\"position\":2,\"name\":\"\u041c\u0430\u0433\u0430\u0437\u0438\u043d\",\"item\":\"https:\\\/\\\/xstyle.md\\\/shop\\\/\"},{\"@type\":\"ListItem\",\"position\":3,\"name\":\"\u0420\u0435\u043c\u043d\u0430\u0431\u043e\u0440 McNett Tenacious Tape Flex Patches\"}]},{\"@type\":\"WebSite\",\"@id\":\"https:\\\/\\\/xstyle.md\\\/#website\",\"url\":\"https:\\\/\\\/xstyle.md\\\/\",\"name\":\"\u041c\u0430\u0433\u0430\u0437\u0438\u043d Xstyle\",\"description\":\"C\u043d\u0430\u0440\u044f\u0436\u0435\u043d\u0438\u0435 \u0434\u043b\u044f \u0442\u0443\u0440\u0438\u0437\u043c\u0430 \u0438 \u044d\u043a\u0441\u0442\u0440\u0435\u043c\u0430\u043b\u044c\u043d\u044b\u0445 \u0432\u0438\u0434\u043e\u0432 \u0441\u043f\u043e\u0440\u0442\u0430 \u0432 \u041c\u043e\u043b\u0434\u043e\u0432\u0435.. \u0426\u0435\u043d\u044b, \u0444\u043e\u0442\u043e, \u0445\u0430\u0440\u0430\u043a\u0442\u0435\u0440\u0438\u0441\u0442\u0438\u043a\u0438 \u0432 \u041c\u043e\u043b\u0434\u043e\u0432\u0435.\",\"publisher\":{\"@id\":\"https:\\\/\\\/xstyle.md\\\/#organization\"},\"alternateName\":\"X-Style\",\"potentialAction\":[{\"@type\":\"SearchAction\",\"target\":{\"@type\":\"EntryPoint\",\"urlTemplate\":\"https:\\\/\\\/xstyle.md\\\/?s={search_term_string}\"},\"query-input\":{\"@type\":\"PropertyValueSpecification\",\"valueRequired\":true,\"valueName\":\"search_term_string\"}}],\"inLanguage\":\"ro-RO\"},{\"@type\":\"Organization\",\"@id\":\"https:\\\/\\\/xstyle.md\\\/#organization\",\"name\":\"\u041c\u0430\u0433\u0430\u0437\u0438\u043d Xstyle\",\"alternateName\":\"x-style\",\"url\":\"https:\\\/\\\/xstyle.md\\\/\",\"logo\":{\"@type\":\"ImageObject\",\"inLanguage\":\"ro-RO\",\"@id\":\"https:\\\/\\\/xstyle.md\\\/#\\\/schema\\\/logo\\\/image\\\/\",\"url\":\"https:\\\/\\\/xstyle.md\\\/wp-content\\\/uploads\\\/2020\\\/06\\\/logoicon.svg\",\"contentUrl\":\"https:\\\/\\\/xstyle.md\\\/wp-content\\\/uploads\\\/2020\\\/06\\\/logoicon.svg\",\"caption\":\"\u041c\u0430\u0433\u0430\u0437\u0438\u043d Xstyle\"},\"image\":{\"@id\":\"https:\\\/\\\/xstyle.md\\\/#\\\/schema\\\/logo\\\/image\\\/\"},\"sameAs\":[\"https:\\\/\\\/www.facebook.com\\\/xstylemd\",\"https:\\\/\\\/www.instagram.com\\\/xstyle_md\\\/\",\"https:\\\/\\\/t.me\\\/xstyle_outdoor\"],\"hasMerchantReturnPolicy\":{\"@type\":\"MerchantReturnPolicy\",\"merchantReturnLink\":\"https:\\\/\\\/xstyle.md\\\/ro\\\/conditions\\\/\"}}]}<\/script>\n<meta property=\"product:price:amount\" content=\"230.00\" \/>\n<meta property=\"product:price:currency\" content=\"MDL\" \/>\n<meta property=\"og:availability\" content=\"instock\" \/>\n<meta property=\"product:availability\" content=\"instock\" \/>\n<meta property=\"product:retailer_item_id\" content=\"21563108002\" \/>\n<meta property=\"product:condition\" content=\"new\" \/>\n<!-- \/ Yoast SEO plugin. -->","yoast_head_json":{"title":"\u0420\u0435\u043c\u043d\u0430\u0431\u043e\u0440 McNett Tenacious Tape Flex Patches - \u041c\u0430\u0433\u0430\u0437\u0438\u043d Xstyle","description":"\u0420\u0435\u043c\u043d\u0430\u0431\u043e\u0440 McNett Tenacious Tape Flex Patches - \u0438\u0434\u0435\u0430\u043b\u044c\u043d\u043e\u0435 \u0440\u0435\u0448\u0435\u043d\u0438\u0435 \u0434\u043b\u044f \u0431\u044b\u0441\u0442\u0440\u043e\u0433\u043e \u0440\u0435\u043c\u043e\u043d\u0442\u0430 \u043b\u0430\u0433\u0435\u0440\u043d\u043e\u0433\u043e \u0441\u043d\u0430\u0440\u044f\u0436\u0435\u043d\u0438\u044f. \u0423\u0441\u0442\u043e\u0439\u0447\u0438\u0432\u044b \u043a \u043f\u043e\u0432\u0440\u0435\u0436\u0434\u0435\u043d\u0438\u044f\u043c \u0438 \u043b\u0435\u0433\u043a\u043e \u043d\u0430\u043a\u043b\u0435\u0438\u0432\u0430\u044e\u0442\u0441\u044f!","robots":{"index":"index","follow":"follow","max-snippet":"max-snippet:-1","max-image-preview":"max-image-preview:large","max-video-preview":"max-video-preview:-1"},"canonical":"https:\/\/xstyle.md\/ro\/produs\/remnabor-mcnett-tenacious-tape-flex-patches\/","og_locale":"ro_RO","og_type":"article","og_title":"\u0420\u0435\u043c\u043d\u0430\u0431\u043e\u0440 McNett Tenacious Tape Flex Patches - \u041c\u0430\u0433\u0430\u0437\u0438\u043d Xstyle","og_description":"\u0420\u0435\u043c\u043d\u0430\u0431\u043e\u0440 McNett Tenacious Tape Flex Patches - \u0438\u0434\u0435\u0430\u043b\u044c\u043d\u043e\u0435 \u0440\u0435\u0448\u0435\u043d\u0438\u0435 \u0434\u043b\u044f \u0431\u044b\u0441\u0442\u0440\u043e\u0433\u043e \u0440\u0435\u043c\u043e\u043d\u0442\u0430 \u043b\u0430\u0433\u0435\u0440\u043d\u043e\u0433\u043e \u0441\u043d\u0430\u0440\u044f\u0436\u0435\u043d\u0438\u044f. \u0423\u0441\u0442\u043e\u0439\u0447\u0438\u0432\u044b \u043a \u043f\u043e\u0432\u0440\u0435\u0436\u0434\u0435\u043d\u0438\u044f\u043c \u0438 \u043b\u0435\u0433\u043a\u043e \u043d\u0430\u043a\u043b\u0435\u0438\u0432\u0430\u044e\u0442\u0441\u044f!","og_url":"https:\/\/xstyle.md\/ro\/produs\/remnabor-mcnett-tenacious-tape-flex-patches\/","og_site_name":"\u041c\u0430\u0433\u0430\u0437\u0438\u043d Xstyle","article_publisher":"https:\/\/www.facebook.com\/xstylemd","article_modified_time":"2025-08-08T12:52:25+00:00","og_image":[{"width":1000,"height":1000,"url":"https:\/\/xstyle.md\/wp-content\/uploads\/2022\/09\/mcnett-tenacious-tape-flex-patches.jpg","type":"image\/jpeg"}],"twitter_card":"summary_large_image","twitter_misc":{"Pre\u021b":"230&nbsp;MDL","Disponibilitate":"\u00cen stoc"},"schema":{"@context":"https:\/\/schema.org","@graph":[{"@type":"WebPage","@id":"https:\/\/xstyle.md\/product\/remnabor-mcnett-tenacious-tape-flex-patches\/","url":"https:\/\/xstyle.md\/product\/remnabor-mcnett-tenacious-tape-flex-patches\/","name":"\u0420\u0435\u043c\u043d\u0430\u0431\u043e\u0440 McNett Tenacious Tape Flex Patches - \u041c\u0430\u0433\u0430\u0437\u0438\u043d Xstyle","isPartOf":{"@id":"https:\/\/xstyle.md\/#website"},"primaryImageOfPage":{"@id":"https:\/\/xstyle.md\/product\/remnabor-mcnett-tenacious-tape-flex-patches\/#primaryimage"},"image":{"@id":"https:\/\/xstyle.md\/product\/remnabor-mcnett-tenacious-tape-flex-patches\/#primaryimage"},"thumbnailUrl":"https:\/\/xstyle.md\/wp-content\/uploads\/2022\/09\/mcnett-tenacious-tape-flex-patches.jpg","datePublished":"2022-09-02T15:37:03+00:00","dateModified":"2025-08-08T12:52:25+00:00","description":"\u0420\u0435\u043c\u043d\u0430\u0431\u043e\u0440 McNett Tenacious Tape Flex Patches - \u0438\u0434\u0435\u0430\u043b\u044c\u043d\u043e\u0435 \u0440\u0435\u0448\u0435\u043d\u0438\u0435 \u0434\u043b\u044f \u0431\u044b\u0441\u0442\u0440\u043e\u0433\u043e \u0440\u0435\u043c\u043e\u043d\u0442\u0430 \u043b\u0430\u0433\u0435\u0440\u043d\u043e\u0433\u043e \u0441\u043d\u0430\u0440\u044f\u0436\u0435\u043d\u0438\u044f. \u0423\u0441\u0442\u043e\u0439\u0447\u0438\u0432\u044b \u043a \u043f\u043e\u0432\u0440\u0435\u0436\u0434\u0435\u043d\u0438\u044f\u043c \u0438 \u043b\u0435\u0433\u043a\u043e \u043d\u0430\u043a\u043b\u0435\u0438\u0432\u0430\u044e\u0442\u0441\u044f!","breadcrumb":{"@id":"https:\/\/xstyle.md\/product\/remnabor-mcnett-tenacious-tape-flex-patches\/#breadcrumb"},"inLanguage":"ro-RO","potentialAction":[{"@type":"ReadAction","target":["https:\/\/xstyle.md\/product\/remnabor-mcnett-tenacious-tape-flex-patches\/"]}]},{"@type":"ImageObject","inLanguage":"ro-RO","@id":"https:\/\/xstyle.md\/product\/remnabor-mcnett-tenacious-tape-flex-patches\/#primaryimage","url":"https:\/\/xstyle.md\/wp-content\/uploads\/2022\/09\/mcnett-tenacious-tape-flex-patches.jpg","contentUrl":"https:\/\/xstyle.md\/wp-content\/uploads\/2022\/09\/mcnett-tenacious-tape-flex-patches.jpg","width":1000,"height":1000,"caption":"\u0420\u0435\u043c\u043d\u0430\u0431\u043e\u0440 \u0434\u043b\u044f \u0430\u043a\u0442\u0438\u0432\u043d\u043e\u0433\u043e \u043e\u0442\u0434\u044b\u0445\u0430 \u043d\u0430 \u043f\u0440\u0438\u0440\u043e\u0434\u0435 McNett Tenacious Tape Flex Patches \u043a\u0443\u043f\u0438\u0442\u044c \u0434\u043b\u044f \u0442\u0443\u0440\u0438\u0441\u0442\u0438\u0447\u0435\u0441\u043a\u043e\u0433\u043e \u0441\u043d\u0430\u0440\u044f\u0436\u0435\u043d\u0438\u044f \u044d\u043a\u0438\u043f\u0438\u0440\u043e\u0432\u043a\u0438 \u043e\u0431\u0443\u0432\u0438 \u0438 \u043e\u0434\u0435\u0436\u0434\u044b \u0434\u043b\u044f \u043f\u0443\u0442\u0435\u0448\u0435\u0441\u0442\u0432\u0438\u0439 \u0438 \u0430\u043b\u044c\u043f\u0438\u043d\u0438\u0437\u043c\u0430 \u0432 \u043e\u043d\u043b\u0430\u0439\u043d \u043c\u0430\u0433\u0430\u0437\u0438\u043d\u0435"},{"@type":"BreadcrumbList","@id":"https:\/\/xstyle.md\/product\/remnabor-mcnett-tenacious-tape-flex-patches\/#breadcrumb","itemListElement":[{"@type":"ListItem","position":1,"name":"\u0413\u043b\u0430\u0432\u043d\u0430\u044f \u0441\u0442\u0440\u0430\u043d\u0438\u0446\u0430","item":"https:\/\/xstyle.md\/"},{"@type":"ListItem","position":2,"name":"\u041c\u0430\u0433\u0430\u0437\u0438\u043d","item":"https:\/\/xstyle.md\/shop\/"},{"@type":"ListItem","position":3,"name":"\u0420\u0435\u043c\u043d\u0430\u0431\u043e\u0440 McNett Tenacious Tape Flex Patches"}]},{"@type":"WebSite","@id":"https:\/\/xstyle.md\/#website","url":"https:\/\/xstyle.md\/","name":"Magazinul X-Style","description":"Echipamente pentru turism \u0219i sporturi extreme \u00een Moldova. Pre\u021buri, fotografii, caracteristici \u00een Moldova.","publisher":{"@id":"https:\/\/xstyle.md\/#organization"},"alternateName":"X-Style","potentialAction":[{"@type":"SearchAction","target":{"@type":"EntryPoint","urlTemplate":"https:\/\/xstyle.md\/?s={search_term_string}"},"query-input":{"@type":"PropertyValueSpecification","valueRequired":true,"valueName":"search_term_string"}}],"inLanguage":"ro-RO"},{"@type":"Organization","@id":"https:\/\/xstyle.md\/#organization","name":"Magazinul X-Style","alternateName":"x-style","url":"https:\/\/xstyle.md\/","logo":{"@type":"ImageObject","inLanguage":"ro-RO","@id":"https:\/\/xstyle.md\/#\/schema\/logo\/image\/","url":"https:\/\/xstyle.md\/wp-content\/uploads\/2020\/06\/logoicon.svg","contentUrl":"https:\/\/xstyle.md\/wp-content\/uploads\/2020\/06\/logoicon.svg","caption":"\u041c\u0430\u0433\u0430\u0437\u0438\u043d Xstyle"},"image":{"@id":"https:\/\/xstyle.md\/#\/schema\/logo\/image\/"},"sameAs":["https:\/\/www.facebook.com\/xstylemd","https:\/\/www.instagram.com\/xstyle_md\/","https:\/\/t.me\/xstyle_outdoor"],"hasMerchantReturnPolicy":{"@type":"MerchantReturnPolicy","merchantReturnLink":"https:\/\/xstyle.md\/ro\/conditions\/"}}]},"product_price_amount":"230.00","product_price_currency":"MDL","og_availability":"instock","product_availability":"instock","product_retailer_item_id":"21563108002","product_condition":"new"},"post_mailing_queue_ids":[],"_links":{"self":[{"href":"https:\/\/xstyle.md\/ro\/wp-json\/wp\/v2\/product\/54195","targetHints":{"allow":["GET"]}}],"collection":[{"href":"https:\/\/xstyle.md\/ro\/wp-json\/wp\/v2\/product"}],"about":[{"href":"https:\/\/xstyle.md\/ro\/wp-json\/wp\/v2\/types\/product"}],"replies":[{"embeddable":true,"href":"https:\/\/xstyle.md\/ro\/wp-json\/wp\/v2\/comments?post=54195"}],"wp:featuredmedia":[{"embeddable":true,"href":"https:\/\/xstyle.md\/ro\/wp-json\/wp\/v2\/media\/56514"}],"wp:attachment":[{"href":"https:\/\/xstyle.md\/ro\/wp-json\/wp\/v2\/media?parent=54195"}],"wp:term":[{"taxonomy":"product_brand","embeddable":true,"href":"https:\/\/xstyle.md\/ro\/wp-json\/wp\/v2\/product_brand?post=54195"},{"taxonomy":"product_cat","embeddable":true,"href":"https:\/\/xstyle.md\/ro\/wp-json\/wp\/v2\/product_cat?post=54195"},{"taxonomy":"product_tag","embeddable":true,"href":"https:\/\/xstyle.md\/ro\/wp-json\/wp\/v2\/product_tag?post=54195"}],"curies":[{"name":"wp","href":"https:\/\/api.w.org\/{rel}","templated":true}]}}