{"id":54186,"date":"2022-09-02T18:37:02","date_gmt":"2022-09-02T15:37:02","guid":{"rendered":"https:\/\/xstyle.md\/?post_type=product&#038;p=54186"},"modified":"2025-10-24T12:39:36","modified_gmt":"2025-10-24T09:39:36","slug":"kurtka-hannah-dries-wmn-fudge","status":"publish","type":"product","link":"https:\/\/xstyle.md\/ro\/produs\/kurtka-hannah-dries-wmn-fudge\/","title":{"rendered":"Geac\u0103 Hannah Dries Wmn fudge"},"content":{"rendered":"<\/p>\n<p><strong>Hannah Dries Wmn fudge<\/strong> &#8212; o\u00a0jachet\u0103 pentru femei care se va potrivi perfect \u00een orice garderob\u0103 outdoor. Datorit\u0103 utiliz\u0103rii unei membrane moderne, pute\u021bi evita s\u0103 v\u0103 uda\u021bi \u00een timpul precipita\u021biilor. Acest model este perfect at\u00e2t pentru drume\u021bii, c\u00e2t \u0219i pentru utilizarea zilnic\u0103.<\/p>\n<p>Designerii Hannah au creat o pies\u0103 care va fi pe placul tuturor iubitorilor unui stil de via\u021b\u0103 activ datorit\u0103 croielii. Accentul delicat pe formele feminine v\u0103 va permite s\u0103 purta\u021bi acest model \u00een fiecare zi, atunci c\u00e2nd vremea de afar\u0103 de la fereastr\u0103 las\u0103 de dorit. Jacheta impermeabil\u0103 pentru femei Hannah Dries este conceput\u0103 pentru femeile c\u0103rora le place s\u0103 \u00ee\u0219i petreac\u0103 timpul liber \u00een drume\u021bii. Membrana Drypeak 6000 este u\u0219oar\u0103 \u0219i confortabil de purtat \u0219i are caracteristici suplimentare care \u00eei permit s\u0103 treac\u0103 testul \u00een off-road, camping, drume\u021bii pe trasee montane \u0219i forestiere.<\/p>\n<p>Ofer\u0103 respirabilitate, astfel \u00eenc\u00e2t umiditatea generat\u0103 \u00een timpul exerci\u021biilor fizice s\u0103 fie eliminat\u0103 eficient de pe suprafa\u021ba pielii. Ca urmare, nu exist\u0103 riscul de supra\u00eenc\u0103lzire \u0219i se men\u021bine un climat confortabil. Modelul ofer\u0103 o protec\u021bie excelent\u0103 \u00eempotriva condi\u021biilor meteorologice schimb\u0103toare. Impermeabilitatea suplimentar\u0103 \u00eenseamn\u0103 c\u0103 nu ve\u021bi sim\u021bi disconfort chiar dac\u0103 sunte\u021bi surprins de ploaie pe traseu \u00een timpul unei drume\u021bii. Designerii m\u0103rcii Hannah au venit cu o alt\u0103 comoditate care afecteaz\u0103 direct confortul purt\u0103rii acestei jachete &#8212; etan\u0219area cus\u0103turilor principale. Pute\u021bi fi siguri c\u0103 apa nu se va infiltra prin stratul superior. Un alt avantaj este c\u0103ptu\u0219eala din plas\u0103 moale \u0219i respirabil\u0103.<\/p>\n<p>Jacheta impermeabil\u0103 pentru femei Hannah Dries este un model care folose\u0219te, de asemenea, o serie de solu\u021bii pentru a face fiecare c\u0103l\u0103torie mai pl\u0103cut\u0103. Gluga practic\u0103 se potrive\u0219te cu u\u0219urin\u021b\u0103 pe cap \u0219i are o lungime reglabil\u0103. Toate obiectele necesare pot fi depozitate \u00een buzunarele spa\u021bioase &#8212; dou\u0103 cu fermoar sunt situate de o parte \u0219i de alta a modelului. De asemenea, pute\u021bi ajusta marginea inferioar\u0103. M\u00e2necile au un finisaj flexibil, astfel \u00eenc\u00e2t nu se r\u0103sucesc. Se \u00eencheie \u00een fa\u021b\u0103 cu un fermoar. Croiala nu \u00eengreuneaz\u0103 mi\u0219c\u0103rile \u0219i subliniaz\u0103 subtil formele feminine. Jacheta pentru femei Hannah Dries este u\u0219oar\u0103 \u0219i confortabil\u0103, a\u0219a c\u0103 este aleas\u0103 cu pl\u0103cere de femeile care caut\u0103 o bun\u0103 protec\u021bie \u00eempotriva intemperiilor.<\/p>\n<h3>Particularit\u0103\u021bi<\/h3>\n<ul>\n<li>O jachet\u0103 respirabil\u0103, rezistent\u0103 la v\u00e2nt, care te protejeaz\u0103 \u0219i de precipita\u021bii u\u0219oare<\/li>\n<li>\u021aes\u0103tura evacueaz\u0103 eficient excesul de umiditate \u0219i ajut\u0103 la men\u021binerea unui climat s\u0103n\u0103tos al pielii.<\/li>\n<li>C\u0103ptu\u0219eal\u0103 din plas\u0103 pentru respirabilitate<\/li>\n<li>Cus\u0103turile principale sunt sigilate<\/li>\n<li>\u021ainut\u0103 lejer\u0103, f\u0103r\u0103 a restric\u021biona mi\u0219carea<\/li>\n<li>Partea de jos a jachetei reglabil\u0103<\/li>\n<li>Lungime reglabil\u0103 a m\u00e2necilor<\/li>\n<li>Glug\u0103 conturat\u0103, deta\u0219abil\u0103 \u0219i reglabil\u0103 pentru o potrivire mai confortabil\u0103.<\/li>\n<li>Accesorii de calitate<\/li>\n<li>Logo-ul decorativ al m\u0103rcii pe piept.<\/li>\n<\/ul>\n<h3>Caracteristici<\/h3>\n<ul>\n<li>Material &#8212; 100% poliester<\/li>\n<li>Membran\u0103 &#8212; Drypeak 6000<\/li>\n<li>Model - pentru femei.<\/li>\n<\/ul>\n<h3>Tehnologie<\/h3>\n<ul>\n<li><strong>Drypeak 6000<\/strong> \u2013 este o impregnare permanent\u0103 de poliuretan cu o respirabilitate \u0219i o rezisten\u021b\u0103 la ap\u0103 bine echilibrate. Acest tip de impregnare este potrivit pentru articolele de \u00eembr\u0103c\u0103minte utilizate \u00een uzul urban zilnic \u00een aer liber, oferind o protec\u021bie suficient\u0103 \u00eempotriva ploii \u0219i a z\u0103pezii.<\/li>\n<\/ul>\n<h3>Marca<\/h3>\n<p>Hannah este un brand interna\u021bional specializat \u00een articole de c\u0103l\u0103torie \u0219i \u00eembr\u0103c\u0103minte sport pentru fiecare sezon. Marca Hannah a fost fondat\u0103 \u00een Republica Ceh\u0103 \u00een 1991. Compania a ob\u021binut un succes bun pe pia\u021ba intern\u0103 datorit\u0103 politicii sale de \u00eenalt\u0103 calitate \u0219i a pre\u021burilor accesibile pentru fiecare produs.<\/p>\n<p>\u00cenc\u0103 de la \u00eenceput, compania a \u00eenceput s\u0103 fabrice produse \u00een conformitate cu standardele interna\u021bionale, deoarece a realizat pe deplin importan\u021ba unei reputa\u021bii curate. \u00cen acest sens, s-a petrecut mult timp cu selectarea materialelor de calitate, ale c\u0103ror produse puteau fi caracterizate prin rezisten\u021b\u0103 la uzur\u0103 \u0219i durabilitate, iar unele produse erau, de asemenea, impermeabile. Ast\u0103zi, marca nu st\u0103 pe loc, catalogul lor este actualizat \u0219i extins \u00een mod constant, iar produsele pot fi g\u0103site \u00een \u00eentreaga lume.<\/p>\n<p><\/p>","protected":false},"excerpt":{"rendered":"","protected":false},"featured_media":56345,"comment_status":"open","ping_status":"closed","template":"","meta":{"_acf_changed":false,"inline_featured_image":false},"product_brand":[1271],"product_cat":[563],"product_tag":[],"class_list":{"0":"post-54186","1":"product","2":"type-product","3":"status-publish","4":"has-post-thumbnail","6":"product_brand-hannah","7":"product_cat-softshell-jackets-femei","9":"first","10":"instock","11":"shipping-taxable","12":"purchasable","13":"product-type-simple"},"acf":[],"yoast_head":"<!-- This site is optimized with the Yoast SEO plugin v27.4 - https:\/\/yoast.com\/product\/yoast-seo-wordpress\/ -->\n<title>\u041a\u0443\u0440\u0442\u043a\u0430 Hannah Dries Wmn fudge - \u041c\u0430\u0433\u0430\u0437\u0438\u043d Xstyle<\/title>\n<meta name=\"description\" content=\"\u041a\u0443\u0440\u0442\u043a\u0430 Hannah Dries Wmn fudge - \u0438\u0434\u0435\u0430\u043b\u044c\u043d\u044b\u0439 \u0432\u044b\u0431\u043e\u0440 \u0434\u043b\u044f \u0430\u043a\u0442\u0438\u0432\u043d\u044b\u0445 \u0436\u0435\u043d\u0449\u0438\u043d. \u0412\u043e\u0434\u043e\u043d\u0435\u043f\u0440\u043e\u043d\u0438\u0446\u0430\u0435\u043c\u0430\u044f \u043c\u0435\u043c\u0431\u0440\u0430\u043d\u0430 Drypeak 6000 \u0437\u0430\u0449\u0438\u0442\u0438\u0442 \u0432\u0430\u0441 \u043e\u0442 \u0434\u043e\u0436\u0434\u044f \u043d\u0430 \u043f\u0440\u0438\u0440\u043e\u0434\u0435.\" \/>\n<meta name=\"robots\" content=\"index, follow, max-snippet:-1, max-image-preview:large, max-video-preview:-1\" \/>\n<link rel=\"canonical\" href=\"https:\/\/xstyle.md\/ro\/produs\/kurtka-hannah-dries-wmn-fudge\/\" \/>\n<meta property=\"og:locale\" content=\"ro_RO\" \/>\n<meta property=\"og:type\" content=\"article\" \/>\n<meta property=\"og:title\" content=\"\u041a\u0443\u0440\u0442\u043a\u0430 Hannah Dries Wmn fudge - \u041c\u0430\u0433\u0430\u0437\u0438\u043d Xstyle\" \/>\n<meta property=\"og:description\" content=\"\u041a\u0443\u0440\u0442\u043a\u0430 Hannah Dries Wmn fudge - \u0438\u0434\u0435\u0430\u043b\u044c\u043d\u044b\u0439 \u0432\u044b\u0431\u043e\u0440 \u0434\u043b\u044f \u0430\u043a\u0442\u0438\u0432\u043d\u044b\u0445 \u0436\u0435\u043d\u0449\u0438\u043d. \u0412\u043e\u0434\u043e\u043d\u0435\u043f\u0440\u043e\u043d\u0438\u0446\u0430\u0435\u043c\u0430\u044f \u043c\u0435\u043c\u0431\u0440\u0430\u043d\u0430 Drypeak 6000 \u0437\u0430\u0449\u0438\u0442\u0438\u0442 \u0432\u0430\u0441 \u043e\u0442 \u0434\u043e\u0436\u0434\u044f \u043d\u0430 \u043f\u0440\u0438\u0440\u043e\u0434\u0435.\" \/>\n<meta property=\"og:url\" content=\"https:\/\/xstyle.md\/ro\/produs\/kurtka-hannah-dries-wmn-fudge\/\" \/>\n<meta property=\"og:site_name\" content=\"\u041c\u0430\u0433\u0430\u0437\u0438\u043d Xstyle\" \/>\n<meta property=\"article:publisher\" content=\"https:\/\/www.facebook.com\/xstylemd\" \/>\n<meta property=\"article:modified_time\" content=\"2025-10-24T09:39:36+00:00\" \/>\n<meta property=\"og:image\" content=\"https:\/\/xstyle.md\/wp-content\/uploads\/2022\/09\/hannah-dries-wmn-fudge.jpg\" \/>\n\t<meta property=\"og:image:width\" content=\"1044\" \/>\n\t<meta property=\"og:image:height\" content=\"1093\" \/>\n\t<meta property=\"og:image:type\" content=\"image\/jpeg\" \/>\n<meta name=\"twitter:card\" content=\"summary_large_image\" \/>\n<meta name=\"twitter:label1\" content=\"Pre\u021b\" \/>\n\t<meta name=\"twitter:data1\" content=\"1.550&nbsp;MDL\" \/>\n\t<meta name=\"twitter:label2\" content=\"Disponibilitate\" \/>\n\t<meta name=\"twitter:data2\" content=\"\u00cen stoc\" \/>\n<script type=\"application\/ld+json\" class=\"yoast-schema-graph\">{\"@context\":\"https:\\\/\\\/schema.org\",\"@graph\":[{\"@type\":\"WebPage\",\"@id\":\"https:\\\/\\\/xstyle.md\\\/product\\\/kurtka-hannah-dries-wmn-fudge\\\/\",\"url\":\"https:\\\/\\\/xstyle.md\\\/product\\\/kurtka-hannah-dries-wmn-fudge\\\/\",\"name\":\"\u041a\u0443\u0440\u0442\u043a\u0430 Hannah Dries Wmn fudge - \u041c\u0430\u0433\u0430\u0437\u0438\u043d Xstyle\",\"isPartOf\":{\"@id\":\"https:\\\/\\\/xstyle.md\\\/#website\"},\"primaryImageOfPage\":{\"@id\":\"https:\\\/\\\/xstyle.md\\\/product\\\/kurtka-hannah-dries-wmn-fudge\\\/#primaryimage\"},\"image\":{\"@id\":\"https:\\\/\\\/xstyle.md\\\/product\\\/kurtka-hannah-dries-wmn-fudge\\\/#primaryimage\"},\"thumbnailUrl\":\"https:\\\/\\\/xstyle.md\\\/wp-content\\\/uploads\\\/2022\\\/09\\\/hannah-dries-wmn-fudge.jpg\",\"datePublished\":\"2022-09-02T15:37:02+00:00\",\"dateModified\":\"2025-10-24T09:39:36+00:00\",\"description\":\"\u041a\u0443\u0440\u0442\u043a\u0430 Hannah Dries Wmn fudge - \u0438\u0434\u0435\u0430\u043b\u044c\u043d\u044b\u0439 \u0432\u044b\u0431\u043e\u0440 \u0434\u043b\u044f \u0430\u043a\u0442\u0438\u0432\u043d\u044b\u0445 \u0436\u0435\u043d\u0449\u0438\u043d. \u0412\u043e\u0434\u043e\u043d\u0435\u043f\u0440\u043e\u043d\u0438\u0446\u0430\u0435\u043c\u0430\u044f \u043c\u0435\u043c\u0431\u0440\u0430\u043d\u0430 Drypeak 6000 \u0437\u0430\u0449\u0438\u0442\u0438\u0442 \u0432\u0430\u0441 \u043e\u0442 \u0434\u043e\u0436\u0434\u044f \u043d\u0430 \u043f\u0440\u0438\u0440\u043e\u0434\u0435.\",\"breadcrumb\":{\"@id\":\"https:\\\/\\\/xstyle.md\\\/product\\\/kurtka-hannah-dries-wmn-fudge\\\/#breadcrumb\"},\"inLanguage\":\"ro-RO\",\"potentialAction\":[{\"@type\":\"ReadAction\",\"target\":[\"https:\\\/\\\/xstyle.md\\\/product\\\/kurtka-hannah-dries-wmn-fudge\\\/\"]}]},{\"@type\":\"ImageObject\",\"inLanguage\":\"ro-RO\",\"@id\":\"https:\\\/\\\/xstyle.md\\\/product\\\/kurtka-hannah-dries-wmn-fudge\\\/#primaryimage\",\"url\":\"https:\\\/\\\/xstyle.md\\\/wp-content\\\/uploads\\\/2022\\\/09\\\/hannah-dries-wmn-fudge.jpg\",\"contentUrl\":\"https:\\\/\\\/xstyle.md\\\/wp-content\\\/uploads\\\/2022\\\/09\\\/hannah-dries-wmn-fudge.jpg\",\"width\":1044,\"height\":1093,\"caption\":\"\u0416\u0435\u043d\u0441\u043a\u0430\u044f \u0442\u0443\u0440\u0438\u0441\u0442\u0438\u0447\u0435\u0441\u043a\u0430\u044f \u043a\u0443\u0440\u0442\u043a\u0430 Hannah Dries \u0434\u043b\u044f \u0430\u043a\u0442\u0438\u0432\u043d\u043e\u0433\u043e \u043e\u0442\u0434\u044b\u0445\u0430, \u043f\u043e\u0445\u043e\u0434\u043e\u0432 \u0438 \u043f\u0443\u0442\u0435\u0448\u0435\u0441\u0442\u0432\u0438\u0439, \u044d\u043a\u0438\u043f\u0438\u0440\u043e\u0432\u043a\u0430 \u0434\u043b\u044f \u0433\u043e\u0440\u043d\u044b\u0445 \u0432\u043e\u0441\u0445\u043e\u0436\u0434\u0435\u043d\u0438\u0439 \u0438 \u0442\u0443\u0440\u0438\u0437\u043c\u0430\"},{\"@type\":\"BreadcrumbList\",\"@id\":\"https:\\\/\\\/xstyle.md\\\/product\\\/kurtka-hannah-dries-wmn-fudge\\\/#breadcrumb\",\"itemListElement\":[{\"@type\":\"ListItem\",\"position\":1,\"name\":\"\u0413\u043b\u0430\u0432\u043d\u0430\u044f \u0441\u0442\u0440\u0430\u043d\u0438\u0446\u0430\",\"item\":\"https:\\\/\\\/xstyle.md\\\/\"},{\"@type\":\"ListItem\",\"position\":2,\"name\":\"\u041c\u0430\u0433\u0430\u0437\u0438\u043d\",\"item\":\"https:\\\/\\\/xstyle.md\\\/shop\\\/\"},{\"@type\":\"ListItem\",\"position\":3,\"name\":\"\u041a\u0443\u0440\u0442\u043a\u0430 Hannah Dries Wmn fudge\"}]},{\"@type\":\"WebSite\",\"@id\":\"https:\\\/\\\/xstyle.md\\\/#website\",\"url\":\"https:\\\/\\\/xstyle.md\\\/\",\"name\":\"\u041c\u0430\u0433\u0430\u0437\u0438\u043d Xstyle\",\"description\":\"C\u043d\u0430\u0440\u044f\u0436\u0435\u043d\u0438\u0435 \u0434\u043b\u044f \u0442\u0443\u0440\u0438\u0437\u043c\u0430 \u0438 \u044d\u043a\u0441\u0442\u0440\u0435\u043c\u0430\u043b\u044c\u043d\u044b\u0445 \u0432\u0438\u0434\u043e\u0432 \u0441\u043f\u043e\u0440\u0442\u0430 \u0432 \u041c\u043e\u043b\u0434\u043e\u0432\u0435.. \u0426\u0435\u043d\u044b, \u0444\u043e\u0442\u043e, \u0445\u0430\u0440\u0430\u043a\u0442\u0435\u0440\u0438\u0441\u0442\u0438\u043a\u0438 \u0432 \u041c\u043e\u043b\u0434\u043e\u0432\u0435.\",\"publisher\":{\"@id\":\"https:\\\/\\\/xstyle.md\\\/#organization\"},\"alternateName\":\"X-Style\",\"potentialAction\":[{\"@type\":\"SearchAction\",\"target\":{\"@type\":\"EntryPoint\",\"urlTemplate\":\"https:\\\/\\\/xstyle.md\\\/?s={search_term_string}\"},\"query-input\":{\"@type\":\"PropertyValueSpecification\",\"valueRequired\":true,\"valueName\":\"search_term_string\"}}],\"inLanguage\":\"ro-RO\"},{\"@type\":\"Organization\",\"@id\":\"https:\\\/\\\/xstyle.md\\\/#organization\",\"name\":\"\u041c\u0430\u0433\u0430\u0437\u0438\u043d Xstyle\",\"alternateName\":\"x-style\",\"url\":\"https:\\\/\\\/xstyle.md\\\/\",\"logo\":{\"@type\":\"ImageObject\",\"inLanguage\":\"ro-RO\",\"@id\":\"https:\\\/\\\/xstyle.md\\\/#\\\/schema\\\/logo\\\/image\\\/\",\"url\":\"https:\\\/\\\/xstyle.md\\\/wp-content\\\/uploads\\\/2020\\\/06\\\/logoicon.svg\",\"contentUrl\":\"https:\\\/\\\/xstyle.md\\\/wp-content\\\/uploads\\\/2020\\\/06\\\/logoicon.svg\",\"caption\":\"\u041c\u0430\u0433\u0430\u0437\u0438\u043d Xstyle\"},\"image\":{\"@id\":\"https:\\\/\\\/xstyle.md\\\/#\\\/schema\\\/logo\\\/image\\\/\"},\"sameAs\":[\"https:\\\/\\\/www.facebook.com\\\/xstylemd\",\"https:\\\/\\\/www.instagram.com\\\/xstyle_md\\\/\",\"https:\\\/\\\/t.me\\\/xstyle_outdoor\"],\"hasMerchantReturnPolicy\":{\"@type\":\"MerchantReturnPolicy\",\"merchantReturnLink\":\"https:\\\/\\\/xstyle.md\\\/ro\\\/conditions\\\/\"}}]}<\/script>\n<meta property=\"product:price:amount\" content=\"1550.00\" \/>\n<meta property=\"product:price:currency\" content=\"MDL\" \/>\n<meta property=\"og:availability\" content=\"instock\" \/>\n<meta property=\"product:availability\" content=\"instock\" \/>\n<meta property=\"product:retailer_item_id\" content=\"8591203051934\" \/>\n<meta property=\"product:condition\" content=\"new\" \/>\n<!-- \/ Yoast SEO plugin. -->","yoast_head_json":{"title":"Geac\u0103 Hannah Dries Wmn fudge - Magazin Xstyle","description":"Jacheta Hannah Dries Wmn fudge - alegerea perfect\u0103 pentru femeile active. Membrana impermeabil\u0103 Drypeak 6000 v\u0103 va proteja de ploaie \u00een natur\u0103.","robots":{"index":"index","follow":"follow","max-snippet":"max-snippet:-1","max-image-preview":"max-image-preview:large","max-video-preview":"max-video-preview:-1"},"canonical":"https:\/\/xstyle.md\/ro\/produs\/kurtka-hannah-dries-wmn-fudge\/","og_locale":"ro_RO","og_type":"article","og_title":"\u041a\u0443\u0440\u0442\u043a\u0430 Hannah Dries Wmn fudge - \u041c\u0430\u0433\u0430\u0437\u0438\u043d Xstyle","og_description":"\u041a\u0443\u0440\u0442\u043a\u0430 Hannah Dries Wmn fudge - \u0438\u0434\u0435\u0430\u043b\u044c\u043d\u044b\u0439 \u0432\u044b\u0431\u043e\u0440 \u0434\u043b\u044f \u0430\u043a\u0442\u0438\u0432\u043d\u044b\u0445 \u0436\u0435\u043d\u0449\u0438\u043d. \u0412\u043e\u0434\u043e\u043d\u0435\u043f\u0440\u043e\u043d\u0438\u0446\u0430\u0435\u043c\u0430\u044f \u043c\u0435\u043c\u0431\u0440\u0430\u043d\u0430 Drypeak 6000 \u0437\u0430\u0449\u0438\u0442\u0438\u0442 \u0432\u0430\u0441 \u043e\u0442 \u0434\u043e\u0436\u0434\u044f \u043d\u0430 \u043f\u0440\u0438\u0440\u043e\u0434\u0435.","og_url":"https:\/\/xstyle.md\/ro\/produs\/kurtka-hannah-dries-wmn-fudge\/","og_site_name":"\u041c\u0430\u0433\u0430\u0437\u0438\u043d Xstyle","article_publisher":"https:\/\/www.facebook.com\/xstylemd","article_modified_time":"2025-10-24T09:39:36+00:00","og_image":[{"width":1044,"height":1093,"url":"https:\/\/xstyle.md\/wp-content\/uploads\/2022\/09\/hannah-dries-wmn-fudge.jpg","type":"image\/jpeg"}],"twitter_card":"summary_large_image","twitter_misc":{"Pre\u021b":"1.550&nbsp;MDL","Disponibilitate":"\u00cen stoc"},"schema":{"@context":"https:\/\/schema.org","@graph":[{"@type":"WebPage","@id":"https:\/\/xstyle.md\/product\/kurtka-hannah-dries-wmn-fudge\/","url":"https:\/\/xstyle.md\/product\/kurtka-hannah-dries-wmn-fudge\/","name":"Geac\u0103 Hannah Dries Wmn fudge - Magazin Xstyle","isPartOf":{"@id":"https:\/\/xstyle.md\/#website"},"primaryImageOfPage":{"@id":"https:\/\/xstyle.md\/product\/kurtka-hannah-dries-wmn-fudge\/#primaryimage"},"image":{"@id":"https:\/\/xstyle.md\/product\/kurtka-hannah-dries-wmn-fudge\/#primaryimage"},"thumbnailUrl":"https:\/\/xstyle.md\/wp-content\/uploads\/2022\/09\/hannah-dries-wmn-fudge.jpg","datePublished":"2022-09-02T15:37:02+00:00","dateModified":"2025-10-24T09:39:36+00:00","description":"Jacheta Hannah Dries Wmn fudge - alegerea perfect\u0103 pentru femeile active. Membrana impermeabil\u0103 Drypeak 6000 v\u0103 va proteja de ploaie \u00een natur\u0103.","breadcrumb":{"@id":"https:\/\/xstyle.md\/product\/kurtka-hannah-dries-wmn-fudge\/#breadcrumb"},"inLanguage":"ro-RO","potentialAction":[{"@type":"ReadAction","target":["https:\/\/xstyle.md\/product\/kurtka-hannah-dries-wmn-fudge\/"]}]},{"@type":"ImageObject","inLanguage":"ro-RO","@id":"https:\/\/xstyle.md\/product\/kurtka-hannah-dries-wmn-fudge\/#primaryimage","url":"https:\/\/xstyle.md\/wp-content\/uploads\/2022\/09\/hannah-dries-wmn-fudge.jpg","contentUrl":"https:\/\/xstyle.md\/wp-content\/uploads\/2022\/09\/hannah-dries-wmn-fudge.jpg","width":1044,"height":1093,"caption":"\u0416\u0435\u043d\u0441\u043a\u0430\u044f \u0442\u0443\u0440\u0438\u0441\u0442\u0438\u0447\u0435\u0441\u043a\u0430\u044f \u043a\u0443\u0440\u0442\u043a\u0430 Hannah Dries \u0434\u043b\u044f \u0430\u043a\u0442\u0438\u0432\u043d\u043e\u0433\u043e \u043e\u0442\u0434\u044b\u0445\u0430, \u043f\u043e\u0445\u043e\u0434\u043e\u0432 \u0438 \u043f\u0443\u0442\u0435\u0448\u0435\u0441\u0442\u0432\u0438\u0439, \u044d\u043a\u0438\u043f\u0438\u0440\u043e\u0432\u043a\u0430 \u0434\u043b\u044f \u0433\u043e\u0440\u043d\u044b\u0445 \u0432\u043e\u0441\u0445\u043e\u0436\u0434\u0435\u043d\u0438\u0439 \u0438 \u0442\u0443\u0440\u0438\u0437\u043c\u0430"},{"@type":"BreadcrumbList","@id":"https:\/\/xstyle.md\/product\/kurtka-hannah-dries-wmn-fudge\/#breadcrumb","itemListElement":[{"@type":"ListItem","position":1,"name":"\u0413\u043b\u0430\u0432\u043d\u0430\u044f \u0441\u0442\u0440\u0430\u043d\u0438\u0446\u0430","item":"https:\/\/xstyle.md\/"},{"@type":"ListItem","position":2,"name":"\u041c\u0430\u0433\u0430\u0437\u0438\u043d","item":"https:\/\/xstyle.md\/shop\/"},{"@type":"ListItem","position":3,"name":"\u041a\u0443\u0440\u0442\u043a\u0430 Hannah Dries Wmn fudge"}]},{"@type":"WebSite","@id":"https:\/\/xstyle.md\/#website","url":"https:\/\/xstyle.md\/","name":"Magazinul X-Style","description":"Echipamente pentru turism \u0219i sporturi extreme \u00een Moldova. Pre\u021buri, fotografii, caracteristici \u00een Moldova.","publisher":{"@id":"https:\/\/xstyle.md\/#organization"},"alternateName":"X-Style","potentialAction":[{"@type":"SearchAction","target":{"@type":"EntryPoint","urlTemplate":"https:\/\/xstyle.md\/?s={search_term_string}"},"query-input":{"@type":"PropertyValueSpecification","valueRequired":true,"valueName":"search_term_string"}}],"inLanguage":"ro-RO"},{"@type":"Organization","@id":"https:\/\/xstyle.md\/#organization","name":"Magazinul X-Style","alternateName":"x-style","url":"https:\/\/xstyle.md\/","logo":{"@type":"ImageObject","inLanguage":"ro-RO","@id":"https:\/\/xstyle.md\/#\/schema\/logo\/image\/","url":"https:\/\/xstyle.md\/wp-content\/uploads\/2020\/06\/logoicon.svg","contentUrl":"https:\/\/xstyle.md\/wp-content\/uploads\/2020\/06\/logoicon.svg","caption":"\u041c\u0430\u0433\u0430\u0437\u0438\u043d Xstyle"},"image":{"@id":"https:\/\/xstyle.md\/#\/schema\/logo\/image\/"},"sameAs":["https:\/\/www.facebook.com\/xstylemd","https:\/\/www.instagram.com\/xstyle_md\/","https:\/\/t.me\/xstyle_outdoor"],"hasMerchantReturnPolicy":{"@type":"MerchantReturnPolicy","merchantReturnLink":"https:\/\/xstyle.md\/ro\/conditions\/"}}]},"product_price_amount":"1550.00","product_price_currency":"MDL","og_availability":"instock","product_availability":"instock","product_retailer_item_id":"8591203051934","product_condition":"new"},"_links":{"self":[{"href":"https:\/\/xstyle.md\/ro\/wp-json\/wp\/v2\/product\/54186","targetHints":{"allow":["GET"]}}],"collection":[{"href":"https:\/\/xstyle.md\/ro\/wp-json\/wp\/v2\/product"}],"about":[{"href":"https:\/\/xstyle.md\/ro\/wp-json\/wp\/v2\/types\/product"}],"replies":[{"embeddable":true,"href":"https:\/\/xstyle.md\/ro\/wp-json\/wp\/v2\/comments?post=54186"}],"wp:featuredmedia":[{"embeddable":true,"href":"https:\/\/xstyle.md\/ro\/wp-json\/wp\/v2\/media\/56345"}],"wp:attachment":[{"href":"https:\/\/xstyle.md\/ro\/wp-json\/wp\/v2\/media?parent=54186"}],"wp:term":[{"taxonomy":"product_brand","embeddable":true,"href":"https:\/\/xstyle.md\/ro\/wp-json\/wp\/v2\/product_brand?post=54186"},{"taxonomy":"product_cat","embeddable":true,"href":"https:\/\/xstyle.md\/ro\/wp-json\/wp\/v2\/product_cat?post=54186"},{"taxonomy":"product_tag","embeddable":true,"href":"https:\/\/xstyle.md\/ro\/wp-json\/wp\/v2\/product_tag?post=54186"}],"curies":[{"name":"wp","href":"https:\/\/api.w.org\/{rel}","templated":true}]}}