{"id":54181,"date":"2022-09-02T18:37:00","date_gmt":"2022-09-02T15:37:00","guid":{"rendered":"https:\/\/xstyle.md\/?post_type=product&#038;p=54181"},"modified":"2025-10-24T12:36:59","modified_gmt":"2025-10-24T09:36:59","slug":"tripod-gopro-volta","status":"publish","type":"product","link":"https:\/\/xstyle.md\/ro\/produs\/tripod-gopro-volta\/","title":{"rendered":"Tripod GoPro Volta (APHGM-001-EU)"},"content":{"rendered":"<p><strong>Trepied GoPro Volta<\/strong> \u0441 \u043d\u0435\u0432\u0435\u0440\u043e\u044f\u0442\u043d\u043e \u0443\u043d\u0438\u0432\u0435\u0440\u0441\u0430\u043b\u044c\u043d\u044b\u043c \u0434\u0438\u0437\u0430\u0439\u043d\u043e\u043c \u2014 \u044d\u0442\u043e \u043f\u0435\u0440\u0432\u043e\u043a\u043b\u0430\u0441\u0441\u043d\u0430\u044f \u0440\u0443\u043a\u043e\u044f\u0442\u043a\u0430-\u0430\u043a\u043a\u0443\u043c\u0443\u043b\u044f\u0442\u043e\u0440 \u0438 \u043d\u0435 \u0442\u043e\u043b\u044c\u043a\u043e. \u0412 \u0441\u043e\u0447\u0435\u0442\u0430\u043d\u0438\u0438 \u0441\u043e \u0441\u0442\u0430\u043d\u0434\u0430\u0440\u0442\u043d\u044b\u043c \u0430\u043a\u043a\u0443\u043c\u0443\u043b\u044f\u0442\u043e\u0440\u043e\u043c GoPro \u043e\u043d\u0430 \u043e\u0431\u0435\u0441\u043f\u0435\u0447\u0438\u0432\u0430\u0435\u0442 \u0431\u043e\u043b\u0435\u0435 \u0447\u0435\u0442\u044b\u0440\u0435\u0445 \u0447\u0430\u0441\u043e\u0432 \u0437\u0430\u043f\u0438\u0441\u0438 \u0432 5.3K \u2014 \u044d\u0442\u043e \u0432 \u0442\u0440\u0438 \u0440\u0430\u0437\u0430 \u0434\u043e\u043b\u044c\u0448\u0435 \u043e\u0431\u044b\u0447\u043d\u043e\u0433\u043e \u0432\u0440\u0435\u043c\u0435\u043d\u0438 \u0440\u0430\u0431\u043e\u0442\u044b. \u041a\u0440\u043e\u043c\u0435 \u0442\u043e\u0433\u043e, \u043e\u043d\u0430 \u043e\u0441\u043d\u0430\u0449\u0435\u043d\u0430 \u043a\u043d\u043e\u043f\u043a\u0430\u043c\u0438 \u0434\u043b\u044f \u0443\u0434\u043e\u0431\u043d\u043e\u0433\u043e \u0443\u043f\u0440\u0430\u0432\u043b\u0435\u043d\u0438\u044f \u043e\u0434\u043d\u043e\u0439 \u0440\u0443\u043a\u043e\u0439, \u043c\u043e\u0436\u0435\u0442 \u0438\u0441\u043f\u043e\u043b\u044c\u0437\u043e\u0432\u0430\u0442\u044c\u0441\u044f \u0432 \u043a\u0430\u0447\u0435\u0441\u0442\u0432\u0435 \u043f\u0443\u043b\u044c\u0442\u0430 \u0434\u0438\u0441\u0442\u0430\u043d\u0446\u0438\u043e\u043d\u043d\u043e\u0433\u043e \u0443\u043f\u0440\u0430\u0432\u043b\u0435\u043d\u0438\u044f, \u0430 \u0431\u043b\u0430\u0433\u043e\u0434\u0430\u0440\u044f \u0432\u0441\u0442\u0440\u043e\u0435\u043d\u043d\u044b\u043c \u043e\u0442\u043a\u0438\u0434\u043d\u044b\u043c \u043d\u043e\u0436\u043a\u0430\u043c \u043b\u0435\u0433\u043a\u043e \u043f\u0440\u0435\u0432\u0440\u0430\u0449\u0430\u0435\u0442\u0441\u044f \u0432 \u0443\u0434\u043e\u0431\u043d\u044b\u0439 \u0448\u0442\u0430\u0442\u0438\u0432.<\/p>\n<h3>Particularit\u0103\u021bi<\/h3>\n<ul>\n<li class=\"paragraph-small\">\u0412\u0441\u0442\u0440\u043e\u0435\u043d\u043d\u044b\u0439 \u0430\u043a\u043a\u0443\u043c\u0443\u043b\u044f\u0442\u043e\u0440 \u043e\u0431\u0435\u0441\u043f\u0435\u0447\u0438\u0432\u0430\u0435\u0442 \u0441\u0432\u044b\u0448\u0435 \u0447\u0435\u0442\u044b\u0440\u0435\u0445 \u0447\u0430\u0441\u043e\u0432 \u0437\u0430\u043f\u0438\u0441\u0438 \u0432 5.3K\/30<\/li>\n<li class=\"paragraph-small\">Butoane pe m\u00e2ner pentru un control u\u0219or al camerei cu o singur\u0103 m\u00e2n\u0103<\/li>\n<li class=\"paragraph-small\">Trepied cu picioare rabatabile pentru fotografii clare<\/li>\n<li class=\"paragraph-small\">Control wireless al camerei de p\u00e2n\u0103 la 30 m\u00b2<\/li>\n<li class=\"paragraph-small\">Construc\u021bie rezistent\u0103 la diverse condi\u021bii meteo<\/li>\n<li class=\"paragraph-small\">Indicatori de starea bateriei + mod camer\u0103<\/li>\n<li class=\"paragraph-small\">Suport pentru module + accesorii GoPro<\/li>\n<li class=\"paragraph-small\">Inele de str\u00e2ngere pentru \u00eentoarcerea \u0219i \u00eenclinarea camerei<\/li>\n<li class=\"paragraph-small\">\u00cencarc\u0103 alte dispozitive USB-C<\/li>\n<\/ul>\n<h3>Caracteristici<\/h3>\n<ul>\n<li class=\"paragraph-small\">Capacitate baterie: 4900 mAh<\/li>\n<li class=\"paragraph-small\">Putere de intrare: 5 V \/ 3 A (max. 15 W)<\/li>\n<li class=\"paragraph-small\">Putere de ie\u0219ire: 5 V \/ 2,4 A (max. 12 W)<\/li>\n<li class=\"paragraph-small\">Tip de intrare\/ie\u0219ire alimentare: USB-C<\/li>\n<li class=\"paragraph-small\">Timp de \u00eenc\u0103rcare: 2,5 ore cu GoPro Supercharger (se vinde separat) GoPro Volta Trepied<\/li>\n<\/ul>","protected":false},"excerpt":{"rendered":"<p>\u0422\u0440\u0438\u043f\u043e\u0434 GoPro Volta \u0441 \u043d\u0435\u0432\u0435\u0440\u043e\u044f\u0442\u043d\u043e \u0443\u043d\u0438\u0432\u0435\u0440\u0441\u0430\u043b\u044c\u043d\u044b\u043c \u0434\u0438\u0437\u0430\u0439\u043d\u043e\u043c \u2014 \u044d\u0442\u043e \u043f\u0435\u0440\u0432\u043e\u043a\u043b\u0430\u0441\u0441\u043d\u0430\u044f \u0440\u0443\u043a\u043e\u044f\u0442\u043a\u0430-\u0430\u043a\u043a\u0443\u043c\u0443\u043b\u044f\u0442\u043e\u0440 \u0438 \u043d\u0435 \u0442\u043e\u043b\u044c\u043a\u043e. \u0412 \u0441\u043e\u0447\u0435\u0442\u0430\u043d\u0438\u0438 \u0441\u043e \u0441\u0442\u0430\u043d\u0434\u0430\u0440\u0442\u043d\u044b\u043c \u0430\u043a\u043a\u0443\u043c\u0443\u043b\u044f\u0442\u043e\u0440\u043e\u043c GoPro \u043e\u043d\u0430 \u043e\u0431\u0435\u0441\u043f\u0435\u0447\u0438\u0432\u0430\u0435\u0442 \u0431\u043e\u043b\u0435\u0435 \u0447\u0435\u0442\u044b\u0440\u0435\u0445 \u0447\u0430\u0441\u043e\u0432 \u0437\u0430\u043f\u0438\u0441\u0438 \u0432 5.3K \u2014 \u044d\u0442\u043e \u0432 \u0442\u0440\u0438 \u0440\u0430\u0437\u0430 \u0434\u043e\u043b\u044c\u0448\u0435 \u043e\u0431\u044b\u0447\u043d\u043e\u0433\u043e \u0432\u0440\u0435\u043c\u0435\u043d\u0438 \u0440\u0430\u0431\u043e\u0442\u044b. \u041a\u0440\u043e\u043c\u0435 \u0442\u043e\u0433\u043e, \u043e\u043d\u0430 \u043e\u0441\u043d\u0430\u0449\u0435\u043d\u0430 \u043a\u043d\u043e\u043f\u043a\u0430\u043c\u0438 \u0434\u043b\u044f \u0443\u0434\u043e\u0431\u043d\u043e\u0433\u043e \u0443\u043f\u0440\u0430\u0432\u043b\u0435\u043d\u0438\u044f \u043e\u0434\u043d\u043e\u0439 \u0440\u0443\u043a\u043e\u0439, \u043c\u043e\u0436\u0435\u0442 \u0438\u0441\u043f\u043e\u043b\u044c\u0437\u043e\u0432\u0430\u0442\u044c\u0441\u044f \u0432 \u043a\u0430\u0447\u0435\u0441\u0442\u0432\u0435 \u043f\u0443\u043b\u044c\u0442\u0430 \u0434\u0438\u0441\u0442\u0430\u043d\u0446\u0438\u043e\u043d\u043d\u043e\u0433\u043e \u0443\u043f\u0440\u0430\u0432\u043b\u0435\u043d\u0438\u044f, \u0430 [&hellip;]<\/p>\n","protected":false},"featured_media":56589,"comment_status":"open","ping_status":"closed","template":"","meta":{"_acf_changed":false,"inline_featured_image":false},"product_brand":[1307],"product_cat":[914],"product_tag":[],"class_list":{"0":"post-54181","1":"product","2":"type-product","3":"status-publish","4":"has-post-thumbnail","6":"product_brand-gopro","7":"product_cat-stabilizers","9":"first","10":"instock","11":"shipping-taxable","12":"purchasable","13":"product-type-simple"},"acf":[],"yoast_head":"<!-- This site is optimized with the Yoast SEO plugin v27.2 - https:\/\/yoast.com\/product\/yoast-seo-wordpress\/ -->\n<title>\u0428\u0442\u0430\u0442\u0438\u0432 GoPro Volta (APHGM-001-EU) - \u041c\u0430\u0433\u0430\u0437\u0438\u043d Xstyle<\/title>\n<meta name=\"description\" content=\"\u0422\u0440\u0438\u043f\u043e\u0434 GoPro Volta - \u0443\u043d\u0438\u0432\u0435\u0440\u0441\u0430\u043b\u044c\u043d\u044b\u0439 \u0430\u043a\u0441\u0435\u0441\u0441\u0443\u0430\u0440 \u0434\u043b\u044f \u0432\u0430\u0448\u0438\u0445 \u0441\u044a\u0435\u043c\u043e\u043a \u043d\u0430 GoPro. \u0417\u0430\u0440\u044f\u0434\u043a\u0430 \u0447\u0435\u0440\u0435\u0437 USB-C, \u043c\u043e\u0449\u043d\u043e\u0441\u0442\u044c 4900 \u043c\u0410\u0447. \u0418\u0434\u0435\u0430\u043b\u044c\u043d\u044b\u0439 \u0432\u044b\u0431\u043e\u0440 \u0434\u043b\u044f \u043b\u044e\u0431\u0438\u0442\u0435\u043b\u0435\u0439 \u0430\u043a\u0442\u0438\u0432\u043d\u043e\u0433\u043e \u043e\u0442\u0434\u044b\u0445\u0430!\" \/>\n<meta name=\"robots\" content=\"index, follow, max-snippet:-1, max-image-preview:large, max-video-preview:-1\" \/>\n<link rel=\"canonical\" href=\"https:\/\/xstyle.md\/ro\/produs\/tripod-gopro-volta\/\" \/>\n<meta property=\"og:locale\" content=\"ro_RO\" \/>\n<meta property=\"og:type\" content=\"article\" \/>\n<meta property=\"og:title\" content=\"\u0428\u0442\u0430\u0442\u0438\u0432 GoPro Volta (APHGM-001-EU) - \u041c\u0430\u0433\u0430\u0437\u0438\u043d Xstyle\" \/>\n<meta property=\"og:description\" content=\"\u0422\u0440\u0438\u043f\u043e\u0434 GoPro Volta - \u0443\u043d\u0438\u0432\u0435\u0440\u0441\u0430\u043b\u044c\u043d\u044b\u0439 \u0430\u043a\u0441\u0435\u0441\u0441\u0443\u0430\u0440 \u0434\u043b\u044f \u0432\u0430\u0448\u0438\u0445 \u0441\u044a\u0435\u043c\u043e\u043a \u043d\u0430 GoPro. \u0417\u0430\u0440\u044f\u0434\u043a\u0430 \u0447\u0435\u0440\u0435\u0437 USB-C, \u043c\u043e\u0449\u043d\u043e\u0441\u0442\u044c 4900 \u043c\u0410\u0447. \u0418\u0434\u0435\u0430\u043b\u044c\u043d\u044b\u0439 \u0432\u044b\u0431\u043e\u0440 \u0434\u043b\u044f \u043b\u044e\u0431\u0438\u0442\u0435\u043b\u0435\u0439 \u0430\u043a\u0442\u0438\u0432\u043d\u043e\u0433\u043e \u043e\u0442\u0434\u044b\u0445\u0430!\" \/>\n<meta property=\"og:url\" content=\"https:\/\/xstyle.md\/ro\/produs\/tripod-gopro-volta\/\" \/>\n<meta property=\"og:site_name\" content=\"\u041c\u0430\u0433\u0430\u0437\u0438\u043d Xstyle\" \/>\n<meta property=\"article:publisher\" content=\"https:\/\/www.facebook.com\/xstylemd\" \/>\n<meta property=\"article:modified_time\" content=\"2025-10-24T09:36:59+00:00\" \/>\n<meta property=\"og:image\" content=\"https:\/\/xstyle.md\/wp-content\/uploads\/2022\/09\/tripod-gopro-volta.jpg\" \/>\n\t<meta property=\"og:image:width\" content=\"1319\" \/>\n\t<meta property=\"og:image:height\" content=\"1204\" \/>\n\t<meta property=\"og:image:type\" content=\"image\/jpeg\" \/>\n<meta name=\"twitter:card\" content=\"summary_large_image\" \/>\n<meta name=\"twitter:label1\" content=\"Pre\u021b\" \/>\n\t<meta name=\"twitter:data1\" content=\"3.450&nbsp;MDL\" \/>\n\t<meta name=\"twitter:label2\" content=\"Disponibilitate\" \/>\n\t<meta name=\"twitter:data2\" content=\"\u00cen stoc\" \/>\n<script type=\"application\/ld+json\" class=\"yoast-schema-graph\">{\"@context\":\"https:\/\/schema.org\",\"@graph\":[{\"@type\":\"WebPage\",\"@id\":\"https:\/\/xstyle.md\/product\/tripod-gopro-volta\/\",\"url\":\"https:\/\/xstyle.md\/product\/tripod-gopro-volta\/\",\"name\":\"\u0428\u0442\u0430\u0442\u0438\u0432 GoPro Volta (APHGM-001-EU) - \u041c\u0430\u0433\u0430\u0437\u0438\u043d Xstyle\",\"isPartOf\":{\"@id\":\"https:\/\/xstyle.md\/#website\"},\"primaryImageOfPage\":{\"@id\":\"https:\/\/xstyle.md\/product\/tripod-gopro-volta\/#primaryimage\"},\"image\":{\"@id\":\"https:\/\/xstyle.md\/product\/tripod-gopro-volta\/#primaryimage\"},\"thumbnailUrl\":\"https:\/\/xstyle.md\/wp-content\/uploads\/2022\/09\/tripod-gopro-volta.jpg\",\"datePublished\":\"2022-09-02T15:37:00+00:00\",\"dateModified\":\"2025-10-24T09:36:59+00:00\",\"description\":\"\u0422\u0440\u0438\u043f\u043e\u0434 GoPro Volta - \u0443\u043d\u0438\u0432\u0435\u0440\u0441\u0430\u043b\u044c\u043d\u044b\u0439 \u0430\u043a\u0441\u0435\u0441\u0441\u0443\u0430\u0440 \u0434\u043b\u044f \u0432\u0430\u0448\u0438\u0445 \u0441\u044a\u0435\u043c\u043e\u043a \u043d\u0430 GoPro. \u0417\u0430\u0440\u044f\u0434\u043a\u0430 \u0447\u0435\u0440\u0435\u0437 USB-C, \u043c\u043e\u0449\u043d\u043e\u0441\u0442\u044c 4900 \u043c\u0410\u0447. \u0418\u0434\u0435\u0430\u043b\u044c\u043d\u044b\u0439 \u0432\u044b\u0431\u043e\u0440 \u0434\u043b\u044f \u043b\u044e\u0431\u0438\u0442\u0435\u043b\u0435\u0439 \u0430\u043a\u0442\u0438\u0432\u043d\u043e\u0433\u043e \u043e\u0442\u0434\u044b\u0445\u0430!\",\"breadcrumb\":{\"@id\":\"https:\/\/xstyle.md\/product\/tripod-gopro-volta\/#breadcrumb\"},\"inLanguage\":\"ro-RO\",\"potentialAction\":[{\"@type\":\"ReadAction\",\"target\":[\"https:\/\/xstyle.md\/product\/tripod-gopro-volta\/\"]}]},{\"@type\":\"ImageObject\",\"inLanguage\":\"ro-RO\",\"@id\":\"https:\/\/xstyle.md\/product\/tripod-gopro-volta\/#primaryimage\",\"url\":\"https:\/\/xstyle.md\/wp-content\/uploads\/2022\/09\/tripod-gopro-volta.jpg\",\"contentUrl\":\"https:\/\/xstyle.md\/wp-content\/uploads\/2022\/09\/tripod-gopro-volta.jpg\",\"width\":1319,\"height\":1204,\"caption\":\"\u0422\u0440\u0438\u043f\u043e\u0434 \u0434\u043b\u044f \u044d\u043a\u0448\u043d-\u043a\u0430\u043c\u0435\u0440\u044b GoPro Volta \u043d\u0430 \u0441\u0430\u0439\u0442\u0435 \u0438\u043d\u0442\u0435\u0440\u043d\u0435\u0442-\u043c\u0430\u0433\u0430\u0437\u0438\u043d\u0430 \u0441 \u044d\u043a\u0438\u043f\u0438\u0440\u043e\u0432\u043a\u043e\u0439 \u0434\u043b\u044f \u0430\u043a\u0442\u0438\u0432\u043d\u043e\u0433\u043e \u043e\u0442\u0434\u044b\u0445\u0430, \u043f\u043e\u0445\u043e\u0434\u043e\u0432 \u0438 \u043f\u0443\u0442\u0435\u0448\u0435\u0441\u0442\u0432\u0438\u0439\"},{\"@type\":\"BreadcrumbList\",\"@id\":\"https:\/\/xstyle.md\/product\/tripod-gopro-volta\/#breadcrumb\",\"itemListElement\":[{\"@type\":\"ListItem\",\"position\":1,\"name\":\"\u0413\u043b\u0430\u0432\u043d\u0430\u044f \u0441\u0442\u0440\u0430\u043d\u0438\u0446\u0430\",\"item\":\"https:\/\/xstyle.md\/\"},{\"@type\":\"ListItem\",\"position\":2,\"name\":\"\u041c\u0430\u0433\u0430\u0437\u0438\u043d\",\"item\":\"https:\/\/xstyle.md\/shop\/\"},{\"@type\":\"ListItem\",\"position\":3,\"name\":\"\u0428\u0442\u0430\u0442\u0438\u0432 GoPro Volta (APHGM-001-EU)\"}]},{\"@type\":\"WebSite\",\"@id\":\"https:\/\/xstyle.md\/#website\",\"url\":\"https:\/\/xstyle.md\/\",\"name\":\"\u041c\u0430\u0433\u0430\u0437\u0438\u043d Xstyle\",\"description\":\"C\u043d\u0430\u0440\u044f\u0436\u0435\u043d\u0438\u0435 \u0434\u043b\u044f \u0442\u0443\u0440\u0438\u0437\u043c\u0430 \u0438 \u044d\u043a\u0441\u0442\u0440\u0435\u043c\u0430\u043b\u044c\u043d\u044b\u0445 \u0432\u0438\u0434\u043e\u0432 \u0441\u043f\u043e\u0440\u0442\u0430 \u0432 \u041c\u043e\u043b\u0434\u043e\u0432\u0435.. \u0426\u0435\u043d\u044b, \u0444\u043e\u0442\u043e, \u0445\u0430\u0440\u0430\u043a\u0442\u0435\u0440\u0438\u0441\u0442\u0438\u043a\u0438 \u0432 \u041c\u043e\u043b\u0434\u043e\u0432\u0435.\",\"publisher\":{\"@id\":\"https:\/\/xstyle.md\/#organization\"},\"alternateName\":\"X-Style\",\"potentialAction\":[{\"@type\":\"SearchAction\",\"target\":{\"@type\":\"EntryPoint\",\"urlTemplate\":\"https:\/\/xstyle.md\/?s={search_term_string}\"},\"query-input\":{\"@type\":\"PropertyValueSpecification\",\"valueRequired\":true,\"valueName\":\"search_term_string\"}}],\"inLanguage\":\"ro-RO\"},{\"@type\":\"Organization\",\"@id\":\"https:\/\/xstyle.md\/#organization\",\"name\":\"\u041c\u0430\u0433\u0430\u0437\u0438\u043d Xstyle\",\"alternateName\":\"x-style\",\"url\":\"https:\/\/xstyle.md\/\",\"logo\":{\"@type\":\"ImageObject\",\"inLanguage\":\"ro-RO\",\"@id\":\"https:\/\/xstyle.md\/#\/schema\/logo\/image\/\",\"url\":\"https:\/\/xstyle.md\/wp-content\/uploads\/2020\/06\/logoicon.svg\",\"contentUrl\":\"https:\/\/xstyle.md\/wp-content\/uploads\/2020\/06\/logoicon.svg\",\"caption\":\"\u041c\u0430\u0433\u0430\u0437\u0438\u043d Xstyle\"},\"image\":{\"@id\":\"https:\/\/xstyle.md\/#\/schema\/logo\/image\/\"},\"sameAs\":[\"https:\/\/www.facebook.com\/xstylemd\",\"https:\/\/www.instagram.com\/xstyle_md\/\",\"https:\/\/t.me\/xstyle_outdoor\"],\"hasMerchantReturnPolicy\":{\"@type\":\"MerchantReturnPolicy\",\"merchantReturnLink\":\"https:\/\/xstyle.md\/ro\/conditions\/\"}}]}<\/script>\n<meta property=\"product:price:amount\" content=\"3450.00\" \/>\n<meta property=\"product:price:currency\" content=\"MDL\" \/>\n<meta property=\"og:availability\" content=\"instock\" \/>\n<meta property=\"product:availability\" content=\"instock\" \/>\n<meta property=\"product:retailer_item_id\" content=\"APHGM-001-EU\" \/>\n<meta property=\"product:condition\" content=\"new\" \/>\n<!-- \/ Yoast SEO plugin. -->","yoast_head_json":{"title":"\u0428\u0442\u0430\u0442\u0438\u0432 GoPro Volta (APHGM-001-EU) - \u041c\u0430\u0433\u0430\u0437\u0438\u043d Xstyle","description":"Tripod GoPro Volta - un accesoriu universal pentru film\u0103rile voastre cu GoPro. \u00cenc\u0103rcare prin USB-C, putere de 4900 mAh. O alegere ideal\u0103 pentru iubitorii activit\u0103\u021bilor \u00een aer liber!","robots":{"index":"index","follow":"follow","max-snippet":"max-snippet:-1","max-image-preview":"max-image-preview:large","max-video-preview":"max-video-preview:-1"},"canonical":"https:\/\/xstyle.md\/ro\/produs\/tripod-gopro-volta\/","og_locale":"ro_RO","og_type":"article","og_title":"\u0428\u0442\u0430\u0442\u0438\u0432 GoPro Volta (APHGM-001-EU) - \u041c\u0430\u0433\u0430\u0437\u0438\u043d Xstyle","og_description":"\u0422\u0440\u0438\u043f\u043e\u0434 GoPro Volta - \u0443\u043d\u0438\u0432\u0435\u0440\u0441\u0430\u043b\u044c\u043d\u044b\u0439 \u0430\u043a\u0441\u0435\u0441\u0441\u0443\u0430\u0440 \u0434\u043b\u044f \u0432\u0430\u0448\u0438\u0445 \u0441\u044a\u0435\u043c\u043e\u043a \u043d\u0430 GoPro. \u0417\u0430\u0440\u044f\u0434\u043a\u0430 \u0447\u0435\u0440\u0435\u0437 USB-C, \u043c\u043e\u0449\u043d\u043e\u0441\u0442\u044c 4900 \u043c\u0410\u0447. \u0418\u0434\u0435\u0430\u043b\u044c\u043d\u044b\u0439 \u0432\u044b\u0431\u043e\u0440 \u0434\u043b\u044f \u043b\u044e\u0431\u0438\u0442\u0435\u043b\u0435\u0439 \u0430\u043a\u0442\u0438\u0432\u043d\u043e\u0433\u043e \u043e\u0442\u0434\u044b\u0445\u0430!","og_url":"https:\/\/xstyle.md\/ro\/produs\/tripod-gopro-volta\/","og_site_name":"\u041c\u0430\u0433\u0430\u0437\u0438\u043d Xstyle","article_publisher":"https:\/\/www.facebook.com\/xstylemd","article_modified_time":"2025-10-24T09:36:59+00:00","og_image":[{"width":1319,"height":1204,"url":"https:\/\/xstyle.md\/wp-content\/uploads\/2022\/09\/tripod-gopro-volta.jpg","type":"image\/jpeg"}],"twitter_card":"summary_large_image","twitter_misc":{"Pre\u021b":"3.450&nbsp;MDL","Disponibilitate":"\u00cen stoc"},"schema":{"@context":"https:\/\/schema.org","@graph":[{"@type":"WebPage","@id":"https:\/\/xstyle.md\/product\/tripod-gopro-volta\/","url":"https:\/\/xstyle.md\/product\/tripod-gopro-volta\/","name":"\u0428\u0442\u0430\u0442\u0438\u0432 GoPro Volta (APHGM-001-EU) - \u041c\u0430\u0433\u0430\u0437\u0438\u043d Xstyle","isPartOf":{"@id":"https:\/\/xstyle.md\/#website"},"primaryImageOfPage":{"@id":"https:\/\/xstyle.md\/product\/tripod-gopro-volta\/#primaryimage"},"image":{"@id":"https:\/\/xstyle.md\/product\/tripod-gopro-volta\/#primaryimage"},"thumbnailUrl":"https:\/\/xstyle.md\/wp-content\/uploads\/2022\/09\/tripod-gopro-volta.jpg","datePublished":"2022-09-02T15:37:00+00:00","dateModified":"2025-10-24T09:36:59+00:00","description":"Tripod GoPro Volta - un accesoriu universal pentru film\u0103rile voastre cu GoPro. \u00cenc\u0103rcare prin USB-C, putere de 4900 mAh. O alegere ideal\u0103 pentru iubitorii activit\u0103\u021bilor \u00een aer liber!","breadcrumb":{"@id":"https:\/\/xstyle.md\/product\/tripod-gopro-volta\/#breadcrumb"},"inLanguage":"ro-RO","potentialAction":[{"@type":"ReadAction","target":["https:\/\/xstyle.md\/product\/tripod-gopro-volta\/"]}]},{"@type":"ImageObject","inLanguage":"ro-RO","@id":"https:\/\/xstyle.md\/product\/tripod-gopro-volta\/#primaryimage","url":"https:\/\/xstyle.md\/wp-content\/uploads\/2022\/09\/tripod-gopro-volta.jpg","contentUrl":"https:\/\/xstyle.md\/wp-content\/uploads\/2022\/09\/tripod-gopro-volta.jpg","width":1319,"height":1204,"caption":"\u0422\u0440\u0438\u043f\u043e\u0434 \u0434\u043b\u044f \u044d\u043a\u0448\u043d-\u043a\u0430\u043c\u0435\u0440\u044b GoPro Volta \u043d\u0430 \u0441\u0430\u0439\u0442\u0435 \u0438\u043d\u0442\u0435\u0440\u043d\u0435\u0442-\u043c\u0430\u0433\u0430\u0437\u0438\u043d\u0430 \u0441 \u044d\u043a\u0438\u043f\u0438\u0440\u043e\u0432\u043a\u043e\u0439 \u0434\u043b\u044f \u0430\u043a\u0442\u0438\u0432\u043d\u043e\u0433\u043e \u043e\u0442\u0434\u044b\u0445\u0430, \u043f\u043e\u0445\u043e\u0434\u043e\u0432 \u0438 \u043f\u0443\u0442\u0435\u0448\u0435\u0441\u0442\u0432\u0438\u0439"},{"@type":"BreadcrumbList","@id":"https:\/\/xstyle.md\/product\/tripod-gopro-volta\/#breadcrumb","itemListElement":[{"@type":"ListItem","position":1,"name":"\u0413\u043b\u0430\u0432\u043d\u0430\u044f \u0441\u0442\u0440\u0430\u043d\u0438\u0446\u0430","item":"https:\/\/xstyle.md\/"},{"@type":"ListItem","position":2,"name":"\u041c\u0430\u0433\u0430\u0437\u0438\u043d","item":"https:\/\/xstyle.md\/shop\/"},{"@type":"ListItem","position":3,"name":"\u0428\u0442\u0430\u0442\u0438\u0432 GoPro Volta (APHGM-001-EU)"}]},{"@type":"WebSite","@id":"https:\/\/xstyle.md\/#website","url":"https:\/\/xstyle.md\/","name":"Magazinul X-Style","description":"Echipamente pentru turism \u0219i sporturi extreme \u00een Moldova. Pre\u021buri, fotografii, caracteristici \u00een Moldova.","publisher":{"@id":"https:\/\/xstyle.md\/#organization"},"alternateName":"X-Style","potentialAction":[{"@type":"SearchAction","target":{"@type":"EntryPoint","urlTemplate":"https:\/\/xstyle.md\/?s={search_term_string}"},"query-input":{"@type":"PropertyValueSpecification","valueRequired":true,"valueName":"search_term_string"}}],"inLanguage":"ro-RO"},{"@type":"Organization","@id":"https:\/\/xstyle.md\/#organization","name":"Magazinul X-Style","alternateName":"x-style","url":"https:\/\/xstyle.md\/","logo":{"@type":"ImageObject","inLanguage":"ro-RO","@id":"https:\/\/xstyle.md\/#\/schema\/logo\/image\/","url":"https:\/\/xstyle.md\/wp-content\/uploads\/2020\/06\/logoicon.svg","contentUrl":"https:\/\/xstyle.md\/wp-content\/uploads\/2020\/06\/logoicon.svg","caption":"\u041c\u0430\u0433\u0430\u0437\u0438\u043d Xstyle"},"image":{"@id":"https:\/\/xstyle.md\/#\/schema\/logo\/image\/"},"sameAs":["https:\/\/www.facebook.com\/xstylemd","https:\/\/www.instagram.com\/xstyle_md\/","https:\/\/t.me\/xstyle_outdoor"],"hasMerchantReturnPolicy":{"@type":"MerchantReturnPolicy","merchantReturnLink":"https:\/\/xstyle.md\/ro\/conditions\/"}}]},"product_price_amount":"3450.00","product_price_currency":"MDL","og_availability":"instock","product_availability":"instock","product_retailer_item_id":"APHGM-001-EU","product_condition":"new"},"post_mailing_queue_ids":[],"_links":{"self":[{"href":"https:\/\/xstyle.md\/ro\/wp-json\/wp\/v2\/product\/54181","targetHints":{"allow":["GET"]}}],"collection":[{"href":"https:\/\/xstyle.md\/ro\/wp-json\/wp\/v2\/product"}],"about":[{"href":"https:\/\/xstyle.md\/ro\/wp-json\/wp\/v2\/types\/product"}],"replies":[{"embeddable":true,"href":"https:\/\/xstyle.md\/ro\/wp-json\/wp\/v2\/comments?post=54181"}],"wp:featuredmedia":[{"embeddable":true,"href":"https:\/\/xstyle.md\/ro\/wp-json\/wp\/v2\/media\/56589"}],"wp:attachment":[{"href":"https:\/\/xstyle.md\/ro\/wp-json\/wp\/v2\/media?parent=54181"}],"wp:term":[{"taxonomy":"product_brand","embeddable":true,"href":"https:\/\/xstyle.md\/ro\/wp-json\/wp\/v2\/product_brand?post=54181"},{"taxonomy":"product_cat","embeddable":true,"href":"https:\/\/xstyle.md\/ro\/wp-json\/wp\/v2\/product_cat?post=54181"},{"taxonomy":"product_tag","embeddable":true,"href":"https:\/\/xstyle.md\/ro\/wp-json\/wp\/v2\/product_tag?post=54181"}],"curies":[{"name":"wp","href":"https:\/\/api.w.org\/{rel}","templated":true}]}}