{"id":54179,"date":"2022-09-02T18:37:00","date_gmt":"2022-09-02T15:37:00","guid":{"rendered":"https:\/\/xstyle.md\/?post_type=product&#038;p=54179"},"modified":"2025-03-24T16:42:17","modified_gmt":"2025-03-24T13:42:17","slug":"kamera-gopro-hero-10-bundle","status":"publish","type":"product","link":"https:\/\/xstyle.md\/ro\/produs\/kamera-gopro-hero-10-bundle\/","title":{"rendered":"Camer\u0103 GoPro Hero 10 Bundle (CHDRB-101-CN)"},"content":{"rendered":"<\/p>\n<p><strong>GoPro Hero 10 Bundle<\/strong> &#8212; performan\u021ba incredibil\u0103 \u0219i u\u0219urin\u021ba \u00een utilizare sunt reunite \u00een cea mai bogat\u0103 camer\u0103 GoPro de p\u00e2n\u0103 acum, HERO10 Black. Cipul inovator GP2 produce clipuri video 5.3K la o rat\u0103 a cadrelor de dou\u0103 ori mai mare, fotografii de 23 MP, precum \u0219i performan\u021be \u00eembun\u0103t\u0103\u021bite \u00een condi\u021bii de luminozitate sc\u0103zut\u0103 \u0219i stabilizare video HyperSmooth 4.0 \u00een toate modurile. HERO10 suport\u0103 conectivitate cloud pentru \u0219i mai mult confort &#8212; imaginile dvs. sunt \u00eenc\u0103rcate automat \u00een cloud \u00een timpul \u00eenc\u0103rc\u0103rii.<\/p>\n<p>Pachet de v\u00e2nzare cu am\u0103nuntul: camer\u0103 de ac\u021biune GoPro Hero10, trepied Shorty, clem\u0103 pivotant\u0103 magnetic\u0103, baterie suplimentar\u0103, geant\u0103 pentru camer\u0103.<\/p>\n<h3>Particularit\u0103\u021bi<\/h3>\n<ul>\n<li><strong>Procesor inovator<\/strong><br \/>\nChiar mai rapid. Chiar mai fluid. Chiar mai bun. Noul cip puternic GP2 schimb\u0103 regulile jocului &#8212; performan\u021be ridicate, comenzi tactile receptive \u0219i o rat\u0103 a cadrelor de dou\u0103 ori mai mare pentru a surprinde imagini uimitor de fluide. Proiectat special \u021bin\u00e2nd cont de cerin\u021bele exigente ale camerelor GoPro, sistemul GP2 cu un singur cip maximizeaz\u0103 performan\u021ba.<br \/>\nFoto + video de \u00eenalt\u0103 rezolu\u021bie, rat\u0103 mare de cadre<br \/>\nBucura\u021bi-v\u0103 de claritatea incredibil\u0103 a film\u0103rilor GoPro. HERO10 ofer\u0103 o rezolu\u021bie foto de 23 MP \u0219i o rezolu\u021bie video de 5,3 K la 60 fps, plus o rat\u0103 de cadre dubl\u0103 pentru film\u0103ri uimitor de fluide. De asemenea, camera suport\u0103 \u00eencetinitorul 8x la 2,7K, v\u0103 permite s\u0103 \u00eentrerupe\u021bi \u00eenregistrarea video \u0219i s\u0103 crea\u021bi imagini statice de 15,8MP din \u00eenregistrarea video de 5,3K.<\/li>\n<li><strong>Calitate incredibil\u0103 a imaginii<\/strong><br \/>\nP\u0103stra\u021bi detalii ridicate, textur\u0103 realist\u0103 \u0219i contrast viu chiar \u0219i \u00een condi\u021bii de lumin\u0103 slab\u0103. Cu un nou capac al obiectivului hidrofob care respinge umezeala \u0219i protejeaz\u0103 \u00eempotriva stropilor, precum \u0219i \u00eempotriva reflexiilor \u0219i a altor distorsiuni, calitatea imaginii este dus\u0103 la un nivel cu totul nou.<\/li>\n<li><strong>HyperSmooth 4.0.<\/strong><br \/>\nTehnologia HyperSmooth nu a oferit niciodat\u0103 p\u00e2n\u0103 acum rezultate at\u00e2t de fluide, astfel \u00eenc\u00e2t v\u0103 pute\u021bi baza \u00eentotdeauna pe o stabilizare mai bun\u0103. Performan\u021ba \u00een condi\u021bii de lumin\u0103 slab\u0103 este \u0219i mai bun\u0103, iar pentru func\u021bia de nivelare a orizontului sunt acum disponibile mai multe unghiuri de \u00eenclinare, astfel \u00eenc\u00e2t materialele dvs. s\u0103 fie \u00eentotdeauna perfect plane atunci c\u00e2nd ave\u021bi nevoie de ele.<\/li>\n<li><strong>Conexiune rapid\u0103 \u0219i fiabil\u0103<\/strong><br \/>\nIncredibil de u\u0219or, incredibil de rapid. Transferul fotografiilor \u0219i videoclipurilor pe telefonul dvs. de la camera GoPro conectat\u0103 la cloud este simplu \u0219i convenabil &#8212; pute\u021bi \u00eenc\u0103rca prin aplica\u021bia Quik sau prin conectare rapid\u0103 prin cablu USB3. De asemenea, ave\u021bi acces la stocare nelimitat\u0103 \u00een cloud cu \u00eenc\u0103rcare automat\u0103 u\u0219oar\u0103. Pur \u0219i simplu conecta\u021bi camera la alimentare \u0219i la re\u021beaua Wi-Fi de acas\u0103 \u0219i ea va face restul pentru dvs.<\/li>\n<li><strong>Ecran frontal nou + func\u021bionalitate \u00eembun\u0103t\u0103\u021bit\u0103<\/strong><br \/>\n\u00cencadrarea blogului dvs. video sau a selfie-urilor este mult mai u\u0219oar\u0103 cu un ecran LCD frontal de \u00eenalt\u0103 calitate care ofer\u0103 imagini fluide \u0219i incredibil de detaliate. Comenzile tactile ofer\u0103 un r\u0103spuns \u00eembun\u0103t\u0103\u021bit, astfel \u00eenc\u00e2t obturatorul func\u021bioneaz\u0103 mai bine. Calitatea transmisiunilor live este \u0219i mai bun\u0103 cu HERO10 Black, iar func\u021biile camerei web sunt mai simple \u0219i mai convenabile.<\/li>\n<li><strong>Robust \u0219i rezistent la ap\u0103 p\u00e2n\u0103 la o ad\u00e2ncime de 10 metri<\/strong><br \/>\nHERO10 Black este complet rezistent la ap\u0103 \u0219i c\u00e2t se poate de robust, ceea ce \u00eel face potrivit pentru orice aventur\u0103. Designul s\u0103u robust poate rezista la impacturi serioase \u0219i v\u0103 va purta prin noroi, z\u0103pad\u0103 \u0219i ap\u0103 (p\u00e2n\u0103 la o ad\u00e2ncime de 10 metri). Capacul obiectivului durabil \u0219i rezistent la zg\u00e2rieturi poate fi \u00eenlocuit cu u\u0219urin\u021b\u0103 atunci c\u00e2nd este necesar.<\/li>\n<li><strong>Baterie de mare capacitate<br \/>\n<\/strong>O baterie Li-Ion de 1720mAh v\u0103 permite s\u0103 v\u0103 bucura\u021bi de fotografiere mai mult timp \u0219i s\u0103 v\u0103 g\u00e2ndi\u021bi mai pu\u021bin la \u00eenlocuirea bateriei.<\/li>\n<li><strong>Modul Max Lens<br \/>\n<\/strong>Profita\u021bi de Max Lens Module pentru cel mai larg unghi de vizualizare de pe camera HERO (155\u02da) \u0219i stabilizarea Max HyperSmooth de neegalat.<\/li>\n<li><strong>Webcam + streaming live<br \/>\n<\/strong>GoPro iese \u00een eviden\u021b\u0103 fa\u021b\u0103 de majoritatea camerelor web. Transmisiunea live versatil\u0103 asigur\u0103 imagini video fluide \u00een timpul fiec\u0103rei capturi datorit\u0103 stabiliz\u0103rii HyperSmooth \u0219i rezolu\u021biei ridicate.<\/li>\n<li><strong>Instrumente avansate<br \/>\n<\/strong>Cu instrumente avansate precum func\u021bia LiveBurst pentru fotografierea timp de 1,5 secunde \u00eenainte \u0219i dup\u0103 declan\u0219area obturatorului, sunte\u021bi sigur c\u0103 ve\u021bi ob\u021bine cea mai bun\u0103 imagine. Chiar dac\u0103 ap\u0103sa\u021bi butonul de fotografiere prea t\u00e2rziu, HindSight \u00eencepe \u00eenregistrarea video cu 30 de secunde \u00eenainte &#8212; nu ve\u021bi rata niciodat\u0103 momentul potrivit. Iar modurile cu \u00eent\u00e2rziere \u0219i time-lapse v\u0103 permit s\u0103 configura\u021bi camera o dat\u0103 \u0219i s\u0103 uita\u021bi de ea.<\/li>\n<li><strong>Fixare integrat\u0103<br \/>\n<\/strong>Inelele de prindere integrate v\u0103 permit s\u0103 schimba\u021bi suporturile \u00een c\u00e2teva secunde. Nu este necesar\u0103 nicio ram\u0103 de montare &#8212; pur \u0219i simplu deschide\u021bi, fixa\u021bi \u0219i \u00eendep\u0103rta\u021bi. \u00cen plus, toate accesoriile HERO9 Black sunt compatibile cu camera HERO10 Black.<\/li>\n<li><strong>Preset\u0103ri<br \/>\n<\/strong>Simplifica\u021bi procesul &#8212; utiliza\u021bi preset\u0103rile \u00een orice situa\u021bie. HERO10 Black vine cu preset\u0103ri gata f\u0103cute &#8212; modurile Standard, Sport \u0219i Cinematic. De asemenea, pute\u021bi crea preset\u0103ri personalizate pentru acces rapid la set\u0103rile dvs. preferate.<\/li>\n<li><strong>Etichetare cu date GPS<br \/>\n<\/strong>Activa\u021bi aceast\u0103 func\u021bie pentru a ob\u021bine o suprapunere animat\u0103 \u00een timp real a datelor care v\u0103 arat\u0103 viteza, altitudinea, pozi\u021bia pe traseu \u0219i nivelul de congestie. Aceasta este o modalitate excelent\u0103 de a vizualiza statisticile \u0219i de a oferi videoclipului dvs. un aspect profesional.<\/li>\n<\/ul>\n<h3>Caracteristici<\/h3>\n<p><strong>Camera foto<\/strong><\/p>\n<ul>\n<li>Pixeli efectivi &#8212; 23 Mpix.<\/li>\n<li>Stabilizator digital &#8212; Da<\/li>\n<li>Sistem GPS &#8212; Da<\/li>\n<li>Afi\u0219aj LCD &#8212; 2.27 \u201d<\/li>\n<li>Ecran tactil &#8212; Da<\/li>\n<li>Microfon \u00eencorporat &#8212; Da<\/li>\n<li>Formate de \u00eenregistrare &#8212; H.264 (AVC) + H.265 (HEVC) MP4<\/li>\n<li>Rezolu\u021bie foto &#8212; 20 MP<\/li>\n<li>Rata cadrelor p\u00e2n\u0103 la &#8212; 120 fps<\/li>\n<li>Rezolu\u021bie video &#8212; 5.3K30, 4K120<\/li>\n<li>Rezolu\u021bie de \u00eenregistrare &#8212; 5.3K<\/li>\n<\/ul>\n<p><strong>Putere<\/strong><\/p>\n<ul>\n<li>Capacitatea bateriei &#8212; 1720 mAh<\/li>\n<li>Tipul bateriei &#8212; litiu-ion<\/li>\n<li>Surs\u0103 de alimentare &#8212; de la baterie<\/li>\n<\/ul>\n<p><strong>Interfe\u021be<\/strong><\/p>\n<ul>\n<li>WiFi &#8212; Da<\/li>\n<li>USB-C &#8212; Da<\/li>\n<\/ul>\n<p><strong>Func\u021bii<\/strong><\/p>\n<ul>\n<li>Control vocal<\/li>\n<li>Picioare pentru trepied \u00eencorporate<\/li>\n<li>Abilitatea de a conecta dispozitive suplimentare<\/li>\n<li>Modul LiveBurst<\/li>\n<li>Ecran tactil<\/li>\n<li>Stocarea loca\u021biei<\/li>\n<li>Fotografii RAW + WDR\/li&gt;<\/li>\n<li>Stabilizator<\/li>\n<\/ul>\n<h3>Setul include<\/h3>\n<ul>\n<li>Camer\u0103 de ac\u021biune GoPro Hero10<\/li>\n<li>Trepied scurt<\/li>\n<li>Clem\u0103 pivotant\u0103 magnetic\u0103<\/li>\n<li>Baterie suplimentar\u0103<\/li>\n<li>Geant\u0103 pentru camer\u0103<\/li>\n<\/ul>\n<p><\/p>","protected":false},"excerpt":{"rendered":"","protected":false},"featured_media":89207,"comment_status":"open","ping_status":"closed","template":"","meta":{"_acf_changed":false,"inline_featured_image":false},"product_brand":[1307],"product_cat":[879,913],"product_tag":[],"class_list":{"0":"post-54179","1":"product","2":"type-product","3":"status-publish","4":"has-post-thumbnail","6":"product_brand-gopro","7":"product_cat-accessories-camera","8":"product_cat-camera","10":"first","11":"outofstock","12":"shipping-taxable","13":"product-type-simple"},"acf":[],"yoast_head":"<!-- This site is optimized with the Yoast SEO plugin v27.2 - https:\/\/yoast.com\/product\/yoast-seo-wordpress\/ -->\n<title>\u042d\u043a\u0448\u043d-\u043a\u0430\u043c\u0435\u0440\u0430 GoPro Hero 10 Bundle (CHDRB-101-CN) - \u041c\u0430\u0433\u0430\u0437\u0438\u043d Xstyle<\/title>\n<meta name=\"description\" content=\"\u041a\u0443\u043f\u0438\u0442\u044c \u043a\u043e\u043c\u043f\u043b\u0435\u043a\u0442 \u043a\u0430\u043c\u0435\u0440\u044b GoPro Hero 10: HERO10 Black \u0441 \u043a\u0430\u0447\u0435\u0441\u0442\u0432\u043e\u043c 5.3K, HyperSmooth 4.0 \u0438 \u0434\u043e\u043f\u043e\u043b\u043d\u0438\u0442\u0435\u043b\u044c\u043d\u044b\u043c\u0438 \u0430\u043a\u0441\u0435\u0441\u0441\u0443\u0430\u0440\u0430\u043c\u0438. \u0421\u043d\u0438\u043c\u0430\u0439\u0442\u0435 \u043a\u0430\u043a \u043f\u0440\u043e\u0444\u0438!\" \/>\n<meta name=\"robots\" content=\"index, follow, max-snippet:-1, max-image-preview:large, max-video-preview:-1\" \/>\n<link rel=\"canonical\" href=\"https:\/\/xstyle.md\/ro\/produs\/kamera-gopro-hero-10-bundle\/\" \/>\n<meta property=\"og:locale\" content=\"ro_RO\" \/>\n<meta property=\"og:type\" content=\"article\" \/>\n<meta property=\"og:title\" content=\"\u042d\u043a\u0448\u043d-\u043a\u0430\u043c\u0435\u0440\u0430 GoPro Hero 10 Bundle (CHDRB-101-CN) - \u041c\u0430\u0433\u0430\u0437\u0438\u043d Xstyle\" \/>\n<meta property=\"og:description\" content=\"\u041a\u0443\u043f\u0438\u0442\u044c \u043a\u043e\u043c\u043f\u043b\u0435\u043a\u0442 \u043a\u0430\u043c\u0435\u0440\u044b GoPro Hero 10: HERO10 Black \u0441 \u043a\u0430\u0447\u0435\u0441\u0442\u0432\u043e\u043c 5.3K, HyperSmooth 4.0 \u0438 \u0434\u043e\u043f\u043e\u043b\u043d\u0438\u0442\u0435\u043b\u044c\u043d\u044b\u043c\u0438 \u0430\u043a\u0441\u0435\u0441\u0441\u0443\u0430\u0440\u0430\u043c\u0438. \u0421\u043d\u0438\u043c\u0430\u0439\u0442\u0435 \u043a\u0430\u043a \u043f\u0440\u043e\u0444\u0438!\" \/>\n<meta property=\"og:url\" content=\"https:\/\/xstyle.md\/ro\/produs\/kamera-gopro-hero-10-bundle\/\" \/>\n<meta property=\"og:site_name\" content=\"\u041c\u0430\u0433\u0430\u0437\u0438\u043d Xstyle\" \/>\n<meta property=\"article:publisher\" content=\"https:\/\/www.facebook.com\/xstylemd\" \/>\n<meta property=\"article:modified_time\" content=\"2025-03-24T13:42:17+00:00\" \/>\n<meta property=\"og:image\" content=\"https:\/\/xstyle.md\/wp-content\/uploads\/2022\/09\/gopro-hero-10-bundle-0.jpg\" \/>\n\t<meta property=\"og:image:width\" content=\"1090\" \/>\n\t<meta property=\"og:image:height\" content=\"1026\" \/>\n\t<meta property=\"og:image:type\" content=\"image\/jpeg\" \/>\n<meta name=\"twitter:card\" content=\"summary_large_image\" \/>\n<meta name=\"twitter:label1\" content=\"Pre\u021b\" \/>\n\t<meta name=\"twitter:data1\" content=\"13.499&nbsp;MDL\" \/>\n\t<meta name=\"twitter:label2\" content=\"Disponibilitate\" \/>\n\t<meta name=\"twitter:data2\" content=\"Stoc epuizat\" \/>\n<script type=\"application\/ld+json\" class=\"yoast-schema-graph\">{\"@context\":\"https:\/\/schema.org\",\"@graph\":[{\"@type\":\"WebPage\",\"@id\":\"https:\/\/xstyle.md\/product\/kamera-gopro-hero-10-bundle\/\",\"url\":\"https:\/\/xstyle.md\/product\/kamera-gopro-hero-10-bundle\/\",\"name\":\"\u042d\u043a\u0448\u043d-\u043a\u0430\u043c\u0435\u0440\u0430 GoPro Hero 10 Bundle (CHDRB-101-CN) - \u041c\u0430\u0433\u0430\u0437\u0438\u043d Xstyle\",\"isPartOf\":{\"@id\":\"https:\/\/xstyle.md\/#website\"},\"primaryImageOfPage\":{\"@id\":\"https:\/\/xstyle.md\/product\/kamera-gopro-hero-10-bundle\/#primaryimage\"},\"image\":{\"@id\":\"https:\/\/xstyle.md\/product\/kamera-gopro-hero-10-bundle\/#primaryimage\"},\"thumbnailUrl\":\"https:\/\/xstyle.md\/wp-content\/uploads\/2022\/09\/gopro-hero-10-bundle-0.jpg\",\"datePublished\":\"2022-09-02T15:37:00+00:00\",\"dateModified\":\"2025-03-24T13:42:17+00:00\",\"description\":\"\u041a\u0443\u043f\u0438\u0442\u044c \u043a\u043e\u043c\u043f\u043b\u0435\u043a\u0442 \u043a\u0430\u043c\u0435\u0440\u044b GoPro Hero 10: HERO10 Black \u0441 \u043a\u0430\u0447\u0435\u0441\u0442\u0432\u043e\u043c 5.3K, HyperSmooth 4.0 \u0438 \u0434\u043e\u043f\u043e\u043b\u043d\u0438\u0442\u0435\u043b\u044c\u043d\u044b\u043c\u0438 \u0430\u043a\u0441\u0435\u0441\u0441\u0443\u0430\u0440\u0430\u043c\u0438. \u0421\u043d\u0438\u043c\u0430\u0439\u0442\u0435 \u043a\u0430\u043a \u043f\u0440\u043e\u0444\u0438!\",\"breadcrumb\":{\"@id\":\"https:\/\/xstyle.md\/product\/kamera-gopro-hero-10-bundle\/#breadcrumb\"},\"inLanguage\":\"ro-RO\",\"potentialAction\":[{\"@type\":\"ReadAction\",\"target\":[\"https:\/\/xstyle.md\/product\/kamera-gopro-hero-10-bundle\/\"]}]},{\"@type\":\"ImageObject\",\"inLanguage\":\"ro-RO\",\"@id\":\"https:\/\/xstyle.md\/product\/kamera-gopro-hero-10-bundle\/#primaryimage\",\"url\":\"https:\/\/xstyle.md\/wp-content\/uploads\/2022\/09\/gopro-hero-10-bundle-0.jpg\",\"contentUrl\":\"https:\/\/xstyle.md\/wp-content\/uploads\/2022\/09\/gopro-hero-10-bundle-0.jpg\",\"width\":1090,\"height\":1026,\"caption\":\"\u041a\u0430\u043c\u0435\u0440\u0430 GoPro Hero 10 \u0434\u043b\u044f \u0430\u043a\u0442\u0438\u0432\u043d\u043e\u0433\u043e \u043e\u0442\u0434\u044b\u0445\u0430, \u043f\u0443\u0442\u0435\u0448\u0435\u0441\u0442\u0432\u0438\u0439 \u0438 \u0441\u043f\u043e\u0440\u0442\u0438\u0432\u043d\u043e\u0439 \u0441\u044a\u0435\u043c\u043a\u0438, \u0438\u0434\u0435\u0430\u043b\u044c\u043d\u0430\u044f \u0434\u043b\u044f \u0430\u043a\u0442\u0438\u0432\u043d\u043e\u0439 \u0436\u0438\u0437\u043d\u0438, \u043f\u043e\u0445\u043e\u0434\u043e\u0432 \u0438 \u0430\u043b\u044c\u043f\u0438\u043d\u0438\u0437\u043c\u0430.\"},{\"@type\":\"BreadcrumbList\",\"@id\":\"https:\/\/xstyle.md\/product\/kamera-gopro-hero-10-bundle\/#breadcrumb\",\"itemListElement\":[{\"@type\":\"ListItem\",\"position\":1,\"name\":\"\u0413\u043b\u0430\u0432\u043d\u0430\u044f \u0441\u0442\u0440\u0430\u043d\u0438\u0446\u0430\",\"item\":\"https:\/\/xstyle.md\/\"},{\"@type\":\"ListItem\",\"position\":2,\"name\":\"\u041c\u0430\u0433\u0430\u0437\u0438\u043d\",\"item\":\"https:\/\/xstyle.md\/shop\/\"},{\"@type\":\"ListItem\",\"position\":3,\"name\":\"\u042d\u043a\u0448\u043d-\u043a\u0430\u043c\u0435\u0440\u0430 GoPro Hero 10 Bundle (CHDRB-101-CN)\"}]},{\"@type\":\"WebSite\",\"@id\":\"https:\/\/xstyle.md\/#website\",\"url\":\"https:\/\/xstyle.md\/\",\"name\":\"\u041c\u0430\u0433\u0430\u0437\u0438\u043d Xstyle\",\"description\":\"C\u043d\u0430\u0440\u044f\u0436\u0435\u043d\u0438\u0435 \u0434\u043b\u044f \u0442\u0443\u0440\u0438\u0437\u043c\u0430 \u0438 \u044d\u043a\u0441\u0442\u0440\u0435\u043c\u0430\u043b\u044c\u043d\u044b\u0445 \u0432\u0438\u0434\u043e\u0432 \u0441\u043f\u043e\u0440\u0442\u0430 \u0432 \u041c\u043e\u043b\u0434\u043e\u0432\u0435.. \u0426\u0435\u043d\u044b, \u0444\u043e\u0442\u043e, \u0445\u0430\u0440\u0430\u043a\u0442\u0435\u0440\u0438\u0441\u0442\u0438\u043a\u0438 \u0432 \u041c\u043e\u043b\u0434\u043e\u0432\u0435.\",\"publisher\":{\"@id\":\"https:\/\/xstyle.md\/#organization\"},\"alternateName\":\"X-Style\",\"potentialAction\":[{\"@type\":\"SearchAction\",\"target\":{\"@type\":\"EntryPoint\",\"urlTemplate\":\"https:\/\/xstyle.md\/?s={search_term_string}\"},\"query-input\":{\"@type\":\"PropertyValueSpecification\",\"valueRequired\":true,\"valueName\":\"search_term_string\"}}],\"inLanguage\":\"ro-RO\"},{\"@type\":\"Organization\",\"@id\":\"https:\/\/xstyle.md\/#organization\",\"name\":\"\u041c\u0430\u0433\u0430\u0437\u0438\u043d Xstyle\",\"alternateName\":\"x-style\",\"url\":\"https:\/\/xstyle.md\/\",\"logo\":{\"@type\":\"ImageObject\",\"inLanguage\":\"ro-RO\",\"@id\":\"https:\/\/xstyle.md\/#\/schema\/logo\/image\/\",\"url\":\"https:\/\/xstyle.md\/wp-content\/uploads\/2020\/06\/logoicon.svg\",\"contentUrl\":\"https:\/\/xstyle.md\/wp-content\/uploads\/2020\/06\/logoicon.svg\",\"caption\":\"\u041c\u0430\u0433\u0430\u0437\u0438\u043d Xstyle\"},\"image\":{\"@id\":\"https:\/\/xstyle.md\/#\/schema\/logo\/image\/\"},\"sameAs\":[\"https:\/\/www.facebook.com\/xstylemd\",\"https:\/\/www.instagram.com\/xstyle_md\/\",\"https:\/\/t.me\/xstyle_outdoor\"],\"hasMerchantReturnPolicy\":{\"@type\":\"MerchantReturnPolicy\",\"merchantReturnLink\":\"https:\/\/xstyle.md\/ro\/conditions\/\"}}]}<\/script>\n<meta property=\"product:price:amount\" content=\"13499.00\" \/>\n<meta property=\"product:price:currency\" content=\"MDL\" \/>\n<meta property=\"og:availability\" content=\"out of stock\" \/>\n<meta property=\"product:availability\" content=\"out of stock\" \/>\n<meta property=\"product:retailer_item_id\" content=\"818279027303\" \/>\n<meta property=\"product:condition\" content=\"new\" \/>\n<!-- \/ Yoast SEO plugin. -->","yoast_head_json":{"title":"\u042d\u043a\u0448\u043d-\u043a\u0430\u043c\u0435\u0440\u0430 GoPro Hero 10 Bundle (CHDRB-101-CN) - \u041c\u0430\u0433\u0430\u0437\u0438\u043d Xstyle","description":"Cump\u0103r\u0103 un set de camer\u0103 GoPro Hero 10: HERO10 Black cu calitate 5.3K, HyperSmooth 4.0 \u0219i accesorii suplimentare. Filmeaz\u0103 ca un profesionist!","robots":{"index":"index","follow":"follow","max-snippet":"max-snippet:-1","max-image-preview":"max-image-preview:large","max-video-preview":"max-video-preview:-1"},"canonical":"https:\/\/xstyle.md\/ro\/produs\/kamera-gopro-hero-10-bundle\/","og_locale":"ro_RO","og_type":"article","og_title":"\u042d\u043a\u0448\u043d-\u043a\u0430\u043c\u0435\u0440\u0430 GoPro Hero 10 Bundle (CHDRB-101-CN) - \u041c\u0430\u0433\u0430\u0437\u0438\u043d Xstyle","og_description":"\u041a\u0443\u043f\u0438\u0442\u044c \u043a\u043e\u043c\u043f\u043b\u0435\u043a\u0442 \u043a\u0430\u043c\u0435\u0440\u044b GoPro Hero 10: HERO10 Black \u0441 \u043a\u0430\u0447\u0435\u0441\u0442\u0432\u043e\u043c 5.3K, HyperSmooth 4.0 \u0438 \u0434\u043e\u043f\u043e\u043b\u043d\u0438\u0442\u0435\u043b\u044c\u043d\u044b\u043c\u0438 \u0430\u043a\u0441\u0435\u0441\u0441\u0443\u0430\u0440\u0430\u043c\u0438. \u0421\u043d\u0438\u043c\u0430\u0439\u0442\u0435 \u043a\u0430\u043a \u043f\u0440\u043e\u0444\u0438!","og_url":"https:\/\/xstyle.md\/ro\/produs\/kamera-gopro-hero-10-bundle\/","og_site_name":"\u041c\u0430\u0433\u0430\u0437\u0438\u043d Xstyle","article_publisher":"https:\/\/www.facebook.com\/xstylemd","article_modified_time":"2025-03-24T13:42:17+00:00","og_image":[{"width":1090,"height":1026,"url":"https:\/\/xstyle.md\/wp-content\/uploads\/2022\/09\/gopro-hero-10-bundle-0.jpg","type":"image\/jpeg"}],"twitter_card":"summary_large_image","twitter_misc":{"Pre\u021b":"13.499&nbsp;MDL","Disponibilitate":"Stoc epuizat"},"schema":{"@context":"https:\/\/schema.org","@graph":[{"@type":"WebPage","@id":"https:\/\/xstyle.md\/product\/kamera-gopro-hero-10-bundle\/","url":"https:\/\/xstyle.md\/product\/kamera-gopro-hero-10-bundle\/","name":"\u042d\u043a\u0448\u043d-\u043a\u0430\u043c\u0435\u0440\u0430 GoPro Hero 10 Bundle (CHDRB-101-CN) - \u041c\u0430\u0433\u0430\u0437\u0438\u043d Xstyle","isPartOf":{"@id":"https:\/\/xstyle.md\/#website"},"primaryImageOfPage":{"@id":"https:\/\/xstyle.md\/product\/kamera-gopro-hero-10-bundle\/#primaryimage"},"image":{"@id":"https:\/\/xstyle.md\/product\/kamera-gopro-hero-10-bundle\/#primaryimage"},"thumbnailUrl":"https:\/\/xstyle.md\/wp-content\/uploads\/2022\/09\/gopro-hero-10-bundle-0.jpg","datePublished":"2022-09-02T15:37:00+00:00","dateModified":"2025-03-24T13:42:17+00:00","description":"Cump\u0103r\u0103 un set de camer\u0103 GoPro Hero 10: HERO10 Black cu calitate 5.3K, HyperSmooth 4.0 \u0219i accesorii suplimentare. Filmeaz\u0103 ca un profesionist!","breadcrumb":{"@id":"https:\/\/xstyle.md\/product\/kamera-gopro-hero-10-bundle\/#breadcrumb"},"inLanguage":"ro-RO","potentialAction":[{"@type":"ReadAction","target":["https:\/\/xstyle.md\/product\/kamera-gopro-hero-10-bundle\/"]}]},{"@type":"ImageObject","inLanguage":"ro-RO","@id":"https:\/\/xstyle.md\/product\/kamera-gopro-hero-10-bundle\/#primaryimage","url":"https:\/\/xstyle.md\/wp-content\/uploads\/2022\/09\/gopro-hero-10-bundle-0.jpg","contentUrl":"https:\/\/xstyle.md\/wp-content\/uploads\/2022\/09\/gopro-hero-10-bundle-0.jpg","width":1090,"height":1026,"caption":"\u041a\u0430\u043c\u0435\u0440\u0430 GoPro Hero 10 \u0434\u043b\u044f \u0430\u043a\u0442\u0438\u0432\u043d\u043e\u0433\u043e \u043e\u0442\u0434\u044b\u0445\u0430, \u043f\u0443\u0442\u0435\u0448\u0435\u0441\u0442\u0432\u0438\u0439 \u0438 \u0441\u043f\u043e\u0440\u0442\u0438\u0432\u043d\u043e\u0439 \u0441\u044a\u0435\u043c\u043a\u0438, \u0438\u0434\u0435\u0430\u043b\u044c\u043d\u0430\u044f \u0434\u043b\u044f \u0430\u043a\u0442\u0438\u0432\u043d\u043e\u0439 \u0436\u0438\u0437\u043d\u0438, \u043f\u043e\u0445\u043e\u0434\u043e\u0432 \u0438 \u0430\u043b\u044c\u043f\u0438\u043d\u0438\u0437\u043c\u0430."},{"@type":"BreadcrumbList","@id":"https:\/\/xstyle.md\/product\/kamera-gopro-hero-10-bundle\/#breadcrumb","itemListElement":[{"@type":"ListItem","position":1,"name":"\u0413\u043b\u0430\u0432\u043d\u0430\u044f \u0441\u0442\u0440\u0430\u043d\u0438\u0446\u0430","item":"https:\/\/xstyle.md\/"},{"@type":"ListItem","position":2,"name":"\u041c\u0430\u0433\u0430\u0437\u0438\u043d","item":"https:\/\/xstyle.md\/shop\/"},{"@type":"ListItem","position":3,"name":"\u042d\u043a\u0448\u043d-\u043a\u0430\u043c\u0435\u0440\u0430 GoPro Hero 10 Bundle (CHDRB-101-CN)"}]},{"@type":"WebSite","@id":"https:\/\/xstyle.md\/#website","url":"https:\/\/xstyle.md\/","name":"Magazinul X-Style","description":"Echipamente pentru turism \u0219i sporturi extreme \u00een Moldova. Pre\u021buri, fotografii, caracteristici \u00een Moldova.","publisher":{"@id":"https:\/\/xstyle.md\/#organization"},"alternateName":"X-Style","potentialAction":[{"@type":"SearchAction","target":{"@type":"EntryPoint","urlTemplate":"https:\/\/xstyle.md\/?s={search_term_string}"},"query-input":{"@type":"PropertyValueSpecification","valueRequired":true,"valueName":"search_term_string"}}],"inLanguage":"ro-RO"},{"@type":"Organization","@id":"https:\/\/xstyle.md\/#organization","name":"Magazinul X-Style","alternateName":"x-style","url":"https:\/\/xstyle.md\/","logo":{"@type":"ImageObject","inLanguage":"ro-RO","@id":"https:\/\/xstyle.md\/#\/schema\/logo\/image\/","url":"https:\/\/xstyle.md\/wp-content\/uploads\/2020\/06\/logoicon.svg","contentUrl":"https:\/\/xstyle.md\/wp-content\/uploads\/2020\/06\/logoicon.svg","caption":"\u041c\u0430\u0433\u0430\u0437\u0438\u043d Xstyle"},"image":{"@id":"https:\/\/xstyle.md\/#\/schema\/logo\/image\/"},"sameAs":["https:\/\/www.facebook.com\/xstylemd","https:\/\/www.instagram.com\/xstyle_md\/","https:\/\/t.me\/xstyle_outdoor"],"hasMerchantReturnPolicy":{"@type":"MerchantReturnPolicy","merchantReturnLink":"https:\/\/xstyle.md\/ro\/conditions\/"}}]},"product_price_amount":"13499.00","product_price_currency":"MDL","og_availability":"out of stock","product_availability":"out of stock","product_retailer_item_id":"818279027303","product_condition":"new"},"post_mailing_queue_ids":[],"_links":{"self":[{"href":"https:\/\/xstyle.md\/ro\/wp-json\/wp\/v2\/product\/54179","targetHints":{"allow":["GET"]}}],"collection":[{"href":"https:\/\/xstyle.md\/ro\/wp-json\/wp\/v2\/product"}],"about":[{"href":"https:\/\/xstyle.md\/ro\/wp-json\/wp\/v2\/types\/product"}],"replies":[{"embeddable":true,"href":"https:\/\/xstyle.md\/ro\/wp-json\/wp\/v2\/comments?post=54179"}],"wp:featuredmedia":[{"embeddable":true,"href":"https:\/\/xstyle.md\/ro\/wp-json\/wp\/v2\/media\/89207"}],"wp:attachment":[{"href":"https:\/\/xstyle.md\/ro\/wp-json\/wp\/v2\/media?parent=54179"}],"wp:term":[{"taxonomy":"product_brand","embeddable":true,"href":"https:\/\/xstyle.md\/ro\/wp-json\/wp\/v2\/product_brand?post=54179"},{"taxonomy":"product_cat","embeddable":true,"href":"https:\/\/xstyle.md\/ro\/wp-json\/wp\/v2\/product_cat?post=54179"},{"taxonomy":"product_tag","embeddable":true,"href":"https:\/\/xstyle.md\/ro\/wp-json\/wp\/v2\/product_tag?post=54179"}],"curies":[{"name":"wp","href":"https:\/\/api.w.org\/{rel}","templated":true}]}}