{"id":54164,"date":"2022-09-02T18:36:57","date_gmt":"2022-09-02T15:36:57","guid":{"rendered":"https:\/\/xstyle.md\/?post_type=product&#038;p=54164"},"modified":"2024-10-21T09:10:45","modified_gmt":"2024-10-21T06:10:45","slug":"ryukzak-deuter-superbike-14-exp","status":"publish","type":"product","link":"https:\/\/xstyle.md\/ro\/produs\/ryukzak-deuter-superbike-14-exp\/","title":{"rendered":"Rucsac Deuter Superbike 14 EXP"},"content":{"rendered":"<\/p>\n<p><strong>Deuter Superbike 14 EXP<\/strong> &#8212; este un rucsac conceput pentru bicicli\u0219tii c\u0103rora le place s\u0103 mearg\u0103 \u00een excursii de o zi. Sistemul de suspensie are o combina\u021bie optim\u0103 de ventila\u021bie bun\u0103 \u0219i o potrivire precis\u0103 \u0219i confortabil\u0103 pe spate. Vesta cu pelerin\u0103 integrat\u0103 nu numai c\u0103 v\u0103 protejeaz\u0103 de stropii de umezeal\u0103 \u0219i de murd\u0103rie, dar v\u0103 face \u0219i mai vizibil pe drum datorit\u0103 culorii sale str\u0103lucitoare. Panoul din spum\u0103 sintetic\u0103 din sp\u0103tar poate fi u\u0219or de \u00eendep\u0103rtat \u0219i utilizat ca scaun atunci c\u00e2nd v\u0103 odihni\u021bi.<\/p>\n<h3>Particularit\u0103\u021bi<\/h3>\n<ul>\n<li>Sistemul de sp\u0103tar Airstripes este format din dou\u0103 role paralele din spum\u0103 sintetic\u0103 tridimensional\u0103 \u0219i \u021bes\u0103tur\u0103 cu ochiuri, care asigur\u0103 un echilibru corect de ventila\u021bie \u0219i o potrivire confortabil\u0103 \u00een spate.<\/li>\n<li>Curele ergonomice cu margini netede \u0219i c\u0103ptu\u0219ite.<\/li>\n<li>Curea de piept u\u0219or de reglat<\/li>\n<li>Sp\u0103tar adaptabil<\/li>\n<li>Fermoarul special v\u0103 permite s\u0103 extinde\u021bi compartimentul principal<\/li>\n<li>Buzunare laterale elastice<\/li>\n<li>Buzunar interior pentru obiecte de valoare<\/li>\n<li>Plas\u0103 pentru casc\u0103 pentru a fixa casca, se retrage cu grij\u0103 atunci c\u00e2nd nu este folosit\u0103<\/li>\n<li>Compatibil\u0103 cu sistemul de hidratare<\/li>\n<li>Bucl\u0103 de eliberare a lanternei (nu este inclus\u0103)<\/li>\n<li>Hus\u0103 de ploaie deta\u0219abil\u0103 pe rucsac<\/li>\n<li>Buzunare cu fermoar din plas\u0103 pe centura de la br\u00e2u<\/li>\n<li>Buzunar frontal \u00eenc\u0103p\u0103tor cu fermoar<\/li>\n<li>Reflectorizant<\/li>\n<\/ul>\n<h3>Caracteristici<\/h3>\n<ul>\n<li>Greutate &#8212; 990 gr<\/li>\n<li>Volum &#8212; 14+4 litri<\/li>\n<li>Dimensiune &#8212; 46 x 28 x 17 cm<\/li>\n<li>Material &#8212; 210D PA Ripstop<\/li>\n<li>Potrivit pentru bagajul de m\u00e2n\u0103<\/li>\n<li>Hus\u0103 de ploaie &#8212; da<\/li>\n<li>Ventila\u021bie &#8212; da<\/li>\n<li>Aplicare &#8212; ciclism, alergare, trekking<\/li>\n<li>Model &#8212; unisex<\/li>\n<\/ul>\n<h3>Tehnologie<\/h3>\n<ul>\n<li><strong>Airstripes System<\/strong>\u00a0\u2014 un sistem care asigur\u0103 o potrivire confortabil\u0103 \u0219i, \u00een acela\u0219i timp, o ventila\u021bie eficient\u0103. Acesta se bazeaz\u0103 pe dou\u0103 profile de spum\u0103 profilat\u0103 cu multiple canale de aer acoperite cu Wide Air Mesh respirabil. Acest sistem de suspensie asigur\u0103 nu numai o ventila\u021bie eficient\u0103, ci \u0219i cel mai bun echilibru posibil al \u00eenc\u0103rc\u0103turii.<\/li>\n<li><strong>210D PA Ripstop<\/strong> &#8212; o\u00a0\u021bes\u0103tur\u0103 durabil\u0103 din poliamid\u0103 cu o structur\u0103 foarte fin\u0103, dar extrem de rezistent\u0103 la rupere \u0219i abraziune. Acoperirea dubl\u0103 din poliuretan protejeaz\u0103 \u00eempotriva umezelii cu o coloan\u0103 de ap\u0103 de 1500 mm.<\/li>\n<\/ul>\n<p><\/p>\n<h3>Marca<\/h3>\n<p>Deuter - este o marc\u0103 german\u0103 care produce pachete \u0219i gen\u021bi  de sport pentru drume\u021bii, sporturi de iarn\u0103 \u0219i alte scopuri. Istoria companiei dateaz\u0103 de mai bine de 100 de ani: fondat\u0103 de Hans Deuter \u00een 1898, Deuter furniza deja la \u00eenceputul secolului al XX-lea gen\u021bi de mesager pentru Po\u0219ta Regal\u0103 Bavarez\u0103, iar \u00een anii 1910 furniza rucsacuri, gen\u021bi, curele \u0219i corturi pentru armat\u0103.<\/p>\n<p>Fiind unul dintre cei mai importan\u021bi produc\u0103tori de rucsacuri, Deuter a lucrat \u00eentotdeauna cu alpini\u0219ti experimenta\u021bi, care \u00eemp\u0103rt\u0103\u0219esc din experien\u021ba \u0219i cuno\u0219tin\u021bele lor bogate. Deuter nu se culc\u0103 pe lauri, lucr\u00e2nd \u00een mod constant la calitate \u0219i la \u00eembun\u0103t\u0103\u021birea produselor sale. Exper\u021bii companiei sunt mereu \u00een c\u0103utare de noi solu\u021bii tehnice care s\u0103 v\u0103 asigure confortul \u0219i siguran\u021ba.<\/p>","protected":false},"excerpt":{"rendered":"<p>\u0411\u0440\u0435\u043d\u0434 Deuter &#8212; \u044d\u0442\u043e \u043d\u0435\u043c\u0435\u0446\u043a\u0438\u0439 \u0431\u0440\u0435\u043d\u0434 \u0441\u043f\u043e\u0440\u0442\u0438\u0432\u043d\u044b\u0445 \u043f\u0430\u043a\u0435\u0442\u043e\u0432 \u0438 \u0441\u0443\u043c\u043e\u043a \u0434\u043b\u044f \u043f\u0435\u0448\u0438\u0445 \u043f\u0440\u043e\u0433\u0443\u043b\u043e\u043a, \u0442\u0440\u0435\u043a\u043a\u0438\u043d\u0433\u0430, \u0437\u0438\u043c\u043d\u0438\u0445 \u0432\u0438\u0434\u043e\u0432 \u0441\u043f\u043e\u0440\u0442\u0430 \u0438 \u0434\u0440\u0443\u0433\u0438\u0445 \u0446\u0435\u043b\u0435\u0439. \u0418\u0441\u0442\u043e\u0440\u0438\u044f \u043a\u043e\u043c\u043f\u0430\u043d\u0438\u0438 \u043d\u0430\u0441\u0447\u0438\u0442\u044b\u0432\u0430\u0435\u0442 \u0431\u043e\u043b\u0435\u0435 100 \u043b\u0435\u0442: \u043e\u0441\u043d\u043e\u0432\u0430\u043d\u043d\u0430\u044f \u0413\u0430\u043d\u0441\u043e\u043c \u0414\u043e\u0439\u0442\u0435\u0440\u043e\u043c \u0432 1898 \u0433., \u043d\u0430 \u0440\u0443\u0431\u0435\u0436\u0435 \u0425\u0425 \u0432\u0435\u043a\u0430 Deuter \u0443\u0436\u0435 \u043f\u043e\u0441\u0442\u0430\u0432\u043b\u044f\u043b\u0438 \u043f\u043e\u0447\u0442\u043e\u0432\u044b\u0435 \u0441\u0443\u043c\u043a\u0438 \u0411\u0430\u0432\u0430\u0440\u0441\u043a\u043e\u0439 \u041a\u043e\u0440\u043e\u043b\u0435\u0432\u0441\u043a\u043e\u0439 \u041f\u043e\u0447\u0442\u0435, \u0430 \u0432 1910-\u044b\u0445 &#8212; \u0440\u044e\u043a\u0437\u0430\u043a\u0438, \u0441\u0443\u043c\u043a\u0438, \u043f\u043e\u044f\u0441\u0430 \u0438 \u043f\u0430\u043b\u0430\u0442\u043a\u0438 \u0434\u043b\u044f \u0432\u043e\u0435\u043d\u043d\u044b\u0445. [&hellip;]<\/p>\n","protected":false},"featured_media":81514,"comment_status":"open","ping_status":"closed","template":"","meta":{"_acf_changed":false,"inline_featured_image":false},"product_brand":[1261],"product_cat":[843],"product_tag":[],"class_list":{"0":"post-54164","1":"product","2":"type-product","3":"status-publish","4":"has-post-thumbnail","6":"product_brand-deuter","7":"product_cat-biking-and-cross-country","9":"first","10":"instock","11":"shipping-taxable","12":"purchasable","13":"product-type-simple"},"acf":[],"yoast_head":"<!-- This site is optimized with the Yoast SEO plugin v27.4 - https:\/\/yoast.com\/product\/yoast-seo-wordpress\/ -->\n<title>\u0420\u044e\u043a\u0437\u0430\u043a Deuter Superbike 14 EXP - \u041c\u0430\u0433\u0430\u0437\u0438\u043d Xstyle<\/title>\n<meta name=\"description\" content=\"\u0420\u044e\u043a\u0437\u0430\u043a Deuter Superbike 14 EXP \u0438\u0434\u0435\u0430\u043b\u044c\u043d\u043e \u043f\u043e\u0434\u0445\u043e\u0434\u0438\u0442 \u0434\u043b\u044f \u0432\u0435\u043b\u043e\u0441\u0438\u043f\u0435\u0434\u0438\u0441\u0442\u043e\u0432. \u041e\u043d \u043e\u0431\u0435\u0441\u043f\u0435\u0447\u0438\u0432\u0430\u0435\u0442 \u043e\u0442\u043b\u0438\u0447\u043d\u0443\u044e \u0432\u0435\u043d\u0442\u0438\u043b\u044f\u0446\u0438\u044e \u0438 \u043a\u043e\u043c\u0444\u043e\u0440\u0442, \u0438\u0434\u0435\u0430\u043b\u044c\u043d\u043e \u043f\u043e\u0434\u0445\u043e\u0434\u0438\u0442 \u0434\u043b\u044f \u043e\u0434\u043d\u043e\u0434\u043d\u0435\u0432\u043d\u044b\u0445 \u043f\u043e\u0435\u0437\u0434\u043e\u043a.\" \/>\n<meta name=\"robots\" content=\"index, follow, max-snippet:-1, max-image-preview:large, max-video-preview:-1\" \/>\n<link rel=\"canonical\" href=\"https:\/\/xstyle.md\/ro\/produs\/ryukzak-deuter-superbike-14-exp\/\" \/>\n<meta property=\"og:locale\" content=\"ro_RO\" \/>\n<meta property=\"og:type\" content=\"article\" \/>\n<meta property=\"og:title\" content=\"\u0420\u044e\u043a\u0437\u0430\u043a Deuter Superbike 14 EXP - \u041c\u0430\u0433\u0430\u0437\u0438\u043d Xstyle\" \/>\n<meta property=\"og:description\" content=\"\u0420\u044e\u043a\u0437\u0430\u043a Deuter Superbike 14 EXP \u0438\u0434\u0435\u0430\u043b\u044c\u043d\u043e \u043f\u043e\u0434\u0445\u043e\u0434\u0438\u0442 \u0434\u043b\u044f \u0432\u0435\u043b\u043e\u0441\u0438\u043f\u0435\u0434\u0438\u0441\u0442\u043e\u0432. \u041e\u043d \u043e\u0431\u0435\u0441\u043f\u0435\u0447\u0438\u0432\u0430\u0435\u0442 \u043e\u0442\u043b\u0438\u0447\u043d\u0443\u044e \u0432\u0435\u043d\u0442\u0438\u043b\u044f\u0446\u0438\u044e \u0438 \u043a\u043e\u043c\u0444\u043e\u0440\u0442, \u0438\u0434\u0435\u0430\u043b\u044c\u043d\u043e \u043f\u043e\u0434\u0445\u043e\u0434\u0438\u0442 \u0434\u043b\u044f \u043e\u0434\u043d\u043e\u0434\u043d\u0435\u0432\u043d\u044b\u0445 \u043f\u043e\u0435\u0437\u0434\u043e\u043a.\" \/>\n<meta property=\"og:url\" content=\"https:\/\/xstyle.md\/ro\/produs\/ryukzak-deuter-superbike-14-exp\/\" \/>\n<meta property=\"og:site_name\" content=\"\u041c\u0430\u0433\u0430\u0437\u0438\u043d Xstyle\" \/>\n<meta property=\"article:publisher\" content=\"https:\/\/www.facebook.com\/xstylemd\" \/>\n<meta property=\"article:modified_time\" content=\"2024-10-21T06:10:45+00:00\" \/>\n<meta property=\"og:image\" content=\"https:\/\/xstyle.md\/wp-content\/uploads\/2022\/09\/deuter-superbike-14-exp-currant.jpg\" \/>\n\t<meta property=\"og:image:width\" content=\"2424\" \/>\n\t<meta property=\"og:image:height\" content=\"2250\" \/>\n\t<meta property=\"og:image:type\" content=\"image\/jpeg\" \/>\n<meta name=\"twitter:card\" content=\"summary_large_image\" \/>\n<meta name=\"twitter:label1\" content=\"Pre\u021b\" \/>\n\t<meta name=\"twitter:data1\" content=\"2.280&nbsp;MDL\" \/>\n\t<meta name=\"twitter:label2\" content=\"Disponibilitate\" \/>\n\t<meta name=\"twitter:data2\" content=\"\u00cen stoc\" \/>\n<script type=\"application\/ld+json\" class=\"yoast-schema-graph\">{\"@context\":\"https:\\\/\\\/schema.org\",\"@graph\":[{\"@type\":\"WebPage\",\"@id\":\"https:\\\/\\\/xstyle.md\\\/product\\\/ryukzak-deuter-superbike-14-exp\\\/\",\"url\":\"https:\\\/\\\/xstyle.md\\\/product\\\/ryukzak-deuter-superbike-14-exp\\\/\",\"name\":\"\u0420\u044e\u043a\u0437\u0430\u043a Deuter Superbike 14 EXP - \u041c\u0430\u0433\u0430\u0437\u0438\u043d Xstyle\",\"isPartOf\":{\"@id\":\"https:\\\/\\\/xstyle.md\\\/#website\"},\"primaryImageOfPage\":{\"@id\":\"https:\\\/\\\/xstyle.md\\\/product\\\/ryukzak-deuter-superbike-14-exp\\\/#primaryimage\"},\"image\":{\"@id\":\"https:\\\/\\\/xstyle.md\\\/product\\\/ryukzak-deuter-superbike-14-exp\\\/#primaryimage\"},\"thumbnailUrl\":\"https:\\\/\\\/xstyle.md\\\/wp-content\\\/uploads\\\/2022\\\/09\\\/deuter-superbike-14-exp-currant.jpg\",\"datePublished\":\"2022-09-02T15:36:57+00:00\",\"dateModified\":\"2024-10-21T06:10:45+00:00\",\"description\":\"\u0420\u044e\u043a\u0437\u0430\u043a Deuter Superbike 14 EXP \u0438\u0434\u0435\u0430\u043b\u044c\u043d\u043e \u043f\u043e\u0434\u0445\u043e\u0434\u0438\u0442 \u0434\u043b\u044f \u0432\u0435\u043b\u043e\u0441\u0438\u043f\u0435\u0434\u0438\u0441\u0442\u043e\u0432. \u041e\u043d \u043e\u0431\u0435\u0441\u043f\u0435\u0447\u0438\u0432\u0430\u0435\u0442 \u043e\u0442\u043b\u0438\u0447\u043d\u0443\u044e \u0432\u0435\u043d\u0442\u0438\u043b\u044f\u0446\u0438\u044e \u0438 \u043a\u043e\u043c\u0444\u043e\u0440\u0442, \u0438\u0434\u0435\u0430\u043b\u044c\u043d\u043e \u043f\u043e\u0434\u0445\u043e\u0434\u0438\u0442 \u0434\u043b\u044f \u043e\u0434\u043d\u043e\u0434\u043d\u0435\u0432\u043d\u044b\u0445 \u043f\u043e\u0435\u0437\u0434\u043e\u043a.\",\"breadcrumb\":{\"@id\":\"https:\\\/\\\/xstyle.md\\\/product\\\/ryukzak-deuter-superbike-14-exp\\\/#breadcrumb\"},\"inLanguage\":\"ro-RO\",\"potentialAction\":[{\"@type\":\"ReadAction\",\"target\":[\"https:\\\/\\\/xstyle.md\\\/product\\\/ryukzak-deuter-superbike-14-exp\\\/\"]}]},{\"@type\":\"ImageObject\",\"inLanguage\":\"ro-RO\",\"@id\":\"https:\\\/\\\/xstyle.md\\\/product\\\/ryukzak-deuter-superbike-14-exp\\\/#primaryimage\",\"url\":\"https:\\\/\\\/xstyle.md\\\/wp-content\\\/uploads\\\/2022\\\/09\\\/deuter-superbike-14-exp-currant.jpg\",\"contentUrl\":\"https:\\\/\\\/xstyle.md\\\/wp-content\\\/uploads\\\/2022\\\/09\\\/deuter-superbike-14-exp-currant.jpg\",\"width\":1920,\"height\":1782,\"caption\":\"\u0422\u0430\u043c\u043e\u0436\u0435\u043d\u043d\u044b\u0439 \u0440\u044e\u043a\u0437\u0430\u043a Deuter Superbike 14 EXP \u0434\u043b\u044f \u0430\u043a\u0442\u0438\u0432\u043d\u043e\u0433\u043e \u043e\u0442\u0434\u044b\u0445\u0430, \u043f\u0443\u0442\u0435\u0448\u0435\u0441\u0442\u0432\u0438\u0439 \u0438 \u0430\u043b\u044c\u043f\u0438\u043d\u0438\u0437\u043c\u0430 \u0441 \u043b\u043e\u0433\u043e\u0442\u0438\u043f\u043e\u043c \u0434\u043b\u044f \u043e\u043d\u043b\u0430\u0439\u043d \u043c\u0430\u0433\u0430\u0437\u0438\u043d\u0430 \u0441\u043f\u043e\u0440\u0442\u0438\u0432\u043d\u043e\u0439 \u043e\u0434\u0435\u0436\u0434\u044b \u0438 \u043e\u0431\u0443\u0432\u0438\"},{\"@type\":\"BreadcrumbList\",\"@id\":\"https:\\\/\\\/xstyle.md\\\/product\\\/ryukzak-deuter-superbike-14-exp\\\/#breadcrumb\",\"itemListElement\":[{\"@type\":\"ListItem\",\"position\":1,\"name\":\"\u0413\u043b\u0430\u0432\u043d\u0430\u044f \u0441\u0442\u0440\u0430\u043d\u0438\u0446\u0430\",\"item\":\"https:\\\/\\\/xstyle.md\\\/\"},{\"@type\":\"ListItem\",\"position\":2,\"name\":\"\u041c\u0430\u0433\u0430\u0437\u0438\u043d\",\"item\":\"https:\\\/\\\/xstyle.md\\\/shop\\\/\"},{\"@type\":\"ListItem\",\"position\":3,\"name\":\"\u0420\u044e\u043a\u0437\u0430\u043a Deuter Superbike 14 EXP\"}]},{\"@type\":\"WebSite\",\"@id\":\"https:\\\/\\\/xstyle.md\\\/#website\",\"url\":\"https:\\\/\\\/xstyle.md\\\/\",\"name\":\"\u041c\u0430\u0433\u0430\u0437\u0438\u043d Xstyle\",\"description\":\"C\u043d\u0430\u0440\u044f\u0436\u0435\u043d\u0438\u0435 \u0434\u043b\u044f \u0442\u0443\u0440\u0438\u0437\u043c\u0430 \u0438 \u044d\u043a\u0441\u0442\u0440\u0435\u043c\u0430\u043b\u044c\u043d\u044b\u0445 \u0432\u0438\u0434\u043e\u0432 \u0441\u043f\u043e\u0440\u0442\u0430 \u0432 \u041c\u043e\u043b\u0434\u043e\u0432\u0435.. \u0426\u0435\u043d\u044b, \u0444\u043e\u0442\u043e, \u0445\u0430\u0440\u0430\u043a\u0442\u0435\u0440\u0438\u0441\u0442\u0438\u043a\u0438 \u0432 \u041c\u043e\u043b\u0434\u043e\u0432\u0435.\",\"publisher\":{\"@id\":\"https:\\\/\\\/xstyle.md\\\/#organization\"},\"alternateName\":\"X-Style\",\"potentialAction\":[{\"@type\":\"SearchAction\",\"target\":{\"@type\":\"EntryPoint\",\"urlTemplate\":\"https:\\\/\\\/xstyle.md\\\/?s={search_term_string}\"},\"query-input\":{\"@type\":\"PropertyValueSpecification\",\"valueRequired\":true,\"valueName\":\"search_term_string\"}}],\"inLanguage\":\"ro-RO\"},{\"@type\":\"Organization\",\"@id\":\"https:\\\/\\\/xstyle.md\\\/#organization\",\"name\":\"\u041c\u0430\u0433\u0430\u0437\u0438\u043d Xstyle\",\"alternateName\":\"x-style\",\"url\":\"https:\\\/\\\/xstyle.md\\\/\",\"logo\":{\"@type\":\"ImageObject\",\"inLanguage\":\"ro-RO\",\"@id\":\"https:\\\/\\\/xstyle.md\\\/#\\\/schema\\\/logo\\\/image\\\/\",\"url\":\"https:\\\/\\\/xstyle.md\\\/wp-content\\\/uploads\\\/2020\\\/06\\\/logoicon.svg\",\"contentUrl\":\"https:\\\/\\\/xstyle.md\\\/wp-content\\\/uploads\\\/2020\\\/06\\\/logoicon.svg\",\"caption\":\"\u041c\u0430\u0433\u0430\u0437\u0438\u043d Xstyle\"},\"image\":{\"@id\":\"https:\\\/\\\/xstyle.md\\\/#\\\/schema\\\/logo\\\/image\\\/\"},\"sameAs\":[\"https:\\\/\\\/www.facebook.com\\\/xstylemd\",\"https:\\\/\\\/www.instagram.com\\\/xstyle_md\\\/\",\"https:\\\/\\\/t.me\\\/xstyle_outdoor\"],\"hasMerchantReturnPolicy\":{\"@type\":\"MerchantReturnPolicy\",\"merchantReturnLink\":\"https:\\\/\\\/xstyle.md\\\/ro\\\/conditions\\\/\"}}]}<\/script>\n<meta property=\"product:price:amount\" content=\"2280.00\" \/>\n<meta property=\"product:price:currency\" content=\"MDL\" \/>\n<meta property=\"og:availability\" content=\"instock\" \/>\n<meta property=\"product:availability\" content=\"instock\" \/>\n<meta property=\"product:retailer_item_id\" content=\"4046051114583\" \/>\n<meta property=\"product:condition\" content=\"new\" \/>\n<!-- \/ Yoast SEO plugin. -->","yoast_head_json":{"title":"Rucsac Deuter Superbike 14 EXP - Magazin Xstyle","description":"Rucsacul Deuter Superbike 14 EXP este perfect pentru bicicli\u0219ti. Ofer\u0103 o ventila\u021bie excelent\u0103 \u0219i confort, fiind ideal pentru excursii de o zi.","robots":{"index":"index","follow":"follow","max-snippet":"max-snippet:-1","max-image-preview":"max-image-preview:large","max-video-preview":"max-video-preview:-1"},"canonical":"https:\/\/xstyle.md\/ro\/produs\/ryukzak-deuter-superbike-14-exp\/","og_locale":"ro_RO","og_type":"article","og_title":"\u0420\u044e\u043a\u0437\u0430\u043a Deuter Superbike 14 EXP - \u041c\u0430\u0433\u0430\u0437\u0438\u043d Xstyle","og_description":"\u0420\u044e\u043a\u0437\u0430\u043a Deuter Superbike 14 EXP \u0438\u0434\u0435\u0430\u043b\u044c\u043d\u043e \u043f\u043e\u0434\u0445\u043e\u0434\u0438\u0442 \u0434\u043b\u044f \u0432\u0435\u043b\u043e\u0441\u0438\u043f\u0435\u0434\u0438\u0441\u0442\u043e\u0432. \u041e\u043d \u043e\u0431\u0435\u0441\u043f\u0435\u0447\u0438\u0432\u0430\u0435\u0442 \u043e\u0442\u043b\u0438\u0447\u043d\u0443\u044e \u0432\u0435\u043d\u0442\u0438\u043b\u044f\u0446\u0438\u044e \u0438 \u043a\u043e\u043c\u0444\u043e\u0440\u0442, \u0438\u0434\u0435\u0430\u043b\u044c\u043d\u043e \u043f\u043e\u0434\u0445\u043e\u0434\u0438\u0442 \u0434\u043b\u044f \u043e\u0434\u043d\u043e\u0434\u043d\u0435\u0432\u043d\u044b\u0445 \u043f\u043e\u0435\u0437\u0434\u043e\u043a.","og_url":"https:\/\/xstyle.md\/ro\/produs\/ryukzak-deuter-superbike-14-exp\/","og_site_name":"\u041c\u0430\u0433\u0430\u0437\u0438\u043d Xstyle","article_publisher":"https:\/\/www.facebook.com\/xstylemd","article_modified_time":"2024-10-21T06:10:45+00:00","og_image":[{"width":2424,"height":2250,"url":"https:\/\/xstyle.md\/wp-content\/uploads\/2022\/09\/deuter-superbike-14-exp-currant.jpg","type":"image\/jpeg"}],"twitter_card":"summary_large_image","twitter_misc":{"Pre\u021b":"2.280&nbsp;MDL","Disponibilitate":"\u00cen stoc"},"schema":{"@context":"https:\/\/schema.org","@graph":[{"@type":"WebPage","@id":"https:\/\/xstyle.md\/product\/ryukzak-deuter-superbike-14-exp\/","url":"https:\/\/xstyle.md\/product\/ryukzak-deuter-superbike-14-exp\/","name":"Rucsac Deuter Superbike 14 EXP - Magazin Xstyle","isPartOf":{"@id":"https:\/\/xstyle.md\/#website"},"primaryImageOfPage":{"@id":"https:\/\/xstyle.md\/product\/ryukzak-deuter-superbike-14-exp\/#primaryimage"},"image":{"@id":"https:\/\/xstyle.md\/product\/ryukzak-deuter-superbike-14-exp\/#primaryimage"},"thumbnailUrl":"https:\/\/xstyle.md\/wp-content\/uploads\/2022\/09\/deuter-superbike-14-exp-currant.jpg","datePublished":"2022-09-02T15:36:57+00:00","dateModified":"2024-10-21T06:10:45+00:00","description":"Rucsacul Deuter Superbike 14 EXP este perfect pentru bicicli\u0219ti. Ofer\u0103 o ventila\u021bie excelent\u0103 \u0219i confort, fiind ideal pentru excursii de o zi.","breadcrumb":{"@id":"https:\/\/xstyle.md\/product\/ryukzak-deuter-superbike-14-exp\/#breadcrumb"},"inLanguage":"ro-RO","potentialAction":[{"@type":"ReadAction","target":["https:\/\/xstyle.md\/product\/ryukzak-deuter-superbike-14-exp\/"]}]},{"@type":"ImageObject","inLanguage":"ro-RO","@id":"https:\/\/xstyle.md\/product\/ryukzak-deuter-superbike-14-exp\/#primaryimage","url":"https:\/\/xstyle.md\/wp-content\/uploads\/2022\/09\/deuter-superbike-14-exp-currant.jpg","contentUrl":"https:\/\/xstyle.md\/wp-content\/uploads\/2022\/09\/deuter-superbike-14-exp-currant.jpg","width":1920,"height":1782,"caption":"\u0422\u0430\u043c\u043e\u0436\u0435\u043d\u043d\u044b\u0439 \u0440\u044e\u043a\u0437\u0430\u043a Deuter Superbike 14 EXP \u0434\u043b\u044f \u0430\u043a\u0442\u0438\u0432\u043d\u043e\u0433\u043e \u043e\u0442\u0434\u044b\u0445\u0430, \u043f\u0443\u0442\u0435\u0448\u0435\u0441\u0442\u0432\u0438\u0439 \u0438 \u0430\u043b\u044c\u043f\u0438\u043d\u0438\u0437\u043c\u0430 \u0441 \u043b\u043e\u0433\u043e\u0442\u0438\u043f\u043e\u043c \u0434\u043b\u044f \u043e\u043d\u043b\u0430\u0439\u043d \u043c\u0430\u0433\u0430\u0437\u0438\u043d\u0430 \u0441\u043f\u043e\u0440\u0442\u0438\u0432\u043d\u043e\u0439 \u043e\u0434\u0435\u0436\u0434\u044b \u0438 \u043e\u0431\u0443\u0432\u0438"},{"@type":"BreadcrumbList","@id":"https:\/\/xstyle.md\/product\/ryukzak-deuter-superbike-14-exp\/#breadcrumb","itemListElement":[{"@type":"ListItem","position":1,"name":"\u0413\u043b\u0430\u0432\u043d\u0430\u044f \u0441\u0442\u0440\u0430\u043d\u0438\u0446\u0430","item":"https:\/\/xstyle.md\/"},{"@type":"ListItem","position":2,"name":"\u041c\u0430\u0433\u0430\u0437\u0438\u043d","item":"https:\/\/xstyle.md\/shop\/"},{"@type":"ListItem","position":3,"name":"\u0420\u044e\u043a\u0437\u0430\u043a Deuter Superbike 14 EXP"}]},{"@type":"WebSite","@id":"https:\/\/xstyle.md\/#website","url":"https:\/\/xstyle.md\/","name":"Magazinul X-Style","description":"Echipamente pentru turism \u0219i sporturi extreme \u00een Moldova. Pre\u021buri, fotografii, caracteristici \u00een Moldova.","publisher":{"@id":"https:\/\/xstyle.md\/#organization"},"alternateName":"X-Style","potentialAction":[{"@type":"SearchAction","target":{"@type":"EntryPoint","urlTemplate":"https:\/\/xstyle.md\/?s={search_term_string}"},"query-input":{"@type":"PropertyValueSpecification","valueRequired":true,"valueName":"search_term_string"}}],"inLanguage":"ro-RO"},{"@type":"Organization","@id":"https:\/\/xstyle.md\/#organization","name":"Magazinul X-Style","alternateName":"x-style","url":"https:\/\/xstyle.md\/","logo":{"@type":"ImageObject","inLanguage":"ro-RO","@id":"https:\/\/xstyle.md\/#\/schema\/logo\/image\/","url":"https:\/\/xstyle.md\/wp-content\/uploads\/2020\/06\/logoicon.svg","contentUrl":"https:\/\/xstyle.md\/wp-content\/uploads\/2020\/06\/logoicon.svg","caption":"\u041c\u0430\u0433\u0430\u0437\u0438\u043d Xstyle"},"image":{"@id":"https:\/\/xstyle.md\/#\/schema\/logo\/image\/"},"sameAs":["https:\/\/www.facebook.com\/xstylemd","https:\/\/www.instagram.com\/xstyle_md\/","https:\/\/t.me\/xstyle_outdoor"],"hasMerchantReturnPolicy":{"@type":"MerchantReturnPolicy","merchantReturnLink":"https:\/\/xstyle.md\/ro\/conditions\/"}}]},"product_price_amount":"2280.00","product_price_currency":"MDL","og_availability":"instock","product_availability":"instock","product_retailer_item_id":"4046051114583","product_condition":"new"},"_links":{"self":[{"href":"https:\/\/xstyle.md\/ro\/wp-json\/wp\/v2\/product\/54164","targetHints":{"allow":["GET"]}}],"collection":[{"href":"https:\/\/xstyle.md\/ro\/wp-json\/wp\/v2\/product"}],"about":[{"href":"https:\/\/xstyle.md\/ro\/wp-json\/wp\/v2\/types\/product"}],"replies":[{"embeddable":true,"href":"https:\/\/xstyle.md\/ro\/wp-json\/wp\/v2\/comments?post=54164"}],"wp:featuredmedia":[{"embeddable":true,"href":"https:\/\/xstyle.md\/ro\/wp-json\/wp\/v2\/media\/81514"}],"wp:attachment":[{"href":"https:\/\/xstyle.md\/ro\/wp-json\/wp\/v2\/media?parent=54164"}],"wp:term":[{"taxonomy":"product_brand","embeddable":true,"href":"https:\/\/xstyle.md\/ro\/wp-json\/wp\/v2\/product_brand?post=54164"},{"taxonomy":"product_cat","embeddable":true,"href":"https:\/\/xstyle.md\/ro\/wp-json\/wp\/v2\/product_cat?post=54164"},{"taxonomy":"product_tag","embeddable":true,"href":"https:\/\/xstyle.md\/ro\/wp-json\/wp\/v2\/product_tag?post=54164"}],"curies":[{"name":"wp","href":"https:\/\/api.w.org\/{rel}","templated":true}]}}