{"id":54137,"date":"2022-09-02T18:36:52","date_gmt":"2022-09-02T15:36:52","guid":{"rendered":"https:\/\/xstyle.md\/?post_type=product&#038;p=54137"},"modified":"2025-10-24T12:31:42","modified_gmt":"2025-10-24T09:31:42","slug":"trubka-cressi-sub-alpha-ultra-dry-snorkel","status":"publish","type":"product","link":"https:\/\/xstyle.md\/ro\/produs\/trubka-cressi-sub-alpha-ultra-dry-snorkel\/","title":{"rendered":"Tub Cressi-Sub Alpha Ultra Dry Snorkel"},"content":{"rendered":"<\/p>\n<p><strong>Cressi-Sub Alpha Ultra Dry Snorkel<\/strong> &#8212; un tub cu o supap\u0103 special\u0103 patentat\u0103 &#171;Aquastop&#187; \u00een partea superioar\u0103, care \u021bine apa afar\u0103, permi\u021b\u00e2ndu-v\u0103 s\u0103 respira\u021bi sub ap\u0103 f\u0103r\u0103 dificultate. Forma eliptic\u0103 mai expandat\u0103 a tubului ofer\u0103 confort \u0219i un flux de aer neobstruc\u021bionat.<\/p>\n<p>Inser\u021bia ondulat\u0103 moale reduce rezisten\u021ba \u00een ap\u0103, f\u0103c\u00e2nd tubul confortabil pentru \u00eenoturile lungi. Tubul este echipat cu o pies\u0103 bucal\u0103 din silicon cu form\u0103 anatomic\u0103, care reduce tensiunea asupra mu\u0219chilor maxilarului.<\/p>\n<h3>Particularit\u0103\u021bi<\/h3>\n<ul>\n<li>Dispune de un mecanism de plutire care se \u00eenchide instantaneu pentru a preveni intrarea apei \u00een tub<\/li>\n<li>Gura flexibil\u0103 reduce oboseala maxilarului<\/li>\n<li>Piesa bucal\u0103 cade atunci c\u00e2nd nu este utilizat\u0103, ceea ce este foarte convenabil pentru scafandri<\/li>\n<li>Inser\u021bie ondulat\u0103 din dou\u0103 piese care nu se \u00eendoaie \u0219i nu se deformeaz\u0103 la orice curbur\u0103 a tubului<\/li>\n<li>Supapa de purjare inferioar\u0103 permite eliminarea rapid\u0103 a apei<\/li>\n<li>Designul aerodinamic reduce rezisten\u021ba \u00een timpul \u00eenotului<\/li>\n<li>Clip reglabil pentru ata\u0219area la orice masc\u0103<\/li>\n<\/ul>\n<h3>Caracteristici<\/h3>\n<ul>\n<li>Material &#8212; silicon, plastic<\/li>\n<li>Scop &#8212; scufundare \/ snorkelling<\/li>\n<\/ul>\n<h3>Marca<\/h3>\n<p>Cressi-Sub \u2014 unul dintre cei mai importan\u021bi produc\u0103tori de echipamente de snorkelling, scufund\u0103ri \u0219i spearfishing. \u00cenfiin\u021bat\u0103 \u00een 1946 de fra\u021bii Egidio \u0219i Nanni Cressi, compania evolueaz\u0103 \u00een mod constant \u0219i lanseaz\u0103 produse noi. Istoria scufund\u0103rilor \u00een sine este str\u00e2ns legat\u0103 de cea a companiei Cressi-Sub, iar multe dintre produsele lansate \u00een ultimii 70 de ani au revolu\u021bionat acest tip de activitate \u00een aer liber. Multe dintre inova\u021biile \u0219i inven\u021biile Cressi-Sub au fost adoptate ulterior de mul\u021bi produc\u0103tori de echipamente similare.<\/p>\n<p>Firma a fost \u00eentotdeauna de\u021binut\u0103 \u00een proprietate privat\u0103 de familia Cressi. Prin urmare, facilit\u0103\u021bile de produc\u021bie nu sunt situate \u00een \u021b\u0103rile asiatice, ci \u00een Genova, Italia. Cu toate acestea, compania men\u021bine pre\u021buri rezonabile pentru \u00eentreaga gam\u0103 de produse, care sunt populare \u00een r\u00e2ndul scafandrilor cu orice buget. Filozofia Cressi este inspira\u021bia \u0219i inova\u021bia, dragostea pentru mare \u0219i produse elegante care \u00eendeplinesc cele mai \u00eenalte standarde de calitate.<\/p>\n<p><\/p>","protected":false},"excerpt":{"rendered":"","protected":false},"featured_media":54599,"comment_status":"open","ping_status":"closed","template":"","meta":{"_acf_changed":false,"inline_featured_image":false},"product_brand":[1451],"product_cat":[172],"product_tag":[],"class_list":{"0":"post-54137","1":"product","2":"type-product","3":"status-publish","4":"has-post-thumbnail","6":"product_brand-cressi-sub","7":"product_cat-snorkel","9":"first","10":"instock","11":"shipping-taxable","12":"purchasable","13":"product-type-simple"},"acf":[],"yoast_head":"<!-- This site is optimized with the Yoast SEO plugin v27.2 - https:\/\/yoast.com\/product\/yoast-seo-wordpress\/ -->\n<title>\u0422\u0440\u0443\u0431\u043a\u0430 Cressi-Sub Alpha Ultra Dry Snorkel - \u041c\u0430\u0433\u0430\u0437\u0438\u043d Xstyle<\/title>\n<meta name=\"description\" content=\"\u0422\u0440\u0443\u0431\u043a\u0430 Cressi-Sub Alpha Ultra Dry \u0441 \u0441\u0438\u0441\u0442\u0435\u043c\u043e\u0439 Aquastop: \u0434\u044b\u0448\u0438\u0442\u0435 \u0441\u0432\u043e\u0431\u043e\u0434\u043d\u043e \u043f\u043e\u0434 \u0432\u043e\u0434\u043e\u0439. \u0423\u043d\u0438\u043a\u0430\u043b\u044c\u043d\u044b\u0439 \u0434\u0438\u0437\u0430\u0439\u043d \u0434\u043b\u044f \u043c\u0430\u043a\u0441\u0438\u043c\u0430\u043b\u044c\u043d\u043e\u0433\u043e \u043a\u043e\u043c\u0444\u043e\u0440\u0442\u0430 \u0438 \u043c\u0438\u043d\u0438\u043c\u0430\u043b\u044c\u043d\u043e\u0433\u043e \u0441\u043e\u043f\u0440\u043e\u0442\u0438\u0432\u043b\u0435\u043d\u0438\u044f.\" \/>\n<meta name=\"robots\" content=\"index, follow, max-snippet:-1, max-image-preview:large, max-video-preview:-1\" \/>\n<link rel=\"canonical\" href=\"https:\/\/xstyle.md\/ro\/produs\/trubka-cressi-sub-alpha-ultra-dry-snorkel\/\" \/>\n<meta property=\"og:locale\" content=\"ro_RO\" \/>\n<meta property=\"og:type\" content=\"article\" \/>\n<meta property=\"og:title\" content=\"\u0422\u0440\u0443\u0431\u043a\u0430 Cressi-Sub Alpha Ultra Dry Snorkel - \u041c\u0430\u0433\u0430\u0437\u0438\u043d Xstyle\" \/>\n<meta property=\"og:description\" content=\"\u0422\u0440\u0443\u0431\u043a\u0430 Cressi-Sub Alpha Ultra Dry \u0441 \u0441\u0438\u0441\u0442\u0435\u043c\u043e\u0439 Aquastop: \u0434\u044b\u0448\u0438\u0442\u0435 \u0441\u0432\u043e\u0431\u043e\u0434\u043d\u043e \u043f\u043e\u0434 \u0432\u043e\u0434\u043e\u0439. \u0423\u043d\u0438\u043a\u0430\u043b\u044c\u043d\u044b\u0439 \u0434\u0438\u0437\u0430\u0439\u043d \u0434\u043b\u044f \u043c\u0430\u043a\u0441\u0438\u043c\u0430\u043b\u044c\u043d\u043e\u0433\u043e \u043a\u043e\u043c\u0444\u043e\u0440\u0442\u0430 \u0438 \u043c\u0438\u043d\u0438\u043c\u0430\u043b\u044c\u043d\u043e\u0433\u043e \u0441\u043e\u043f\u0440\u043e\u0442\u0438\u0432\u043b\u0435\u043d\u0438\u044f.\" \/>\n<meta property=\"og:url\" content=\"https:\/\/xstyle.md\/ro\/produs\/trubka-cressi-sub-alpha-ultra-dry-snorkel\/\" \/>\n<meta property=\"og:site_name\" content=\"\u041c\u0430\u0433\u0430\u0437\u0438\u043d Xstyle\" \/>\n<meta property=\"article:publisher\" content=\"https:\/\/www.facebook.com\/xstylemd\" \/>\n<meta property=\"article:modified_time\" content=\"2025-10-24T09:31:42+00:00\" \/>\n<meta property=\"og:image\" content=\"https:\/\/xstyle.md\/wp-content\/uploads\/2022\/09\/cressi-sub-alpha-ultra-dry-snorkel-black.jpg\" \/>\n\t<meta property=\"og:image:width\" content=\"1465\" \/>\n\t<meta property=\"og:image:height\" content=\"1580\" \/>\n\t<meta property=\"og:image:type\" content=\"image\/jpeg\" \/>\n<meta name=\"twitter:card\" content=\"summary_large_image\" \/>\n<meta name=\"twitter:label1\" content=\"Pre\u021b\" \/>\n\t<meta name=\"twitter:data1\" content=\"780&nbsp;MDL\" \/>\n\t<meta name=\"twitter:label2\" content=\"Disponibilitate\" \/>\n\t<meta name=\"twitter:data2\" content=\"\u00cen stoc\" \/>\n<script type=\"application\/ld+json\" class=\"yoast-schema-graph\">{\"@context\":\"https:\/\/schema.org\",\"@graph\":[{\"@type\":\"WebPage\",\"@id\":\"https:\/\/xstyle.md\/product\/trubka-cressi-sub-alpha-ultra-dry-snorkel\/\",\"url\":\"https:\/\/xstyle.md\/product\/trubka-cressi-sub-alpha-ultra-dry-snorkel\/\",\"name\":\"\u0422\u0440\u0443\u0431\u043a\u0430 Cressi-Sub Alpha Ultra Dry Snorkel - \u041c\u0430\u0433\u0430\u0437\u0438\u043d Xstyle\",\"isPartOf\":{\"@id\":\"https:\/\/xstyle.md\/#website\"},\"primaryImageOfPage\":{\"@id\":\"https:\/\/xstyle.md\/product\/trubka-cressi-sub-alpha-ultra-dry-snorkel\/#primaryimage\"},\"image\":{\"@id\":\"https:\/\/xstyle.md\/product\/trubka-cressi-sub-alpha-ultra-dry-snorkel\/#primaryimage\"},\"thumbnailUrl\":\"https:\/\/xstyle.md\/wp-content\/uploads\/2022\/09\/cressi-sub-alpha-ultra-dry-snorkel-black.jpg\",\"datePublished\":\"2022-09-02T15:36:52+00:00\",\"dateModified\":\"2025-10-24T09:31:42+00:00\",\"description\":\"\u0422\u0440\u0443\u0431\u043a\u0430 Cressi-Sub Alpha Ultra Dry \u0441 \u0441\u0438\u0441\u0442\u0435\u043c\u043e\u0439 Aquastop: \u0434\u044b\u0448\u0438\u0442\u0435 \u0441\u0432\u043e\u0431\u043e\u0434\u043d\u043e \u043f\u043e\u0434 \u0432\u043e\u0434\u043e\u0439. \u0423\u043d\u0438\u043a\u0430\u043b\u044c\u043d\u044b\u0439 \u0434\u0438\u0437\u0430\u0439\u043d \u0434\u043b\u044f \u043c\u0430\u043a\u0441\u0438\u043c\u0430\u043b\u044c\u043d\u043e\u0433\u043e \u043a\u043e\u043c\u0444\u043e\u0440\u0442\u0430 \u0438 \u043c\u0438\u043d\u0438\u043c\u0430\u043b\u044c\u043d\u043e\u0433\u043e \u0441\u043e\u043f\u0440\u043e\u0442\u0438\u0432\u043b\u0435\u043d\u0438\u044f.\",\"breadcrumb\":{\"@id\":\"https:\/\/xstyle.md\/product\/trubka-cressi-sub-alpha-ultra-dry-snorkel\/#breadcrumb\"},\"inLanguage\":\"ro-RO\",\"potentialAction\":[{\"@type\":\"ReadAction\",\"target\":[\"https:\/\/xstyle.md\/product\/trubka-cressi-sub-alpha-ultra-dry-snorkel\/\"]}]},{\"@type\":\"ImageObject\",\"inLanguage\":\"ro-RO\",\"@id\":\"https:\/\/xstyle.md\/product\/trubka-cressi-sub-alpha-ultra-dry-snorkel\/#primaryimage\",\"url\":\"https:\/\/xstyle.md\/wp-content\/uploads\/2022\/09\/cressi-sub-alpha-ultra-dry-snorkel-black.jpg\",\"contentUrl\":\"https:\/\/xstyle.md\/wp-content\/uploads\/2022\/09\/cressi-sub-alpha-ultra-dry-snorkel-black.jpg\",\"width\":1465,\"height\":1580,\"caption\":\"\u0422\u0440\u0443\u0431\u043a\u0430 \u0434\u043b\u044f \u043f\u043b\u0430\u0432\u0430\u043d\u0438\u044f Cressi-Sub Alpha Ultra Dry \u043d\u0430 \u0441\u0430\u0439\u0442\u0435 \u043c\u0430\u0433\u0430\u0437\u0438\u043d\u0430 \u0430\u043a\u0442\u0438\u0432\u043d\u043e\u0439 \u0436\u0438\u0437\u043d\u0438, \u043e\u0434\u0435\u0436\u0434\u044b, \u043e\u0431\u0443\u0432\u0438 \u0434\u043b\u044f \u0445\u0430\u0439\u043a\u0438\u043d\u0433\u0430, \u0430\u043b\u044c\u043f\u0438\u043d\u0438\u0437\u043c\u0430 \u0438 \u043f\u0443\u0442\u0435\u0448\u0435\u0441\u0442\u0432\u0438\u0439\"},{\"@type\":\"BreadcrumbList\",\"@id\":\"https:\/\/xstyle.md\/product\/trubka-cressi-sub-alpha-ultra-dry-snorkel\/#breadcrumb\",\"itemListElement\":[{\"@type\":\"ListItem\",\"position\":1,\"name\":\"\u0413\u043b\u0430\u0432\u043d\u0430\u044f \u0441\u0442\u0440\u0430\u043d\u0438\u0446\u0430\",\"item\":\"https:\/\/xstyle.md\/\"},{\"@type\":\"ListItem\",\"position\":2,\"name\":\"\u041c\u0430\u0433\u0430\u0437\u0438\u043d\",\"item\":\"https:\/\/xstyle.md\/shop\/\"},{\"@type\":\"ListItem\",\"position\":3,\"name\":\"\u0422\u0440\u0443\u0431\u043a\u0430 Cressi-Sub Alpha Ultra Dry Snorkel\"}]},{\"@type\":\"WebSite\",\"@id\":\"https:\/\/xstyle.md\/#website\",\"url\":\"https:\/\/xstyle.md\/\",\"name\":\"\u041c\u0430\u0433\u0430\u0437\u0438\u043d Xstyle\",\"description\":\"C\u043d\u0430\u0440\u044f\u0436\u0435\u043d\u0438\u0435 \u0434\u043b\u044f \u0442\u0443\u0440\u0438\u0437\u043c\u0430 \u0438 \u044d\u043a\u0441\u0442\u0440\u0435\u043c\u0430\u043b\u044c\u043d\u044b\u0445 \u0432\u0438\u0434\u043e\u0432 \u0441\u043f\u043e\u0440\u0442\u0430 \u0432 \u041c\u043e\u043b\u0434\u043e\u0432\u0435.. \u0426\u0435\u043d\u044b, \u0444\u043e\u0442\u043e, \u0445\u0430\u0440\u0430\u043a\u0442\u0435\u0440\u0438\u0441\u0442\u0438\u043a\u0438 \u0432 \u041c\u043e\u043b\u0434\u043e\u0432\u0435.\",\"publisher\":{\"@id\":\"https:\/\/xstyle.md\/#organization\"},\"alternateName\":\"X-Style\",\"potentialAction\":[{\"@type\":\"SearchAction\",\"target\":{\"@type\":\"EntryPoint\",\"urlTemplate\":\"https:\/\/xstyle.md\/?s={search_term_string}\"},\"query-input\":{\"@type\":\"PropertyValueSpecification\",\"valueRequired\":true,\"valueName\":\"search_term_string\"}}],\"inLanguage\":\"ro-RO\"},{\"@type\":\"Organization\",\"@id\":\"https:\/\/xstyle.md\/#organization\",\"name\":\"\u041c\u0430\u0433\u0430\u0437\u0438\u043d Xstyle\",\"alternateName\":\"x-style\",\"url\":\"https:\/\/xstyle.md\/\",\"logo\":{\"@type\":\"ImageObject\",\"inLanguage\":\"ro-RO\",\"@id\":\"https:\/\/xstyle.md\/#\/schema\/logo\/image\/\",\"url\":\"https:\/\/xstyle.md\/wp-content\/uploads\/2020\/06\/logoicon.svg\",\"contentUrl\":\"https:\/\/xstyle.md\/wp-content\/uploads\/2020\/06\/logoicon.svg\",\"caption\":\"\u041c\u0430\u0433\u0430\u0437\u0438\u043d Xstyle\"},\"image\":{\"@id\":\"https:\/\/xstyle.md\/#\/schema\/logo\/image\/\"},\"sameAs\":[\"https:\/\/www.facebook.com\/xstylemd\",\"https:\/\/www.instagram.com\/xstyle_md\/\",\"https:\/\/t.me\/xstyle_outdoor\"],\"hasMerchantReturnPolicy\":{\"@type\":\"MerchantReturnPolicy\",\"merchantReturnLink\":\"https:\/\/xstyle.md\/ro\/conditions\/\"}}]}<\/script>\n<meta property=\"product:price:amount\" content=\"780.00\" \/>\n<meta property=\"product:price:currency\" content=\"MDL\" \/>\n<meta property=\"og:availability\" content=\"instock\" \/>\n<meta property=\"product:availability\" content=\"instock\" \/>\n<meta property=\"product:retailer_item_id\" content=\"8022983063256\" \/>\n<meta property=\"product:condition\" content=\"new\" \/>\n<!-- \/ Yoast SEO plugin. -->","yoast_head_json":{"title":"Tub Cressi-Sub Alpha Ultra Dry Snorkel - Magazin Xstyle","description":"Tubul Cressi-Sub Alpha Ultra Dry cu sistemul Aquastop: respira\u021bi liber sub ap\u0103. Designul unic pentru confort maxim \u0219i rezisten\u021b\u0103 minim\u0103.","robots":{"index":"index","follow":"follow","max-snippet":"max-snippet:-1","max-image-preview":"max-image-preview:large","max-video-preview":"max-video-preview:-1"},"canonical":"https:\/\/xstyle.md\/ro\/produs\/trubka-cressi-sub-alpha-ultra-dry-snorkel\/","og_locale":"ro_RO","og_type":"article","og_title":"\u0422\u0440\u0443\u0431\u043a\u0430 Cressi-Sub Alpha Ultra Dry Snorkel - \u041c\u0430\u0433\u0430\u0437\u0438\u043d Xstyle","og_description":"\u0422\u0440\u0443\u0431\u043a\u0430 Cressi-Sub Alpha Ultra Dry \u0441 \u0441\u0438\u0441\u0442\u0435\u043c\u043e\u0439 Aquastop: \u0434\u044b\u0448\u0438\u0442\u0435 \u0441\u0432\u043e\u0431\u043e\u0434\u043d\u043e \u043f\u043e\u0434 \u0432\u043e\u0434\u043e\u0439. \u0423\u043d\u0438\u043a\u0430\u043b\u044c\u043d\u044b\u0439 \u0434\u0438\u0437\u0430\u0439\u043d \u0434\u043b\u044f \u043c\u0430\u043a\u0441\u0438\u043c\u0430\u043b\u044c\u043d\u043e\u0433\u043e \u043a\u043e\u043c\u0444\u043e\u0440\u0442\u0430 \u0438 \u043c\u0438\u043d\u0438\u043c\u0430\u043b\u044c\u043d\u043e\u0433\u043e \u0441\u043e\u043f\u0440\u043e\u0442\u0438\u0432\u043b\u0435\u043d\u0438\u044f.","og_url":"https:\/\/xstyle.md\/ro\/produs\/trubka-cressi-sub-alpha-ultra-dry-snorkel\/","og_site_name":"\u041c\u0430\u0433\u0430\u0437\u0438\u043d Xstyle","article_publisher":"https:\/\/www.facebook.com\/xstylemd","article_modified_time":"2025-10-24T09:31:42+00:00","og_image":[{"width":1465,"height":1580,"url":"https:\/\/xstyle.md\/wp-content\/uploads\/2022\/09\/cressi-sub-alpha-ultra-dry-snorkel-black.jpg","type":"image\/jpeg"}],"twitter_card":"summary_large_image","twitter_misc":{"Pre\u021b":"780&nbsp;MDL","Disponibilitate":"\u00cen stoc"},"schema":{"@context":"https:\/\/schema.org","@graph":[{"@type":"WebPage","@id":"https:\/\/xstyle.md\/product\/trubka-cressi-sub-alpha-ultra-dry-snorkel\/","url":"https:\/\/xstyle.md\/product\/trubka-cressi-sub-alpha-ultra-dry-snorkel\/","name":"Tub Cressi-Sub Alpha Ultra Dry Snorkel - Magazin Xstyle","isPartOf":{"@id":"https:\/\/xstyle.md\/#website"},"primaryImageOfPage":{"@id":"https:\/\/xstyle.md\/product\/trubka-cressi-sub-alpha-ultra-dry-snorkel\/#primaryimage"},"image":{"@id":"https:\/\/xstyle.md\/product\/trubka-cressi-sub-alpha-ultra-dry-snorkel\/#primaryimage"},"thumbnailUrl":"https:\/\/xstyle.md\/wp-content\/uploads\/2022\/09\/cressi-sub-alpha-ultra-dry-snorkel-black.jpg","datePublished":"2022-09-02T15:36:52+00:00","dateModified":"2025-10-24T09:31:42+00:00","description":"Tubul Cressi-Sub Alpha Ultra Dry cu sistemul Aquastop: respira\u021bi liber sub ap\u0103. Designul unic pentru confort maxim \u0219i rezisten\u021b\u0103 minim\u0103.","breadcrumb":{"@id":"https:\/\/xstyle.md\/product\/trubka-cressi-sub-alpha-ultra-dry-snorkel\/#breadcrumb"},"inLanguage":"ro-RO","potentialAction":[{"@type":"ReadAction","target":["https:\/\/xstyle.md\/product\/trubka-cressi-sub-alpha-ultra-dry-snorkel\/"]}]},{"@type":"ImageObject","inLanguage":"ro-RO","@id":"https:\/\/xstyle.md\/product\/trubka-cressi-sub-alpha-ultra-dry-snorkel\/#primaryimage","url":"https:\/\/xstyle.md\/wp-content\/uploads\/2022\/09\/cressi-sub-alpha-ultra-dry-snorkel-black.jpg","contentUrl":"https:\/\/xstyle.md\/wp-content\/uploads\/2022\/09\/cressi-sub-alpha-ultra-dry-snorkel-black.jpg","width":1465,"height":1580,"caption":"\u0422\u0440\u0443\u0431\u043a\u0430 \u0434\u043b\u044f \u043f\u043b\u0430\u0432\u0430\u043d\u0438\u044f Cressi-Sub Alpha Ultra Dry \u043d\u0430 \u0441\u0430\u0439\u0442\u0435 \u043c\u0430\u0433\u0430\u0437\u0438\u043d\u0430 \u0430\u043a\u0442\u0438\u0432\u043d\u043e\u0439 \u0436\u0438\u0437\u043d\u0438, \u043e\u0434\u0435\u0436\u0434\u044b, \u043e\u0431\u0443\u0432\u0438 \u0434\u043b\u044f \u0445\u0430\u0439\u043a\u0438\u043d\u0433\u0430, \u0430\u043b\u044c\u043f\u0438\u043d\u0438\u0437\u043c\u0430 \u0438 \u043f\u0443\u0442\u0435\u0448\u0435\u0441\u0442\u0432\u0438\u0439"},{"@type":"BreadcrumbList","@id":"https:\/\/xstyle.md\/product\/trubka-cressi-sub-alpha-ultra-dry-snorkel\/#breadcrumb","itemListElement":[{"@type":"ListItem","position":1,"name":"\u0413\u043b\u0430\u0432\u043d\u0430\u044f \u0441\u0442\u0440\u0430\u043d\u0438\u0446\u0430","item":"https:\/\/xstyle.md\/"},{"@type":"ListItem","position":2,"name":"\u041c\u0430\u0433\u0430\u0437\u0438\u043d","item":"https:\/\/xstyle.md\/shop\/"},{"@type":"ListItem","position":3,"name":"\u0422\u0440\u0443\u0431\u043a\u0430 Cressi-Sub Alpha Ultra Dry Snorkel"}]},{"@type":"WebSite","@id":"https:\/\/xstyle.md\/#website","url":"https:\/\/xstyle.md\/","name":"Magazinul X-Style","description":"Echipamente pentru turism \u0219i sporturi extreme \u00een Moldova. Pre\u021buri, fotografii, caracteristici \u00een Moldova.","publisher":{"@id":"https:\/\/xstyle.md\/#organization"},"alternateName":"X-Style","potentialAction":[{"@type":"SearchAction","target":{"@type":"EntryPoint","urlTemplate":"https:\/\/xstyle.md\/?s={search_term_string}"},"query-input":{"@type":"PropertyValueSpecification","valueRequired":true,"valueName":"search_term_string"}}],"inLanguage":"ro-RO"},{"@type":"Organization","@id":"https:\/\/xstyle.md\/#organization","name":"Magazinul X-Style","alternateName":"x-style","url":"https:\/\/xstyle.md\/","logo":{"@type":"ImageObject","inLanguage":"ro-RO","@id":"https:\/\/xstyle.md\/#\/schema\/logo\/image\/","url":"https:\/\/xstyle.md\/wp-content\/uploads\/2020\/06\/logoicon.svg","contentUrl":"https:\/\/xstyle.md\/wp-content\/uploads\/2020\/06\/logoicon.svg","caption":"\u041c\u0430\u0433\u0430\u0437\u0438\u043d Xstyle"},"image":{"@id":"https:\/\/xstyle.md\/#\/schema\/logo\/image\/"},"sameAs":["https:\/\/www.facebook.com\/xstylemd","https:\/\/www.instagram.com\/xstyle_md\/","https:\/\/t.me\/xstyle_outdoor"],"hasMerchantReturnPolicy":{"@type":"MerchantReturnPolicy","merchantReturnLink":"https:\/\/xstyle.md\/ro\/conditions\/"}}]},"product_price_amount":"780.00","product_price_currency":"MDL","og_availability":"instock","product_availability":"instock","product_retailer_item_id":"8022983063256","product_condition":"new"},"post_mailing_queue_ids":[],"_links":{"self":[{"href":"https:\/\/xstyle.md\/ro\/wp-json\/wp\/v2\/product\/54137","targetHints":{"allow":["GET"]}}],"collection":[{"href":"https:\/\/xstyle.md\/ro\/wp-json\/wp\/v2\/product"}],"about":[{"href":"https:\/\/xstyle.md\/ro\/wp-json\/wp\/v2\/types\/product"}],"replies":[{"embeddable":true,"href":"https:\/\/xstyle.md\/ro\/wp-json\/wp\/v2\/comments?post=54137"}],"wp:featuredmedia":[{"embeddable":true,"href":"https:\/\/xstyle.md\/ro\/wp-json\/wp\/v2\/media\/54599"}],"wp:attachment":[{"href":"https:\/\/xstyle.md\/ro\/wp-json\/wp\/v2\/media?parent=54137"}],"wp:term":[{"taxonomy":"product_brand","embeddable":true,"href":"https:\/\/xstyle.md\/ro\/wp-json\/wp\/v2\/product_brand?post=54137"},{"taxonomy":"product_cat","embeddable":true,"href":"https:\/\/xstyle.md\/ro\/wp-json\/wp\/v2\/product_cat?post=54137"},{"taxonomy":"product_tag","embeddable":true,"href":"https:\/\/xstyle.md\/ro\/wp-json\/wp\/v2\/product_tag?post=54137"}],"curies":[{"name":"wp","href":"https:\/\/api.w.org\/{rel}","templated":true}]}}