{"id":54133,"date":"2022-09-02T18:36:52","date_gmt":"2022-09-02T15:36:52","guid":{"rendered":"https:\/\/xstyle.md\/?post_type=product&#038;p=54133"},"modified":"2024-10-03T00:35:33","modified_gmt":"2024-10-02T21:35:33","slug":"tapochki-cressi-sub-gummy-flip-flop-blue-navy","status":"publish","type":"product","link":"https:\/\/xstyle.md\/ro\/produs\/tapochki-cressi-sub-gummy-flip-flop-blue-navy\/","title":{"rendered":"\u0218lapi Cressi-Sub Gummy Flip Flop blue navy"},"content":{"rendered":"<\/p>\n<p><strong>Cressi-Sub Gummy Flip Flop blue navy <\/strong>&#8212; flip-flops confortabili pentru piscin\u0103 sau plaj\u0103. Confec\u021biona\u021bi din material de cauciuc moale \u0219i durabil.<\/p>\n<h3>Caracteristici<\/h3>\n<ul>\n<li>Material &#8212; cauciuc<\/li>\n<li>Model &#8212; unisex.<\/li>\n<\/ul>\n<h3>Marca<\/h3>\n<p>Cressi-Sub &#8212; unul dintre cei mai importan\u021bi produc\u0103tori de echipamente de snorkelling, scufund\u0103ri \u0219i spearfishing. \u00cenfiin\u021bat\u0103 \u00een 1946 de fra\u021bii Egidio \u0219i Nanni Cressi, compania dezvolt\u0103 \u0219i lanseaz\u0103 \u00een mod constant produse noi. Istoria scufund\u0103rilor \u00een sine este str\u00e2ns legat\u0103 de istoria Cressi-Sub, iar numeroasele produse lansate \u00een ultimii 70 de ani au revolu\u021bionat acest tip de activitate \u00een aer liber. Multe dintre inova\u021biile \u0219i inven\u021biile lui Cressi-Sub au fost adoptate ulterior de mul\u021bi produc\u0103tori de echipamente similare.<\/p>\n<p>Compania a fost \u00eentotdeauna de\u021binut\u0103 de o persoan\u0103 fizic\u0103, familia Cressi. Prin urmare, unit\u0103\u021bile de produc\u021bie nu se afl\u0103 \u00een \u021b\u0103rile asiatice, ci \u00een Genova, Italia. Cu toate acestea, compania men\u021bine pre\u021buri rezonabile pentru \u00eentreaga sa gam\u0103 de produse, care sunt populare printre scafandrii cu toate bugetele. Filozofia Cressi &#8212; inspira\u021bia \u0219i inova\u021bia, dragostea pentru mare \u0219i produse elegante care \u00eendeplinesc cele mai \u00eenalte standarde de calitate.<\/p>\n<p>","protected":false},"excerpt":{"rendered":"","protected":false},"featured_media":54594,"comment_status":"open","ping_status":"closed","template":"","meta":{"_acf_changed":false,"inline_featured_image":false},"product_brand":[1451],"product_cat":[532],"product_tag":[],"class_list":{"0":"post-54133","1":"product","2":"type-product","3":"status-publish","4":"has-post-thumbnail","6":"product_brand-cressi-sub","7":"product_cat-slippers","9":"first","10":"instock","11":"shipping-taxable","12":"purchasable","13":"product-type-simple"},"acf":[],"yoast_head":"<!-- This site is optimized with the Yoast SEO plugin v27.2 - https:\/\/yoast.com\/product\/yoast-seo-wordpress\/ -->\n<title>\u0422\u0430\u043f\u043e\u0447\u043a\u0438 Cressi-Sub Gummy Flip Flop blue navy - \u041c\u0430\u0433\u0430\u0437\u0438\u043d Xstyle<\/title>\n<meta name=\"description\" content=\"\u041a\u0443\u043f\u0438\u0442\u0435 \u0442\u0430\u043f\u043e\u0447\u043a\u0438 Cressi-Sub Gummy Flip Flop \u0441\u0438\u043d\u0438\u0439 \u043c\u043e\u0440\u0441\u043a\u043e\u0439: \u0438\u0434\u0435\u0430\u043b\u044c\u043d\u044b \u0434\u043b\u044f \u043f\u043b\u044f\u0436\u0430 \u0438 \u0431\u0430\u0441\u0441\u0435\u0439\u043d\u0430. \u0423\u0434\u043e\u0431\u043d\u044b, \u043f\u0440\u043e\u0447\u043d\u044b\u0435, \u0443\u043d\u0438\u0441\u0435\u043a\u0441. \u041a\u0430\u0447\u0435\u0441\u0442\u0432\u043e \u043e\u0442 Cressi \u0441 1946 \u0433\u043e\u0434\u0430.\" \/>\n<meta name=\"robots\" content=\"index, follow, max-snippet:-1, max-image-preview:large, max-video-preview:-1\" \/>\n<link rel=\"canonical\" href=\"https:\/\/xstyle.md\/ro\/produs\/tapochki-cressi-sub-gummy-flip-flop-blue-navy\/\" \/>\n<meta property=\"og:locale\" content=\"ro_RO\" \/>\n<meta property=\"og:type\" content=\"article\" \/>\n<meta property=\"og:title\" content=\"\u0422\u0430\u043f\u043e\u0447\u043a\u0438 Cressi-Sub Gummy Flip Flop blue navy - \u041c\u0430\u0433\u0430\u0437\u0438\u043d Xstyle\" \/>\n<meta property=\"og:description\" content=\"\u041a\u0443\u043f\u0438\u0442\u0435 \u0442\u0430\u043f\u043e\u0447\u043a\u0438 Cressi-Sub Gummy Flip Flop \u0441\u0438\u043d\u0438\u0439 \u043c\u043e\u0440\u0441\u043a\u043e\u0439: \u0438\u0434\u0435\u0430\u043b\u044c\u043d\u044b \u0434\u043b\u044f \u043f\u043b\u044f\u0436\u0430 \u0438 \u0431\u0430\u0441\u0441\u0435\u0439\u043d\u0430. \u0423\u0434\u043e\u0431\u043d\u044b, \u043f\u0440\u043e\u0447\u043d\u044b\u0435, \u0443\u043d\u0438\u0441\u0435\u043a\u0441. \u041a\u0430\u0447\u0435\u0441\u0442\u0432\u043e \u043e\u0442 Cressi \u0441 1946 \u0433\u043e\u0434\u0430.\" \/>\n<meta property=\"og:url\" content=\"https:\/\/xstyle.md\/ro\/produs\/tapochki-cressi-sub-gummy-flip-flop-blue-navy\/\" \/>\n<meta property=\"og:site_name\" content=\"\u041c\u0430\u0433\u0430\u0437\u0438\u043d Xstyle\" \/>\n<meta property=\"article:publisher\" content=\"https:\/\/www.facebook.com\/xstylemd\" \/>\n<meta property=\"article:modified_time\" content=\"2024-10-02T21:35:33+00:00\" \/>\n<meta property=\"og:image\" content=\"https:\/\/xstyle.md\/wp-content\/uploads\/2022\/09\/cressi-sub-gummy-flip-flop-blue-navy.jpg\" \/>\n\t<meta property=\"og:image:width\" content=\"1713\" \/>\n\t<meta property=\"og:image:height\" content=\"1308\" \/>\n\t<meta property=\"og:image:type\" content=\"image\/jpeg\" \/>\n<meta name=\"twitter:card\" content=\"summary_large_image\" \/>\n<meta name=\"twitter:label1\" content=\"Pre\u021b\" \/>\n\t<meta name=\"twitter:data1\" content=\"360&nbsp;MDL\" \/>\n\t<meta name=\"twitter:label2\" content=\"Disponibilitate\" \/>\n\t<meta name=\"twitter:data2\" content=\"\u00cen stoc\" \/>\n<script type=\"application\/ld+json\" class=\"yoast-schema-graph\">{\"@context\":\"https:\/\/schema.org\",\"@graph\":[{\"@type\":\"WebPage\",\"@id\":\"https:\/\/xstyle.md\/product\/tapochki-cressi-sub-gummy-flip-flop-blue-navy\/\",\"url\":\"https:\/\/xstyle.md\/product\/tapochki-cressi-sub-gummy-flip-flop-blue-navy\/\",\"name\":\"\u0422\u0430\u043f\u043e\u0447\u043a\u0438 Cressi-Sub Gummy Flip Flop blue navy - \u041c\u0430\u0433\u0430\u0437\u0438\u043d Xstyle\",\"isPartOf\":{\"@id\":\"https:\/\/xstyle.md\/#website\"},\"primaryImageOfPage\":{\"@id\":\"https:\/\/xstyle.md\/product\/tapochki-cressi-sub-gummy-flip-flop-blue-navy\/#primaryimage\"},\"image\":{\"@id\":\"https:\/\/xstyle.md\/product\/tapochki-cressi-sub-gummy-flip-flop-blue-navy\/#primaryimage\"},\"thumbnailUrl\":\"https:\/\/xstyle.md\/wp-content\/uploads\/2022\/09\/cressi-sub-gummy-flip-flop-blue-navy.jpg\",\"datePublished\":\"2022-09-02T15:36:52+00:00\",\"dateModified\":\"2024-10-02T21:35:33+00:00\",\"description\":\"\u041a\u0443\u043f\u0438\u0442\u0435 \u0442\u0430\u043f\u043e\u0447\u043a\u0438 Cressi-Sub Gummy Flip Flop \u0441\u0438\u043d\u0438\u0439 \u043c\u043e\u0440\u0441\u043a\u043e\u0439: \u0438\u0434\u0435\u0430\u043b\u044c\u043d\u044b \u0434\u043b\u044f \u043f\u043b\u044f\u0436\u0430 \u0438 \u0431\u0430\u0441\u0441\u0435\u0439\u043d\u0430. \u0423\u0434\u043e\u0431\u043d\u044b, \u043f\u0440\u043e\u0447\u043d\u044b\u0435, \u0443\u043d\u0438\u0441\u0435\u043a\u0441. \u041a\u0430\u0447\u0435\u0441\u0442\u0432\u043e \u043e\u0442 Cressi \u0441 1946 \u0433\u043e\u0434\u0430.\",\"breadcrumb\":{\"@id\":\"https:\/\/xstyle.md\/product\/tapochki-cressi-sub-gummy-flip-flop-blue-navy\/#breadcrumb\"},\"inLanguage\":\"ro-RO\",\"potentialAction\":[{\"@type\":\"ReadAction\",\"target\":[\"https:\/\/xstyle.md\/product\/tapochki-cressi-sub-gummy-flip-flop-blue-navy\/\"]}]},{\"@type\":\"ImageObject\",\"inLanguage\":\"ro-RO\",\"@id\":\"https:\/\/xstyle.md\/product\/tapochki-cressi-sub-gummy-flip-flop-blue-navy\/#primaryimage\",\"url\":\"https:\/\/xstyle.md\/wp-content\/uploads\/2022\/09\/cressi-sub-gummy-flip-flop-blue-navy.jpg\",\"contentUrl\":\"https:\/\/xstyle.md\/wp-content\/uploads\/2022\/09\/cressi-sub-gummy-flip-flop-blue-navy.jpg\",\"width\":1713,\"height\":1308,\"caption\":\"\u0422\u0430\u043f\u043e\u0447\u043a\u0438 \u0434\u043b\u044f \u0430\u043a\u0442\u0438\u0432\u043d\u043e\u0433\u043e \u043e\u0442\u0434\u044b\u0445\u0430 \u0438 \u043f\u0443\u0442\u0435\u0448\u0435\u0441\u0442\u0432\u0438\u0439 Cressi-Sub Gummy Flip Flop \u0441\u0438\u043d\u0438\u0439 \u043c\u043e\u0440\u0441\u043a\u043e\u0439 \u0441\u0442\u0438\u043b\u044c \u0434\u043b\u044f \u043f\u0440\u043e\u0433\u0443\u043b\u043e\u043a \u0438 \u0437\u0430\u043d\u044f\u0442\u0438\u0439 \u0441\u043f\u043e\u0440\u0442\u043e\u043c \u043d\u0430 \u0441\u0430\u0439\u0442\u0435 \u0438\u043d\u0442\u0435\u0440\u043d\u0435\u0442-\u043c\u0430\u0433\u0430\u0437\u0438\u043d\u0430 \u043e\u0434\u0435\u0436\u0434\u044b \u0438 \u043e\u0431\u0443\u0432\u0438 \u0434\u043b\u044f \u0430\u043a\u0442\u0438\u0432\u043d\u043e\u0433\u043e \u043e\u0431\u0440\u0430\u0437\u0430 \u0436\u0438\u0437\u043d\u0438\"},{\"@type\":\"BreadcrumbList\",\"@id\":\"https:\/\/xstyle.md\/product\/tapochki-cressi-sub-gummy-flip-flop-blue-navy\/#breadcrumb\",\"itemListElement\":[{\"@type\":\"ListItem\",\"position\":1,\"name\":\"\u0413\u043b\u0430\u0432\u043d\u0430\u044f \u0441\u0442\u0440\u0430\u043d\u0438\u0446\u0430\",\"item\":\"https:\/\/xstyle.md\/\"},{\"@type\":\"ListItem\",\"position\":2,\"name\":\"\u041c\u0430\u0433\u0430\u0437\u0438\u043d\",\"item\":\"https:\/\/xstyle.md\/shop\/\"},{\"@type\":\"ListItem\",\"position\":3,\"name\":\"\u0422\u0430\u043f\u043e\u0447\u043a\u0438 Cressi-Sub Gummy Flip Flop blue navy\"}]},{\"@type\":\"WebSite\",\"@id\":\"https:\/\/xstyle.md\/#website\",\"url\":\"https:\/\/xstyle.md\/\",\"name\":\"\u041c\u0430\u0433\u0430\u0437\u0438\u043d Xstyle\",\"description\":\"C\u043d\u0430\u0440\u044f\u0436\u0435\u043d\u0438\u0435 \u0434\u043b\u044f \u0442\u0443\u0440\u0438\u0437\u043c\u0430 \u0438 \u044d\u043a\u0441\u0442\u0440\u0435\u043c\u0430\u043b\u044c\u043d\u044b\u0445 \u0432\u0438\u0434\u043e\u0432 \u0441\u043f\u043e\u0440\u0442\u0430 \u0432 \u041c\u043e\u043b\u0434\u043e\u0432\u0435.. \u0426\u0435\u043d\u044b, \u0444\u043e\u0442\u043e, \u0445\u0430\u0440\u0430\u043a\u0442\u0435\u0440\u0438\u0441\u0442\u0438\u043a\u0438 \u0432 \u041c\u043e\u043b\u0434\u043e\u0432\u0435.\",\"publisher\":{\"@id\":\"https:\/\/xstyle.md\/#organization\"},\"alternateName\":\"X-Style\",\"potentialAction\":[{\"@type\":\"SearchAction\",\"target\":{\"@type\":\"EntryPoint\",\"urlTemplate\":\"https:\/\/xstyle.md\/?s={search_term_string}\"},\"query-input\":{\"@type\":\"PropertyValueSpecification\",\"valueRequired\":true,\"valueName\":\"search_term_string\"}}],\"inLanguage\":\"ro-RO\"},{\"@type\":\"Organization\",\"@id\":\"https:\/\/xstyle.md\/#organization\",\"name\":\"\u041c\u0430\u0433\u0430\u0437\u0438\u043d Xstyle\",\"alternateName\":\"x-style\",\"url\":\"https:\/\/xstyle.md\/\",\"logo\":{\"@type\":\"ImageObject\",\"inLanguage\":\"ro-RO\",\"@id\":\"https:\/\/xstyle.md\/#\/schema\/logo\/image\/\",\"url\":\"https:\/\/xstyle.md\/wp-content\/uploads\/2020\/06\/logoicon.svg\",\"contentUrl\":\"https:\/\/xstyle.md\/wp-content\/uploads\/2020\/06\/logoicon.svg\",\"caption\":\"\u041c\u0430\u0433\u0430\u0437\u0438\u043d Xstyle\"},\"image\":{\"@id\":\"https:\/\/xstyle.md\/#\/schema\/logo\/image\/\"},\"sameAs\":[\"https:\/\/www.facebook.com\/xstylemd\",\"https:\/\/www.instagram.com\/xstyle_md\/\",\"https:\/\/t.me\/xstyle_outdoor\"],\"hasMerchantReturnPolicy\":{\"@type\":\"MerchantReturnPolicy\",\"merchantReturnLink\":\"https:\/\/xstyle.md\/ro\/conditions\/\"}}]}<\/script>\n<meta property=\"product:price:amount\" content=\"360.00\" \/>\n<meta property=\"product:price:currency\" content=\"MDL\" \/>\n<meta property=\"og:availability\" content=\"instock\" \/>\n<meta property=\"product:availability\" content=\"instock\" \/>\n<meta property=\"product:retailer_item_id\" content=\"8022983128252\" \/>\n<meta property=\"product:condition\" content=\"new\" \/>\n<!-- \/ Yoast SEO plugin. -->","yoast_head_json":{"title":"Papuci Cressi-Sub Gummy Flip Flop blue navy - Magazin Xstyle","description":"Cump\u0103ra\u021bi sandale Cressi-Sub Gummy Flip Flop de culoare albastru marin: perfecte pentru plaj\u0103 \u0219i piscin\u0103. Confortabile, durabile, unisex. Calitate de la Cressi din 1946.","robots":{"index":"index","follow":"follow","max-snippet":"max-snippet:-1","max-image-preview":"max-image-preview:large","max-video-preview":"max-video-preview:-1"},"canonical":"https:\/\/xstyle.md\/ro\/produs\/tapochki-cressi-sub-gummy-flip-flop-blue-navy\/","og_locale":"ro_RO","og_type":"article","og_title":"\u0422\u0430\u043f\u043e\u0447\u043a\u0438 Cressi-Sub Gummy Flip Flop blue navy - \u041c\u0430\u0433\u0430\u0437\u0438\u043d Xstyle","og_description":"\u041a\u0443\u043f\u0438\u0442\u0435 \u0442\u0430\u043f\u043e\u0447\u043a\u0438 Cressi-Sub Gummy Flip Flop \u0441\u0438\u043d\u0438\u0439 \u043c\u043e\u0440\u0441\u043a\u043e\u0439: \u0438\u0434\u0435\u0430\u043b\u044c\u043d\u044b \u0434\u043b\u044f \u043f\u043b\u044f\u0436\u0430 \u0438 \u0431\u0430\u0441\u0441\u0435\u0439\u043d\u0430. \u0423\u0434\u043e\u0431\u043d\u044b, \u043f\u0440\u043e\u0447\u043d\u044b\u0435, \u0443\u043d\u0438\u0441\u0435\u043a\u0441. \u041a\u0430\u0447\u0435\u0441\u0442\u0432\u043e \u043e\u0442 Cressi \u0441 1946 \u0433\u043e\u0434\u0430.","og_url":"https:\/\/xstyle.md\/ro\/produs\/tapochki-cressi-sub-gummy-flip-flop-blue-navy\/","og_site_name":"\u041c\u0430\u0433\u0430\u0437\u0438\u043d Xstyle","article_publisher":"https:\/\/www.facebook.com\/xstylemd","article_modified_time":"2024-10-02T21:35:33+00:00","og_image":[{"width":1713,"height":1308,"url":"https:\/\/xstyle.md\/wp-content\/uploads\/2022\/09\/cressi-sub-gummy-flip-flop-blue-navy.jpg","type":"image\/jpeg"}],"twitter_card":"summary_large_image","twitter_misc":{"Pre\u021b":"360&nbsp;MDL","Disponibilitate":"\u00cen stoc"},"schema":{"@context":"https:\/\/schema.org","@graph":[{"@type":"WebPage","@id":"https:\/\/xstyle.md\/product\/tapochki-cressi-sub-gummy-flip-flop-blue-navy\/","url":"https:\/\/xstyle.md\/product\/tapochki-cressi-sub-gummy-flip-flop-blue-navy\/","name":"Papuci Cressi-Sub Gummy Flip Flop blue navy - Magazin Xstyle","isPartOf":{"@id":"https:\/\/xstyle.md\/#website"},"primaryImageOfPage":{"@id":"https:\/\/xstyle.md\/product\/tapochki-cressi-sub-gummy-flip-flop-blue-navy\/#primaryimage"},"image":{"@id":"https:\/\/xstyle.md\/product\/tapochki-cressi-sub-gummy-flip-flop-blue-navy\/#primaryimage"},"thumbnailUrl":"https:\/\/xstyle.md\/wp-content\/uploads\/2022\/09\/cressi-sub-gummy-flip-flop-blue-navy.jpg","datePublished":"2022-09-02T15:36:52+00:00","dateModified":"2024-10-02T21:35:33+00:00","description":"Cump\u0103ra\u021bi sandale Cressi-Sub Gummy Flip Flop de culoare albastru marin: perfecte pentru plaj\u0103 \u0219i piscin\u0103. Confortabile, durabile, unisex. Calitate de la Cressi din 1946.","breadcrumb":{"@id":"https:\/\/xstyle.md\/product\/tapochki-cressi-sub-gummy-flip-flop-blue-navy\/#breadcrumb"},"inLanguage":"ro-RO","potentialAction":[{"@type":"ReadAction","target":["https:\/\/xstyle.md\/product\/tapochki-cressi-sub-gummy-flip-flop-blue-navy\/"]}]},{"@type":"ImageObject","inLanguage":"ro-RO","@id":"https:\/\/xstyle.md\/product\/tapochki-cressi-sub-gummy-flip-flop-blue-navy\/#primaryimage","url":"https:\/\/xstyle.md\/wp-content\/uploads\/2022\/09\/cressi-sub-gummy-flip-flop-blue-navy.jpg","contentUrl":"https:\/\/xstyle.md\/wp-content\/uploads\/2022\/09\/cressi-sub-gummy-flip-flop-blue-navy.jpg","width":1713,"height":1308,"caption":"\u0422\u0430\u043f\u043e\u0447\u043a\u0438 \u0434\u043b\u044f \u0430\u043a\u0442\u0438\u0432\u043d\u043e\u0433\u043e \u043e\u0442\u0434\u044b\u0445\u0430 \u0438 \u043f\u0443\u0442\u0435\u0448\u0435\u0441\u0442\u0432\u0438\u0439 Cressi-Sub Gummy Flip Flop \u0441\u0438\u043d\u0438\u0439 \u043c\u043e\u0440\u0441\u043a\u043e\u0439 \u0441\u0442\u0438\u043b\u044c \u0434\u043b\u044f \u043f\u0440\u043e\u0433\u0443\u043b\u043e\u043a \u0438 \u0437\u0430\u043d\u044f\u0442\u0438\u0439 \u0441\u043f\u043e\u0440\u0442\u043e\u043c \u043d\u0430 \u0441\u0430\u0439\u0442\u0435 \u0438\u043d\u0442\u0435\u0440\u043d\u0435\u0442-\u043c\u0430\u0433\u0430\u0437\u0438\u043d\u0430 \u043e\u0434\u0435\u0436\u0434\u044b \u0438 \u043e\u0431\u0443\u0432\u0438 \u0434\u043b\u044f \u0430\u043a\u0442\u0438\u0432\u043d\u043e\u0433\u043e \u043e\u0431\u0440\u0430\u0437\u0430 \u0436\u0438\u0437\u043d\u0438"},{"@type":"BreadcrumbList","@id":"https:\/\/xstyle.md\/product\/tapochki-cressi-sub-gummy-flip-flop-blue-navy\/#breadcrumb","itemListElement":[{"@type":"ListItem","position":1,"name":"\u0413\u043b\u0430\u0432\u043d\u0430\u044f \u0441\u0442\u0440\u0430\u043d\u0438\u0446\u0430","item":"https:\/\/xstyle.md\/"},{"@type":"ListItem","position":2,"name":"\u041c\u0430\u0433\u0430\u0437\u0438\u043d","item":"https:\/\/xstyle.md\/shop\/"},{"@type":"ListItem","position":3,"name":"\u0422\u0430\u043f\u043e\u0447\u043a\u0438 Cressi-Sub Gummy Flip Flop blue navy"}]},{"@type":"WebSite","@id":"https:\/\/xstyle.md\/#website","url":"https:\/\/xstyle.md\/","name":"Magazinul X-Style","description":"Echipamente pentru turism \u0219i sporturi extreme \u00een Moldova. Pre\u021buri, fotografii, caracteristici \u00een Moldova.","publisher":{"@id":"https:\/\/xstyle.md\/#organization"},"alternateName":"X-Style","potentialAction":[{"@type":"SearchAction","target":{"@type":"EntryPoint","urlTemplate":"https:\/\/xstyle.md\/?s={search_term_string}"},"query-input":{"@type":"PropertyValueSpecification","valueRequired":true,"valueName":"search_term_string"}}],"inLanguage":"ro-RO"},{"@type":"Organization","@id":"https:\/\/xstyle.md\/#organization","name":"Magazinul X-Style","alternateName":"x-style","url":"https:\/\/xstyle.md\/","logo":{"@type":"ImageObject","inLanguage":"ro-RO","@id":"https:\/\/xstyle.md\/#\/schema\/logo\/image\/","url":"https:\/\/xstyle.md\/wp-content\/uploads\/2020\/06\/logoicon.svg","contentUrl":"https:\/\/xstyle.md\/wp-content\/uploads\/2020\/06\/logoicon.svg","caption":"\u041c\u0430\u0433\u0430\u0437\u0438\u043d Xstyle"},"image":{"@id":"https:\/\/xstyle.md\/#\/schema\/logo\/image\/"},"sameAs":["https:\/\/www.facebook.com\/xstylemd","https:\/\/www.instagram.com\/xstyle_md\/","https:\/\/t.me\/xstyle_outdoor"],"hasMerchantReturnPolicy":{"@type":"MerchantReturnPolicy","merchantReturnLink":"https:\/\/xstyle.md\/ro\/conditions\/"}}]},"product_price_amount":"360.00","product_price_currency":"MDL","og_availability":"instock","product_availability":"instock","product_retailer_item_id":"8022983128252","product_condition":"new"},"post_mailing_queue_ids":[],"_links":{"self":[{"href":"https:\/\/xstyle.md\/ro\/wp-json\/wp\/v2\/product\/54133","targetHints":{"allow":["GET"]}}],"collection":[{"href":"https:\/\/xstyle.md\/ro\/wp-json\/wp\/v2\/product"}],"about":[{"href":"https:\/\/xstyle.md\/ro\/wp-json\/wp\/v2\/types\/product"}],"replies":[{"embeddable":true,"href":"https:\/\/xstyle.md\/ro\/wp-json\/wp\/v2\/comments?post=54133"}],"wp:featuredmedia":[{"embeddable":true,"href":"https:\/\/xstyle.md\/ro\/wp-json\/wp\/v2\/media\/54594"}],"wp:attachment":[{"href":"https:\/\/xstyle.md\/ro\/wp-json\/wp\/v2\/media?parent=54133"}],"wp:term":[{"taxonomy":"product_brand","embeddable":true,"href":"https:\/\/xstyle.md\/ro\/wp-json\/wp\/v2\/product_brand?post=54133"},{"taxonomy":"product_cat","embeddable":true,"href":"https:\/\/xstyle.md\/ro\/wp-json\/wp\/v2\/product_cat?post=54133"},{"taxonomy":"product_tag","embeddable":true,"href":"https:\/\/xstyle.md\/ro\/wp-json\/wp\/v2\/product_tag?post=54133"}],"curies":[{"name":"wp","href":"https:\/\/api.w.org\/{rel}","templated":true}]}}