{"id":54129,"date":"2022-09-02T18:36:51","date_gmt":"2022-09-02T15:36:51","guid":{"rendered":"https:\/\/xstyle.md\/?post_type=product&#038;p=54129"},"modified":"2025-10-24T12:31:32","modified_gmt":"2025-10-24T09:31:32","slug":"komplekt-cressi-sub-ondina-jr-top-combo","status":"publish","type":"product","link":"https:\/\/xstyle.md\/ro\/produs\/komplekt-cressi-sub-ondina-jr-top-combo\/","title":{"rendered":"Set Cressi-Sub Ondina JR + Top Combo"},"content":{"rendered":"<\/p>\n<p><strong>Cressi-Sub Ondina JR + Top Combo<\/strong> &#8212; set\u00a0de snorkelling format\u0103 dintr-o masc\u0103 \u0219i un tub de snorkeling.<\/p>\n<h3>Masc\u0103<\/h3>\n<p>Masca Cressi-Sub Ondina JR cu un singur strat cu hublou este fabricat\u0103 din sticl\u0103 \u00eent\u0103rit\u0103, care ofer\u0103 o rezisten\u021b\u0103 ridicat\u0103 la abraziune \u0219i o rezisten\u021b\u0103 mecanic\u0103 suficient\u0103. Flan\u0219a m\u0103\u0219tii este fabricat\u0103 din silicon \u00eenchis sau transparent, iar cu\u0219ca este fabricat\u0103 din plastic rezistent la impact. Blocarea tensiunii curelei de la g\u00e2t este simplificat\u0103. Exist\u0103, de asemenea, o protuberan\u021b\u0103 turnat\u0103 pentru nas.<\/p>\n<h3>Tubul<\/h3>\n<p>Cressi-Sub Top este prev\u0103zut cu o pies\u0103 de gur\u0103 \u00eenclinat\u0103 pentru a preveni p\u0103trunderea apei \u0219i o supap\u0103 petal\u0103 intern\u0103 larg\u0103 care \u00eembun\u0103t\u0103\u021be\u0219te drenajul. Forma v\u00e2rfului tubului previne stropirea \u00een interior \u0219i cre\u0219te vizibilitatea \u00eenot\u0103torului. Sistemul de purjare este echipat cu o supap\u0103 eliptic\u0103 \u0219i este ad\u0103postit \u00eentr-o camer\u0103 de captare special\u0103.<\/p>\n<h3>Marca<\/h3>\n<p>Cressi-Sub \u2014 unul dintre cei mai importan\u021bi produc\u0103tori de echipamente de snorkelling, scufund\u0103ri \u0219i spearfishing. \u00cenfiin\u021bat\u0103 \u00een 1946 de fra\u021bii Egidio \u0219i Nanni Cressi, compania evolueaz\u0103 \u00een mod constant \u0219i lanseaz\u0103 produse noi. Istoria scufund\u0103rilor \u00een sine este str\u00e2ns legat\u0103 de cea a companiei Cressi-Sub, iar multe dintre produsele lansate \u00een ultimii 70 de ani au revolu\u021bionat acest tip de activitate \u00een aer liber. Multe dintre inova\u021biile \u0219i inven\u021biile Cressi-Sub au fost adoptate ulterior de mul\u021bi produc\u0103tori de echipamente similare.<\/p>\n<p>Firma a fost \u00eentotdeauna de\u021binut\u0103 \u00een proprietate privat\u0103 de familia Cressi. Prin urmare, facilit\u0103\u021bile de produc\u021bie nu sunt situate \u00een \u021b\u0103rile asiatice, ci \u00een Genova, Italia. Cu toate acestea, compania men\u021bine pre\u021buri rezonabile pentru \u00eentreaga gam\u0103 de produse, care sunt populare \u00een r\u00e2ndul scafandrilor cu orice buget. Filozofia Cressi este inspira\u021bia \u0219i inova\u021bia, dragostea pentru mare \u0219i produse elegante care \u00eendeplinesc cele mai \u00eenalte standarde de calitate.<\/p>\n<p><\/p>","protected":false},"excerpt":{"rendered":"","protected":false},"featured_media":54813,"comment_status":"open","ping_status":"closed","template":"","meta":{"_acf_changed":false,"inline_featured_image":false},"product_brand":[1451],"product_cat":[174],"product_tag":[],"class_list":{"0":"post-54129","1":"product","2":"type-product","3":"status-publish","4":"has-post-thumbnail","6":"product_brand-cressi-sub","7":"product_cat-mask-and-snorkel","9":"first","10":"instock","11":"shipping-taxable","12":"purchasable","13":"product-type-simple"},"acf":[],"yoast_head":"<!-- This site is optimized with the Yoast SEO plugin v27.2 - https:\/\/yoast.com\/product\/yoast-seo-wordpress\/ -->\n<title>\u041a\u043e\u043c\u043f\u043b\u0435\u043a\u0442 Cressi-Sub Ondina JR + Top Combo - \u041c\u0430\u0433\u0430\u0437\u0438\u043d Xstyle<\/title>\n<meta name=\"description\" content=\"\u041a\u043e\u043c\u043f\u043b\u0435\u043a\u0442 Cressi-Sub Ondina JR + Top Combo \u2014 \u0438\u0434\u0435\u0430\u043b\u044c\u043d\u044b\u0439 \u043d\u0430\u0431\u043e\u0440 \u0434\u043b\u044f \u0441\u043d\u043e\u0440\u043a\u043b\u0438\u043d\u0433\u0430. \u041c\u0430\u0441\u043a\u0430 \u0438 \u0442\u0440\u0443\u0431\u043a\u0430 \u043e\u0431\u0435\u0441\u043f\u0435\u0447\u0438\u0432\u0430\u044e\u0442 \u043a\u043e\u043c\u0444\u043e\u0440\u0442 \u0438 \u0432\u044b\u0441\u043e\u043a\u0443\u044e \u0437\u0430\u0449\u0438\u0442\u0443. \u041e\u0442\u043a\u0440\u043e\u0439\u0442\u0435 \u043c\u0438\u0440 \u043f\u043e\u0434\u0432\u043e\u0434\u043d\u044b\u0445 \u043a\u0440\u0430\u0441\u043e\u0442!\" \/>\n<meta name=\"robots\" content=\"index, follow, max-snippet:-1, max-image-preview:large, max-video-preview:-1\" \/>\n<link rel=\"canonical\" href=\"https:\/\/xstyle.md\/ro\/produs\/komplekt-cressi-sub-ondina-jr-top-combo\/\" \/>\n<meta property=\"og:locale\" content=\"ro_RO\" \/>\n<meta property=\"og:type\" content=\"article\" \/>\n<meta property=\"og:title\" content=\"\u041a\u043e\u043c\u043f\u043b\u0435\u043a\u0442 Cressi-Sub Ondina JR + Top Combo - \u041c\u0430\u0433\u0430\u0437\u0438\u043d Xstyle\" \/>\n<meta property=\"og:description\" content=\"\u041a\u043e\u043c\u043f\u043b\u0435\u043a\u0442 Cressi-Sub Ondina JR + Top Combo \u2014 \u0438\u0434\u0435\u0430\u043b\u044c\u043d\u044b\u0439 \u043d\u0430\u0431\u043e\u0440 \u0434\u043b\u044f \u0441\u043d\u043e\u0440\u043a\u043b\u0438\u043d\u0433\u0430. \u041c\u0430\u0441\u043a\u0430 \u0438 \u0442\u0440\u0443\u0431\u043a\u0430 \u043e\u0431\u0435\u0441\u043f\u0435\u0447\u0438\u0432\u0430\u044e\u0442 \u043a\u043e\u043c\u0444\u043e\u0440\u0442 \u0438 \u0432\u044b\u0441\u043e\u043a\u0443\u044e \u0437\u0430\u0449\u0438\u0442\u0443. \u041e\u0442\u043a\u0440\u043e\u0439\u0442\u0435 \u043c\u0438\u0440 \u043f\u043e\u0434\u0432\u043e\u0434\u043d\u044b\u0445 \u043a\u0440\u0430\u0441\u043e\u0442!\" \/>\n<meta property=\"og:url\" content=\"https:\/\/xstyle.md\/ro\/produs\/komplekt-cressi-sub-ondina-jr-top-combo\/\" \/>\n<meta property=\"og:site_name\" content=\"\u041c\u0430\u0433\u0430\u0437\u0438\u043d Xstyle\" \/>\n<meta property=\"article:publisher\" content=\"https:\/\/www.facebook.com\/xstylemd\" \/>\n<meta property=\"article:modified_time\" content=\"2025-10-24T09:31:32+00:00\" \/>\n<meta property=\"og:image\" content=\"https:\/\/xstyle.md\/wp-content\/uploads\/2022\/09\/cressi-sub-ondina-jr-top-combo-scaled.jpg\" \/>\n\t<meta property=\"og:image:width\" content=\"2560\" \/>\n\t<meta property=\"og:image:height\" content=\"2396\" \/>\n\t<meta property=\"og:image:type\" content=\"image\/jpeg\" \/>\n<meta name=\"twitter:card\" content=\"summary_large_image\" \/>\n<meta name=\"twitter:label1\" content=\"Pre\u021b\" \/>\n\t<meta name=\"twitter:data1\" content=\"790&nbsp;MDL\" \/>\n\t<meta name=\"twitter:label2\" content=\"Disponibilitate\" \/>\n\t<meta name=\"twitter:data2\" content=\"\u00cen stoc\" \/>\n<script type=\"application\/ld+json\" class=\"yoast-schema-graph\">{\"@context\":\"https:\/\/schema.org\",\"@graph\":[{\"@type\":\"WebPage\",\"@id\":\"https:\/\/xstyle.md\/product\/komplekt-cressi-sub-ondina-jr-top-combo\/\",\"url\":\"https:\/\/xstyle.md\/product\/komplekt-cressi-sub-ondina-jr-top-combo\/\",\"name\":\"\u041a\u043e\u043c\u043f\u043b\u0435\u043a\u0442 Cressi-Sub Ondina JR + Top Combo - \u041c\u0430\u0433\u0430\u0437\u0438\u043d Xstyle\",\"isPartOf\":{\"@id\":\"https:\/\/xstyle.md\/#website\"},\"primaryImageOfPage\":{\"@id\":\"https:\/\/xstyle.md\/product\/komplekt-cressi-sub-ondina-jr-top-combo\/#primaryimage\"},\"image\":{\"@id\":\"https:\/\/xstyle.md\/product\/komplekt-cressi-sub-ondina-jr-top-combo\/#primaryimage\"},\"thumbnailUrl\":\"https:\/\/xstyle.md\/wp-content\/uploads\/2022\/09\/cressi-sub-ondina-jr-top-combo-scaled.jpg\",\"datePublished\":\"2022-09-02T15:36:51+00:00\",\"dateModified\":\"2025-10-24T09:31:32+00:00\",\"description\":\"\u041a\u043e\u043c\u043f\u043b\u0435\u043a\u0442 Cressi-Sub Ondina JR + Top Combo \u2014 \u0438\u0434\u0435\u0430\u043b\u044c\u043d\u044b\u0439 \u043d\u0430\u0431\u043e\u0440 \u0434\u043b\u044f \u0441\u043d\u043e\u0440\u043a\u043b\u0438\u043d\u0433\u0430. \u041c\u0430\u0441\u043a\u0430 \u0438 \u0442\u0440\u0443\u0431\u043a\u0430 \u043e\u0431\u0435\u0441\u043f\u0435\u0447\u0438\u0432\u0430\u044e\u0442 \u043a\u043e\u043c\u0444\u043e\u0440\u0442 \u0438 \u0432\u044b\u0441\u043e\u043a\u0443\u044e \u0437\u0430\u0449\u0438\u0442\u0443. \u041e\u0442\u043a\u0440\u043e\u0439\u0442\u0435 \u043c\u0438\u0440 \u043f\u043e\u0434\u0432\u043e\u0434\u043d\u044b\u0445 \u043a\u0440\u0430\u0441\u043e\u0442!\",\"breadcrumb\":{\"@id\":\"https:\/\/xstyle.md\/product\/komplekt-cressi-sub-ondina-jr-top-combo\/#breadcrumb\"},\"inLanguage\":\"ro-RO\",\"potentialAction\":[{\"@type\":\"ReadAction\",\"target\":[\"https:\/\/xstyle.md\/product\/komplekt-cressi-sub-ondina-jr-top-combo\/\"]}]},{\"@type\":\"ImageObject\",\"inLanguage\":\"ro-RO\",\"@id\":\"https:\/\/xstyle.md\/product\/komplekt-cressi-sub-ondina-jr-top-combo\/#primaryimage\",\"url\":\"https:\/\/xstyle.md\/wp-content\/uploads\/2022\/09\/cressi-sub-ondina-jr-top-combo-scaled.jpg\",\"contentUrl\":\"https:\/\/xstyle.md\/wp-content\/uploads\/2022\/09\/cressi-sub-ondina-jr-top-combo-scaled.jpg\",\"width\":1920,\"height\":1797,\"caption\":\"\u0414\u0435\u0442\u0441\u043a\u0438\u0439 \u0433\u0438\u0434\u0440\u043e\u043a\u043e\u0441\u0442\u044e\u043c Cressi-Sub Ondina JR \u0438 \u0442\u043e\u043f-\u043a\u043e\u043c\u0431\u043e \u0434\u043b\u044f \u0430\u043a\u0442\u0438\u0432\u043d\u043e\u0433\u043e \u043e\u0442\u0434\u044b\u0445\u0430 \u0438 \u043f\u0443\u0442\u0435\u0448\u0435\u0441\u0442\u0432\u0438\u0439, \u044d\u043a\u0438\u043f\u0438\u0440\u043e\u0432\u043a\u0430 \u0434\u043b\u044f \u043f\u043b\u0430\u0432\u0430\u043d\u0438\u044f, \u0434\u0430\u0439\u0432\u0438\u043d\u0433\u0430, \u043f\u043e\u0445\u043e\u0434\u043e\u0432 \u0438 \u0443\u043b\u0438\u0447\u043d\u043e\u0439 \u043e\u0434\u0435\u0436\u0434\u044b \u0434\u043b\u044f \u0430\u043a\u0442\u0438\u0432\u043d\u043e\u0439 \u0436\u0438\u0437\u043d\u0438\"},{\"@type\":\"BreadcrumbList\",\"@id\":\"https:\/\/xstyle.md\/product\/komplekt-cressi-sub-ondina-jr-top-combo\/#breadcrumb\",\"itemListElement\":[{\"@type\":\"ListItem\",\"position\":1,\"name\":\"\u0413\u043b\u0430\u0432\u043d\u0430\u044f \u0441\u0442\u0440\u0430\u043d\u0438\u0446\u0430\",\"item\":\"https:\/\/xstyle.md\/\"},{\"@type\":\"ListItem\",\"position\":2,\"name\":\"\u041c\u0430\u0433\u0430\u0437\u0438\u043d\",\"item\":\"https:\/\/xstyle.md\/shop\/\"},{\"@type\":\"ListItem\",\"position\":3,\"name\":\"\u041a\u043e\u043c\u043f\u043b\u0435\u043a\u0442 Cressi-Sub Ondina JR + Top Combo\"}]},{\"@type\":\"WebSite\",\"@id\":\"https:\/\/xstyle.md\/#website\",\"url\":\"https:\/\/xstyle.md\/\",\"name\":\"\u041c\u0430\u0433\u0430\u0437\u0438\u043d Xstyle\",\"description\":\"C\u043d\u0430\u0440\u044f\u0436\u0435\u043d\u0438\u0435 \u0434\u043b\u044f \u0442\u0443\u0440\u0438\u0437\u043c\u0430 \u0438 \u044d\u043a\u0441\u0442\u0440\u0435\u043c\u0430\u043b\u044c\u043d\u044b\u0445 \u0432\u0438\u0434\u043e\u0432 \u0441\u043f\u043e\u0440\u0442\u0430 \u0432 \u041c\u043e\u043b\u0434\u043e\u0432\u0435.. \u0426\u0435\u043d\u044b, \u0444\u043e\u0442\u043e, \u0445\u0430\u0440\u0430\u043a\u0442\u0435\u0440\u0438\u0441\u0442\u0438\u043a\u0438 \u0432 \u041c\u043e\u043b\u0434\u043e\u0432\u0435.\",\"publisher\":{\"@id\":\"https:\/\/xstyle.md\/#organization\"},\"alternateName\":\"X-Style\",\"potentialAction\":[{\"@type\":\"SearchAction\",\"target\":{\"@type\":\"EntryPoint\",\"urlTemplate\":\"https:\/\/xstyle.md\/?s={search_term_string}\"},\"query-input\":{\"@type\":\"PropertyValueSpecification\",\"valueRequired\":true,\"valueName\":\"search_term_string\"}}],\"inLanguage\":\"ro-RO\"},{\"@type\":\"Organization\",\"@id\":\"https:\/\/xstyle.md\/#organization\",\"name\":\"\u041c\u0430\u0433\u0430\u0437\u0438\u043d Xstyle\",\"alternateName\":\"x-style\",\"url\":\"https:\/\/xstyle.md\/\",\"logo\":{\"@type\":\"ImageObject\",\"inLanguage\":\"ro-RO\",\"@id\":\"https:\/\/xstyle.md\/#\/schema\/logo\/image\/\",\"url\":\"https:\/\/xstyle.md\/wp-content\/uploads\/2020\/06\/logoicon.svg\",\"contentUrl\":\"https:\/\/xstyle.md\/wp-content\/uploads\/2020\/06\/logoicon.svg\",\"caption\":\"\u041c\u0430\u0433\u0430\u0437\u0438\u043d Xstyle\"},\"image\":{\"@id\":\"https:\/\/xstyle.md\/#\/schema\/logo\/image\/\"},\"sameAs\":[\"https:\/\/www.facebook.com\/xstylemd\",\"https:\/\/www.instagram.com\/xstyle_md\/\",\"https:\/\/t.me\/xstyle_outdoor\"],\"hasMerchantReturnPolicy\":{\"@type\":\"MerchantReturnPolicy\",\"merchantReturnLink\":\"https:\/\/xstyle.md\/ro\/conditions\/\"}}]}<\/script>\n<meta property=\"product:price:amount\" content=\"790.00\" \/>\n<meta property=\"product:price:currency\" content=\"MDL\" \/>\n<meta property=\"og:availability\" content=\"instock\" \/>\n<meta property=\"product:availability\" content=\"instock\" \/>\n<meta property=\"product:retailer_item_id\" content=\"8022983052014\" \/>\n<meta property=\"product:condition\" content=\"new\" \/>\n<!-- \/ Yoast SEO plugin. -->","yoast_head_json":{"title":"Set Cressi-Sub Ondina JR + Top Combo - Magazin Xstyle","description":"Setul Cressi-Sub Ondina JR + Top Combo - perfect pentru snorkelling. Masca \u0219i tubul ofer\u0103 confort \u0219i o protec\u021bie \u00eenalt\u0103. Descoperi\u021bi lumea frumuse\u021bilor subacvatice!","robots":{"index":"index","follow":"follow","max-snippet":"max-snippet:-1","max-image-preview":"max-image-preview:large","max-video-preview":"max-video-preview:-1"},"canonical":"https:\/\/xstyle.md\/ro\/produs\/komplekt-cressi-sub-ondina-jr-top-combo\/","og_locale":"ro_RO","og_type":"article","og_title":"\u041a\u043e\u043c\u043f\u043b\u0435\u043a\u0442 Cressi-Sub Ondina JR + Top Combo - \u041c\u0430\u0433\u0430\u0437\u0438\u043d Xstyle","og_description":"\u041a\u043e\u043c\u043f\u043b\u0435\u043a\u0442 Cressi-Sub Ondina JR + Top Combo \u2014 \u0438\u0434\u0435\u0430\u043b\u044c\u043d\u044b\u0439 \u043d\u0430\u0431\u043e\u0440 \u0434\u043b\u044f \u0441\u043d\u043e\u0440\u043a\u043b\u0438\u043d\u0433\u0430. \u041c\u0430\u0441\u043a\u0430 \u0438 \u0442\u0440\u0443\u0431\u043a\u0430 \u043e\u0431\u0435\u0441\u043f\u0435\u0447\u0438\u0432\u0430\u044e\u0442 \u043a\u043e\u043c\u0444\u043e\u0440\u0442 \u0438 \u0432\u044b\u0441\u043e\u043a\u0443\u044e \u0437\u0430\u0449\u0438\u0442\u0443. \u041e\u0442\u043a\u0440\u043e\u0439\u0442\u0435 \u043c\u0438\u0440 \u043f\u043e\u0434\u0432\u043e\u0434\u043d\u044b\u0445 \u043a\u0440\u0430\u0441\u043e\u0442!","og_url":"https:\/\/xstyle.md\/ro\/produs\/komplekt-cressi-sub-ondina-jr-top-combo\/","og_site_name":"\u041c\u0430\u0433\u0430\u0437\u0438\u043d Xstyle","article_publisher":"https:\/\/www.facebook.com\/xstylemd","article_modified_time":"2025-10-24T09:31:32+00:00","og_image":[{"width":2560,"height":2396,"url":"https:\/\/xstyle.md\/wp-content\/uploads\/2022\/09\/cressi-sub-ondina-jr-top-combo-scaled.jpg","type":"image\/jpeg"}],"twitter_card":"summary_large_image","twitter_misc":{"Pre\u021b":"790&nbsp;MDL","Disponibilitate":"\u00cen stoc"},"schema":{"@context":"https:\/\/schema.org","@graph":[{"@type":"WebPage","@id":"https:\/\/xstyle.md\/product\/komplekt-cressi-sub-ondina-jr-top-combo\/","url":"https:\/\/xstyle.md\/product\/komplekt-cressi-sub-ondina-jr-top-combo\/","name":"Set Cressi-Sub Ondina JR + Top Combo - Magazin Xstyle","isPartOf":{"@id":"https:\/\/xstyle.md\/#website"},"primaryImageOfPage":{"@id":"https:\/\/xstyle.md\/product\/komplekt-cressi-sub-ondina-jr-top-combo\/#primaryimage"},"image":{"@id":"https:\/\/xstyle.md\/product\/komplekt-cressi-sub-ondina-jr-top-combo\/#primaryimage"},"thumbnailUrl":"https:\/\/xstyle.md\/wp-content\/uploads\/2022\/09\/cressi-sub-ondina-jr-top-combo-scaled.jpg","datePublished":"2022-09-02T15:36:51+00:00","dateModified":"2025-10-24T09:31:32+00:00","description":"Setul Cressi-Sub Ondina JR + Top Combo - perfect pentru snorkelling. Masca \u0219i tubul ofer\u0103 confort \u0219i o protec\u021bie \u00eenalt\u0103. Descoperi\u021bi lumea frumuse\u021bilor subacvatice!","breadcrumb":{"@id":"https:\/\/xstyle.md\/product\/komplekt-cressi-sub-ondina-jr-top-combo\/#breadcrumb"},"inLanguage":"ro-RO","potentialAction":[{"@type":"ReadAction","target":["https:\/\/xstyle.md\/product\/komplekt-cressi-sub-ondina-jr-top-combo\/"]}]},{"@type":"ImageObject","inLanguage":"ro-RO","@id":"https:\/\/xstyle.md\/product\/komplekt-cressi-sub-ondina-jr-top-combo\/#primaryimage","url":"https:\/\/xstyle.md\/wp-content\/uploads\/2022\/09\/cressi-sub-ondina-jr-top-combo-scaled.jpg","contentUrl":"https:\/\/xstyle.md\/wp-content\/uploads\/2022\/09\/cressi-sub-ondina-jr-top-combo-scaled.jpg","width":1920,"height":1797,"caption":"\u0414\u0435\u0442\u0441\u043a\u0438\u0439 \u0433\u0438\u0434\u0440\u043e\u043a\u043e\u0441\u0442\u044e\u043c Cressi-Sub Ondina JR \u0438 \u0442\u043e\u043f-\u043a\u043e\u043c\u0431\u043e \u0434\u043b\u044f \u0430\u043a\u0442\u0438\u0432\u043d\u043e\u0433\u043e \u043e\u0442\u0434\u044b\u0445\u0430 \u0438 \u043f\u0443\u0442\u0435\u0448\u0435\u0441\u0442\u0432\u0438\u0439, \u044d\u043a\u0438\u043f\u0438\u0440\u043e\u0432\u043a\u0430 \u0434\u043b\u044f \u043f\u043b\u0430\u0432\u0430\u043d\u0438\u044f, \u0434\u0430\u0439\u0432\u0438\u043d\u0433\u0430, \u043f\u043e\u0445\u043e\u0434\u043e\u0432 \u0438 \u0443\u043b\u0438\u0447\u043d\u043e\u0439 \u043e\u0434\u0435\u0436\u0434\u044b \u0434\u043b\u044f \u0430\u043a\u0442\u0438\u0432\u043d\u043e\u0439 \u0436\u0438\u0437\u043d\u0438"},{"@type":"BreadcrumbList","@id":"https:\/\/xstyle.md\/product\/komplekt-cressi-sub-ondina-jr-top-combo\/#breadcrumb","itemListElement":[{"@type":"ListItem","position":1,"name":"\u0413\u043b\u0430\u0432\u043d\u0430\u044f \u0441\u0442\u0440\u0430\u043d\u0438\u0446\u0430","item":"https:\/\/xstyle.md\/"},{"@type":"ListItem","position":2,"name":"\u041c\u0430\u0433\u0430\u0437\u0438\u043d","item":"https:\/\/xstyle.md\/shop\/"},{"@type":"ListItem","position":3,"name":"\u041a\u043e\u043c\u043f\u043b\u0435\u043a\u0442 Cressi-Sub Ondina JR + Top Combo"}]},{"@type":"WebSite","@id":"https:\/\/xstyle.md\/#website","url":"https:\/\/xstyle.md\/","name":"Magazinul X-Style","description":"Echipamente pentru turism \u0219i sporturi extreme \u00een Moldova. Pre\u021buri, fotografii, caracteristici \u00een Moldova.","publisher":{"@id":"https:\/\/xstyle.md\/#organization"},"alternateName":"X-Style","potentialAction":[{"@type":"SearchAction","target":{"@type":"EntryPoint","urlTemplate":"https:\/\/xstyle.md\/?s={search_term_string}"},"query-input":{"@type":"PropertyValueSpecification","valueRequired":true,"valueName":"search_term_string"}}],"inLanguage":"ro-RO"},{"@type":"Organization","@id":"https:\/\/xstyle.md\/#organization","name":"Magazinul X-Style","alternateName":"x-style","url":"https:\/\/xstyle.md\/","logo":{"@type":"ImageObject","inLanguage":"ro-RO","@id":"https:\/\/xstyle.md\/#\/schema\/logo\/image\/","url":"https:\/\/xstyle.md\/wp-content\/uploads\/2020\/06\/logoicon.svg","contentUrl":"https:\/\/xstyle.md\/wp-content\/uploads\/2020\/06\/logoicon.svg","caption":"\u041c\u0430\u0433\u0430\u0437\u0438\u043d Xstyle"},"image":{"@id":"https:\/\/xstyle.md\/#\/schema\/logo\/image\/"},"sameAs":["https:\/\/www.facebook.com\/xstylemd","https:\/\/www.instagram.com\/xstyle_md\/","https:\/\/t.me\/xstyle_outdoor"],"hasMerchantReturnPolicy":{"@type":"MerchantReturnPolicy","merchantReturnLink":"https:\/\/xstyle.md\/ro\/conditions\/"}}]},"product_price_amount":"790.00","product_price_currency":"MDL","og_availability":"instock","product_availability":"instock","product_retailer_item_id":"8022983052014","product_condition":"new"},"post_mailing_queue_ids":[],"_links":{"self":[{"href":"https:\/\/xstyle.md\/ro\/wp-json\/wp\/v2\/product\/54129","targetHints":{"allow":["GET"]}}],"collection":[{"href":"https:\/\/xstyle.md\/ro\/wp-json\/wp\/v2\/product"}],"about":[{"href":"https:\/\/xstyle.md\/ro\/wp-json\/wp\/v2\/types\/product"}],"replies":[{"embeddable":true,"href":"https:\/\/xstyle.md\/ro\/wp-json\/wp\/v2\/comments?post=54129"}],"wp:featuredmedia":[{"embeddable":true,"href":"https:\/\/xstyle.md\/ro\/wp-json\/wp\/v2\/media\/54813"}],"wp:attachment":[{"href":"https:\/\/xstyle.md\/ro\/wp-json\/wp\/v2\/media?parent=54129"}],"wp:term":[{"taxonomy":"product_brand","embeddable":true,"href":"https:\/\/xstyle.md\/ro\/wp-json\/wp\/v2\/product_brand?post=54129"},{"taxonomy":"product_cat","embeddable":true,"href":"https:\/\/xstyle.md\/ro\/wp-json\/wp\/v2\/product_cat?post=54129"},{"taxonomy":"product_tag","embeddable":true,"href":"https:\/\/xstyle.md\/ro\/wp-json\/wp\/v2\/product_tag?post=54129"}],"curies":[{"name":"wp","href":"https:\/\/api.w.org\/{rel}","templated":true}]}}