{"id":54111,"date":"2022-09-02T18:36:47","date_gmt":"2022-09-02T15:36:47","guid":{"rendered":"https:\/\/xstyle.md\/?post_type=product&#038;p=54111"},"modified":"2025-10-24T12:31:16","modified_gmt":"2025-10-24T09:31:16","slug":"maska-cressi-sub-onda","status":"publish","type":"product","link":"https:\/\/xstyle.md\/ro\/produs\/maska-cressi-sub-onda\/","title":{"rendered":"Masc\u0103 Cressi-Sub Onda"},"content":{"rendered":"<\/p>\n<p><strong>Cressi-Sub Onda<\/strong> &#8212; masc\u0103 din sticl\u0103 monocristalin\u0103 conceput\u0103 pentru snorkelling \u0219i \u00eenot. Fusta este confec\u021bionat\u0103 din silicon moale hipoalergenic transparent. Designul cu o singur\u0103 lentil\u0103 \u0219i forma unic\u0103 a ramei asigur\u0103 o vizibilitate excelent\u0103 \u00een toate direc\u021biile.<\/p>\n<p>Se potrive\u0219te perfect, potrivit pentru majoritatea tipurilor de structur\u0103 facial\u0103.<\/p>\n<h3>Particularit\u0103\u021bi<\/h3>\n<ul>\n<li>Masc\u0103 multifunc\u021bional\u0103 at\u00e2t pentru snorkelling, c\u00e2t \u0219i pentru scufund\u0103ri cu scafandru<\/li>\n<li>Partea interioar\u0103 a ramei are un inel O pentru a garanta o etan\u0219eitate absolut\u0103 la ap\u0103<\/li>\n<li>Curea reglabil\u0103 pentru g\u00e2t<\/li>\n<li>Rama este realizat\u0103 din dou\u0103 p\u0103r\u021bi, ceea ce confer\u0103 m\u0103\u0219tii un aspect elegant<\/li>\n<li>Volumul mare de sub masc\u0103 se combin\u0103 cu o vizibilitate excelent\u0103<\/li>\n<li>Proeminen\u021b\u0103 turnat\u0103 pentru nas.<\/li>\n<\/ul>\n<h3>Caracteristici<\/h3>\n<ul>\n<li>Material &#8212; sticl\u0103 laminat\u0103, silicon<\/li>\n<li>Scop &#8212; snorkelling<\/li>\n<li>Num\u0103r de pahare &#8212; un singur pahar<\/li>\n<li>Model &#8212; unisex.<\/li>\n<\/ul>\n<h3>Marca<\/h3>\n<p>Cressi-Sub \u2014 unul dintre cei mai importan\u021bi produc\u0103tori de echipamente de snorkelling, scufund\u0103ri \u0219i spearfishing. \u00cenfiin\u021bat\u0103 \u00een 1946 de fra\u021bii Egidio \u0219i Nanni Cressi, compania evolueaz\u0103 \u00een mod constant \u0219i lanseaz\u0103 produse noi. Istoria scufund\u0103rilor \u00een sine este str\u00e2ns legat\u0103 de cea a companiei Cressi-Sub, iar multe dintre produsele lansate \u00een ultimii 70 de ani au revolu\u021bionat aceast\u0103 form\u0103 de recreere activ\u0103. Multe dintre inova\u021biile \u0219i inven\u021biile Cressi-Sub au fost adoptate ulterior de mul\u021bi produc\u0103tori de echipamente similare.<\/p>\n<p>Firma a fost \u00eentotdeauna de\u021binut\u0103 \u00een proprietate privat\u0103 de familia Cressi. Prin urmare, facilit\u0103\u021bile de produc\u021bie nu sunt situate \u00een \u021b\u0103rile asiatice, ci \u00een Genova, Italia. Cu toate acestea, compania men\u021bine pre\u021buri rezonabile pentru \u00eentreaga gam\u0103 de produse, care sunt populare \u00een r\u00e2ndul scafandrilor cu orice buget. Filozofia Cressi este inspira\u021bia \u0219i inova\u021bia, dragostea pentru mare \u0219i produse elegante care \u00eendeplinesc cele mai \u00eenalte standarde de calitate.<\/p>\n<p><\/p>","protected":false},"excerpt":{"rendered":"","protected":false},"featured_media":54381,"comment_status":"open","ping_status":"closed","template":"","meta":{"_acf_changed":false,"inline_featured_image":false},"product_brand":[1451],"product_cat":[171],"product_tag":[],"class_list":{"0":"post-54111","1":"product","2":"type-product","3":"status-publish","4":"has-post-thumbnail","6":"product_brand-cressi-sub","7":"product_cat-diving-mask","9":"first","10":"instock","11":"shipping-taxable","12":"purchasable","13":"product-type-simple"},"acf":[],"yoast_head":"<!-- This site is optimized with the Yoast SEO plugin v27.2 - https:\/\/yoast.com\/product\/yoast-seo-wordpress\/ -->\n<title>\u041c\u0430\u0441\u043a\u0430 Cressi-Sub Onda - \u041c\u0430\u0433\u0430\u0437\u0438\u043d Xstyle<\/title>\n<meta name=\"description\" content=\"\u041a\u0443\u043f\u0438\u0442\u0435 \u043c\u0430\u0441\u043a\u0443 Cressi-Sub Onda \u0434\u043b\u044f \u0441\u043d\u043e\u0440\u043a\u0435\u043b\u0438\u043d\u0433\u0430 \u0438 \u043f\u043b\u0430\u0432\u0430\u043d\u0438\u044f. \u0413\u0438\u043f\u043e\u0430\u043b\u043b\u0435\u0440\u0433\u0435\u043d\u043d\u044b\u0439 \u0441\u0438\u043b\u0438\u043a\u043e\u043d, \u0443\u043d\u0438\u043a\u0430\u043b\u044c\u043d\u044b\u0439 \u0434\u0438\u0437\u0430\u0439\u043d \u0438 \u043e\u0442\u043b\u0438\u0447\u043d\u0430\u044f \u0432\u0438\u0434\u0438\u043c\u043e\u0441\u0442\u044c \u0434\u043b\u044f \u043a\u043e\u043c\u0444\u043e\u0440\u0442\u043d\u043e\u0433\u043e \u0438\u0441\u043f\u043e\u043b\u044c\u0437\u043e\u0432\u0430\u043d\u0438\u044f.\" \/>\n<meta name=\"robots\" content=\"index, follow, max-snippet:-1, max-image-preview:large, max-video-preview:-1\" \/>\n<link rel=\"canonical\" href=\"https:\/\/xstyle.md\/ro\/produs\/maska-cressi-sub-onda\/\" \/>\n<meta property=\"og:locale\" content=\"ro_RO\" \/>\n<meta property=\"og:type\" content=\"article\" \/>\n<meta property=\"og:title\" content=\"\u041c\u0430\u0441\u043a\u0430 Cressi-Sub Onda - \u041c\u0430\u0433\u0430\u0437\u0438\u043d Xstyle\" \/>\n<meta property=\"og:description\" content=\"\u041a\u0443\u043f\u0438\u0442\u0435 \u043c\u0430\u0441\u043a\u0443 Cressi-Sub Onda \u0434\u043b\u044f \u0441\u043d\u043e\u0440\u043a\u0435\u043b\u0438\u043d\u0433\u0430 \u0438 \u043f\u043b\u0430\u0432\u0430\u043d\u0438\u044f. \u0413\u0438\u043f\u043e\u0430\u043b\u043b\u0435\u0440\u0433\u0435\u043d\u043d\u044b\u0439 \u0441\u0438\u043b\u0438\u043a\u043e\u043d, \u0443\u043d\u0438\u043a\u0430\u043b\u044c\u043d\u044b\u0439 \u0434\u0438\u0437\u0430\u0439\u043d \u0438 \u043e\u0442\u043b\u0438\u0447\u043d\u0430\u044f \u0432\u0438\u0434\u0438\u043c\u043e\u0441\u0442\u044c \u0434\u043b\u044f \u043a\u043e\u043c\u0444\u043e\u0440\u0442\u043d\u043e\u0433\u043e \u0438\u0441\u043f\u043e\u043b\u044c\u0437\u043e\u0432\u0430\u043d\u0438\u044f.\" \/>\n<meta property=\"og:url\" content=\"https:\/\/xstyle.md\/ro\/produs\/maska-cressi-sub-onda\/\" \/>\n<meta property=\"og:site_name\" content=\"\u041c\u0430\u0433\u0430\u0437\u0438\u043d Xstyle\" \/>\n<meta property=\"article:publisher\" content=\"https:\/\/www.facebook.com\/xstylemd\" \/>\n<meta property=\"article:modified_time\" content=\"2025-10-24T09:31:16+00:00\" \/>\n<meta property=\"og:image\" content=\"https:\/\/xstyle.md\/wp-content\/uploads\/2022\/09\/cressi-sub-onda-black.jpg\" \/>\n\t<meta property=\"og:image:width\" content=\"2196\" \/>\n\t<meta property=\"og:image:height\" content=\"1734\" \/>\n\t<meta property=\"og:image:type\" content=\"image\/jpeg\" \/>\n<meta name=\"twitter:card\" content=\"summary_large_image\" \/>\n<meta name=\"twitter:label1\" content=\"Pre\u021b\" \/>\n\t<meta name=\"twitter:data1\" content=\"690&nbsp;MDL\" \/>\n\t<meta name=\"twitter:label2\" content=\"Disponibilitate\" \/>\n\t<meta name=\"twitter:data2\" content=\"\u00cen stoc\" \/>\n<script type=\"application\/ld+json\" class=\"yoast-schema-graph\">{\"@context\":\"https:\/\/schema.org\",\"@graph\":[{\"@type\":\"WebPage\",\"@id\":\"https:\/\/xstyle.md\/product\/maska-cressi-sub-onda\/\",\"url\":\"https:\/\/xstyle.md\/product\/maska-cressi-sub-onda\/\",\"name\":\"\u041c\u0430\u0441\u043a\u0430 Cressi-Sub Onda - \u041c\u0430\u0433\u0430\u0437\u0438\u043d Xstyle\",\"isPartOf\":{\"@id\":\"https:\/\/xstyle.md\/#website\"},\"primaryImageOfPage\":{\"@id\":\"https:\/\/xstyle.md\/product\/maska-cressi-sub-onda\/#primaryimage\"},\"image\":{\"@id\":\"https:\/\/xstyle.md\/product\/maska-cressi-sub-onda\/#primaryimage\"},\"thumbnailUrl\":\"https:\/\/xstyle.md\/wp-content\/uploads\/2022\/09\/cressi-sub-onda-black.jpg\",\"datePublished\":\"2022-09-02T15:36:47+00:00\",\"dateModified\":\"2025-10-24T09:31:16+00:00\",\"description\":\"\u041a\u0443\u043f\u0438\u0442\u0435 \u043c\u0430\u0441\u043a\u0443 Cressi-Sub Onda \u0434\u043b\u044f \u0441\u043d\u043e\u0440\u043a\u0435\u043b\u0438\u043d\u0433\u0430 \u0438 \u043f\u043b\u0430\u0432\u0430\u043d\u0438\u044f. \u0413\u0438\u043f\u043e\u0430\u043b\u043b\u0435\u0440\u0433\u0435\u043d\u043d\u044b\u0439 \u0441\u0438\u043b\u0438\u043a\u043e\u043d, \u0443\u043d\u0438\u043a\u0430\u043b\u044c\u043d\u044b\u0439 \u0434\u0438\u0437\u0430\u0439\u043d \u0438 \u043e\u0442\u043b\u0438\u0447\u043d\u0430\u044f \u0432\u0438\u0434\u0438\u043c\u043e\u0441\u0442\u044c \u0434\u043b\u044f \u043a\u043e\u043c\u0444\u043e\u0440\u0442\u043d\u043e\u0433\u043e \u0438\u0441\u043f\u043e\u043b\u044c\u0437\u043e\u0432\u0430\u043d\u0438\u044f.\",\"breadcrumb\":{\"@id\":\"https:\/\/xstyle.md\/product\/maska-cressi-sub-onda\/#breadcrumb\"},\"inLanguage\":\"ro-RO\",\"potentialAction\":[{\"@type\":\"ReadAction\",\"target\":[\"https:\/\/xstyle.md\/product\/maska-cressi-sub-onda\/\"]}]},{\"@type\":\"ImageObject\",\"inLanguage\":\"ro-RO\",\"@id\":\"https:\/\/xstyle.md\/product\/maska-cressi-sub-onda\/#primaryimage\",\"url\":\"https:\/\/xstyle.md\/wp-content\/uploads\/2022\/09\/cressi-sub-onda-black.jpg\",\"contentUrl\":\"https:\/\/xstyle.md\/wp-content\/uploads\/2022\/09\/cressi-sub-onda-black.jpg\",\"width\":1920,\"height\":1516,\"caption\":\"\u041c\u0430\u0441\u043a\u0430 Cressi-Sub Onda \u0434\u043b\u044f \u0430\u043a\u0442\u0438\u0432\u043d\u043e\u0433\u043e \u043e\u0442\u0434\u044b\u0445\u0430, \u0442\u0443\u0440\u0438\u0437\u043c\u0430 \u0438 \u043f\u043b\u0430\u0432\u0430\u043d\u0438\u044f \u2014 \u044d\u043a\u0438\u043f\u0438\u0440\u043e\u0432\u043a\u0430 \u0434\u043b\u044f \u043f\u043e\u0445\u043e\u0434\u043e\u0432, \u0430\u043b\u044c\u043f\u0438\u043d\u0438\u0437\u043c\u0430, \u043f\u0443\u0442\u0435\u0448\u0435\u0441\u0442\u0432\u0438\u0439 \u0438 \u0437\u0430\u043d\u044f\u0442\u0438\u0439 \u0441\u043f\u043e\u0440\u0442\u043e\u043c \u0432 \u0438\u043d\u0442\u0435\u0440\u043d\u0435\u0442-\u043c\u0430\u0433\u0430\u0437\u0438\u043d\u0435 \u0442\u043e\u0432\u0430\u0440\u043e\u0432 \u0434\u043b\u044f \u0430\u043a\u0442\u0438\u0432\u043d\u043e\u0439 \u0436\u0438\u0437\u043d\u0438\"},{\"@type\":\"BreadcrumbList\",\"@id\":\"https:\/\/xstyle.md\/product\/maska-cressi-sub-onda\/#breadcrumb\",\"itemListElement\":[{\"@type\":\"ListItem\",\"position\":1,\"name\":\"\u0413\u043b\u0430\u0432\u043d\u0430\u044f \u0441\u0442\u0440\u0430\u043d\u0438\u0446\u0430\",\"item\":\"https:\/\/xstyle.md\/\"},{\"@type\":\"ListItem\",\"position\":2,\"name\":\"\u041c\u0430\u0433\u0430\u0437\u0438\u043d\",\"item\":\"https:\/\/xstyle.md\/shop\/\"},{\"@type\":\"ListItem\",\"position\":3,\"name\":\"\u041c\u0430\u0441\u043a\u0430 Cressi-Sub Onda\"}]},{\"@type\":\"WebSite\",\"@id\":\"https:\/\/xstyle.md\/#website\",\"url\":\"https:\/\/xstyle.md\/\",\"name\":\"\u041c\u0430\u0433\u0430\u0437\u0438\u043d Xstyle\",\"description\":\"C\u043d\u0430\u0440\u044f\u0436\u0435\u043d\u0438\u0435 \u0434\u043b\u044f \u0442\u0443\u0440\u0438\u0437\u043c\u0430 \u0438 \u044d\u043a\u0441\u0442\u0440\u0435\u043c\u0430\u043b\u044c\u043d\u044b\u0445 \u0432\u0438\u0434\u043e\u0432 \u0441\u043f\u043e\u0440\u0442\u0430 \u0432 \u041c\u043e\u043b\u0434\u043e\u0432\u0435.. \u0426\u0435\u043d\u044b, \u0444\u043e\u0442\u043e, \u0445\u0430\u0440\u0430\u043a\u0442\u0435\u0440\u0438\u0441\u0442\u0438\u043a\u0438 \u0432 \u041c\u043e\u043b\u0434\u043e\u0432\u0435.\",\"publisher\":{\"@id\":\"https:\/\/xstyle.md\/#organization\"},\"alternateName\":\"X-Style\",\"potentialAction\":[{\"@type\":\"SearchAction\",\"target\":{\"@type\":\"EntryPoint\",\"urlTemplate\":\"https:\/\/xstyle.md\/?s={search_term_string}\"},\"query-input\":{\"@type\":\"PropertyValueSpecification\",\"valueRequired\":true,\"valueName\":\"search_term_string\"}}],\"inLanguage\":\"ro-RO\"},{\"@type\":\"Organization\",\"@id\":\"https:\/\/xstyle.md\/#organization\",\"name\":\"\u041c\u0430\u0433\u0430\u0437\u0438\u043d Xstyle\",\"alternateName\":\"x-style\",\"url\":\"https:\/\/xstyle.md\/\",\"logo\":{\"@type\":\"ImageObject\",\"inLanguage\":\"ro-RO\",\"@id\":\"https:\/\/xstyle.md\/#\/schema\/logo\/image\/\",\"url\":\"https:\/\/xstyle.md\/wp-content\/uploads\/2020\/06\/logoicon.svg\",\"contentUrl\":\"https:\/\/xstyle.md\/wp-content\/uploads\/2020\/06\/logoicon.svg\",\"caption\":\"\u041c\u0430\u0433\u0430\u0437\u0438\u043d Xstyle\"},\"image\":{\"@id\":\"https:\/\/xstyle.md\/#\/schema\/logo\/image\/\"},\"sameAs\":[\"https:\/\/www.facebook.com\/xstylemd\",\"https:\/\/www.instagram.com\/xstyle_md\/\",\"https:\/\/t.me\/xstyle_outdoor\"],\"hasMerchantReturnPolicy\":{\"@type\":\"MerchantReturnPolicy\",\"merchantReturnLink\":\"https:\/\/xstyle.md\/ro\/conditions\/\"}}]}<\/script>\n<meta property=\"product:price:amount\" content=\"690.00\" \/>\n<meta property=\"product:price:currency\" content=\"MDL\" \/>\n<meta property=\"og:availability\" content=\"instock\" \/>\n<meta property=\"product:availability\" content=\"instock\" \/>\n<meta property=\"product:retailer_item_id\" content=\"8022983076218\" \/>\n<meta property=\"product:condition\" content=\"new\" \/>\n<!-- \/ Yoast SEO plugin. -->","yoast_head_json":{"title":"Masc\u0103 Cressi-Sub Onda - Magazin Xstyle","description":"Cump\u0103ra\u021bi masca Cressi-Sub Onda pentru snorkeling \u0219i \u00eenot. Silicon hipoalergenic, design unic \u0219i vizibilitate excelent\u0103 pentru o utilizare confortabil\u0103.","robots":{"index":"index","follow":"follow","max-snippet":"max-snippet:-1","max-image-preview":"max-image-preview:large","max-video-preview":"max-video-preview:-1"},"canonical":"https:\/\/xstyle.md\/ro\/produs\/maska-cressi-sub-onda\/","og_locale":"ro_RO","og_type":"article","og_title":"\u041c\u0430\u0441\u043a\u0430 Cressi-Sub Onda - \u041c\u0430\u0433\u0430\u0437\u0438\u043d Xstyle","og_description":"\u041a\u0443\u043f\u0438\u0442\u0435 \u043c\u0430\u0441\u043a\u0443 Cressi-Sub Onda \u0434\u043b\u044f \u0441\u043d\u043e\u0440\u043a\u0435\u043b\u0438\u043d\u0433\u0430 \u0438 \u043f\u043b\u0430\u0432\u0430\u043d\u0438\u044f. \u0413\u0438\u043f\u043e\u0430\u043b\u043b\u0435\u0440\u0433\u0435\u043d\u043d\u044b\u0439 \u0441\u0438\u043b\u0438\u043a\u043e\u043d, \u0443\u043d\u0438\u043a\u0430\u043b\u044c\u043d\u044b\u0439 \u0434\u0438\u0437\u0430\u0439\u043d \u0438 \u043e\u0442\u043b\u0438\u0447\u043d\u0430\u044f \u0432\u0438\u0434\u0438\u043c\u043e\u0441\u0442\u044c \u0434\u043b\u044f \u043a\u043e\u043c\u0444\u043e\u0440\u0442\u043d\u043e\u0433\u043e \u0438\u0441\u043f\u043e\u043b\u044c\u0437\u043e\u0432\u0430\u043d\u0438\u044f.","og_url":"https:\/\/xstyle.md\/ro\/produs\/maska-cressi-sub-onda\/","og_site_name":"\u041c\u0430\u0433\u0430\u0437\u0438\u043d Xstyle","article_publisher":"https:\/\/www.facebook.com\/xstylemd","article_modified_time":"2025-10-24T09:31:16+00:00","og_image":[{"width":2196,"height":1734,"url":"https:\/\/xstyle.md\/wp-content\/uploads\/2022\/09\/cressi-sub-onda-black.jpg","type":"image\/jpeg"}],"twitter_card":"summary_large_image","twitter_misc":{"Pre\u021b":"690&nbsp;MDL","Disponibilitate":"\u00cen stoc"},"schema":{"@context":"https:\/\/schema.org","@graph":[{"@type":"WebPage","@id":"https:\/\/xstyle.md\/product\/maska-cressi-sub-onda\/","url":"https:\/\/xstyle.md\/product\/maska-cressi-sub-onda\/","name":"Masc\u0103 Cressi-Sub Onda - Magazin Xstyle","isPartOf":{"@id":"https:\/\/xstyle.md\/#website"},"primaryImageOfPage":{"@id":"https:\/\/xstyle.md\/product\/maska-cressi-sub-onda\/#primaryimage"},"image":{"@id":"https:\/\/xstyle.md\/product\/maska-cressi-sub-onda\/#primaryimage"},"thumbnailUrl":"https:\/\/xstyle.md\/wp-content\/uploads\/2022\/09\/cressi-sub-onda-black.jpg","datePublished":"2022-09-02T15:36:47+00:00","dateModified":"2025-10-24T09:31:16+00:00","description":"Cump\u0103ra\u021bi masca Cressi-Sub Onda pentru snorkeling \u0219i \u00eenot. Silicon hipoalergenic, design unic \u0219i vizibilitate excelent\u0103 pentru o utilizare confortabil\u0103.","breadcrumb":{"@id":"https:\/\/xstyle.md\/product\/maska-cressi-sub-onda\/#breadcrumb"},"inLanguage":"ro-RO","potentialAction":[{"@type":"ReadAction","target":["https:\/\/xstyle.md\/product\/maska-cressi-sub-onda\/"]}]},{"@type":"ImageObject","inLanguage":"ro-RO","@id":"https:\/\/xstyle.md\/product\/maska-cressi-sub-onda\/#primaryimage","url":"https:\/\/xstyle.md\/wp-content\/uploads\/2022\/09\/cressi-sub-onda-black.jpg","contentUrl":"https:\/\/xstyle.md\/wp-content\/uploads\/2022\/09\/cressi-sub-onda-black.jpg","width":1920,"height":1516,"caption":"\u041c\u0430\u0441\u043a\u0430 Cressi-Sub Onda \u0434\u043b\u044f \u0430\u043a\u0442\u0438\u0432\u043d\u043e\u0433\u043e \u043e\u0442\u0434\u044b\u0445\u0430, \u0442\u0443\u0440\u0438\u0437\u043c\u0430 \u0438 \u043f\u043b\u0430\u0432\u0430\u043d\u0438\u044f \u2014 \u044d\u043a\u0438\u043f\u0438\u0440\u043e\u0432\u043a\u0430 \u0434\u043b\u044f \u043f\u043e\u0445\u043e\u0434\u043e\u0432, \u0430\u043b\u044c\u043f\u0438\u043d\u0438\u0437\u043c\u0430, \u043f\u0443\u0442\u0435\u0448\u0435\u0441\u0442\u0432\u0438\u0439 \u0438 \u0437\u0430\u043d\u044f\u0442\u0438\u0439 \u0441\u043f\u043e\u0440\u0442\u043e\u043c \u0432 \u0438\u043d\u0442\u0435\u0440\u043d\u0435\u0442-\u043c\u0430\u0433\u0430\u0437\u0438\u043d\u0435 \u0442\u043e\u0432\u0430\u0440\u043e\u0432 \u0434\u043b\u044f \u0430\u043a\u0442\u0438\u0432\u043d\u043e\u0439 \u0436\u0438\u0437\u043d\u0438"},{"@type":"BreadcrumbList","@id":"https:\/\/xstyle.md\/product\/maska-cressi-sub-onda\/#breadcrumb","itemListElement":[{"@type":"ListItem","position":1,"name":"\u0413\u043b\u0430\u0432\u043d\u0430\u044f \u0441\u0442\u0440\u0430\u043d\u0438\u0446\u0430","item":"https:\/\/xstyle.md\/"},{"@type":"ListItem","position":2,"name":"\u041c\u0430\u0433\u0430\u0437\u0438\u043d","item":"https:\/\/xstyle.md\/shop\/"},{"@type":"ListItem","position":3,"name":"\u041c\u0430\u0441\u043a\u0430 Cressi-Sub Onda"}]},{"@type":"WebSite","@id":"https:\/\/xstyle.md\/#website","url":"https:\/\/xstyle.md\/","name":"Magazinul X-Style","description":"Echipamente pentru turism \u0219i sporturi extreme \u00een Moldova. Pre\u021buri, fotografii, caracteristici \u00een Moldova.","publisher":{"@id":"https:\/\/xstyle.md\/#organization"},"alternateName":"X-Style","potentialAction":[{"@type":"SearchAction","target":{"@type":"EntryPoint","urlTemplate":"https:\/\/xstyle.md\/?s={search_term_string}"},"query-input":{"@type":"PropertyValueSpecification","valueRequired":true,"valueName":"search_term_string"}}],"inLanguage":"ro-RO"},{"@type":"Organization","@id":"https:\/\/xstyle.md\/#organization","name":"Magazinul X-Style","alternateName":"x-style","url":"https:\/\/xstyle.md\/","logo":{"@type":"ImageObject","inLanguage":"ro-RO","@id":"https:\/\/xstyle.md\/#\/schema\/logo\/image\/","url":"https:\/\/xstyle.md\/wp-content\/uploads\/2020\/06\/logoicon.svg","contentUrl":"https:\/\/xstyle.md\/wp-content\/uploads\/2020\/06\/logoicon.svg","caption":"\u041c\u0430\u0433\u0430\u0437\u0438\u043d Xstyle"},"image":{"@id":"https:\/\/xstyle.md\/#\/schema\/logo\/image\/"},"sameAs":["https:\/\/www.facebook.com\/xstylemd","https:\/\/www.instagram.com\/xstyle_md\/","https:\/\/t.me\/xstyle_outdoor"],"hasMerchantReturnPolicy":{"@type":"MerchantReturnPolicy","merchantReturnLink":"https:\/\/xstyle.md\/ro\/conditions\/"}}]},"product_price_amount":"690.00","product_price_currency":"MDL","og_availability":"instock","product_availability":"instock","product_retailer_item_id":"8022983076218","product_condition":"new"},"post_mailing_queue_ids":[],"_links":{"self":[{"href":"https:\/\/xstyle.md\/ro\/wp-json\/wp\/v2\/product\/54111","targetHints":{"allow":["GET"]}}],"collection":[{"href":"https:\/\/xstyle.md\/ro\/wp-json\/wp\/v2\/product"}],"about":[{"href":"https:\/\/xstyle.md\/ro\/wp-json\/wp\/v2\/types\/product"}],"replies":[{"embeddable":true,"href":"https:\/\/xstyle.md\/ro\/wp-json\/wp\/v2\/comments?post=54111"}],"wp:featuredmedia":[{"embeddable":true,"href":"https:\/\/xstyle.md\/ro\/wp-json\/wp\/v2\/media\/54381"}],"wp:attachment":[{"href":"https:\/\/xstyle.md\/ro\/wp-json\/wp\/v2\/media?parent=54111"}],"wp:term":[{"taxonomy":"product_brand","embeddable":true,"href":"https:\/\/xstyle.md\/ro\/wp-json\/wp\/v2\/product_brand?post=54111"},{"taxonomy":"product_cat","embeddable":true,"href":"https:\/\/xstyle.md\/ro\/wp-json\/wp\/v2\/product_cat?post=54111"},{"taxonomy":"product_tag","embeddable":true,"href":"https:\/\/xstyle.md\/ro\/wp-json\/wp\/v2\/product_tag?post=54111"}],"curies":[{"name":"wp","href":"https:\/\/api.w.org\/{rel}","templated":true}]}}