{"id":54107,"date":"2022-09-02T18:36:47","date_gmt":"2022-09-02T15:36:47","guid":{"rendered":"https:\/\/xstyle.md\/?post_type=product&#038;p=54107"},"modified":"2025-10-24T12:31:12","modified_gmt":"2025-10-24T09:31:12","slug":"maska-cressi-sub-estrella","status":"publish","type":"product","link":"https:\/\/xstyle.md\/ro\/produs\/maska-cressi-sub-estrella\/","title":{"rendered":"Masc\u0103 Cressi-Sub Estrella"},"content":{"rendered":"<\/p>\n<p><strong>Cressi-Sub Estrella<\/strong> &#8212; este o masc\u0103 pentru copii pentru snorkeling \u0219i scufund\u0103ri. La costul s\u0103u relativ sc\u0103zut, are caracteristici bune, \u0219i anume un volum mic sub masc\u0103 \u0219i, prin urmare, o vizibilitate bun\u0103. Suportul de sticl\u0103 este fabricat din plastic rezistent la impact. Suportul curelei de g\u00e2t este mobil.<\/p>\n<h3>Particularit\u0103\u021bi<\/h3>\n<ul>\n<li>Masc\u0103 confortabil\u0103 pentru copii<\/li>\n<li>Fusta din silicon asigur\u0103 o potrivire \u0219i o etan\u0219are perfect\u0103<\/li>\n<li>Curea reglabil\u0103 pentru g\u00e2t<\/li>\n<li>Rezisten\u021b\u0103 mecanic\u0103 ridicat\u0103 a ochelarilor<\/li>\n<li>Proeminen\u021b\u0103 nazal\u0103 modelat\u0103<\/li>\n<li>Greutate redus\u0103<\/li>\n<\/ul>\n<h3>Caracteristici<\/h3>\n<ul>\n<li>Material &#8212; sticl\u0103 laminat\u0103, silicon<\/li>\n<li>Scop &#8212; snorkelling \/ scufund\u0103ri \/ piscin\u0103<\/li>\n<li>Num\u0103r de ochelari &#8212; unul<\/li>\n<\/ul>\n<h3>Marca<\/h3>\n<p>Cressi-Sub este unul dintre cei mai importan\u021bi produc\u0103tori de echipamente de snorkelling, scufund\u0103ri \u0219i pescuit subacvatic. Fondat\u0103 \u00een 1946 de fra\u021bii Egidio \u0219i Nanni Cressi, compania dezvolt\u0103 \u0219i lanseaz\u0103 \u00een mod constant noi produse. Istoria scufund\u0103rilor este str\u00e2ns legat\u0103 de cea a Cressi-Sub, iar multe dintre produsele lansate \u00een ultimii 70 de ani au revolu\u021bionat acest tip de activitate \u00een aer liber. Multe dintre inova\u021biile \u0219i inven\u021biile Cressi-Sub au fost adoptate ulterior de mul\u021bi produc\u0103tori de echipamente similare.<\/p>\n<p>Compania a fost \u00eentotdeauna de\u021binut\u0103 privat de familia Cressi. Prin urmare, facilit\u0103\u021bile de produc\u021bie nu sunt situate \u00een \u021b\u0103ri asiatice, ci \u00een ora\u0219ul italian Genova. Cu toate acestea, compania men\u021bine pre\u021buri rezonabile pentru \u00eentreaga gam\u0103 de produse, ceea ce este popular printre scafandrii cu orice buget. Filozofia Cressi este inspira\u021bie \u0219i inova\u021bie, dragoste pentru mare \u0219i produse elegante care \u00eendeplinesc cele mai \u00eenalte standarde de calitate.<\/p>\n<p><\/p>","protected":false},"excerpt":{"rendered":"","protected":false},"featured_media":54379,"comment_status":"open","ping_status":"closed","template":"","meta":{"_acf_changed":false,"inline_featured_image":false},"product_brand":[1451],"product_cat":[171],"product_tag":[],"class_list":{"0":"post-54107","1":"product","2":"type-product","3":"status-publish","4":"has-post-thumbnail","6":"product_brand-cressi-sub","7":"product_cat-diving-mask","9":"first","10":"instock","11":"shipping-taxable","12":"purchasable","13":"product-type-simple"},"acf":[],"yoast_head":"<!-- This site is optimized with the Yoast SEO plugin v27.2 - https:\/\/yoast.com\/product\/yoast-seo-wordpress\/ -->\n<title>\u041c\u0430\u0441\u043a\u0430 Cressi-Sub Estrella - \u041c\u0430\u0433\u0430\u0437\u0438\u043d Xstyle<\/title>\n<meta name=\"description\" content=\"\u041c\u0430\u0441\u043a\u0430 Cressi-Sub Estrella \u0434\u043b\u044f \u0434\u0435\u0442\u0435\u0439 - \u0438\u0434\u0435\u0430\u043b\u044c\u043d\u0430 \u0434\u043b\u044f \u0441\u043d\u043e\u0440\u043a\u043b\u0438\u043d\u0433\u0430 \u0438 \u0434\u0430\u0439\u0432\u0438\u043d\u0433\u0430. \u041e\u0431\u0435\u0441\u043f\u0435\u0447\u0438\u0432\u0430\u0435\u0442 \u043e\u0442\u043b\u0438\u0447\u043d\u0443\u044e \u0432\u0438\u0434\u0438\u043c\u043e\u0441\u0442\u044c \u0438 \u043a\u043e\u043c\u0444\u043e\u0440\u0442, \u043f\u0440\u043e\u0447\u043d\u044b\u0439 \u043f\u043b\u0430\u0441\u0442\u0438\u043a\u043e\u0432\u044b\u0439 \u043a\u0430\u0440\u043a\u0430\u0441.\" \/>\n<meta name=\"robots\" content=\"index, follow, max-snippet:-1, max-image-preview:large, max-video-preview:-1\" \/>\n<link rel=\"canonical\" href=\"https:\/\/xstyle.md\/ro\/produs\/maska-cressi-sub-estrella\/\" \/>\n<meta property=\"og:locale\" content=\"ro_RO\" \/>\n<meta property=\"og:type\" content=\"article\" \/>\n<meta property=\"og:title\" content=\"\u041c\u0430\u0441\u043a\u0430 Cressi-Sub Estrella - \u041c\u0430\u0433\u0430\u0437\u0438\u043d Xstyle\" \/>\n<meta property=\"og:description\" content=\"\u041c\u0430\u0441\u043a\u0430 Cressi-Sub Estrella \u0434\u043b\u044f \u0434\u0435\u0442\u0435\u0439 - \u0438\u0434\u0435\u0430\u043b\u044c\u043d\u0430 \u0434\u043b\u044f \u0441\u043d\u043e\u0440\u043a\u043b\u0438\u043d\u0433\u0430 \u0438 \u0434\u0430\u0439\u0432\u0438\u043d\u0433\u0430. \u041e\u0431\u0435\u0441\u043f\u0435\u0447\u0438\u0432\u0430\u0435\u0442 \u043e\u0442\u043b\u0438\u0447\u043d\u0443\u044e \u0432\u0438\u0434\u0438\u043c\u043e\u0441\u0442\u044c \u0438 \u043a\u043e\u043c\u0444\u043e\u0440\u0442, \u043f\u0440\u043e\u0447\u043d\u044b\u0439 \u043f\u043b\u0430\u0441\u0442\u0438\u043a\u043e\u0432\u044b\u0439 \u043a\u0430\u0440\u043a\u0430\u0441.\" \/>\n<meta property=\"og:url\" content=\"https:\/\/xstyle.md\/ro\/produs\/maska-cressi-sub-estrella\/\" \/>\n<meta property=\"og:site_name\" content=\"\u041c\u0430\u0433\u0430\u0437\u0438\u043d Xstyle\" \/>\n<meta property=\"article:publisher\" content=\"https:\/\/www.facebook.com\/xstylemd\" \/>\n<meta property=\"article:modified_time\" content=\"2025-10-24T09:31:12+00:00\" \/>\n<meta property=\"og:image\" content=\"https:\/\/xstyle.md\/wp-content\/uploads\/2022\/09\/cressi-sub-estrella-clear-pink.jpg\" \/>\n\t<meta property=\"og:image:width\" content=\"1074\" \/>\n\t<meta property=\"og:image:height\" content=\"880\" \/>\n\t<meta property=\"og:image:type\" content=\"image\/jpeg\" \/>\n<meta name=\"twitter:card\" content=\"summary_large_image\" \/>\n<meta name=\"twitter:label1\" content=\"Pre\u021b\" \/>\n\t<meta name=\"twitter:data1\" content=\"770&nbsp;MDL\" \/>\n\t<meta name=\"twitter:label2\" content=\"Disponibilitate\" \/>\n\t<meta name=\"twitter:data2\" content=\"\u00cen stoc\" \/>\n<script type=\"application\/ld+json\" class=\"yoast-schema-graph\">{\"@context\":\"https:\/\/schema.org\",\"@graph\":[{\"@type\":\"WebPage\",\"@id\":\"https:\/\/xstyle.md\/product\/maska-cressi-sub-estrella\/\",\"url\":\"https:\/\/xstyle.md\/product\/maska-cressi-sub-estrella\/\",\"name\":\"\u041c\u0430\u0441\u043a\u0430 Cressi-Sub Estrella - \u041c\u0430\u0433\u0430\u0437\u0438\u043d Xstyle\",\"isPartOf\":{\"@id\":\"https:\/\/xstyle.md\/#website\"},\"primaryImageOfPage\":{\"@id\":\"https:\/\/xstyle.md\/product\/maska-cressi-sub-estrella\/#primaryimage\"},\"image\":{\"@id\":\"https:\/\/xstyle.md\/product\/maska-cressi-sub-estrella\/#primaryimage\"},\"thumbnailUrl\":\"https:\/\/xstyle.md\/wp-content\/uploads\/2022\/09\/cressi-sub-estrella-clear-pink.jpg\",\"datePublished\":\"2022-09-02T15:36:47+00:00\",\"dateModified\":\"2025-10-24T09:31:12+00:00\",\"description\":\"\u041c\u0430\u0441\u043a\u0430 Cressi-Sub Estrella \u0434\u043b\u044f \u0434\u0435\u0442\u0435\u0439 - \u0438\u0434\u0435\u0430\u043b\u044c\u043d\u0430 \u0434\u043b\u044f \u0441\u043d\u043e\u0440\u043a\u043b\u0438\u043d\u0433\u0430 \u0438 \u0434\u0430\u0439\u0432\u0438\u043d\u0433\u0430. \u041e\u0431\u0435\u0441\u043f\u0435\u0447\u0438\u0432\u0430\u0435\u0442 \u043e\u0442\u043b\u0438\u0447\u043d\u0443\u044e \u0432\u0438\u0434\u0438\u043c\u043e\u0441\u0442\u044c \u0438 \u043a\u043e\u043c\u0444\u043e\u0440\u0442, \u043f\u0440\u043e\u0447\u043d\u044b\u0439 \u043f\u043b\u0430\u0441\u0442\u0438\u043a\u043e\u0432\u044b\u0439 \u043a\u0430\u0440\u043a\u0430\u0441.\",\"breadcrumb\":{\"@id\":\"https:\/\/xstyle.md\/product\/maska-cressi-sub-estrella\/#breadcrumb\"},\"inLanguage\":\"ro-RO\",\"potentialAction\":[{\"@type\":\"ReadAction\",\"target\":[\"https:\/\/xstyle.md\/product\/maska-cressi-sub-estrella\/\"]}]},{\"@type\":\"ImageObject\",\"inLanguage\":\"ro-RO\",\"@id\":\"https:\/\/xstyle.md\/product\/maska-cressi-sub-estrella\/#primaryimage\",\"url\":\"https:\/\/xstyle.md\/wp-content\/uploads\/2022\/09\/cressi-sub-estrella-clear-pink.jpg\",\"contentUrl\":\"https:\/\/xstyle.md\/wp-content\/uploads\/2022\/09\/cressi-sub-estrella-clear-pink.jpg\",\"width\":1074,\"height\":880,\"caption\":\"\u041c\u0430\u0441\u043a\u0430 \u0434\u043b\u044f \u043f\u043e\u0434\u0432\u043e\u0434\u043d\u043e\u0433\u043e \u043f\u043b\u0430\u0432\u0430\u043d\u0438\u044f Cressi-Sub Estrella \u0434\u043b\u044f \u0430\u043a\u0442\u0438\u0432\u043d\u043e\u0433\u043e \u043e\u0442\u0434\u044b\u0445\u0430, \u043f\u043e\u0445\u043e\u0434\u043e\u0432 \u0438 \u0434\u0430\u0439\u0432\u0438\u043d\u0433\u0430, \u043f\u043e\u043a\u0443\u043f\u043a\u0430 \u0441\u043f\u043e\u0440\u0442\u0438\u0432\u043d\u043e\u0439 \u043e\u0434\u0435\u0436\u0434\u044b \u0438 \u043e\u0431\u0443\u0432\u0438 \u0434\u043b\u044f \u0442\u0443\u0440\u0438\u0437\u043c\u0430, \u0445\u0430\u0439\u043a\u0438\u043d\u0433\u0430 \u0438 \u043f\u0443\u0442\u0435\u0448\u0435\u0441\u0442\u0432\u0438\u0439\"},{\"@type\":\"BreadcrumbList\",\"@id\":\"https:\/\/xstyle.md\/product\/maska-cressi-sub-estrella\/#breadcrumb\",\"itemListElement\":[{\"@type\":\"ListItem\",\"position\":1,\"name\":\"\u0413\u043b\u0430\u0432\u043d\u0430\u044f \u0441\u0442\u0440\u0430\u043d\u0438\u0446\u0430\",\"item\":\"https:\/\/xstyle.md\/\"},{\"@type\":\"ListItem\",\"position\":2,\"name\":\"\u041c\u0430\u0433\u0430\u0437\u0438\u043d\",\"item\":\"https:\/\/xstyle.md\/shop\/\"},{\"@type\":\"ListItem\",\"position\":3,\"name\":\"\u041c\u0430\u0441\u043a\u0430 Cressi-Sub Estrella\"}]},{\"@type\":\"WebSite\",\"@id\":\"https:\/\/xstyle.md\/#website\",\"url\":\"https:\/\/xstyle.md\/\",\"name\":\"\u041c\u0430\u0433\u0430\u0437\u0438\u043d Xstyle\",\"description\":\"C\u043d\u0430\u0440\u044f\u0436\u0435\u043d\u0438\u0435 \u0434\u043b\u044f \u0442\u0443\u0440\u0438\u0437\u043c\u0430 \u0438 \u044d\u043a\u0441\u0442\u0440\u0435\u043c\u0430\u043b\u044c\u043d\u044b\u0445 \u0432\u0438\u0434\u043e\u0432 \u0441\u043f\u043e\u0440\u0442\u0430 \u0432 \u041c\u043e\u043b\u0434\u043e\u0432\u0435.. \u0426\u0435\u043d\u044b, \u0444\u043e\u0442\u043e, \u0445\u0430\u0440\u0430\u043a\u0442\u0435\u0440\u0438\u0441\u0442\u0438\u043a\u0438 \u0432 \u041c\u043e\u043b\u0434\u043e\u0432\u0435.\",\"publisher\":{\"@id\":\"https:\/\/xstyle.md\/#organization\"},\"alternateName\":\"X-Style\",\"potentialAction\":[{\"@type\":\"SearchAction\",\"target\":{\"@type\":\"EntryPoint\",\"urlTemplate\":\"https:\/\/xstyle.md\/?s={search_term_string}\"},\"query-input\":{\"@type\":\"PropertyValueSpecification\",\"valueRequired\":true,\"valueName\":\"search_term_string\"}}],\"inLanguage\":\"ro-RO\"},{\"@type\":\"Organization\",\"@id\":\"https:\/\/xstyle.md\/#organization\",\"name\":\"\u041c\u0430\u0433\u0430\u0437\u0438\u043d Xstyle\",\"alternateName\":\"x-style\",\"url\":\"https:\/\/xstyle.md\/\",\"logo\":{\"@type\":\"ImageObject\",\"inLanguage\":\"ro-RO\",\"@id\":\"https:\/\/xstyle.md\/#\/schema\/logo\/image\/\",\"url\":\"https:\/\/xstyle.md\/wp-content\/uploads\/2020\/06\/logoicon.svg\",\"contentUrl\":\"https:\/\/xstyle.md\/wp-content\/uploads\/2020\/06\/logoicon.svg\",\"caption\":\"\u041c\u0430\u0433\u0430\u0437\u0438\u043d Xstyle\"},\"image\":{\"@id\":\"https:\/\/xstyle.md\/#\/schema\/logo\/image\/\"},\"sameAs\":[\"https:\/\/www.facebook.com\/xstylemd\",\"https:\/\/www.instagram.com\/xstyle_md\/\",\"https:\/\/t.me\/xstyle_outdoor\"],\"hasMerchantReturnPolicy\":{\"@type\":\"MerchantReturnPolicy\",\"merchantReturnLink\":\"https:\/\/xstyle.md\/ro\/conditions\/\"}}]}<\/script>\n<meta property=\"product:price:amount\" content=\"770.00\" \/>\n<meta property=\"product:price:currency\" content=\"MDL\" \/>\n<meta property=\"og:availability\" content=\"instock\" \/>\n<meta property=\"product:availability\" content=\"instock\" \/>\n<meta property=\"product:retailer_item_id\" content=\"8022983192246\" \/>\n<meta property=\"product:condition\" content=\"new\" \/>\n<!-- \/ Yoast SEO plugin. -->","yoast_head_json":{"title":"Masc\u0103 Cressi-Sub Estrella - Magazin Xstyle","description":"Masca Cressi-Sub Estrella pentru copii - ideal\u0103 pentru snorkeling \u0219i scufund\u0103ri. Ofer\u0103 o vizibilitate excelent\u0103 \u0219i confort, cu un cadru din plastic rezistent.","robots":{"index":"index","follow":"follow","max-snippet":"max-snippet:-1","max-image-preview":"max-image-preview:large","max-video-preview":"max-video-preview:-1"},"canonical":"https:\/\/xstyle.md\/ro\/produs\/maska-cressi-sub-estrella\/","og_locale":"ro_RO","og_type":"article","og_title":"\u041c\u0430\u0441\u043a\u0430 Cressi-Sub Estrella - \u041c\u0430\u0433\u0430\u0437\u0438\u043d Xstyle","og_description":"\u041c\u0430\u0441\u043a\u0430 Cressi-Sub Estrella \u0434\u043b\u044f \u0434\u0435\u0442\u0435\u0439 - \u0438\u0434\u0435\u0430\u043b\u044c\u043d\u0430 \u0434\u043b\u044f \u0441\u043d\u043e\u0440\u043a\u043b\u0438\u043d\u0433\u0430 \u0438 \u0434\u0430\u0439\u0432\u0438\u043d\u0433\u0430. \u041e\u0431\u0435\u0441\u043f\u0435\u0447\u0438\u0432\u0430\u0435\u0442 \u043e\u0442\u043b\u0438\u0447\u043d\u0443\u044e \u0432\u0438\u0434\u0438\u043c\u043e\u0441\u0442\u044c \u0438 \u043a\u043e\u043c\u0444\u043e\u0440\u0442, \u043f\u0440\u043e\u0447\u043d\u044b\u0439 \u043f\u043b\u0430\u0441\u0442\u0438\u043a\u043e\u0432\u044b\u0439 \u043a\u0430\u0440\u043a\u0430\u0441.","og_url":"https:\/\/xstyle.md\/ro\/produs\/maska-cressi-sub-estrella\/","og_site_name":"\u041c\u0430\u0433\u0430\u0437\u0438\u043d Xstyle","article_publisher":"https:\/\/www.facebook.com\/xstylemd","article_modified_time":"2025-10-24T09:31:12+00:00","og_image":[{"width":1074,"height":880,"url":"https:\/\/xstyle.md\/wp-content\/uploads\/2022\/09\/cressi-sub-estrella-clear-pink.jpg","type":"image\/jpeg"}],"twitter_card":"summary_large_image","twitter_misc":{"Pre\u021b":"770&nbsp;MDL","Disponibilitate":"\u00cen stoc"},"schema":{"@context":"https:\/\/schema.org","@graph":[{"@type":"WebPage","@id":"https:\/\/xstyle.md\/product\/maska-cressi-sub-estrella\/","url":"https:\/\/xstyle.md\/product\/maska-cressi-sub-estrella\/","name":"Masc\u0103 Cressi-Sub Estrella - Magazin Xstyle","isPartOf":{"@id":"https:\/\/xstyle.md\/#website"},"primaryImageOfPage":{"@id":"https:\/\/xstyle.md\/product\/maska-cressi-sub-estrella\/#primaryimage"},"image":{"@id":"https:\/\/xstyle.md\/product\/maska-cressi-sub-estrella\/#primaryimage"},"thumbnailUrl":"https:\/\/xstyle.md\/wp-content\/uploads\/2022\/09\/cressi-sub-estrella-clear-pink.jpg","datePublished":"2022-09-02T15:36:47+00:00","dateModified":"2025-10-24T09:31:12+00:00","description":"Masca Cressi-Sub Estrella pentru copii - ideal\u0103 pentru snorkeling \u0219i scufund\u0103ri. Ofer\u0103 o vizibilitate excelent\u0103 \u0219i confort, cu un cadru din plastic rezistent.","breadcrumb":{"@id":"https:\/\/xstyle.md\/product\/maska-cressi-sub-estrella\/#breadcrumb"},"inLanguage":"ro-RO","potentialAction":[{"@type":"ReadAction","target":["https:\/\/xstyle.md\/product\/maska-cressi-sub-estrella\/"]}]},{"@type":"ImageObject","inLanguage":"ro-RO","@id":"https:\/\/xstyle.md\/product\/maska-cressi-sub-estrella\/#primaryimage","url":"https:\/\/xstyle.md\/wp-content\/uploads\/2022\/09\/cressi-sub-estrella-clear-pink.jpg","contentUrl":"https:\/\/xstyle.md\/wp-content\/uploads\/2022\/09\/cressi-sub-estrella-clear-pink.jpg","width":1074,"height":880,"caption":"\u041c\u0430\u0441\u043a\u0430 \u0434\u043b\u044f \u043f\u043e\u0434\u0432\u043e\u0434\u043d\u043e\u0433\u043e \u043f\u043b\u0430\u0432\u0430\u043d\u0438\u044f Cressi-Sub Estrella \u0434\u043b\u044f \u0430\u043a\u0442\u0438\u0432\u043d\u043e\u0433\u043e \u043e\u0442\u0434\u044b\u0445\u0430, \u043f\u043e\u0445\u043e\u0434\u043e\u0432 \u0438 \u0434\u0430\u0439\u0432\u0438\u043d\u0433\u0430, \u043f\u043e\u043a\u0443\u043f\u043a\u0430 \u0441\u043f\u043e\u0440\u0442\u0438\u0432\u043d\u043e\u0439 \u043e\u0434\u0435\u0436\u0434\u044b \u0438 \u043e\u0431\u0443\u0432\u0438 \u0434\u043b\u044f \u0442\u0443\u0440\u0438\u0437\u043c\u0430, \u0445\u0430\u0439\u043a\u0438\u043d\u0433\u0430 \u0438 \u043f\u0443\u0442\u0435\u0448\u0435\u0441\u0442\u0432\u0438\u0439"},{"@type":"BreadcrumbList","@id":"https:\/\/xstyle.md\/product\/maska-cressi-sub-estrella\/#breadcrumb","itemListElement":[{"@type":"ListItem","position":1,"name":"\u0413\u043b\u0430\u0432\u043d\u0430\u044f \u0441\u0442\u0440\u0430\u043d\u0438\u0446\u0430","item":"https:\/\/xstyle.md\/"},{"@type":"ListItem","position":2,"name":"\u041c\u0430\u0433\u0430\u0437\u0438\u043d","item":"https:\/\/xstyle.md\/shop\/"},{"@type":"ListItem","position":3,"name":"\u041c\u0430\u0441\u043a\u0430 Cressi-Sub Estrella"}]},{"@type":"WebSite","@id":"https:\/\/xstyle.md\/#website","url":"https:\/\/xstyle.md\/","name":"Magazinul X-Style","description":"Echipamente pentru turism \u0219i sporturi extreme \u00een Moldova. Pre\u021buri, fotografii, caracteristici \u00een Moldova.","publisher":{"@id":"https:\/\/xstyle.md\/#organization"},"alternateName":"X-Style","potentialAction":[{"@type":"SearchAction","target":{"@type":"EntryPoint","urlTemplate":"https:\/\/xstyle.md\/?s={search_term_string}"},"query-input":{"@type":"PropertyValueSpecification","valueRequired":true,"valueName":"search_term_string"}}],"inLanguage":"ro-RO"},{"@type":"Organization","@id":"https:\/\/xstyle.md\/#organization","name":"Magazinul X-Style","alternateName":"x-style","url":"https:\/\/xstyle.md\/","logo":{"@type":"ImageObject","inLanguage":"ro-RO","@id":"https:\/\/xstyle.md\/#\/schema\/logo\/image\/","url":"https:\/\/xstyle.md\/wp-content\/uploads\/2020\/06\/logoicon.svg","contentUrl":"https:\/\/xstyle.md\/wp-content\/uploads\/2020\/06\/logoicon.svg","caption":"\u041c\u0430\u0433\u0430\u0437\u0438\u043d Xstyle"},"image":{"@id":"https:\/\/xstyle.md\/#\/schema\/logo\/image\/"},"sameAs":["https:\/\/www.facebook.com\/xstylemd","https:\/\/www.instagram.com\/xstyle_md\/","https:\/\/t.me\/xstyle_outdoor"],"hasMerchantReturnPolicy":{"@type":"MerchantReturnPolicy","merchantReturnLink":"https:\/\/xstyle.md\/ro\/conditions\/"}}]},"product_price_amount":"770.00","product_price_currency":"MDL","og_availability":"instock","product_availability":"instock","product_retailer_item_id":"8022983192246","product_condition":"new"},"post_mailing_queue_ids":[],"_links":{"self":[{"href":"https:\/\/xstyle.md\/ro\/wp-json\/wp\/v2\/product\/54107","targetHints":{"allow":["GET"]}}],"collection":[{"href":"https:\/\/xstyle.md\/ro\/wp-json\/wp\/v2\/product"}],"about":[{"href":"https:\/\/xstyle.md\/ro\/wp-json\/wp\/v2\/types\/product"}],"replies":[{"embeddable":true,"href":"https:\/\/xstyle.md\/ro\/wp-json\/wp\/v2\/comments?post=54107"}],"wp:featuredmedia":[{"embeddable":true,"href":"https:\/\/xstyle.md\/ro\/wp-json\/wp\/v2\/media\/54379"}],"wp:attachment":[{"href":"https:\/\/xstyle.md\/ro\/wp-json\/wp\/v2\/media?parent=54107"}],"wp:term":[{"taxonomy":"product_brand","embeddable":true,"href":"https:\/\/xstyle.md\/ro\/wp-json\/wp\/v2\/product_brand?post=54107"},{"taxonomy":"product_cat","embeddable":true,"href":"https:\/\/xstyle.md\/ro\/wp-json\/wp\/v2\/product_cat?post=54107"},{"taxonomy":"product_tag","embeddable":true,"href":"https:\/\/xstyle.md\/ro\/wp-json\/wp\/v2\/product_tag?post=54107"}],"curies":[{"name":"wp","href":"https:\/\/api.w.org\/{rel}","templated":true}]}}