{"id":54100,"date":"2022-09-02T18:36:46","date_gmt":"2022-09-02T15:36:46","guid":{"rendered":"https:\/\/xstyle.md\/?post_type=product&#038;p=54100"},"modified":"2025-12-18T16:53:10","modified_gmt":"2025-12-18T13:53:10","slug":"lasty-cressi-sub-reaction-pro-fins-blue-azure","status":"publish","type":"product","link":"https:\/\/xstyle.md\/ro\/produs\/lasty-cressi-sub-reaction-pro-fins-blue-azure\/","title":{"rendered":"Labe inot Cressi-Sub Reaction Pro blue\/azure"},"content":{"rendered":"<\/p>\n<p><strong>Cressi-Sub Reaction Pro Fins blue\/azure<\/strong> &#8212; aripioare universale pentru scufund\u0103ri. Aripioarele au o lam\u0103 mai lung\u0103, care direc\u021bioneaz\u0103 eficient fluxurile de ap\u0103 \u0219i previne oboseala timpurie a picioarelor dumneavoastr\u0103. Aripioarele sunt realizate din material cu trei componente, oferind confort \u0219i flexibilitate \u00een zona c\u0103lc\u00e2iului \u0219i a paletei. Talpa din cauciuc termic asigur\u0103 o aderen\u021b\u0103 ferm\u0103 \u0219i previne alunecarea. Pot fi purtate cu sau f\u0103r\u0103 \u0219osete de neopren.<\/p>\n<h3>Particularit\u0103\u021bi<\/h3>\n<ul>\n<li>Lam\u0103 lung\u0103 pentru o eficien\u021b\u0103 mai mare<\/li>\n<li>Galoane confortabile din elastomer extrem de moale<\/li>\n<li>La mod\u0103 pentru a fi purta\u021bi cu \u0219osete din neopren.<\/li>\n<\/ul>\n<h3>Caracteristici<\/h3>\n<ul>\n<li>Material &#8212; termoplastic, cauciuc<\/li>\n<li>Destina\u021bie &#8212; scufund\u0103ri\/aprindere liber\u0103<\/li>\n<li>Rigiditate &#8212; medie<\/li>\n<li>Tip de lam\u0103 &#8212; neventilate<\/li>\n<li>Tipul tocului &#8212; \u00eenchis.<\/li>\n<\/ul>\n<h3>Marca<\/h3>\n<p>Cressi-Sub \u2014 unul dintre cei mai importan\u021bi produc\u0103tori de echipamente de snorkelling, scufund\u0103ri \u0219i spearfishing. \u00cenfiin\u021bat\u0103 \u00een 1946 de fra\u021bii Egidio \u0219i Nanni Cressi, compania evolueaz\u0103 \u00een mod constant \u0219i lanseaz\u0103 produse noi. Istoria scufund\u0103rilor \u00een sine este str\u00e2ns legat\u0103 de cea a companiei Cressi-Sub, iar multe dintre produsele lansate \u00een ultimii 70 de ani au revolu\u021bionat acest tip de activitate \u00een aer liber. Multe dintre inova\u021biile \u0219i inven\u021biile Cressi-Sub au fost adoptate ulterior de mul\u021bi produc\u0103tori de echipamente similare.<\/p>\n<p>Firma a fost \u00eentotdeauna de\u021binut\u0103 \u00een proprietate privat\u0103 de familia Cressi. Prin urmare, facilit\u0103\u021bile de produc\u021bie nu sunt situate \u00een \u021b\u0103rile asiatice, ci \u00een Genova, Italia. Cu toate acestea, compania men\u021bine pre\u021buri rezonabile pentru \u00eentreaga gam\u0103 de produse, care sunt populare \u00een r\u00e2ndul scafandrilor cu orice buget. Filozofia Cressi este inspira\u021bia \u0219i inova\u021bia, dragostea pentru mare \u0219i produse elegante care \u00eendeplinesc cele mai \u00eenalte standarde de calitate.<\/p>\n<p><\/p>","protected":false},"excerpt":{"rendered":"","protected":false},"featured_media":54331,"comment_status":"open","ping_status":"closed","template":"","meta":{"_acf_changed":false,"inline_featured_image":false},"product_brand":[1451],"product_cat":[179],"product_tag":[],"class_list":{"0":"post-54100","1":"product","2":"type-product","3":"status-publish","4":"has-post-thumbnail","6":"product_brand-cressi-sub","7":"product_cat-flippers","9":"first","10":"instock","11":"shipping-taxable","12":"purchasable","13":"product-type-simple"},"acf":[],"yoast_head":"<!-- This site is optimized with the Yoast SEO plugin v27.2 - https:\/\/yoast.com\/product\/yoast-seo-wordpress\/ -->\n<title>\u041b\u0430\u0441\u0442\u044b Cressi-Sub Reaction Pro blue\/azure - \u041c\u0430\u0433\u0430\u0437\u0438\u043d Xstyle<\/title>\n<meta name=\"description\" content=\"\u0423\u043d\u0438\u0432\u0435\u0440\u0441\u0430\u043b\u044c\u043d\u044b\u0435 \u043b\u0430\u0441\u0442\u044b Cressi-Sub Reaction Pro blue\/azure \u043e\u0431\u0435\u0441\u043f\u0435\u0447\u0438\u0432\u0430\u044e\u0442 \u043a\u043e\u043c\u0444\u043e\u0440\u0442 \u0438 \u044d\u0444\u0444\u0435\u043a\u0442\u0438\u0432\u043d\u043e\u0441\u0442\u044c \u043f\u0440\u0438 \u043f\u043e\u0433\u0440\u0443\u0436\u0435\u043d\u0438\u044f\u0445. \u0414\u043e\u043b\u0433\u043e\u0432\u0435\u0447\u043d\u044b\u0435, \u043b\u0435\u0433\u043a\u0438\u0435 \u0438 \u0443\u0434\u043e\u0431\u043d\u044b\u0435 \u0432 \u0438\u0441\u043f\u043e\u043b\u044c\u0437\u043e\u0432\u0430\u043d\u0438\u0438!\" \/>\n<meta name=\"robots\" content=\"index, follow, max-snippet:-1, max-image-preview:large, max-video-preview:-1\" \/>\n<link rel=\"canonical\" href=\"https:\/\/xstyle.md\/ro\/produs\/lasty-cressi-sub-reaction-pro-fins-blue-azure\/\" \/>\n<meta property=\"og:locale\" content=\"ro_RO\" \/>\n<meta property=\"og:type\" content=\"article\" \/>\n<meta property=\"og:title\" content=\"\u041b\u0430\u0441\u0442\u044b Cressi-Sub Reaction Pro blue\/azure - \u041c\u0430\u0433\u0430\u0437\u0438\u043d Xstyle\" \/>\n<meta property=\"og:description\" content=\"\u0423\u043d\u0438\u0432\u0435\u0440\u0441\u0430\u043b\u044c\u043d\u044b\u0435 \u043b\u0430\u0441\u0442\u044b Cressi-Sub Reaction Pro blue\/azure \u043e\u0431\u0435\u0441\u043f\u0435\u0447\u0438\u0432\u0430\u044e\u0442 \u043a\u043e\u043c\u0444\u043e\u0440\u0442 \u0438 \u044d\u0444\u0444\u0435\u043a\u0442\u0438\u0432\u043d\u043e\u0441\u0442\u044c \u043f\u0440\u0438 \u043f\u043e\u0433\u0440\u0443\u0436\u0435\u043d\u0438\u044f\u0445. \u0414\u043e\u043b\u0433\u043e\u0432\u0435\u0447\u043d\u044b\u0435, \u043b\u0435\u0433\u043a\u0438\u0435 \u0438 \u0443\u0434\u043e\u0431\u043d\u044b\u0435 \u0432 \u0438\u0441\u043f\u043e\u043b\u044c\u0437\u043e\u0432\u0430\u043d\u0438\u0438!\" \/>\n<meta property=\"og:url\" content=\"https:\/\/xstyle.md\/ro\/produs\/lasty-cressi-sub-reaction-pro-fins-blue-azure\/\" \/>\n<meta property=\"og:site_name\" content=\"\u041c\u0430\u0433\u0430\u0437\u0438\u043d Xstyle\" \/>\n<meta property=\"article:publisher\" content=\"https:\/\/www.facebook.com\/xstylemd\" \/>\n<meta property=\"article:modified_time\" content=\"2025-12-18T13:53:10+00:00\" \/>\n<meta property=\"og:image\" content=\"https:\/\/xstyle.md\/wp-content\/uploads\/2022\/09\/cressi-sub-reaction-pro-fins-blueazure.jpg\" \/>\n\t<meta property=\"og:image:width\" content=\"1382\" \/>\n\t<meta property=\"og:image:height\" content=\"1376\" \/>\n\t<meta property=\"og:image:type\" content=\"image\/jpeg\" \/>\n<meta name=\"twitter:card\" content=\"summary_large_image\" \/>\n<meta name=\"twitter:label1\" content=\"Pre\u021b\" \/>\n\t<meta name=\"twitter:data1\" content=\"1.470&nbsp;MDL\" \/>\n\t<meta name=\"twitter:label2\" content=\"Disponibilitate\" \/>\n\t<meta name=\"twitter:data2\" content=\"\u00cen stoc\" \/>\n<script type=\"application\/ld+json\" class=\"yoast-schema-graph\">{\"@context\":\"https:\/\/schema.org\",\"@graph\":[{\"@type\":\"WebPage\",\"@id\":\"https:\/\/xstyle.md\/product\/lasty-cressi-sub-reaction-pro-fins-blue-azure\/\",\"url\":\"https:\/\/xstyle.md\/product\/lasty-cressi-sub-reaction-pro-fins-blue-azure\/\",\"name\":\"\u041b\u0430\u0441\u0442\u044b Cressi-Sub Reaction Pro blue\/azure - \u041c\u0430\u0433\u0430\u0437\u0438\u043d Xstyle\",\"isPartOf\":{\"@id\":\"https:\/\/xstyle.md\/#website\"},\"primaryImageOfPage\":{\"@id\":\"https:\/\/xstyle.md\/product\/lasty-cressi-sub-reaction-pro-fins-blue-azure\/#primaryimage\"},\"image\":{\"@id\":\"https:\/\/xstyle.md\/product\/lasty-cressi-sub-reaction-pro-fins-blue-azure\/#primaryimage\"},\"thumbnailUrl\":\"https:\/\/xstyle.md\/wp-content\/uploads\/2022\/09\/cressi-sub-reaction-pro-fins-blueazure.jpg\",\"datePublished\":\"2022-09-02T15:36:46+00:00\",\"dateModified\":\"2025-12-18T13:53:10+00:00\",\"description\":\"\u0423\u043d\u0438\u0432\u0435\u0440\u0441\u0430\u043b\u044c\u043d\u044b\u0435 \u043b\u0430\u0441\u0442\u044b Cressi-Sub Reaction Pro blue\/azure \u043e\u0431\u0435\u0441\u043f\u0435\u0447\u0438\u0432\u0430\u044e\u0442 \u043a\u043e\u043c\u0444\u043e\u0440\u0442 \u0438 \u044d\u0444\u0444\u0435\u043a\u0442\u0438\u0432\u043d\u043e\u0441\u0442\u044c \u043f\u0440\u0438 \u043f\u043e\u0433\u0440\u0443\u0436\u0435\u043d\u0438\u044f\u0445. \u0414\u043e\u043b\u0433\u043e\u0432\u0435\u0447\u043d\u044b\u0435, \u043b\u0435\u0433\u043a\u0438\u0435 \u0438 \u0443\u0434\u043e\u0431\u043d\u044b\u0435 \u0432 \u0438\u0441\u043f\u043e\u043b\u044c\u0437\u043e\u0432\u0430\u043d\u0438\u0438!\",\"breadcrumb\":{\"@id\":\"https:\/\/xstyle.md\/product\/lasty-cressi-sub-reaction-pro-fins-blue-azure\/#breadcrumb\"},\"inLanguage\":\"ro-RO\",\"potentialAction\":[{\"@type\":\"ReadAction\",\"target\":[\"https:\/\/xstyle.md\/product\/lasty-cressi-sub-reaction-pro-fins-blue-azure\/\"]}]},{\"@type\":\"ImageObject\",\"inLanguage\":\"ro-RO\",\"@id\":\"https:\/\/xstyle.md\/product\/lasty-cressi-sub-reaction-pro-fins-blue-azure\/#primaryimage\",\"url\":\"https:\/\/xstyle.md\/wp-content\/uploads\/2022\/09\/cressi-sub-reaction-pro-fins-blueazure.jpg\",\"contentUrl\":\"https:\/\/xstyle.md\/wp-content\/uploads\/2022\/09\/cressi-sub-reaction-pro-fins-blueazure.jpg\",\"width\":1382,\"height\":1376,\"caption\":\"\u041a\u0443\u043f\u0430\u043b\u044c\u043d\u044b\u0435 \u043b\u0430\u0441\u0442\u044b Cressi-Sub Reaction Pro \u0434\u043b\u044f \u0430\u043a\u0442\u0438\u0432\u043d\u043e\u0433\u043e \u043e\u0442\u0434\u044b\u0445\u0430 \u043f\u043b\u0430\u0432\u0430\u043d\u0438\u0435 \u0434\u0430\u0439\u0432\u0438\u043d\u0433 \u043f\u0443\u0442\u0435\u0448\u0435\u0441\u0442\u0432\u0438\u044f \u0441\u0438\u043d\u0438\u0435 \u0438 \u043b\u0430\u0437\u0443\u0440\u043d\u044b\u0435 \u0434\u043b\u044f \u0430\u043a\u0442\u0438\u0432\u043d\u043e\u0433\u043e \u043e\u0431\u0440\u0430\u0437\u0430 \u0436\u0438\u0437\u043d\u0438 \u043e\u0431\u0443\u0432\u044c \u0434\u043b\u044f \u043f\u043e\u0445\u043e\u0434\u043e\u0432 \u0430\u043b\u044c\u043f\u0438\u043d\u0438\u0437\u043c\u0430 \u0438 \u0442\u0443\u0440\u0438\u0437\u043c\u0430\"},{\"@type\":\"BreadcrumbList\",\"@id\":\"https:\/\/xstyle.md\/product\/lasty-cressi-sub-reaction-pro-fins-blue-azure\/#breadcrumb\",\"itemListElement\":[{\"@type\":\"ListItem\",\"position\":1,\"name\":\"\u0413\u043b\u0430\u0432\u043d\u0430\u044f \u0441\u0442\u0440\u0430\u043d\u0438\u0446\u0430\",\"item\":\"https:\/\/xstyle.md\/\"},{\"@type\":\"ListItem\",\"position\":2,\"name\":\"\u041c\u0430\u0433\u0430\u0437\u0438\u043d\",\"item\":\"https:\/\/xstyle.md\/shop\/\"},{\"@type\":\"ListItem\",\"position\":3,\"name\":\"\u041b\u0430\u0441\u0442\u044b Cressi-Sub Reaction Pro blue\/azure\"}]},{\"@type\":\"WebSite\",\"@id\":\"https:\/\/xstyle.md\/#website\",\"url\":\"https:\/\/xstyle.md\/\",\"name\":\"\u041c\u0430\u0433\u0430\u0437\u0438\u043d Xstyle\",\"description\":\"C\u043d\u0430\u0440\u044f\u0436\u0435\u043d\u0438\u0435 \u0434\u043b\u044f \u0442\u0443\u0440\u0438\u0437\u043c\u0430 \u0438 \u044d\u043a\u0441\u0442\u0440\u0435\u043c\u0430\u043b\u044c\u043d\u044b\u0445 \u0432\u0438\u0434\u043e\u0432 \u0441\u043f\u043e\u0440\u0442\u0430 \u0432 \u041c\u043e\u043b\u0434\u043e\u0432\u0435.. \u0426\u0435\u043d\u044b, \u0444\u043e\u0442\u043e, \u0445\u0430\u0440\u0430\u043a\u0442\u0435\u0440\u0438\u0441\u0442\u0438\u043a\u0438 \u0432 \u041c\u043e\u043b\u0434\u043e\u0432\u0435.\",\"publisher\":{\"@id\":\"https:\/\/xstyle.md\/#organization\"},\"alternateName\":\"X-Style\",\"potentialAction\":[{\"@type\":\"SearchAction\",\"target\":{\"@type\":\"EntryPoint\",\"urlTemplate\":\"https:\/\/xstyle.md\/?s={search_term_string}\"},\"query-input\":{\"@type\":\"PropertyValueSpecification\",\"valueRequired\":true,\"valueName\":\"search_term_string\"}}],\"inLanguage\":\"ro-RO\"},{\"@type\":\"Organization\",\"@id\":\"https:\/\/xstyle.md\/#organization\",\"name\":\"\u041c\u0430\u0433\u0430\u0437\u0438\u043d Xstyle\",\"alternateName\":\"x-style\",\"url\":\"https:\/\/xstyle.md\/\",\"logo\":{\"@type\":\"ImageObject\",\"inLanguage\":\"ro-RO\",\"@id\":\"https:\/\/xstyle.md\/#\/schema\/logo\/image\/\",\"url\":\"https:\/\/xstyle.md\/wp-content\/uploads\/2020\/06\/logoicon.svg\",\"contentUrl\":\"https:\/\/xstyle.md\/wp-content\/uploads\/2020\/06\/logoicon.svg\",\"caption\":\"\u041c\u0430\u0433\u0430\u0437\u0438\u043d Xstyle\"},\"image\":{\"@id\":\"https:\/\/xstyle.md\/#\/schema\/logo\/image\/\"},\"sameAs\":[\"https:\/\/www.facebook.com\/xstylemd\",\"https:\/\/www.instagram.com\/xstyle_md\/\",\"https:\/\/t.me\/xstyle_outdoor\"],\"hasMerchantReturnPolicy\":{\"@type\":\"MerchantReturnPolicy\",\"merchantReturnLink\":\"https:\/\/xstyle.md\/ro\/conditions\/\"}}]}<\/script>\n<meta property=\"product:price:amount\" content=\"1470.00\" \/>\n<meta property=\"product:price:currency\" content=\"MDL\" \/>\n<meta property=\"og:availability\" content=\"instock\" \/>\n<meta property=\"product:availability\" content=\"instock\" \/>\n<meta property=\"product:retailer_item_id\" content=\"8022983033693\" \/>\n<meta property=\"product:condition\" content=\"new\" \/>\n<!-- \/ Yoast SEO plugin. -->","yoast_head_json":{"title":"\u041b\u0430\u0441\u0442\u044b Cressi-Sub Reaction Pro blue\/azure - \u041c\u0430\u0433\u0430\u0437\u0438\u043d Xstyle","description":"Labele universale Cressi-Sub Reaction Pro blue\/azure ofer\u0103 confort \u0219i eficien\u021b\u0103 \u00een timpul scufund\u0103rilor. Sunt durabile, u\u0219oare \u0219i facile de utilizat!","robots":{"index":"index","follow":"follow","max-snippet":"max-snippet:-1","max-image-preview":"max-image-preview:large","max-video-preview":"max-video-preview:-1"},"canonical":"https:\/\/xstyle.md\/ro\/produs\/lasty-cressi-sub-reaction-pro-fins-blue-azure\/","og_locale":"ro_RO","og_type":"article","og_title":"\u041b\u0430\u0441\u0442\u044b Cressi-Sub Reaction Pro blue\/azure - \u041c\u0430\u0433\u0430\u0437\u0438\u043d Xstyle","og_description":"\u0423\u043d\u0438\u0432\u0435\u0440\u0441\u0430\u043b\u044c\u043d\u044b\u0435 \u043b\u0430\u0441\u0442\u044b Cressi-Sub Reaction Pro blue\/azure \u043e\u0431\u0435\u0441\u043f\u0435\u0447\u0438\u0432\u0430\u044e\u0442 \u043a\u043e\u043c\u0444\u043e\u0440\u0442 \u0438 \u044d\u0444\u0444\u0435\u043a\u0442\u0438\u0432\u043d\u043e\u0441\u0442\u044c \u043f\u0440\u0438 \u043f\u043e\u0433\u0440\u0443\u0436\u0435\u043d\u0438\u044f\u0445. \u0414\u043e\u043b\u0433\u043e\u0432\u0435\u0447\u043d\u044b\u0435, \u043b\u0435\u0433\u043a\u0438\u0435 \u0438 \u0443\u0434\u043e\u0431\u043d\u044b\u0435 \u0432 \u0438\u0441\u043f\u043e\u043b\u044c\u0437\u043e\u0432\u0430\u043d\u0438\u0438!","og_url":"https:\/\/xstyle.md\/ro\/produs\/lasty-cressi-sub-reaction-pro-fins-blue-azure\/","og_site_name":"\u041c\u0430\u0433\u0430\u0437\u0438\u043d Xstyle","article_publisher":"https:\/\/www.facebook.com\/xstylemd","article_modified_time":"2025-12-18T13:53:10+00:00","og_image":[{"width":1382,"height":1376,"url":"https:\/\/xstyle.md\/wp-content\/uploads\/2022\/09\/cressi-sub-reaction-pro-fins-blueazure.jpg","type":"image\/jpeg"}],"twitter_card":"summary_large_image","twitter_misc":{"Pre\u021b":"1.470&nbsp;MDL","Disponibilitate":"\u00cen stoc"},"schema":{"@context":"https:\/\/schema.org","@graph":[{"@type":"WebPage","@id":"https:\/\/xstyle.md\/product\/lasty-cressi-sub-reaction-pro-fins-blue-azure\/","url":"https:\/\/xstyle.md\/product\/lasty-cressi-sub-reaction-pro-fins-blue-azure\/","name":"\u041b\u0430\u0441\u0442\u044b Cressi-Sub Reaction Pro blue\/azure - \u041c\u0430\u0433\u0430\u0437\u0438\u043d Xstyle","isPartOf":{"@id":"https:\/\/xstyle.md\/#website"},"primaryImageOfPage":{"@id":"https:\/\/xstyle.md\/product\/lasty-cressi-sub-reaction-pro-fins-blue-azure\/#primaryimage"},"image":{"@id":"https:\/\/xstyle.md\/product\/lasty-cressi-sub-reaction-pro-fins-blue-azure\/#primaryimage"},"thumbnailUrl":"https:\/\/xstyle.md\/wp-content\/uploads\/2022\/09\/cressi-sub-reaction-pro-fins-blueazure.jpg","datePublished":"2022-09-02T15:36:46+00:00","dateModified":"2025-12-18T13:53:10+00:00","description":"Labele universale Cressi-Sub Reaction Pro blue\/azure ofer\u0103 confort \u0219i eficien\u021b\u0103 \u00een timpul scufund\u0103rilor. Sunt durabile, u\u0219oare \u0219i facile de utilizat!","breadcrumb":{"@id":"https:\/\/xstyle.md\/product\/lasty-cressi-sub-reaction-pro-fins-blue-azure\/#breadcrumb"},"inLanguage":"ro-RO","potentialAction":[{"@type":"ReadAction","target":["https:\/\/xstyle.md\/product\/lasty-cressi-sub-reaction-pro-fins-blue-azure\/"]}]},{"@type":"ImageObject","inLanguage":"ro-RO","@id":"https:\/\/xstyle.md\/product\/lasty-cressi-sub-reaction-pro-fins-blue-azure\/#primaryimage","url":"https:\/\/xstyle.md\/wp-content\/uploads\/2022\/09\/cressi-sub-reaction-pro-fins-blueazure.jpg","contentUrl":"https:\/\/xstyle.md\/wp-content\/uploads\/2022\/09\/cressi-sub-reaction-pro-fins-blueazure.jpg","width":1382,"height":1376,"caption":"\u041a\u0443\u043f\u0430\u043b\u044c\u043d\u044b\u0435 \u043b\u0430\u0441\u0442\u044b Cressi-Sub Reaction Pro \u0434\u043b\u044f \u0430\u043a\u0442\u0438\u0432\u043d\u043e\u0433\u043e \u043e\u0442\u0434\u044b\u0445\u0430 \u043f\u043b\u0430\u0432\u0430\u043d\u0438\u0435 \u0434\u0430\u0439\u0432\u0438\u043d\u0433 \u043f\u0443\u0442\u0435\u0448\u0435\u0441\u0442\u0432\u0438\u044f \u0441\u0438\u043d\u0438\u0435 \u0438 \u043b\u0430\u0437\u0443\u0440\u043d\u044b\u0435 \u0434\u043b\u044f \u0430\u043a\u0442\u0438\u0432\u043d\u043e\u0433\u043e \u043e\u0431\u0440\u0430\u0437\u0430 \u0436\u0438\u0437\u043d\u0438 \u043e\u0431\u0443\u0432\u044c \u0434\u043b\u044f \u043f\u043e\u0445\u043e\u0434\u043e\u0432 \u0430\u043b\u044c\u043f\u0438\u043d\u0438\u0437\u043c\u0430 \u0438 \u0442\u0443\u0440\u0438\u0437\u043c\u0430"},{"@type":"BreadcrumbList","@id":"https:\/\/xstyle.md\/product\/lasty-cressi-sub-reaction-pro-fins-blue-azure\/#breadcrumb","itemListElement":[{"@type":"ListItem","position":1,"name":"\u0413\u043b\u0430\u0432\u043d\u0430\u044f \u0441\u0442\u0440\u0430\u043d\u0438\u0446\u0430","item":"https:\/\/xstyle.md\/"},{"@type":"ListItem","position":2,"name":"\u041c\u0430\u0433\u0430\u0437\u0438\u043d","item":"https:\/\/xstyle.md\/shop\/"},{"@type":"ListItem","position":3,"name":"\u041b\u0430\u0441\u0442\u044b Cressi-Sub Reaction Pro blue\/azure"}]},{"@type":"WebSite","@id":"https:\/\/xstyle.md\/#website","url":"https:\/\/xstyle.md\/","name":"Magazinul X-Style","description":"Echipamente pentru turism \u0219i sporturi extreme \u00een Moldova. Pre\u021buri, fotografii, caracteristici \u00een Moldova.","publisher":{"@id":"https:\/\/xstyle.md\/#organization"},"alternateName":"X-Style","potentialAction":[{"@type":"SearchAction","target":{"@type":"EntryPoint","urlTemplate":"https:\/\/xstyle.md\/?s={search_term_string}"},"query-input":{"@type":"PropertyValueSpecification","valueRequired":true,"valueName":"search_term_string"}}],"inLanguage":"ro-RO"},{"@type":"Organization","@id":"https:\/\/xstyle.md\/#organization","name":"Magazinul X-Style","alternateName":"x-style","url":"https:\/\/xstyle.md\/","logo":{"@type":"ImageObject","inLanguage":"ro-RO","@id":"https:\/\/xstyle.md\/#\/schema\/logo\/image\/","url":"https:\/\/xstyle.md\/wp-content\/uploads\/2020\/06\/logoicon.svg","contentUrl":"https:\/\/xstyle.md\/wp-content\/uploads\/2020\/06\/logoicon.svg","caption":"\u041c\u0430\u0433\u0430\u0437\u0438\u043d Xstyle"},"image":{"@id":"https:\/\/xstyle.md\/#\/schema\/logo\/image\/"},"sameAs":["https:\/\/www.facebook.com\/xstylemd","https:\/\/www.instagram.com\/xstyle_md\/","https:\/\/t.me\/xstyle_outdoor"],"hasMerchantReturnPolicy":{"@type":"MerchantReturnPolicy","merchantReturnLink":"https:\/\/xstyle.md\/ro\/conditions\/"}}]},"product_price_amount":"1470.00","product_price_currency":"MDL","og_availability":"instock","product_availability":"instock","product_retailer_item_id":"8022983033693","product_condition":"new"},"post_mailing_queue_ids":[],"_links":{"self":[{"href":"https:\/\/xstyle.md\/ro\/wp-json\/wp\/v2\/product\/54100","targetHints":{"allow":["GET"]}}],"collection":[{"href":"https:\/\/xstyle.md\/ro\/wp-json\/wp\/v2\/product"}],"about":[{"href":"https:\/\/xstyle.md\/ro\/wp-json\/wp\/v2\/types\/product"}],"replies":[{"embeddable":true,"href":"https:\/\/xstyle.md\/ro\/wp-json\/wp\/v2\/comments?post=54100"}],"wp:featuredmedia":[{"embeddable":true,"href":"https:\/\/xstyle.md\/ro\/wp-json\/wp\/v2\/media\/54331"}],"wp:attachment":[{"href":"https:\/\/xstyle.md\/ro\/wp-json\/wp\/v2\/media?parent=54100"}],"wp:term":[{"taxonomy":"product_brand","embeddable":true,"href":"https:\/\/xstyle.md\/ro\/wp-json\/wp\/v2\/product_brand?post=54100"},{"taxonomy":"product_cat","embeddable":true,"href":"https:\/\/xstyle.md\/ro\/wp-json\/wp\/v2\/product_cat?post=54100"},{"taxonomy":"product_tag","embeddable":true,"href":"https:\/\/xstyle.md\/ro\/wp-json\/wp\/v2\/product_tag?post=54100"}],"curies":[{"name":"wp","href":"https:\/\/api.w.org\/{rel}","templated":true}]}}