{"id":54097,"date":"2022-09-02T18:36:45","date_gmt":"2022-09-02T15:36:45","guid":{"rendered":"https:\/\/xstyle.md\/?post_type=product&#038;p=54097"},"modified":"2025-12-18T16:53:05","modified_gmt":"2025-12-18T13:53:05","slug":"lasty-cressi-sub-maui-fins-black-blue","status":"publish","type":"product","link":"https:\/\/xstyle.md\/ro\/produs\/lasty-cressi-sub-maui-fins-black-blue\/","title":{"rendered":"Labe inot Cressi-Sub Maui black\/blue"},"content":{"rendered":"<\/p>\n<p><strong>Cressi-Sub Maui Fins black\/blue<\/strong> &#8212; sunt aripioare reglabile speciale pentru utilizare descul\u021b sau \u00een cizme cu \u0219osete, versatile pentru scufund\u0103ri cu echipament u\u0219or \u0219i snorkelling, precum \u0219i pentru orice activit\u0103\u021bi acvatice care necesit\u0103 aripioare manevrabile, manevrabile \u0219i u\u0219or de pus \u0219i scos.<\/p>\n<p>Buzunarul pentru picioare are o anatomie ingenios conceput\u0103 pentru a acomoda trei m\u0103rimi de picior \u00een mod confortabil \u0219i f\u0103r\u0103 jocuri deranjante, datorit\u0103 unui spa\u021biu interior special stilizat, combinat cu un material cu un raport excelent \u00eentre consisten\u021b\u0103 \u0219i elasticitate. Talpa semi-rigid\u0103 cu inser\u021bii antiderapante asigur\u0103 un bun transfer de energie de la picior la lam\u0103. Cap\u0103tul buzunarului pentru picior este prev\u0103zut cu o gaur\u0103 pentru a evita efectul de aspira\u021bie al buzunarului pentru picior \u0219i pentru a facilita instalarea \u0219i \u00eendep\u0103rtarea acestuia.<\/p>\n<p>Rezultatul este o aripioar\u0103 neobi\u0219nuit\u0103 din punct de vedere practic, care se adapteaz\u0103 la aproape toate picioarele \u0219i care permite \u00eembr\u0103carea \u0219i desc\u0103l\u021barea rapid\u0103 \u0219i u\u0219oar\u0103 \u00een orice situa\u021bie. Este foarte versatil\u0103 pentru mai mul\u021bi membri ai familiei sau pentru un grup de prieteni \u0219i prezint\u0103 mari avantaje atunci c\u00e2nd este depozitat\u0103 \u00een centre de scufund\u0103ri sau \u00eenchiriat\u0103.<\/p>\n<p>Lama, nervoas\u0103 \u0219i u\u0219oar\u0103, ofer\u0103 un swing pl\u0103cut, reactiv \u0219i stabil datorit\u0103 utiliz\u0103rii polipropilenei cu modul ridicat \u0219i a unei geometrii inteligente de materiale \u0219i grosimi diferite derivate din cele mai tehnice aripioare Cressi. Maui a fost dezvoltat\u0103 folosind aceea\u0219i tehnologie sofisticat\u0103 de care au fost pionieri modelele Impulse \u0219i Sprint. Geometria \u0219i distribu\u021bia de grosimi \u0219i materiale ale lamei o face s\u0103 se flexeze, cre\u00e2nd un &#171;efect de lingur\u0103&#187;, cu \u00eentoarcerea curburii \u00een dou\u0103 faze, oferind o putere de propulsie uimitoare.<\/p>\n<p>Principalele caracteristici ale aripioarei Maui sunt u\u0219oare \u0219i u\u0219or de utilizat, chiar \u0219i pentru cei cu picioare neantrenate. Greutatea \u0219i dimensiunile sale o fac u\u0219or de depozitat, f\u0103r\u0103 a sacrifica performan\u021ba.<\/p>\n<p>Sistemul de catarame EBS reduce nevoia de dimensionare \u0219i faciliteaz\u0103 foarte mult confortul \u0219i potrivirea. \u00cenveli\u0219ul din material textil al curelei EBS previne deteriorarea elementelor elastice. Tocul este fabricat din cauciuc moale \u0219i anatomic.<\/p>\n<p>\u00cen timp ce EBS \u00een sine ofer\u0103 o mare adaptabilitate \u0219i face ca montarea aripioarelor s\u0103 fie deosebit de u\u0219oar\u0103, cataramele au un sistem suplimentar simplu \u0219i practic de ajustare dubl\u0103. Aceast\u0103 caracteristic\u0103 permite utilizatorului s\u0103 ob\u021bin\u0103 o micro-reglare \u00een func\u021bie de faptul c\u0103 poart\u0103 sau nu bocancul, sau pur \u0219i simplu s\u0103 sl\u0103beasc\u0103 sau s\u0103 str\u00e2ng\u0103, astfel \u00eenc\u00e2t piciorul s\u0103 fie bine sus\u021binut, dar f\u0103r\u0103 presiune excesiv\u0103.<\/p>\n<p>O deschidere pentru depozitarea \u0219i organizarea aripioarelor \u00een centrele de scufund\u0103ri sau de snorkelling.<\/p>\n<h3>Caracteristici<\/h3>\n<ul>\n<li>Material &#8212; plastic, cauciuc<\/li>\n<li>Scop &#8212; scufund\u0103ri\/snorkelling<\/li>\n<li>Rigiditate &#8212; medie<\/li>\n<li>Tip de lam\u0103 &#8212; neventilate<\/li>\n<li>Tipul tocului &#8212; deschis.<\/li>\n<\/ul>\n<h3>Marca<\/h3>\n<p>Cressi-Sub \u2014 unul dintre cei mai importan\u021bi produc\u0103tori de echipamente de snorkelling, scufund\u0103ri \u0219i spearfishing. \u00cenfiin\u021bat\u0103 \u00een 1946 de fra\u021bii Egidio \u0219i Nanni Cressi, compania evolueaz\u0103 \u00een mod constant \u0219i lanseaz\u0103 produse noi. Istoria scufund\u0103rilor \u00een sine este str\u00e2ns legat\u0103 de cea a companiei Cressi-Sub, iar multe dintre produsele lansate \u00een ultimii 70 de ani au revolu\u021bionat acest tip de activitate \u00een aer liber. Multe dintre inova\u021biile \u0219i inven\u021biile Cressi-Sub au fost adoptate ulterior de mul\u021bi produc\u0103tori de echipamente similare.<\/p>\n<p>Firma a fost \u00eentotdeauna de\u021binut\u0103 \u00een proprietate privat\u0103 de familia Cressi. Prin urmare, facilit\u0103\u021bile de produc\u021bie nu sunt situate \u00een \u021b\u0103rile asiatice, ci \u00een Genova, Italia. Cu toate acestea, compania men\u021bine pre\u021buri rezonabile pentru \u00eentreaga gam\u0103 de produse, care sunt populare \u00een r\u00e2ndul scafandrilor cu orice buget. Filozofia Cressi este inspira\u021bia \u0219i inova\u021bia, dragostea pentru mare \u0219i produse elegante care \u00eendeplinesc cele mai \u00eenalte standarde de calitate.<\/p>\n<p><\/p>","protected":false},"excerpt":{"rendered":"","protected":false},"featured_media":54325,"comment_status":"open","ping_status":"closed","template":"","meta":{"_acf_changed":false,"inline_featured_image":false},"product_brand":[1451],"product_cat":[179],"product_tag":[],"class_list":{"0":"post-54097","1":"product","2":"type-product","3":"status-publish","4":"has-post-thumbnail","6":"product_brand-cressi-sub","7":"product_cat-flippers","9":"first","10":"instock","11":"shipping-taxable","12":"purchasable","13":"product-type-simple"},"acf":[],"yoast_head":"<!-- This site is optimized with the Yoast SEO plugin v27.2 - https:\/\/yoast.com\/product\/yoast-seo-wordpress\/ -->\n<title>\u041b\u0430\u0441\u0442\u044b Cressi-Sub Maui black\/blue - \u041c\u0430\u0433\u0430\u0437\u0438\u043d Xstyle<\/title>\n<meta name=\"description\" content=\"\u041b\u0430\u0441\u0442\u044b Cressi-Sub Maui \u0447\u0435\u0440\u043d\u043e-\u0441\u0438\u043d\u0438\u0435 \u0438\u0434\u0435\u0430\u043b\u044c\u043d\u043e \u043f\u043e\u0434\u0445\u043e\u0434\u044f\u0442 \u0434\u043b\u044f \u0441\u043d\u043e\u0440\u043a\u0435\u043b\u0438\u043d\u0433\u0430 \u0438 \u043f\u043e\u0434\u0432\u043e\u0434\u043d\u043e\u0433\u043e \u043f\u043b\u0430\u0432\u0430\u043d\u0438\u044f. \u0423\u0434\u043e\u0431\u043d\u044b\u0435, \u043b\u0435\u0433\u043a\u0438\u0435, \u0440\u0435\u0433\u0443\u043b\u0438\u0440\u0443\u0435\u043c\u044b\u0435, \u0438\u0434\u0435\u0430\u043b\u044c\u043d\u044b \u0434\u043b\u044f \u043b\u044e\u0431\u043e\u0433\u043e \u0432\u043e\u0434\u043d\u043e\u0433\u043e \u043e\u0442\u0434\u044b\u0445\u0430!\" \/>\n<meta name=\"robots\" content=\"index, follow, max-snippet:-1, max-image-preview:large, max-video-preview:-1\" \/>\n<link rel=\"canonical\" href=\"https:\/\/xstyle.md\/ro\/produs\/lasty-cressi-sub-maui-fins-black-blue\/\" \/>\n<meta property=\"og:locale\" content=\"ro_RO\" \/>\n<meta property=\"og:type\" content=\"article\" \/>\n<meta property=\"og:title\" content=\"\u041b\u0430\u0441\u0442\u044b Cressi-Sub Maui black\/blue - \u041c\u0430\u0433\u0430\u0437\u0438\u043d Xstyle\" \/>\n<meta property=\"og:description\" content=\"\u041b\u0430\u0441\u0442\u044b Cressi-Sub Maui \u0447\u0435\u0440\u043d\u043e-\u0441\u0438\u043d\u0438\u0435 \u0438\u0434\u0435\u0430\u043b\u044c\u043d\u043e \u043f\u043e\u0434\u0445\u043e\u0434\u044f\u0442 \u0434\u043b\u044f \u0441\u043d\u043e\u0440\u043a\u0435\u043b\u0438\u043d\u0433\u0430 \u0438 \u043f\u043e\u0434\u0432\u043e\u0434\u043d\u043e\u0433\u043e \u043f\u043b\u0430\u0432\u0430\u043d\u0438\u044f. \u0423\u0434\u043e\u0431\u043d\u044b\u0435, \u043b\u0435\u0433\u043a\u0438\u0435, \u0440\u0435\u0433\u0443\u043b\u0438\u0440\u0443\u0435\u043c\u044b\u0435, \u0438\u0434\u0435\u0430\u043b\u044c\u043d\u044b \u0434\u043b\u044f \u043b\u044e\u0431\u043e\u0433\u043e \u0432\u043e\u0434\u043d\u043e\u0433\u043e \u043e\u0442\u0434\u044b\u0445\u0430!\" \/>\n<meta property=\"og:url\" content=\"https:\/\/xstyle.md\/ro\/produs\/lasty-cressi-sub-maui-fins-black-blue\/\" \/>\n<meta property=\"og:site_name\" content=\"\u041c\u0430\u0433\u0430\u0437\u0438\u043d Xstyle\" \/>\n<meta property=\"article:publisher\" content=\"https:\/\/www.facebook.com\/xstylemd\" \/>\n<meta property=\"article:modified_time\" content=\"2025-12-18T13:53:05+00:00\" \/>\n<meta property=\"og:image\" content=\"https:\/\/xstyle.md\/wp-content\/uploads\/2022\/09\/cressi-sub-maui-fins-blackblue.jpg\" \/>\n\t<meta property=\"og:image:width\" content=\"1012\" \/>\n\t<meta property=\"og:image:height\" content=\"989\" \/>\n\t<meta property=\"og:image:type\" content=\"image\/jpeg\" \/>\n<meta name=\"twitter:card\" content=\"summary_large_image\" \/>\n<meta name=\"twitter:label1\" content=\"Pre\u021b\" \/>\n\t<meta name=\"twitter:data1\" content=\"1.690&nbsp;MDL\" \/>\n\t<meta name=\"twitter:label2\" content=\"Disponibilitate\" \/>\n\t<meta name=\"twitter:data2\" content=\"\u00cen stoc\" \/>\n<script type=\"application\/ld+json\" class=\"yoast-schema-graph\">{\"@context\":\"https:\/\/schema.org\",\"@graph\":[{\"@type\":\"WebPage\",\"@id\":\"https:\/\/xstyle.md\/product\/lasty-cressi-sub-maui-fins-black-blue\/\",\"url\":\"https:\/\/xstyle.md\/product\/lasty-cressi-sub-maui-fins-black-blue\/\",\"name\":\"\u041b\u0430\u0441\u0442\u044b Cressi-Sub Maui black\/blue - \u041c\u0430\u0433\u0430\u0437\u0438\u043d Xstyle\",\"isPartOf\":{\"@id\":\"https:\/\/xstyle.md\/#website\"},\"primaryImageOfPage\":{\"@id\":\"https:\/\/xstyle.md\/product\/lasty-cressi-sub-maui-fins-black-blue\/#primaryimage\"},\"image\":{\"@id\":\"https:\/\/xstyle.md\/product\/lasty-cressi-sub-maui-fins-black-blue\/#primaryimage\"},\"thumbnailUrl\":\"https:\/\/xstyle.md\/wp-content\/uploads\/2022\/09\/cressi-sub-maui-fins-blackblue.jpg\",\"datePublished\":\"2022-09-02T15:36:45+00:00\",\"dateModified\":\"2025-12-18T13:53:05+00:00\",\"description\":\"\u041b\u0430\u0441\u0442\u044b Cressi-Sub Maui \u0447\u0435\u0440\u043d\u043e-\u0441\u0438\u043d\u0438\u0435 \u0438\u0434\u0435\u0430\u043b\u044c\u043d\u043e \u043f\u043e\u0434\u0445\u043e\u0434\u044f\u0442 \u0434\u043b\u044f \u0441\u043d\u043e\u0440\u043a\u0435\u043b\u0438\u043d\u0433\u0430 \u0438 \u043f\u043e\u0434\u0432\u043e\u0434\u043d\u043e\u0433\u043e \u043f\u043b\u0430\u0432\u0430\u043d\u0438\u044f. \u0423\u0434\u043e\u0431\u043d\u044b\u0435, \u043b\u0435\u0433\u043a\u0438\u0435, \u0440\u0435\u0433\u0443\u043b\u0438\u0440\u0443\u0435\u043c\u044b\u0435, \u0438\u0434\u0435\u0430\u043b\u044c\u043d\u044b \u0434\u043b\u044f \u043b\u044e\u0431\u043e\u0433\u043e \u0432\u043e\u0434\u043d\u043e\u0433\u043e \u043e\u0442\u0434\u044b\u0445\u0430!\",\"breadcrumb\":{\"@id\":\"https:\/\/xstyle.md\/product\/lasty-cressi-sub-maui-fins-black-blue\/#breadcrumb\"},\"inLanguage\":\"ro-RO\",\"potentialAction\":[{\"@type\":\"ReadAction\",\"target\":[\"https:\/\/xstyle.md\/product\/lasty-cressi-sub-maui-fins-black-blue\/\"]}]},{\"@type\":\"ImageObject\",\"inLanguage\":\"ro-RO\",\"@id\":\"https:\/\/xstyle.md\/product\/lasty-cressi-sub-maui-fins-black-blue\/#primaryimage\",\"url\":\"https:\/\/xstyle.md\/wp-content\/uploads\/2022\/09\/cressi-sub-maui-fins-blackblue.jpg\",\"contentUrl\":\"https:\/\/xstyle.md\/wp-content\/uploads\/2022\/09\/cressi-sub-maui-fins-blackblue.jpg\",\"width\":1012,\"height\":989,\"caption\":\"\u0422\u0440\u0435\u043a\u043a\u0438\u043d\u0433\u043e\u0432\u044b\u0435 \u0438 \u043f\u043e\u0445\u043e\u0434\u043d\u044b\u0435 \u043b\u0430\u0441\u0442\u044b Cressi-Sub Maui \u0432 \u0447\u0435\u0440\u043d\u043e-\u0441\u0438\u043d\u0435\u043c \u0446\u0432\u0435\u0442\u0435 \u0434\u043b\u044f \u0430\u043a\u0442\u0438\u0432\u043d\u043e\u0433\u043e \u043e\u0442\u0434\u044b\u0445\u0430 \u0438 \u043f\u0443\u0442\u0435\u0448\u0435\u0441\u0442\u0432\u0438\u0439 \u043d\u0430 \u0441\u0430\u0439\u0442\u0435 \u0438\u043d\u0442\u0435\u0440\u043d\u0435\u0442-\u043c\u0430\u0433\u0430\u0437\u0438\u043d\u0430 \u0441\u043f\u043e\u0440\u0442\u0438\u0432\u043d\u043e\u0439 \u044d\u043a\u0438\u043f\u0438\u0440\u043e\u0432\u043a\u0438 \u0434\u043b\u044f \u0432\u043e\u0434\u043d\u044b\u0445 \u0432\u0438\u0434\u043e\u0432 \u0441\u043f\u043e\u0440\u0442\u0430, \u0430\u043b\u044c\u043f\u0438\u043d\u0438\u0437\u043c\u0430 \u0438 \u0442\u0443\u0440\u0438\u0437\u043c\u0430\"},{\"@type\":\"BreadcrumbList\",\"@id\":\"https:\/\/xstyle.md\/product\/lasty-cressi-sub-maui-fins-black-blue\/#breadcrumb\",\"itemListElement\":[{\"@type\":\"ListItem\",\"position\":1,\"name\":\"\u0413\u043b\u0430\u0432\u043d\u0430\u044f \u0441\u0442\u0440\u0430\u043d\u0438\u0446\u0430\",\"item\":\"https:\/\/xstyle.md\/\"},{\"@type\":\"ListItem\",\"position\":2,\"name\":\"\u041c\u0430\u0433\u0430\u0437\u0438\u043d\",\"item\":\"https:\/\/xstyle.md\/shop\/\"},{\"@type\":\"ListItem\",\"position\":3,\"name\":\"\u041b\u0430\u0441\u0442\u044b Cressi-Sub Maui black\/blue\"}]},{\"@type\":\"WebSite\",\"@id\":\"https:\/\/xstyle.md\/#website\",\"url\":\"https:\/\/xstyle.md\/\",\"name\":\"\u041c\u0430\u0433\u0430\u0437\u0438\u043d Xstyle\",\"description\":\"C\u043d\u0430\u0440\u044f\u0436\u0435\u043d\u0438\u0435 \u0434\u043b\u044f \u0442\u0443\u0440\u0438\u0437\u043c\u0430 \u0438 \u044d\u043a\u0441\u0442\u0440\u0435\u043c\u0430\u043b\u044c\u043d\u044b\u0445 \u0432\u0438\u0434\u043e\u0432 \u0441\u043f\u043e\u0440\u0442\u0430 \u0432 \u041c\u043e\u043b\u0434\u043e\u0432\u0435.. \u0426\u0435\u043d\u044b, \u0444\u043e\u0442\u043e, \u0445\u0430\u0440\u0430\u043a\u0442\u0435\u0440\u0438\u0441\u0442\u0438\u043a\u0438 \u0432 \u041c\u043e\u043b\u0434\u043e\u0432\u0435.\",\"publisher\":{\"@id\":\"https:\/\/xstyle.md\/#organization\"},\"alternateName\":\"X-Style\",\"potentialAction\":[{\"@type\":\"SearchAction\",\"target\":{\"@type\":\"EntryPoint\",\"urlTemplate\":\"https:\/\/xstyle.md\/?s={search_term_string}\"},\"query-input\":{\"@type\":\"PropertyValueSpecification\",\"valueRequired\":true,\"valueName\":\"search_term_string\"}}],\"inLanguage\":\"ro-RO\"},{\"@type\":\"Organization\",\"@id\":\"https:\/\/xstyle.md\/#organization\",\"name\":\"\u041c\u0430\u0433\u0430\u0437\u0438\u043d Xstyle\",\"alternateName\":\"x-style\",\"url\":\"https:\/\/xstyle.md\/\",\"logo\":{\"@type\":\"ImageObject\",\"inLanguage\":\"ro-RO\",\"@id\":\"https:\/\/xstyle.md\/#\/schema\/logo\/image\/\",\"url\":\"https:\/\/xstyle.md\/wp-content\/uploads\/2020\/06\/logoicon.svg\",\"contentUrl\":\"https:\/\/xstyle.md\/wp-content\/uploads\/2020\/06\/logoicon.svg\",\"caption\":\"\u041c\u0430\u0433\u0430\u0437\u0438\u043d Xstyle\"},\"image\":{\"@id\":\"https:\/\/xstyle.md\/#\/schema\/logo\/image\/\"},\"sameAs\":[\"https:\/\/www.facebook.com\/xstylemd\",\"https:\/\/www.instagram.com\/xstyle_md\/\",\"https:\/\/t.me\/xstyle_outdoor\"],\"hasMerchantReturnPolicy\":{\"@type\":\"MerchantReturnPolicy\",\"merchantReturnLink\":\"https:\/\/xstyle.md\/ro\/conditions\/\"}}]}<\/script>\n<meta property=\"product:price:amount\" content=\"1690.00\" \/>\n<meta property=\"product:price:currency\" content=\"MDL\" \/>\n<meta property=\"og:availability\" content=\"instock\" \/>\n<meta property=\"product:availability\" content=\"instock\" \/>\n<meta property=\"product:retailer_item_id\" content=\"8022983207131\" \/>\n<meta property=\"product:condition\" content=\"new\" \/>\n<!-- \/ Yoast SEO plugin. -->","yoast_head_json":{"title":"\u041b\u0430\u0441\u0442\u044b Cressi-Sub Maui black\/blue - \u041c\u0430\u0433\u0430\u0437\u0438\u043d Xstyle","description":"Labele Cressi-Sub Maui negre \u0219i albastre sunt ideale pentru snorkeling \u0219i scufund\u0103ri. Confortabile, u\u0219oare, ajustabile, perfecte pentru orice activitate acvatic\u0103!","robots":{"index":"index","follow":"follow","max-snippet":"max-snippet:-1","max-image-preview":"max-image-preview:large","max-video-preview":"max-video-preview:-1"},"canonical":"https:\/\/xstyle.md\/ro\/produs\/lasty-cressi-sub-maui-fins-black-blue\/","og_locale":"ro_RO","og_type":"article","og_title":"\u041b\u0430\u0441\u0442\u044b Cressi-Sub Maui black\/blue - \u041c\u0430\u0433\u0430\u0437\u0438\u043d Xstyle","og_description":"\u041b\u0430\u0441\u0442\u044b Cressi-Sub Maui \u0447\u0435\u0440\u043d\u043e-\u0441\u0438\u043d\u0438\u0435 \u0438\u0434\u0435\u0430\u043b\u044c\u043d\u043e \u043f\u043e\u0434\u0445\u043e\u0434\u044f\u0442 \u0434\u043b\u044f \u0441\u043d\u043e\u0440\u043a\u0435\u043b\u0438\u043d\u0433\u0430 \u0438 \u043f\u043e\u0434\u0432\u043e\u0434\u043d\u043e\u0433\u043e \u043f\u043b\u0430\u0432\u0430\u043d\u0438\u044f. \u0423\u0434\u043e\u0431\u043d\u044b\u0435, \u043b\u0435\u0433\u043a\u0438\u0435, \u0440\u0435\u0433\u0443\u043b\u0438\u0440\u0443\u0435\u043c\u044b\u0435, \u0438\u0434\u0435\u0430\u043b\u044c\u043d\u044b \u0434\u043b\u044f \u043b\u044e\u0431\u043e\u0433\u043e \u0432\u043e\u0434\u043d\u043e\u0433\u043e \u043e\u0442\u0434\u044b\u0445\u0430!","og_url":"https:\/\/xstyle.md\/ro\/produs\/lasty-cressi-sub-maui-fins-black-blue\/","og_site_name":"\u041c\u0430\u0433\u0430\u0437\u0438\u043d Xstyle","article_publisher":"https:\/\/www.facebook.com\/xstylemd","article_modified_time":"2025-12-18T13:53:05+00:00","og_image":[{"width":1012,"height":989,"url":"https:\/\/xstyle.md\/wp-content\/uploads\/2022\/09\/cressi-sub-maui-fins-blackblue.jpg","type":"image\/jpeg"}],"twitter_card":"summary_large_image","twitter_misc":{"Pre\u021b":"1.690&nbsp;MDL","Disponibilitate":"\u00cen stoc"},"schema":{"@context":"https:\/\/schema.org","@graph":[{"@type":"WebPage","@id":"https:\/\/xstyle.md\/product\/lasty-cressi-sub-maui-fins-black-blue\/","url":"https:\/\/xstyle.md\/product\/lasty-cressi-sub-maui-fins-black-blue\/","name":"\u041b\u0430\u0441\u0442\u044b Cressi-Sub Maui black\/blue - \u041c\u0430\u0433\u0430\u0437\u0438\u043d Xstyle","isPartOf":{"@id":"https:\/\/xstyle.md\/#website"},"primaryImageOfPage":{"@id":"https:\/\/xstyle.md\/product\/lasty-cressi-sub-maui-fins-black-blue\/#primaryimage"},"image":{"@id":"https:\/\/xstyle.md\/product\/lasty-cressi-sub-maui-fins-black-blue\/#primaryimage"},"thumbnailUrl":"https:\/\/xstyle.md\/wp-content\/uploads\/2022\/09\/cressi-sub-maui-fins-blackblue.jpg","datePublished":"2022-09-02T15:36:45+00:00","dateModified":"2025-12-18T13:53:05+00:00","description":"Labele Cressi-Sub Maui negre \u0219i albastre sunt ideale pentru snorkeling \u0219i scufund\u0103ri. Confortabile, u\u0219oare, ajustabile, perfecte pentru orice activitate acvatic\u0103!","breadcrumb":{"@id":"https:\/\/xstyle.md\/product\/lasty-cressi-sub-maui-fins-black-blue\/#breadcrumb"},"inLanguage":"ro-RO","potentialAction":[{"@type":"ReadAction","target":["https:\/\/xstyle.md\/product\/lasty-cressi-sub-maui-fins-black-blue\/"]}]},{"@type":"ImageObject","inLanguage":"ro-RO","@id":"https:\/\/xstyle.md\/product\/lasty-cressi-sub-maui-fins-black-blue\/#primaryimage","url":"https:\/\/xstyle.md\/wp-content\/uploads\/2022\/09\/cressi-sub-maui-fins-blackblue.jpg","contentUrl":"https:\/\/xstyle.md\/wp-content\/uploads\/2022\/09\/cressi-sub-maui-fins-blackblue.jpg","width":1012,"height":989,"caption":"\u0422\u0440\u0435\u043a\u043a\u0438\u043d\u0433\u043e\u0432\u044b\u0435 \u0438 \u043f\u043e\u0445\u043e\u0434\u043d\u044b\u0435 \u043b\u0430\u0441\u0442\u044b Cressi-Sub Maui \u0432 \u0447\u0435\u0440\u043d\u043e-\u0441\u0438\u043d\u0435\u043c \u0446\u0432\u0435\u0442\u0435 \u0434\u043b\u044f \u0430\u043a\u0442\u0438\u0432\u043d\u043e\u0433\u043e \u043e\u0442\u0434\u044b\u0445\u0430 \u0438 \u043f\u0443\u0442\u0435\u0448\u0435\u0441\u0442\u0432\u0438\u0439 \u043d\u0430 \u0441\u0430\u0439\u0442\u0435 \u0438\u043d\u0442\u0435\u0440\u043d\u0435\u0442-\u043c\u0430\u0433\u0430\u0437\u0438\u043d\u0430 \u0441\u043f\u043e\u0440\u0442\u0438\u0432\u043d\u043e\u0439 \u044d\u043a\u0438\u043f\u0438\u0440\u043e\u0432\u043a\u0438 \u0434\u043b\u044f \u0432\u043e\u0434\u043d\u044b\u0445 \u0432\u0438\u0434\u043e\u0432 \u0441\u043f\u043e\u0440\u0442\u0430, \u0430\u043b\u044c\u043f\u0438\u043d\u0438\u0437\u043c\u0430 \u0438 \u0442\u0443\u0440\u0438\u0437\u043c\u0430"},{"@type":"BreadcrumbList","@id":"https:\/\/xstyle.md\/product\/lasty-cressi-sub-maui-fins-black-blue\/#breadcrumb","itemListElement":[{"@type":"ListItem","position":1,"name":"\u0413\u043b\u0430\u0432\u043d\u0430\u044f \u0441\u0442\u0440\u0430\u043d\u0438\u0446\u0430","item":"https:\/\/xstyle.md\/"},{"@type":"ListItem","position":2,"name":"\u041c\u0430\u0433\u0430\u0437\u0438\u043d","item":"https:\/\/xstyle.md\/shop\/"},{"@type":"ListItem","position":3,"name":"\u041b\u0430\u0441\u0442\u044b Cressi-Sub Maui black\/blue"}]},{"@type":"WebSite","@id":"https:\/\/xstyle.md\/#website","url":"https:\/\/xstyle.md\/","name":"Magazinul X-Style","description":"Echipamente pentru turism \u0219i sporturi extreme \u00een Moldova. Pre\u021buri, fotografii, caracteristici \u00een Moldova.","publisher":{"@id":"https:\/\/xstyle.md\/#organization"},"alternateName":"X-Style","potentialAction":[{"@type":"SearchAction","target":{"@type":"EntryPoint","urlTemplate":"https:\/\/xstyle.md\/?s={search_term_string}"},"query-input":{"@type":"PropertyValueSpecification","valueRequired":true,"valueName":"search_term_string"}}],"inLanguage":"ro-RO"},{"@type":"Organization","@id":"https:\/\/xstyle.md\/#organization","name":"Magazinul X-Style","alternateName":"x-style","url":"https:\/\/xstyle.md\/","logo":{"@type":"ImageObject","inLanguage":"ro-RO","@id":"https:\/\/xstyle.md\/#\/schema\/logo\/image\/","url":"https:\/\/xstyle.md\/wp-content\/uploads\/2020\/06\/logoicon.svg","contentUrl":"https:\/\/xstyle.md\/wp-content\/uploads\/2020\/06\/logoicon.svg","caption":"\u041c\u0430\u0433\u0430\u0437\u0438\u043d Xstyle"},"image":{"@id":"https:\/\/xstyle.md\/#\/schema\/logo\/image\/"},"sameAs":["https:\/\/www.facebook.com\/xstylemd","https:\/\/www.instagram.com\/xstyle_md\/","https:\/\/t.me\/xstyle_outdoor"],"hasMerchantReturnPolicy":{"@type":"MerchantReturnPolicy","merchantReturnLink":"https:\/\/xstyle.md\/ro\/conditions\/"}}]},"product_price_amount":"1690.00","product_price_currency":"MDL","og_availability":"instock","product_availability":"instock","product_retailer_item_id":"8022983207131","product_condition":"new"},"post_mailing_queue_ids":[],"_links":{"self":[{"href":"https:\/\/xstyle.md\/ro\/wp-json\/wp\/v2\/product\/54097","targetHints":{"allow":["GET"]}}],"collection":[{"href":"https:\/\/xstyle.md\/ro\/wp-json\/wp\/v2\/product"}],"about":[{"href":"https:\/\/xstyle.md\/ro\/wp-json\/wp\/v2\/types\/product"}],"replies":[{"embeddable":true,"href":"https:\/\/xstyle.md\/ro\/wp-json\/wp\/v2\/comments?post=54097"}],"wp:featuredmedia":[{"embeddable":true,"href":"https:\/\/xstyle.md\/ro\/wp-json\/wp\/v2\/media\/54325"}],"wp:attachment":[{"href":"https:\/\/xstyle.md\/ro\/wp-json\/wp\/v2\/media?parent=54097"}],"wp:term":[{"taxonomy":"product_brand","embeddable":true,"href":"https:\/\/xstyle.md\/ro\/wp-json\/wp\/v2\/product_brand?post=54097"},{"taxonomy":"product_cat","embeddable":true,"href":"https:\/\/xstyle.md\/ro\/wp-json\/wp\/v2\/product_cat?post=54097"},{"taxonomy":"product_tag","embeddable":true,"href":"https:\/\/xstyle.md\/ro\/wp-json\/wp\/v2\/product_tag?post=54097"}],"curies":[{"name":"wp","href":"https:\/\/api.w.org\/{rel}","templated":true}]}}