{"id":54096,"date":"2022-09-02T18:36:45","date_gmt":"2022-09-02T15:36:45","guid":{"rendered":"https:\/\/xstyle.md\/?post_type=product&#038;p=54096"},"modified":"2025-12-18T16:53:02","modified_gmt":"2025-12-18T13:53:02","slug":"lasty-cressi-sub-agua-short-kid-fins-blue","status":"publish","type":"product","link":"https:\/\/xstyle.md\/ro\/produs\/lasty-cressi-sub-agua-short-kid-fins-blue\/","title":{"rendered":"Labe inot Cressi-Sub Agua Short Kid blue"},"content":{"rendered":"<\/p>\n<p><strong>Cressi-Sub Agua Short Kid Fins blue<\/strong> &#8212; este o versiune mai scurt\u0103 \u0219i mai versatil\u0103 a popularei aripioare Aqua cu lam\u0103 lung\u0103 de la Cressi. Labele Agua Short Kid Fins blue sunt ideal concepute pentru \u00eenotul \u00een piscine sau ape deschise.. Aceast\u0103 lab\u0103 are o talp\u0103 cu reglare automat\u0103 pentru o flexibilitate \u0219i un confort incredibil. Sunt ideale pentru toate nivelurile de experien\u021b\u0103 \u0219i sunt indispensabile pentru urm\u0103toarea vacan\u021b\u0103 sau sesiune de antrenament.<\/p>\n<h3>Particularit\u0103\u021bi<\/h3>\n<ul>\n<li>Lame realizate din material elastomeric moale<\/li>\n<li>Galo\u0219i confec\u021biona\u021bi din material elastomeric extrem de moale<\/li>\n<li>Garnitur\u0103 de protec\u021bie<\/li>\n<li>U\u0219or de transportat<\/li>\n<li>Partea inferioar\u0103 rotunjit\u0103<\/li>\n<li>Nervuri laterale.<\/li>\n<\/ul>\n<h3>Caracteristici<\/h3>\n<ul>\n<li>Material &#8212; plastic, cauciuc<\/li>\n<li>Destina\u021bie &#8212; piscin\u0103\/ap\u0103 deschis\u0103<\/li>\n<li>Duritate &#8212; medie<\/li>\n<li>Tip de palet\u0103 &#8212; neventilat\u0103<\/li>\n<li>Tipul de toc &#8212; \u00eenchis.<\/li>\n<\/ul>\n<h3>Marca<\/h3>\n<p>Cressi-Sub \u2014 unul dintre cei mai importan\u021bi produc\u0103tori de echipamente de snorkelling, scufund\u0103ri \u0219i spearfishing. \u00cenfiin\u021bat\u0103 \u00een 1946 de fra\u021bii Egidio \u0219i Nanni Cressi, compania evolueaz\u0103 \u00een mod constant \u0219i lanseaz\u0103 produse noi. Istoria scufund\u0103rilor \u00een sine este str\u00e2ns legat\u0103 de cea a companiei Cressi-Sub, iar multe dintre produsele lansate \u00een ultimii 70 de ani au revolu\u021bionat acest tip de activitate \u00een aer liber. Multe dintre inova\u021biile \u0219i inven\u021biile Cressi-Sub au fost adoptate ulterior de mul\u021bi produc\u0103tori de echipamente similare.<\/p>\n<p>Firma a fost \u00eentotdeauna de\u021binut\u0103 \u00een proprietate privat\u0103 de familia Cressi. Prin urmare, facilit\u0103\u021bile de produc\u021bie nu sunt situate \u00een \u021b\u0103rile asiatice, ci \u00een Genova, Italia. Cu toate acestea, compania men\u021bine pre\u021buri rezonabile pentru \u00eentreaga gam\u0103 de produse, care sunt populare \u00een r\u00e2ndul scafandrilor cu orice buget. Filozofia Cressi este inspira\u021bia \u0219i inova\u021bia, dragostea pentru mare \u0219i produse elegante care \u00eendeplinesc cele mai \u00eenalte standarde de calitate.<\/p>\n<p><\/p>","protected":false},"excerpt":{"rendered":"","protected":false},"featured_media":54323,"comment_status":"open","ping_status":"closed","template":"","meta":{"_acf_changed":false,"inline_featured_image":false},"product_brand":[1451],"product_cat":[179],"product_tag":[],"class_list":{"0":"post-54096","1":"product","2":"type-product","3":"status-publish","4":"has-post-thumbnail","6":"product_brand-cressi-sub","7":"product_cat-flippers","9":"first","10":"instock","11":"shipping-taxable","12":"purchasable","13":"product-type-simple"},"acf":[],"yoast_head":"<!-- This site is optimized with the Yoast SEO plugin v27.2 - https:\/\/yoast.com\/product\/yoast-seo-wordpress\/ -->\n<title>\u041b\u0430\u0441\u0442\u044b Cressi-Sub Agua Short Kid blue - \u041c\u0430\u0433\u0430\u0437\u0438\u043d Xstyle<\/title>\n<meta name=\"description\" content=\"\u041b\u0430\u0441\u0442\u044b Cressi-Sub Agua Short Kid Fins \u0432 \u0441\u0438\u043d\u0435\u043c \u0446\u0432\u0435\u0442\u0435 \u0438\u0434\u0435\u0430\u043b\u044c\u043d\u043e \u043f\u043e\u0434\u0445\u043e\u0434\u044f\u0442 \u0434\u043b\u044f \u0434\u0435\u0442\u0435\u0439. \u0418\u0434\u0435\u0430\u043b\u0435\u043d \u0434\u043b\u044f \u043f\u043b\u0430\u0432\u0430\u043d\u0438\u044f \u0432 \u0431\u0430\u0441\u0441\u0435\u0439\u043d\u0435 \u0438 \u043e\u0442\u043a\u0440\u044b\u0442\u044b\u0445 \u0432\u043e\u0434\u0430\u0445. \u0423\u0434\u043e\u0431\u043d\u0430\u044f \u0440\u0435\u0433\u0443\u043b\u044f\u0446\u0438\u044f!\" \/>\n<meta name=\"robots\" content=\"index, follow, max-snippet:-1, max-image-preview:large, max-video-preview:-1\" \/>\n<link rel=\"canonical\" href=\"https:\/\/xstyle.md\/ro\/produs\/lasty-cressi-sub-agua-short-kid-fins-blue\/\" \/>\n<meta property=\"og:locale\" content=\"ro_RO\" \/>\n<meta property=\"og:type\" content=\"article\" \/>\n<meta property=\"og:title\" content=\"\u041b\u0430\u0441\u0442\u044b Cressi-Sub Agua Short Kid blue - \u041c\u0430\u0433\u0430\u0437\u0438\u043d Xstyle\" \/>\n<meta property=\"og:description\" content=\"\u041b\u0430\u0441\u0442\u044b Cressi-Sub Agua Short Kid Fins \u0432 \u0441\u0438\u043d\u0435\u043c \u0446\u0432\u0435\u0442\u0435 \u0438\u0434\u0435\u0430\u043b\u044c\u043d\u043e \u043f\u043e\u0434\u0445\u043e\u0434\u044f\u0442 \u0434\u043b\u044f \u0434\u0435\u0442\u0435\u0439. \u0418\u0434\u0435\u0430\u043b\u0435\u043d \u0434\u043b\u044f \u043f\u043b\u0430\u0432\u0430\u043d\u0438\u044f \u0432 \u0431\u0430\u0441\u0441\u0435\u0439\u043d\u0435 \u0438 \u043e\u0442\u043a\u0440\u044b\u0442\u044b\u0445 \u0432\u043e\u0434\u0430\u0445. \u0423\u0434\u043e\u0431\u043d\u0430\u044f \u0440\u0435\u0433\u0443\u043b\u044f\u0446\u0438\u044f!\" \/>\n<meta property=\"og:url\" content=\"https:\/\/xstyle.md\/ro\/produs\/lasty-cressi-sub-agua-short-kid-fins-blue\/\" \/>\n<meta property=\"og:site_name\" content=\"\u041c\u0430\u0433\u0430\u0437\u0438\u043d Xstyle\" \/>\n<meta property=\"article:publisher\" content=\"https:\/\/www.facebook.com\/xstylemd\" \/>\n<meta property=\"article:modified_time\" content=\"2025-12-18T13:53:02+00:00\" \/>\n<meta property=\"og:image\" content=\"https:\/\/xstyle.md\/wp-content\/uploads\/2022\/09\/cressi-sub-agua-short-kid-fins-blue.jpg\" \/>\n\t<meta property=\"og:image:width\" content=\"1615\" \/>\n\t<meta property=\"og:image:height\" content=\"1668\" \/>\n\t<meta property=\"og:image:type\" content=\"image\/jpeg\" \/>\n<meta name=\"twitter:card\" content=\"summary_large_image\" \/>\n<meta name=\"twitter:label1\" content=\"Pre\u021b\" \/>\n\t<meta name=\"twitter:data1\" content=\"795&nbsp;MDL\" \/>\n\t<meta name=\"twitter:label2\" content=\"Disponibilitate\" \/>\n\t<meta name=\"twitter:data2\" content=\"\u00cen stoc\" \/>\n<script type=\"application\/ld+json\" class=\"yoast-schema-graph\">{\"@context\":\"https:\/\/schema.org\",\"@graph\":[{\"@type\":\"WebPage\",\"@id\":\"https:\/\/xstyle.md\/product\/lasty-cressi-sub-agua-short-kid-fins-blue\/\",\"url\":\"https:\/\/xstyle.md\/product\/lasty-cressi-sub-agua-short-kid-fins-blue\/\",\"name\":\"\u041b\u0430\u0441\u0442\u044b Cressi-Sub Agua Short Kid blue - \u041c\u0430\u0433\u0430\u0437\u0438\u043d Xstyle\",\"isPartOf\":{\"@id\":\"https:\/\/xstyle.md\/#website\"},\"primaryImageOfPage\":{\"@id\":\"https:\/\/xstyle.md\/product\/lasty-cressi-sub-agua-short-kid-fins-blue\/#primaryimage\"},\"image\":{\"@id\":\"https:\/\/xstyle.md\/product\/lasty-cressi-sub-agua-short-kid-fins-blue\/#primaryimage\"},\"thumbnailUrl\":\"https:\/\/xstyle.md\/wp-content\/uploads\/2022\/09\/cressi-sub-agua-short-kid-fins-blue.jpg\",\"datePublished\":\"2022-09-02T15:36:45+00:00\",\"dateModified\":\"2025-12-18T13:53:02+00:00\",\"description\":\"\u041b\u0430\u0441\u0442\u044b Cressi-Sub Agua Short Kid Fins \u0432 \u0441\u0438\u043d\u0435\u043c \u0446\u0432\u0435\u0442\u0435 \u0438\u0434\u0435\u0430\u043b\u044c\u043d\u043e \u043f\u043e\u0434\u0445\u043e\u0434\u044f\u0442 \u0434\u043b\u044f \u0434\u0435\u0442\u0435\u0439. \u0418\u0434\u0435\u0430\u043b\u0435\u043d \u0434\u043b\u044f \u043f\u043b\u0430\u0432\u0430\u043d\u0438\u044f \u0432 \u0431\u0430\u0441\u0441\u0435\u0439\u043d\u0435 \u0438 \u043e\u0442\u043a\u0440\u044b\u0442\u044b\u0445 \u0432\u043e\u0434\u0430\u0445. \u0423\u0434\u043e\u0431\u043d\u0430\u044f \u0440\u0435\u0433\u0443\u043b\u044f\u0446\u0438\u044f!\",\"breadcrumb\":{\"@id\":\"https:\/\/xstyle.md\/product\/lasty-cressi-sub-agua-short-kid-fins-blue\/#breadcrumb\"},\"inLanguage\":\"ro-RO\",\"potentialAction\":[{\"@type\":\"ReadAction\",\"target\":[\"https:\/\/xstyle.md\/product\/lasty-cressi-sub-agua-short-kid-fins-blue\/\"]}]},{\"@type\":\"ImageObject\",\"inLanguage\":\"ro-RO\",\"@id\":\"https:\/\/xstyle.md\/product\/lasty-cressi-sub-agua-short-kid-fins-blue\/#primaryimage\",\"url\":\"https:\/\/xstyle.md\/wp-content\/uploads\/2022\/09\/cressi-sub-agua-short-kid-fins-blue.jpg\",\"contentUrl\":\"https:\/\/xstyle.md\/wp-content\/uploads\/2022\/09\/cressi-sub-agua-short-kid-fins-blue.jpg\",\"width\":1615,\"height\":1668,\"caption\":\"\u041c\u0430\u043b\u0435\u043d\u044c\u043a\u0438\u0435 \u0433\u0438\u0434\u0440\u043e\u043a\u043e\u0441\u0442\u044e\u043c\u044b \u0438 \u0430\u043a\u0441\u0435\u0441\u0441\u0443\u0430\u0440\u044b \u0434\u043b\u044f \u0430\u043a\u0442\u0438\u0432\u043d\u043e\u0433\u043e \u043e\u0442\u0434\u044b\u0445\u0430, \u043f\u043b\u0430\u0432\u0430\u043d\u0438\u0435, \u043f\u043e\u0434\u0432\u043e\u0434\u043d\u043e\u0435 \u043f\u043b\u0430\u0432\u0430\u043d\u0438\u0435, \u043c\u0430\u0433\u0430\u0437\u0438\u043d \u0441\u043f\u043e\u0440\u0442\u0438\u0432\u043d\u043e\u0439 \u043e\u0434\u0435\u0436\u0434\u044b \u0438 \u043e\u0431\u0443\u0432\u0438 \u0434\u043b\u044f \u043f\u0443\u0442\u0435\u0448\u0435\u0441\u0442\u0432\u0438\u0439, \u0445\u0430\u0439\u043a\u0438\u043d\u0433\u0430 \u0438 \u0430\u043b\u044c\u043f\u0438\u043d\u0438\u0437\u043c\u0430\"},{\"@type\":\"BreadcrumbList\",\"@id\":\"https:\/\/xstyle.md\/product\/lasty-cressi-sub-agua-short-kid-fins-blue\/#breadcrumb\",\"itemListElement\":[{\"@type\":\"ListItem\",\"position\":1,\"name\":\"\u0413\u043b\u0430\u0432\u043d\u0430\u044f \u0441\u0442\u0440\u0430\u043d\u0438\u0446\u0430\",\"item\":\"https:\/\/xstyle.md\/\"},{\"@type\":\"ListItem\",\"position\":2,\"name\":\"\u041c\u0430\u0433\u0430\u0437\u0438\u043d\",\"item\":\"https:\/\/xstyle.md\/shop\/\"},{\"@type\":\"ListItem\",\"position\":3,\"name\":\"\u041b\u0430\u0441\u0442\u044b Cressi-Sub Agua Short Kid blue\"}]},{\"@type\":\"WebSite\",\"@id\":\"https:\/\/xstyle.md\/#website\",\"url\":\"https:\/\/xstyle.md\/\",\"name\":\"\u041c\u0430\u0433\u0430\u0437\u0438\u043d Xstyle\",\"description\":\"C\u043d\u0430\u0440\u044f\u0436\u0435\u043d\u0438\u0435 \u0434\u043b\u044f \u0442\u0443\u0440\u0438\u0437\u043c\u0430 \u0438 \u044d\u043a\u0441\u0442\u0440\u0435\u043c\u0430\u043b\u044c\u043d\u044b\u0445 \u0432\u0438\u0434\u043e\u0432 \u0441\u043f\u043e\u0440\u0442\u0430 \u0432 \u041c\u043e\u043b\u0434\u043e\u0432\u0435.. \u0426\u0435\u043d\u044b, \u0444\u043e\u0442\u043e, \u0445\u0430\u0440\u0430\u043a\u0442\u0435\u0440\u0438\u0441\u0442\u0438\u043a\u0438 \u0432 \u041c\u043e\u043b\u0434\u043e\u0432\u0435.\",\"publisher\":{\"@id\":\"https:\/\/xstyle.md\/#organization\"},\"alternateName\":\"X-Style\",\"potentialAction\":[{\"@type\":\"SearchAction\",\"target\":{\"@type\":\"EntryPoint\",\"urlTemplate\":\"https:\/\/xstyle.md\/?s={search_term_string}\"},\"query-input\":{\"@type\":\"PropertyValueSpecification\",\"valueRequired\":true,\"valueName\":\"search_term_string\"}}],\"inLanguage\":\"ro-RO\"},{\"@type\":\"Organization\",\"@id\":\"https:\/\/xstyle.md\/#organization\",\"name\":\"\u041c\u0430\u0433\u0430\u0437\u0438\u043d Xstyle\",\"alternateName\":\"x-style\",\"url\":\"https:\/\/xstyle.md\/\",\"logo\":{\"@type\":\"ImageObject\",\"inLanguage\":\"ro-RO\",\"@id\":\"https:\/\/xstyle.md\/#\/schema\/logo\/image\/\",\"url\":\"https:\/\/xstyle.md\/wp-content\/uploads\/2020\/06\/logoicon.svg\",\"contentUrl\":\"https:\/\/xstyle.md\/wp-content\/uploads\/2020\/06\/logoicon.svg\",\"caption\":\"\u041c\u0430\u0433\u0430\u0437\u0438\u043d Xstyle\"},\"image\":{\"@id\":\"https:\/\/xstyle.md\/#\/schema\/logo\/image\/\"},\"sameAs\":[\"https:\/\/www.facebook.com\/xstylemd\",\"https:\/\/www.instagram.com\/xstyle_md\/\",\"https:\/\/t.me\/xstyle_outdoor\"],\"hasMerchantReturnPolicy\":{\"@type\":\"MerchantReturnPolicy\",\"merchantReturnLink\":\"https:\/\/xstyle.md\/ro\/conditions\/\"}}]}<\/script>\n<meta property=\"product:price:amount\" content=\"795.00\" \/>\n<meta property=\"product:price:currency\" content=\"MDL\" \/>\n<meta property=\"og:availability\" content=\"instock\" \/>\n<meta property=\"product:availability\" content=\"instock\" \/>\n<meta property=\"product:retailer_item_id\" content=\"8022983068718\" \/>\n<meta property=\"product:condition\" content=\"new\" \/>\n<!-- \/ Yoast SEO plugin. -->","yoast_head_json":{"title":"\u041b\u0430\u0441\u0442\u044b Cressi-Sub Agua Short Kid blue - \u041c\u0430\u0433\u0430\u0437\u0438\u043d Xstyle","description":"Lastele Cressi-Sub Agua Short Kid Fins de culoare albastr\u0103 sunt perfecte pentru copii. Ideale pentru \u00eenotul \u00een piscin\u0103 \u0219i \u00een ape libere. Reglaj confortabil!","robots":{"index":"index","follow":"follow","max-snippet":"max-snippet:-1","max-image-preview":"max-image-preview:large","max-video-preview":"max-video-preview:-1"},"canonical":"https:\/\/xstyle.md\/ro\/produs\/lasty-cressi-sub-agua-short-kid-fins-blue\/","og_locale":"ro_RO","og_type":"article","og_title":"\u041b\u0430\u0441\u0442\u044b Cressi-Sub Agua Short Kid blue - \u041c\u0430\u0433\u0430\u0437\u0438\u043d Xstyle","og_description":"\u041b\u0430\u0441\u0442\u044b Cressi-Sub Agua Short Kid Fins \u0432 \u0441\u0438\u043d\u0435\u043c \u0446\u0432\u0435\u0442\u0435 \u0438\u0434\u0435\u0430\u043b\u044c\u043d\u043e \u043f\u043e\u0434\u0445\u043e\u0434\u044f\u0442 \u0434\u043b\u044f \u0434\u0435\u0442\u0435\u0439. \u0418\u0434\u0435\u0430\u043b\u0435\u043d \u0434\u043b\u044f \u043f\u043b\u0430\u0432\u0430\u043d\u0438\u044f \u0432 \u0431\u0430\u0441\u0441\u0435\u0439\u043d\u0435 \u0438 \u043e\u0442\u043a\u0440\u044b\u0442\u044b\u0445 \u0432\u043e\u0434\u0430\u0445. \u0423\u0434\u043e\u0431\u043d\u0430\u044f \u0440\u0435\u0433\u0443\u043b\u044f\u0446\u0438\u044f!","og_url":"https:\/\/xstyle.md\/ro\/produs\/lasty-cressi-sub-agua-short-kid-fins-blue\/","og_site_name":"\u041c\u0430\u0433\u0430\u0437\u0438\u043d Xstyle","article_publisher":"https:\/\/www.facebook.com\/xstylemd","article_modified_time":"2025-12-18T13:53:02+00:00","og_image":[{"width":1615,"height":1668,"url":"https:\/\/xstyle.md\/wp-content\/uploads\/2022\/09\/cressi-sub-agua-short-kid-fins-blue.jpg","type":"image\/jpeg"}],"twitter_card":"summary_large_image","twitter_misc":{"Pre\u021b":"795&nbsp;MDL","Disponibilitate":"\u00cen stoc"},"schema":{"@context":"https:\/\/schema.org","@graph":[{"@type":"WebPage","@id":"https:\/\/xstyle.md\/product\/lasty-cressi-sub-agua-short-kid-fins-blue\/","url":"https:\/\/xstyle.md\/product\/lasty-cressi-sub-agua-short-kid-fins-blue\/","name":"\u041b\u0430\u0441\u0442\u044b Cressi-Sub Agua Short Kid blue - \u041c\u0430\u0433\u0430\u0437\u0438\u043d Xstyle","isPartOf":{"@id":"https:\/\/xstyle.md\/#website"},"primaryImageOfPage":{"@id":"https:\/\/xstyle.md\/product\/lasty-cressi-sub-agua-short-kid-fins-blue\/#primaryimage"},"image":{"@id":"https:\/\/xstyle.md\/product\/lasty-cressi-sub-agua-short-kid-fins-blue\/#primaryimage"},"thumbnailUrl":"https:\/\/xstyle.md\/wp-content\/uploads\/2022\/09\/cressi-sub-agua-short-kid-fins-blue.jpg","datePublished":"2022-09-02T15:36:45+00:00","dateModified":"2025-12-18T13:53:02+00:00","description":"Lastele Cressi-Sub Agua Short Kid Fins de culoare albastr\u0103 sunt perfecte pentru copii. Ideale pentru \u00eenotul \u00een piscin\u0103 \u0219i \u00een ape libere. Reglaj confortabil!","breadcrumb":{"@id":"https:\/\/xstyle.md\/product\/lasty-cressi-sub-agua-short-kid-fins-blue\/#breadcrumb"},"inLanguage":"ro-RO","potentialAction":[{"@type":"ReadAction","target":["https:\/\/xstyle.md\/product\/lasty-cressi-sub-agua-short-kid-fins-blue\/"]}]},{"@type":"ImageObject","inLanguage":"ro-RO","@id":"https:\/\/xstyle.md\/product\/lasty-cressi-sub-agua-short-kid-fins-blue\/#primaryimage","url":"https:\/\/xstyle.md\/wp-content\/uploads\/2022\/09\/cressi-sub-agua-short-kid-fins-blue.jpg","contentUrl":"https:\/\/xstyle.md\/wp-content\/uploads\/2022\/09\/cressi-sub-agua-short-kid-fins-blue.jpg","width":1615,"height":1668,"caption":"\u041c\u0430\u043b\u0435\u043d\u044c\u043a\u0438\u0435 \u0433\u0438\u0434\u0440\u043e\u043a\u043e\u0441\u0442\u044e\u043c\u044b \u0438 \u0430\u043a\u0441\u0435\u0441\u0441\u0443\u0430\u0440\u044b \u0434\u043b\u044f \u0430\u043a\u0442\u0438\u0432\u043d\u043e\u0433\u043e \u043e\u0442\u0434\u044b\u0445\u0430, \u043f\u043b\u0430\u0432\u0430\u043d\u0438\u0435, \u043f\u043e\u0434\u0432\u043e\u0434\u043d\u043e\u0435 \u043f\u043b\u0430\u0432\u0430\u043d\u0438\u0435, \u043c\u0430\u0433\u0430\u0437\u0438\u043d \u0441\u043f\u043e\u0440\u0442\u0438\u0432\u043d\u043e\u0439 \u043e\u0434\u0435\u0436\u0434\u044b \u0438 \u043e\u0431\u0443\u0432\u0438 \u0434\u043b\u044f \u043f\u0443\u0442\u0435\u0448\u0435\u0441\u0442\u0432\u0438\u0439, \u0445\u0430\u0439\u043a\u0438\u043d\u0433\u0430 \u0438 \u0430\u043b\u044c\u043f\u0438\u043d\u0438\u0437\u043c\u0430"},{"@type":"BreadcrumbList","@id":"https:\/\/xstyle.md\/product\/lasty-cressi-sub-agua-short-kid-fins-blue\/#breadcrumb","itemListElement":[{"@type":"ListItem","position":1,"name":"\u0413\u043b\u0430\u0432\u043d\u0430\u044f \u0441\u0442\u0440\u0430\u043d\u0438\u0446\u0430","item":"https:\/\/xstyle.md\/"},{"@type":"ListItem","position":2,"name":"\u041c\u0430\u0433\u0430\u0437\u0438\u043d","item":"https:\/\/xstyle.md\/shop\/"},{"@type":"ListItem","position":3,"name":"\u041b\u0430\u0441\u0442\u044b Cressi-Sub Agua Short Kid blue"}]},{"@type":"WebSite","@id":"https:\/\/xstyle.md\/#website","url":"https:\/\/xstyle.md\/","name":"Magazinul X-Style","description":"Echipamente pentru turism \u0219i sporturi extreme \u00een Moldova. Pre\u021buri, fotografii, caracteristici \u00een Moldova.","publisher":{"@id":"https:\/\/xstyle.md\/#organization"},"alternateName":"X-Style","potentialAction":[{"@type":"SearchAction","target":{"@type":"EntryPoint","urlTemplate":"https:\/\/xstyle.md\/?s={search_term_string}"},"query-input":{"@type":"PropertyValueSpecification","valueRequired":true,"valueName":"search_term_string"}}],"inLanguage":"ro-RO"},{"@type":"Organization","@id":"https:\/\/xstyle.md\/#organization","name":"Magazinul X-Style","alternateName":"x-style","url":"https:\/\/xstyle.md\/","logo":{"@type":"ImageObject","inLanguage":"ro-RO","@id":"https:\/\/xstyle.md\/#\/schema\/logo\/image\/","url":"https:\/\/xstyle.md\/wp-content\/uploads\/2020\/06\/logoicon.svg","contentUrl":"https:\/\/xstyle.md\/wp-content\/uploads\/2020\/06\/logoicon.svg","caption":"\u041c\u0430\u0433\u0430\u0437\u0438\u043d Xstyle"},"image":{"@id":"https:\/\/xstyle.md\/#\/schema\/logo\/image\/"},"sameAs":["https:\/\/www.facebook.com\/xstylemd","https:\/\/www.instagram.com\/xstyle_md\/","https:\/\/t.me\/xstyle_outdoor"],"hasMerchantReturnPolicy":{"@type":"MerchantReturnPolicy","merchantReturnLink":"https:\/\/xstyle.md\/ro\/conditions\/"}}]},"product_price_amount":"795.00","product_price_currency":"MDL","og_availability":"instock","product_availability":"instock","product_retailer_item_id":"8022983068718","product_condition":"new"},"post_mailing_queue_ids":[],"_links":{"self":[{"href":"https:\/\/xstyle.md\/ro\/wp-json\/wp\/v2\/product\/54096","targetHints":{"allow":["GET"]}}],"collection":[{"href":"https:\/\/xstyle.md\/ro\/wp-json\/wp\/v2\/product"}],"about":[{"href":"https:\/\/xstyle.md\/ro\/wp-json\/wp\/v2\/types\/product"}],"replies":[{"embeddable":true,"href":"https:\/\/xstyle.md\/ro\/wp-json\/wp\/v2\/comments?post=54096"}],"wp:featuredmedia":[{"embeddable":true,"href":"https:\/\/xstyle.md\/ro\/wp-json\/wp\/v2\/media\/54323"}],"wp:attachment":[{"href":"https:\/\/xstyle.md\/ro\/wp-json\/wp\/v2\/media?parent=54096"}],"wp:term":[{"taxonomy":"product_brand","embeddable":true,"href":"https:\/\/xstyle.md\/ro\/wp-json\/wp\/v2\/product_brand?post=54096"},{"taxonomy":"product_cat","embeddable":true,"href":"https:\/\/xstyle.md\/ro\/wp-json\/wp\/v2\/product_cat?post=54096"},{"taxonomy":"product_tag","embeddable":true,"href":"https:\/\/xstyle.md\/ro\/wp-json\/wp\/v2\/product_tag?post=54096"}],"curies":[{"name":"wp","href":"https:\/\/api.w.org\/{rel}","templated":true}]}}