{"id":54085,"date":"2022-09-02T18:36:43","date_gmt":"2022-09-02T15:36:43","guid":{"rendered":"https:\/\/xstyle.md\/?post_type=product&#038;p=54085"},"modified":"2025-10-24T12:30:44","modified_gmt":"2025-10-24T09:30:44","slug":"tapochki-korallovye-cressi-sub-coral-shoes-blue-azure","status":"publish","type":"product","link":"https:\/\/xstyle.md\/ro\/produs\/tapochki-korallovye-cressi-sub-coral-shoes-blue-azure\/","title":{"rendered":"Papuci coral Cressi-Sub Coral Shoes blue\/azure"},"content":{"rendered":"<\/p>\n<p><strong>Cressi-Sub Coral Shoes blue\/azure<\/strong> &#8212; papuci de plaj\u0103 u\u0219ori, bine ajusta\u021bi, ideali pentru \u00eenot \u00een piscin\u0103, pe barc\u0103, pe plaj\u0103. Papucii v\u0103 protejeaz\u0103 piciorul de nisipul arz\u0103tor, st\u00e2nci, recife \u0219i arici de mare. Inser\u021biile din plas\u0103 de pe p\u0103r\u021bile laterale pentru fluxul liber de ap\u0103 \u0219i ventila\u021bie. Talpa flexibil\u0103 din silicon previne, de asemenea, alunecarea.<\/p>\n<h3>Particularit\u0103\u021bi<\/h3>\n<ul>\n<li>Fixat pe picior<\/li>\n<li>Pentru piscin\u0103, iaht, plaj\u0103<\/li>\n<li>Inser\u021bii din plas\u0103 pentru scurgerea apei \u0219i ventila\u021bie<\/li>\n<li>Buc\u0219\u0103 pentru c\u0103lc\u00e2i pentru o \u00eembr\u0103care u\u0219oar\u0103<\/li>\n<li>U\u0219or de \u00eentins la \u00eenc\u0103l\u021bare<\/li>\n<li>Talp\u0103 din silicon<\/li>\n<\/ul>\n<h3>Caracteristici<\/h3>\n<ul>\n<li>Partea superioar\u0103 &#8212; neopren<\/li>\n<li>Talp\u0103 &#8212; silicon<\/li>\n<li>Model &#8212; unisex<\/li>\n<\/ul>\n<h3>Marca<\/h3>\n<p>Cressi-Sub este unul dintre cei mai importan\u021bi produc\u0103tori de echipamente de snorkelling, scufund\u0103ri \u0219i pescuit subacvatic. Fondat\u0103 \u00een 1946 de fra\u021bii Egidio \u0219i Nanni Cressi, compania dezvolt\u0103 \u0219i lanseaz\u0103 \u00een mod constant noi produse. Istoria scufund\u0103rilor este str\u00e2ns legat\u0103 de cea a Cressi-Sub, iar multe dintre produsele lansate \u00een ultimii 70 de ani au revolu\u021bionat acest tip de activitate \u00een aer liber. Multe dintre inova\u021biile \u0219i inven\u021biile Cressi-Sub au fost adoptate ulterior de mul\u021bi produc\u0103tori de echipamente similare.<\/p>\n<p>Compania a fost \u00eentotdeauna de\u021binut\u0103 privat de familia Cressi. Prin urmare, facilit\u0103\u021bile de produc\u021bie nu sunt situate \u00een \u021b\u0103ri asiatice, ci \u00een ora\u0219ul italian Genova. Cu toate acestea, compania men\u021bine pre\u021buri rezonabile pentru \u00eentreaga gam\u0103 de produse, ceea ce este popular printre scafandrii cu orice buget. Filozofia Cressi este inspira\u021bie \u0219i inova\u021bie, dragoste pentru mare \u0219i produse elegante care \u00eendeplinesc cele mai \u00eenalte standarde de calitate.<\/p>\n<p><\/p>","protected":false},"excerpt":{"rendered":"","protected":false},"featured_media":54275,"comment_status":"open","ping_status":"closed","template":"","meta":{"_acf_changed":false,"inline_featured_image":false},"product_brand":[1451],"product_cat":[183],"product_tag":[],"class_list":{"0":"post-54085","1":"product","2":"type-product","3":"status-publish","4":"has-post-thumbnail","6":"product_brand-cressi-sub","7":"product_cat-aquashoes","9":"first","10":"instock","11":"shipping-taxable","12":"purchasable","13":"product-type-simple"},"acf":[],"yoast_head":"<!-- This site is optimized with the Yoast SEO plugin v27.4 - https:\/\/yoast.com\/product\/yoast-seo-wordpress\/ -->\n<title>\u0422\u0430\u043f\u043e\u0447\u043a\u0438 \u043a\u043e\u0440\u0430\u043b\u043b\u043e\u0432\u044b\u0435 Cressi-Sub Coral Shoes blue\/azure - \u041c\u0430\u0433\u0430\u0437\u0438\u043d Xstyle<\/title>\n<meta name=\"description\" content=\"\u0422\u0430\u043f\u043e\u0447\u043a\u0438 \u043a\u043e\u0440\u0430\u043b\u043b\u043e\u0432\u044b\u0435 Cressi-Sub Coral Shoes blue\/azure \u2014 \u043b\u0435\u0433\u043a\u0438\u0435 \u0438 \u0443\u0434\u043e\u0431\u043d\u044b\u0435! \u0418\u0434\u0435\u0430\u043b\u044c\u043d\u044b \u0434\u043b\u044f \u043f\u043b\u044f\u0436\u0430 \u0438 \u043f\u043b\u0430\u0432\u0430\u043d\u0438\u044f, \u0437\u0430\u0449\u0438\u0449\u0430\u044e\u0442 \u043e\u0442 \u0442\u0435\u043f\u043b\u0430 \u0438 \u043e\u0441\u0442\u0440\u044b\u0445 \u043e\u0431\u044a\u0435\u043a\u0442\u043e\u0432.\" \/>\n<meta name=\"robots\" content=\"index, follow, max-snippet:-1, max-image-preview:large, max-video-preview:-1\" \/>\n<link rel=\"canonical\" href=\"https:\/\/xstyle.md\/ro\/produs\/tapochki-korallovye-cressi-sub-coral-shoes-blue-azure\/\" \/>\n<meta property=\"og:locale\" content=\"ro_RO\" \/>\n<meta property=\"og:type\" content=\"article\" \/>\n<meta property=\"og:title\" content=\"\u0422\u0430\u043f\u043e\u0447\u043a\u0438 \u043a\u043e\u0440\u0430\u043b\u043b\u043e\u0432\u044b\u0435 Cressi-Sub Coral Shoes blue\/azure - \u041c\u0430\u0433\u0430\u0437\u0438\u043d Xstyle\" \/>\n<meta property=\"og:description\" content=\"\u0422\u0430\u043f\u043e\u0447\u043a\u0438 \u043a\u043e\u0440\u0430\u043b\u043b\u043e\u0432\u044b\u0435 Cressi-Sub Coral Shoes blue\/azure \u2014 \u043b\u0435\u0433\u043a\u0438\u0435 \u0438 \u0443\u0434\u043e\u0431\u043d\u044b\u0435! \u0418\u0434\u0435\u0430\u043b\u044c\u043d\u044b \u0434\u043b\u044f \u043f\u043b\u044f\u0436\u0430 \u0438 \u043f\u043b\u0430\u0432\u0430\u043d\u0438\u044f, \u0437\u0430\u0449\u0438\u0449\u0430\u044e\u0442 \u043e\u0442 \u0442\u0435\u043f\u043b\u0430 \u0438 \u043e\u0441\u0442\u0440\u044b\u0445 \u043e\u0431\u044a\u0435\u043a\u0442\u043e\u0432.\" \/>\n<meta property=\"og:url\" content=\"https:\/\/xstyle.md\/ro\/produs\/tapochki-korallovye-cressi-sub-coral-shoes-blue-azure\/\" \/>\n<meta property=\"og:site_name\" content=\"\u041c\u0430\u0433\u0430\u0437\u0438\u043d Xstyle\" \/>\n<meta property=\"article:publisher\" content=\"https:\/\/www.facebook.com\/xstylemd\" \/>\n<meta property=\"article:modified_time\" content=\"2025-10-24T09:30:44+00:00\" \/>\n<meta property=\"og:image\" content=\"https:\/\/xstyle.md\/wp-content\/uploads\/2022\/09\/cressi-sub-coral-shoes-blueazure.jpg\" \/>\n\t<meta property=\"og:image:width\" content=\"1000\" \/>\n\t<meta property=\"og:image:height\" content=\"1000\" \/>\n\t<meta property=\"og:image:type\" content=\"image\/jpeg\" \/>\n<meta name=\"twitter:card\" content=\"summary_large_image\" \/>\n<meta name=\"twitter:label1\" content=\"Pre\u021b\" \/>\n\t<meta name=\"twitter:data1\" content=\"330&nbsp;MDL\" \/>\n\t<meta name=\"twitter:label2\" content=\"Disponibilitate\" \/>\n\t<meta name=\"twitter:data2\" content=\"\u00cen stoc\" \/>\n<script type=\"application\/ld+json\" class=\"yoast-schema-graph\">{\"@context\":\"https:\\\/\\\/schema.org\",\"@graph\":[{\"@type\":\"WebPage\",\"@id\":\"https:\\\/\\\/xstyle.md\\\/product\\\/tapochki-korallovye-cressi-sub-coral-shoes-blue-azure\\\/\",\"url\":\"https:\\\/\\\/xstyle.md\\\/product\\\/tapochki-korallovye-cressi-sub-coral-shoes-blue-azure\\\/\",\"name\":\"\u0422\u0430\u043f\u043e\u0447\u043a\u0438 \u043a\u043e\u0440\u0430\u043b\u043b\u043e\u0432\u044b\u0435 Cressi-Sub Coral Shoes blue\\\/azure - \u041c\u0430\u0433\u0430\u0437\u0438\u043d Xstyle\",\"isPartOf\":{\"@id\":\"https:\\\/\\\/xstyle.md\\\/#website\"},\"primaryImageOfPage\":{\"@id\":\"https:\\\/\\\/xstyle.md\\\/product\\\/tapochki-korallovye-cressi-sub-coral-shoes-blue-azure\\\/#primaryimage\"},\"image\":{\"@id\":\"https:\\\/\\\/xstyle.md\\\/product\\\/tapochki-korallovye-cressi-sub-coral-shoes-blue-azure\\\/#primaryimage\"},\"thumbnailUrl\":\"https:\\\/\\\/xstyle.md\\\/wp-content\\\/uploads\\\/2022\\\/09\\\/cressi-sub-coral-shoes-blueazure.jpg\",\"datePublished\":\"2022-09-02T15:36:43+00:00\",\"dateModified\":\"2025-10-24T09:30:44+00:00\",\"description\":\"\u0422\u0430\u043f\u043e\u0447\u043a\u0438 \u043a\u043e\u0440\u0430\u043b\u043b\u043e\u0432\u044b\u0435 Cressi-Sub Coral Shoes blue\\\/azure \u2014 \u043b\u0435\u0433\u043a\u0438\u0435 \u0438 \u0443\u0434\u043e\u0431\u043d\u044b\u0435! \u0418\u0434\u0435\u0430\u043b\u044c\u043d\u044b \u0434\u043b\u044f \u043f\u043b\u044f\u0436\u0430 \u0438 \u043f\u043b\u0430\u0432\u0430\u043d\u0438\u044f, \u0437\u0430\u0449\u0438\u0449\u0430\u044e\u0442 \u043e\u0442 \u0442\u0435\u043f\u043b\u0430 \u0438 \u043e\u0441\u0442\u0440\u044b\u0445 \u043e\u0431\u044a\u0435\u043a\u0442\u043e\u0432.\",\"breadcrumb\":{\"@id\":\"https:\\\/\\\/xstyle.md\\\/product\\\/tapochki-korallovye-cressi-sub-coral-shoes-blue-azure\\\/#breadcrumb\"},\"inLanguage\":\"ro-RO\",\"potentialAction\":[{\"@type\":\"ReadAction\",\"target\":[\"https:\\\/\\\/xstyle.md\\\/product\\\/tapochki-korallovye-cressi-sub-coral-shoes-blue-azure\\\/\"]}]},{\"@type\":\"ImageObject\",\"inLanguage\":\"ro-RO\",\"@id\":\"https:\\\/\\\/xstyle.md\\\/product\\\/tapochki-korallovye-cressi-sub-coral-shoes-blue-azure\\\/#primaryimage\",\"url\":\"https:\\\/\\\/xstyle.md\\\/wp-content\\\/uploads\\\/2022\\\/09\\\/cressi-sub-coral-shoes-blueazure.jpg\",\"contentUrl\":\"https:\\\/\\\/xstyle.md\\\/wp-content\\\/uploads\\\/2022\\\/09\\\/cressi-sub-coral-shoes-blueazure.jpg\",\"width\":1000,\"height\":1000,\"caption\":\"\u041a\u043e\u0440\u0430\u043b\u043b\u043e\u0432\u044b\u0435 \u0442\u0430\u043f\u043e\u0447\u043a\u0438 Cressi-Sub \u0434\u043b\u044f \u0430\u043a\u0442\u0438\u0432\u043d\u043e\u0433\u043e \u043e\u0442\u0434\u044b\u0445\u0430, \u043f\u043b\u0430\u0432\u0430\u043d\u0438\u044f \u0438 \u043f\u0443\u0442\u0435\u0448\u0435\u0441\u0442\u0432\u0438\u0439, \u043e\u0431\u0443\u0432\u044c \u0434\u043b\u044f \u0433\u043c\u043a \u0438 \u0445\u0430\u0439\u043a\u0438\u043d\u0433\u0430 \u0434\u043b\u044f \u0438\u043d\u0442\u0435\u0440\u043d\u0435\u0442-\u043c\u0430\u0433\u0430\u0437\u0438\u043d\u0430 \u0441\u043f\u043e\u0440\u0442\u0438\u0432\u043d\u043e\u0439 \u043e\u0434\u0435\u0436\u0434\u044b \u0438 \u043e\u0431\u0443\u0432\u0438\"},{\"@type\":\"BreadcrumbList\",\"@id\":\"https:\\\/\\\/xstyle.md\\\/product\\\/tapochki-korallovye-cressi-sub-coral-shoes-blue-azure\\\/#breadcrumb\",\"itemListElement\":[{\"@type\":\"ListItem\",\"position\":1,\"name\":\"\u0413\u043b\u0430\u0432\u043d\u0430\u044f \u0441\u0442\u0440\u0430\u043d\u0438\u0446\u0430\",\"item\":\"https:\\\/\\\/xstyle.md\\\/\"},{\"@type\":\"ListItem\",\"position\":2,\"name\":\"\u041c\u0430\u0433\u0430\u0437\u0438\u043d\",\"item\":\"https:\\\/\\\/xstyle.md\\\/shop\\\/\"},{\"@type\":\"ListItem\",\"position\":3,\"name\":\"\u0422\u0430\u043f\u043e\u0447\u043a\u0438 \u043a\u043e\u0440\u0430\u043b\u043b\u043e\u0432\u044b\u0435 Cressi-Sub Coral Shoes blue\\\/azure\"}]},{\"@type\":\"WebSite\",\"@id\":\"https:\\\/\\\/xstyle.md\\\/#website\",\"url\":\"https:\\\/\\\/xstyle.md\\\/\",\"name\":\"\u041c\u0430\u0433\u0430\u0437\u0438\u043d Xstyle\",\"description\":\"C\u043d\u0430\u0440\u044f\u0436\u0435\u043d\u0438\u0435 \u0434\u043b\u044f \u0442\u0443\u0440\u0438\u0437\u043c\u0430 \u0438 \u044d\u043a\u0441\u0442\u0440\u0435\u043c\u0430\u043b\u044c\u043d\u044b\u0445 \u0432\u0438\u0434\u043e\u0432 \u0441\u043f\u043e\u0440\u0442\u0430 \u0432 \u041c\u043e\u043b\u0434\u043e\u0432\u0435.. \u0426\u0435\u043d\u044b, \u0444\u043e\u0442\u043e, \u0445\u0430\u0440\u0430\u043a\u0442\u0435\u0440\u0438\u0441\u0442\u0438\u043a\u0438 \u0432 \u041c\u043e\u043b\u0434\u043e\u0432\u0435.\",\"publisher\":{\"@id\":\"https:\\\/\\\/xstyle.md\\\/#organization\"},\"alternateName\":\"X-Style\",\"potentialAction\":[{\"@type\":\"SearchAction\",\"target\":{\"@type\":\"EntryPoint\",\"urlTemplate\":\"https:\\\/\\\/xstyle.md\\\/?s={search_term_string}\"},\"query-input\":{\"@type\":\"PropertyValueSpecification\",\"valueRequired\":true,\"valueName\":\"search_term_string\"}}],\"inLanguage\":\"ro-RO\"},{\"@type\":\"Organization\",\"@id\":\"https:\\\/\\\/xstyle.md\\\/#organization\",\"name\":\"\u041c\u0430\u0433\u0430\u0437\u0438\u043d Xstyle\",\"alternateName\":\"x-style\",\"url\":\"https:\\\/\\\/xstyle.md\\\/\",\"logo\":{\"@type\":\"ImageObject\",\"inLanguage\":\"ro-RO\",\"@id\":\"https:\\\/\\\/xstyle.md\\\/#\\\/schema\\\/logo\\\/image\\\/\",\"url\":\"https:\\\/\\\/xstyle.md\\\/wp-content\\\/uploads\\\/2020\\\/06\\\/logoicon.svg\",\"contentUrl\":\"https:\\\/\\\/xstyle.md\\\/wp-content\\\/uploads\\\/2020\\\/06\\\/logoicon.svg\",\"caption\":\"\u041c\u0430\u0433\u0430\u0437\u0438\u043d Xstyle\"},\"image\":{\"@id\":\"https:\\\/\\\/xstyle.md\\\/#\\\/schema\\\/logo\\\/image\\\/\"},\"sameAs\":[\"https:\\\/\\\/www.facebook.com\\\/xstylemd\",\"https:\\\/\\\/www.instagram.com\\\/xstyle_md\\\/\",\"https:\\\/\\\/t.me\\\/xstyle_outdoor\"],\"hasMerchantReturnPolicy\":{\"@type\":\"MerchantReturnPolicy\",\"merchantReturnLink\":\"https:\\\/\\\/xstyle.md\\\/ro\\\/conditions\\\/\"}}]}<\/script>\n<meta property=\"product:price:amount\" content=\"330.00\" \/>\n<meta property=\"product:price:currency\" content=\"MDL\" \/>\n<meta property=\"og:availability\" content=\"instock\" \/>\n<meta property=\"product:availability\" content=\"instock\" \/>\n<meta property=\"product:retailer_item_id\" content=\"8022983031187\" \/>\n<meta property=\"product:condition\" content=\"new\" \/>\n<!-- \/ Yoast SEO plugin. -->","yoast_head_json":{"title":"Papuci coral Cressi-Sub Coral Shoes blue\/azure - Magazin Xstyle","description":"Papuci corali Cressi-Sub Coral Shoes albastru\/azuriu \u2014 u\u0219ori \u0219i confortabili! Ideali pentru plaj\u0103 \u0219i \u00eenot, protejeaz\u0103 de c\u0103ldur\u0103 \u0219i obiecte ascu\u021bite.","robots":{"index":"index","follow":"follow","max-snippet":"max-snippet:-1","max-image-preview":"max-image-preview:large","max-video-preview":"max-video-preview:-1"},"canonical":"https:\/\/xstyle.md\/ro\/produs\/tapochki-korallovye-cressi-sub-coral-shoes-blue-azure\/","og_locale":"ro_RO","og_type":"article","og_title":"\u0422\u0430\u043f\u043e\u0447\u043a\u0438 \u043a\u043e\u0440\u0430\u043b\u043b\u043e\u0432\u044b\u0435 Cressi-Sub Coral Shoes blue\/azure - \u041c\u0430\u0433\u0430\u0437\u0438\u043d Xstyle","og_description":"\u0422\u0430\u043f\u043e\u0447\u043a\u0438 \u043a\u043e\u0440\u0430\u043b\u043b\u043e\u0432\u044b\u0435 Cressi-Sub Coral Shoes blue\/azure \u2014 \u043b\u0435\u0433\u043a\u0438\u0435 \u0438 \u0443\u0434\u043e\u0431\u043d\u044b\u0435! \u0418\u0434\u0435\u0430\u043b\u044c\u043d\u044b \u0434\u043b\u044f \u043f\u043b\u044f\u0436\u0430 \u0438 \u043f\u043b\u0430\u0432\u0430\u043d\u0438\u044f, \u0437\u0430\u0449\u0438\u0449\u0430\u044e\u0442 \u043e\u0442 \u0442\u0435\u043f\u043b\u0430 \u0438 \u043e\u0441\u0442\u0440\u044b\u0445 \u043e\u0431\u044a\u0435\u043a\u0442\u043e\u0432.","og_url":"https:\/\/xstyle.md\/ro\/produs\/tapochki-korallovye-cressi-sub-coral-shoes-blue-azure\/","og_site_name":"\u041c\u0430\u0433\u0430\u0437\u0438\u043d Xstyle","article_publisher":"https:\/\/www.facebook.com\/xstylemd","article_modified_time":"2025-10-24T09:30:44+00:00","og_image":[{"width":1000,"height":1000,"url":"https:\/\/xstyle.md\/wp-content\/uploads\/2022\/09\/cressi-sub-coral-shoes-blueazure.jpg","type":"image\/jpeg"}],"twitter_card":"summary_large_image","twitter_misc":{"Pre\u021b":"330&nbsp;MDL","Disponibilitate":"\u00cen stoc"},"schema":{"@context":"https:\/\/schema.org","@graph":[{"@type":"WebPage","@id":"https:\/\/xstyle.md\/product\/tapochki-korallovye-cressi-sub-coral-shoes-blue-azure\/","url":"https:\/\/xstyle.md\/product\/tapochki-korallovye-cressi-sub-coral-shoes-blue-azure\/","name":"Papuci coral Cressi-Sub Coral Shoes blue\/azure - Magazin Xstyle","isPartOf":{"@id":"https:\/\/xstyle.md\/#website"},"primaryImageOfPage":{"@id":"https:\/\/xstyle.md\/product\/tapochki-korallovye-cressi-sub-coral-shoes-blue-azure\/#primaryimage"},"image":{"@id":"https:\/\/xstyle.md\/product\/tapochki-korallovye-cressi-sub-coral-shoes-blue-azure\/#primaryimage"},"thumbnailUrl":"https:\/\/xstyle.md\/wp-content\/uploads\/2022\/09\/cressi-sub-coral-shoes-blueazure.jpg","datePublished":"2022-09-02T15:36:43+00:00","dateModified":"2025-10-24T09:30:44+00:00","description":"Papuci corali Cressi-Sub Coral Shoes albastru\/azuriu \u2014 u\u0219ori \u0219i confortabili! Ideali pentru plaj\u0103 \u0219i \u00eenot, protejeaz\u0103 de c\u0103ldur\u0103 \u0219i obiecte ascu\u021bite.","breadcrumb":{"@id":"https:\/\/xstyle.md\/product\/tapochki-korallovye-cressi-sub-coral-shoes-blue-azure\/#breadcrumb"},"inLanguage":"ro-RO","potentialAction":[{"@type":"ReadAction","target":["https:\/\/xstyle.md\/product\/tapochki-korallovye-cressi-sub-coral-shoes-blue-azure\/"]}]},{"@type":"ImageObject","inLanguage":"ro-RO","@id":"https:\/\/xstyle.md\/product\/tapochki-korallovye-cressi-sub-coral-shoes-blue-azure\/#primaryimage","url":"https:\/\/xstyle.md\/wp-content\/uploads\/2022\/09\/cressi-sub-coral-shoes-blueazure.jpg","contentUrl":"https:\/\/xstyle.md\/wp-content\/uploads\/2022\/09\/cressi-sub-coral-shoes-blueazure.jpg","width":1000,"height":1000,"caption":"\u041a\u043e\u0440\u0430\u043b\u043b\u043e\u0432\u044b\u0435 \u0442\u0430\u043f\u043e\u0447\u043a\u0438 Cressi-Sub \u0434\u043b\u044f \u0430\u043a\u0442\u0438\u0432\u043d\u043e\u0433\u043e \u043e\u0442\u0434\u044b\u0445\u0430, \u043f\u043b\u0430\u0432\u0430\u043d\u0438\u044f \u0438 \u043f\u0443\u0442\u0435\u0448\u0435\u0441\u0442\u0432\u0438\u0439, \u043e\u0431\u0443\u0432\u044c \u0434\u043b\u044f \u0433\u043c\u043a \u0438 \u0445\u0430\u0439\u043a\u0438\u043d\u0433\u0430 \u0434\u043b\u044f \u0438\u043d\u0442\u0435\u0440\u043d\u0435\u0442-\u043c\u0430\u0433\u0430\u0437\u0438\u043d\u0430 \u0441\u043f\u043e\u0440\u0442\u0438\u0432\u043d\u043e\u0439 \u043e\u0434\u0435\u0436\u0434\u044b \u0438 \u043e\u0431\u0443\u0432\u0438"},{"@type":"BreadcrumbList","@id":"https:\/\/xstyle.md\/product\/tapochki-korallovye-cressi-sub-coral-shoes-blue-azure\/#breadcrumb","itemListElement":[{"@type":"ListItem","position":1,"name":"\u0413\u043b\u0430\u0432\u043d\u0430\u044f \u0441\u0442\u0440\u0430\u043d\u0438\u0446\u0430","item":"https:\/\/xstyle.md\/"},{"@type":"ListItem","position":2,"name":"\u041c\u0430\u0433\u0430\u0437\u0438\u043d","item":"https:\/\/xstyle.md\/shop\/"},{"@type":"ListItem","position":3,"name":"\u0422\u0430\u043f\u043e\u0447\u043a\u0438 \u043a\u043e\u0440\u0430\u043b\u043b\u043e\u0432\u044b\u0435 Cressi-Sub Coral Shoes blue\/azure"}]},{"@type":"WebSite","@id":"https:\/\/xstyle.md\/#website","url":"https:\/\/xstyle.md\/","name":"Magazinul X-Style","description":"Echipamente pentru turism \u0219i sporturi extreme \u00een Moldova. Pre\u021buri, fotografii, caracteristici \u00een Moldova.","publisher":{"@id":"https:\/\/xstyle.md\/#organization"},"alternateName":"X-Style","potentialAction":[{"@type":"SearchAction","target":{"@type":"EntryPoint","urlTemplate":"https:\/\/xstyle.md\/?s={search_term_string}"},"query-input":{"@type":"PropertyValueSpecification","valueRequired":true,"valueName":"search_term_string"}}],"inLanguage":"ro-RO"},{"@type":"Organization","@id":"https:\/\/xstyle.md\/#organization","name":"Magazinul X-Style","alternateName":"x-style","url":"https:\/\/xstyle.md\/","logo":{"@type":"ImageObject","inLanguage":"ro-RO","@id":"https:\/\/xstyle.md\/#\/schema\/logo\/image\/","url":"https:\/\/xstyle.md\/wp-content\/uploads\/2020\/06\/logoicon.svg","contentUrl":"https:\/\/xstyle.md\/wp-content\/uploads\/2020\/06\/logoicon.svg","caption":"\u041c\u0430\u0433\u0430\u0437\u0438\u043d Xstyle"},"image":{"@id":"https:\/\/xstyle.md\/#\/schema\/logo\/image\/"},"sameAs":["https:\/\/www.facebook.com\/xstylemd","https:\/\/www.instagram.com\/xstyle_md\/","https:\/\/t.me\/xstyle_outdoor"],"hasMerchantReturnPolicy":{"@type":"MerchantReturnPolicy","merchantReturnLink":"https:\/\/xstyle.md\/ro\/conditions\/"}}]},"product_price_amount":"330.00","product_price_currency":"MDL","og_availability":"instock","product_availability":"instock","product_retailer_item_id":"8022983031187","product_condition":"new"},"_links":{"self":[{"href":"https:\/\/xstyle.md\/ro\/wp-json\/wp\/v2\/product\/54085","targetHints":{"allow":["GET"]}}],"collection":[{"href":"https:\/\/xstyle.md\/ro\/wp-json\/wp\/v2\/product"}],"about":[{"href":"https:\/\/xstyle.md\/ro\/wp-json\/wp\/v2\/types\/product"}],"replies":[{"embeddable":true,"href":"https:\/\/xstyle.md\/ro\/wp-json\/wp\/v2\/comments?post=54085"}],"wp:featuredmedia":[{"embeddable":true,"href":"https:\/\/xstyle.md\/ro\/wp-json\/wp\/v2\/media\/54275"}],"wp:attachment":[{"href":"https:\/\/xstyle.md\/ro\/wp-json\/wp\/v2\/media?parent=54085"}],"wp:term":[{"taxonomy":"product_brand","embeddable":true,"href":"https:\/\/xstyle.md\/ro\/wp-json\/wp\/v2\/product_brand?post=54085"},{"taxonomy":"product_cat","embeddable":true,"href":"https:\/\/xstyle.md\/ro\/wp-json\/wp\/v2\/product_cat?post=54085"},{"taxonomy":"product_tag","embeddable":true,"href":"https:\/\/xstyle.md\/ro\/wp-json\/wp\/v2\/product_tag?post=54085"}],"curies":[{"name":"wp","href":"https:\/\/api.w.org\/{rel}","templated":true}]}}