{"id":54076,"date":"2022-09-02T18:36:41","date_gmt":"2022-09-02T15:36:41","guid":{"rendered":"https:\/\/xstyle.md\/?post_type=product&#038;p=54076"},"modified":"2025-11-19T13:46:19","modified_gmt":"2025-11-19T10:46:19","slug":"muzhskoj-gidrokostyum-cressi-sub-fast-monopiece-wetsuit-7mm","status":"publish","type":"product","link":"https:\/\/xstyle.md\/ro\/produs\/muzhskoj-gidrokostyum-cressi-sub-fast-monopiece-wetsuit-7mm\/","title":{"rendered":"Costum de neopren pentru b\u0103rba\u021bi Cressi-Sub Fast Monopiece Wetsuit 7mm"},"content":{"rendered":"<\/p>\n<p><strong>Cressi-Sub Fast Monopiece Wetsuit 7mm<\/strong> &#8212; costum de neopren pentru b\u0103rba\u021bi ideal pentru scufund\u0103ri sau snorkeling \u00een ape cu o temperatur\u0103 medie de 10-18 \u00b0C. Neoprenul durabil cu c\u0103ptu\u0219eal\u0103 dubl\u0103 de 7 mm rezist\u0103 excelent la compresie la ad\u00e2ncime \u0219i maximizeaz\u0103 reten\u021bia c\u0103ldurii corporale. Genunchii preforma\u021bi sporesc flexibilitatea pentru o \u00eembr\u0103care mai u\u0219oar\u0103 a aripioarelor.<\/p>\n<p>Fermoarul YKK\u00ae din spate are un sistem de etan\u0219are Aquastop\u00ae cu neopren neted \u0219i fermoar interior pentru a minimiza p\u0103trunderea apei. \u00cenchiderea g\u00e2tului are un design mult \u00eembun\u0103t\u0103\u021bit care reduce intrarea apei \u00een aceast\u0103 zon\u0103 critic\u0103. G\u00e2tul anatomic este preformat la un unghi de 120\u00ba pentru confort maxim.<\/p>\n<p>Zona genunchilor \u0219i curelele de um\u0103r cu arm\u0103tur\u0103 elastic\u0103 Tatex\u00ae rezistent\u0103 la abraziune. Acest tip de ranforsare practic nu limiteaz\u0103 elasticitatea neoprenului, asigur\u0103 o ranforsare suficient\u0103 \u0219i faciliteaz\u0103 pozi\u021bionarea costumului de neopren. C\u0103ptu\u0219eal\u0103 din nailon deosebit de elastic\u0103 at\u00e2t pe partea interioar\u0103, c\u00e2t \u0219i pe cea exterioar\u0103, pentru a optimiza elasticitatea neoprenului.<\/p>\n<h3>Particularit\u0103\u021bi<\/h3>\n<ul>\n<li>Costum de neopren dintr-o singur\u0103 pies\u0103, gros de 7 mm, fabricat din neopren cu c\u0103ptu\u0219eal\u0103 dubl\u0103<\/li>\n<li>Neopren Ultraspan pe bra\u021be \u0219i vi\u021bei<\/li>\n<li>Genunchi preforma\u021bi<\/li>\n<li>Fermoar spate YKK cu c\u0103ptu\u0219eal\u0103 inferioar\u0103 \u0219i sistem de protec\u021bie \u00eempotriva apei<\/li>\n<li>Ranforsare anti-abraziune pe genunchi<\/li>\n<li>\u00cencheieturi \u0219i glezne cu sistem de protec\u021bie \u00eempotriva apei \/ sigilii impermeabile<\/li>\n<\/ul>\n<h3>Caracteristici<\/h3>\n<ul>\n<li>Material &#8212; neopren Ultraspan<\/li>\n<li>Grosime &#8212; 7 mm<\/li>\n<li>Temperatur\u0103 &#8212; 10-18 \u00b0C<\/li>\n<li>Certificare &#8212; EN 14225-1 : B<\/li>\n<li>Model - b\u0103rba\u021bi<\/li>\n<\/ul>\n<h3>Marca<\/h3>\n<p>Cressi-Sub este unul dintre cei mai importan\u021bi produc\u0103tori de echipamente de snorkelling, scufund\u0103ri \u0219i pescuit subacvatic. Fondat\u0103 \u00een 1946 de fra\u021bii Egidio \u0219i Nanni Cressi, compania dezvolt\u0103 \u0219i lanseaz\u0103 \u00een mod constant noi produse. Istoria scufund\u0103rilor este str\u00e2ns legat\u0103 de cea a Cressi-Sub, iar multe dintre produsele lansate \u00een ultimii 70 de ani au revolu\u021bionat acest tip de activitate \u00een aer liber. Multe dintre inova\u021biile \u0219i inven\u021biile Cressi-Sub au fost adoptate ulterior de mul\u021bi produc\u0103tori de echipamente similare.<\/p>\n<p>Compania a fost \u00eentotdeauna de\u021binut\u0103 privat de familia Cressi. Prin urmare, facilit\u0103\u021bile de produc\u021bie nu sunt situate \u00een \u021b\u0103ri asiatice, ci \u00een ora\u0219ul italian Genova. Cu toate acestea, compania men\u021bine pre\u021buri rezonabile pentru \u00eentreaga gam\u0103 de produse, ceea ce este popular printre scafandrii cu orice buget. Filozofia Cressi este inspira\u021bie \u0219i inova\u021bie, dragoste pentru mare \u0219i produse elegante care \u00eendeplinesc cele mai \u00eenalte standarde de calitate.<\/p>\n<p><\/p>","protected":false},"excerpt":{"rendered":"","protected":false},"featured_media":54676,"comment_status":"open","ping_status":"closed","template":"","meta":{"_acf_changed":false,"inline_featured_image":false},"product_brand":[1451],"product_cat":[180],"product_tag":[],"class_list":{"0":"post-54076","1":"product","2":"type-product","3":"status-publish","4":"has-post-thumbnail","6":"product_brand-cressi-sub","7":"product_cat-neoprene-suits-and-accessories","9":"first","10":"instock","11":"shipping-taxable","12":"purchasable","13":"product-type-simple"},"acf":[],"yoast_head":"<!-- This site is optimized with the Yoast SEO plugin v27.2 - https:\/\/yoast.com\/product\/yoast-seo-wordpress\/ -->\n<title>\u041c\u0443\u0436\u0441\u043a\u043e\u0439 \u0433\u0438\u0434\u0440\u043e\u043a\u043e\u0441\u0442\u044e\u043c Cressi-Sub Fast Monopiece Wetsuit 7mm - \u041c\u0430\u0433\u0430\u0437\u0438\u043d Xstyle<\/title>\n<meta name=\"description\" content=\"\u0413\u0438\u0434\u0440\u043e\u043a\u043e\u0441\u0442\u044e\u043c Cressi-Sub Fast Monopiece 7\u043c\u043c \u0434\u043b\u044f \u043c\u0443\u0436\u0447\u0438\u043d \u0438\u0434\u0435\u0430\u043b\u044c\u043d\u043e \u043f\u043e\u0434\u0445\u043e\u0434\u0438\u0442 \u0434\u043b\u044f \u0434\u0430\u0439\u0432\u0438\u043d\u0433\u0430 \u0438 \u0441\u043d\u043e\u0440\u043a\u0435\u043b\u0438\u043d\u0433\u0430 \u0432 \u0443\u0441\u043b\u043e\u0432\u0438\u044f\u0445 \u0441\u0440\u0435\u0434\u043d\u0435\u0439 \u0442\u0435\u043c\u043f\u0435\u0440\u0430\u0442\u0443\u0440\u044b 10-18\u00b0C.\" \/>\n<meta name=\"robots\" content=\"index, follow, max-snippet:-1, max-image-preview:large, max-video-preview:-1\" \/>\n<link rel=\"canonical\" href=\"https:\/\/xstyle.md\/ro\/produs\/muzhskoj-gidrokostyum-cressi-sub-fast-monopiece-wetsuit-7mm\/\" \/>\n<meta property=\"og:locale\" content=\"ro_RO\" \/>\n<meta property=\"og:type\" content=\"article\" \/>\n<meta property=\"og:title\" content=\"\u041c\u0443\u0436\u0441\u043a\u043e\u0439 \u0433\u0438\u0434\u0440\u043e\u043a\u043e\u0441\u0442\u044e\u043c Cressi-Sub Fast Monopiece Wetsuit 7mm - \u041c\u0430\u0433\u0430\u0437\u0438\u043d Xstyle\" \/>\n<meta property=\"og:description\" content=\"\u0413\u0438\u0434\u0440\u043e\u043a\u043e\u0441\u0442\u044e\u043c Cressi-Sub Fast Monopiece 7\u043c\u043c \u0434\u043b\u044f \u043c\u0443\u0436\u0447\u0438\u043d \u0438\u0434\u0435\u0430\u043b\u044c\u043d\u043e \u043f\u043e\u0434\u0445\u043e\u0434\u0438\u0442 \u0434\u043b\u044f \u0434\u0430\u0439\u0432\u0438\u043d\u0433\u0430 \u0438 \u0441\u043d\u043e\u0440\u043a\u0435\u043b\u0438\u043d\u0433\u0430 \u0432 \u0443\u0441\u043b\u043e\u0432\u0438\u044f\u0445 \u0441\u0440\u0435\u0434\u043d\u0435\u0439 \u0442\u0435\u043c\u043f\u0435\u0440\u0430\u0442\u0443\u0440\u044b 10-18\u00b0C.\" \/>\n<meta property=\"og:url\" content=\"https:\/\/xstyle.md\/ro\/produs\/muzhskoj-gidrokostyum-cressi-sub-fast-monopiece-wetsuit-7mm\/\" \/>\n<meta property=\"og:site_name\" content=\"\u041c\u0430\u0433\u0430\u0437\u0438\u043d Xstyle\" \/>\n<meta property=\"article:publisher\" content=\"https:\/\/www.facebook.com\/xstylemd\" \/>\n<meta property=\"article:modified_time\" content=\"2025-11-19T10:46:19+00:00\" \/>\n<meta property=\"og:image\" content=\"https:\/\/xstyle.md\/wp-content\/uploads\/2022\/09\/cressi-sub-fast-monopiece-wetsuit-7mm-scaled.jpg\" \/>\n\t<meta property=\"og:image:width\" content=\"2476\" \/>\n\t<meta property=\"og:image:height\" content=\"2560\" \/>\n\t<meta property=\"og:image:type\" content=\"image\/jpeg\" \/>\n<meta name=\"twitter:card\" content=\"summary_large_image\" \/>\n<meta name=\"twitter:label1\" content=\"Pre\u021b\" \/>\n\t<meta name=\"twitter:data1\" content=\"5.990&nbsp;MDL\" \/>\n\t<meta name=\"twitter:label2\" content=\"Disponibilitate\" \/>\n\t<meta name=\"twitter:data2\" content=\"\u00cen stoc\" \/>\n<script type=\"application\/ld+json\" class=\"yoast-schema-graph\">{\"@context\":\"https:\/\/schema.org\",\"@graph\":[{\"@type\":\"WebPage\",\"@id\":\"https:\/\/xstyle.md\/product\/muzhskoj-gidrokostyum-cressi-sub-fast-monopiece-wetsuit-7mm\/\",\"url\":\"https:\/\/xstyle.md\/product\/muzhskoj-gidrokostyum-cressi-sub-fast-monopiece-wetsuit-7mm\/\",\"name\":\"\u041c\u0443\u0436\u0441\u043a\u043e\u0439 \u0433\u0438\u0434\u0440\u043e\u043a\u043e\u0441\u0442\u044e\u043c Cressi-Sub Fast Monopiece Wetsuit 7mm - \u041c\u0430\u0433\u0430\u0437\u0438\u043d Xstyle\",\"isPartOf\":{\"@id\":\"https:\/\/xstyle.md\/#website\"},\"primaryImageOfPage\":{\"@id\":\"https:\/\/xstyle.md\/product\/muzhskoj-gidrokostyum-cressi-sub-fast-monopiece-wetsuit-7mm\/#primaryimage\"},\"image\":{\"@id\":\"https:\/\/xstyle.md\/product\/muzhskoj-gidrokostyum-cressi-sub-fast-monopiece-wetsuit-7mm\/#primaryimage\"},\"thumbnailUrl\":\"https:\/\/xstyle.md\/wp-content\/uploads\/2022\/09\/cressi-sub-fast-monopiece-wetsuit-7mm-scaled.jpg\",\"datePublished\":\"2022-09-02T15:36:41+00:00\",\"dateModified\":\"2025-11-19T10:46:19+00:00\",\"description\":\"\u0413\u0438\u0434\u0440\u043e\u043a\u043e\u0441\u0442\u044e\u043c Cressi-Sub Fast Monopiece 7\u043c\u043c \u0434\u043b\u044f \u043c\u0443\u0436\u0447\u0438\u043d \u0438\u0434\u0435\u0430\u043b\u044c\u043d\u043e \u043f\u043e\u0434\u0445\u043e\u0434\u0438\u0442 \u0434\u043b\u044f \u0434\u0430\u0439\u0432\u0438\u043d\u0433\u0430 \u0438 \u0441\u043d\u043e\u0440\u043a\u0435\u043b\u0438\u043d\u0433\u0430 \u0432 \u0443\u0441\u043b\u043e\u0432\u0438\u044f\u0445 \u0441\u0440\u0435\u0434\u043d\u0435\u0439 \u0442\u0435\u043c\u043f\u0435\u0440\u0430\u0442\u0443\u0440\u044b 10-18\u00b0C.\",\"breadcrumb\":{\"@id\":\"https:\/\/xstyle.md\/product\/muzhskoj-gidrokostyum-cressi-sub-fast-monopiece-wetsuit-7mm\/#breadcrumb\"},\"inLanguage\":\"ro-RO\",\"potentialAction\":[{\"@type\":\"ReadAction\",\"target\":[\"https:\/\/xstyle.md\/product\/muzhskoj-gidrokostyum-cressi-sub-fast-monopiece-wetsuit-7mm\/\"]}]},{\"@type\":\"ImageObject\",\"inLanguage\":\"ro-RO\",\"@id\":\"https:\/\/xstyle.md\/product\/muzhskoj-gidrokostyum-cressi-sub-fast-monopiece-wetsuit-7mm\/#primaryimage\",\"url\":\"https:\/\/xstyle.md\/wp-content\/uploads\/2022\/09\/cressi-sub-fast-monopiece-wetsuit-7mm-scaled.jpg\",\"contentUrl\":\"https:\/\/xstyle.md\/wp-content\/uploads\/2022\/09\/cressi-sub-fast-monopiece-wetsuit-7mm-scaled.jpg\",\"width\":1857,\"height\":1920,\"caption\":\"\u041c\u0443\u0436\u0441\u043a\u043e\u0439 \u0433\u0438\u0434\u0440\u043e\u043a\u043e\u0441\u0442\u044e\u043c Cressi-Sub Fast Monopiece 7\u043c\u043c \u0434\u043b\u044f \u0430\u043a\u0442\u0438\u0432\u043d\u043e\u0433\u043e \u043e\u0442\u0434\u044b\u0445\u0430 \u043d\u0430 \u043f\u0440\u0438\u0440\u043e\u0434\u0435, \u0441\u0435\u0440\u0444\u0438\u043d\u0433\u0430 \u0438 \u0434\u0430\u0439\u0432\u0438\u043d\u0433\u0430, \u044d\u043a\u0438\u043f\u0438\u0440\u043e\u0432\u043a\u0430 \u0434\u043b\u044f \u043f\u043e\u0445\u043e\u0434\u043e\u0432 \u0438 \u043f\u0443\u0442\u0435\u0448\u0435\u0441\u0442\u0432\u0438\u0439 \u0432 \u0438\u043d\u0442\u0435\u0440\u043d\u0435\u0442-\u043c\u0430\u0433\u0430\u0437\u0438\u043d\u0435 \u0430\u043a\u0442\u0438\u0432\u043d\u043e\u0439 \u043e\u0434\u0435\u0436\u0434\u044b \u0438 \u043e\u0431\u0443\u0432\u0438\"},{\"@type\":\"BreadcrumbList\",\"@id\":\"https:\/\/xstyle.md\/product\/muzhskoj-gidrokostyum-cressi-sub-fast-monopiece-wetsuit-7mm\/#breadcrumb\",\"itemListElement\":[{\"@type\":\"ListItem\",\"position\":1,\"name\":\"\u0413\u043b\u0430\u0432\u043d\u0430\u044f \u0441\u0442\u0440\u0430\u043d\u0438\u0446\u0430\",\"item\":\"https:\/\/xstyle.md\/\"},{\"@type\":\"ListItem\",\"position\":2,\"name\":\"\u041c\u0430\u0433\u0430\u0437\u0438\u043d\",\"item\":\"https:\/\/xstyle.md\/shop\/\"},{\"@type\":\"ListItem\",\"position\":3,\"name\":\"\u041c\u0443\u0436\u0441\u043a\u043e\u0439 \u0433\u0438\u0434\u0440\u043e\u043a\u043e\u0441\u0442\u044e\u043c Cressi-Sub Fast Monopiece Wetsuit 7mm\"}]},{\"@type\":\"WebSite\",\"@id\":\"https:\/\/xstyle.md\/#website\",\"url\":\"https:\/\/xstyle.md\/\",\"name\":\"\u041c\u0430\u0433\u0430\u0437\u0438\u043d Xstyle\",\"description\":\"C\u043d\u0430\u0440\u044f\u0436\u0435\u043d\u0438\u0435 \u0434\u043b\u044f \u0442\u0443\u0440\u0438\u0437\u043c\u0430 \u0438 \u044d\u043a\u0441\u0442\u0440\u0435\u043c\u0430\u043b\u044c\u043d\u044b\u0445 \u0432\u0438\u0434\u043e\u0432 \u0441\u043f\u043e\u0440\u0442\u0430 \u0432 \u041c\u043e\u043b\u0434\u043e\u0432\u0435.. \u0426\u0435\u043d\u044b, \u0444\u043e\u0442\u043e, \u0445\u0430\u0440\u0430\u043a\u0442\u0435\u0440\u0438\u0441\u0442\u0438\u043a\u0438 \u0432 \u041c\u043e\u043b\u0434\u043e\u0432\u0435.\",\"publisher\":{\"@id\":\"https:\/\/xstyle.md\/#organization\"},\"alternateName\":\"X-Style\",\"potentialAction\":[{\"@type\":\"SearchAction\",\"target\":{\"@type\":\"EntryPoint\",\"urlTemplate\":\"https:\/\/xstyle.md\/?s={search_term_string}\"},\"query-input\":{\"@type\":\"PropertyValueSpecification\",\"valueRequired\":true,\"valueName\":\"search_term_string\"}}],\"inLanguage\":\"ro-RO\"},{\"@type\":\"Organization\",\"@id\":\"https:\/\/xstyle.md\/#organization\",\"name\":\"\u041c\u0430\u0433\u0430\u0437\u0438\u043d Xstyle\",\"alternateName\":\"x-style\",\"url\":\"https:\/\/xstyle.md\/\",\"logo\":{\"@type\":\"ImageObject\",\"inLanguage\":\"ro-RO\",\"@id\":\"https:\/\/xstyle.md\/#\/schema\/logo\/image\/\",\"url\":\"https:\/\/xstyle.md\/wp-content\/uploads\/2020\/06\/logoicon.svg\",\"contentUrl\":\"https:\/\/xstyle.md\/wp-content\/uploads\/2020\/06\/logoicon.svg\",\"caption\":\"\u041c\u0430\u0433\u0430\u0437\u0438\u043d Xstyle\"},\"image\":{\"@id\":\"https:\/\/xstyle.md\/#\/schema\/logo\/image\/\"},\"sameAs\":[\"https:\/\/www.facebook.com\/xstylemd\",\"https:\/\/www.instagram.com\/xstyle_md\/\",\"https:\/\/t.me\/xstyle_outdoor\"],\"hasMerchantReturnPolicy\":{\"@type\":\"MerchantReturnPolicy\",\"merchantReturnLink\":\"https:\/\/xstyle.md\/ro\/conditions\/\"}}]}<\/script>\n<meta property=\"product:price:amount\" content=\"5990.00\" \/>\n<meta property=\"product:price:currency\" content=\"MDL\" \/>\n<meta property=\"og:availability\" content=\"instock\" \/>\n<meta property=\"product:availability\" content=\"instock\" \/>\n<meta property=\"product:retailer_item_id\" content=\"8022983112084\" \/>\n<meta property=\"product:condition\" content=\"new\" \/>\n<!-- \/ Yoast SEO plugin. -->","yoast_head_json":{"title":"Costum de neopren pentru b\u0103rba\u021bi Cressi-Sub Fast Monopiece Wetsuit 7mm - Magazin Xstyle","description":"Costumul de neopren Cressi-Sub Fast Monopiece 7mm pentru b\u0103rba\u021bi este perfect pentru scufund\u0103ri \u0219i snorkeling \u00een condi\u021bii de temperatur\u0103 medie de 10-18\u00b0C.","robots":{"index":"index","follow":"follow","max-snippet":"max-snippet:-1","max-image-preview":"max-image-preview:large","max-video-preview":"max-video-preview:-1"},"canonical":"https:\/\/xstyle.md\/ro\/produs\/muzhskoj-gidrokostyum-cressi-sub-fast-monopiece-wetsuit-7mm\/","og_locale":"ro_RO","og_type":"article","og_title":"\u041c\u0443\u0436\u0441\u043a\u043e\u0439 \u0433\u0438\u0434\u0440\u043e\u043a\u043e\u0441\u0442\u044e\u043c Cressi-Sub Fast Monopiece Wetsuit 7mm - \u041c\u0430\u0433\u0430\u0437\u0438\u043d Xstyle","og_description":"\u0413\u0438\u0434\u0440\u043e\u043a\u043e\u0441\u0442\u044e\u043c Cressi-Sub Fast Monopiece 7\u043c\u043c \u0434\u043b\u044f \u043c\u0443\u0436\u0447\u0438\u043d \u0438\u0434\u0435\u0430\u043b\u044c\u043d\u043e \u043f\u043e\u0434\u0445\u043e\u0434\u0438\u0442 \u0434\u043b\u044f \u0434\u0430\u0439\u0432\u0438\u043d\u0433\u0430 \u0438 \u0441\u043d\u043e\u0440\u043a\u0435\u043b\u0438\u043d\u0433\u0430 \u0432 \u0443\u0441\u043b\u043e\u0432\u0438\u044f\u0445 \u0441\u0440\u0435\u0434\u043d\u0435\u0439 \u0442\u0435\u043c\u043f\u0435\u0440\u0430\u0442\u0443\u0440\u044b 10-18\u00b0C.","og_url":"https:\/\/xstyle.md\/ro\/produs\/muzhskoj-gidrokostyum-cressi-sub-fast-monopiece-wetsuit-7mm\/","og_site_name":"\u041c\u0430\u0433\u0430\u0437\u0438\u043d Xstyle","article_publisher":"https:\/\/www.facebook.com\/xstylemd","article_modified_time":"2025-11-19T10:46:19+00:00","og_image":[{"width":2476,"height":2560,"url":"https:\/\/xstyle.md\/wp-content\/uploads\/2022\/09\/cressi-sub-fast-monopiece-wetsuit-7mm-scaled.jpg","type":"image\/jpeg"}],"twitter_card":"summary_large_image","twitter_misc":{"Pre\u021b":"5.990&nbsp;MDL","Disponibilitate":"\u00cen stoc"},"schema":{"@context":"https:\/\/schema.org","@graph":[{"@type":"WebPage","@id":"https:\/\/xstyle.md\/product\/muzhskoj-gidrokostyum-cressi-sub-fast-monopiece-wetsuit-7mm\/","url":"https:\/\/xstyle.md\/product\/muzhskoj-gidrokostyum-cressi-sub-fast-monopiece-wetsuit-7mm\/","name":"Costum de neopren pentru b\u0103rba\u021bi Cressi-Sub Fast Monopiece Wetsuit 7mm - Magazin Xstyle","isPartOf":{"@id":"https:\/\/xstyle.md\/#website"},"primaryImageOfPage":{"@id":"https:\/\/xstyle.md\/product\/muzhskoj-gidrokostyum-cressi-sub-fast-monopiece-wetsuit-7mm\/#primaryimage"},"image":{"@id":"https:\/\/xstyle.md\/product\/muzhskoj-gidrokostyum-cressi-sub-fast-monopiece-wetsuit-7mm\/#primaryimage"},"thumbnailUrl":"https:\/\/xstyle.md\/wp-content\/uploads\/2022\/09\/cressi-sub-fast-monopiece-wetsuit-7mm-scaled.jpg","datePublished":"2022-09-02T15:36:41+00:00","dateModified":"2025-11-19T10:46:19+00:00","description":"Costumul de neopren Cressi-Sub Fast Monopiece 7mm pentru b\u0103rba\u021bi este perfect pentru scufund\u0103ri \u0219i snorkeling \u00een condi\u021bii de temperatur\u0103 medie de 10-18\u00b0C.","breadcrumb":{"@id":"https:\/\/xstyle.md\/product\/muzhskoj-gidrokostyum-cressi-sub-fast-monopiece-wetsuit-7mm\/#breadcrumb"},"inLanguage":"ro-RO","potentialAction":[{"@type":"ReadAction","target":["https:\/\/xstyle.md\/product\/muzhskoj-gidrokostyum-cressi-sub-fast-monopiece-wetsuit-7mm\/"]}]},{"@type":"ImageObject","inLanguage":"ro-RO","@id":"https:\/\/xstyle.md\/product\/muzhskoj-gidrokostyum-cressi-sub-fast-monopiece-wetsuit-7mm\/#primaryimage","url":"https:\/\/xstyle.md\/wp-content\/uploads\/2022\/09\/cressi-sub-fast-monopiece-wetsuit-7mm-scaled.jpg","contentUrl":"https:\/\/xstyle.md\/wp-content\/uploads\/2022\/09\/cressi-sub-fast-monopiece-wetsuit-7mm-scaled.jpg","width":1857,"height":1920,"caption":"\u041c\u0443\u0436\u0441\u043a\u043e\u0439 \u0433\u0438\u0434\u0440\u043e\u043a\u043e\u0441\u0442\u044e\u043c Cressi-Sub Fast Monopiece 7\u043c\u043c \u0434\u043b\u044f \u0430\u043a\u0442\u0438\u0432\u043d\u043e\u0433\u043e \u043e\u0442\u0434\u044b\u0445\u0430 \u043d\u0430 \u043f\u0440\u0438\u0440\u043e\u0434\u0435, \u0441\u0435\u0440\u0444\u0438\u043d\u0433\u0430 \u0438 \u0434\u0430\u0439\u0432\u0438\u043d\u0433\u0430, \u044d\u043a\u0438\u043f\u0438\u0440\u043e\u0432\u043a\u0430 \u0434\u043b\u044f \u043f\u043e\u0445\u043e\u0434\u043e\u0432 \u0438 \u043f\u0443\u0442\u0435\u0448\u0435\u0441\u0442\u0432\u0438\u0439 \u0432 \u0438\u043d\u0442\u0435\u0440\u043d\u0435\u0442-\u043c\u0430\u0433\u0430\u0437\u0438\u043d\u0435 \u0430\u043a\u0442\u0438\u0432\u043d\u043e\u0439 \u043e\u0434\u0435\u0436\u0434\u044b \u0438 \u043e\u0431\u0443\u0432\u0438"},{"@type":"BreadcrumbList","@id":"https:\/\/xstyle.md\/product\/muzhskoj-gidrokostyum-cressi-sub-fast-monopiece-wetsuit-7mm\/#breadcrumb","itemListElement":[{"@type":"ListItem","position":1,"name":"\u0413\u043b\u0430\u0432\u043d\u0430\u044f \u0441\u0442\u0440\u0430\u043d\u0438\u0446\u0430","item":"https:\/\/xstyle.md\/"},{"@type":"ListItem","position":2,"name":"\u041c\u0430\u0433\u0430\u0437\u0438\u043d","item":"https:\/\/xstyle.md\/shop\/"},{"@type":"ListItem","position":3,"name":"\u041c\u0443\u0436\u0441\u043a\u043e\u0439 \u0433\u0438\u0434\u0440\u043e\u043a\u043e\u0441\u0442\u044e\u043c Cressi-Sub Fast Monopiece Wetsuit 7mm"}]},{"@type":"WebSite","@id":"https:\/\/xstyle.md\/#website","url":"https:\/\/xstyle.md\/","name":"Magazinul X-Style","description":"Echipamente pentru turism \u0219i sporturi extreme \u00een Moldova. Pre\u021buri, fotografii, caracteristici \u00een Moldova.","publisher":{"@id":"https:\/\/xstyle.md\/#organization"},"alternateName":"X-Style","potentialAction":[{"@type":"SearchAction","target":{"@type":"EntryPoint","urlTemplate":"https:\/\/xstyle.md\/?s={search_term_string}"},"query-input":{"@type":"PropertyValueSpecification","valueRequired":true,"valueName":"search_term_string"}}],"inLanguage":"ro-RO"},{"@type":"Organization","@id":"https:\/\/xstyle.md\/#organization","name":"Magazinul X-Style","alternateName":"x-style","url":"https:\/\/xstyle.md\/","logo":{"@type":"ImageObject","inLanguage":"ro-RO","@id":"https:\/\/xstyle.md\/#\/schema\/logo\/image\/","url":"https:\/\/xstyle.md\/wp-content\/uploads\/2020\/06\/logoicon.svg","contentUrl":"https:\/\/xstyle.md\/wp-content\/uploads\/2020\/06\/logoicon.svg","caption":"\u041c\u0430\u0433\u0430\u0437\u0438\u043d Xstyle"},"image":{"@id":"https:\/\/xstyle.md\/#\/schema\/logo\/image\/"},"sameAs":["https:\/\/www.facebook.com\/xstylemd","https:\/\/www.instagram.com\/xstyle_md\/","https:\/\/t.me\/xstyle_outdoor"],"hasMerchantReturnPolicy":{"@type":"MerchantReturnPolicy","merchantReturnLink":"https:\/\/xstyle.md\/ro\/conditions\/"}}]},"product_price_amount":"5990.00","product_price_currency":"MDL","og_availability":"instock","product_availability":"instock","product_retailer_item_id":"8022983112084","product_condition":"new"},"post_mailing_queue_ids":[],"_links":{"self":[{"href":"https:\/\/xstyle.md\/ro\/wp-json\/wp\/v2\/product\/54076","targetHints":{"allow":["GET"]}}],"collection":[{"href":"https:\/\/xstyle.md\/ro\/wp-json\/wp\/v2\/product"}],"about":[{"href":"https:\/\/xstyle.md\/ro\/wp-json\/wp\/v2\/types\/product"}],"replies":[{"embeddable":true,"href":"https:\/\/xstyle.md\/ro\/wp-json\/wp\/v2\/comments?post=54076"}],"wp:featuredmedia":[{"embeddable":true,"href":"https:\/\/xstyle.md\/ro\/wp-json\/wp\/v2\/media\/54676"}],"wp:attachment":[{"href":"https:\/\/xstyle.md\/ro\/wp-json\/wp\/v2\/media?parent=54076"}],"wp:term":[{"taxonomy":"product_brand","embeddable":true,"href":"https:\/\/xstyle.md\/ro\/wp-json\/wp\/v2\/product_brand?post=54076"},{"taxonomy":"product_cat","embeddable":true,"href":"https:\/\/xstyle.md\/ro\/wp-json\/wp\/v2\/product_cat?post=54076"},{"taxonomy":"product_tag","embeddable":true,"href":"https:\/\/xstyle.md\/ro\/wp-json\/wp\/v2\/product_tag?post=54076"}],"curies":[{"name":"wp","href":"https:\/\/api.w.org\/{rel}","templated":true}]}}