{"id":54073,"date":"2022-09-02T18:36:41","date_gmt":"2022-09-02T15:36:41","guid":{"rendered":"https:\/\/xstyle.md\/?post_type=product&#038;p=54073"},"modified":"2024-10-21T09:05:02","modified_gmt":"2024-10-21T06:05:02","slug":"shlem-neoprenovyj-cressi-sub-hood-man-5mm","status":"publish","type":"product","link":"https:\/\/xstyle.md\/ro\/produs\/shlem-neoprenovyj-cressi-sub-hood-man-5mm\/","title":{"rendered":"Casc\u0103 din neopren Cressi-Sub Hood Man 5mm"},"content":{"rendered":"<\/p>\n<p><strong>Cressi-Sub Hood Man 5mm<\/strong> &#8212; casca din neopren v\u0103 protejeaz\u0103 capul \u0219i fa\u021ba de hipotermie sau supra\u00eenc\u0103lzire \u00een timpul activit\u0103\u021bilor de scufundare. Poate fi utilizat\u0103 singur\u0103 sau cu un costum de neopren. Are o band\u0103 de etan\u0219are din neopren moale \u00een jurul fe\u021bei \u0219i \u00een jurul gurii \u0219i a zonei maxilarului. Designul anatomic al c\u0103\u0219tii urmeaz\u0103 forma capului \u0219i a g\u00e2tului \u0219i este conceput pentru a face acest accesoriu c\u00e2t mai confortabil posibil. Casca este cusut\u0103 din neopren gros de 5 mm, cu o inser\u021bie cu pori deschi\u0219i \u00een jurul fe\u021bei pentru o potrivire mai str\u00e2ns\u0103 \u0219i pentru a preveni p\u0103trunderea apei.<\/p>\n<h3>Particularit\u0103\u021bi<\/h3>\n<ul>\n<li>Ofer\u0103 confort suplimentar atunci c\u00e2nd purta\u021bi masca, protejeaz\u0103 zonele expuse ale scalpului \u0219i g\u00e2tului de frig<\/li>\n<li>Asigur\u0103 o fixare mai str\u00e2ns\u0103 a c\u0103\u0219tii pe zonele capului \u0219i g\u00e2tului<\/li>\n<li>Conceput\u0103 pentru utilizarea combinat\u0103 cu costumele de neoprenare Cressi<\/li>\n<li>Cre\u0219te semnificativ confortul scufund\u0103rilor \u00een ap\u0103 rece<\/li>\n<li>Partea interioar\u0103 a fustei faciale este realizat\u0103 din neopren gol.<\/li>\n<li>Cus\u0103turi cu autostr\u00e2ngere \u0219i impermeabile<\/li>\n<li>Cu fust\u0103 moale<\/li>\n<li>Design ergonomic<\/li>\n<\/ul>\n<h3>Caracteristici<\/h3>\n<ul>\n<li>Material &#8212; neopren<\/li>\n<li>\u00cenveli\u0219 exterior &#8212; nailon<\/li>\n<li>\u00cenveli\u0219 interior &#8212; nailon<\/li>\n<li>Grosime &#8212; 5 mm<\/li>\n<li>Model &#8212; unisex<\/li>\n<\/ul>\n<h3>Marca<\/h3>\n<p>Cressi-Sub este unul dintre cei mai importan\u021bi produc\u0103tori de echipamente de snorkelling, scufund\u0103ri \u0219i pescuit subacvatic. Fondat\u0103 \u00een 1946 de fra\u021bii Egidio \u0219i Nanni Cressi, compania dezvolt\u0103 \u0219i lanseaz\u0103 \u00een mod constant noi produse. Istoria scufund\u0103rilor este str\u00e2ns legat\u0103 de cea a Cressi-Sub, iar multe dintre produsele lansate \u00een ultimii 70 de ani au revolu\u021bionat acest tip de activitate \u00een aer liber. Multe dintre inova\u021biile \u0219i inven\u021biile Cressi-Sub au fost adoptate ulterior de mul\u021bi produc\u0103tori de echipamente similare.<\/p>\n<p>Compania a fost \u00eentotdeauna de\u021binut\u0103 privat de familia Cressi. Prin urmare, facilit\u0103\u021bile de produc\u021bie nu sunt situate \u00een \u021b\u0103ri asiatice, ci \u00een ora\u0219ul italian Genova. Cu toate acestea, compania men\u021bine pre\u021buri rezonabile pentru \u00eentreaga gam\u0103 de produse, ceea ce este popular printre scafandrii cu orice buget. Filozofia Cressi este inspira\u021bie \u0219i inova\u021bie, dragoste pentru mare \u0219i produse elegante care \u00eendeplinesc cele mai \u00eenalte standarde de calitate.<\/p>\n<p><\/p>","protected":false},"excerpt":{"rendered":"","protected":false},"featured_media":54298,"comment_status":"open","ping_status":"closed","template":"","meta":{"_acf_changed":false,"inline_featured_image":false},"product_brand":[1451],"product_cat":[180],"product_tag":[],"class_list":{"0":"post-54073","1":"product","2":"type-product","3":"status-publish","4":"has-post-thumbnail","6":"product_brand-cressi-sub","7":"product_cat-neoprene-suits-and-accessories","9":"first","10":"instock","11":"shipping-taxable","12":"purchasable","13":"product-type-simple"},"acf":[],"yoast_head":"<!-- This site is optimized with the Yoast SEO plugin v27.2 - https:\/\/yoast.com\/product\/yoast-seo-wordpress\/ -->\n<title>\u0428\u043b\u0435\u043c \u043d\u0435\u043e\u043f\u0440\u0435\u043d\u043e\u0432\u044b\u0439 Cressi-Sub Hood Man 5mm - \u041c\u0430\u0433\u0430\u0437\u0438\u043d Xstyle<\/title>\n<meta name=\"description\" content=\"\u0428\u043b\u0435\u043c \u043d\u0435\u043e\u043f\u0440\u0435\u043d\u043e\u0432\u044b\u0439 Cressi-Sub Hood Man 5mm \u0437\u0430\u0449\u0438\u0449\u0430\u0435\u0442 \u0433\u043e\u043b\u043e\u0432\u0443 \u0438 \u043b\u0438\u0446\u043e \u043e\u0442 \u0433\u0438\u043f\u043e\u0442\u0435\u0440\u043c\u0438\u0438 \u043f\u0440\u0438 \u0434\u0430\u0439\u0432\u0438\u043d\u0433\u0435. \u0418\u0434\u0435\u0430\u043b\u044c\u043d\u043e \u043f\u043e\u0434\u0445\u043e\u0434\u0438\u0442 \u0434\u043b\u044f \u0441\u043e\u0432\u043c\u0435\u0441\u0442\u043d\u043e\u0433\u043e \u0438\u0441\u043f\u043e\u043b\u044c\u0437\u043e\u0432\u0430\u043d\u0438\u044f \u0441 \u0433\u0438\u0434\u0440\u043e\u043a\u043e\u0441\u0442\u044e\u043c\u043e\u043c.\" \/>\n<meta name=\"robots\" content=\"index, follow, max-snippet:-1, max-image-preview:large, max-video-preview:-1\" \/>\n<link rel=\"canonical\" href=\"https:\/\/xstyle.md\/ro\/produs\/shlem-neoprenovyj-cressi-sub-hood-man-5mm\/\" \/>\n<meta property=\"og:locale\" content=\"ro_RO\" \/>\n<meta property=\"og:type\" content=\"article\" \/>\n<meta property=\"og:title\" content=\"\u0428\u043b\u0435\u043c \u043d\u0435\u043e\u043f\u0440\u0435\u043d\u043e\u0432\u044b\u0439 Cressi-Sub Hood Man 5mm - \u041c\u0430\u0433\u0430\u0437\u0438\u043d Xstyle\" \/>\n<meta property=\"og:description\" content=\"\u0428\u043b\u0435\u043c \u043d\u0435\u043e\u043f\u0440\u0435\u043d\u043e\u0432\u044b\u0439 Cressi-Sub Hood Man 5mm \u0437\u0430\u0449\u0438\u0449\u0430\u0435\u0442 \u0433\u043e\u043b\u043e\u0432\u0443 \u0438 \u043b\u0438\u0446\u043e \u043e\u0442 \u0433\u0438\u043f\u043e\u0442\u0435\u0440\u043c\u0438\u0438 \u043f\u0440\u0438 \u0434\u0430\u0439\u0432\u0438\u043d\u0433\u0435. \u0418\u0434\u0435\u0430\u043b\u044c\u043d\u043e \u043f\u043e\u0434\u0445\u043e\u0434\u0438\u0442 \u0434\u043b\u044f \u0441\u043e\u0432\u043c\u0435\u0441\u0442\u043d\u043e\u0433\u043e \u0438\u0441\u043f\u043e\u043b\u044c\u0437\u043e\u0432\u0430\u043d\u0438\u044f \u0441 \u0433\u0438\u0434\u0440\u043e\u043a\u043e\u0441\u0442\u044e\u043c\u043e\u043c.\" \/>\n<meta property=\"og:url\" content=\"https:\/\/xstyle.md\/ro\/produs\/shlem-neoprenovyj-cressi-sub-hood-man-5mm\/\" \/>\n<meta property=\"og:site_name\" content=\"\u041c\u0430\u0433\u0430\u0437\u0438\u043d Xstyle\" \/>\n<meta property=\"article:publisher\" content=\"https:\/\/www.facebook.com\/xstylemd\" \/>\n<meta property=\"article:modified_time\" content=\"2024-10-21T06:05:02+00:00\" \/>\n<meta property=\"og:image\" content=\"https:\/\/xstyle.md\/wp-content\/uploads\/2022\/09\/cressi-sub-hood-man-5mm.jpg\" \/>\n\t<meta property=\"og:image:width\" content=\"780\" \/>\n\t<meta property=\"og:image:height\" content=\"788\" \/>\n\t<meta property=\"og:image:type\" content=\"image\/jpeg\" \/>\n<meta name=\"twitter:card\" content=\"summary_large_image\" \/>\n<meta name=\"twitter:label1\" content=\"Pre\u021b\" \/>\n\t<meta name=\"twitter:data1\" content=\"790&nbsp;MDL\" \/>\n\t<meta name=\"twitter:label2\" content=\"Disponibilitate\" \/>\n\t<meta name=\"twitter:data2\" content=\"\u00cen stoc\" \/>\n<script type=\"application\/ld+json\" class=\"yoast-schema-graph\">{\"@context\":\"https:\/\/schema.org\",\"@graph\":[{\"@type\":\"WebPage\",\"@id\":\"https:\/\/xstyle.md\/product\/shlem-neoprenovyj-cressi-sub-hood-man-5mm\/\",\"url\":\"https:\/\/xstyle.md\/product\/shlem-neoprenovyj-cressi-sub-hood-man-5mm\/\",\"name\":\"\u0428\u043b\u0435\u043c \u043d\u0435\u043e\u043f\u0440\u0435\u043d\u043e\u0432\u044b\u0439 Cressi-Sub Hood Man 5mm - \u041c\u0430\u0433\u0430\u0437\u0438\u043d Xstyle\",\"isPartOf\":{\"@id\":\"https:\/\/xstyle.md\/#website\"},\"primaryImageOfPage\":{\"@id\":\"https:\/\/xstyle.md\/product\/shlem-neoprenovyj-cressi-sub-hood-man-5mm\/#primaryimage\"},\"image\":{\"@id\":\"https:\/\/xstyle.md\/product\/shlem-neoprenovyj-cressi-sub-hood-man-5mm\/#primaryimage\"},\"thumbnailUrl\":\"https:\/\/xstyle.md\/wp-content\/uploads\/2022\/09\/cressi-sub-hood-man-5mm.jpg\",\"datePublished\":\"2022-09-02T15:36:41+00:00\",\"dateModified\":\"2024-10-21T06:05:02+00:00\",\"description\":\"\u0428\u043b\u0435\u043c \u043d\u0435\u043e\u043f\u0440\u0435\u043d\u043e\u0432\u044b\u0439 Cressi-Sub Hood Man 5mm \u0437\u0430\u0449\u0438\u0449\u0430\u0435\u0442 \u0433\u043e\u043b\u043e\u0432\u0443 \u0438 \u043b\u0438\u0446\u043e \u043e\u0442 \u0433\u0438\u043f\u043e\u0442\u0435\u0440\u043c\u0438\u0438 \u043f\u0440\u0438 \u0434\u0430\u0439\u0432\u0438\u043d\u0433\u0435. \u0418\u0434\u0435\u0430\u043b\u044c\u043d\u043e \u043f\u043e\u0434\u0445\u043e\u0434\u0438\u0442 \u0434\u043b\u044f \u0441\u043e\u0432\u043c\u0435\u0441\u0442\u043d\u043e\u0433\u043e \u0438\u0441\u043f\u043e\u043b\u044c\u0437\u043e\u0432\u0430\u043d\u0438\u044f \u0441 \u0433\u0438\u0434\u0440\u043e\u043a\u043e\u0441\u0442\u044e\u043c\u043e\u043c.\",\"breadcrumb\":{\"@id\":\"https:\/\/xstyle.md\/product\/shlem-neoprenovyj-cressi-sub-hood-man-5mm\/#breadcrumb\"},\"inLanguage\":\"ro-RO\",\"potentialAction\":[{\"@type\":\"ReadAction\",\"target\":[\"https:\/\/xstyle.md\/product\/shlem-neoprenovyj-cressi-sub-hood-man-5mm\/\"]}]},{\"@type\":\"ImageObject\",\"inLanguage\":\"ro-RO\",\"@id\":\"https:\/\/xstyle.md\/product\/shlem-neoprenovyj-cressi-sub-hood-man-5mm\/#primaryimage\",\"url\":\"https:\/\/xstyle.md\/wp-content\/uploads\/2022\/09\/cressi-sub-hood-man-5mm.jpg\",\"contentUrl\":\"https:\/\/xstyle.md\/wp-content\/uploads\/2022\/09\/cressi-sub-hood-man-5mm.jpg\",\"width\":780,\"height\":788,\"caption\":\"\u0428\u043b\u0435\u043c \u043d\u0435\u043e\u043f\u0440\u0435\u043d\u043e\u0432\u044b\u0439 Cressi-Sub Hood Man 5\u043c\u043c \u0434\u043b\u044f \u0430\u043a\u0442\u0438\u0432\u043d\u043e\u0433\u043e \u043e\u0442\u0434\u044b\u0445\u0430, \u043f\u0443\u0442\u0435\u0448\u0435\u0441\u0442\u0432\u0438\u0439, \u0430\u043b\u044c\u043f\u0438\u043d\u0438\u0437\u043c\u0430, \u0434\u0430\u0439\u0432\u0438\u043d\u0433\u0430 \u0438 \u0437\u0430\u043d\u044f\u0442\u0438\u0439 \u0441\u043f\u043e\u0440\u0442\u043e\u043c \u0432 \u043e\u043d\u043b\u0430\u0439\u043d \u043c\u0430\u0433\u0430\u0437\u0438\u043d\u0435 \u0441 \u043e\u0434\u0435\u0436\u0434\u043e\u0439, \u043e\u0431\u0443\u0432\u044c\u044e \u0438 \u0441\u043d\u0430\u0440\u044f\u0436\u0435\u043d\u0438\u0435\u043c \u0434\u043b\u044f \u0430\u043a\u0442\u0438\u0432\u043d\u043e\u0439 \u0436\u0438\u0437\u043d\u0438\"},{\"@type\":\"BreadcrumbList\",\"@id\":\"https:\/\/xstyle.md\/product\/shlem-neoprenovyj-cressi-sub-hood-man-5mm\/#breadcrumb\",\"itemListElement\":[{\"@type\":\"ListItem\",\"position\":1,\"name\":\"\u0413\u043b\u0430\u0432\u043d\u0430\u044f \u0441\u0442\u0440\u0430\u043d\u0438\u0446\u0430\",\"item\":\"https:\/\/xstyle.md\/\"},{\"@type\":\"ListItem\",\"position\":2,\"name\":\"\u041c\u0430\u0433\u0430\u0437\u0438\u043d\",\"item\":\"https:\/\/xstyle.md\/shop\/\"},{\"@type\":\"ListItem\",\"position\":3,\"name\":\"\u0428\u043b\u0435\u043c \u043d\u0435\u043e\u043f\u0440\u0435\u043d\u043e\u0432\u044b\u0439 Cressi-Sub Hood Man 5mm\"}]},{\"@type\":\"WebSite\",\"@id\":\"https:\/\/xstyle.md\/#website\",\"url\":\"https:\/\/xstyle.md\/\",\"name\":\"\u041c\u0430\u0433\u0430\u0437\u0438\u043d Xstyle\",\"description\":\"C\u043d\u0430\u0440\u044f\u0436\u0435\u043d\u0438\u0435 \u0434\u043b\u044f \u0442\u0443\u0440\u0438\u0437\u043c\u0430 \u0438 \u044d\u043a\u0441\u0442\u0440\u0435\u043c\u0430\u043b\u044c\u043d\u044b\u0445 \u0432\u0438\u0434\u043e\u0432 \u0441\u043f\u043e\u0440\u0442\u0430 \u0432 \u041c\u043e\u043b\u0434\u043e\u0432\u0435.. \u0426\u0435\u043d\u044b, \u0444\u043e\u0442\u043e, \u0445\u0430\u0440\u0430\u043a\u0442\u0435\u0440\u0438\u0441\u0442\u0438\u043a\u0438 \u0432 \u041c\u043e\u043b\u0434\u043e\u0432\u0435.\",\"publisher\":{\"@id\":\"https:\/\/xstyle.md\/#organization\"},\"alternateName\":\"X-Style\",\"potentialAction\":[{\"@type\":\"SearchAction\",\"target\":{\"@type\":\"EntryPoint\",\"urlTemplate\":\"https:\/\/xstyle.md\/?s={search_term_string}\"},\"query-input\":{\"@type\":\"PropertyValueSpecification\",\"valueRequired\":true,\"valueName\":\"search_term_string\"}}],\"inLanguage\":\"ro-RO\"},{\"@type\":\"Organization\",\"@id\":\"https:\/\/xstyle.md\/#organization\",\"name\":\"\u041c\u0430\u0433\u0430\u0437\u0438\u043d Xstyle\",\"alternateName\":\"x-style\",\"url\":\"https:\/\/xstyle.md\/\",\"logo\":{\"@type\":\"ImageObject\",\"inLanguage\":\"ro-RO\",\"@id\":\"https:\/\/xstyle.md\/#\/schema\/logo\/image\/\",\"url\":\"https:\/\/xstyle.md\/wp-content\/uploads\/2020\/06\/logoicon.svg\",\"contentUrl\":\"https:\/\/xstyle.md\/wp-content\/uploads\/2020\/06\/logoicon.svg\",\"caption\":\"\u041c\u0430\u0433\u0430\u0437\u0438\u043d Xstyle\"},\"image\":{\"@id\":\"https:\/\/xstyle.md\/#\/schema\/logo\/image\/\"},\"sameAs\":[\"https:\/\/www.facebook.com\/xstylemd\",\"https:\/\/www.instagram.com\/xstyle_md\/\",\"https:\/\/t.me\/xstyle_outdoor\"],\"hasMerchantReturnPolicy\":{\"@type\":\"MerchantReturnPolicy\",\"merchantReturnLink\":\"https:\/\/xstyle.md\/ro\/conditions\/\"}}]}<\/script>\n<meta property=\"product:price:amount\" content=\"790.00\" \/>\n<meta property=\"product:price:currency\" content=\"MDL\" \/>\n<meta property=\"og:availability\" content=\"instock\" \/>\n<meta property=\"product:availability\" content=\"instock\" \/>\n<meta property=\"product:retailer_item_id\" content=\"8022983059174\" \/>\n<meta property=\"product:condition\" content=\"new\" \/>\n<!-- \/ Yoast SEO plugin. -->","yoast_head_json":{"title":"Casc\u0103 din neopren Cressi-Sub Hood Man 5mm - Magazin Xstyle","description":"\u0218apca din neopren Cressi-Sub Hood Man 5mm protejeaz\u0103 capul \u0219i fa\u021ba de hipotermie \u00een timpul scufund\u0103rii. Este ideal\u0103 pentru utilizarea \u00eempreun\u0103 cu costumul de neopren.","robots":{"index":"index","follow":"follow","max-snippet":"max-snippet:-1","max-image-preview":"max-image-preview:large","max-video-preview":"max-video-preview:-1"},"canonical":"https:\/\/xstyle.md\/ro\/produs\/shlem-neoprenovyj-cressi-sub-hood-man-5mm\/","og_locale":"ro_RO","og_type":"article","og_title":"\u0428\u043b\u0435\u043c \u043d\u0435\u043e\u043f\u0440\u0435\u043d\u043e\u0432\u044b\u0439 Cressi-Sub Hood Man 5mm - \u041c\u0430\u0433\u0430\u0437\u0438\u043d Xstyle","og_description":"\u0428\u043b\u0435\u043c \u043d\u0435\u043e\u043f\u0440\u0435\u043d\u043e\u0432\u044b\u0439 Cressi-Sub Hood Man 5mm \u0437\u0430\u0449\u0438\u0449\u0430\u0435\u0442 \u0433\u043e\u043b\u043e\u0432\u0443 \u0438 \u043b\u0438\u0446\u043e \u043e\u0442 \u0433\u0438\u043f\u043e\u0442\u0435\u0440\u043c\u0438\u0438 \u043f\u0440\u0438 \u0434\u0430\u0439\u0432\u0438\u043d\u0433\u0435. \u0418\u0434\u0435\u0430\u043b\u044c\u043d\u043e \u043f\u043e\u0434\u0445\u043e\u0434\u0438\u0442 \u0434\u043b\u044f \u0441\u043e\u0432\u043c\u0435\u0441\u0442\u043d\u043e\u0433\u043e \u0438\u0441\u043f\u043e\u043b\u044c\u0437\u043e\u0432\u0430\u043d\u0438\u044f \u0441 \u0433\u0438\u0434\u0440\u043e\u043a\u043e\u0441\u0442\u044e\u043c\u043e\u043c.","og_url":"https:\/\/xstyle.md\/ro\/produs\/shlem-neoprenovyj-cressi-sub-hood-man-5mm\/","og_site_name":"\u041c\u0430\u0433\u0430\u0437\u0438\u043d Xstyle","article_publisher":"https:\/\/www.facebook.com\/xstylemd","article_modified_time":"2024-10-21T06:05:02+00:00","og_image":[{"width":780,"height":788,"url":"https:\/\/xstyle.md\/wp-content\/uploads\/2022\/09\/cressi-sub-hood-man-5mm.jpg","type":"image\/jpeg"}],"twitter_card":"summary_large_image","twitter_misc":{"Pre\u021b":"790&nbsp;MDL","Disponibilitate":"\u00cen stoc"},"schema":{"@context":"https:\/\/schema.org","@graph":[{"@type":"WebPage","@id":"https:\/\/xstyle.md\/product\/shlem-neoprenovyj-cressi-sub-hood-man-5mm\/","url":"https:\/\/xstyle.md\/product\/shlem-neoprenovyj-cressi-sub-hood-man-5mm\/","name":"Casc\u0103 din neopren Cressi-Sub Hood Man 5mm - Magazin Xstyle","isPartOf":{"@id":"https:\/\/xstyle.md\/#website"},"primaryImageOfPage":{"@id":"https:\/\/xstyle.md\/product\/shlem-neoprenovyj-cressi-sub-hood-man-5mm\/#primaryimage"},"image":{"@id":"https:\/\/xstyle.md\/product\/shlem-neoprenovyj-cressi-sub-hood-man-5mm\/#primaryimage"},"thumbnailUrl":"https:\/\/xstyle.md\/wp-content\/uploads\/2022\/09\/cressi-sub-hood-man-5mm.jpg","datePublished":"2022-09-02T15:36:41+00:00","dateModified":"2024-10-21T06:05:02+00:00","description":"\u0218apca din neopren Cressi-Sub Hood Man 5mm protejeaz\u0103 capul \u0219i fa\u021ba de hipotermie \u00een timpul scufund\u0103rii. Este ideal\u0103 pentru utilizarea \u00eempreun\u0103 cu costumul de neopren.","breadcrumb":{"@id":"https:\/\/xstyle.md\/product\/shlem-neoprenovyj-cressi-sub-hood-man-5mm\/#breadcrumb"},"inLanguage":"ro-RO","potentialAction":[{"@type":"ReadAction","target":["https:\/\/xstyle.md\/product\/shlem-neoprenovyj-cressi-sub-hood-man-5mm\/"]}]},{"@type":"ImageObject","inLanguage":"ro-RO","@id":"https:\/\/xstyle.md\/product\/shlem-neoprenovyj-cressi-sub-hood-man-5mm\/#primaryimage","url":"https:\/\/xstyle.md\/wp-content\/uploads\/2022\/09\/cressi-sub-hood-man-5mm.jpg","contentUrl":"https:\/\/xstyle.md\/wp-content\/uploads\/2022\/09\/cressi-sub-hood-man-5mm.jpg","width":780,"height":788,"caption":"\u0428\u043b\u0435\u043c \u043d\u0435\u043e\u043f\u0440\u0435\u043d\u043e\u0432\u044b\u0439 Cressi-Sub Hood Man 5\u043c\u043c \u0434\u043b\u044f \u0430\u043a\u0442\u0438\u0432\u043d\u043e\u0433\u043e \u043e\u0442\u0434\u044b\u0445\u0430, \u043f\u0443\u0442\u0435\u0448\u0435\u0441\u0442\u0432\u0438\u0439, \u0430\u043b\u044c\u043f\u0438\u043d\u0438\u0437\u043c\u0430, \u0434\u0430\u0439\u0432\u0438\u043d\u0433\u0430 \u0438 \u0437\u0430\u043d\u044f\u0442\u0438\u0439 \u0441\u043f\u043e\u0440\u0442\u043e\u043c \u0432 \u043e\u043d\u043b\u0430\u0439\u043d \u043c\u0430\u0433\u0430\u0437\u0438\u043d\u0435 \u0441 \u043e\u0434\u0435\u0436\u0434\u043e\u0439, \u043e\u0431\u0443\u0432\u044c\u044e \u0438 \u0441\u043d\u0430\u0440\u044f\u0436\u0435\u043d\u0438\u0435\u043c \u0434\u043b\u044f \u0430\u043a\u0442\u0438\u0432\u043d\u043e\u0439 \u0436\u0438\u0437\u043d\u0438"},{"@type":"BreadcrumbList","@id":"https:\/\/xstyle.md\/product\/shlem-neoprenovyj-cressi-sub-hood-man-5mm\/#breadcrumb","itemListElement":[{"@type":"ListItem","position":1,"name":"\u0413\u043b\u0430\u0432\u043d\u0430\u044f \u0441\u0442\u0440\u0430\u043d\u0438\u0446\u0430","item":"https:\/\/xstyle.md\/"},{"@type":"ListItem","position":2,"name":"\u041c\u0430\u0433\u0430\u0437\u0438\u043d","item":"https:\/\/xstyle.md\/shop\/"},{"@type":"ListItem","position":3,"name":"\u0428\u043b\u0435\u043c \u043d\u0435\u043e\u043f\u0440\u0435\u043d\u043e\u0432\u044b\u0439 Cressi-Sub Hood Man 5mm"}]},{"@type":"WebSite","@id":"https:\/\/xstyle.md\/#website","url":"https:\/\/xstyle.md\/","name":"Magazinul X-Style","description":"Echipamente pentru turism \u0219i sporturi extreme \u00een Moldova. Pre\u021buri, fotografii, caracteristici \u00een Moldova.","publisher":{"@id":"https:\/\/xstyle.md\/#organization"},"alternateName":"X-Style","potentialAction":[{"@type":"SearchAction","target":{"@type":"EntryPoint","urlTemplate":"https:\/\/xstyle.md\/?s={search_term_string}"},"query-input":{"@type":"PropertyValueSpecification","valueRequired":true,"valueName":"search_term_string"}}],"inLanguage":"ro-RO"},{"@type":"Organization","@id":"https:\/\/xstyle.md\/#organization","name":"Magazinul X-Style","alternateName":"x-style","url":"https:\/\/xstyle.md\/","logo":{"@type":"ImageObject","inLanguage":"ro-RO","@id":"https:\/\/xstyle.md\/#\/schema\/logo\/image\/","url":"https:\/\/xstyle.md\/wp-content\/uploads\/2020\/06\/logoicon.svg","contentUrl":"https:\/\/xstyle.md\/wp-content\/uploads\/2020\/06\/logoicon.svg","caption":"\u041c\u0430\u0433\u0430\u0437\u0438\u043d Xstyle"},"image":{"@id":"https:\/\/xstyle.md\/#\/schema\/logo\/image\/"},"sameAs":["https:\/\/www.facebook.com\/xstylemd","https:\/\/www.instagram.com\/xstyle_md\/","https:\/\/t.me\/xstyle_outdoor"],"hasMerchantReturnPolicy":{"@type":"MerchantReturnPolicy","merchantReturnLink":"https:\/\/xstyle.md\/ro\/conditions\/"}}]},"product_price_amount":"790.00","product_price_currency":"MDL","og_availability":"instock","product_availability":"instock","product_retailer_item_id":"8022983059174","product_condition":"new"},"post_mailing_queue_ids":[],"_links":{"self":[{"href":"https:\/\/xstyle.md\/ro\/wp-json\/wp\/v2\/product\/54073","targetHints":{"allow":["GET"]}}],"collection":[{"href":"https:\/\/xstyle.md\/ro\/wp-json\/wp\/v2\/product"}],"about":[{"href":"https:\/\/xstyle.md\/ro\/wp-json\/wp\/v2\/types\/product"}],"replies":[{"embeddable":true,"href":"https:\/\/xstyle.md\/ro\/wp-json\/wp\/v2\/comments?post=54073"}],"wp:featuredmedia":[{"embeddable":true,"href":"https:\/\/xstyle.md\/ro\/wp-json\/wp\/v2\/media\/54298"}],"wp:attachment":[{"href":"https:\/\/xstyle.md\/ro\/wp-json\/wp\/v2\/media?parent=54073"}],"wp:term":[{"taxonomy":"product_brand","embeddable":true,"href":"https:\/\/xstyle.md\/ro\/wp-json\/wp\/v2\/product_brand?post=54073"},{"taxonomy":"product_cat","embeddable":true,"href":"https:\/\/xstyle.md\/ro\/wp-json\/wp\/v2\/product_cat?post=54073"},{"taxonomy":"product_tag","embeddable":true,"href":"https:\/\/xstyle.md\/ro\/wp-json\/wp\/v2\/product_tag?post=54073"}],"curies":[{"name":"wp","href":"https:\/\/api.w.org\/{rel}","templated":true}]}}