{"id":54066,"date":"2022-09-02T18:36:40","date_gmt":"2022-09-02T15:36:40","guid":{"rendered":"https:\/\/xstyle.md\/?post_type=product&#038;p=54066"},"modified":"2026-04-15T12:38:21","modified_gmt":"2026-04-15T09:38:21","slug":"skovoroda-msr-ceramic-skillet","status":"publish","type":"product","link":"https:\/\/xstyle.md\/ro\/produs\/skovoroda-msr-ceramic-skillet\/","title":{"rendered":"Tigaie MSR Ceramic Skillet"},"content":{"rendered":"<\/p>\n<p><strong>MSR Ceramic Skillet<\/strong> &#8212; tigaia de c\u0103l\u0103torie cu acoperire antiaderent\u0103 Durable Fusion\u00ae este un element esen\u021bial \u00een arsenalul oric\u0103rui buc\u0103tar \u00een aer liber. Aceast\u0103 tigaie u\u0219oar\u0103 din aluminiu este ideal\u0103 pentru pr\u0103jire, cl\u0103tite, \u0219unc\u0103 \u0219i alte mese gourmet \u00een aer liber. \u00cenveli\u0219ul este, de asemenea, f\u0103r\u0103 PFTE \u0219i PFOA, ceea ce face ca aceast\u0103 tigaie antiaderent\u0103 durabil\u0103 s\u0103 fie cea mai bun\u0103 alegere pentru a v\u0103 prezenta talentele culinare pentru compania \u00een aer liber.<\/p>\n<h3>Particularit\u0103\u021bi<\/h3>\n<ul>\n<li>Acoperire ceramic\u0103 antiaderent\u0103 superioar\u0103 Fusion\u00ae Ceramic<\/li>\n<li>U\u0219or de cur\u0103\u021bat \u0219i de sp\u0103lat<\/li>\n<li>Distribuie perfect c\u0103ldura pe \u00eentreaga suprafa\u021b\u0103 a tig\u0103ii<\/li>\n<li>M\u00e2ner cauciucat deta\u0219abil<\/li>\n<\/ul>\n<h3>Caracteristici<\/h3>\n<ul>\n<li>Material &#8212; aluminiu cu acoperire ceramic\u0103<\/li>\n<li>Dimensiuni &#8212; 21,1 x 21,6 x 5,1 cm<\/li>\n<li>Greutate &#8212; 190g<\/li>\n<\/ul>\n<h3>Marca<\/h3>\n<p>MSR este un cunoscut produc\u0103tor de articole sportive, care produce echipamente pentru alpini\u0219tii profesioni\u0219ti \u0219i pentru cei care prefer\u0103 activit\u0103\u021bile de agrement \u00een aer liber. Produsele sunt concepute pentru a face c\u00e2t mai u\u0219or posibil ca o persoan\u0103 s\u0103 r\u0103m\u00e2n\u0103 \u00een aer liber pentru perioade lungi de timp. Acestea sunt dispozitive universale care pot fi folosite at\u00e2t \u00eentr-o drume\u021bie obi\u0219nuit\u0103, c\u00e2t \u0219i \u00eentr-o expedi\u021bie complex\u0103.<\/p>\n<p><\/p>","protected":false},"excerpt":{"rendered":"","protected":false},"featured_media":56188,"comment_status":"open","ping_status":"closed","template":"","meta":{"_acf_changed":false,"inline_featured_image":false},"product_brand":[1279],"product_cat":[84],"product_tag":[],"class_list":{"0":"post-54066","1":"product","2":"type-product","3":"status-publish","4":"has-post-thumbnail","6":"product_brand-msr","7":"product_cat-pots","9":"first","10":"instock","11":"shipping-taxable","12":"purchasable","13":"product-type-simple"},"acf":[],"yoast_head":"<!-- This site is optimized with the Yoast SEO plugin v27.4 - https:\/\/yoast.com\/product\/yoast-seo-wordpress\/ -->\n<title>\u0421\u043a\u043e\u0432\u043e\u0440\u043e\u0434\u0430 MSR Ceramic Skillet - \u041c\u0430\u0433\u0430\u0437\u0438\u043d Xstyle<\/title>\n<meta name=\"description\" content=\"\u0421\u043a\u043e\u0432\u043e\u0440\u043e\u0434\u0430 MSR Ceramic Skillet \u2014 \u043b\u0435\u0433\u043a\u0430\u044f, \u0430\u043d\u0442\u0438\u043f\u0440\u0438\u0433\u0430\u0440\u043d\u0430\u044f, \u0434\u043e\u043b\u0433\u043e\u0432\u0435\u0447\u043d\u0430\u044f. \u0418\u0434\u0435\u0430\u043b\u044c\u043d\u0430 \u0434\u043b\u044f \u0433\u043e\u0442\u043e\u0432\u043a\u0438 \u043d\u0430 \u043f\u0440\u0438\u0440\u043e\u0434\u0435 \u0431\u0435\u0437 PFTE \u0438 PFOA. \u0421\u0442\u0438\u043b\u044c\u043d\u044b\u0439 \u0430\u043a\u0441\u0435\u0441\u0441\u0443\u0430\u0440 \u0434\u043b\u044f \u043a\u0430\u0436\u0434\u043e\u0433\u043e \u043f\u043e\u0432\u0430\u0440\u0430!\" \/>\n<meta name=\"robots\" content=\"index, follow, max-snippet:-1, max-image-preview:large, max-video-preview:-1\" \/>\n<link rel=\"canonical\" href=\"https:\/\/xstyle.md\/ro\/produs\/skovoroda-msr-ceramic-skillet\/\" \/>\n<meta property=\"og:locale\" content=\"ro_RO\" \/>\n<meta property=\"og:type\" content=\"article\" \/>\n<meta property=\"og:title\" content=\"\u0421\u043a\u043e\u0432\u043e\u0440\u043e\u0434\u0430 MSR Ceramic Skillet - \u041c\u0430\u0433\u0430\u0437\u0438\u043d Xstyle\" \/>\n<meta property=\"og:description\" content=\"\u0421\u043a\u043e\u0432\u043e\u0440\u043e\u0434\u0430 MSR Ceramic Skillet \u2014 \u043b\u0435\u0433\u043a\u0430\u044f, \u0430\u043d\u0442\u0438\u043f\u0440\u0438\u0433\u0430\u0440\u043d\u0430\u044f, \u0434\u043e\u043b\u0433\u043e\u0432\u0435\u0447\u043d\u0430\u044f. \u0418\u0434\u0435\u0430\u043b\u044c\u043d\u0430 \u0434\u043b\u044f \u0433\u043e\u0442\u043e\u0432\u043a\u0438 \u043d\u0430 \u043f\u0440\u0438\u0440\u043e\u0434\u0435 \u0431\u0435\u0437 PFTE \u0438 PFOA. \u0421\u0442\u0438\u043b\u044c\u043d\u044b\u0439 \u0430\u043a\u0441\u0435\u0441\u0441\u0443\u0430\u0440 \u0434\u043b\u044f \u043a\u0430\u0436\u0434\u043e\u0433\u043e \u043f\u043e\u0432\u0430\u0440\u0430!\" \/>\n<meta property=\"og:url\" content=\"https:\/\/xstyle.md\/ro\/produs\/skovoroda-msr-ceramic-skillet\/\" \/>\n<meta property=\"og:site_name\" content=\"\u041c\u0430\u0433\u0430\u0437\u0438\u043d Xstyle\" \/>\n<meta property=\"article:publisher\" content=\"https:\/\/www.facebook.com\/xstylemd\" \/>\n<meta property=\"article:modified_time\" content=\"2026-04-15T09:38:21+00:00\" \/>\n<meta property=\"og:image\" content=\"https:\/\/xstyle.md\/wp-content\/uploads\/2022\/09\/msr-ceramic-skillet.jpg\" \/>\n\t<meta property=\"og:image:width\" content=\"1000\" \/>\n\t<meta property=\"og:image:height\" content=\"1000\" \/>\n\t<meta property=\"og:image:type\" content=\"image\/jpeg\" \/>\n<meta name=\"twitter:card\" content=\"summary_large_image\" \/>\n<meta name=\"twitter:label1\" content=\"Pre\u021b\" \/>\n\t<meta name=\"twitter:data1\" content=\"1.490&nbsp;MDL\" \/>\n\t<meta name=\"twitter:label2\" content=\"Disponibilitate\" \/>\n\t<meta name=\"twitter:data2\" content=\"\u00cen stoc\" \/>\n<script type=\"application\/ld+json\" class=\"yoast-schema-graph\">{\"@context\":\"https:\\\/\\\/schema.org\",\"@graph\":[{\"@type\":\"WebPage\",\"@id\":\"https:\\\/\\\/xstyle.md\\\/product\\\/skovoroda-msr-ceramic-skillet\\\/\",\"url\":\"https:\\\/\\\/xstyle.md\\\/product\\\/skovoroda-msr-ceramic-skillet\\\/\",\"name\":\"\u0421\u043a\u043e\u0432\u043e\u0440\u043e\u0434\u0430 MSR Ceramic Skillet - \u041c\u0430\u0433\u0430\u0437\u0438\u043d Xstyle\",\"isPartOf\":{\"@id\":\"https:\\\/\\\/xstyle.md\\\/#website\"},\"primaryImageOfPage\":{\"@id\":\"https:\\\/\\\/xstyle.md\\\/product\\\/skovoroda-msr-ceramic-skillet\\\/#primaryimage\"},\"image\":{\"@id\":\"https:\\\/\\\/xstyle.md\\\/product\\\/skovoroda-msr-ceramic-skillet\\\/#primaryimage\"},\"thumbnailUrl\":\"https:\\\/\\\/xstyle.md\\\/wp-content\\\/uploads\\\/2022\\\/09\\\/msr-ceramic-skillet.jpg\",\"datePublished\":\"2022-09-02T15:36:40+00:00\",\"dateModified\":\"2026-04-15T09:38:21+00:00\",\"description\":\"\u0421\u043a\u043e\u0432\u043e\u0440\u043e\u0434\u0430 MSR Ceramic Skillet \u2014 \u043b\u0435\u0433\u043a\u0430\u044f, \u0430\u043d\u0442\u0438\u043f\u0440\u0438\u0433\u0430\u0440\u043d\u0430\u044f, \u0434\u043e\u043b\u0433\u043e\u0432\u0435\u0447\u043d\u0430\u044f. \u0418\u0434\u0435\u0430\u043b\u044c\u043d\u0430 \u0434\u043b\u044f \u0433\u043e\u0442\u043e\u0432\u043a\u0438 \u043d\u0430 \u043f\u0440\u0438\u0440\u043e\u0434\u0435 \u0431\u0435\u0437 PFTE \u0438 PFOA. \u0421\u0442\u0438\u043b\u044c\u043d\u044b\u0439 \u0430\u043a\u0441\u0435\u0441\u0441\u0443\u0430\u0440 \u0434\u043b\u044f \u043a\u0430\u0436\u0434\u043e\u0433\u043e \u043f\u043e\u0432\u0430\u0440\u0430!\",\"breadcrumb\":{\"@id\":\"https:\\\/\\\/xstyle.md\\\/product\\\/skovoroda-msr-ceramic-skillet\\\/#breadcrumb\"},\"inLanguage\":\"ro-RO\",\"potentialAction\":[{\"@type\":\"ReadAction\",\"target\":[\"https:\\\/\\\/xstyle.md\\\/product\\\/skovoroda-msr-ceramic-skillet\\\/\"]}]},{\"@type\":\"ImageObject\",\"inLanguage\":\"ro-RO\",\"@id\":\"https:\\\/\\\/xstyle.md\\\/product\\\/skovoroda-msr-ceramic-skillet\\\/#primaryimage\",\"url\":\"https:\\\/\\\/xstyle.md\\\/wp-content\\\/uploads\\\/2022\\\/09\\\/msr-ceramic-skillet.jpg\",\"contentUrl\":\"https:\\\/\\\/xstyle.md\\\/wp-content\\\/uploads\\\/2022\\\/09\\\/msr-ceramic-skillet.jpg\",\"width\":1000,\"height\":1000,\"caption\":\"\u0422\u0440\u0435\u043d\u0434\u043e\u0432\u0430\u044f \u043a\u0435\u0440\u0430\u043c\u0438\u0447\u0435\u0441\u043a\u0430\u044f \u0441\u043a\u043e\u0432\u043e\u0440\u043e\u0434\u0430 MSR \u0434\u043b\u044f \u0430\u043a\u0442\u0438\u0432\u043d\u043e\u0433\u043e \u043e\u0442\u0434\u044b\u0445\u0430, \u043f\u0440\u0438\u043a\u043b\u044e\u0447\u0435\u043d\u0438\u0439 \u043d\u0430 \u043f\u0440\u0438\u0440\u043e\u0434\u0435, \u043f\u0443\u0442\u0435\u0448\u0435\u0441\u0442\u0432\u0438\u0439 \u0438 \u0431\u0430\u0441\u043a\u0435\u0442\u0431\u043e\u044f \u0432 \u043f\u043e\u0445\u043e\u0434\u043d\u043e\u043c \u0441\u0442\u0438\u043b\u0435, \u043f\u043e\u0434\u0445\u043e\u0434\u044f\u0449\u0430\u044f \u0434\u043b\u044f \u043f\u0435\u0448\u0438\u0445 \u043f\u043e\u0445\u043e\u0434\u043e\u0432 \u0442\u0443\u0440\u0438\u0441\u0442\u0438\u0447\u0435\u0441\u043a\u043e\u0439 \u044d\u043a\u0438\u043f\u0438\u0440\u043e\u0432\u043a\u0438, \u043e\u0431\u0443\u0432\u0438 \u0438 \u043e\u0434\u0435\u0436\u0434\u044b \u0434\u043b\u044f \u0430\u043a\u0442\u0438\u0432\u043d\u043e\u0433\u043e \u043e\u0431\u0440\u0430\u0437\u0430 \u0436\u0438\u0437\u043d\u0438\"},{\"@type\":\"BreadcrumbList\",\"@id\":\"https:\\\/\\\/xstyle.md\\\/product\\\/skovoroda-msr-ceramic-skillet\\\/#breadcrumb\",\"itemListElement\":[{\"@type\":\"ListItem\",\"position\":1,\"name\":\"\u0413\u043b\u0430\u0432\u043d\u0430\u044f \u0441\u0442\u0440\u0430\u043d\u0438\u0446\u0430\",\"item\":\"https:\\\/\\\/xstyle.md\\\/\"},{\"@type\":\"ListItem\",\"position\":2,\"name\":\"\u041c\u0430\u0433\u0430\u0437\u0438\u043d\",\"item\":\"https:\\\/\\\/xstyle.md\\\/shop\\\/\"},{\"@type\":\"ListItem\",\"position\":3,\"name\":\"\u0421\u043a\u043e\u0432\u043e\u0440\u043e\u0434\u0430 MSR Ceramic Skillet\"}]},{\"@type\":\"WebSite\",\"@id\":\"https:\\\/\\\/xstyle.md\\\/#website\",\"url\":\"https:\\\/\\\/xstyle.md\\\/\",\"name\":\"\u041c\u0430\u0433\u0430\u0437\u0438\u043d Xstyle\",\"description\":\"C\u043d\u0430\u0440\u044f\u0436\u0435\u043d\u0438\u0435 \u0434\u043b\u044f \u0442\u0443\u0440\u0438\u0437\u043c\u0430 \u0438 \u044d\u043a\u0441\u0442\u0440\u0435\u043c\u0430\u043b\u044c\u043d\u044b\u0445 \u0432\u0438\u0434\u043e\u0432 \u0441\u043f\u043e\u0440\u0442\u0430 \u0432 \u041c\u043e\u043b\u0434\u043e\u0432\u0435.. \u0426\u0435\u043d\u044b, \u0444\u043e\u0442\u043e, \u0445\u0430\u0440\u0430\u043a\u0442\u0435\u0440\u0438\u0441\u0442\u0438\u043a\u0438 \u0432 \u041c\u043e\u043b\u0434\u043e\u0432\u0435.\",\"publisher\":{\"@id\":\"https:\\\/\\\/xstyle.md\\\/#organization\"},\"alternateName\":\"X-Style\",\"potentialAction\":[{\"@type\":\"SearchAction\",\"target\":{\"@type\":\"EntryPoint\",\"urlTemplate\":\"https:\\\/\\\/xstyle.md\\\/?s={search_term_string}\"},\"query-input\":{\"@type\":\"PropertyValueSpecification\",\"valueRequired\":true,\"valueName\":\"search_term_string\"}}],\"inLanguage\":\"ro-RO\"},{\"@type\":\"Organization\",\"@id\":\"https:\\\/\\\/xstyle.md\\\/#organization\",\"name\":\"\u041c\u0430\u0433\u0430\u0437\u0438\u043d Xstyle\",\"alternateName\":\"x-style\",\"url\":\"https:\\\/\\\/xstyle.md\\\/\",\"logo\":{\"@type\":\"ImageObject\",\"inLanguage\":\"ro-RO\",\"@id\":\"https:\\\/\\\/xstyle.md\\\/#\\\/schema\\\/logo\\\/image\\\/\",\"url\":\"https:\\\/\\\/xstyle.md\\\/wp-content\\\/uploads\\\/2020\\\/06\\\/logoicon.svg\",\"contentUrl\":\"https:\\\/\\\/xstyle.md\\\/wp-content\\\/uploads\\\/2020\\\/06\\\/logoicon.svg\",\"caption\":\"\u041c\u0430\u0433\u0430\u0437\u0438\u043d Xstyle\"},\"image\":{\"@id\":\"https:\\\/\\\/xstyle.md\\\/#\\\/schema\\\/logo\\\/image\\\/\"},\"sameAs\":[\"https:\\\/\\\/www.facebook.com\\\/xstylemd\",\"https:\\\/\\\/www.instagram.com\\\/xstyle_md\\\/\",\"https:\\\/\\\/t.me\\\/xstyle_outdoor\"],\"hasMerchantReturnPolicy\":{\"@type\":\"MerchantReturnPolicy\",\"merchantReturnLink\":\"https:\\\/\\\/xstyle.md\\\/ro\\\/conditions\\\/\"}}]}<\/script>\n<meta property=\"product:price:amount\" content=\"1490.00\" \/>\n<meta property=\"product:price:currency\" content=\"MDL\" \/>\n<meta property=\"og:availability\" content=\"instock\" \/>\n<meta property=\"product:availability\" content=\"instock\" \/>\n<meta property=\"product:retailer_item_id\" content=\"40818132333\" \/>\n<meta property=\"product:condition\" content=\"new\" \/>\n<!-- \/ Yoast SEO plugin. -->","yoast_head_json":{"title":"Tigaie MSR Ceramic Skillet - Magazin Xstyle","description":"Tigaie MSR Ceramic Skillet \u2014 u\u0219oar\u0103, antiaderent\u0103, durabil\u0103. Ideal\u0103 pentru g\u0103tit \u00een natur\u0103, f\u0103r\u0103 PFTE \u0219i PFOA. Un accesoriu stilat pentru fiecare buc\u0103tar!","robots":{"index":"index","follow":"follow","max-snippet":"max-snippet:-1","max-image-preview":"max-image-preview:large","max-video-preview":"max-video-preview:-1"},"canonical":"https:\/\/xstyle.md\/ro\/produs\/skovoroda-msr-ceramic-skillet\/","og_locale":"ro_RO","og_type":"article","og_title":"\u0421\u043a\u043e\u0432\u043e\u0440\u043e\u0434\u0430 MSR Ceramic Skillet - \u041c\u0430\u0433\u0430\u0437\u0438\u043d Xstyle","og_description":"\u0421\u043a\u043e\u0432\u043e\u0440\u043e\u0434\u0430 MSR Ceramic Skillet \u2014 \u043b\u0435\u0433\u043a\u0430\u044f, \u0430\u043d\u0442\u0438\u043f\u0440\u0438\u0433\u0430\u0440\u043d\u0430\u044f, \u0434\u043e\u043b\u0433\u043e\u0432\u0435\u0447\u043d\u0430\u044f. \u0418\u0434\u0435\u0430\u043b\u044c\u043d\u0430 \u0434\u043b\u044f \u0433\u043e\u0442\u043e\u0432\u043a\u0438 \u043d\u0430 \u043f\u0440\u0438\u0440\u043e\u0434\u0435 \u0431\u0435\u0437 PFTE \u0438 PFOA. \u0421\u0442\u0438\u043b\u044c\u043d\u044b\u0439 \u0430\u043a\u0441\u0435\u0441\u0441\u0443\u0430\u0440 \u0434\u043b\u044f \u043a\u0430\u0436\u0434\u043e\u0433\u043e \u043f\u043e\u0432\u0430\u0440\u0430!","og_url":"https:\/\/xstyle.md\/ro\/produs\/skovoroda-msr-ceramic-skillet\/","og_site_name":"\u041c\u0430\u0433\u0430\u0437\u0438\u043d Xstyle","article_publisher":"https:\/\/www.facebook.com\/xstylemd","article_modified_time":"2026-04-15T09:38:21+00:00","og_image":[{"width":1000,"height":1000,"url":"https:\/\/xstyle.md\/wp-content\/uploads\/2022\/09\/msr-ceramic-skillet.jpg","type":"image\/jpeg"}],"twitter_card":"summary_large_image","twitter_misc":{"Pre\u021b":"1.490&nbsp;MDL","Disponibilitate":"\u00cen stoc"},"schema":{"@context":"https:\/\/schema.org","@graph":[{"@type":"WebPage","@id":"https:\/\/xstyle.md\/product\/skovoroda-msr-ceramic-skillet\/","url":"https:\/\/xstyle.md\/product\/skovoroda-msr-ceramic-skillet\/","name":"Tigaie MSR Ceramic Skillet - Magazin Xstyle","isPartOf":{"@id":"https:\/\/xstyle.md\/#website"},"primaryImageOfPage":{"@id":"https:\/\/xstyle.md\/product\/skovoroda-msr-ceramic-skillet\/#primaryimage"},"image":{"@id":"https:\/\/xstyle.md\/product\/skovoroda-msr-ceramic-skillet\/#primaryimage"},"thumbnailUrl":"https:\/\/xstyle.md\/wp-content\/uploads\/2022\/09\/msr-ceramic-skillet.jpg","datePublished":"2022-09-02T15:36:40+00:00","dateModified":"2026-04-15T09:38:21+00:00","description":"Tigaie MSR Ceramic Skillet \u2014 u\u0219oar\u0103, antiaderent\u0103, durabil\u0103. Ideal\u0103 pentru g\u0103tit \u00een natur\u0103, f\u0103r\u0103 PFTE \u0219i PFOA. Un accesoriu stilat pentru fiecare buc\u0103tar!","breadcrumb":{"@id":"https:\/\/xstyle.md\/product\/skovoroda-msr-ceramic-skillet\/#breadcrumb"},"inLanguage":"ro-RO","potentialAction":[{"@type":"ReadAction","target":["https:\/\/xstyle.md\/product\/skovoroda-msr-ceramic-skillet\/"]}]},{"@type":"ImageObject","inLanguage":"ro-RO","@id":"https:\/\/xstyle.md\/product\/skovoroda-msr-ceramic-skillet\/#primaryimage","url":"https:\/\/xstyle.md\/wp-content\/uploads\/2022\/09\/msr-ceramic-skillet.jpg","contentUrl":"https:\/\/xstyle.md\/wp-content\/uploads\/2022\/09\/msr-ceramic-skillet.jpg","width":1000,"height":1000,"caption":"\u0422\u0440\u0435\u043d\u0434\u043e\u0432\u0430\u044f \u043a\u0435\u0440\u0430\u043c\u0438\u0447\u0435\u0441\u043a\u0430\u044f \u0441\u043a\u043e\u0432\u043e\u0440\u043e\u0434\u0430 MSR \u0434\u043b\u044f \u0430\u043a\u0442\u0438\u0432\u043d\u043e\u0433\u043e \u043e\u0442\u0434\u044b\u0445\u0430, \u043f\u0440\u0438\u043a\u043b\u044e\u0447\u0435\u043d\u0438\u0439 \u043d\u0430 \u043f\u0440\u0438\u0440\u043e\u0434\u0435, \u043f\u0443\u0442\u0435\u0448\u0435\u0441\u0442\u0432\u0438\u0439 \u0438 \u0431\u0430\u0441\u043a\u0435\u0442\u0431\u043e\u044f \u0432 \u043f\u043e\u0445\u043e\u0434\u043d\u043e\u043c \u0441\u0442\u0438\u043b\u0435, \u043f\u043e\u0434\u0445\u043e\u0434\u044f\u0449\u0430\u044f \u0434\u043b\u044f \u043f\u0435\u0448\u0438\u0445 \u043f\u043e\u0445\u043e\u0434\u043e\u0432 \u0442\u0443\u0440\u0438\u0441\u0442\u0438\u0447\u0435\u0441\u043a\u043e\u0439 \u044d\u043a\u0438\u043f\u0438\u0440\u043e\u0432\u043a\u0438, \u043e\u0431\u0443\u0432\u0438 \u0438 \u043e\u0434\u0435\u0436\u0434\u044b \u0434\u043b\u044f \u0430\u043a\u0442\u0438\u0432\u043d\u043e\u0433\u043e \u043e\u0431\u0440\u0430\u0437\u0430 \u0436\u0438\u0437\u043d\u0438"},{"@type":"BreadcrumbList","@id":"https:\/\/xstyle.md\/product\/skovoroda-msr-ceramic-skillet\/#breadcrumb","itemListElement":[{"@type":"ListItem","position":1,"name":"\u0413\u043b\u0430\u0432\u043d\u0430\u044f \u0441\u0442\u0440\u0430\u043d\u0438\u0446\u0430","item":"https:\/\/xstyle.md\/"},{"@type":"ListItem","position":2,"name":"\u041c\u0430\u0433\u0430\u0437\u0438\u043d","item":"https:\/\/xstyle.md\/shop\/"},{"@type":"ListItem","position":3,"name":"\u0421\u043a\u043e\u0432\u043e\u0440\u043e\u0434\u0430 MSR Ceramic Skillet"}]},{"@type":"WebSite","@id":"https:\/\/xstyle.md\/#website","url":"https:\/\/xstyle.md\/","name":"Magazinul X-Style","description":"Echipamente pentru turism \u0219i sporturi extreme \u00een Moldova. Pre\u021buri, fotografii, caracteristici \u00een Moldova.","publisher":{"@id":"https:\/\/xstyle.md\/#organization"},"alternateName":"X-Style","potentialAction":[{"@type":"SearchAction","target":{"@type":"EntryPoint","urlTemplate":"https:\/\/xstyle.md\/?s={search_term_string}"},"query-input":{"@type":"PropertyValueSpecification","valueRequired":true,"valueName":"search_term_string"}}],"inLanguage":"ro-RO"},{"@type":"Organization","@id":"https:\/\/xstyle.md\/#organization","name":"Magazinul X-Style","alternateName":"x-style","url":"https:\/\/xstyle.md\/","logo":{"@type":"ImageObject","inLanguage":"ro-RO","@id":"https:\/\/xstyle.md\/#\/schema\/logo\/image\/","url":"https:\/\/xstyle.md\/wp-content\/uploads\/2020\/06\/logoicon.svg","contentUrl":"https:\/\/xstyle.md\/wp-content\/uploads\/2020\/06\/logoicon.svg","caption":"\u041c\u0430\u0433\u0430\u0437\u0438\u043d Xstyle"},"image":{"@id":"https:\/\/xstyle.md\/#\/schema\/logo\/image\/"},"sameAs":["https:\/\/www.facebook.com\/xstylemd","https:\/\/www.instagram.com\/xstyle_md\/","https:\/\/t.me\/xstyle_outdoor"],"hasMerchantReturnPolicy":{"@type":"MerchantReturnPolicy","merchantReturnLink":"https:\/\/xstyle.md\/ro\/conditions\/"}}]},"product_price_amount":"1490.00","product_price_currency":"MDL","og_availability":"instock","product_availability":"instock","product_retailer_item_id":"40818132333","product_condition":"new"},"_links":{"self":[{"href":"https:\/\/xstyle.md\/ro\/wp-json\/wp\/v2\/product\/54066","targetHints":{"allow":["GET"]}}],"collection":[{"href":"https:\/\/xstyle.md\/ro\/wp-json\/wp\/v2\/product"}],"about":[{"href":"https:\/\/xstyle.md\/ro\/wp-json\/wp\/v2\/types\/product"}],"replies":[{"embeddable":true,"href":"https:\/\/xstyle.md\/ro\/wp-json\/wp\/v2\/comments?post=54066"}],"wp:featuredmedia":[{"embeddable":true,"href":"https:\/\/xstyle.md\/ro\/wp-json\/wp\/v2\/media\/56188"}],"wp:attachment":[{"href":"https:\/\/xstyle.md\/ro\/wp-json\/wp\/v2\/media?parent=54066"}],"wp:term":[{"taxonomy":"product_brand","embeddable":true,"href":"https:\/\/xstyle.md\/ro\/wp-json\/wp\/v2\/product_brand?post=54066"},{"taxonomy":"product_cat","embeddable":true,"href":"https:\/\/xstyle.md\/ro\/wp-json\/wp\/v2\/product_cat?post=54066"},{"taxonomy":"product_tag","embeddable":true,"href":"https:\/\/xstyle.md\/ro\/wp-json\/wp\/v2\/product_tag?post=54066"}],"curies":[{"name":"wp","href":"https:\/\/api.w.org\/{rel}","templated":true}]}}