{"id":54063,"date":"2022-09-02T18:36:40","date_gmt":"2022-09-02T15:36:40","guid":{"rendered":"https:\/\/xstyle.md\/?post_type=product&#038;p=54063"},"modified":"2025-10-24T12:29:35","modified_gmt":"2025-10-24T09:29:35","slug":"filtr-msr-guardian-gravity-purifier","status":"publish","type":"product","link":"https:\/\/xstyle.md\/ro\/produs\/filtr-msr-guardian-gravity-purifier\/","title":{"rendered":"Filtru MSR Guardian Gravity Purifier"},"content":{"rendered":"<\/p>\n<p><strong>MSR Guardian Gravity Purifier<\/strong> &#8212; filtru de ap\u0103 conceput ini\u021bial pentru nevoile personalului militar care lucreaz\u0103 pe teren. Filtrul cur\u0103\u021b\u0103 apa puternic contaminat\u0103 cu impurit\u0103\u021bi mecanice, microplastice, bacterii, protozoare \u0219i viru\u0219i. Pur \u0219i simplu ag\u0103\u021ba\u021bi-l \u00een timp ce v\u0103 vede\u021bi de treab\u0103 \u00een tab\u0103ra de baz\u0103 sau \u00een camping. Rezervorul mare \u0219i debitul ridicat pentru aceast\u0103 clas\u0103 de filtre satisface nevoile zilnice de ap\u0103 ale mai multor persoane. Robuste\u021bea materialelor \u0219i compactitatea sistemului ambalat v\u0103 permit s\u0103 lua\u021bi filtrul cu dumneavoastr\u0103 \u00een orice c\u0103l\u0103torie, oriunde \u00een lume.<\/p>\n<h3>Particularit\u0103\u021bi<\/h3>\n<ul>\n<li>Sistemul este format dintr-un rezervor de ap\u0103 murdar\u0103 de 10 l, un filtru cu un cartu\u0219 din fibre goale de 0,02 \u00b5m, tuburi, cleme \u0219i un adaptor pentru sticle. Filtrul a fost proiectat pentru a putea fi b\u0103ut direct din el, dar \u00een excursiile de camping \u00een grup este mult mai convenabil s\u0103 se toarne ap\u0103 curat\u0103 \u00een recipiente din motive de igien\u0103.<\/li>\n<li>Purificatorul \u00een dou\u0103 etape include c\u0103rbune activ pentru a reduce mirosurile chimice \u0219i alte mirosuri nepl\u0103cute, pentru a \u00eembun\u0103t\u0103\u021bi gustul apei.<\/li>\n<li>Cartu\u0219ul are o capacitate de 3.000 de litri de ap\u0103, salv\u00e2nd lumea de la 3.000 de sticle de plastic aruncate.<\/li>\n<li>Rezervorul de zece litri poate fi umplut cu u\u0219urin\u021b\u0103 fie de la robinet, fie din corpuri de ap\u0103 naturale, acoperind nevoile zilnice de ap\u0103 pentru b\u0103ut, g\u0103tit \u0219i igien\u0103.<\/li>\n<li>Cur\u0103\u021bare u\u0219oar\u0103: nu este nevoie de sp\u0103lare invers\u0103. Deschiderea furtunului de sp\u0103lare v\u0103 permite s\u0103 sp\u0103la\u021bi sistemul pentru a-l cur\u0103\u021ba \u0219i a men\u021bine debitul.<\/li>\n<li>Debit ridicat: p\u00e2n\u0103 la 1 litru \u00een 2 minute la o \u00een\u0103l\u021bime optim\u0103 de suspendare a rezervorului de 1,8 m. Acest lucru este de 2,5 ori mai rapid dec\u00e2t cel mai apropiat concurent<\/li>\n<li>Filtrul este conform cu standardul de testare militar NSF P248. Elimin\u0103 viru\u0219ii (99,99%), bacteriile (99,9999%), protozoarele (99,9%), contaminan\u021bii mecanici \u0219i microplasticele din apa de cea mai proast\u0103 calitate.<\/li>\n<li>Standardul de testare NSF P248 este cea mai riguroas\u0103 certificare \u0219tiin\u021bific\u0103 disponibil\u0103. NSF P248 certific\u0103 faptul c\u0103 un dispozitiv de filtrare elimin\u0103 \u00een siguran\u021b\u0103 contaminan\u021bii revendica\u021bi din sursele de ap\u0103 dificile din natur\u0103. Dispozitivele MSR Guardian sunt singurele purificatoare de pe pia\u021b\u0103 care sunt testate pentru eliminarea viru\u0219ilor conform standardului militar P248.<\/li>\n<li>\u00cendepline\u0219te standardul \u0219i protocolul de ghidare al EPA din SUA pentru testarea purificatorilor microbiologici.<\/li>\n<li>Construc\u021bie robust\u0103 de calitate militar\u0103.<\/li>\n<li>Hus\u0103 de ambalare inclus\u0103.<\/li>\n<\/ul>\n<h3>Caracteristici<\/h3>\n<ul>\n<li>Materiale: termoplastic ABS<\/li>\n<li>Dimensiuni (L x P x H): 10 cm x 30 cm x 10 cm<\/li>\n<li>Capacitate: 10 litri<\/li>\n<li>Filtru: fibre goale, dimensiune 0,02 \u00b5m<\/li>\n<li>Vitez\u0103 de cur\u0103\u021bare: p\u00e2n\u0103 la 0,5 litri \u00een 1 minut<\/li>\n<li>Durata de via\u021b\u0103 a cartu\u0219ului: 3000+ litri<\/li>\n<li>Sistem:<br \/>\n&#8212; rezervor<br \/>\n&#8212; microfiltrul<br \/>\n&#8212; tub de ap\u0103<br \/>\n&#8212; tub de cl\u0103tire<br \/>\n&#8212; cleme, 2 buc\u0103\u021bi<br \/>\n&#8212; adaptor pentru sticl\u0103<\/li>\n<li>Cur\u0103\u021barea cartu\u0219elor pe teren<\/li>\n<li>Eficacitate \u00eempotriva substan\u021belor chimice \u0219i a toxinelor: niciuna<\/li>\n<li>Eficacitate: contaminan\u021bi mecanici, microplastice, bacterii 99,9999%, protozoare 99,9%, viru\u0219i 99,99%.<\/li>\n<li>Standarde: EPA, NSF P248<\/li>\n<li>Cutie de ambalare inclus\u0103<\/li>\n<li>Greutate: 530g.<\/li>\n<\/ul>\n<h3>Prima utilizare<\/h3>\n<p>Turna\u021bi ap\u0103 \u00een rezervor \u0219i at\u00e2rna\u021bi-l. Asigura\u021bi-v\u0103 c\u0103 clemele de pe ambele tuburi sunt \u00een pozi\u021bie \u00eenchis\u0103. Conecta\u021bi tubulatura la rezervor. Deschide\u021bi clema de sp\u0103lare, scurge\u021bi pu\u021bin\u0103 ap\u0103 \u0219i \u00eenchide\u021bi-o. Acest lucru este necesar pentru a sc\u0103pa de praful de carbon. Apoi conecta\u021bi tubul de ap\u0103 curat\u0103 la rezervor \u0219i deschide\u021bi clema de blocare.<\/p>\n<p>Dup\u0103 ce filtrarea este complet\u0103, usca\u021bi suprafe\u021bele exterioare ale sistemului, plia\u021bi-l \u0219i pune\u021bi-l \u00een cutie. Nu dezasambla\u021bi sistemul pentru a evita contaminarea. Nu dezasambla\u021bi cartu\u0219ul pentru a evita uscarea acestuia, acesta trebuie s\u0103 r\u0103m\u00e2n\u0103 umed \u00een interior. Nu sc\u0103pa\u021bi \u0219i nu \u00eenghe\u021ba\u021bi cartu\u0219ul. Dac\u0103 microfibrele cartu\u0219ului sunt deteriorate, nu este garantat\u0103 func\u021bionarea corect\u0103.<\/p>\n<h3>Marca<\/h3>\n<p>MSR este un cunoscut produc\u0103tor de articole sportive, care produce echipamente pentru alpini\u0219tii profesioni\u0219ti \u0219i pentru cei care prefer\u0103 activit\u0103\u021bile de agrement \u00een aer liber. Produsele sunt concepute pentru a face c\u00e2t mai u\u0219or posibil ca o persoan\u0103 s\u0103 r\u0103m\u00e2n\u0103 \u00een aer liber pentru perioade lungi de timp. Acestea sunt dispozitive universale care pot fi folosite at\u00e2t \u00eentr-o drume\u021bie obi\u0219nuit\u0103, c\u00e2t \u0219i \u00eentr-o expedi\u021bie complex\u0103.<\/p>\n<p><\/p>","protected":false},"excerpt":{"rendered":"","protected":false},"featured_media":56176,"comment_status":"open","ping_status":"closed","template":"","meta":{"_acf_changed":false,"inline_featured_image":false},"product_brand":[1279],"product_cat":[860],"product_tag":[],"class_list":{"0":"post-54063","1":"product","2":"type-product","3":"status-publish","4":"has-post-thumbnail","6":"product_brand-msr","7":"product_cat-filtre-pentru-apa","9":"first","10":"instock","11":"shipping-taxable","12":"purchasable","13":"product-type-simple"},"acf":[],"yoast_head":"<!-- This site is optimized with the Yoast SEO plugin v27.2 - https:\/\/yoast.com\/product\/yoast-seo-wordpress\/ -->\n<title>\u0424\u0438\u043b\u044c\u0442\u0440 MSR Guardian Gravity Purifier - \u041c\u0430\u0433\u0430\u0437\u0438\u043d Xstyle<\/title>\n<meta name=\"description\" content=\"\u0424\u0438\u043b\u044c\u0442\u0440 MSR Guardian Gravity Purifier: \u043d\u0430\u0434\u0435\u0436\u043d\u043e\u0435 \u0440\u0435\u0448\u0435\u043d\u0438\u0435 \u0434\u043b\u044f \u043e\u0447\u0438\u0441\u0442\u043a\u0438 \u0432\u043e\u0434\u044b, \u043e\u0442\u0432\u0435\u0447\u0430\u044e\u0449\u0435\u0435 \u0441\u0442\u0430\u043d\u0434\u0430\u0440\u0442\u0430\u043c NSF P248. \u0418\u0434\u0435\u0430\u043b\u0435\u043d \u0434\u043b\u044f \u044d\u043a\u0441\u0442\u0440\u0435\u043c\u0430\u043b\u044c\u043d\u044b\u0445 \u0443\u0441\u043b\u043e\u0432\u0438\u0439 \u0438 \u0430\u043a\u0442\u0438\u0432\u043d\u043e\u0433\u043e \u043e\u0442\u0434\u044b\u0445\u0430.\" \/>\n<meta name=\"robots\" content=\"index, follow, max-snippet:-1, max-image-preview:large, max-video-preview:-1\" \/>\n<link rel=\"canonical\" href=\"https:\/\/xstyle.md\/ro\/produs\/filtr-msr-guardian-gravity-purifier\/\" \/>\n<meta property=\"og:locale\" content=\"ro_RO\" \/>\n<meta property=\"og:type\" content=\"article\" \/>\n<meta property=\"og:title\" content=\"\u0424\u0438\u043b\u044c\u0442\u0440 MSR Guardian Gravity Purifier - \u041c\u0430\u0433\u0430\u0437\u0438\u043d Xstyle\" \/>\n<meta property=\"og:description\" content=\"\u0424\u0438\u043b\u044c\u0442\u0440 MSR Guardian Gravity Purifier: \u043d\u0430\u0434\u0435\u0436\u043d\u043e\u0435 \u0440\u0435\u0448\u0435\u043d\u0438\u0435 \u0434\u043b\u044f \u043e\u0447\u0438\u0441\u0442\u043a\u0438 \u0432\u043e\u0434\u044b, \u043e\u0442\u0432\u0435\u0447\u0430\u044e\u0449\u0435\u0435 \u0441\u0442\u0430\u043d\u0434\u0430\u0440\u0442\u0430\u043c NSF P248. \u0418\u0434\u0435\u0430\u043b\u0435\u043d \u0434\u043b\u044f \u044d\u043a\u0441\u0442\u0440\u0435\u043c\u0430\u043b\u044c\u043d\u044b\u0445 \u0443\u0441\u043b\u043e\u0432\u0438\u0439 \u0438 \u0430\u043a\u0442\u0438\u0432\u043d\u043e\u0433\u043e \u043e\u0442\u0434\u044b\u0445\u0430.\" \/>\n<meta property=\"og:url\" content=\"https:\/\/xstyle.md\/ro\/produs\/filtr-msr-guardian-gravity-purifier\/\" \/>\n<meta property=\"og:site_name\" content=\"\u041c\u0430\u0433\u0430\u0437\u0438\u043d Xstyle\" \/>\n<meta property=\"article:publisher\" content=\"https:\/\/www.facebook.com\/xstylemd\" \/>\n<meta property=\"article:modified_time\" content=\"2025-10-24T09:29:35+00:00\" \/>\n<meta property=\"og:image\" content=\"https:\/\/xstyle.md\/wp-content\/uploads\/2022\/09\/msr-guardian-gravity-purifier.png\" \/>\n\t<meta property=\"og:image:width\" content=\"910\" \/>\n\t<meta property=\"og:image:height\" content=\"930\" \/>\n\t<meta property=\"og:image:type\" content=\"image\/png\" \/>\n<meta name=\"twitter:card\" content=\"summary_large_image\" \/>\n<meta name=\"twitter:label1\" content=\"Pre\u021b\" \/>\n\t<meta name=\"twitter:data1\" content=\"6.890&nbsp;MDL\" \/>\n\t<meta name=\"twitter:label2\" content=\"Disponibilitate\" \/>\n\t<meta name=\"twitter:data2\" content=\"\u00cen stoc\" \/>\n<script type=\"application\/ld+json\" class=\"yoast-schema-graph\">{\"@context\":\"https:\/\/schema.org\",\"@graph\":[{\"@type\":\"WebPage\",\"@id\":\"https:\/\/xstyle.md\/product\/filtr-msr-guardian-gravity-purifier\/\",\"url\":\"https:\/\/xstyle.md\/product\/filtr-msr-guardian-gravity-purifier\/\",\"name\":\"\u0424\u0438\u043b\u044c\u0442\u0440 MSR Guardian Gravity Purifier - \u041c\u0430\u0433\u0430\u0437\u0438\u043d Xstyle\",\"isPartOf\":{\"@id\":\"https:\/\/xstyle.md\/#website\"},\"primaryImageOfPage\":{\"@id\":\"https:\/\/xstyle.md\/product\/filtr-msr-guardian-gravity-purifier\/#primaryimage\"},\"image\":{\"@id\":\"https:\/\/xstyle.md\/product\/filtr-msr-guardian-gravity-purifier\/#primaryimage\"},\"thumbnailUrl\":\"https:\/\/xstyle.md\/wp-content\/uploads\/2022\/09\/msr-guardian-gravity-purifier.png\",\"datePublished\":\"2022-09-02T15:36:40+00:00\",\"dateModified\":\"2025-10-24T09:29:35+00:00\",\"description\":\"\u0424\u0438\u043b\u044c\u0442\u0440 MSR Guardian Gravity Purifier: \u043d\u0430\u0434\u0435\u0436\u043d\u043e\u0435 \u0440\u0435\u0448\u0435\u043d\u0438\u0435 \u0434\u043b\u044f \u043e\u0447\u0438\u0441\u0442\u043a\u0438 \u0432\u043e\u0434\u044b, \u043e\u0442\u0432\u0435\u0447\u0430\u044e\u0449\u0435\u0435 \u0441\u0442\u0430\u043d\u0434\u0430\u0440\u0442\u0430\u043c NSF P248. \u0418\u0434\u0435\u0430\u043b\u0435\u043d \u0434\u043b\u044f \u044d\u043a\u0441\u0442\u0440\u0435\u043c\u0430\u043b\u044c\u043d\u044b\u0445 \u0443\u0441\u043b\u043e\u0432\u0438\u0439 \u0438 \u0430\u043a\u0442\u0438\u0432\u043d\u043e\u0433\u043e \u043e\u0442\u0434\u044b\u0445\u0430.\",\"breadcrumb\":{\"@id\":\"https:\/\/xstyle.md\/product\/filtr-msr-guardian-gravity-purifier\/#breadcrumb\"},\"inLanguage\":\"ro-RO\",\"potentialAction\":[{\"@type\":\"ReadAction\",\"target\":[\"https:\/\/xstyle.md\/product\/filtr-msr-guardian-gravity-purifier\/\"]}]},{\"@type\":\"ImageObject\",\"inLanguage\":\"ro-RO\",\"@id\":\"https:\/\/xstyle.md\/product\/filtr-msr-guardian-gravity-purifier\/#primaryimage\",\"url\":\"https:\/\/xstyle.md\/wp-content\/uploads\/2022\/09\/msr-guardian-gravity-purifier.png\",\"contentUrl\":\"https:\/\/xstyle.md\/wp-content\/uploads\/2022\/09\/msr-guardian-gravity-purifier.png\",\"width\":910,\"height\":930,\"caption\":\"\u0420\u0443\u043a\u0430 \u0434\u0435\u0440\u0436\u0430\u0449\u0430\u044f \u0444\u0438\u043b\u044c\u0442\u0440 \u0434\u043b\u044f \u0432\u043e\u0434\u044b MSR Guardian Gravity Purifier, \u0442\u0443\u0440\u0438\u0441\u0442\u0438\u0447\u0435\u0441\u043a\u043e\u0435 \u0441\u043d\u0430\u0440\u044f\u0436\u0435\u043d\u0438\u0435 \u0434\u043b\u044f \u0430\u043a\u0442\u0438\u0432\u043d\u043e\u0433\u043e \u043e\u0442\u0434\u044b\u0445\u0430, \u043f\u043e\u0445\u043e\u0434\u043e\u0432 \u0438 \u043f\u0443\u0442\u0435\u0448\u0435\u0441\u0442\u0432\u0438\u0439, \u043e\u0431\u0443\u0432\u044c \u0438 \u043e\u0434\u0435\u0436\u0434\u0430 \u0434\u043b\u044f \u0430\u043a\u0442\u0438\u0432\u043d\u043e\u0439 \u0436\u0438\u0437\u043d\u0438\"},{\"@type\":\"BreadcrumbList\",\"@id\":\"https:\/\/xstyle.md\/product\/filtr-msr-guardian-gravity-purifier\/#breadcrumb\",\"itemListElement\":[{\"@type\":\"ListItem\",\"position\":1,\"name\":\"\u0413\u043b\u0430\u0432\u043d\u0430\u044f \u0441\u0442\u0440\u0430\u043d\u0438\u0446\u0430\",\"item\":\"https:\/\/xstyle.md\/\"},{\"@type\":\"ListItem\",\"position\":2,\"name\":\"\u041c\u0430\u0433\u0430\u0437\u0438\u043d\",\"item\":\"https:\/\/xstyle.md\/shop\/\"},{\"@type\":\"ListItem\",\"position\":3,\"name\":\"\u0424\u0438\u043b\u044c\u0442\u0440 MSR Guardian Gravity Purifier\"}]},{\"@type\":\"WebSite\",\"@id\":\"https:\/\/xstyle.md\/#website\",\"url\":\"https:\/\/xstyle.md\/\",\"name\":\"\u041c\u0430\u0433\u0430\u0437\u0438\u043d Xstyle\",\"description\":\"C\u043d\u0430\u0440\u044f\u0436\u0435\u043d\u0438\u0435 \u0434\u043b\u044f \u0442\u0443\u0440\u0438\u0437\u043c\u0430 \u0438 \u044d\u043a\u0441\u0442\u0440\u0435\u043c\u0430\u043b\u044c\u043d\u044b\u0445 \u0432\u0438\u0434\u043e\u0432 \u0441\u043f\u043e\u0440\u0442\u0430 \u0432 \u041c\u043e\u043b\u0434\u043e\u0432\u0435.. \u0426\u0435\u043d\u044b, \u0444\u043e\u0442\u043e, \u0445\u0430\u0440\u0430\u043a\u0442\u0435\u0440\u0438\u0441\u0442\u0438\u043a\u0438 \u0432 \u041c\u043e\u043b\u0434\u043e\u0432\u0435.\",\"publisher\":{\"@id\":\"https:\/\/xstyle.md\/#organization\"},\"alternateName\":\"X-Style\",\"potentialAction\":[{\"@type\":\"SearchAction\",\"target\":{\"@type\":\"EntryPoint\",\"urlTemplate\":\"https:\/\/xstyle.md\/?s={search_term_string}\"},\"query-input\":{\"@type\":\"PropertyValueSpecification\",\"valueRequired\":true,\"valueName\":\"search_term_string\"}}],\"inLanguage\":\"ro-RO\"},{\"@type\":\"Organization\",\"@id\":\"https:\/\/xstyle.md\/#organization\",\"name\":\"\u041c\u0430\u0433\u0430\u0437\u0438\u043d Xstyle\",\"alternateName\":\"x-style\",\"url\":\"https:\/\/xstyle.md\/\",\"logo\":{\"@type\":\"ImageObject\",\"inLanguage\":\"ro-RO\",\"@id\":\"https:\/\/xstyle.md\/#\/schema\/logo\/image\/\",\"url\":\"https:\/\/xstyle.md\/wp-content\/uploads\/2020\/06\/logoicon.svg\",\"contentUrl\":\"https:\/\/xstyle.md\/wp-content\/uploads\/2020\/06\/logoicon.svg\",\"caption\":\"\u041c\u0430\u0433\u0430\u0437\u0438\u043d Xstyle\"},\"image\":{\"@id\":\"https:\/\/xstyle.md\/#\/schema\/logo\/image\/\"},\"sameAs\":[\"https:\/\/www.facebook.com\/xstylemd\",\"https:\/\/www.instagram.com\/xstyle_md\/\",\"https:\/\/t.me\/xstyle_outdoor\"],\"hasMerchantReturnPolicy\":{\"@type\":\"MerchantReturnPolicy\",\"merchantReturnLink\":\"https:\/\/xstyle.md\/ro\/conditions\/\"}}]}<\/script>\n<meta property=\"product:price:amount\" content=\"6890.00\" \/>\n<meta property=\"product:price:currency\" content=\"MDL\" \/>\n<meta property=\"og:availability\" content=\"instock\" \/>\n<meta property=\"product:availability\" content=\"instock\" \/>\n<meta property=\"product:retailer_item_id\" content=\"40818134603\" \/>\n<meta property=\"product:condition\" content=\"new\" \/>\n<!-- \/ Yoast SEO plugin. -->","yoast_head_json":{"title":"Filtru MSR Guardian Gravity Purifier - Magazin Xstyle","description":"Filtru MSR Guardian Gravity Purifier: o solu\u021bie de \u00eencredere pentru purificarea apei, care respect\u0103 standardele NSF P248. Ideal pentru condi\u021bii extreme \u0219i activit\u0103\u021bi \u00een aer liber.","robots":{"index":"index","follow":"follow","max-snippet":"max-snippet:-1","max-image-preview":"max-image-preview:large","max-video-preview":"max-video-preview:-1"},"canonical":"https:\/\/xstyle.md\/ro\/produs\/filtr-msr-guardian-gravity-purifier\/","og_locale":"ro_RO","og_type":"article","og_title":"\u0424\u0438\u043b\u044c\u0442\u0440 MSR Guardian Gravity Purifier - \u041c\u0430\u0433\u0430\u0437\u0438\u043d Xstyle","og_description":"\u0424\u0438\u043b\u044c\u0442\u0440 MSR Guardian Gravity Purifier: \u043d\u0430\u0434\u0435\u0436\u043d\u043e\u0435 \u0440\u0435\u0448\u0435\u043d\u0438\u0435 \u0434\u043b\u044f \u043e\u0447\u0438\u0441\u0442\u043a\u0438 \u0432\u043e\u0434\u044b, \u043e\u0442\u0432\u0435\u0447\u0430\u044e\u0449\u0435\u0435 \u0441\u0442\u0430\u043d\u0434\u0430\u0440\u0442\u0430\u043c NSF P248. \u0418\u0434\u0435\u0430\u043b\u0435\u043d \u0434\u043b\u044f \u044d\u043a\u0441\u0442\u0440\u0435\u043c\u0430\u043b\u044c\u043d\u044b\u0445 \u0443\u0441\u043b\u043e\u0432\u0438\u0439 \u0438 \u0430\u043a\u0442\u0438\u0432\u043d\u043e\u0433\u043e \u043e\u0442\u0434\u044b\u0445\u0430.","og_url":"https:\/\/xstyle.md\/ro\/produs\/filtr-msr-guardian-gravity-purifier\/","og_site_name":"\u041c\u0430\u0433\u0430\u0437\u0438\u043d Xstyle","article_publisher":"https:\/\/www.facebook.com\/xstylemd","article_modified_time":"2025-10-24T09:29:35+00:00","og_image":[{"width":910,"height":930,"url":"https:\/\/xstyle.md\/wp-content\/uploads\/2022\/09\/msr-guardian-gravity-purifier.png","type":"image\/png"}],"twitter_card":"summary_large_image","twitter_misc":{"Pre\u021b":"6.890&nbsp;MDL","Disponibilitate":"\u00cen stoc"},"schema":{"@context":"https:\/\/schema.org","@graph":[{"@type":"WebPage","@id":"https:\/\/xstyle.md\/product\/filtr-msr-guardian-gravity-purifier\/","url":"https:\/\/xstyle.md\/product\/filtr-msr-guardian-gravity-purifier\/","name":"Filtru MSR Guardian Gravity Purifier - Magazin Xstyle","isPartOf":{"@id":"https:\/\/xstyle.md\/#website"},"primaryImageOfPage":{"@id":"https:\/\/xstyle.md\/product\/filtr-msr-guardian-gravity-purifier\/#primaryimage"},"image":{"@id":"https:\/\/xstyle.md\/product\/filtr-msr-guardian-gravity-purifier\/#primaryimage"},"thumbnailUrl":"https:\/\/xstyle.md\/wp-content\/uploads\/2022\/09\/msr-guardian-gravity-purifier.png","datePublished":"2022-09-02T15:36:40+00:00","dateModified":"2025-10-24T09:29:35+00:00","description":"Filtru MSR Guardian Gravity Purifier: o solu\u021bie de \u00eencredere pentru purificarea apei, care respect\u0103 standardele NSF P248. Ideal pentru condi\u021bii extreme \u0219i activit\u0103\u021bi \u00een aer liber.","breadcrumb":{"@id":"https:\/\/xstyle.md\/product\/filtr-msr-guardian-gravity-purifier\/#breadcrumb"},"inLanguage":"ro-RO","potentialAction":[{"@type":"ReadAction","target":["https:\/\/xstyle.md\/product\/filtr-msr-guardian-gravity-purifier\/"]}]},{"@type":"ImageObject","inLanguage":"ro-RO","@id":"https:\/\/xstyle.md\/product\/filtr-msr-guardian-gravity-purifier\/#primaryimage","url":"https:\/\/xstyle.md\/wp-content\/uploads\/2022\/09\/msr-guardian-gravity-purifier.png","contentUrl":"https:\/\/xstyle.md\/wp-content\/uploads\/2022\/09\/msr-guardian-gravity-purifier.png","width":910,"height":930,"caption":"\u0420\u0443\u043a\u0430 \u0434\u0435\u0440\u0436\u0430\u0449\u0430\u044f \u0444\u0438\u043b\u044c\u0442\u0440 \u0434\u043b\u044f \u0432\u043e\u0434\u044b MSR Guardian Gravity Purifier, \u0442\u0443\u0440\u0438\u0441\u0442\u0438\u0447\u0435\u0441\u043a\u043e\u0435 \u0441\u043d\u0430\u0440\u044f\u0436\u0435\u043d\u0438\u0435 \u0434\u043b\u044f \u0430\u043a\u0442\u0438\u0432\u043d\u043e\u0433\u043e \u043e\u0442\u0434\u044b\u0445\u0430, \u043f\u043e\u0445\u043e\u0434\u043e\u0432 \u0438 \u043f\u0443\u0442\u0435\u0448\u0435\u0441\u0442\u0432\u0438\u0439, \u043e\u0431\u0443\u0432\u044c \u0438 \u043e\u0434\u0435\u0436\u0434\u0430 \u0434\u043b\u044f \u0430\u043a\u0442\u0438\u0432\u043d\u043e\u0439 \u0436\u0438\u0437\u043d\u0438"},{"@type":"BreadcrumbList","@id":"https:\/\/xstyle.md\/product\/filtr-msr-guardian-gravity-purifier\/#breadcrumb","itemListElement":[{"@type":"ListItem","position":1,"name":"\u0413\u043b\u0430\u0432\u043d\u0430\u044f \u0441\u0442\u0440\u0430\u043d\u0438\u0446\u0430","item":"https:\/\/xstyle.md\/"},{"@type":"ListItem","position":2,"name":"\u041c\u0430\u0433\u0430\u0437\u0438\u043d","item":"https:\/\/xstyle.md\/shop\/"},{"@type":"ListItem","position":3,"name":"\u0424\u0438\u043b\u044c\u0442\u0440 MSR Guardian Gravity Purifier"}]},{"@type":"WebSite","@id":"https:\/\/xstyle.md\/#website","url":"https:\/\/xstyle.md\/","name":"Magazinul X-Style","description":"Echipamente pentru turism \u0219i sporturi extreme \u00een Moldova. Pre\u021buri, fotografii, caracteristici \u00een Moldova.","publisher":{"@id":"https:\/\/xstyle.md\/#organization"},"alternateName":"X-Style","potentialAction":[{"@type":"SearchAction","target":{"@type":"EntryPoint","urlTemplate":"https:\/\/xstyle.md\/?s={search_term_string}"},"query-input":{"@type":"PropertyValueSpecification","valueRequired":true,"valueName":"search_term_string"}}],"inLanguage":"ro-RO"},{"@type":"Organization","@id":"https:\/\/xstyle.md\/#organization","name":"Magazinul X-Style","alternateName":"x-style","url":"https:\/\/xstyle.md\/","logo":{"@type":"ImageObject","inLanguage":"ro-RO","@id":"https:\/\/xstyle.md\/#\/schema\/logo\/image\/","url":"https:\/\/xstyle.md\/wp-content\/uploads\/2020\/06\/logoicon.svg","contentUrl":"https:\/\/xstyle.md\/wp-content\/uploads\/2020\/06\/logoicon.svg","caption":"\u041c\u0430\u0433\u0430\u0437\u0438\u043d Xstyle"},"image":{"@id":"https:\/\/xstyle.md\/#\/schema\/logo\/image\/"},"sameAs":["https:\/\/www.facebook.com\/xstylemd","https:\/\/www.instagram.com\/xstyle_md\/","https:\/\/t.me\/xstyle_outdoor"],"hasMerchantReturnPolicy":{"@type":"MerchantReturnPolicy","merchantReturnLink":"https:\/\/xstyle.md\/ro\/conditions\/"}}]},"product_price_amount":"6890.00","product_price_currency":"MDL","og_availability":"instock","product_availability":"instock","product_retailer_item_id":"40818134603","product_condition":"new"},"post_mailing_queue_ids":[],"_links":{"self":[{"href":"https:\/\/xstyle.md\/ro\/wp-json\/wp\/v2\/product\/54063","targetHints":{"allow":["GET"]}}],"collection":[{"href":"https:\/\/xstyle.md\/ro\/wp-json\/wp\/v2\/product"}],"about":[{"href":"https:\/\/xstyle.md\/ro\/wp-json\/wp\/v2\/types\/product"}],"replies":[{"embeddable":true,"href":"https:\/\/xstyle.md\/ro\/wp-json\/wp\/v2\/comments?post=54063"}],"wp:featuredmedia":[{"embeddable":true,"href":"https:\/\/xstyle.md\/ro\/wp-json\/wp\/v2\/media\/56176"}],"wp:attachment":[{"href":"https:\/\/xstyle.md\/ro\/wp-json\/wp\/v2\/media?parent=54063"}],"wp:term":[{"taxonomy":"product_brand","embeddable":true,"href":"https:\/\/xstyle.md\/ro\/wp-json\/wp\/v2\/product_brand?post=54063"},{"taxonomy":"product_cat","embeddable":true,"href":"https:\/\/xstyle.md\/ro\/wp-json\/wp\/v2\/product_cat?post=54063"},{"taxonomy":"product_tag","embeddable":true,"href":"https:\/\/xstyle.md\/ro\/wp-json\/wp\/v2\/product_tag?post=54063"}],"curies":[{"name":"wp","href":"https:\/\/api.w.org\/{rel}","templated":true}]}}