{"id":54056,"date":"2022-09-02T18:36:38","date_gmt":"2022-09-02T15:36:38","guid":{"rendered":"https:\/\/xstyle.md\/?post_type=product&#038;p=54056"},"modified":"2026-04-07T15:23:55","modified_gmt":"2026-04-07T12:23:55","slug":"ottyazhka-s-karabinami-black-diamond-hotforge-screwgate","status":"publish","type":"product","link":"https:\/\/xstyle.md\/ro\/produs\/ottyazhka-s-karabinami-black-diamond-hotforge-screwgate\/","title":{"rendered":"Bucl\u0103 cu carabiniere Black Diamond HotForge Screwgate"},"content":{"rendered":"<\/p>\n<p><strong>Black Diamond HotForge Screwgate<\/strong> &#8212; carabin\u0103 multifunc\u021bional\u0103, u\u0219oar\u0103 \u0219i compact\u0103 cu ambreiaj cu \u0219urub.<\/p>\n<h3>Particularit\u0103\u021bi<\/h3>\n<ul>\n<li>Forjare la cald<\/li>\n<li>Cuplaj cu \u0219urub<\/li>\n<li>Tehnologia KeyLock previne blocarea carabinierului<\/li>\n<\/ul>\n<h3>Caracteristici<\/h3>\n<ul>\n<li>Greutate &#8212; 50 g<\/li>\n<li>Material &#8212; aliaj de aluminiu<\/li>\n<li>\u00cenc\u0103rcare la z\u0103vorul \u00eenchis &#8212; 24 kN<\/li>\n<li>\u00cenc\u0103rcare la \u00eenchiderea deschis\u0103 &#8212; 8 kN<\/li>\n<li>Sarcina pe axa scurt\u0103 &#8212; 8 kN<\/li>\n<li>L\u0103\u021bime deschidere &#8212; 18 mm<\/li>\n<\/ul>\n<h3>Marca<\/h3>\n<p>Black Diamond este un produc\u0103tor american de echipamente sportive \u0219i turistice de \u00eenalt\u0103 tehnologie, un dezvoltator legendar \u0219i \u201erevolu\u021bionar\u201d, una dintre cele mai faimoase \u0219i reputate m\u0103rci existente ast\u0103zi pe pia\u021ba global\u0103 de activit\u0103\u021bi \u00een aer liber. Produsele companiei sunt reprezentate pe scar\u0103 larg\u0103 \u00een domenii precum alpinismul, alpinismul \u0219i schiatul: \u201efier\u201d \u0219i carabiniere, echipamente pentru ghea\u021b\u0103, sisteme de siguran\u021b\u0103, c\u0103\u0219ti, rucsacuri, corturi, lanterne, be\u021be telescopice, schiuri, bocanci, \u00eembr\u0103c\u0103minte &#8212; toate acestea, timp de mai multe decenii, au fost produse sub logo-ul Black Diamond, care reprezint\u0103 tehnologia avansat\u0103 \u0219i este o garan\u021bie a celei mai \u00eenalte calit\u0103\u021bi, a fiabilit\u0103\u021bii maxime \u0219i a confortului \u00een utilizare.<\/p>\n<p><\/p>","protected":false},"excerpt":{"rendered":"","protected":false},"featured_media":56317,"comment_status":"open","ping_status":"closed","template":"","meta":{"_acf_changed":false,"inline_featured_image":false},"product_brand":[1306],"product_cat":[159],"product_tag":[],"class_list":{"0":"post-54056","1":"product","2":"type-product","3":"status-publish","4":"has-post-thumbnail","6":"product_brand-black-diamond","7":"product_cat-carabiners","9":"first","10":"instock","11":"shipping-taxable","12":"purchasable","13":"product-type-simple"},"acf":[],"yoast_head":"<!-- This site is optimized with the Yoast SEO plugin v27.2 - https:\/\/yoast.com\/product\/yoast-seo-wordpress\/ -->\n<title>\u041e\u0442\u0442\u044f\u0436\u043a\u0430 \u0441 \u043a\u0430\u0440\u0430\u0431\u0438\u043d\u0430\u043c\u0438 Black Diamond HotForge Screwgate - \u041c\u0430\u0433\u0430\u0437\u0438\u043d Xstyle<\/title>\n<meta name=\"description\" content=\"\u041e\u0442\u0442\u044f\u0436\u043a\u0430 \u0441 \u043a\u0430\u0440\u0430\u0431\u0438\u043d\u0430\u043c\u0438 Black Diamond HotForge Screwgate \u2014 \u043b\u0435\u0433\u043a\u0430\u044f, \u043a\u043e\u043c\u043f\u0430\u043a\u0442\u043d\u0430\u044f, \u0441 \u0441\u0438\u0441\u0442\u0435\u043c\u043e\u0439 KeyLock \u0438 \u043d\u0430\u0433\u0440\u0443\u0437\u043a\u043e\u0439 \u0434\u043e 24 \u043a\u041d. \u0418\u0434\u0435\u0430\u043b\u044c\u043d\u0430 \u0434\u043b\u044f \u0430\u043b\u044c\u043f\u0438\u043d\u0438\u0437\u043c\u0430 \u0438 \u0442\u0443\u0440\u0438\u0437\u043c\u0430.\" \/>\n<meta name=\"robots\" content=\"index, follow, max-snippet:-1, max-image-preview:large, max-video-preview:-1\" \/>\n<link rel=\"canonical\" href=\"https:\/\/xstyle.md\/ro\/produs\/ottyazhka-s-karabinami-black-diamond-hotforge-screwgate\/\" \/>\n<meta property=\"og:locale\" content=\"ro_RO\" \/>\n<meta property=\"og:type\" content=\"article\" \/>\n<meta property=\"og:title\" content=\"\u041e\u0442\u0442\u044f\u0436\u043a\u0430 \u0441 \u043a\u0430\u0440\u0430\u0431\u0438\u043d\u0430\u043c\u0438 Black Diamond HotForge Screwgate - \u041c\u0430\u0433\u0430\u0437\u0438\u043d Xstyle\" \/>\n<meta property=\"og:description\" content=\"\u041e\u0442\u0442\u044f\u0436\u043a\u0430 \u0441 \u043a\u0430\u0440\u0430\u0431\u0438\u043d\u0430\u043c\u0438 Black Diamond HotForge Screwgate \u2014 \u043b\u0435\u0433\u043a\u0430\u044f, \u043a\u043e\u043c\u043f\u0430\u043a\u0442\u043d\u0430\u044f, \u0441 \u0441\u0438\u0441\u0442\u0435\u043c\u043e\u0439 KeyLock \u0438 \u043d\u0430\u0433\u0440\u0443\u0437\u043a\u043e\u0439 \u0434\u043e 24 \u043a\u041d. \u0418\u0434\u0435\u0430\u043b\u044c\u043d\u0430 \u0434\u043b\u044f \u0430\u043b\u044c\u043f\u0438\u043d\u0438\u0437\u043c\u0430 \u0438 \u0442\u0443\u0440\u0438\u0437\u043c\u0430.\" \/>\n<meta property=\"og:url\" content=\"https:\/\/xstyle.md\/ro\/produs\/ottyazhka-s-karabinami-black-diamond-hotforge-screwgate\/\" \/>\n<meta property=\"og:site_name\" content=\"\u041c\u0430\u0433\u0430\u0437\u0438\u043d Xstyle\" \/>\n<meta property=\"article:publisher\" content=\"https:\/\/www.facebook.com\/xstylemd\" \/>\n<meta property=\"article:modified_time\" content=\"2026-04-07T12:23:55+00:00\" \/>\n<meta property=\"og:image\" content=\"https:\/\/xstyle.md\/wp-content\/uploads\/2022\/09\/black-diamond-hotforge-screwgate-0.jpeg\" \/>\n\t<meta property=\"og:image:width\" content=\"628\" \/>\n\t<meta property=\"og:image:height\" content=\"705\" \/>\n\t<meta property=\"og:image:type\" content=\"image\/jpeg\" \/>\n<meta name=\"twitter:card\" content=\"summary_large_image\" \/>\n<meta name=\"twitter:label1\" content=\"Pre\u021b\" \/>\n\t<meta name=\"twitter:data1\" content=\"320&nbsp;MDL\" \/>\n\t<meta name=\"twitter:label2\" content=\"Disponibilitate\" \/>\n\t<meta name=\"twitter:data2\" content=\"\u00cen stoc\" \/>\n<script type=\"application\/ld+json\" class=\"yoast-schema-graph\">{\"@context\":\"https:\/\/schema.org\",\"@graph\":[{\"@type\":\"WebPage\",\"@id\":\"https:\/\/xstyle.md\/product\/ottyazhka-s-karabinami-black-diamond-hotforge-screwgate\/\",\"url\":\"https:\/\/xstyle.md\/product\/ottyazhka-s-karabinami-black-diamond-hotforge-screwgate\/\",\"name\":\"\u041e\u0442\u0442\u044f\u0436\u043a\u0430 \u0441 \u043a\u0430\u0440\u0430\u0431\u0438\u043d\u0430\u043c\u0438 Black Diamond HotForge Screwgate - \u041c\u0430\u0433\u0430\u0437\u0438\u043d Xstyle\",\"isPartOf\":{\"@id\":\"https:\/\/xstyle.md\/#website\"},\"primaryImageOfPage\":{\"@id\":\"https:\/\/xstyle.md\/product\/ottyazhka-s-karabinami-black-diamond-hotforge-screwgate\/#primaryimage\"},\"image\":{\"@id\":\"https:\/\/xstyle.md\/product\/ottyazhka-s-karabinami-black-diamond-hotforge-screwgate\/#primaryimage\"},\"thumbnailUrl\":\"https:\/\/xstyle.md\/wp-content\/uploads\/2022\/09\/black-diamond-hotforge-screwgate-0.jpeg\",\"datePublished\":\"2022-09-02T15:36:38+00:00\",\"dateModified\":\"2026-04-07T12:23:55+00:00\",\"description\":\"\u041e\u0442\u0442\u044f\u0436\u043a\u0430 \u0441 \u043a\u0430\u0440\u0430\u0431\u0438\u043d\u0430\u043c\u0438 Black Diamond HotForge Screwgate \u2014 \u043b\u0435\u0433\u043a\u0430\u044f, \u043a\u043e\u043c\u043f\u0430\u043a\u0442\u043d\u0430\u044f, \u0441 \u0441\u0438\u0441\u0442\u0435\u043c\u043e\u0439 KeyLock \u0438 \u043d\u0430\u0433\u0440\u0443\u0437\u043a\u043e\u0439 \u0434\u043e 24 \u043a\u041d. \u0418\u0434\u0435\u0430\u043b\u044c\u043d\u0430 \u0434\u043b\u044f \u0430\u043b\u044c\u043f\u0438\u043d\u0438\u0437\u043c\u0430 \u0438 \u0442\u0443\u0440\u0438\u0437\u043c\u0430.\",\"breadcrumb\":{\"@id\":\"https:\/\/xstyle.md\/product\/ottyazhka-s-karabinami-black-diamond-hotforge-screwgate\/#breadcrumb\"},\"inLanguage\":\"ro-RO\",\"potentialAction\":[{\"@type\":\"ReadAction\",\"target\":[\"https:\/\/xstyle.md\/product\/ottyazhka-s-karabinami-black-diamond-hotforge-screwgate\/\"]}]},{\"@type\":\"ImageObject\",\"inLanguage\":\"ro-RO\",\"@id\":\"https:\/\/xstyle.md\/product\/ottyazhka-s-karabinami-black-diamond-hotforge-screwgate\/#primaryimage\",\"url\":\"https:\/\/xstyle.md\/wp-content\/uploads\/2022\/09\/black-diamond-hotforge-screwgate-0.jpeg\",\"contentUrl\":\"https:\/\/xstyle.md\/wp-content\/uploads\/2022\/09\/black-diamond-hotforge-screwgate-0.jpeg\",\"width\":628,\"height\":705,\"caption\":\"\u041e\u0442\u0442\u044f\u0436\u043a\u0430 \u0441 \u043a\u0430\u0440\u0430\u0431\u0438\u043d\u0430\u043c\u0438 Black Diamond HotForge Screwgate \u0434\u043b\u044f \u0430\u043b\u044c\u043f\u0438\u043d\u0438\u0437\u043c\u0430 \u043f\u043e\u0445\u043e\u0434\u043e\u0432 \u0438 \u0430\u043a\u0442\u0438\u0432\u043d\u043e\u0433\u043e \u043e\u0442\u0434\u044b\u0445\u0430 \u0432 \u0438\u043d\u0442\u0435\u0440\u043d\u0435\u0442 \u043c\u0430\u0433\u0430\u0437\u0438\u043d\u0435 \u0441\u043f\u043e\u0440\u0442\u0438\u0432\u043d\u043e\u0439 \u043e\u0434\u0435\u0436\u0434\u044b \u043e\u0431\u0443\u0432\u0438 \u0434\u043b\u044f \u043f\u0443\u0442\u0435\u0448\u0435\u0441\u0442\u0432\u0438\u0439 \u0438 \u0433\u043e\u0440\u043d\u044b\u0445 \u043f\u0440\u0438\u043a\u043b\u044e\u0447\u0435\u043d\u0438\u0439\"},{\"@type\":\"BreadcrumbList\",\"@id\":\"https:\/\/xstyle.md\/product\/ottyazhka-s-karabinami-black-diamond-hotforge-screwgate\/#breadcrumb\",\"itemListElement\":[{\"@type\":\"ListItem\",\"position\":1,\"name\":\"\u0413\u043b\u0430\u0432\u043d\u0430\u044f \u0441\u0442\u0440\u0430\u043d\u0438\u0446\u0430\",\"item\":\"https:\/\/xstyle.md\/\"},{\"@type\":\"ListItem\",\"position\":2,\"name\":\"\u041c\u0430\u0433\u0430\u0437\u0438\u043d\",\"item\":\"https:\/\/xstyle.md\/shop\/\"},{\"@type\":\"ListItem\",\"position\":3,\"name\":\"\u041e\u0442\u0442\u044f\u0436\u043a\u0430 \u0441 \u043a\u0430\u0440\u0430\u0431\u0438\u043d\u0430\u043c\u0438 Black Diamond HotForge Screwgate\"}]},{\"@type\":\"WebSite\",\"@id\":\"https:\/\/xstyle.md\/#website\",\"url\":\"https:\/\/xstyle.md\/\",\"name\":\"\u041c\u0430\u0433\u0430\u0437\u0438\u043d Xstyle\",\"description\":\"C\u043d\u0430\u0440\u044f\u0436\u0435\u043d\u0438\u0435 \u0434\u043b\u044f \u0442\u0443\u0440\u0438\u0437\u043c\u0430 \u0438 \u044d\u043a\u0441\u0442\u0440\u0435\u043c\u0430\u043b\u044c\u043d\u044b\u0445 \u0432\u0438\u0434\u043e\u0432 \u0441\u043f\u043e\u0440\u0442\u0430 \u0432 \u041c\u043e\u043b\u0434\u043e\u0432\u0435.. \u0426\u0435\u043d\u044b, \u0444\u043e\u0442\u043e, \u0445\u0430\u0440\u0430\u043a\u0442\u0435\u0440\u0438\u0441\u0442\u0438\u043a\u0438 \u0432 \u041c\u043e\u043b\u0434\u043e\u0432\u0435.\",\"publisher\":{\"@id\":\"https:\/\/xstyle.md\/#organization\"},\"alternateName\":\"X-Style\",\"potentialAction\":[{\"@type\":\"SearchAction\",\"target\":{\"@type\":\"EntryPoint\",\"urlTemplate\":\"https:\/\/xstyle.md\/?s={search_term_string}\"},\"query-input\":{\"@type\":\"PropertyValueSpecification\",\"valueRequired\":true,\"valueName\":\"search_term_string\"}}],\"inLanguage\":\"ro-RO\"},{\"@type\":\"Organization\",\"@id\":\"https:\/\/xstyle.md\/#organization\",\"name\":\"\u041c\u0430\u0433\u0430\u0437\u0438\u043d Xstyle\",\"alternateName\":\"x-style\",\"url\":\"https:\/\/xstyle.md\/\",\"logo\":{\"@type\":\"ImageObject\",\"inLanguage\":\"ro-RO\",\"@id\":\"https:\/\/xstyle.md\/#\/schema\/logo\/image\/\",\"url\":\"https:\/\/xstyle.md\/wp-content\/uploads\/2020\/06\/logoicon.svg\",\"contentUrl\":\"https:\/\/xstyle.md\/wp-content\/uploads\/2020\/06\/logoicon.svg\",\"caption\":\"\u041c\u0430\u0433\u0430\u0437\u0438\u043d Xstyle\"},\"image\":{\"@id\":\"https:\/\/xstyle.md\/#\/schema\/logo\/image\/\"},\"sameAs\":[\"https:\/\/www.facebook.com\/xstylemd\",\"https:\/\/www.instagram.com\/xstyle_md\/\",\"https:\/\/t.me\/xstyle_outdoor\"],\"hasMerchantReturnPolicy\":{\"@type\":\"MerchantReturnPolicy\",\"merchantReturnLink\":\"https:\/\/xstyle.md\/ro\/conditions\/\"}}]}<\/script>\n<meta property=\"product:price:amount\" content=\"320.00\" \/>\n<meta property=\"product:price:currency\" content=\"MDL\" \/>\n<meta property=\"og:availability\" content=\"instock\" \/>\n<meta property=\"product:availability\" content=\"instock\" \/>\n<meta property=\"product:retailer_item_id\" content=\"793661403401\" \/>\n<meta property=\"product:condition\" content=\"new\" \/>\n<!-- \/ Yoast SEO plugin. -->","yoast_head_json":{"title":"Bucl\u0103 cu carabiniere Black Diamond HotForge Screwgate - Magazin Xstyle","description":"H\u00e2rtie cu carabiniere Black Diamond HotForge Screwgate \u2014 u\u0219oar\u0103, compact\u0103, cu sistem KeyLock \u0219i capacitate de \u00eenc\u0103rcare de p\u00e2n\u0103 la 24 kN. Ideal\u0103 pentru alpinism \u0219i turism.","robots":{"index":"index","follow":"follow","max-snippet":"max-snippet:-1","max-image-preview":"max-image-preview:large","max-video-preview":"max-video-preview:-1"},"canonical":"https:\/\/xstyle.md\/ro\/produs\/ottyazhka-s-karabinami-black-diamond-hotforge-screwgate\/","og_locale":"ro_RO","og_type":"article","og_title":"\u041e\u0442\u0442\u044f\u0436\u043a\u0430 \u0441 \u043a\u0430\u0440\u0430\u0431\u0438\u043d\u0430\u043c\u0438 Black Diamond HotForge Screwgate - \u041c\u0430\u0433\u0430\u0437\u0438\u043d Xstyle","og_description":"\u041e\u0442\u0442\u044f\u0436\u043a\u0430 \u0441 \u043a\u0430\u0440\u0430\u0431\u0438\u043d\u0430\u043c\u0438 Black Diamond HotForge Screwgate \u2014 \u043b\u0435\u0433\u043a\u0430\u044f, \u043a\u043e\u043c\u043f\u0430\u043a\u0442\u043d\u0430\u044f, \u0441 \u0441\u0438\u0441\u0442\u0435\u043c\u043e\u0439 KeyLock \u0438 \u043d\u0430\u0433\u0440\u0443\u0437\u043a\u043e\u0439 \u0434\u043e 24 \u043a\u041d. \u0418\u0434\u0435\u0430\u043b\u044c\u043d\u0430 \u0434\u043b\u044f \u0430\u043b\u044c\u043f\u0438\u043d\u0438\u0437\u043c\u0430 \u0438 \u0442\u0443\u0440\u0438\u0437\u043c\u0430.","og_url":"https:\/\/xstyle.md\/ro\/produs\/ottyazhka-s-karabinami-black-diamond-hotforge-screwgate\/","og_site_name":"\u041c\u0430\u0433\u0430\u0437\u0438\u043d Xstyle","article_publisher":"https:\/\/www.facebook.com\/xstylemd","article_modified_time":"2026-04-07T12:23:55+00:00","og_image":[{"width":628,"height":705,"url":"https:\/\/xstyle.md\/wp-content\/uploads\/2022\/09\/black-diamond-hotforge-screwgate-0.jpeg","type":"image\/jpeg"}],"twitter_card":"summary_large_image","twitter_misc":{"Pre\u021b":"320&nbsp;MDL","Disponibilitate":"\u00cen stoc"},"schema":{"@context":"https:\/\/schema.org","@graph":[{"@type":"WebPage","@id":"https:\/\/xstyle.md\/product\/ottyazhka-s-karabinami-black-diamond-hotforge-screwgate\/","url":"https:\/\/xstyle.md\/product\/ottyazhka-s-karabinami-black-diamond-hotforge-screwgate\/","name":"Bucl\u0103 cu carabiniere Black Diamond HotForge Screwgate - Magazin Xstyle","isPartOf":{"@id":"https:\/\/xstyle.md\/#website"},"primaryImageOfPage":{"@id":"https:\/\/xstyle.md\/product\/ottyazhka-s-karabinami-black-diamond-hotforge-screwgate\/#primaryimage"},"image":{"@id":"https:\/\/xstyle.md\/product\/ottyazhka-s-karabinami-black-diamond-hotforge-screwgate\/#primaryimage"},"thumbnailUrl":"https:\/\/xstyle.md\/wp-content\/uploads\/2022\/09\/black-diamond-hotforge-screwgate-0.jpeg","datePublished":"2022-09-02T15:36:38+00:00","dateModified":"2026-04-07T12:23:55+00:00","description":"H\u00e2rtie cu carabiniere Black Diamond HotForge Screwgate \u2014 u\u0219oar\u0103, compact\u0103, cu sistem KeyLock \u0219i capacitate de \u00eenc\u0103rcare de p\u00e2n\u0103 la 24 kN. Ideal\u0103 pentru alpinism \u0219i turism.","breadcrumb":{"@id":"https:\/\/xstyle.md\/product\/ottyazhka-s-karabinami-black-diamond-hotforge-screwgate\/#breadcrumb"},"inLanguage":"ro-RO","potentialAction":[{"@type":"ReadAction","target":["https:\/\/xstyle.md\/product\/ottyazhka-s-karabinami-black-diamond-hotforge-screwgate\/"]}]},{"@type":"ImageObject","inLanguage":"ro-RO","@id":"https:\/\/xstyle.md\/product\/ottyazhka-s-karabinami-black-diamond-hotforge-screwgate\/#primaryimage","url":"https:\/\/xstyle.md\/wp-content\/uploads\/2022\/09\/black-diamond-hotforge-screwgate-0.jpeg","contentUrl":"https:\/\/xstyle.md\/wp-content\/uploads\/2022\/09\/black-diamond-hotforge-screwgate-0.jpeg","width":628,"height":705,"caption":"\u041e\u0442\u0442\u044f\u0436\u043a\u0430 \u0441 \u043a\u0430\u0440\u0430\u0431\u0438\u043d\u0430\u043c\u0438 Black Diamond HotForge Screwgate \u0434\u043b\u044f \u0430\u043b\u044c\u043f\u0438\u043d\u0438\u0437\u043c\u0430 \u043f\u043e\u0445\u043e\u0434\u043e\u0432 \u0438 \u0430\u043a\u0442\u0438\u0432\u043d\u043e\u0433\u043e \u043e\u0442\u0434\u044b\u0445\u0430 \u0432 \u0438\u043d\u0442\u0435\u0440\u043d\u0435\u0442 \u043c\u0430\u0433\u0430\u0437\u0438\u043d\u0435 \u0441\u043f\u043e\u0440\u0442\u0438\u0432\u043d\u043e\u0439 \u043e\u0434\u0435\u0436\u0434\u044b \u043e\u0431\u0443\u0432\u0438 \u0434\u043b\u044f \u043f\u0443\u0442\u0435\u0448\u0435\u0441\u0442\u0432\u0438\u0439 \u0438 \u0433\u043e\u0440\u043d\u044b\u0445 \u043f\u0440\u0438\u043a\u043b\u044e\u0447\u0435\u043d\u0438\u0439"},{"@type":"BreadcrumbList","@id":"https:\/\/xstyle.md\/product\/ottyazhka-s-karabinami-black-diamond-hotforge-screwgate\/#breadcrumb","itemListElement":[{"@type":"ListItem","position":1,"name":"\u0413\u043b\u0430\u0432\u043d\u0430\u044f \u0441\u0442\u0440\u0430\u043d\u0438\u0446\u0430","item":"https:\/\/xstyle.md\/"},{"@type":"ListItem","position":2,"name":"\u041c\u0430\u0433\u0430\u0437\u0438\u043d","item":"https:\/\/xstyle.md\/shop\/"},{"@type":"ListItem","position":3,"name":"\u041e\u0442\u0442\u044f\u0436\u043a\u0430 \u0441 \u043a\u0430\u0440\u0430\u0431\u0438\u043d\u0430\u043c\u0438 Black Diamond HotForge Screwgate"}]},{"@type":"WebSite","@id":"https:\/\/xstyle.md\/#website","url":"https:\/\/xstyle.md\/","name":"Magazinul X-Style","description":"Echipamente pentru turism \u0219i sporturi extreme \u00een Moldova. Pre\u021buri, fotografii, caracteristici \u00een Moldova.","publisher":{"@id":"https:\/\/xstyle.md\/#organization"},"alternateName":"X-Style","potentialAction":[{"@type":"SearchAction","target":{"@type":"EntryPoint","urlTemplate":"https:\/\/xstyle.md\/?s={search_term_string}"},"query-input":{"@type":"PropertyValueSpecification","valueRequired":true,"valueName":"search_term_string"}}],"inLanguage":"ro-RO"},{"@type":"Organization","@id":"https:\/\/xstyle.md\/#organization","name":"Magazinul X-Style","alternateName":"x-style","url":"https:\/\/xstyle.md\/","logo":{"@type":"ImageObject","inLanguage":"ro-RO","@id":"https:\/\/xstyle.md\/#\/schema\/logo\/image\/","url":"https:\/\/xstyle.md\/wp-content\/uploads\/2020\/06\/logoicon.svg","contentUrl":"https:\/\/xstyle.md\/wp-content\/uploads\/2020\/06\/logoicon.svg","caption":"\u041c\u0430\u0433\u0430\u0437\u0438\u043d Xstyle"},"image":{"@id":"https:\/\/xstyle.md\/#\/schema\/logo\/image\/"},"sameAs":["https:\/\/www.facebook.com\/xstylemd","https:\/\/www.instagram.com\/xstyle_md\/","https:\/\/t.me\/xstyle_outdoor"],"hasMerchantReturnPolicy":{"@type":"MerchantReturnPolicy","merchantReturnLink":"https:\/\/xstyle.md\/ro\/conditions\/"}}]},"product_price_amount":"320.00","product_price_currency":"MDL","og_availability":"instock","product_availability":"instock","product_retailer_item_id":"793661403401","product_condition":"new"},"post_mailing_queue_ids":[],"_links":{"self":[{"href":"https:\/\/xstyle.md\/ro\/wp-json\/wp\/v2\/product\/54056","targetHints":{"allow":["GET"]}}],"collection":[{"href":"https:\/\/xstyle.md\/ro\/wp-json\/wp\/v2\/product"}],"about":[{"href":"https:\/\/xstyle.md\/ro\/wp-json\/wp\/v2\/types\/product"}],"replies":[{"embeddable":true,"href":"https:\/\/xstyle.md\/ro\/wp-json\/wp\/v2\/comments?post=54056"}],"wp:featuredmedia":[{"embeddable":true,"href":"https:\/\/xstyle.md\/ro\/wp-json\/wp\/v2\/media\/56317"}],"wp:attachment":[{"href":"https:\/\/xstyle.md\/ro\/wp-json\/wp\/v2\/media?parent=54056"}],"wp:term":[{"taxonomy":"product_brand","embeddable":true,"href":"https:\/\/xstyle.md\/ro\/wp-json\/wp\/v2\/product_brand?post=54056"},{"taxonomy":"product_cat","embeddable":true,"href":"https:\/\/xstyle.md\/ro\/wp-json\/wp\/v2\/product_cat?post=54056"},{"taxonomy":"product_tag","embeddable":true,"href":"https:\/\/xstyle.md\/ro\/wp-json\/wp\/v2\/product_tag?post=54056"}],"curies":[{"name":"wp","href":"https:\/\/api.w.org\/{rel}","templated":true}]}}