{"id":54045,"date":"2022-09-02T18:36:36","date_gmt":"2022-09-02T15:36:36","guid":{"rendered":"https:\/\/xstyle.md\/?post_type=product&#038;p=54045"},"modified":"2024-10-03T00:33:36","modified_gmt":"2024-10-02T21:33:36","slug":"fonar-nalobnyj-black-diamond-astro-300-r","status":"publish","type":"product","link":"https:\/\/xstyle.md\/ro\/produs\/fonar-nalobnyj-black-diamond-astro-300-r\/","title":{"rendered":"Lantern\u0103 frontal\u0103 Black Diamond Astro 300-R"},"content":{"rendered":"<\/p>\n<p><strong>Black Diamond Astro 300-R<\/strong> &#8212; lantern\u0103 frontal\u0103 re\u00eenc\u0103rcabil\u0103 cu o lentil\u0103 \u0219i un \u00eentrerup\u0103tor, dar care apreciaz\u0103 capacitatea de a re\u00eenc\u0103rca \u0219i de a-\u0219i p\u0103stra lanterna frontal\u0103 complet \u00eenc\u0103rcat\u0103 \u0219i gata de plecare.<\/p>\n<h3>Particularit\u0103\u021bi<\/h3>\n<ul>\n<li>Re\u00eenc\u0103rcabil\u0103: alimentat\u0103 de o baterie \u00eencorporat\u0103 de 1500mAh litiu-ion cu port de \u00eenc\u0103rcare micro USB<\/li>\n<li>Band\u0103 elastic\u0103 pentru cap realizat\u0103 din material reciclat pentru o potrivire confortabil\u0103 pe piele, construc\u021bie din fibre Repreve<\/li>\n<li>Set\u0103rile includ putere maxim\u0103, atenuare \u0219i stroboscop<\/li>\n<li>Memoria luminozit\u0103\u021bii permite ca lanterna frontal\u0103 s\u0103 se porneasc\u0103 \u0219i s\u0103 se opreasc\u0103 la ultimul nivel de luminozitate utilizat f\u0103r\u0103 a reveni la luminozitatea maxim\u0103<\/li>\n<li>IPX 4 Stormproof: rezist\u0103 la ploaie \u0219i z\u0103pad\u0103 umed\u0103 din orice unghi<\/li>\n<li>Modul de blocare digital\u0103 protejeaz\u0103 \u00eempotriva utiliz\u0103rii accidentale atunci c\u00e2nd este depozitat\u0103 \u00eentr-un rucsac sau buzunar<\/li>\n<\/ul>\n<h3>Caracteristici<\/h3>\n<ul>\n<li>Putere - 3 AAA<\/li>\n<li>Rezistent la ap\u0103 &#8212; IPX 4<\/li>\n<li>Raza de ac\u021biune a fasciculului de lumin\u0103 &#8212; 55 m \/ 35 m \/ 8 m<\/li>\n<li>Timp de lucru &#8212; 2h \/ 28h<\/li>\n<li>Lumini &#8212; 300<\/li>\n<li>Greutate cu baterii &#8212; 75 g<\/li>\n<\/ul>\n<h3>Marca<\/h3>\n<p>Black Diamond este un produc\u0103tor american de tehnologie pentru sport i outdoor, un de-voltator \u0219 i \"revolu\u021bionar\" de legende, precum i unul dintre cele mai inovatoare \u0219 i reputabile branduri care exist\u0103 \u00een industria global\u0103 de outdoor. Produsele companiei sunt disponibile \u00eentr-o gam\u0103 larg\u0103 de domenii precum alpinismul, alpinismul \u0219i schiul. \"Fier\" \u0219i carabiniere, echipamente pentru ghea\u021b\u0103, sisteme de siguran\u021b\u0103, c\u0103\u0219ti, rucsaci, rucsacuri, corturi, lanterne, be\u021be telescopice, schiuri, bocanci, \u00eembr\u0103c\u0103minte - toate acestea, Produsul Black Diamond este un produs al siglei Black Diamond, care rezint\u0103 tehnologia de avangard\u0103 \u0219i garanteaz\u0103 cel mai \u00eenalt calibru, cel mai \u00eenalt nivel de performan\u021b\u0103 \u0219i cel mai bun confort posibil \u00een utilizare.<\/p>\n<p><\/p>","protected":false},"excerpt":{"rendered":"","protected":false},"featured_media":74021,"comment_status":"open","ping_status":"closed","template":"","meta":{"_acf_changed":false,"inline_featured_image":false},"product_brand":[1306],"product_cat":[91],"product_tag":[],"class_list":{"0":"post-54045","1":"product","2":"type-product","3":"status-publish","4":"has-post-thumbnail","6":"product_brand-black-diamond","7":"product_cat-headlamps","9":"first","10":"instock","11":"shipping-taxable","12":"purchasable","13":"product-type-simple"},"acf":[],"yoast_head":"<!-- This site is optimized with the Yoast SEO plugin v27.4 - https:\/\/yoast.com\/product\/yoast-seo-wordpress\/ -->\n<title>\u0424\u043e\u043d\u0430\u0440\u044c \u043d\u0430\u043b\u043e\u0431\u043d\u044b\u0439 Black Diamond Astro 300-R - \u041c\u0430\u0433\u0430\u0437\u0438\u043d Xstyle<\/title>\n<meta name=\"description\" content=\"\u0424\u043e\u043d\u0430\u0440\u044c \u043d\u0430\u043b\u043e\u0431\u043d\u044b\u0439 Black Diamond Astro 300-R: \u043c\u043e\u0449\u043d\u043e\u0441\u0442\u044c 300 \u043b\u043c, \u043f\u0435\u0440\u0435\u0437\u0430\u0440\u044f\u0436\u0430\u0435\u043c\u0430\u044f 1500mA, \u0437\u0430\u0449\u0438\u0449\u0451\u043d \u043e\u0442 \u0432\u043b\u0430\u0433\u0438 IPX 4. \u0418\u0434\u0435\u0430\u043b\u0435\u043d \u0434\u043b\u044f \u0430\u043a\u0442\u0438\u0432\u043d\u043e\u0433\u043e \u043e\u0442\u0434\u044b\u0445\u0430 \u043d\u0430 \u043f\u0440\u0438\u0440\u043e\u0434\u0435.\" \/>\n<meta name=\"robots\" content=\"index, follow, max-snippet:-1, max-image-preview:large, max-video-preview:-1\" \/>\n<link rel=\"canonical\" href=\"https:\/\/xstyle.md\/ro\/produs\/fonar-nalobnyj-black-diamond-astro-300-r\/\" \/>\n<meta property=\"og:locale\" content=\"ro_RO\" \/>\n<meta property=\"og:type\" content=\"article\" \/>\n<meta property=\"og:title\" content=\"\u0424\u043e\u043d\u0430\u0440\u044c \u043d\u0430\u043b\u043e\u0431\u043d\u044b\u0439 Black Diamond Astro 300-R - \u041c\u0430\u0433\u0430\u0437\u0438\u043d Xstyle\" \/>\n<meta property=\"og:description\" content=\"\u0424\u043e\u043d\u0430\u0440\u044c \u043d\u0430\u043b\u043e\u0431\u043d\u044b\u0439 Black Diamond Astro 300-R: \u043c\u043e\u0449\u043d\u043e\u0441\u0442\u044c 300 \u043b\u043c, \u043f\u0435\u0440\u0435\u0437\u0430\u0440\u044f\u0436\u0430\u0435\u043c\u0430\u044f 1500mA, \u0437\u0430\u0449\u0438\u0449\u0451\u043d \u043e\u0442 \u0432\u043b\u0430\u0433\u0438 IPX 4. \u0418\u0434\u0435\u0430\u043b\u0435\u043d \u0434\u043b\u044f \u0430\u043a\u0442\u0438\u0432\u043d\u043e\u0433\u043e \u043e\u0442\u0434\u044b\u0445\u0430 \u043d\u0430 \u043f\u0440\u0438\u0440\u043e\u0434\u0435.\" \/>\n<meta property=\"og:url\" content=\"https:\/\/xstyle.md\/ro\/produs\/fonar-nalobnyj-black-diamond-astro-300-r\/\" \/>\n<meta property=\"og:site_name\" content=\"\u041c\u0430\u0433\u0430\u0437\u0438\u043d Xstyle\" \/>\n<meta property=\"article:publisher\" content=\"https:\/\/www.facebook.com\/xstylemd\" \/>\n<meta property=\"article:modified_time\" content=\"2024-10-02T21:33:36+00:00\" \/>\n<meta property=\"og:image\" content=\"https:\/\/xstyle.md\/wp-content\/uploads\/2022\/09\/black-diamond-astro-300-r-azul.jpg\" \/>\n\t<meta property=\"og:image:width\" content=\"1000\" \/>\n\t<meta property=\"og:image:height\" content=\"1000\" \/>\n\t<meta property=\"og:image:type\" content=\"image\/jpeg\" \/>\n<meta name=\"twitter:card\" content=\"summary_large_image\" \/>\n<meta name=\"twitter:label1\" content=\"Pre\u021b\" \/>\n\t<meta name=\"twitter:data1\" content=\"970&nbsp;MDL\" \/>\n\t<meta name=\"twitter:label2\" content=\"Disponibilitate\" \/>\n\t<meta name=\"twitter:data2\" content=\"\u00cen stoc\" \/>\n<script type=\"application\/ld+json\" class=\"yoast-schema-graph\">{\"@context\":\"https:\\\/\\\/schema.org\",\"@graph\":[{\"@type\":\"WebPage\",\"@id\":\"https:\\\/\\\/xstyle.md\\\/product\\\/fonar-nalobnyj-black-diamond-astro-300-r\\\/\",\"url\":\"https:\\\/\\\/xstyle.md\\\/product\\\/fonar-nalobnyj-black-diamond-astro-300-r\\\/\",\"name\":\"\u0424\u043e\u043d\u0430\u0440\u044c \u043d\u0430\u043b\u043e\u0431\u043d\u044b\u0439 Black Diamond Astro 300-R - \u041c\u0430\u0433\u0430\u0437\u0438\u043d Xstyle\",\"isPartOf\":{\"@id\":\"https:\\\/\\\/xstyle.md\\\/#website\"},\"primaryImageOfPage\":{\"@id\":\"https:\\\/\\\/xstyle.md\\\/product\\\/fonar-nalobnyj-black-diamond-astro-300-r\\\/#primaryimage\"},\"image\":{\"@id\":\"https:\\\/\\\/xstyle.md\\\/product\\\/fonar-nalobnyj-black-diamond-astro-300-r\\\/#primaryimage\"},\"thumbnailUrl\":\"https:\\\/\\\/xstyle.md\\\/wp-content\\\/uploads\\\/2022\\\/09\\\/black-diamond-astro-300-r-azul.jpg\",\"datePublished\":\"2022-09-02T15:36:36+00:00\",\"dateModified\":\"2024-10-02T21:33:36+00:00\",\"description\":\"\u0424\u043e\u043d\u0430\u0440\u044c \u043d\u0430\u043b\u043e\u0431\u043d\u044b\u0439 Black Diamond Astro 300-R: \u043c\u043e\u0449\u043d\u043e\u0441\u0442\u044c 300 \u043b\u043c, \u043f\u0435\u0440\u0435\u0437\u0430\u0440\u044f\u0436\u0430\u0435\u043c\u0430\u044f 1500mA, \u0437\u0430\u0449\u0438\u0449\u0451\u043d \u043e\u0442 \u0432\u043b\u0430\u0433\u0438 IPX 4. \u0418\u0434\u0435\u0430\u043b\u0435\u043d \u0434\u043b\u044f \u0430\u043a\u0442\u0438\u0432\u043d\u043e\u0433\u043e \u043e\u0442\u0434\u044b\u0445\u0430 \u043d\u0430 \u043f\u0440\u0438\u0440\u043e\u0434\u0435.\",\"breadcrumb\":{\"@id\":\"https:\\\/\\\/xstyle.md\\\/product\\\/fonar-nalobnyj-black-diamond-astro-300-r\\\/#breadcrumb\"},\"inLanguage\":\"ro-RO\",\"potentialAction\":[{\"@type\":\"ReadAction\",\"target\":[\"https:\\\/\\\/xstyle.md\\\/product\\\/fonar-nalobnyj-black-diamond-astro-300-r\\\/\"]}]},{\"@type\":\"ImageObject\",\"inLanguage\":\"ro-RO\",\"@id\":\"https:\\\/\\\/xstyle.md\\\/product\\\/fonar-nalobnyj-black-diamond-astro-300-r\\\/#primaryimage\",\"url\":\"https:\\\/\\\/xstyle.md\\\/wp-content\\\/uploads\\\/2022\\\/09\\\/black-diamond-astro-300-r-azul.jpg\",\"contentUrl\":\"https:\\\/\\\/xstyle.md\\\/wp-content\\\/uploads\\\/2022\\\/09\\\/black-diamond-astro-300-r-azul.jpg\",\"width\":1000,\"height\":1000,\"caption\":\"\u0424\u043e\u043d\u0430\u0440\u044c \u043d\u0430\u043b\u043e\u0431\u043d\u044b\u0439 Black Diamond Astro 300-R \u0434\u043b\u044f \u0430\u043a\u0442\u0438\u0432\u043d\u043e\u0433\u043e \u043e\u0442\u0434\u044b\u0445\u0430 \u0441\u043f\u043e\u0440\u0442\u0438\u0432\u043d\u043e\u0439 \u043e\u0431\u0443\u0432\u0438 \u0438 \u043e\u0434\u0435\u0436\u0434\u044b \u0434\u043b\u044f \u043f\u043e\u0445\u043e\u0434\u043e\u0432 \u0430\u043b\u044c\u043f\u0438\u043d\u0438\u0437\u043c\u0430 \u0438 \u043f\u0443\u0442\u0435\u0448\u0435\u0441\u0442\u0432\u0438\u0439 \u0432 \u043e\u043d\u043b\u0430\u0439\u043d \u043c\u0430\u0433\u0430\u0437\u0438\u043d\u0435 \u0442\u043e\u0432\u0430\u0440\u043e\u0432 \u0434\u043b\u044f \u0430\u043a\u0442\u0438\u0432\u043d\u043e\u0439 \u0436\u0438\u0437\u043d\u0438\"},{\"@type\":\"BreadcrumbList\",\"@id\":\"https:\\\/\\\/xstyle.md\\\/product\\\/fonar-nalobnyj-black-diamond-astro-300-r\\\/#breadcrumb\",\"itemListElement\":[{\"@type\":\"ListItem\",\"position\":1,\"name\":\"\u0413\u043b\u0430\u0432\u043d\u0430\u044f \u0441\u0442\u0440\u0430\u043d\u0438\u0446\u0430\",\"item\":\"https:\\\/\\\/xstyle.md\\\/\"},{\"@type\":\"ListItem\",\"position\":2,\"name\":\"\u041c\u0430\u0433\u0430\u0437\u0438\u043d\",\"item\":\"https:\\\/\\\/xstyle.md\\\/shop\\\/\"},{\"@type\":\"ListItem\",\"position\":3,\"name\":\"\u0424\u043e\u043d\u0430\u0440\u044c \u043d\u0430\u043b\u043e\u0431\u043d\u044b\u0439 Black Diamond Astro 300-R\"}]},{\"@type\":\"WebSite\",\"@id\":\"https:\\\/\\\/xstyle.md\\\/#website\",\"url\":\"https:\\\/\\\/xstyle.md\\\/\",\"name\":\"\u041c\u0430\u0433\u0430\u0437\u0438\u043d Xstyle\",\"description\":\"C\u043d\u0430\u0440\u044f\u0436\u0435\u043d\u0438\u0435 \u0434\u043b\u044f \u0442\u0443\u0440\u0438\u0437\u043c\u0430 \u0438 \u044d\u043a\u0441\u0442\u0440\u0435\u043c\u0430\u043b\u044c\u043d\u044b\u0445 \u0432\u0438\u0434\u043e\u0432 \u0441\u043f\u043e\u0440\u0442\u0430 \u0432 \u041c\u043e\u043b\u0434\u043e\u0432\u0435.. \u0426\u0435\u043d\u044b, \u0444\u043e\u0442\u043e, \u0445\u0430\u0440\u0430\u043a\u0442\u0435\u0440\u0438\u0441\u0442\u0438\u043a\u0438 \u0432 \u041c\u043e\u043b\u0434\u043e\u0432\u0435.\",\"publisher\":{\"@id\":\"https:\\\/\\\/xstyle.md\\\/#organization\"},\"alternateName\":\"X-Style\",\"potentialAction\":[{\"@type\":\"SearchAction\",\"target\":{\"@type\":\"EntryPoint\",\"urlTemplate\":\"https:\\\/\\\/xstyle.md\\\/?s={search_term_string}\"},\"query-input\":{\"@type\":\"PropertyValueSpecification\",\"valueRequired\":true,\"valueName\":\"search_term_string\"}}],\"inLanguage\":\"ro-RO\"},{\"@type\":\"Organization\",\"@id\":\"https:\\\/\\\/xstyle.md\\\/#organization\",\"name\":\"\u041c\u0430\u0433\u0430\u0437\u0438\u043d Xstyle\",\"alternateName\":\"x-style\",\"url\":\"https:\\\/\\\/xstyle.md\\\/\",\"logo\":{\"@type\":\"ImageObject\",\"inLanguage\":\"ro-RO\",\"@id\":\"https:\\\/\\\/xstyle.md\\\/#\\\/schema\\\/logo\\\/image\\\/\",\"url\":\"https:\\\/\\\/xstyle.md\\\/wp-content\\\/uploads\\\/2020\\\/06\\\/logoicon.svg\",\"contentUrl\":\"https:\\\/\\\/xstyle.md\\\/wp-content\\\/uploads\\\/2020\\\/06\\\/logoicon.svg\",\"caption\":\"\u041c\u0430\u0433\u0430\u0437\u0438\u043d Xstyle\"},\"image\":{\"@id\":\"https:\\\/\\\/xstyle.md\\\/#\\\/schema\\\/logo\\\/image\\\/\"},\"sameAs\":[\"https:\\\/\\\/www.facebook.com\\\/xstylemd\",\"https:\\\/\\\/www.instagram.com\\\/xstyle_md\\\/\",\"https:\\\/\\\/t.me\\\/xstyle_outdoor\"],\"hasMerchantReturnPolicy\":{\"@type\":\"MerchantReturnPolicy\",\"merchantReturnLink\":\"https:\\\/\\\/xstyle.md\\\/ro\\\/conditions\\\/\"}}]}<\/script>\n<meta property=\"product:price:amount\" content=\"970.00\" \/>\n<meta property=\"product:price:currency\" content=\"MDL\" \/>\n<meta property=\"og:availability\" content=\"instock\" \/>\n<meta property=\"product:availability\" content=\"instock\" \/>\n<meta property=\"product:retailer_item_id\" content=\"793661520054\" \/>\n<meta property=\"product:condition\" content=\"new\" \/>\n<!-- \/ Yoast SEO plugin. -->","yoast_head_json":{"title":"Lantern\u0103 frontal\u0103 Black Diamond Astro 300-R - Magazin Xstyle","description":"Lanterna frontal\u0103 Black Diamond Astro 300-R: putere 300 lm, re\u00eenc\u0103rcabil\u0103 1500mA, protejat \u00eempotriva umezelii IPX 4. Ideal pentru activit\u0103\u021bi recreative \u00een natur\u0103.","robots":{"index":"index","follow":"follow","max-snippet":"max-snippet:-1","max-image-preview":"max-image-preview:large","max-video-preview":"max-video-preview:-1"},"canonical":"https:\/\/xstyle.md\/ro\/produs\/fonar-nalobnyj-black-diamond-astro-300-r\/","og_locale":"ro_RO","og_type":"article","og_title":"\u0424\u043e\u043d\u0430\u0440\u044c \u043d\u0430\u043b\u043e\u0431\u043d\u044b\u0439 Black Diamond Astro 300-R - \u041c\u0430\u0433\u0430\u0437\u0438\u043d Xstyle","og_description":"\u0424\u043e\u043d\u0430\u0440\u044c \u043d\u0430\u043b\u043e\u0431\u043d\u044b\u0439 Black Diamond Astro 300-R: \u043c\u043e\u0449\u043d\u043e\u0441\u0442\u044c 300 \u043b\u043c, \u043f\u0435\u0440\u0435\u0437\u0430\u0440\u044f\u0436\u0430\u0435\u043c\u0430\u044f 1500mA, \u0437\u0430\u0449\u0438\u0449\u0451\u043d \u043e\u0442 \u0432\u043b\u0430\u0433\u0438 IPX 4. \u0418\u0434\u0435\u0430\u043b\u0435\u043d \u0434\u043b\u044f \u0430\u043a\u0442\u0438\u0432\u043d\u043e\u0433\u043e \u043e\u0442\u0434\u044b\u0445\u0430 \u043d\u0430 \u043f\u0440\u0438\u0440\u043e\u0434\u0435.","og_url":"https:\/\/xstyle.md\/ro\/produs\/fonar-nalobnyj-black-diamond-astro-300-r\/","og_site_name":"\u041c\u0430\u0433\u0430\u0437\u0438\u043d Xstyle","article_publisher":"https:\/\/www.facebook.com\/xstylemd","article_modified_time":"2024-10-02T21:33:36+00:00","og_image":[{"width":1000,"height":1000,"url":"https:\/\/xstyle.md\/wp-content\/uploads\/2022\/09\/black-diamond-astro-300-r-azul.jpg","type":"image\/jpeg"}],"twitter_card":"summary_large_image","twitter_misc":{"Pre\u021b":"970&nbsp;MDL","Disponibilitate":"\u00cen stoc"},"schema":{"@context":"https:\/\/schema.org","@graph":[{"@type":"WebPage","@id":"https:\/\/xstyle.md\/product\/fonar-nalobnyj-black-diamond-astro-300-r\/","url":"https:\/\/xstyle.md\/product\/fonar-nalobnyj-black-diamond-astro-300-r\/","name":"Lantern\u0103 frontal\u0103 Black Diamond Astro 300-R - Magazin Xstyle","isPartOf":{"@id":"https:\/\/xstyle.md\/#website"},"primaryImageOfPage":{"@id":"https:\/\/xstyle.md\/product\/fonar-nalobnyj-black-diamond-astro-300-r\/#primaryimage"},"image":{"@id":"https:\/\/xstyle.md\/product\/fonar-nalobnyj-black-diamond-astro-300-r\/#primaryimage"},"thumbnailUrl":"https:\/\/xstyle.md\/wp-content\/uploads\/2022\/09\/black-diamond-astro-300-r-azul.jpg","datePublished":"2022-09-02T15:36:36+00:00","dateModified":"2024-10-02T21:33:36+00:00","description":"Lanterna frontal\u0103 Black Diamond Astro 300-R: putere 300 lm, re\u00eenc\u0103rcabil\u0103 1500mA, protejat \u00eempotriva umezelii IPX 4. Ideal pentru activit\u0103\u021bi recreative \u00een natur\u0103.","breadcrumb":{"@id":"https:\/\/xstyle.md\/product\/fonar-nalobnyj-black-diamond-astro-300-r\/#breadcrumb"},"inLanguage":"ro-RO","potentialAction":[{"@type":"ReadAction","target":["https:\/\/xstyle.md\/product\/fonar-nalobnyj-black-diamond-astro-300-r\/"]}]},{"@type":"ImageObject","inLanguage":"ro-RO","@id":"https:\/\/xstyle.md\/product\/fonar-nalobnyj-black-diamond-astro-300-r\/#primaryimage","url":"https:\/\/xstyle.md\/wp-content\/uploads\/2022\/09\/black-diamond-astro-300-r-azul.jpg","contentUrl":"https:\/\/xstyle.md\/wp-content\/uploads\/2022\/09\/black-diamond-astro-300-r-azul.jpg","width":1000,"height":1000,"caption":"\u0424\u043e\u043d\u0430\u0440\u044c \u043d\u0430\u043b\u043e\u0431\u043d\u044b\u0439 Black Diamond Astro 300-R \u0434\u043b\u044f \u0430\u043a\u0442\u0438\u0432\u043d\u043e\u0433\u043e \u043e\u0442\u0434\u044b\u0445\u0430 \u0441\u043f\u043e\u0440\u0442\u0438\u0432\u043d\u043e\u0439 \u043e\u0431\u0443\u0432\u0438 \u0438 \u043e\u0434\u0435\u0436\u0434\u044b \u0434\u043b\u044f \u043f\u043e\u0445\u043e\u0434\u043e\u0432 \u0430\u043b\u044c\u043f\u0438\u043d\u0438\u0437\u043c\u0430 \u0438 \u043f\u0443\u0442\u0435\u0448\u0435\u0441\u0442\u0432\u0438\u0439 \u0432 \u043e\u043d\u043b\u0430\u0439\u043d \u043c\u0430\u0433\u0430\u0437\u0438\u043d\u0435 \u0442\u043e\u0432\u0430\u0440\u043e\u0432 \u0434\u043b\u044f \u0430\u043a\u0442\u0438\u0432\u043d\u043e\u0439 \u0436\u0438\u0437\u043d\u0438"},{"@type":"BreadcrumbList","@id":"https:\/\/xstyle.md\/product\/fonar-nalobnyj-black-diamond-astro-300-r\/#breadcrumb","itemListElement":[{"@type":"ListItem","position":1,"name":"\u0413\u043b\u0430\u0432\u043d\u0430\u044f \u0441\u0442\u0440\u0430\u043d\u0438\u0446\u0430","item":"https:\/\/xstyle.md\/"},{"@type":"ListItem","position":2,"name":"\u041c\u0430\u0433\u0430\u0437\u0438\u043d","item":"https:\/\/xstyle.md\/shop\/"},{"@type":"ListItem","position":3,"name":"\u0424\u043e\u043d\u0430\u0440\u044c \u043d\u0430\u043b\u043e\u0431\u043d\u044b\u0439 Black Diamond Astro 300-R"}]},{"@type":"WebSite","@id":"https:\/\/xstyle.md\/#website","url":"https:\/\/xstyle.md\/","name":"Magazinul X-Style","description":"Echipamente pentru turism \u0219i sporturi extreme \u00een Moldova. Pre\u021buri, fotografii, caracteristici \u00een Moldova.","publisher":{"@id":"https:\/\/xstyle.md\/#organization"},"alternateName":"X-Style","potentialAction":[{"@type":"SearchAction","target":{"@type":"EntryPoint","urlTemplate":"https:\/\/xstyle.md\/?s={search_term_string}"},"query-input":{"@type":"PropertyValueSpecification","valueRequired":true,"valueName":"search_term_string"}}],"inLanguage":"ro-RO"},{"@type":"Organization","@id":"https:\/\/xstyle.md\/#organization","name":"Magazinul X-Style","alternateName":"x-style","url":"https:\/\/xstyle.md\/","logo":{"@type":"ImageObject","inLanguage":"ro-RO","@id":"https:\/\/xstyle.md\/#\/schema\/logo\/image\/","url":"https:\/\/xstyle.md\/wp-content\/uploads\/2020\/06\/logoicon.svg","contentUrl":"https:\/\/xstyle.md\/wp-content\/uploads\/2020\/06\/logoicon.svg","caption":"\u041c\u0430\u0433\u0430\u0437\u0438\u043d Xstyle"},"image":{"@id":"https:\/\/xstyle.md\/#\/schema\/logo\/image\/"},"sameAs":["https:\/\/www.facebook.com\/xstylemd","https:\/\/www.instagram.com\/xstyle_md\/","https:\/\/t.me\/xstyle_outdoor"],"hasMerchantReturnPolicy":{"@type":"MerchantReturnPolicy","merchantReturnLink":"https:\/\/xstyle.md\/ro\/conditions\/"}}]},"product_price_amount":"970.00","product_price_currency":"MDL","og_availability":"instock","product_availability":"instock","product_retailer_item_id":"793661520054","product_condition":"new"},"_links":{"self":[{"href":"https:\/\/xstyle.md\/ro\/wp-json\/wp\/v2\/product\/54045","targetHints":{"allow":["GET"]}}],"collection":[{"href":"https:\/\/xstyle.md\/ro\/wp-json\/wp\/v2\/product"}],"about":[{"href":"https:\/\/xstyle.md\/ro\/wp-json\/wp\/v2\/types\/product"}],"replies":[{"embeddable":true,"href":"https:\/\/xstyle.md\/ro\/wp-json\/wp\/v2\/comments?post=54045"}],"wp:featuredmedia":[{"embeddable":true,"href":"https:\/\/xstyle.md\/ro\/wp-json\/wp\/v2\/media\/74021"}],"wp:attachment":[{"href":"https:\/\/xstyle.md\/ro\/wp-json\/wp\/v2\/media?parent=54045"}],"wp:term":[{"taxonomy":"product_brand","embeddable":true,"href":"https:\/\/xstyle.md\/ro\/wp-json\/wp\/v2\/product_brand?post=54045"},{"taxonomy":"product_cat","embeddable":true,"href":"https:\/\/xstyle.md\/ro\/wp-json\/wp\/v2\/product_cat?post=54045"},{"taxonomy":"product_tag","embeddable":true,"href":"https:\/\/xstyle.md\/ro\/wp-json\/wp\/v2\/product_tag?post=54045"}],"curies":[{"name":"wp","href":"https:\/\/api.w.org\/{rel}","templated":true}]}}