{"id":54029,"date":"2022-09-02T18:36:33","date_gmt":"2022-09-02T15:36:33","guid":{"rendered":"https:\/\/xstyle.md\/?post_type=product&#038;p=54029"},"modified":"2026-03-19T16:49:30","modified_gmt":"2026-03-19T13:49:30","slug":"botinki-asolo-greenwood-evo-gv-major-brown","status":"publish","type":"product","link":"https:\/\/xstyle.md\/ro\/produs\/botinki-asolo-greenwood-evo-gv-major-brown\/","title":{"rendered":"Bocanci Asolo Greenwood EVO GV major brown"},"content":{"rendered":"<\/p>\n<p><strong>Asolo Greenwood EVO GV major brown <\/strong>&#8212; concepute pentru drume\u021bii \u0219i excursii de mai multe zile. Partea superioar\u0103 din piele Perwanger rezistent\u0103 la ap\u0103, ofer\u0103 protec\u021bie \u0219i confort, \u00een timp ce membrana Gore-Tex Performance Comfort garanteaz\u0103 impermeabilitatea \u0219i are o respirabilitate excelent\u0103. Dispun de o talp\u0103 intermediar\u0103 din spum\u0103 Eva cu densitate dubl\u0103 \u0219i de o talp\u0103 exterioar\u0103 Vibram MegaGrip cu construc\u021bie cu autocur\u0103\u021bare pentru o trac\u021biune superioar\u0103 pe suprafe\u021be uscate \u0219i umede.<\/p>\n<h3>Particularit\u0103\u021bi<\/h3>\n<ul>\n<li>Tehnologia Gore-Tex\u00ae Performance Comfort Footwear asigur\u0103 o reten\u021bie optim\u0103 a c\u0103ldurii, p\u0103str\u00e2nd picioarele uscate \u0219i confortabile \u00een cele mai diverse condi\u021bii meteorologice<\/li>\n<li>Tehnologia Vibram\u00ae MegaGrip creeaz\u0103 o trac\u021biune excelent\u0103 at\u00e2t pe suprafe\u021be uscate, c\u00e2t \u0219i pe cele umede, men\u021bin\u00e2nd \u00een acela\u0219i timp un nivel mai ridicat de durabilitate. Potrivite pentru drume\u021bii \u0219i c\u0103l\u0103torii \u00een orice perioad\u0103 a anului.<\/li>\n<li>Pielea Perwanger de 2,2-2,4 mm grosime este impermeabil\u0103 chiar \u0219i \u00een cele mai extreme condi\u021bii, are o permeabilitate excelent\u0103 a aerului, permi\u021b\u00e2nd piciorului s\u0103 respire liber \u00een interior, este rezistent\u0103 la zg\u00e2rieturi (fibra special\u0103 permite chiar \u0219i celor mai ascu\u021bite pietre s\u0103 nu lase urme ad\u00e2nci pe pantof) \u0219i are o durat\u0103 de via\u021b\u0103 lung\u0103.<\/li>\n<li>Talpa intermediar\u0103 este fabricat\u0103 dintr-o spum\u0103 Eva cu dubl\u0103 densitate &#8212; partea superioar\u0103 este mai rigid\u0103 pentru o stabilitate sporit\u0103, iar partea inferioar\u0103 este fabricat\u0103 dintr-un material mai moale de la c\u0103lc\u00e2i p\u00e2n\u0103 la v\u00e2rf pentru amortizare \u0219i confort maxim.<\/li>\n<li>C\u0103ptu\u0219eal\u0103 din cauciuc pe v\u00e2rf pentru protec\u021bie suplimentar\u0103.<\/li>\n<\/ul>\n<h3>Caracteristici<\/h3>\n<ul>\n<li>Material superior din piele hidrofug\u0103 Perwanger<\/li>\n<li>Membrana de amortizare &#8212; GORE-TEX\u00ae Performance Comfort<\/li>\n<li>Talp\u0103 exterioar\u0103 Vibram\u00ae MegaGrip<\/li>\n<li>Talp\u0103 anatomic\u0103 &#8212; Lite 2<\/li>\n<li>Utilizare &#8212; Drume\u021bii<\/li>\n<li>Sezonul - demi-sezon<\/li>\n<li>Greutate &#8212; 670g.<\/li>\n<\/ul>\n<h3>Tehnologie<\/h3>\n<ul>\n<li><strong>Gore-Tex<\/strong>\u00ae <strong>Performance Comfort <\/strong>&#8212; o membran\u0103 GORE-TEX\u00ae care se comport\u0103 bine \u00eentr-o gam\u0103 larg\u0103 de temperaturi, at\u00e2t calde, c\u00e2t \u0219i reci, \u0219i asigur\u0103 microclimatul potrivit \u00een cizm\u0103, p\u0103str\u00e2nd cantitatea potrivit\u0103 de c\u0103ldur\u0103, precum \u0219i protec\u021bia \u00eempotriva umezelii.<\/li>\n<li><strong>Vibram\u00ae -\u00a0<\/strong>Cel mai important produc\u0103tor mondial de benzi pentru alpinism \u0219i trekking. Talpa este proiectat\u0103 cu un cauciuc foarte rezistent, care este o aderen\u021b\u0103 excelent\u0103 la suprafa\u021b\u0103. Ofer\u0103 suport\u0103 maxim \u0219i durabilitate.<\/li>\n<li><strong>Perwanger <\/strong>&#8212; renumitul produc\u0103tor de piele natural\u0103 pentru sporturile montane. Pielea Perwanger provine de la o t\u0103b\u0103c\u0103rie din Alpii tirolezi care func\u021bioneaz\u0103 din 1780. \u00cen acest timp, numele a devenit sinonim cu durabilitatea \u0219i rezisten\u021ba la uzur\u0103. Pielea Perwanger este potrivit\u0103 pentru utilizarea pe terenuri ascu\u021bite \u0219i st\u00e2ncoase, este hidrofug\u0103 \u0219i este capabil\u0103 s\u0103 elimine umiditatea \u00een mod eficient.<\/li>\n<li><strong>Megagrip <\/strong>&#8212; tehnologie \u00een care construc\u021bia urmeaz\u0103 forma anatomic\u0103 a c\u0103lc\u00e2iului. Datorit\u0103 structurii \u00een form\u0103 de T, asigur\u0103 o sus\u021binere \u0219i o fixare excelent\u0103 a c\u0103lc\u00e2iului. Fabricat cu inser\u021bii din poliuretan pentru a preveni abraziunea.<\/li>\n<\/ul>\n<p>\n\n<\/p>\n<h3>Marca<\/h3>\n<p>ASOLO este unul dintre principalii produc\u0103tori de incaltaminate pentru trekking, altitudine, urban \u0219i multisport. Compania italian\u0103 ASOLO exist\u0103 din 1975 \u0219i, la momentul lans\u0103rii sale, nu a fost \u00een m\u0103sur\u0103 s\u0103 dezvolte lumea industriei sportive cu un num\u0103r mare de v\u00e2nz\u0103ri inovatoare.<\/p>\n<p>ASOLO realizeaz\u0103 o gam\u0103 larg\u0103 de tehnologii \u0219i materiale de ultim\u0103 genera\u021bie, care pot fi utilizate \u00eentr-o gam\u0103 larg\u0103 de aplica\u021bii. \u00cen ASOLO cald\u0103, u\u0219oar\u0103, confortabil\u0103 \u0219i fiabil\u0103 se folose\u0219te t\u0103lpile VIBRAM. Poate fi utilizat ca dispozitiv de stabilizare pentru a preveni utilizarea unui num\u0103r mare de cobor\u00e2ri abrupte.<\/p>\n<p>Croirea excelenta si performan\u021ba sunt punctele forte ale marcii ASOLO.<\/p>\n<p>","protected":false},"excerpt":{"rendered":"","protected":false},"featured_media":54884,"comment_status":"open","ping_status":"closed","template":"","meta":{"_acf_changed":false,"inline_featured_image":false},"product_brand":[1277],"product_cat":[143],"product_tag":[],"class_list":{"0":"post-54029","1":"product","2":"type-product","3":"status-publish","4":"has-post-thumbnail","6":"product_brand-asolo","7":"product_cat-trekking","9":"first","10":"instock","11":"shipping-taxable","12":"purchasable","13":"product-type-simple"},"acf":[],"yoast_head":"<!-- This site is optimized with the Yoast SEO plugin v27.2 - https:\/\/yoast.com\/product\/yoast-seo-wordpress\/ -->\n<title>\u0411\u043e\u0442\u0438\u043d\u043a\u0438 Asolo Greenwood EVO GV major brown - \u041c\u0430\u0433\u0430\u0437\u0438\u043d Xstyle<\/title>\n<meta name=\"description\" content=\"\u041a\u0443\u043f\u0438\u0442\u0435 \u0431\u043e\u0442\u0438\u043d\u043a\u0438 Asolo Greenwood EVO GV major brown \u0441 \u0432\u0435\u0440\u0445\u043e\u043c \u0438\u0437 \u043a\u043e\u0436\u0438 Perwanger \u0438 \u043f\u043e\u0434\u043e\u0448\u0432\u043e\u0439 Vibram MegaGrip. \u0418\u0434\u0435\u0430\u043b\u044c\u043d\u044b \u0434\u043b\u044f \u043f\u043e\u0445\u043e\u0434\u043e\u0432 \u0438 \u0430\u043a\u0442\u0438\u0432\u043d\u043e\u0433\u043e \u043e\u0442\u0434\u044b\u0445\u0430!\" \/>\n<meta name=\"robots\" content=\"index, follow, max-snippet:-1, max-image-preview:large, max-video-preview:-1\" \/>\n<link rel=\"canonical\" href=\"https:\/\/xstyle.md\/ro\/produs\/botinki-asolo-greenwood-evo-gv-major-brown\/\" \/>\n<meta property=\"og:locale\" content=\"ro_RO\" \/>\n<meta property=\"og:type\" content=\"article\" \/>\n<meta property=\"og:title\" content=\"\u0411\u043e\u0442\u0438\u043d\u043a\u0438 Asolo Greenwood EVO GV major brown - \u041c\u0430\u0433\u0430\u0437\u0438\u043d Xstyle\" \/>\n<meta property=\"og:description\" content=\"\u041a\u0443\u043f\u0438\u0442\u0435 \u0431\u043e\u0442\u0438\u043d\u043a\u0438 Asolo Greenwood EVO GV major brown \u0441 \u0432\u0435\u0440\u0445\u043e\u043c \u0438\u0437 \u043a\u043e\u0436\u0438 Perwanger \u0438 \u043f\u043e\u0434\u043e\u0448\u0432\u043e\u0439 Vibram MegaGrip. \u0418\u0434\u0435\u0430\u043b\u044c\u043d\u044b \u0434\u043b\u044f \u043f\u043e\u0445\u043e\u0434\u043e\u0432 \u0438 \u0430\u043a\u0442\u0438\u0432\u043d\u043e\u0433\u043e \u043e\u0442\u0434\u044b\u0445\u0430!\" \/>\n<meta property=\"og:url\" content=\"https:\/\/xstyle.md\/ro\/produs\/botinki-asolo-greenwood-evo-gv-major-brown\/\" \/>\n<meta property=\"og:site_name\" content=\"\u041c\u0430\u0433\u0430\u0437\u0438\u043d Xstyle\" \/>\n<meta property=\"article:publisher\" content=\"https:\/\/www.facebook.com\/xstylemd\" \/>\n<meta property=\"article:modified_time\" content=\"2026-03-19T13:49:30+00:00\" \/>\n<meta property=\"og:image\" content=\"https:\/\/xstyle.md\/wp-content\/uploads\/2022\/09\/asolo-greenwood-evo-gv-major-brown-1440x1066.jpg\" \/>\n\t<meta property=\"og:image:width\" content=\"1440\" \/>\n\t<meta property=\"og:image:height\" content=\"1066\" \/>\n\t<meta property=\"og:image:type\" content=\"image\/jpeg\" \/>\n<meta name=\"twitter:card\" content=\"summary_large_image\" \/>\n<meta name=\"twitter:label1\" content=\"Pre\u021b\" \/>\n\t<meta name=\"twitter:data1\" content=\"5.670&nbsp;MDL\" \/>\n\t<meta name=\"twitter:label2\" content=\"Disponibilitate\" \/>\n\t<meta name=\"twitter:data2\" content=\"\u00cen stoc\" \/>\n<script type=\"application\/ld+json\" class=\"yoast-schema-graph\">{\"@context\":\"https:\/\/schema.org\",\"@graph\":[{\"@type\":\"WebPage\",\"@id\":\"https:\/\/xstyle.md\/product\/botinki-asolo-greenwood-evo-gv-major-brown\/\",\"url\":\"https:\/\/xstyle.md\/product\/botinki-asolo-greenwood-evo-gv-major-brown\/\",\"name\":\"\u0411\u043e\u0442\u0438\u043d\u043a\u0438 Asolo Greenwood EVO GV major brown - \u041c\u0430\u0433\u0430\u0437\u0438\u043d Xstyle\",\"isPartOf\":{\"@id\":\"https:\/\/xstyle.md\/#website\"},\"primaryImageOfPage\":{\"@id\":\"https:\/\/xstyle.md\/product\/botinki-asolo-greenwood-evo-gv-major-brown\/#primaryimage\"},\"image\":{\"@id\":\"https:\/\/xstyle.md\/product\/botinki-asolo-greenwood-evo-gv-major-brown\/#primaryimage\"},\"thumbnailUrl\":\"https:\/\/xstyle.md\/wp-content\/uploads\/2022\/09\/asolo-greenwood-evo-gv-major-brown.jpg\",\"datePublished\":\"2022-09-02T15:36:33+00:00\",\"dateModified\":\"2026-03-19T13:49:30+00:00\",\"description\":\"\u041a\u0443\u043f\u0438\u0442\u0435 \u0431\u043e\u0442\u0438\u043d\u043a\u0438 Asolo Greenwood EVO GV major brown \u0441 \u0432\u0435\u0440\u0445\u043e\u043c \u0438\u0437 \u043a\u043e\u0436\u0438 Perwanger \u0438 \u043f\u043e\u0434\u043e\u0448\u0432\u043e\u0439 Vibram MegaGrip. \u0418\u0434\u0435\u0430\u043b\u044c\u043d\u044b \u0434\u043b\u044f \u043f\u043e\u0445\u043e\u0434\u043e\u0432 \u0438 \u0430\u043a\u0442\u0438\u0432\u043d\u043e\u0433\u043e \u043e\u0442\u0434\u044b\u0445\u0430!\",\"breadcrumb\":{\"@id\":\"https:\/\/xstyle.md\/product\/botinki-asolo-greenwood-evo-gv-major-brown\/#breadcrumb\"},\"inLanguage\":\"ro-RO\",\"potentialAction\":[{\"@type\":\"ReadAction\",\"target\":[\"https:\/\/xstyle.md\/product\/botinki-asolo-greenwood-evo-gv-major-brown\/\"]}]},{\"@type\":\"ImageObject\",\"inLanguage\":\"ro-RO\",\"@id\":\"https:\/\/xstyle.md\/product\/botinki-asolo-greenwood-evo-gv-major-brown\/#primaryimage\",\"url\":\"https:\/\/xstyle.md\/wp-content\/uploads\/2022\/09\/asolo-greenwood-evo-gv-major-brown.jpg\",\"contentUrl\":\"https:\/\/xstyle.md\/wp-content\/uploads\/2022\/09\/asolo-greenwood-evo-gv-major-brown.jpg\",\"width\":1920,\"height\":1421,\"caption\":\"\u041a\u0430\u0447\u0435\u0441\u0442\u0432\u0435\u043d\u043d\u044b\u0435 \u0431\u043e\u0442\u0438\u043d\u043a\u0438 Asolo Greenwood EVO GV Major Brown \u0434\u043b\u044f \u0430\u043a\u0442\u0438\u0432\u043d\u043e\u0433\u043e \u043e\u0442\u0434\u044b\u0445\u0430, \u0442\u0443\u0440\u0438\u0441\u0442\u0438\u0447\u0435\u0441\u043a\u043e\u0439 \u043e\u0431\u0443\u0432\u0438, \u043f\u043e\u0445\u043e\u0434\u043e\u0432, \u0430\u043b\u044c\u043f\u0438\u043d\u0438\u0437\u043c\u0430 \u0438 \u043f\u0443\u0442\u0435\u0448\u0435\u0441\u0442\u0432\u0438\u0439 \u043d\u0430 \u0441\u0430\u0439\u0442\u0435 \u043c\u0430\u0433\u0430\u0437\u0438\u043d\u0430 \u0430\u043a\u0442\u0438\u0432\u043d\u043e\u0439 \u0436\u0438\u0437\u043d\u0438\"},{\"@type\":\"BreadcrumbList\",\"@id\":\"https:\/\/xstyle.md\/product\/botinki-asolo-greenwood-evo-gv-major-brown\/#breadcrumb\",\"itemListElement\":[{\"@type\":\"ListItem\",\"position\":1,\"name\":\"\u0413\u043b\u0430\u0432\u043d\u0430\u044f \u0441\u0442\u0440\u0430\u043d\u0438\u0446\u0430\",\"item\":\"https:\/\/xstyle.md\/\"},{\"@type\":\"ListItem\",\"position\":2,\"name\":\"\u041c\u0430\u0433\u0430\u0437\u0438\u043d\",\"item\":\"https:\/\/xstyle.md\/shop\/\"},{\"@type\":\"ListItem\",\"position\":3,\"name\":\"\u0411\u043e\u0442\u0438\u043d\u043a\u0438 Asolo Greenwood EVO GV major brown\"}]},{\"@type\":\"WebSite\",\"@id\":\"https:\/\/xstyle.md\/#website\",\"url\":\"https:\/\/xstyle.md\/\",\"name\":\"\u041c\u0430\u0433\u0430\u0437\u0438\u043d Xstyle\",\"description\":\"C\u043d\u0430\u0440\u044f\u0436\u0435\u043d\u0438\u0435 \u0434\u043b\u044f \u0442\u0443\u0440\u0438\u0437\u043c\u0430 \u0438 \u044d\u043a\u0441\u0442\u0440\u0435\u043c\u0430\u043b\u044c\u043d\u044b\u0445 \u0432\u0438\u0434\u043e\u0432 \u0441\u043f\u043e\u0440\u0442\u0430 \u0432 \u041c\u043e\u043b\u0434\u043e\u0432\u0435.. \u0426\u0435\u043d\u044b, \u0444\u043e\u0442\u043e, \u0445\u0430\u0440\u0430\u043a\u0442\u0435\u0440\u0438\u0441\u0442\u0438\u043a\u0438 \u0432 \u041c\u043e\u043b\u0434\u043e\u0432\u0435.\",\"publisher\":{\"@id\":\"https:\/\/xstyle.md\/#organization\"},\"alternateName\":\"X-Style\",\"potentialAction\":[{\"@type\":\"SearchAction\",\"target\":{\"@type\":\"EntryPoint\",\"urlTemplate\":\"https:\/\/xstyle.md\/?s={search_term_string}\"},\"query-input\":{\"@type\":\"PropertyValueSpecification\",\"valueRequired\":true,\"valueName\":\"search_term_string\"}}],\"inLanguage\":\"ro-RO\"},{\"@type\":\"Organization\",\"@id\":\"https:\/\/xstyle.md\/#organization\",\"name\":\"\u041c\u0430\u0433\u0430\u0437\u0438\u043d Xstyle\",\"alternateName\":\"x-style\",\"url\":\"https:\/\/xstyle.md\/\",\"logo\":{\"@type\":\"ImageObject\",\"inLanguage\":\"ro-RO\",\"@id\":\"https:\/\/xstyle.md\/#\/schema\/logo\/image\/\",\"url\":\"https:\/\/xstyle.md\/wp-content\/uploads\/2020\/06\/logoicon.svg\",\"contentUrl\":\"https:\/\/xstyle.md\/wp-content\/uploads\/2020\/06\/logoicon.svg\",\"caption\":\"\u041c\u0430\u0433\u0430\u0437\u0438\u043d Xstyle\"},\"image\":{\"@id\":\"https:\/\/xstyle.md\/#\/schema\/logo\/image\/\"},\"sameAs\":[\"https:\/\/www.facebook.com\/xstylemd\",\"https:\/\/www.instagram.com\/xstyle_md\/\",\"https:\/\/t.me\/xstyle_outdoor\"],\"hasMerchantReturnPolicy\":{\"@type\":\"MerchantReturnPolicy\",\"merchantReturnLink\":\"https:\/\/xstyle.md\/ro\/conditions\/\"}}]}<\/script>\n<meta property=\"product:price:amount\" content=\"5670.00\" \/>\n<meta property=\"product:price:currency\" content=\"MDL\" \/>\n<meta property=\"og:availability\" content=\"instock\" \/>\n<meta property=\"product:availability\" content=\"instock\" \/>\n<meta property=\"product:retailer_item_id\" content=\"8026948979934\" \/>\n<meta property=\"product:condition\" content=\"new\" \/>\n<!-- \/ Yoast SEO plugin. -->","yoast_head_json":{"title":"Bocanci Asolo Greenwood EVO GV major brown - Magazin Xstyle","description":"Cump\u0103ra\u021bi bocanci Asolo Greenwood EVO GV major brown cu upper din piele Perwanger \u0219i talp\u0103 Vibram MegaGrip. Ideali pentru drume\u021bii \u0219i activit\u0103\u021bi \u00een aer liber!","robots":{"index":"index","follow":"follow","max-snippet":"max-snippet:-1","max-image-preview":"max-image-preview:large","max-video-preview":"max-video-preview:-1"},"canonical":"https:\/\/xstyle.md\/ro\/produs\/botinki-asolo-greenwood-evo-gv-major-brown\/","og_locale":"ro_RO","og_type":"article","og_title":"\u0411\u043e\u0442\u0438\u043d\u043a\u0438 Asolo Greenwood EVO GV major brown - \u041c\u0430\u0433\u0430\u0437\u0438\u043d Xstyle","og_description":"\u041a\u0443\u043f\u0438\u0442\u0435 \u0431\u043e\u0442\u0438\u043d\u043a\u0438 Asolo Greenwood EVO GV major brown \u0441 \u0432\u0435\u0440\u0445\u043e\u043c \u0438\u0437 \u043a\u043e\u0436\u0438 Perwanger \u0438 \u043f\u043e\u0434\u043e\u0448\u0432\u043e\u0439 Vibram MegaGrip. \u0418\u0434\u0435\u0430\u043b\u044c\u043d\u044b \u0434\u043b\u044f \u043f\u043e\u0445\u043e\u0434\u043e\u0432 \u0438 \u0430\u043a\u0442\u0438\u0432\u043d\u043e\u0433\u043e \u043e\u0442\u0434\u044b\u0445\u0430!","og_url":"https:\/\/xstyle.md\/ro\/produs\/botinki-asolo-greenwood-evo-gv-major-brown\/","og_site_name":"\u041c\u0430\u0433\u0430\u0437\u0438\u043d Xstyle","article_publisher":"https:\/\/www.facebook.com\/xstylemd","article_modified_time":"2026-03-19T13:49:30+00:00","og_image":[{"width":1440,"height":1066,"url":"https:\/\/xstyle.md\/wp-content\/uploads\/2022\/09\/asolo-greenwood-evo-gv-major-brown-1440x1066.jpg","type":"image\/jpeg"}],"twitter_card":"summary_large_image","twitter_misc":{"Pre\u021b":"5.670&nbsp;MDL","Disponibilitate":"\u00cen stoc"},"schema":{"@context":"https:\/\/schema.org","@graph":[{"@type":"WebPage","@id":"https:\/\/xstyle.md\/product\/botinki-asolo-greenwood-evo-gv-major-brown\/","url":"https:\/\/xstyle.md\/product\/botinki-asolo-greenwood-evo-gv-major-brown\/","name":"Bocanci Asolo Greenwood EVO GV major brown - Magazin Xstyle","isPartOf":{"@id":"https:\/\/xstyle.md\/#website"},"primaryImageOfPage":{"@id":"https:\/\/xstyle.md\/product\/botinki-asolo-greenwood-evo-gv-major-brown\/#primaryimage"},"image":{"@id":"https:\/\/xstyle.md\/product\/botinki-asolo-greenwood-evo-gv-major-brown\/#primaryimage"},"thumbnailUrl":"https:\/\/xstyle.md\/wp-content\/uploads\/2022\/09\/asolo-greenwood-evo-gv-major-brown.jpg","datePublished":"2022-09-02T15:36:33+00:00","dateModified":"2026-03-19T13:49:30+00:00","description":"Cump\u0103ra\u021bi bocanci Asolo Greenwood EVO GV major brown cu upper din piele Perwanger \u0219i talp\u0103 Vibram MegaGrip. Ideali pentru drume\u021bii \u0219i activit\u0103\u021bi \u00een aer liber!","breadcrumb":{"@id":"https:\/\/xstyle.md\/product\/botinki-asolo-greenwood-evo-gv-major-brown\/#breadcrumb"},"inLanguage":"ro-RO","potentialAction":[{"@type":"ReadAction","target":["https:\/\/xstyle.md\/product\/botinki-asolo-greenwood-evo-gv-major-brown\/"]}]},{"@type":"ImageObject","inLanguage":"ro-RO","@id":"https:\/\/xstyle.md\/product\/botinki-asolo-greenwood-evo-gv-major-brown\/#primaryimage","url":"https:\/\/xstyle.md\/wp-content\/uploads\/2022\/09\/asolo-greenwood-evo-gv-major-brown.jpg","contentUrl":"https:\/\/xstyle.md\/wp-content\/uploads\/2022\/09\/asolo-greenwood-evo-gv-major-brown.jpg","width":1920,"height":1421,"caption":"\u041a\u0430\u0447\u0435\u0441\u0442\u0432\u0435\u043d\u043d\u044b\u0435 \u0431\u043e\u0442\u0438\u043d\u043a\u0438 Asolo Greenwood EVO GV Major Brown \u0434\u043b\u044f \u0430\u043a\u0442\u0438\u0432\u043d\u043e\u0433\u043e \u043e\u0442\u0434\u044b\u0445\u0430, \u0442\u0443\u0440\u0438\u0441\u0442\u0438\u0447\u0435\u0441\u043a\u043e\u0439 \u043e\u0431\u0443\u0432\u0438, \u043f\u043e\u0445\u043e\u0434\u043e\u0432, \u0430\u043b\u044c\u043f\u0438\u043d\u0438\u0437\u043c\u0430 \u0438 \u043f\u0443\u0442\u0435\u0448\u0435\u0441\u0442\u0432\u0438\u0439 \u043d\u0430 \u0441\u0430\u0439\u0442\u0435 \u043c\u0430\u0433\u0430\u0437\u0438\u043d\u0430 \u0430\u043a\u0442\u0438\u0432\u043d\u043e\u0439 \u0436\u0438\u0437\u043d\u0438"},{"@type":"BreadcrumbList","@id":"https:\/\/xstyle.md\/product\/botinki-asolo-greenwood-evo-gv-major-brown\/#breadcrumb","itemListElement":[{"@type":"ListItem","position":1,"name":"\u0413\u043b\u0430\u0432\u043d\u0430\u044f \u0441\u0442\u0440\u0430\u043d\u0438\u0446\u0430","item":"https:\/\/xstyle.md\/"},{"@type":"ListItem","position":2,"name":"\u041c\u0430\u0433\u0430\u0437\u0438\u043d","item":"https:\/\/xstyle.md\/shop\/"},{"@type":"ListItem","position":3,"name":"\u0411\u043e\u0442\u0438\u043d\u043a\u0438 Asolo Greenwood EVO GV major brown"}]},{"@type":"WebSite","@id":"https:\/\/xstyle.md\/#website","url":"https:\/\/xstyle.md\/","name":"Magazinul X-Style","description":"Echipamente pentru turism \u0219i sporturi extreme \u00een Moldova. Pre\u021buri, fotografii, caracteristici \u00een Moldova.","publisher":{"@id":"https:\/\/xstyle.md\/#organization"},"alternateName":"X-Style","potentialAction":[{"@type":"SearchAction","target":{"@type":"EntryPoint","urlTemplate":"https:\/\/xstyle.md\/?s={search_term_string}"},"query-input":{"@type":"PropertyValueSpecification","valueRequired":true,"valueName":"search_term_string"}}],"inLanguage":"ro-RO"},{"@type":"Organization","@id":"https:\/\/xstyle.md\/#organization","name":"Magazinul X-Style","alternateName":"x-style","url":"https:\/\/xstyle.md\/","logo":{"@type":"ImageObject","inLanguage":"ro-RO","@id":"https:\/\/xstyle.md\/#\/schema\/logo\/image\/","url":"https:\/\/xstyle.md\/wp-content\/uploads\/2020\/06\/logoicon.svg","contentUrl":"https:\/\/xstyle.md\/wp-content\/uploads\/2020\/06\/logoicon.svg","caption":"\u041c\u0430\u0433\u0430\u0437\u0438\u043d Xstyle"},"image":{"@id":"https:\/\/xstyle.md\/#\/schema\/logo\/image\/"},"sameAs":["https:\/\/www.facebook.com\/xstylemd","https:\/\/www.instagram.com\/xstyle_md\/","https:\/\/t.me\/xstyle_outdoor"],"hasMerchantReturnPolicy":{"@type":"MerchantReturnPolicy","merchantReturnLink":"https:\/\/xstyle.md\/ro\/conditions\/"}}]},"product_price_amount":"5670.00","product_price_currency":"MDL","og_availability":"instock","product_availability":"instock","product_retailer_item_id":"8026948979934","product_condition":"new"},"post_mailing_queue_ids":[],"_links":{"self":[{"href":"https:\/\/xstyle.md\/ro\/wp-json\/wp\/v2\/product\/54029","targetHints":{"allow":["GET"]}}],"collection":[{"href":"https:\/\/xstyle.md\/ro\/wp-json\/wp\/v2\/product"}],"about":[{"href":"https:\/\/xstyle.md\/ro\/wp-json\/wp\/v2\/types\/product"}],"replies":[{"embeddable":true,"href":"https:\/\/xstyle.md\/ro\/wp-json\/wp\/v2\/comments?post=54029"}],"wp:featuredmedia":[{"embeddable":true,"href":"https:\/\/xstyle.md\/ro\/wp-json\/wp\/v2\/media\/54884"}],"wp:attachment":[{"href":"https:\/\/xstyle.md\/ro\/wp-json\/wp\/v2\/media?parent=54029"}],"wp:term":[{"taxonomy":"product_brand","embeddable":true,"href":"https:\/\/xstyle.md\/ro\/wp-json\/wp\/v2\/product_brand?post=54029"},{"taxonomy":"product_cat","embeddable":true,"href":"https:\/\/xstyle.md\/ro\/wp-json\/wp\/v2\/product_cat?post=54029"},{"taxonomy":"product_tag","embeddable":true,"href":"https:\/\/xstyle.md\/ro\/wp-json\/wp\/v2\/product_tag?post=54029"}],"curies":[{"name":"wp","href":"https:\/\/api.w.org\/{rel}","templated":true}]}}