{"id":54026,"date":"2022-09-02T18:36:32","date_gmt":"2022-09-02T15:36:32","guid":{"rendered":"https:\/\/xstyle.md\/?post_type=product&#038;p=54026"},"modified":"2026-03-19T16:49:29","modified_gmt":"2026-03-19T13:49:29","slug":"botinki-asolo-drifter-gv-evo-dark-brown","status":"publish","type":"product","link":"https:\/\/xstyle.md\/ro\/produs\/botinki-asolo-drifter-gv-evo-dark-brown\/","title":{"rendered":"Bocanci Asolo Drifter GV EVO dark brown"},"content":{"rendered":"<\/p>\n<p><strong>Asolo Drifter GV EVO dark brown <\/strong>&#8212; bocanci, care sunt conceputi pentru drume\u021bii simple pe trasee amenajate. Alegerea perfect\u0103 pentru drume\u021bii de 2-4 zile sau excursii de mai multe zile pe trasee bine b\u0103t\u0103torite, cu un rucsac nu mai greu de 15 kg. \u021aes\u0103tura extra rezistent\u0103 de pe p\u0103r\u021bile laterale spore\u0219te durabilitatea. Construc\u021bia multistrat a t\u0103lpii exterioare Radiant creeaz\u0103 un suport \u0219i o amortizare optime \u0219i ofer\u0103 o trac\u021biune eficient\u0103.<\/p>\n<h3>Particularit\u0103\u021bi<\/h3>\n<ul>\n<li>Impregnare rezistent\u0103 la ap\u0103.<\/li>\n<li>\u00cent\u0103ririle de la v\u00e2rf \u0219i de pe p\u0103r\u021bile laterale ale cizmei \u00eembun\u0103t\u0103\u021besc durabilitatea.<\/li>\n<li>Ofer\u0103 cea mai bun\u0103 aderen\u021b\u0103 pe orice suprafa\u021b\u0103.<\/li>\n<li>Membrana protejeaz\u0103 \u00eempotriva umezelii \u0219i v\u0103 men\u021bine incaltamintea aerisita.<\/li>\n<\/ul>\n<h3>Caracteristici<\/h3>\n<ul>\n<li>Material superior &#8212; piele intoarsa care elimin\u0103 umezeala, poliester<\/li>\n<li>Membran\u0103 GORE-TEX\u00ae Extended Comfort<\/li>\n<li>Talp\u0103 exterioar\u0103 &#8212; Vibram\u00ae Radiant<\/li>\n<li>Talp\u0103 anatomic\u0103 &#8212; Lite 2<\/li>\n<li>Scop &#8212; drume\u021bii, trekking<\/li>\n<li>Sezonul - demi-sezon<\/li>\n<li>Greutate &#8212; 600 gr.<\/li>\n<\/ul>\n<h3>Tehnologie<\/h3>\n<ul>\n<li><strong>Gore-Tex\u00ae Extended Comfort<\/strong> este o membran\u0103 care ofer\u0103 protec\u021bie impermeabil\u0103 \u0219i are o respirabilitate excelent\u0103 \u00een condi\u021bii de vreme moderat\u0103 p\u00e2n\u0103 la cald\u0103 \u0219i niveluri ridicate de activitate. Excelent\u0103 atunci cand reten\u021bia de c\u0103ldur\u0103 \u00een interiorul incaltamintei trebuie s\u0103 fie redus\u0103 la minimum.<\/li>\n<li><strong>Vibram\u00ae <\/strong>&#8212; liderul mondial \u00een produc\u021bia de t\u0103lpi pentru \u00eenc\u0103l\u021b\u0103minte de alpinism \u0219i trekking. Talpa este fabricat\u0103 dintr-un cauciuc foarte rezistent \u0219i are o aderen\u021b\u0103 excelent\u0103 la suprafa\u021b\u0103. Garanteaz\u0103 o sus\u021binere a piciorului \u0219i siguranta maxim\u0103.<\/li>\n<\/ul>\n<p>\n\n<\/p>\n<h3>Marca<\/h3>\n<p>ASOLO este unul dintre principalii produc\u0103tori de incaltaminate pentru trekking, altitudine, urban \u0219i multisport. Compania italian\u0103 ASOLO exist\u0103 din 1975 \u0219i, la momentul lans\u0103rii sale, nu a fost \u00een m\u0103sur\u0103 s\u0103 dezvolte lumea industriei sportive cu un num\u0103r mare de v\u00e2nz\u0103ri inovatoare.<\/p>\n<p>ASOLO realizeaz\u0103 o gam\u0103 larg\u0103 de tehnologii \u0219i materiale de ultim\u0103 genera\u021bie, care pot fi utilizate \u00eentr-o gam\u0103 larg\u0103 de aplica\u021bii. \u00cen ASOLO cald\u0103, u\u0219oar\u0103, confortabil\u0103 \u0219i fiabil\u0103 se folose\u0219te t\u0103lpile VIBRAM. Poate fi utilizat ca dispozitiv de stabilizare pentru a preveni utilizarea unui num\u0103r mare de cobor\u00e2ri abrupte.<\/p>\n<p>Croirea excelenta si performan\u021ba sunt punctele forte ale marcii ASOLO.<\/p>\n<p>","protected":false},"excerpt":{"rendered":"","protected":false},"featured_media":54865,"comment_status":"open","ping_status":"closed","template":"","meta":{"_acf_changed":false,"inline_featured_image":false},"product_brand":[1277],"product_cat":[143],"product_tag":[],"class_list":{"0":"post-54026","1":"product","2":"type-product","3":"status-publish","4":"has-post-thumbnail","6":"product_brand-asolo","7":"product_cat-trekking","9":"first","10":"instock","11":"shipping-taxable","12":"purchasable","13":"product-type-simple"},"acf":[],"yoast_head":"<!-- This site is optimized with the Yoast SEO plugin v27.4 - https:\/\/yoast.com\/product\/yoast-seo-wordpress\/ -->\n<title>\u0411\u043e\u0442\u0438\u043d\u043a\u0438 Asolo Drifter GV EVO dark brown - \u041c\u0430\u0433\u0430\u0437\u0438\u043d Xstyle<\/title>\n<meta name=\"description\" content=\"\u041e\u0442\u043a\u0440\u043e\u0439\u0442\u0435 \u043c\u0438\u0440 \u043f\u0440\u0438\u043a\u043b\u044e\u0447\u0435\u043d\u0438\u0439 \u0441 \u0431\u043e\u0442\u0438\u043d\u043a\u0430\u043c\u0438 Asolo Drifter GV EVO \u0442\u0435\u043c\u043d\u043e-\u043a\u043e\u0440\u0438\u0447\u043d\u0435\u0432\u043e\u0433\u043e \u0446\u0432\u0435\u0442\u0430. \u0418\u0434\u0435\u0430\u043b\u044c\u043d\u044b \u0434\u043b\u044f \u0434\u043e\u043b\u0433\u0438\u0445 \u043f\u043e\u0445\u043e\u0434\u043e\u0432 \u0438 \u043a\u043e\u043c\u0444\u043e\u0440\u0442\u0430 \u043d\u0430 \u043a\u0430\u0436\u0434\u043e\u043c \u0448\u0430\u0433\u0443!\" \/>\n<meta name=\"robots\" content=\"index, follow, max-snippet:-1, max-image-preview:large, max-video-preview:-1\" \/>\n<link rel=\"canonical\" href=\"https:\/\/xstyle.md\/ro\/produs\/botinki-asolo-drifter-gv-evo-dark-brown\/\" \/>\n<meta property=\"og:locale\" content=\"ro_RO\" \/>\n<meta property=\"og:type\" content=\"article\" \/>\n<meta property=\"og:title\" content=\"\u0411\u043e\u0442\u0438\u043d\u043a\u0438 Asolo Drifter GV EVO dark brown - \u041c\u0430\u0433\u0430\u0437\u0438\u043d Xstyle\" \/>\n<meta property=\"og:description\" content=\"\u041e\u0442\u043a\u0440\u043e\u0439\u0442\u0435 \u043c\u0438\u0440 \u043f\u0440\u0438\u043a\u043b\u044e\u0447\u0435\u043d\u0438\u0439 \u0441 \u0431\u043e\u0442\u0438\u043d\u043a\u0430\u043c\u0438 Asolo Drifter GV EVO \u0442\u0435\u043c\u043d\u043e-\u043a\u043e\u0440\u0438\u0447\u043d\u0435\u0432\u043e\u0433\u043e \u0446\u0432\u0435\u0442\u0430. \u0418\u0434\u0435\u0430\u043b\u044c\u043d\u044b \u0434\u043b\u044f \u0434\u043e\u043b\u0433\u0438\u0445 \u043f\u043e\u0445\u043e\u0434\u043e\u0432 \u0438 \u043a\u043e\u043c\u0444\u043e\u0440\u0442\u0430 \u043d\u0430 \u043a\u0430\u0436\u0434\u043e\u043c \u0448\u0430\u0433\u0443!\" \/>\n<meta property=\"og:url\" content=\"https:\/\/xstyle.md\/ro\/produs\/botinki-asolo-drifter-gv-evo-dark-brown\/\" \/>\n<meta property=\"og:site_name\" content=\"\u041c\u0430\u0433\u0430\u0437\u0438\u043d Xstyle\" \/>\n<meta property=\"article:publisher\" content=\"https:\/\/www.facebook.com\/xstylemd\" \/>\n<meta property=\"article:modified_time\" content=\"2026-03-19T13:49:29+00:00\" \/>\n<meta property=\"og:image\" content=\"https:\/\/xstyle.md\/wp-content\/uploads\/2022\/09\/asolo-drifter-gv-evo-dark-brown.jpg\" \/>\n\t<meta property=\"og:image:width\" content=\"1400\" \/>\n\t<meta property=\"og:image:height\" content=\"1096\" \/>\n\t<meta property=\"og:image:type\" content=\"image\/jpeg\" \/>\n<meta name=\"twitter:card\" content=\"summary_large_image\" \/>\n<meta name=\"twitter:label1\" content=\"Pre\u021b\" \/>\n\t<meta name=\"twitter:data1\" content=\"5.390&nbsp;MDL\" \/>\n\t<meta name=\"twitter:label2\" content=\"Disponibilitate\" \/>\n\t<meta name=\"twitter:data2\" content=\"\u00cen stoc\" \/>\n<script type=\"application\/ld+json\" class=\"yoast-schema-graph\">{\"@context\":\"https:\\\/\\\/schema.org\",\"@graph\":[{\"@type\":\"WebPage\",\"@id\":\"https:\\\/\\\/xstyle.md\\\/product\\\/botinki-asolo-drifter-gv-evo-dark-brown\\\/\",\"url\":\"https:\\\/\\\/xstyle.md\\\/product\\\/botinki-asolo-drifter-gv-evo-dark-brown\\\/\",\"name\":\"\u0411\u043e\u0442\u0438\u043d\u043a\u0438 Asolo Drifter GV EVO dark brown - \u041c\u0430\u0433\u0430\u0437\u0438\u043d Xstyle\",\"isPartOf\":{\"@id\":\"https:\\\/\\\/xstyle.md\\\/#website\"},\"primaryImageOfPage\":{\"@id\":\"https:\\\/\\\/xstyle.md\\\/product\\\/botinki-asolo-drifter-gv-evo-dark-brown\\\/#primaryimage\"},\"image\":{\"@id\":\"https:\\\/\\\/xstyle.md\\\/product\\\/botinki-asolo-drifter-gv-evo-dark-brown\\\/#primaryimage\"},\"thumbnailUrl\":\"https:\\\/\\\/xstyle.md\\\/wp-content\\\/uploads\\\/2022\\\/09\\\/asolo-drifter-gv-evo-dark-brown.jpg\",\"datePublished\":\"2022-09-02T15:36:32+00:00\",\"dateModified\":\"2026-03-19T13:49:29+00:00\",\"description\":\"\u041e\u0442\u043a\u0440\u043e\u0439\u0442\u0435 \u043c\u0438\u0440 \u043f\u0440\u0438\u043a\u043b\u044e\u0447\u0435\u043d\u0438\u0439 \u0441 \u0431\u043e\u0442\u0438\u043d\u043a\u0430\u043c\u0438 Asolo Drifter GV EVO \u0442\u0435\u043c\u043d\u043e-\u043a\u043e\u0440\u0438\u0447\u043d\u0435\u0432\u043e\u0433\u043e \u0446\u0432\u0435\u0442\u0430. \u0418\u0434\u0435\u0430\u043b\u044c\u043d\u044b \u0434\u043b\u044f \u0434\u043e\u043b\u0433\u0438\u0445 \u043f\u043e\u0445\u043e\u0434\u043e\u0432 \u0438 \u043a\u043e\u043c\u0444\u043e\u0440\u0442\u0430 \u043d\u0430 \u043a\u0430\u0436\u0434\u043e\u043c \u0448\u0430\u0433\u0443!\",\"breadcrumb\":{\"@id\":\"https:\\\/\\\/xstyle.md\\\/product\\\/botinki-asolo-drifter-gv-evo-dark-brown\\\/#breadcrumb\"},\"inLanguage\":\"ro-RO\",\"potentialAction\":[{\"@type\":\"ReadAction\",\"target\":[\"https:\\\/\\\/xstyle.md\\\/product\\\/botinki-asolo-drifter-gv-evo-dark-brown\\\/\"]}]},{\"@type\":\"ImageObject\",\"inLanguage\":\"ro-RO\",\"@id\":\"https:\\\/\\\/xstyle.md\\\/product\\\/botinki-asolo-drifter-gv-evo-dark-brown\\\/#primaryimage\",\"url\":\"https:\\\/\\\/xstyle.md\\\/wp-content\\\/uploads\\\/2022\\\/09\\\/asolo-drifter-gv-evo-dark-brown.jpg\",\"contentUrl\":\"https:\\\/\\\/xstyle.md\\\/wp-content\\\/uploads\\\/2022\\\/09\\\/asolo-drifter-gv-evo-dark-brown.jpg\",\"width\":1400,\"height\":1096,\"caption\":\"\u041e\u0431\u0443\u0432\u044c \u0434\u043b\u044f \u0430\u043a\u0442\u0438\u0432\u043d\u043e\u0433\u043e \u043e\u0442\u0434\u044b\u0445\u0430 \u0438 \u043f\u043e\u0445\u043e\u0434\u043e\u0432 \u0431\u043e\u0442\u0438\u043d\u043a\u0438 Asolo Drifter GV EVO \u0442\u0435\u043c\u043d\u043e-\u043a\u043e\u0440\u0438\u0447\u043d\u0435\u0432\u044b\u0435 \u0434\u043b\u044f \u0442\u0443\u0440\u0438\u0441\u0442\u043e\u0432 \u0438 \u0430\u043b\u044c\u043f\u0438\u043d\u0438\u0441\u0442\u043e\u0432 \u043d\u0430 \u0441\u0442\u0440\u0430\u043d\u0438\u0446\u0435 \u043e \u0431\u043e\u0442\u0438\u043d\u043a\u0430\u0445 \u0434\u043b\u044f \u0430\u043a\u0442\u0438\u0432\u043d\u043e\u0433\u043e \u043e\u0431\u0440\u0430\u0437\u0430 \u0436\u0438\u0437\u043d\u0438 \u0438 \u043f\u0443\u0442\u0435\u0448\u0435\u0441\u0442\u0432\u0438\u0439\"},{\"@type\":\"BreadcrumbList\",\"@id\":\"https:\\\/\\\/xstyle.md\\\/product\\\/botinki-asolo-drifter-gv-evo-dark-brown\\\/#breadcrumb\",\"itemListElement\":[{\"@type\":\"ListItem\",\"position\":1,\"name\":\"\u0413\u043b\u0430\u0432\u043d\u0430\u044f \u0441\u0442\u0440\u0430\u043d\u0438\u0446\u0430\",\"item\":\"https:\\\/\\\/xstyle.md\\\/\"},{\"@type\":\"ListItem\",\"position\":2,\"name\":\"\u041c\u0430\u0433\u0430\u0437\u0438\u043d\",\"item\":\"https:\\\/\\\/xstyle.md\\\/shop\\\/\"},{\"@type\":\"ListItem\",\"position\":3,\"name\":\"\u0411\u043e\u0442\u0438\u043d\u043a\u0438 Asolo Drifter GV EVO dark brown\"}]},{\"@type\":\"WebSite\",\"@id\":\"https:\\\/\\\/xstyle.md\\\/#website\",\"url\":\"https:\\\/\\\/xstyle.md\\\/\",\"name\":\"\u041c\u0430\u0433\u0430\u0437\u0438\u043d Xstyle\",\"description\":\"C\u043d\u0430\u0440\u044f\u0436\u0435\u043d\u0438\u0435 \u0434\u043b\u044f \u0442\u0443\u0440\u0438\u0437\u043c\u0430 \u0438 \u044d\u043a\u0441\u0442\u0440\u0435\u043c\u0430\u043b\u044c\u043d\u044b\u0445 \u0432\u0438\u0434\u043e\u0432 \u0441\u043f\u043e\u0440\u0442\u0430 \u0432 \u041c\u043e\u043b\u0434\u043e\u0432\u0435.. \u0426\u0435\u043d\u044b, \u0444\u043e\u0442\u043e, \u0445\u0430\u0440\u0430\u043a\u0442\u0435\u0440\u0438\u0441\u0442\u0438\u043a\u0438 \u0432 \u041c\u043e\u043b\u0434\u043e\u0432\u0435.\",\"publisher\":{\"@id\":\"https:\\\/\\\/xstyle.md\\\/#organization\"},\"alternateName\":\"X-Style\",\"potentialAction\":[{\"@type\":\"SearchAction\",\"target\":{\"@type\":\"EntryPoint\",\"urlTemplate\":\"https:\\\/\\\/xstyle.md\\\/?s={search_term_string}\"},\"query-input\":{\"@type\":\"PropertyValueSpecification\",\"valueRequired\":true,\"valueName\":\"search_term_string\"}}],\"inLanguage\":\"ro-RO\"},{\"@type\":\"Organization\",\"@id\":\"https:\\\/\\\/xstyle.md\\\/#organization\",\"name\":\"\u041c\u0430\u0433\u0430\u0437\u0438\u043d Xstyle\",\"alternateName\":\"x-style\",\"url\":\"https:\\\/\\\/xstyle.md\\\/\",\"logo\":{\"@type\":\"ImageObject\",\"inLanguage\":\"ro-RO\",\"@id\":\"https:\\\/\\\/xstyle.md\\\/#\\\/schema\\\/logo\\\/image\\\/\",\"url\":\"https:\\\/\\\/xstyle.md\\\/wp-content\\\/uploads\\\/2020\\\/06\\\/logoicon.svg\",\"contentUrl\":\"https:\\\/\\\/xstyle.md\\\/wp-content\\\/uploads\\\/2020\\\/06\\\/logoicon.svg\",\"caption\":\"\u041c\u0430\u0433\u0430\u0437\u0438\u043d Xstyle\"},\"image\":{\"@id\":\"https:\\\/\\\/xstyle.md\\\/#\\\/schema\\\/logo\\\/image\\\/\"},\"sameAs\":[\"https:\\\/\\\/www.facebook.com\\\/xstylemd\",\"https:\\\/\\\/www.instagram.com\\\/xstyle_md\\\/\",\"https:\\\/\\\/t.me\\\/xstyle_outdoor\"],\"hasMerchantReturnPolicy\":{\"@type\":\"MerchantReturnPolicy\",\"merchantReturnLink\":\"https:\\\/\\\/xstyle.md\\\/ro\\\/conditions\\\/\"}}]}<\/script>\n<meta property=\"product:price:amount\" content=\"5390.00\" \/>\n<meta property=\"product:price:currency\" content=\"MDL\" \/>\n<meta property=\"og:availability\" content=\"instock\" \/>\n<meta property=\"product:availability\" content=\"instock\" \/>\n<meta property=\"product:retailer_item_id\" content=\"8026948980602\" \/>\n<meta property=\"product:condition\" content=\"new\" \/>\n<!-- \/ Yoast SEO plugin. -->","yoast_head_json":{"title":"Bocanci Asolo Drifter GV EVO dark brown - Magazin Xstyle","description":"Descoperi\u021bi lumea aventurii cu botinele Asolo Drifter GV EVO de culoare brown \u00eenchis. Sunt ideale pentru drume\u021bii lungi \u0219i confort la fiecare pas!","robots":{"index":"index","follow":"follow","max-snippet":"max-snippet:-1","max-image-preview":"max-image-preview:large","max-video-preview":"max-video-preview:-1"},"canonical":"https:\/\/xstyle.md\/ro\/produs\/botinki-asolo-drifter-gv-evo-dark-brown\/","og_locale":"ro_RO","og_type":"article","og_title":"\u0411\u043e\u0442\u0438\u043d\u043a\u0438 Asolo Drifter GV EVO dark brown - \u041c\u0430\u0433\u0430\u0437\u0438\u043d Xstyle","og_description":"\u041e\u0442\u043a\u0440\u043e\u0439\u0442\u0435 \u043c\u0438\u0440 \u043f\u0440\u0438\u043a\u043b\u044e\u0447\u0435\u043d\u0438\u0439 \u0441 \u0431\u043e\u0442\u0438\u043d\u043a\u0430\u043c\u0438 Asolo Drifter GV EVO \u0442\u0435\u043c\u043d\u043e-\u043a\u043e\u0440\u0438\u0447\u043d\u0435\u0432\u043e\u0433\u043e \u0446\u0432\u0435\u0442\u0430. \u0418\u0434\u0435\u0430\u043b\u044c\u043d\u044b \u0434\u043b\u044f \u0434\u043e\u043b\u0433\u0438\u0445 \u043f\u043e\u0445\u043e\u0434\u043e\u0432 \u0438 \u043a\u043e\u043c\u0444\u043e\u0440\u0442\u0430 \u043d\u0430 \u043a\u0430\u0436\u0434\u043e\u043c \u0448\u0430\u0433\u0443!","og_url":"https:\/\/xstyle.md\/ro\/produs\/botinki-asolo-drifter-gv-evo-dark-brown\/","og_site_name":"\u041c\u0430\u0433\u0430\u0437\u0438\u043d Xstyle","article_publisher":"https:\/\/www.facebook.com\/xstylemd","article_modified_time":"2026-03-19T13:49:29+00:00","og_image":[{"width":1400,"height":1096,"url":"https:\/\/xstyle.md\/wp-content\/uploads\/2022\/09\/asolo-drifter-gv-evo-dark-brown.jpg","type":"image\/jpeg"}],"twitter_card":"summary_large_image","twitter_misc":{"Pre\u021b":"5.390&nbsp;MDL","Disponibilitate":"\u00cen stoc"},"schema":{"@context":"https:\/\/schema.org","@graph":[{"@type":"WebPage","@id":"https:\/\/xstyle.md\/product\/botinki-asolo-drifter-gv-evo-dark-brown\/","url":"https:\/\/xstyle.md\/product\/botinki-asolo-drifter-gv-evo-dark-brown\/","name":"Bocanci Asolo Drifter GV EVO dark brown - Magazin Xstyle","isPartOf":{"@id":"https:\/\/xstyle.md\/#website"},"primaryImageOfPage":{"@id":"https:\/\/xstyle.md\/product\/botinki-asolo-drifter-gv-evo-dark-brown\/#primaryimage"},"image":{"@id":"https:\/\/xstyle.md\/product\/botinki-asolo-drifter-gv-evo-dark-brown\/#primaryimage"},"thumbnailUrl":"https:\/\/xstyle.md\/wp-content\/uploads\/2022\/09\/asolo-drifter-gv-evo-dark-brown.jpg","datePublished":"2022-09-02T15:36:32+00:00","dateModified":"2026-03-19T13:49:29+00:00","description":"Descoperi\u021bi lumea aventurii cu botinele Asolo Drifter GV EVO de culoare brown \u00eenchis. Sunt ideale pentru drume\u021bii lungi \u0219i confort la fiecare pas!","breadcrumb":{"@id":"https:\/\/xstyle.md\/product\/botinki-asolo-drifter-gv-evo-dark-brown\/#breadcrumb"},"inLanguage":"ro-RO","potentialAction":[{"@type":"ReadAction","target":["https:\/\/xstyle.md\/product\/botinki-asolo-drifter-gv-evo-dark-brown\/"]}]},{"@type":"ImageObject","inLanguage":"ro-RO","@id":"https:\/\/xstyle.md\/product\/botinki-asolo-drifter-gv-evo-dark-brown\/#primaryimage","url":"https:\/\/xstyle.md\/wp-content\/uploads\/2022\/09\/asolo-drifter-gv-evo-dark-brown.jpg","contentUrl":"https:\/\/xstyle.md\/wp-content\/uploads\/2022\/09\/asolo-drifter-gv-evo-dark-brown.jpg","width":1400,"height":1096,"caption":"\u041e\u0431\u0443\u0432\u044c \u0434\u043b\u044f \u0430\u043a\u0442\u0438\u0432\u043d\u043e\u0433\u043e \u043e\u0442\u0434\u044b\u0445\u0430 \u0438 \u043f\u043e\u0445\u043e\u0434\u043e\u0432 \u0431\u043e\u0442\u0438\u043d\u043a\u0438 Asolo Drifter GV EVO \u0442\u0435\u043c\u043d\u043e-\u043a\u043e\u0440\u0438\u0447\u043d\u0435\u0432\u044b\u0435 \u0434\u043b\u044f \u0442\u0443\u0440\u0438\u0441\u0442\u043e\u0432 \u0438 \u0430\u043b\u044c\u043f\u0438\u043d\u0438\u0441\u0442\u043e\u0432 \u043d\u0430 \u0441\u0442\u0440\u0430\u043d\u0438\u0446\u0435 \u043e \u0431\u043e\u0442\u0438\u043d\u043a\u0430\u0445 \u0434\u043b\u044f \u0430\u043a\u0442\u0438\u0432\u043d\u043e\u0433\u043e \u043e\u0431\u0440\u0430\u0437\u0430 \u0436\u0438\u0437\u043d\u0438 \u0438 \u043f\u0443\u0442\u0435\u0448\u0435\u0441\u0442\u0432\u0438\u0439"},{"@type":"BreadcrumbList","@id":"https:\/\/xstyle.md\/product\/botinki-asolo-drifter-gv-evo-dark-brown\/#breadcrumb","itemListElement":[{"@type":"ListItem","position":1,"name":"\u0413\u043b\u0430\u0432\u043d\u0430\u044f \u0441\u0442\u0440\u0430\u043d\u0438\u0446\u0430","item":"https:\/\/xstyle.md\/"},{"@type":"ListItem","position":2,"name":"\u041c\u0430\u0433\u0430\u0437\u0438\u043d","item":"https:\/\/xstyle.md\/shop\/"},{"@type":"ListItem","position":3,"name":"\u0411\u043e\u0442\u0438\u043d\u043a\u0438 Asolo Drifter GV EVO dark brown"}]},{"@type":"WebSite","@id":"https:\/\/xstyle.md\/#website","url":"https:\/\/xstyle.md\/","name":"Magazinul X-Style","description":"Echipamente pentru turism \u0219i sporturi extreme \u00een Moldova. Pre\u021buri, fotografii, caracteristici \u00een Moldova.","publisher":{"@id":"https:\/\/xstyle.md\/#organization"},"alternateName":"X-Style","potentialAction":[{"@type":"SearchAction","target":{"@type":"EntryPoint","urlTemplate":"https:\/\/xstyle.md\/?s={search_term_string}"},"query-input":{"@type":"PropertyValueSpecification","valueRequired":true,"valueName":"search_term_string"}}],"inLanguage":"ro-RO"},{"@type":"Organization","@id":"https:\/\/xstyle.md\/#organization","name":"Magazinul X-Style","alternateName":"x-style","url":"https:\/\/xstyle.md\/","logo":{"@type":"ImageObject","inLanguage":"ro-RO","@id":"https:\/\/xstyle.md\/#\/schema\/logo\/image\/","url":"https:\/\/xstyle.md\/wp-content\/uploads\/2020\/06\/logoicon.svg","contentUrl":"https:\/\/xstyle.md\/wp-content\/uploads\/2020\/06\/logoicon.svg","caption":"\u041c\u0430\u0433\u0430\u0437\u0438\u043d Xstyle"},"image":{"@id":"https:\/\/xstyle.md\/#\/schema\/logo\/image\/"},"sameAs":["https:\/\/www.facebook.com\/xstylemd","https:\/\/www.instagram.com\/xstyle_md\/","https:\/\/t.me\/xstyle_outdoor"],"hasMerchantReturnPolicy":{"@type":"MerchantReturnPolicy","merchantReturnLink":"https:\/\/xstyle.md\/ro\/conditions\/"}}]},"product_price_amount":"5390.00","product_price_currency":"MDL","og_availability":"instock","product_availability":"instock","product_retailer_item_id":"8026948980602","product_condition":"new"},"post_mailing_queue_ids":[],"_links":{"self":[{"href":"https:\/\/xstyle.md\/ro\/wp-json\/wp\/v2\/product\/54026","targetHints":{"allow":["GET"]}}],"collection":[{"href":"https:\/\/xstyle.md\/ro\/wp-json\/wp\/v2\/product"}],"about":[{"href":"https:\/\/xstyle.md\/ro\/wp-json\/wp\/v2\/types\/product"}],"replies":[{"embeddable":true,"href":"https:\/\/xstyle.md\/ro\/wp-json\/wp\/v2\/comments?post=54026"}],"wp:featuredmedia":[{"embeddable":true,"href":"https:\/\/xstyle.md\/ro\/wp-json\/wp\/v2\/media\/54865"}],"wp:attachment":[{"href":"https:\/\/xstyle.md\/ro\/wp-json\/wp\/v2\/media?parent=54026"}],"wp:term":[{"taxonomy":"product_brand","embeddable":true,"href":"https:\/\/xstyle.md\/ro\/wp-json\/wp\/v2\/product_brand?post=54026"},{"taxonomy":"product_cat","embeddable":true,"href":"https:\/\/xstyle.md\/ro\/wp-json\/wp\/v2\/product_cat?post=54026"},{"taxonomy":"product_tag","embeddable":true,"href":"https:\/\/xstyle.md\/ro\/wp-json\/wp\/v2\/product_tag?post=54026"}],"curies":[{"name":"wp","href":"https:\/\/api.w.org\/{rel}","templated":true}]}}