{"id":54012,"date":"2022-09-02T18:36:30","date_gmt":"2022-09-02T15:36:30","guid":{"rendered":"https:\/\/xstyle.md\/?post_type=product&#038;p=54012"},"modified":"2024-10-21T08:49:26","modified_gmt":"2024-10-21T05:49:26","slug":"veloperchatki-lynx-expert-mint","status":"publish","type":"product","link":"https:\/\/xstyle.md\/ro\/produs\/veloperchatki-lynx-expert-mint\/","title":{"rendered":"M\u0103nu\u0219i Lynx Expert mint"},"content":{"rendered":"<\/p>\n<p><strong>Lynx Expert mint<\/strong> &#8212; m\u0103nu\u0219i de ciclism cu inser\u021bie de gel moale \u0219i partea superioar\u0103 din lycra. Inser\u021bii speciale de gel pe palme pentru un confort sporit \u0219i reducerea oboselii m\u00e2inilor. G\u0103urile de ventila\u021bie sunt bine aerisite, f\u0103c\u00e2nd c\u0103l\u0103toria \u00eentr-o zi c\u0103lduroas\u0103 de var\u0103 \u0219i mai pl\u0103cut\u0103. Inser\u021bia pentru degetul mare ajut\u0103 la eliminarea transpira\u021biei de pe fa\u021b\u0103. Exist\u0103, de asemenea, c\u00e2rlige pentru \u00eendep\u0103rtarea rapid\u0103 \u0219i u\u0219oar\u0103 a m\u0103nu\u0219ilor.<\/p>\n<h3>Particularit\u0103\u021bi<\/h3>\n<ul>\n<li>Black Noban \u2013 palma din piele sintetic\u0103 neagr\u0103<\/li>\n<li>Gel Inserts \u2013 inser\u021bii de gel pentru confort maxim<\/li>\n<li>Lycra Mesh \u2013 stretch mesh top pentru ventila\u021bie suplimentar\u0103<\/li>\n<li>Quick release \u2013\u00a0c\u00e2rlige pentru \u00eendep\u0103rtarea rapid\u0103 \u0219i u\u0219oar\u0103 a m\u0103nu\u0219ilor<\/li>\n<li>Micro Fiber Towel \u2013 inser\u021bie c\u0103ptu\u0219it\u0103 de \u0219tergere a transpira\u021biei<\/li>\n<\/ul>\n<h3>Caracteristici<\/h3>\n<ul>\n<li>Material &#8212; nylon<\/li>\n<li>Tip &#8212; v\u00e2rf scurt<\/li>\n<li>Sezon \u2014 vara<\/li>\n<li>Model \u2014 unisex<\/li>\n<\/ul>\n<p><\/p>","protected":false},"excerpt":{"rendered":"","protected":false},"featured_media":86440,"comment_status":"open","ping_status":"closed","template":"","meta":{"_acf_changed":false,"inline_featured_image":false},"product_brand":[1363],"product_cat":[886],"product_tag":[],"class_list":{"0":"post-54012","1":"product","2":"type-product","3":"status-publish","4":"has-post-thumbnail","6":"product_brand-lynx","7":"product_cat-manusi-de-ciclism","9":"first","10":"instock","11":"shipping-taxable","12":"purchasable","13":"product-type-simple"},"acf":[],"yoast_head":"<!-- This site is optimized with the Yoast SEO plugin v27.2 - https:\/\/yoast.com\/product\/yoast-seo-wordpress\/ -->\n<title>\u0412\u0435\u043b\u043e\u043f\u0435\u0440\u0447\u0430\u0442\u043a\u0438 Lynx Expert mint - \u041c\u0430\u0433\u0430\u0437\u0438\u043d Xstyle<\/title>\n<meta name=\"description\" content=\"\u0412\u0435\u043b\u043e\u043f\u0435\u0440\u0447\u0430\u0442\u043a\u0438 Lynx Expert mint \u0441 \u0433\u0435\u043b\u0435\u0432\u044b\u043c\u0438 \u0432\u0441\u0442\u0430\u0432\u043a\u0430\u043c\u0438 \u0438 \u0432\u0435\u0440\u0445\u043e\u043c \u0438\u0437 \u043b\u0430\u0439\u043a\u0440\u044b \u043e\u0431\u0435\u0441\u043f\u0435\u0447\u0438\u0432\u0430\u044e\u0442 \u043a\u043e\u043c\u0444\u043e\u0440\u0442 \u0438 \u0432\u0435\u043d\u0442\u0438\u043b\u044f\u0446\u0438\u044e. \u0418\u0434\u0435\u0430\u043b\u044c\u043d\u044b \u0434\u043b\u044f \u0436\u0430\u0440\u043a\u0438\u0445 \u043b\u0435\u0442\u043d\u0438\u0445 \u043f\u043e\u043a\u0430\u0442\u043e\u0432!\" \/>\n<meta name=\"robots\" content=\"index, follow, max-snippet:-1, max-image-preview:large, max-video-preview:-1\" \/>\n<link rel=\"canonical\" href=\"https:\/\/xstyle.md\/ro\/produs\/veloperchatki-lynx-expert-mint\/\" \/>\n<meta property=\"og:locale\" content=\"ro_RO\" \/>\n<meta property=\"og:type\" content=\"article\" \/>\n<meta property=\"og:title\" content=\"\u0412\u0435\u043b\u043e\u043f\u0435\u0440\u0447\u0430\u0442\u043a\u0438 Lynx Expert mint - \u041c\u0430\u0433\u0430\u0437\u0438\u043d Xstyle\" \/>\n<meta property=\"og:description\" content=\"\u0412\u0435\u043b\u043e\u043f\u0435\u0440\u0447\u0430\u0442\u043a\u0438 Lynx Expert mint \u0441 \u0433\u0435\u043b\u0435\u0432\u044b\u043c\u0438 \u0432\u0441\u0442\u0430\u0432\u043a\u0430\u043c\u0438 \u0438 \u0432\u0435\u0440\u0445\u043e\u043c \u0438\u0437 \u043b\u0430\u0439\u043a\u0440\u044b \u043e\u0431\u0435\u0441\u043f\u0435\u0447\u0438\u0432\u0430\u044e\u0442 \u043a\u043e\u043c\u0444\u043e\u0440\u0442 \u0438 \u0432\u0435\u043d\u0442\u0438\u043b\u044f\u0446\u0438\u044e. \u0418\u0434\u0435\u0430\u043b\u044c\u043d\u044b \u0434\u043b\u044f \u0436\u0430\u0440\u043a\u0438\u0445 \u043b\u0435\u0442\u043d\u0438\u0445 \u043f\u043e\u043a\u0430\u0442\u043e\u0432!\" \/>\n<meta property=\"og:url\" content=\"https:\/\/xstyle.md\/ro\/produs\/veloperchatki-lynx-expert-mint\/\" \/>\n<meta property=\"og:site_name\" content=\"\u041c\u0430\u0433\u0430\u0437\u0438\u043d Xstyle\" \/>\n<meta property=\"article:publisher\" content=\"https:\/\/www.facebook.com\/xstylemd\" \/>\n<meta property=\"article:modified_time\" content=\"2024-10-21T05:49:26+00:00\" \/>\n<meta property=\"og:image\" content=\"https:\/\/xstyle.md\/wp-content\/uploads\/2022\/09\/lynx-expert-mint-0.jpg\" \/>\n\t<meta property=\"og:image:width\" content=\"500\" \/>\n\t<meta property=\"og:image:height\" content=\"455\" \/>\n\t<meta property=\"og:image:type\" content=\"image\/jpeg\" \/>\n<meta name=\"twitter:card\" content=\"summary_large_image\" \/>\n<meta name=\"twitter:label1\" content=\"Pre\u021b\" \/>\n\t<meta name=\"twitter:data1\" content=\"270&nbsp;MDL\" \/>\n\t<meta name=\"twitter:label2\" content=\"Disponibilitate\" \/>\n\t<meta name=\"twitter:data2\" content=\"\u00cen stoc\" \/>\n<script type=\"application\/ld+json\" class=\"yoast-schema-graph\">{\"@context\":\"https:\/\/schema.org\",\"@graph\":[{\"@type\":\"WebPage\",\"@id\":\"https:\/\/xstyle.md\/product\/veloperchatki-lynx-expert-mint\/\",\"url\":\"https:\/\/xstyle.md\/product\/veloperchatki-lynx-expert-mint\/\",\"name\":\"\u0412\u0435\u043b\u043e\u043f\u0435\u0440\u0447\u0430\u0442\u043a\u0438 Lynx Expert mint - \u041c\u0430\u0433\u0430\u0437\u0438\u043d Xstyle\",\"isPartOf\":{\"@id\":\"https:\/\/xstyle.md\/#website\"},\"primaryImageOfPage\":{\"@id\":\"https:\/\/xstyle.md\/product\/veloperchatki-lynx-expert-mint\/#primaryimage\"},\"image\":{\"@id\":\"https:\/\/xstyle.md\/product\/veloperchatki-lynx-expert-mint\/#primaryimage\"},\"thumbnailUrl\":\"https:\/\/xstyle.md\/wp-content\/uploads\/2022\/09\/lynx-expert-mint-0.jpg\",\"datePublished\":\"2022-09-02T15:36:30+00:00\",\"dateModified\":\"2024-10-21T05:49:26+00:00\",\"description\":\"\u0412\u0435\u043b\u043e\u043f\u0435\u0440\u0447\u0430\u0442\u043a\u0438 Lynx Expert mint \u0441 \u0433\u0435\u043b\u0435\u0432\u044b\u043c\u0438 \u0432\u0441\u0442\u0430\u0432\u043a\u0430\u043c\u0438 \u0438 \u0432\u0435\u0440\u0445\u043e\u043c \u0438\u0437 \u043b\u0430\u0439\u043a\u0440\u044b \u043e\u0431\u0435\u0441\u043f\u0435\u0447\u0438\u0432\u0430\u044e\u0442 \u043a\u043e\u043c\u0444\u043e\u0440\u0442 \u0438 \u0432\u0435\u043d\u0442\u0438\u043b\u044f\u0446\u0438\u044e. \u0418\u0434\u0435\u0430\u043b\u044c\u043d\u044b \u0434\u043b\u044f \u0436\u0430\u0440\u043a\u0438\u0445 \u043b\u0435\u0442\u043d\u0438\u0445 \u043f\u043e\u043a\u0430\u0442\u043e\u0432!\",\"breadcrumb\":{\"@id\":\"https:\/\/xstyle.md\/product\/veloperchatki-lynx-expert-mint\/#breadcrumb\"},\"inLanguage\":\"ro-RO\",\"potentialAction\":[{\"@type\":\"ReadAction\",\"target\":[\"https:\/\/xstyle.md\/product\/veloperchatki-lynx-expert-mint\/\"]}]},{\"@type\":\"ImageObject\",\"inLanguage\":\"ro-RO\",\"@id\":\"https:\/\/xstyle.md\/product\/veloperchatki-lynx-expert-mint\/#primaryimage\",\"url\":\"https:\/\/xstyle.md\/wp-content\/uploads\/2022\/09\/lynx-expert-mint-0.jpg\",\"contentUrl\":\"https:\/\/xstyle.md\/wp-content\/uploads\/2022\/09\/lynx-expert-mint-0.jpg\",\"width\":500,\"height\":455,\"caption\":\"\u0412\u0435\u043b\u043e\u043f\u0435\u0440\u0447\u0430\u0442\u043a\u0438 Lynx Expert mint \u0434\u043b\u044f \u0430\u043a\u0442\u0438\u0432\u043d\u043e\u0433\u043e \u043e\u0442\u0434\u044b\u0445\u0430, \u0442\u0443\u0440\u0438\u0437\u043c\u0430, \u0430\u043b\u044c\u043f\u0438\u043d\u0438\u0437\u043c\u0430, \u043f\u043e\u0445\u043e\u0434\u043e\u0432, \u043e\u0434\u0435\u0436\u0434\u044b \u0438 \u043e\u0431\u0443\u0432\u0438 \u0434\u043b\u044f \u043f\u0443\u0442\u0435\u0448\u0435\u0441\u0442\u0432\u0438\u0439\"},{\"@type\":\"BreadcrumbList\",\"@id\":\"https:\/\/xstyle.md\/product\/veloperchatki-lynx-expert-mint\/#breadcrumb\",\"itemListElement\":[{\"@type\":\"ListItem\",\"position\":1,\"name\":\"\u0413\u043b\u0430\u0432\u043d\u0430\u044f \u0441\u0442\u0440\u0430\u043d\u0438\u0446\u0430\",\"item\":\"https:\/\/xstyle.md\/\"},{\"@type\":\"ListItem\",\"position\":2,\"name\":\"\u041c\u0430\u0433\u0430\u0437\u0438\u043d\",\"item\":\"https:\/\/xstyle.md\/shop\/\"},{\"@type\":\"ListItem\",\"position\":3,\"name\":\"\u0412\u0435\u043b\u043e\u043f\u0435\u0440\u0447\u0430\u0442\u043a\u0438 Lynx Expert mint\"}]},{\"@type\":\"WebSite\",\"@id\":\"https:\/\/xstyle.md\/#website\",\"url\":\"https:\/\/xstyle.md\/\",\"name\":\"\u041c\u0430\u0433\u0430\u0437\u0438\u043d Xstyle\",\"description\":\"C\u043d\u0430\u0440\u044f\u0436\u0435\u043d\u0438\u0435 \u0434\u043b\u044f \u0442\u0443\u0440\u0438\u0437\u043c\u0430 \u0438 \u044d\u043a\u0441\u0442\u0440\u0435\u043c\u0430\u043b\u044c\u043d\u044b\u0445 \u0432\u0438\u0434\u043e\u0432 \u0441\u043f\u043e\u0440\u0442\u0430 \u0432 \u041c\u043e\u043b\u0434\u043e\u0432\u0435.. \u0426\u0435\u043d\u044b, \u0444\u043e\u0442\u043e, \u0445\u0430\u0440\u0430\u043a\u0442\u0435\u0440\u0438\u0441\u0442\u0438\u043a\u0438 \u0432 \u041c\u043e\u043b\u0434\u043e\u0432\u0435.\",\"publisher\":{\"@id\":\"https:\/\/xstyle.md\/#organization\"},\"alternateName\":\"X-Style\",\"potentialAction\":[{\"@type\":\"SearchAction\",\"target\":{\"@type\":\"EntryPoint\",\"urlTemplate\":\"https:\/\/xstyle.md\/?s={search_term_string}\"},\"query-input\":{\"@type\":\"PropertyValueSpecification\",\"valueRequired\":true,\"valueName\":\"search_term_string\"}}],\"inLanguage\":\"ro-RO\"},{\"@type\":\"Organization\",\"@id\":\"https:\/\/xstyle.md\/#organization\",\"name\":\"\u041c\u0430\u0433\u0430\u0437\u0438\u043d Xstyle\",\"alternateName\":\"x-style\",\"url\":\"https:\/\/xstyle.md\/\",\"logo\":{\"@type\":\"ImageObject\",\"inLanguage\":\"ro-RO\",\"@id\":\"https:\/\/xstyle.md\/#\/schema\/logo\/image\/\",\"url\":\"https:\/\/xstyle.md\/wp-content\/uploads\/2020\/06\/logoicon.svg\",\"contentUrl\":\"https:\/\/xstyle.md\/wp-content\/uploads\/2020\/06\/logoicon.svg\",\"caption\":\"\u041c\u0430\u0433\u0430\u0437\u0438\u043d Xstyle\"},\"image\":{\"@id\":\"https:\/\/xstyle.md\/#\/schema\/logo\/image\/\"},\"sameAs\":[\"https:\/\/www.facebook.com\/xstylemd\",\"https:\/\/www.instagram.com\/xstyle_md\/\",\"https:\/\/t.me\/xstyle_outdoor\"],\"hasMerchantReturnPolicy\":{\"@type\":\"MerchantReturnPolicy\",\"merchantReturnLink\":\"https:\/\/xstyle.md\/ro\/conditions\/\"}}]}<\/script>\n<meta property=\"product:price:amount\" content=\"270.00\" \/>\n<meta property=\"product:price:currency\" content=\"MDL\" \/>\n<meta property=\"og:availability\" content=\"instock\" \/>\n<meta property=\"product:availability\" content=\"instock\" \/>\n<meta property=\"product:retailer_item_id\" content=\"2000990053718\" \/>\n<meta property=\"product:condition\" content=\"new\" \/>\n<!-- \/ Yoast SEO plugin. -->","yoast_head_json":{"title":"M\u0103nu\u0219i Lynx Expert mint - Magazin Xstyle","description":"M\u00e2nu\u0219i de ciclism Lynx Expert mint cu inser\u021bii din gel \u0219i un material superior din lycra asigur\u0103 confort \u0219i ventila\u021bie. Ideale pentru plimb\u0103rile de var\u0103 c\u0103lduroase!","robots":{"index":"index","follow":"follow","max-snippet":"max-snippet:-1","max-image-preview":"max-image-preview:large","max-video-preview":"max-video-preview:-1"},"canonical":"https:\/\/xstyle.md\/ro\/produs\/veloperchatki-lynx-expert-mint\/","og_locale":"ro_RO","og_type":"article","og_title":"\u0412\u0435\u043b\u043e\u043f\u0435\u0440\u0447\u0430\u0442\u043a\u0438 Lynx Expert mint - \u041c\u0430\u0433\u0430\u0437\u0438\u043d Xstyle","og_description":"\u0412\u0435\u043b\u043e\u043f\u0435\u0440\u0447\u0430\u0442\u043a\u0438 Lynx Expert mint \u0441 \u0433\u0435\u043b\u0435\u0432\u044b\u043c\u0438 \u0432\u0441\u0442\u0430\u0432\u043a\u0430\u043c\u0438 \u0438 \u0432\u0435\u0440\u0445\u043e\u043c \u0438\u0437 \u043b\u0430\u0439\u043a\u0440\u044b \u043e\u0431\u0435\u0441\u043f\u0435\u0447\u0438\u0432\u0430\u044e\u0442 \u043a\u043e\u043c\u0444\u043e\u0440\u0442 \u0438 \u0432\u0435\u043d\u0442\u0438\u043b\u044f\u0446\u0438\u044e. \u0418\u0434\u0435\u0430\u043b\u044c\u043d\u044b \u0434\u043b\u044f \u0436\u0430\u0440\u043a\u0438\u0445 \u043b\u0435\u0442\u043d\u0438\u0445 \u043f\u043e\u043a\u0430\u0442\u043e\u0432!","og_url":"https:\/\/xstyle.md\/ro\/produs\/veloperchatki-lynx-expert-mint\/","og_site_name":"\u041c\u0430\u0433\u0430\u0437\u0438\u043d Xstyle","article_publisher":"https:\/\/www.facebook.com\/xstylemd","article_modified_time":"2024-10-21T05:49:26+00:00","og_image":[{"width":500,"height":455,"url":"https:\/\/xstyle.md\/wp-content\/uploads\/2022\/09\/lynx-expert-mint-0.jpg","type":"image\/jpeg"}],"twitter_card":"summary_large_image","twitter_misc":{"Pre\u021b":"270&nbsp;MDL","Disponibilitate":"\u00cen stoc"},"schema":{"@context":"https:\/\/schema.org","@graph":[{"@type":"WebPage","@id":"https:\/\/xstyle.md\/product\/veloperchatki-lynx-expert-mint\/","url":"https:\/\/xstyle.md\/product\/veloperchatki-lynx-expert-mint\/","name":"M\u0103nu\u0219i Lynx Expert mint - Magazin Xstyle","isPartOf":{"@id":"https:\/\/xstyle.md\/#website"},"primaryImageOfPage":{"@id":"https:\/\/xstyle.md\/product\/veloperchatki-lynx-expert-mint\/#primaryimage"},"image":{"@id":"https:\/\/xstyle.md\/product\/veloperchatki-lynx-expert-mint\/#primaryimage"},"thumbnailUrl":"https:\/\/xstyle.md\/wp-content\/uploads\/2022\/09\/lynx-expert-mint-0.jpg","datePublished":"2022-09-02T15:36:30+00:00","dateModified":"2024-10-21T05:49:26+00:00","description":"M\u00e2nu\u0219i de ciclism Lynx Expert mint cu inser\u021bii din gel \u0219i un material superior din lycra asigur\u0103 confort \u0219i ventila\u021bie. Ideale pentru plimb\u0103rile de var\u0103 c\u0103lduroase!","breadcrumb":{"@id":"https:\/\/xstyle.md\/product\/veloperchatki-lynx-expert-mint\/#breadcrumb"},"inLanguage":"ro-RO","potentialAction":[{"@type":"ReadAction","target":["https:\/\/xstyle.md\/product\/veloperchatki-lynx-expert-mint\/"]}]},{"@type":"ImageObject","inLanguage":"ro-RO","@id":"https:\/\/xstyle.md\/product\/veloperchatki-lynx-expert-mint\/#primaryimage","url":"https:\/\/xstyle.md\/wp-content\/uploads\/2022\/09\/lynx-expert-mint-0.jpg","contentUrl":"https:\/\/xstyle.md\/wp-content\/uploads\/2022\/09\/lynx-expert-mint-0.jpg","width":500,"height":455,"caption":"\u0412\u0435\u043b\u043e\u043f\u0435\u0440\u0447\u0430\u0442\u043a\u0438 Lynx Expert mint \u0434\u043b\u044f \u0430\u043a\u0442\u0438\u0432\u043d\u043e\u0433\u043e \u043e\u0442\u0434\u044b\u0445\u0430, \u0442\u0443\u0440\u0438\u0437\u043c\u0430, \u0430\u043b\u044c\u043f\u0438\u043d\u0438\u0437\u043c\u0430, \u043f\u043e\u0445\u043e\u0434\u043e\u0432, \u043e\u0434\u0435\u0436\u0434\u044b \u0438 \u043e\u0431\u0443\u0432\u0438 \u0434\u043b\u044f \u043f\u0443\u0442\u0435\u0448\u0435\u0441\u0442\u0432\u0438\u0439"},{"@type":"BreadcrumbList","@id":"https:\/\/xstyle.md\/product\/veloperchatki-lynx-expert-mint\/#breadcrumb","itemListElement":[{"@type":"ListItem","position":1,"name":"\u0413\u043b\u0430\u0432\u043d\u0430\u044f \u0441\u0442\u0440\u0430\u043d\u0438\u0446\u0430","item":"https:\/\/xstyle.md\/"},{"@type":"ListItem","position":2,"name":"\u041c\u0430\u0433\u0430\u0437\u0438\u043d","item":"https:\/\/xstyle.md\/shop\/"},{"@type":"ListItem","position":3,"name":"\u0412\u0435\u043b\u043e\u043f\u0435\u0440\u0447\u0430\u0442\u043a\u0438 Lynx Expert mint"}]},{"@type":"WebSite","@id":"https:\/\/xstyle.md\/#website","url":"https:\/\/xstyle.md\/","name":"Magazinul X-Style","description":"Echipamente pentru turism \u0219i sporturi extreme \u00een Moldova. Pre\u021buri, fotografii, caracteristici \u00een Moldova.","publisher":{"@id":"https:\/\/xstyle.md\/#organization"},"alternateName":"X-Style","potentialAction":[{"@type":"SearchAction","target":{"@type":"EntryPoint","urlTemplate":"https:\/\/xstyle.md\/?s={search_term_string}"},"query-input":{"@type":"PropertyValueSpecification","valueRequired":true,"valueName":"search_term_string"}}],"inLanguage":"ro-RO"},{"@type":"Organization","@id":"https:\/\/xstyle.md\/#organization","name":"Magazinul X-Style","alternateName":"x-style","url":"https:\/\/xstyle.md\/","logo":{"@type":"ImageObject","inLanguage":"ro-RO","@id":"https:\/\/xstyle.md\/#\/schema\/logo\/image\/","url":"https:\/\/xstyle.md\/wp-content\/uploads\/2020\/06\/logoicon.svg","contentUrl":"https:\/\/xstyle.md\/wp-content\/uploads\/2020\/06\/logoicon.svg","caption":"\u041c\u0430\u0433\u0430\u0437\u0438\u043d Xstyle"},"image":{"@id":"https:\/\/xstyle.md\/#\/schema\/logo\/image\/"},"sameAs":["https:\/\/www.facebook.com\/xstylemd","https:\/\/www.instagram.com\/xstyle_md\/","https:\/\/t.me\/xstyle_outdoor"],"hasMerchantReturnPolicy":{"@type":"MerchantReturnPolicy","merchantReturnLink":"https:\/\/xstyle.md\/ro\/conditions\/"}}]},"product_price_amount":"270.00","product_price_currency":"MDL","og_availability":"instock","product_availability":"instock","product_retailer_item_id":"2000990053718","product_condition":"new"},"post_mailing_queue_ids":[],"_links":{"self":[{"href":"https:\/\/xstyle.md\/ro\/wp-json\/wp\/v2\/product\/54012","targetHints":{"allow":["GET"]}}],"collection":[{"href":"https:\/\/xstyle.md\/ro\/wp-json\/wp\/v2\/product"}],"about":[{"href":"https:\/\/xstyle.md\/ro\/wp-json\/wp\/v2\/types\/product"}],"replies":[{"embeddable":true,"href":"https:\/\/xstyle.md\/ro\/wp-json\/wp\/v2\/comments?post=54012"}],"wp:featuredmedia":[{"embeddable":true,"href":"https:\/\/xstyle.md\/ro\/wp-json\/wp\/v2\/media\/86440"}],"wp:attachment":[{"href":"https:\/\/xstyle.md\/ro\/wp-json\/wp\/v2\/media?parent=54012"}],"wp:term":[{"taxonomy":"product_brand","embeddable":true,"href":"https:\/\/xstyle.md\/ro\/wp-json\/wp\/v2\/product_brand?post=54012"},{"taxonomy":"product_cat","embeddable":true,"href":"https:\/\/xstyle.md\/ro\/wp-json\/wp\/v2\/product_cat?post=54012"},{"taxonomy":"product_tag","embeddable":true,"href":"https:\/\/xstyle.md\/ro\/wp-json\/wp\/v2\/product_tag?post=54012"}],"curies":[{"name":"wp","href":"https:\/\/api.w.org\/{rel}","templated":true}]}}