{"id":5336,"date":"2020-07-16T20:31:27","date_gmt":"2020-07-16T17:31:27","guid":{"rendered":"https:\/\/xstyle.md\/product\/ortopedicheskaja-spinka"},"modified":"2026-03-19T16:33:09","modified_gmt":"2026-03-19T13:33:09","slug":"ortopedicheskaja-spinka","status":"publish","type":"product","link":"https:\/\/xstyle.md\/ro\/produs\/ortopedicheskaja-spinka\/","title":{"rendered":"Suport ergonomic pentru spate"},"content":{"rendered":"<\/p>\n<p><strong>Suport ergonomic pentru spate<\/strong><\/p>\n<p>Suportul lombar este special conceput pentru a sus\u021bine coloana lombar\u0103 inferioar\u0103 \u0219i pentru a v\u0103 ajuta s\u0103 v\u0103 corecta\u021bi postura f\u0103r\u0103 a interfera cu ventila\u021bia. Suprafa\u021ba de sprijin ortopedic\u0103 perforat\u0103 permite circula\u021bia liber\u0103 a aerului pentru ventila\u021bie, \u00een timp ce construc\u021bia robust\u0103 asigur\u0103 un sprijin lombar confortabil.<\/p>\n<p>Suport lombar ortopedic potrivit pentru utilizarea \u00een ma\u0219in\u0103, la birou \u0219i acas\u0103, u\u0219or de ata\u0219at la sp\u0103tarul scaunului de ma\u0219in\u0103 sau al scaunului de birou \u0219i fixat \u00een siguran\u021b\u0103 cu o band\u0103 elastic\u0103. Pute\u021bi regla \u00een\u0103l\u021bimea suportului astfel \u00eenc\u00e2t partea inferioar\u0103 a spatelui dvs. s\u0103 se simt\u0103 c\u00e2t mai confortabil.<\/p>\n<p>Scaunul ia forma exact\u0103 a corpului dumneavoastr\u0103, relax\u00e2ndu-v\u0103 astfel mu\u0219chii. Cu suport ergonomic pentru spate cu pern\u0103 ortopedic\u0103 v\u0103 ve\u021bi sim\u021bi \u00eentotdeauna confortabil \u00een scaunul dumneavoastr\u0103!<\/p>\n<p>O postur\u0103 s\u0103n\u0103toas\u0103 este extrem de important\u0103, deoarece chiar \u0219i cea mai mic\u0103 curbur\u0103 va distribui \u00een mod neuniform \u00eenc\u0103rc\u0103tura pe coloana vertebral\u0103, ceea ce va duce la o presiune excesiv\u0103 asupra mu\u0219chilor \u0219i articula\u021biilor. O pern\u0103 de scaun poate fi achizi\u021bionat\u0103 f\u0103r\u0103 team\u0103. Nu este un medicament, nu exist\u0103 o list\u0103 extins\u0103 de contraindica\u021bii.<\/p>\n<h3>Particularit\u0103\u021bi<\/h3>\n<ul>\n<li>Suport lombar confortabil<\/li>\n<li>\u021aes\u0103tur\u0103 perforat\u0103, respirabil\u0103<\/li>\n<li>Utilizare versatil\u0103: acas\u0103, la birou, \u00een ma\u0219in\u0103<\/li>\n<li>Design robust \u0219i durabil<\/li>\n<li>Band\u0103 elastic\u0103 pentru fixare.<\/li>\n<\/ul>\n<h3>Caracteristici<\/h3>\n<ul>\n<li>Material &#8212; poliester<\/li>\n<li>Dimensiuni &#8212; 40 x 39 cm.<\/li>\n<\/ul>\n<p><\/p>","protected":false},"excerpt":{"rendered":"<p>Suport ergonomic pentru spate<\/p>","protected":false},"featured_media":5335,"comment_status":"open","ping_status":"closed","template":"","meta":{"_acf_changed":false,"inline_featured_image":false},"product_brand":[1359],"product_cat":[120],"product_tag":[],"class_list":{"0":"post-5336","1":"product","2":"type-product","3":"status-publish","4":"has-post-thumbnail","6":"product_brand-bodhy-yoga","7":"product_cat-sun-loungers","9":"first","10":"instock","11":"shipping-taxable","12":"purchasable","13":"product-type-simple"},"acf":[],"yoast_head":"<!-- This site is optimized with the Yoast SEO plugin v27.2 - https:\/\/yoast.com\/product\/yoast-seo-wordpress\/ -->\n<title>\u041e\u0440\u0442\u043e\u043f\u0435\u0434\u0438\u0447\u0435\u0441\u043a\u0430\u044f \u0441\u043f\u0438\u043d\u043a\u0430 - \u041c\u0430\u0433\u0430\u0437\u0438\u043d Xstyle<\/title>\n<meta name=\"description\" content=\"\u041e\u0440\u0442\u043e\u043f\u0435\u0434\u0438\u0447\u0435\u0441\u043a\u0430\u044f \u0441\u043f\u0438\u043d\u043a\u0430 \u043e\u0431\u0435\u0441\u043f\u0435\u0447\u0438\u0432\u0430\u0435\u0442 \u043f\u043e\u0434\u0434\u0435\u0440\u0436\u043a\u0443 \u0434\u043b\u044f \u043f\u043e\u044f\u0441\u043d\u0438\u0446\u044b, \u0443\u043b\u0443\u0447\u0448\u0430\u044f \u043e\u0441\u0430\u043d\u043a\u0443. \u0418\u0434\u0435\u0430\u043b\u044c\u043d\u043e \u043f\u043e\u0434\u0445\u043e\u0434\u0438\u0442 \u0434\u043b\u044f \u0430\u0432\u0442\u043e\u043c\u043e\u0431\u0438\u043b\u044f, \u0433\u0430\u0440\u0430\u043d\u0442\u0438\u0440\u0443\u044f \u043a\u043e\u043c\u0444\u043e\u0440\u0442 \u0438 \u0432\u0435\u043d\u0442\u0438\u043b\u044f\u0446\u0438\u044e.\" \/>\n<meta name=\"robots\" content=\"index, follow, max-snippet:-1, max-image-preview:large, max-video-preview:-1\" \/>\n<link rel=\"canonical\" href=\"https:\/\/xstyle.md\/ro\/produs\/ortopedicheskaja-spinka\/\" \/>\n<meta property=\"og:locale\" content=\"ro_RO\" \/>\n<meta property=\"og:type\" content=\"article\" \/>\n<meta property=\"og:title\" content=\"\u041e\u0440\u0442\u043e\u043f\u0435\u0434\u0438\u0447\u0435\u0441\u043a\u0430\u044f \u0441\u043f\u0438\u043d\u043a\u0430 - \u041c\u0430\u0433\u0430\u0437\u0438\u043d Xstyle\" \/>\n<meta property=\"og:description\" content=\"\u041e\u0440\u0442\u043e\u043f\u0435\u0434\u0438\u0447\u0435\u0441\u043a\u0430\u044f \u0441\u043f\u0438\u043d\u043a\u0430 \u043e\u0431\u0435\u0441\u043f\u0435\u0447\u0438\u0432\u0430\u0435\u0442 \u043f\u043e\u0434\u0434\u0435\u0440\u0436\u043a\u0443 \u0434\u043b\u044f \u043f\u043e\u044f\u0441\u043d\u0438\u0446\u044b, \u0443\u043b\u0443\u0447\u0448\u0430\u044f \u043e\u0441\u0430\u043d\u043a\u0443. \u0418\u0434\u0435\u0430\u043b\u044c\u043d\u043e \u043f\u043e\u0434\u0445\u043e\u0434\u0438\u0442 \u0434\u043b\u044f \u0430\u0432\u0442\u043e\u043c\u043e\u0431\u0438\u043b\u044f, \u0433\u0430\u0440\u0430\u043d\u0442\u0438\u0440\u0443\u044f \u043a\u043e\u043c\u0444\u043e\u0440\u0442 \u0438 \u0432\u0435\u043d\u0442\u0438\u043b\u044f\u0446\u0438\u044e.\" \/>\n<meta property=\"og:url\" content=\"https:\/\/xstyle.md\/ro\/produs\/ortopedicheskaja-spinka\/\" \/>\n<meta property=\"og:site_name\" content=\"\u041c\u0430\u0433\u0430\u0437\u0438\u043d Xstyle\" \/>\n<meta property=\"article:publisher\" content=\"https:\/\/www.facebook.com\/xstylemd\" \/>\n<meta property=\"article:modified_time\" content=\"2026-03-19T13:33:09+00:00\" \/>\n<meta property=\"og:image\" content=\"https:\/\/xstyle.md\/wp-content\/uploads\/2020\/07\/yogalife_suport_ortopedic_lombar_1.jpg\" \/>\n\t<meta property=\"og:image:width\" content=\"506\" \/>\n\t<meta property=\"og:image:height\" content=\"514\" \/>\n\t<meta property=\"og:image:type\" content=\"image\/jpeg\" \/>\n<meta name=\"twitter:card\" content=\"summary_large_image\" \/>\n<meta name=\"twitter:label1\" content=\"Pre\u021b\" \/>\n\t<meta name=\"twitter:data1\" content=\"95&nbsp;MDL\" \/>\n\t<meta name=\"twitter:label2\" content=\"Disponibilitate\" \/>\n\t<meta name=\"twitter:data2\" content=\"\u00cen stoc\" \/>\n<script type=\"application\/ld+json\" class=\"yoast-schema-graph\">{\"@context\":\"https:\/\/schema.org\",\"@graph\":[{\"@type\":\"WebPage\",\"@id\":\"https:\/\/xstyle.md\/product\/ortopedicheskaja-spinka\/\",\"url\":\"https:\/\/xstyle.md\/product\/ortopedicheskaja-spinka\/\",\"name\":\"\u041e\u0440\u0442\u043e\u043f\u0435\u0434\u0438\u0447\u0435\u0441\u043a\u0430\u044f \u0441\u043f\u0438\u043d\u043a\u0430 - \u041c\u0430\u0433\u0430\u0437\u0438\u043d Xstyle\",\"isPartOf\":{\"@id\":\"https:\/\/xstyle.md\/#website\"},\"primaryImageOfPage\":{\"@id\":\"https:\/\/xstyle.md\/product\/ortopedicheskaja-spinka\/#primaryimage\"},\"image\":{\"@id\":\"https:\/\/xstyle.md\/product\/ortopedicheskaja-spinka\/#primaryimage\"},\"thumbnailUrl\":\"https:\/\/xstyle.md\/wp-content\/uploads\/2020\/07\/yogalife_suport_ortopedic_lombar_1.jpg\",\"datePublished\":\"2020-07-16T17:31:27+00:00\",\"dateModified\":\"2026-03-19T13:33:09+00:00\",\"description\":\"\u041e\u0440\u0442\u043e\u043f\u0435\u0434\u0438\u0447\u0435\u0441\u043a\u0430\u044f \u0441\u043f\u0438\u043d\u043a\u0430 \u043e\u0431\u0435\u0441\u043f\u0435\u0447\u0438\u0432\u0430\u0435\u0442 \u043f\u043e\u0434\u0434\u0435\u0440\u0436\u043a\u0443 \u0434\u043b\u044f \u043f\u043e\u044f\u0441\u043d\u0438\u0446\u044b, \u0443\u043b\u0443\u0447\u0448\u0430\u044f \u043e\u0441\u0430\u043d\u043a\u0443. \u0418\u0434\u0435\u0430\u043b\u044c\u043d\u043e \u043f\u043e\u0434\u0445\u043e\u0434\u0438\u0442 \u0434\u043b\u044f \u0430\u0432\u0442\u043e\u043c\u043e\u0431\u0438\u043b\u044f, \u0433\u0430\u0440\u0430\u043d\u0442\u0438\u0440\u0443\u044f \u043a\u043e\u043c\u0444\u043e\u0440\u0442 \u0438 \u0432\u0435\u043d\u0442\u0438\u043b\u044f\u0446\u0438\u044e.\",\"breadcrumb\":{\"@id\":\"https:\/\/xstyle.md\/product\/ortopedicheskaja-spinka\/#breadcrumb\"},\"inLanguage\":\"ro-RO\",\"potentialAction\":[{\"@type\":\"ReadAction\",\"target\":[\"https:\/\/xstyle.md\/product\/ortopedicheskaja-spinka\/\"]}]},{\"@type\":\"ImageObject\",\"inLanguage\":\"ro-RO\",\"@id\":\"https:\/\/xstyle.md\/product\/ortopedicheskaja-spinka\/#primaryimage\",\"url\":\"https:\/\/xstyle.md\/wp-content\/uploads\/2020\/07\/yogalife_suport_ortopedic_lombar_1.jpg\",\"contentUrl\":\"https:\/\/xstyle.md\/wp-content\/uploads\/2020\/07\/yogalife_suport_ortopedic_lombar_1.jpg\",\"width\":506,\"height\":514},{\"@type\":\"BreadcrumbList\",\"@id\":\"https:\/\/xstyle.md\/product\/ortopedicheskaja-spinka\/#breadcrumb\",\"itemListElement\":[{\"@type\":\"ListItem\",\"position\":1,\"name\":\"\u0413\u043b\u0430\u0432\u043d\u0430\u044f \u0441\u0442\u0440\u0430\u043d\u0438\u0446\u0430\",\"item\":\"https:\/\/xstyle.md\/\"},{\"@type\":\"ListItem\",\"position\":2,\"name\":\"\u041c\u0430\u0433\u0430\u0437\u0438\u043d\",\"item\":\"https:\/\/xstyle.md\/shop\/\"},{\"@type\":\"ListItem\",\"position\":3,\"name\":\"\u041e\u0440\u0442\u043e\u043f\u0435\u0434\u0438\u0447\u0435\u0441\u043a\u0430\u044f \u0441\u043f\u0438\u043d\u043a\u0430\"}]},{\"@type\":\"WebSite\",\"@id\":\"https:\/\/xstyle.md\/#website\",\"url\":\"https:\/\/xstyle.md\/\",\"name\":\"\u041c\u0430\u0433\u0430\u0437\u0438\u043d Xstyle\",\"description\":\"C\u043d\u0430\u0440\u044f\u0436\u0435\u043d\u0438\u0435 \u0434\u043b\u044f \u0442\u0443\u0440\u0438\u0437\u043c\u0430 \u0438 \u044d\u043a\u0441\u0442\u0440\u0435\u043c\u0430\u043b\u044c\u043d\u044b\u0445 \u0432\u0438\u0434\u043e\u0432 \u0441\u043f\u043e\u0440\u0442\u0430 \u0432 \u041c\u043e\u043b\u0434\u043e\u0432\u0435.. \u0426\u0435\u043d\u044b, \u0444\u043e\u0442\u043e, \u0445\u0430\u0440\u0430\u043a\u0442\u0435\u0440\u0438\u0441\u0442\u0438\u043a\u0438 \u0432 \u041c\u043e\u043b\u0434\u043e\u0432\u0435.\",\"publisher\":{\"@id\":\"https:\/\/xstyle.md\/#organization\"},\"alternateName\":\"X-Style\",\"potentialAction\":[{\"@type\":\"SearchAction\",\"target\":{\"@type\":\"EntryPoint\",\"urlTemplate\":\"https:\/\/xstyle.md\/?s={search_term_string}\"},\"query-input\":{\"@type\":\"PropertyValueSpecification\",\"valueRequired\":true,\"valueName\":\"search_term_string\"}}],\"inLanguage\":\"ro-RO\"},{\"@type\":\"Organization\",\"@id\":\"https:\/\/xstyle.md\/#organization\",\"name\":\"\u041c\u0430\u0433\u0430\u0437\u0438\u043d Xstyle\",\"alternateName\":\"x-style\",\"url\":\"https:\/\/xstyle.md\/\",\"logo\":{\"@type\":\"ImageObject\",\"inLanguage\":\"ro-RO\",\"@id\":\"https:\/\/xstyle.md\/#\/schema\/logo\/image\/\",\"url\":\"https:\/\/xstyle.md\/wp-content\/uploads\/2020\/06\/logoicon.svg\",\"contentUrl\":\"https:\/\/xstyle.md\/wp-content\/uploads\/2020\/06\/logoicon.svg\",\"caption\":\"\u041c\u0430\u0433\u0430\u0437\u0438\u043d Xstyle\"},\"image\":{\"@id\":\"https:\/\/xstyle.md\/#\/schema\/logo\/image\/\"},\"sameAs\":[\"https:\/\/www.facebook.com\/xstylemd\",\"https:\/\/www.instagram.com\/xstyle_md\/\",\"https:\/\/t.me\/xstyle_outdoor\"],\"hasMerchantReturnPolicy\":{\"@type\":\"MerchantReturnPolicy\",\"merchantReturnLink\":\"https:\/\/xstyle.md\/ro\/conditions\/\"}}]}<\/script>\n<meta property=\"product:price:amount\" content=\"95.00\" \/>\n<meta property=\"product:price:currency\" content=\"MDL\" \/>\n<meta property=\"og:availability\" content=\"instock\" \/>\n<meta property=\"product:availability\" content=\"instock\" \/>\n<meta property=\"product:retailer_item_id\" content=\"4841691000100\" \/>\n<meta property=\"product:condition\" content=\"new\" \/>\n<!-- \/ Yoast SEO plugin. -->","yoast_head_json":{"title":"Suport ergonomic pentru spate - Magazin Xstyle","description":"Sp\u0103tarul ortopedic ofer\u0103 suport pentru talie, \u00eembun\u0103t\u0103\u021bind postura. Este perfect pentru automobile, garant\u00e2nd confort \u0219i ventila\u021bie.","robots":{"index":"index","follow":"follow","max-snippet":"max-snippet:-1","max-image-preview":"max-image-preview:large","max-video-preview":"max-video-preview:-1"},"canonical":"https:\/\/xstyle.md\/ro\/produs\/ortopedicheskaja-spinka\/","og_locale":"ro_RO","og_type":"article","og_title":"\u041e\u0440\u0442\u043e\u043f\u0435\u0434\u0438\u0447\u0435\u0441\u043a\u0430\u044f \u0441\u043f\u0438\u043d\u043a\u0430 - \u041c\u0430\u0433\u0430\u0437\u0438\u043d Xstyle","og_description":"\u041e\u0440\u0442\u043e\u043f\u0435\u0434\u0438\u0447\u0435\u0441\u043a\u0430\u044f \u0441\u043f\u0438\u043d\u043a\u0430 \u043e\u0431\u0435\u0441\u043f\u0435\u0447\u0438\u0432\u0430\u0435\u0442 \u043f\u043e\u0434\u0434\u0435\u0440\u0436\u043a\u0443 \u0434\u043b\u044f \u043f\u043e\u044f\u0441\u043d\u0438\u0446\u044b, \u0443\u043b\u0443\u0447\u0448\u0430\u044f \u043e\u0441\u0430\u043d\u043a\u0443. \u0418\u0434\u0435\u0430\u043b\u044c\u043d\u043e \u043f\u043e\u0434\u0445\u043e\u0434\u0438\u0442 \u0434\u043b\u044f \u0430\u0432\u0442\u043e\u043c\u043e\u0431\u0438\u043b\u044f, \u0433\u0430\u0440\u0430\u043d\u0442\u0438\u0440\u0443\u044f \u043a\u043e\u043c\u0444\u043e\u0440\u0442 \u0438 \u0432\u0435\u043d\u0442\u0438\u043b\u044f\u0446\u0438\u044e.","og_url":"https:\/\/xstyle.md\/ro\/produs\/ortopedicheskaja-spinka\/","og_site_name":"\u041c\u0430\u0433\u0430\u0437\u0438\u043d Xstyle","article_publisher":"https:\/\/www.facebook.com\/xstylemd","article_modified_time":"2026-03-19T13:33:09+00:00","og_image":[{"width":506,"height":514,"url":"https:\/\/xstyle.md\/wp-content\/uploads\/2020\/07\/yogalife_suport_ortopedic_lombar_1.jpg","type":"image\/jpeg"}],"twitter_card":"summary_large_image","twitter_misc":{"Pre\u021b":"95&nbsp;MDL","Disponibilitate":"\u00cen stoc"},"schema":{"@context":"https:\/\/schema.org","@graph":[{"@type":"WebPage","@id":"https:\/\/xstyle.md\/product\/ortopedicheskaja-spinka\/","url":"https:\/\/xstyle.md\/product\/ortopedicheskaja-spinka\/","name":"Suport ergonomic pentru spate - Magazin Xstyle","isPartOf":{"@id":"https:\/\/xstyle.md\/#website"},"primaryImageOfPage":{"@id":"https:\/\/xstyle.md\/product\/ortopedicheskaja-spinka\/#primaryimage"},"image":{"@id":"https:\/\/xstyle.md\/product\/ortopedicheskaja-spinka\/#primaryimage"},"thumbnailUrl":"https:\/\/xstyle.md\/wp-content\/uploads\/2020\/07\/yogalife_suport_ortopedic_lombar_1.jpg","datePublished":"2020-07-16T17:31:27+00:00","dateModified":"2026-03-19T13:33:09+00:00","description":"Sp\u0103tarul ortopedic ofer\u0103 suport pentru talie, \u00eembun\u0103t\u0103\u021bind postura. Este perfect pentru automobile, garant\u00e2nd confort \u0219i ventila\u021bie.","breadcrumb":{"@id":"https:\/\/xstyle.md\/product\/ortopedicheskaja-spinka\/#breadcrumb"},"inLanguage":"ro-RO","potentialAction":[{"@type":"ReadAction","target":["https:\/\/xstyle.md\/product\/ortopedicheskaja-spinka\/"]}]},{"@type":"ImageObject","inLanguage":"ro-RO","@id":"https:\/\/xstyle.md\/product\/ortopedicheskaja-spinka\/#primaryimage","url":"https:\/\/xstyle.md\/wp-content\/uploads\/2020\/07\/yogalife_suport_ortopedic_lombar_1.jpg","contentUrl":"https:\/\/xstyle.md\/wp-content\/uploads\/2020\/07\/yogalife_suport_ortopedic_lombar_1.jpg","width":506,"height":514},{"@type":"BreadcrumbList","@id":"https:\/\/xstyle.md\/product\/ortopedicheskaja-spinka\/#breadcrumb","itemListElement":[{"@type":"ListItem","position":1,"name":"\u0413\u043b\u0430\u0432\u043d\u0430\u044f \u0441\u0442\u0440\u0430\u043d\u0438\u0446\u0430","item":"https:\/\/xstyle.md\/"},{"@type":"ListItem","position":2,"name":"\u041c\u0430\u0433\u0430\u0437\u0438\u043d","item":"https:\/\/xstyle.md\/shop\/"},{"@type":"ListItem","position":3,"name":"\u041e\u0440\u0442\u043e\u043f\u0435\u0434\u0438\u0447\u0435\u0441\u043a\u0430\u044f \u0441\u043f\u0438\u043d\u043a\u0430"}]},{"@type":"WebSite","@id":"https:\/\/xstyle.md\/#website","url":"https:\/\/xstyle.md\/","name":"Magazinul X-Style","description":"Echipamente pentru turism \u0219i sporturi extreme \u00een Moldova. Pre\u021buri, fotografii, caracteristici \u00een Moldova.","publisher":{"@id":"https:\/\/xstyle.md\/#organization"},"alternateName":"X-Style","potentialAction":[{"@type":"SearchAction","target":{"@type":"EntryPoint","urlTemplate":"https:\/\/xstyle.md\/?s={search_term_string}"},"query-input":{"@type":"PropertyValueSpecification","valueRequired":true,"valueName":"search_term_string"}}],"inLanguage":"ro-RO"},{"@type":"Organization","@id":"https:\/\/xstyle.md\/#organization","name":"Magazinul X-Style","alternateName":"x-style","url":"https:\/\/xstyle.md\/","logo":{"@type":"ImageObject","inLanguage":"ro-RO","@id":"https:\/\/xstyle.md\/#\/schema\/logo\/image\/","url":"https:\/\/xstyle.md\/wp-content\/uploads\/2020\/06\/logoicon.svg","contentUrl":"https:\/\/xstyle.md\/wp-content\/uploads\/2020\/06\/logoicon.svg","caption":"\u041c\u0430\u0433\u0430\u0437\u0438\u043d Xstyle"},"image":{"@id":"https:\/\/xstyle.md\/#\/schema\/logo\/image\/"},"sameAs":["https:\/\/www.facebook.com\/xstylemd","https:\/\/www.instagram.com\/xstyle_md\/","https:\/\/t.me\/xstyle_outdoor"],"hasMerchantReturnPolicy":{"@type":"MerchantReturnPolicy","merchantReturnLink":"https:\/\/xstyle.md\/ro\/conditions\/"}}]},"product_price_amount":"95.00","product_price_currency":"MDL","og_availability":"instock","product_availability":"instock","product_retailer_item_id":"4841691000100","product_condition":"new"},"post_mailing_queue_ids":[],"_links":{"self":[{"href":"https:\/\/xstyle.md\/ro\/wp-json\/wp\/v2\/product\/5336","targetHints":{"allow":["GET"]}}],"collection":[{"href":"https:\/\/xstyle.md\/ro\/wp-json\/wp\/v2\/product"}],"about":[{"href":"https:\/\/xstyle.md\/ro\/wp-json\/wp\/v2\/types\/product"}],"replies":[{"embeddable":true,"href":"https:\/\/xstyle.md\/ro\/wp-json\/wp\/v2\/comments?post=5336"}],"wp:featuredmedia":[{"embeddable":true,"href":"https:\/\/xstyle.md\/ro\/wp-json\/wp\/v2\/media\/5335"}],"wp:attachment":[{"href":"https:\/\/xstyle.md\/ro\/wp-json\/wp\/v2\/media?parent=5336"}],"wp:term":[{"taxonomy":"product_brand","embeddable":true,"href":"https:\/\/xstyle.md\/ro\/wp-json\/wp\/v2\/product_brand?post=5336"},{"taxonomy":"product_cat","embeddable":true,"href":"https:\/\/xstyle.md\/ro\/wp-json\/wp\/v2\/product_cat?post=5336"},{"taxonomy":"product_tag","embeddable":true,"href":"https:\/\/xstyle.md\/ro\/wp-json\/wp\/v2\/product_tag?post=5336"}],"curies":[{"name":"wp","href":"https:\/\/api.w.org\/{rel}","templated":true}]}}