{"id":5198,"date":"2020-07-16T20:25:19","date_gmt":"2020-07-16T17:25:19","guid":{"rendered":"https:\/\/xstyle.md\/product\/zamok-munkees-combination-lock-1"},"modified":"2025-02-18T18:30:08","modified_gmt":"2025-02-18T15:30:08","slug":"zamok-munkees-combination-lock-1","status":"publish","type":"product","link":"https:\/\/xstyle.md\/ro\/produs\/zamok-munkees-combination-lock-1\/","title":{"rendered":"L\u0103cat\u0103 pentru bagaje Munkees Combination Lock 1"},"content":{"rendered":"<\/p>\n<p>L\u0103cat\u0103 pentru bagaje <strong>Munkees Combination Lock 1<\/strong> acesta este proiectat \u00een culori str\u0103lucitoare, astfel \u00eenc\u00e2t s\u0103 \u00eei pute\u021bi observa \u00eentotdeauna prezen\u021ba. \u00cen culori str\u0103lucitoare &#8212; ve\u021bi putea mereu s\u0103 \u00eei z\u0103ri\u021bi prezen\u021ba. Cod u\u0219or de schimbat, instruc\u021biuni incluse.<\/p>\n<h3>Particularit\u0103\u021bi<\/h3>\n<ul>\n<li>Culoarea str\u0103lucitoare face ca \u00eencuietoarea s\u0103 fie vizibil\u0103 \u0219i ve\u021bi putea mereu s\u0103 o vede\u021bi.<\/li>\n<li>Compatibil cu aproape toate fermoarele cu dou\u0103 c\u0103i<\/li>\n<li>Foarte compact<\/li>\n<\/ul>\n<h3>Caracteristici<\/h3>\n<ul>\n<li>Greutate &#8212; 30 g<\/li>\n<li>Dimensiuni &#8212; 20 x 50 x 7 mm<\/li>\n<li>Lungimea buclei &#8212; 20 mm<\/li>\n<\/ul>\n<h3>Marca<\/h3>\n<p>Produsele Munkees sunt lucruri mici \u0219i utile care sunt \u00eentotdeauna acolo c\u00e2nd ai nevoie de ele. Este talismanul t\u0103u \u0219i \u00eel po\u021bi purta mereu cu tine pe breloc. S\u0103 alegi un cadou \u00eempreun\u0103 cu Munkees este o pl\u0103cere. Cunosc\u00e2nd hobby-urile prietenului t\u0103u (fie c\u0103 este vorba de fotbal, animale etc.), vei putea g\u0103si \u00eentotdeauna brelocul potrivit pentru el! Nu \u0219tii ce s\u0103 \u00eei oferi copilului prietenului t\u0103u? Niciun copil nu va r\u0103m\u00e2ne indiferent la aceste lucruri viu colorate! Aproape fiecare model este disponibil \u00een mai multe culori. Distreaz\u0103-te aleg\u00e2nd un breloc Munkees pentru tine sau pentru un prieten, fie c\u0103 este vorba de un desf\u0103c\u0103tor de sticle amuzant, de carabiniere decorative de diferite forme, de fluiere, de mini-tor\u021be \u0219i multe altele.<\/p>\n<p><\/p>","protected":false},"excerpt":{"rendered":"<p>L\u0103cat\u0103 pentru bagaje Munkees Combination Lock 1<\/p>","protected":false},"featured_media":27659,"comment_status":"open","ping_status":"closed","template":"","meta":{"_acf_changed":false,"inline_featured_image":false},"product_brand":[1287],"product_cat":[338,499],"product_tag":[],"class_list":{"0":"post-5198","1":"product","2":"type-product","3":"status-publish","4":"has-post-thumbnail","6":"product_brand-munkees","7":"product_cat-backpack-accessories","8":"product_cat-lock-for-luggage","10":"first","11":"outofstock","12":"shipping-taxable","13":"product-type-simple"},"acf":[],"yoast_head":"<!-- This site is optimized with the Yoast SEO plugin v27.2 - https:\/\/yoast.com\/product\/yoast-seo-wordpress\/ -->\n<title>\u0417\u0430\u043c\u043e\u043a \u0434\u043b\u044f \u0431\u0430\u0433\u0430\u0436\u0430 Munkees Combination Lock 1 - \u041c\u0430\u0433\u0430\u0437\u0438\u043d Xstyle<\/title>\n<meta name=\"description\" content=\"\u0417\u0430\u043c\u043e\u043a \u0434\u043b\u044f \u0431\u0430\u0433\u0430\u0436\u0430 Munkees Combination Lock 1 \u2014 \u044f\u0440\u043a\u0438\u0439 \u0438 \u0443\u0434\u043e\u0431\u043d\u044b\u0439 \u0437\u0430\u043c\u043e\u043a \u0441 \u043f\u0440\u043e\u0441\u0442\u044b\u043c \u0441\u043c\u0435\u043d\u043d\u044b\u043c \u043a\u043e\u0434\u043e\u043c. \u041f\u043e\u0434\u0434\u0435\u0440\u0436\u0438\u0442\u0435 \u0431\u0435\u0437\u043e\u043f\u0430\u0441\u043d\u043e\u0441\u0442\u044c \u0432\u0430\u0448\u0435\u0433\u043e \u0431\u0430\u0433\u0430\u0436\u0430 \u0441 \u044d\u0442\u0438\u043c \u0441\u0442\u0438\u043b\u044c\u043d\u044b\u043c \u0430\u043a\u0441\u0435\u0441\u0441\u0443\u0430\u0440\u043e\u043c!\" \/>\n<meta name=\"robots\" content=\"index, follow, max-snippet:-1, max-image-preview:large, max-video-preview:-1\" \/>\n<link rel=\"canonical\" href=\"https:\/\/xstyle.md\/ro\/produs\/zamok-munkees-combination-lock-1\/\" \/>\n<meta property=\"og:locale\" content=\"ro_RO\" \/>\n<meta property=\"og:type\" content=\"article\" \/>\n<meta property=\"og:title\" content=\"\u0417\u0430\u043c\u043e\u043a \u0434\u043b\u044f \u0431\u0430\u0433\u0430\u0436\u0430 Munkees Combination Lock 1 - \u041c\u0430\u0433\u0430\u0437\u0438\u043d Xstyle\" \/>\n<meta property=\"og:description\" content=\"\u0417\u0430\u043c\u043e\u043a \u0434\u043b\u044f \u0431\u0430\u0433\u0430\u0436\u0430 Munkees Combination Lock 1 \u2014 \u044f\u0440\u043a\u0438\u0439 \u0438 \u0443\u0434\u043e\u0431\u043d\u044b\u0439 \u0437\u0430\u043c\u043e\u043a \u0441 \u043f\u0440\u043e\u0441\u0442\u044b\u043c \u0441\u043c\u0435\u043d\u043d\u044b\u043c \u043a\u043e\u0434\u043e\u043c. \u041f\u043e\u0434\u0434\u0435\u0440\u0436\u0438\u0442\u0435 \u0431\u0435\u0437\u043e\u043f\u0430\u0441\u043d\u043e\u0441\u0442\u044c \u0432\u0430\u0448\u0435\u0433\u043e \u0431\u0430\u0433\u0430\u0436\u0430 \u0441 \u044d\u0442\u0438\u043c \u0441\u0442\u0438\u043b\u044c\u043d\u044b\u043c \u0430\u043a\u0441\u0435\u0441\u0441\u0443\u0430\u0440\u043e\u043c!\" \/>\n<meta property=\"og:url\" content=\"https:\/\/xstyle.md\/ro\/produs\/zamok-munkees-combination-lock-1\/\" \/>\n<meta property=\"og:site_name\" content=\"\u041c\u0430\u0433\u0430\u0437\u0438\u043d Xstyle\" \/>\n<meta property=\"article:publisher\" content=\"https:\/\/www.facebook.com\/xstylemd\" \/>\n<meta property=\"article:modified_time\" content=\"2025-02-18T15:30:08+00:00\" \/>\n<meta property=\"og:image\" content=\"https:\/\/xstyle.md\/wp-content\/uploads\/2021\/04\/munkees_combination_lock_1-2.jpg\" \/>\n\t<meta property=\"og:image:width\" content=\"291\" \/>\n\t<meta property=\"og:image:height\" content=\"467\" \/>\n\t<meta property=\"og:image:type\" content=\"image\/jpeg\" \/>\n<meta name=\"twitter:card\" content=\"summary_large_image\" \/>\n<meta name=\"twitter:label1\" content=\"Pre\u021b\" \/>\n\t<meta name=\"twitter:data1\" content=\"135&nbsp;MDL\" \/>\n\t<meta name=\"twitter:label2\" content=\"Disponibilitate\" \/>\n\t<meta name=\"twitter:data2\" content=\"Stoc epuizat\" \/>\n<script type=\"application\/ld+json\" class=\"yoast-schema-graph\">{\"@context\":\"https:\/\/schema.org\",\"@graph\":[{\"@type\":\"WebPage\",\"@id\":\"https:\/\/xstyle.md\/product\/zamok-munkees-combination-lock-1\/\",\"url\":\"https:\/\/xstyle.md\/product\/zamok-munkees-combination-lock-1\/\",\"name\":\"\u0417\u0430\u043c\u043e\u043a \u0434\u043b\u044f \u0431\u0430\u0433\u0430\u0436\u0430 Munkees Combination Lock 1 - \u041c\u0430\u0433\u0430\u0437\u0438\u043d Xstyle\",\"isPartOf\":{\"@id\":\"https:\/\/xstyle.md\/#website\"},\"primaryImageOfPage\":{\"@id\":\"https:\/\/xstyle.md\/product\/zamok-munkees-combination-lock-1\/#primaryimage\"},\"image\":{\"@id\":\"https:\/\/xstyle.md\/product\/zamok-munkees-combination-lock-1\/#primaryimage\"},\"thumbnailUrl\":\"https:\/\/xstyle.md\/wp-content\/uploads\/2021\/04\/munkees_combination_lock_1-2.jpg\",\"datePublished\":\"2020-07-16T17:25:19+00:00\",\"dateModified\":\"2025-02-18T15:30:08+00:00\",\"description\":\"\u0417\u0430\u043c\u043e\u043a \u0434\u043b\u044f \u0431\u0430\u0433\u0430\u0436\u0430 Munkees Combination Lock 1 \u2014 \u044f\u0440\u043a\u0438\u0439 \u0438 \u0443\u0434\u043e\u0431\u043d\u044b\u0439 \u0437\u0430\u043c\u043e\u043a \u0441 \u043f\u0440\u043e\u0441\u0442\u044b\u043c \u0441\u043c\u0435\u043d\u043d\u044b\u043c \u043a\u043e\u0434\u043e\u043c. \u041f\u043e\u0434\u0434\u0435\u0440\u0436\u0438\u0442\u0435 \u0431\u0435\u0437\u043e\u043f\u0430\u0441\u043d\u043e\u0441\u0442\u044c \u0432\u0430\u0448\u0435\u0433\u043e \u0431\u0430\u0433\u0430\u0436\u0430 \u0441 \u044d\u0442\u0438\u043c \u0441\u0442\u0438\u043b\u044c\u043d\u044b\u043c \u0430\u043a\u0441\u0435\u0441\u0441\u0443\u0430\u0440\u043e\u043c!\",\"breadcrumb\":{\"@id\":\"https:\/\/xstyle.md\/product\/zamok-munkees-combination-lock-1\/#breadcrumb\"},\"inLanguage\":\"ro-RO\",\"potentialAction\":[{\"@type\":\"ReadAction\",\"target\":[\"https:\/\/xstyle.md\/product\/zamok-munkees-combination-lock-1\/\"]}]},{\"@type\":\"ImageObject\",\"inLanguage\":\"ro-RO\",\"@id\":\"https:\/\/xstyle.md\/product\/zamok-munkees-combination-lock-1\/#primaryimage\",\"url\":\"https:\/\/xstyle.md\/wp-content\/uploads\/2021\/04\/munkees_combination_lock_1-2.jpg\",\"contentUrl\":\"https:\/\/xstyle.md\/wp-content\/uploads\/2021\/04\/munkees_combination_lock_1-2.jpg\",\"width\":291,\"height\":467},{\"@type\":\"BreadcrumbList\",\"@id\":\"https:\/\/xstyle.md\/product\/zamok-munkees-combination-lock-1\/#breadcrumb\",\"itemListElement\":[{\"@type\":\"ListItem\",\"position\":1,\"name\":\"\u0413\u043b\u0430\u0432\u043d\u0430\u044f \u0441\u0442\u0440\u0430\u043d\u0438\u0446\u0430\",\"item\":\"https:\/\/xstyle.md\/\"},{\"@type\":\"ListItem\",\"position\":2,\"name\":\"\u041c\u0430\u0433\u0430\u0437\u0438\u043d\",\"item\":\"https:\/\/xstyle.md\/shop\/\"},{\"@type\":\"ListItem\",\"position\":3,\"name\":\"\u0417\u0430\u043c\u043e\u043a \u0434\u043b\u044f \u0431\u0430\u0433\u0430\u0436\u0430 Munkees Combination Lock 1\"}]},{\"@type\":\"WebSite\",\"@id\":\"https:\/\/xstyle.md\/#website\",\"url\":\"https:\/\/xstyle.md\/\",\"name\":\"\u041c\u0430\u0433\u0430\u0437\u0438\u043d Xstyle\",\"description\":\"C\u043d\u0430\u0440\u044f\u0436\u0435\u043d\u0438\u0435 \u0434\u043b\u044f \u0442\u0443\u0440\u0438\u0437\u043c\u0430 \u0438 \u044d\u043a\u0441\u0442\u0440\u0435\u043c\u0430\u043b\u044c\u043d\u044b\u0445 \u0432\u0438\u0434\u043e\u0432 \u0441\u043f\u043e\u0440\u0442\u0430 \u0432 \u041c\u043e\u043b\u0434\u043e\u0432\u0435.. \u0426\u0435\u043d\u044b, \u0444\u043e\u0442\u043e, \u0445\u0430\u0440\u0430\u043a\u0442\u0435\u0440\u0438\u0441\u0442\u0438\u043a\u0438 \u0432 \u041c\u043e\u043b\u0434\u043e\u0432\u0435.\",\"publisher\":{\"@id\":\"https:\/\/xstyle.md\/#organization\"},\"alternateName\":\"X-Style\",\"potentialAction\":[{\"@type\":\"SearchAction\",\"target\":{\"@type\":\"EntryPoint\",\"urlTemplate\":\"https:\/\/xstyle.md\/?s={search_term_string}\"},\"query-input\":{\"@type\":\"PropertyValueSpecification\",\"valueRequired\":true,\"valueName\":\"search_term_string\"}}],\"inLanguage\":\"ro-RO\"},{\"@type\":\"Organization\",\"@id\":\"https:\/\/xstyle.md\/#organization\",\"name\":\"\u041c\u0430\u0433\u0430\u0437\u0438\u043d Xstyle\",\"alternateName\":\"x-style\",\"url\":\"https:\/\/xstyle.md\/\",\"logo\":{\"@type\":\"ImageObject\",\"inLanguage\":\"ro-RO\",\"@id\":\"https:\/\/xstyle.md\/#\/schema\/logo\/image\/\",\"url\":\"https:\/\/xstyle.md\/wp-content\/uploads\/2020\/06\/logoicon.svg\",\"contentUrl\":\"https:\/\/xstyle.md\/wp-content\/uploads\/2020\/06\/logoicon.svg\",\"caption\":\"\u041c\u0430\u0433\u0430\u0437\u0438\u043d Xstyle\"},\"image\":{\"@id\":\"https:\/\/xstyle.md\/#\/schema\/logo\/image\/\"},\"sameAs\":[\"https:\/\/www.facebook.com\/xstylemd\",\"https:\/\/www.instagram.com\/xstyle_md\/\",\"https:\/\/t.me\/xstyle_outdoor\"],\"hasMerchantReturnPolicy\":{\"@type\":\"MerchantReturnPolicy\",\"merchantReturnLink\":\"https:\/\/xstyle.md\/ro\/conditions\/\"}}]}<\/script>\n<meta property=\"product:price:amount\" content=\"135.00\" \/>\n<meta property=\"product:price:currency\" content=\"MDL\" \/>\n<meta property=\"og:availability\" content=\"out of stock\" \/>\n<meta property=\"product:availability\" content=\"out of stock\" \/>\n<meta property=\"product:retailer_item_id\" content=\"6932057836049\" \/>\n<meta property=\"product:condition\" content=\"new\" \/>\n<!-- \/ Yoast SEO plugin. -->","yoast_head_json":{"title":"L\u0103cat\u0103 pentru bagaje Munkees Combination Lock 1 - Magazin Xstyle","description":"Lac\u0103tul pentru bagaje Munkees Combination Lock 1 este un lac\u0103t luminos \u0219i convenabil, cu un cod de schimbare simplu. Sus\u021bine\u021bi securitatea bagajului dumneavoastr\u0103 cu acest accesoriu elegant!","robots":{"index":"index","follow":"follow","max-snippet":"max-snippet:-1","max-image-preview":"max-image-preview:large","max-video-preview":"max-video-preview:-1"},"canonical":"https:\/\/xstyle.md\/ro\/produs\/zamok-munkees-combination-lock-1\/","og_locale":"ro_RO","og_type":"article","og_title":"\u0417\u0430\u043c\u043e\u043a \u0434\u043b\u044f \u0431\u0430\u0433\u0430\u0436\u0430 Munkees Combination Lock 1 - \u041c\u0430\u0433\u0430\u0437\u0438\u043d Xstyle","og_description":"\u0417\u0430\u043c\u043e\u043a \u0434\u043b\u044f \u0431\u0430\u0433\u0430\u0436\u0430 Munkees Combination Lock 1 \u2014 \u044f\u0440\u043a\u0438\u0439 \u0438 \u0443\u0434\u043e\u0431\u043d\u044b\u0439 \u0437\u0430\u043c\u043e\u043a \u0441 \u043f\u0440\u043e\u0441\u0442\u044b\u043c \u0441\u043c\u0435\u043d\u043d\u044b\u043c \u043a\u043e\u0434\u043e\u043c. \u041f\u043e\u0434\u0434\u0435\u0440\u0436\u0438\u0442\u0435 \u0431\u0435\u0437\u043e\u043f\u0430\u0441\u043d\u043e\u0441\u0442\u044c \u0432\u0430\u0448\u0435\u0433\u043e \u0431\u0430\u0433\u0430\u0436\u0430 \u0441 \u044d\u0442\u0438\u043c \u0441\u0442\u0438\u043b\u044c\u043d\u044b\u043c \u0430\u043a\u0441\u0435\u0441\u0441\u0443\u0430\u0440\u043e\u043c!","og_url":"https:\/\/xstyle.md\/ro\/produs\/zamok-munkees-combination-lock-1\/","og_site_name":"\u041c\u0430\u0433\u0430\u0437\u0438\u043d Xstyle","article_publisher":"https:\/\/www.facebook.com\/xstylemd","article_modified_time":"2025-02-18T15:30:08+00:00","og_image":[{"width":291,"height":467,"url":"https:\/\/xstyle.md\/wp-content\/uploads\/2021\/04\/munkees_combination_lock_1-2.jpg","type":"image\/jpeg"}],"twitter_card":"summary_large_image","twitter_misc":{"Pre\u021b":"135&nbsp;MDL","Disponibilitate":"Stoc epuizat"},"schema":{"@context":"https:\/\/schema.org","@graph":[{"@type":"WebPage","@id":"https:\/\/xstyle.md\/product\/zamok-munkees-combination-lock-1\/","url":"https:\/\/xstyle.md\/product\/zamok-munkees-combination-lock-1\/","name":"L\u0103cat\u0103 pentru bagaje Munkees Combination Lock 1 - Magazin Xstyle","isPartOf":{"@id":"https:\/\/xstyle.md\/#website"},"primaryImageOfPage":{"@id":"https:\/\/xstyle.md\/product\/zamok-munkees-combination-lock-1\/#primaryimage"},"image":{"@id":"https:\/\/xstyle.md\/product\/zamok-munkees-combination-lock-1\/#primaryimage"},"thumbnailUrl":"https:\/\/xstyle.md\/wp-content\/uploads\/2021\/04\/munkees_combination_lock_1-2.jpg","datePublished":"2020-07-16T17:25:19+00:00","dateModified":"2025-02-18T15:30:08+00:00","description":"Lac\u0103tul pentru bagaje Munkees Combination Lock 1 este un lac\u0103t luminos \u0219i convenabil, cu un cod de schimbare simplu. Sus\u021bine\u021bi securitatea bagajului dumneavoastr\u0103 cu acest accesoriu elegant!","breadcrumb":{"@id":"https:\/\/xstyle.md\/product\/zamok-munkees-combination-lock-1\/#breadcrumb"},"inLanguage":"ro-RO","potentialAction":[{"@type":"ReadAction","target":["https:\/\/xstyle.md\/product\/zamok-munkees-combination-lock-1\/"]}]},{"@type":"ImageObject","inLanguage":"ro-RO","@id":"https:\/\/xstyle.md\/product\/zamok-munkees-combination-lock-1\/#primaryimage","url":"https:\/\/xstyle.md\/wp-content\/uploads\/2021\/04\/munkees_combination_lock_1-2.jpg","contentUrl":"https:\/\/xstyle.md\/wp-content\/uploads\/2021\/04\/munkees_combination_lock_1-2.jpg","width":291,"height":467},{"@type":"BreadcrumbList","@id":"https:\/\/xstyle.md\/product\/zamok-munkees-combination-lock-1\/#breadcrumb","itemListElement":[{"@type":"ListItem","position":1,"name":"\u0413\u043b\u0430\u0432\u043d\u0430\u044f \u0441\u0442\u0440\u0430\u043d\u0438\u0446\u0430","item":"https:\/\/xstyle.md\/"},{"@type":"ListItem","position":2,"name":"\u041c\u0430\u0433\u0430\u0437\u0438\u043d","item":"https:\/\/xstyle.md\/shop\/"},{"@type":"ListItem","position":3,"name":"\u0417\u0430\u043c\u043e\u043a \u0434\u043b\u044f \u0431\u0430\u0433\u0430\u0436\u0430 Munkees Combination Lock 1"}]},{"@type":"WebSite","@id":"https:\/\/xstyle.md\/#website","url":"https:\/\/xstyle.md\/","name":"Magazinul X-Style","description":"Echipamente pentru turism \u0219i sporturi extreme \u00een Moldova. Pre\u021buri, fotografii, caracteristici \u00een Moldova.","publisher":{"@id":"https:\/\/xstyle.md\/#organization"},"alternateName":"X-Style","potentialAction":[{"@type":"SearchAction","target":{"@type":"EntryPoint","urlTemplate":"https:\/\/xstyle.md\/?s={search_term_string}"},"query-input":{"@type":"PropertyValueSpecification","valueRequired":true,"valueName":"search_term_string"}}],"inLanguage":"ro-RO"},{"@type":"Organization","@id":"https:\/\/xstyle.md\/#organization","name":"Magazinul X-Style","alternateName":"x-style","url":"https:\/\/xstyle.md\/","logo":{"@type":"ImageObject","inLanguage":"ro-RO","@id":"https:\/\/xstyle.md\/#\/schema\/logo\/image\/","url":"https:\/\/xstyle.md\/wp-content\/uploads\/2020\/06\/logoicon.svg","contentUrl":"https:\/\/xstyle.md\/wp-content\/uploads\/2020\/06\/logoicon.svg","caption":"\u041c\u0430\u0433\u0430\u0437\u0438\u043d Xstyle"},"image":{"@id":"https:\/\/xstyle.md\/#\/schema\/logo\/image\/"},"sameAs":["https:\/\/www.facebook.com\/xstylemd","https:\/\/www.instagram.com\/xstyle_md\/","https:\/\/t.me\/xstyle_outdoor"],"hasMerchantReturnPolicy":{"@type":"MerchantReturnPolicy","merchantReturnLink":"https:\/\/xstyle.md\/ro\/conditions\/"}}]},"product_price_amount":"135.00","product_price_currency":"MDL","og_availability":"out of stock","product_availability":"out of stock","product_retailer_item_id":"6932057836049","product_condition":"new"},"post_mailing_queue_ids":[],"_links":{"self":[{"href":"https:\/\/xstyle.md\/ro\/wp-json\/wp\/v2\/product\/5198","targetHints":{"allow":["GET"]}}],"collection":[{"href":"https:\/\/xstyle.md\/ro\/wp-json\/wp\/v2\/product"}],"about":[{"href":"https:\/\/xstyle.md\/ro\/wp-json\/wp\/v2\/types\/product"}],"replies":[{"embeddable":true,"href":"https:\/\/xstyle.md\/ro\/wp-json\/wp\/v2\/comments?post=5198"}],"wp:featuredmedia":[{"embeddable":true,"href":"https:\/\/xstyle.md\/ro\/wp-json\/wp\/v2\/media\/27659"}],"wp:attachment":[{"href":"https:\/\/xstyle.md\/ro\/wp-json\/wp\/v2\/media?parent=5198"}],"wp:term":[{"taxonomy":"product_brand","embeddable":true,"href":"https:\/\/xstyle.md\/ro\/wp-json\/wp\/v2\/product_brand?post=5198"},{"taxonomy":"product_cat","embeddable":true,"href":"https:\/\/xstyle.md\/ro\/wp-json\/wp\/v2\/product_cat?post=5198"},{"taxonomy":"product_tag","embeddable":true,"href":"https:\/\/xstyle.md\/ro\/wp-json\/wp\/v2\/product_tag?post=5198"}],"curies":[{"name":"wp","href":"https:\/\/api.w.org\/{rel}","templated":true}]}}