{"id":51853,"date":"2022-08-22T18:09:56","date_gmt":"2022-08-22T15:09:56","guid":{"rendered":"https:\/\/xstyle.md\/?post_type=product&#038;p=51853"},"modified":"2026-03-19T16:19:13","modified_gmt":"2026-03-19T13:19:13","slug":"nozh-mora-garberg-with-polymer-sheath","status":"publish","type":"product","link":"https:\/\/xstyle.md\/ro\/produs\/nozh-mora-garberg-with-polymer-sheath\/","title":{"rendered":"Cu\u021bit Mora Garberg with Polymer Sheath"},"content":{"rendered":"<\/p>\n<p><strong>Mora Garberg with Polymer Sheath<\/strong> &#8212; este o versiune actualizat\u0103 a celui mai popular model Morakniv Outdoor, realizat \u00een colaborare cu faimosul v\u00e2n\u0103tor \u0219i tracker american Dave Canterbury. Garberg este viziunea lui Mora \u0219i a lui Dave Canterbury despre ceea ce ar trebui s\u0103 fie un cu\u021bit de supravie\u021buire \u0219i outdoor. Puternic \u0219i fiabil, cu un m\u00e2ner aderent \u0219i o lam\u0103 solid\u0103, acest cu\u021bit nu v\u0103 va dezam\u0103gi \u00een nicio circumstan\u021b\u0103.<\/p>\n<p>Garberg este un fulltang cu o grosime de 3,2 mm, cu un t\u0103i\u0219 de 3,2 mm, fabricat din o\u021bel inoxidabil Sandvik 14C28N de calitate, cu o duritate de 58-60 HRC. Gresia clasic\u0103 scandinav\u0103 Scandi are o t\u0103ietur\u0103 agresiv\u0103 \u0219i este u\u0219or de ascu\u021bit pe teren.<\/p>\n<p>Caracteristica distinctiv\u0103 a cu\u021bitului Morakniv Garberg este m\u00e2nerul. Forma acestuia seam\u0103n\u0103 cu cea a m\u00e2nerelor cu\u021bitelor finlandeze \u0219i este confec\u021bionat din plastic texturat, care nu alunec\u0103 nici c\u00e2nd este umed. Acest cu\u021bit, pentru durabilitatea \u0219i propriet\u0103\u021bile excelente de t\u0103iere, a fost onorat cu numeroase premii ale unor reviste celebre ca fiind cel mai convenabil \u0219i versatil cu\u021bit pentru turi\u0219ti \u0219i oameni de aer liber. O caracteristic\u0103 distinctiv\u0103 a cu\u021bitului Morakniv Garberg S, teac\u0103 din polimer este teaca. Acestea sunt fabricate din polimer \u0219i au un singur mod de ag\u0103\u021bare &#8212; prin bucla de centur\u0103.<\/p>\n<p>Morakniv Garberg S, Polymer Sheath este un asistent demn \u00een orice loc: pescuit, camping sau \u00een vacan\u021b\u0103.<\/p>\n<h3>Caracteristici<\/h3>\n<ul>\n<li>Tip de cu\u021bit: nepliabil<\/li>\n<li>Tip de t\u0103i\u0219: obi\u0219nuit<\/li>\n<li>Lungime total\u0103: 22,9 cm<\/li>\n<li>Lungimea lamei: 10,9 cm<\/li>\n<li>Material m\u00e2ner: plastic<\/li>\n<li>Duritatea o\u021belului: 59-61 HRC<\/li>\n<li>Calitatea o\u021belului: Sandvik 14C28N<\/li>\n<li>Greutate: 272 g.<\/li>\n<\/ul>\n<p><\/p>","protected":false},"excerpt":{"rendered":"","protected":false},"featured_media":52163,"comment_status":"open","ping_status":"closed","template":"","meta":{"_acf_changed":false,"inline_featured_image":false},"product_brand":[1368],"product_cat":[169],"product_tag":[],"class_list":{"0":"post-51853","1":"product","2":"type-product","3":"status-publish","4":"has-post-thumbnail","6":"product_brand-mora","7":"product_cat-knives","9":"first","10":"instock","11":"shipping-taxable","12":"purchasable","13":"product-type-simple"},"acf":[],"yoast_head":"<!-- This site is optimized with the Yoast SEO plugin v27.4 - https:\/\/yoast.com\/product\/yoast-seo-wordpress\/ -->\n<title>\u041d\u043e\u0436 Mora Garberg with Polymer Sheath - \u041c\u0430\u0433\u0430\u0437\u0438\u043d Xstyle<\/title>\n<meta name=\"description\" content=\"\u041d\u043e\u0436 Mora Garberg \u0441 \u043f\u043e\u043b\u0438\u043c\u0435\u0440\u043d\u044b\u043c \u0447\u0435\u0445\u043b\u043e\u043c - \u0438\u0434\u0435\u0430\u043b\u044c\u043d\u044b\u0439 \u0432\u044b\u0431\u043e\u0440 \u0434\u043b\u044f Outdoor. \u041b\u0435\u0437\u0432\u0438\u0435 \u0438\u0437 Sandvik 14C28N, \u043f\u0440\u043e\u0447\u043d\u043e\u0441\u0442\u044c 5860 HRC. \u0423\u0434\u043e\u0431\u043d\u044b\u0439, \u043d\u0430\u0434\u0435\u0436\u043d\u044b\u0439 \u0438 \u0441\u0442\u0438\u043b\u044c\u043d\u044b\u0439!\" \/>\n<meta name=\"robots\" content=\"index, follow, max-snippet:-1, max-image-preview:large, max-video-preview:-1\" \/>\n<link rel=\"canonical\" href=\"https:\/\/xstyle.md\/ro\/produs\/nozh-mora-garberg-with-polymer-sheath\/\" \/>\n<meta property=\"og:locale\" content=\"ro_RO\" \/>\n<meta property=\"og:type\" content=\"article\" \/>\n<meta property=\"og:title\" content=\"\u041d\u043e\u0436 Mora Garberg with Polymer Sheath - \u041c\u0430\u0433\u0430\u0437\u0438\u043d Xstyle\" \/>\n<meta property=\"og:description\" content=\"\u041d\u043e\u0436 Mora Garberg \u0441 \u043f\u043e\u043b\u0438\u043c\u0435\u0440\u043d\u044b\u043c \u0447\u0435\u0445\u043b\u043e\u043c - \u0438\u0434\u0435\u0430\u043b\u044c\u043d\u044b\u0439 \u0432\u044b\u0431\u043e\u0440 \u0434\u043b\u044f Outdoor. \u041b\u0435\u0437\u0432\u0438\u0435 \u0438\u0437 Sandvik 14C28N, \u043f\u0440\u043e\u0447\u043d\u043e\u0441\u0442\u044c 5860 HRC. \u0423\u0434\u043e\u0431\u043d\u044b\u0439, \u043d\u0430\u0434\u0435\u0436\u043d\u044b\u0439 \u0438 \u0441\u0442\u0438\u043b\u044c\u043d\u044b\u0439!\" \/>\n<meta property=\"og:url\" content=\"https:\/\/xstyle.md\/ro\/produs\/nozh-mora-garberg-with-polymer-sheath\/\" \/>\n<meta property=\"og:site_name\" content=\"\u041c\u0430\u0433\u0430\u0437\u0438\u043d Xstyle\" \/>\n<meta property=\"article:publisher\" content=\"https:\/\/www.facebook.com\/xstylemd\" \/>\n<meta property=\"article:modified_time\" content=\"2026-03-19T13:19:13+00:00\" \/>\n<meta property=\"og:image\" content=\"https:\/\/xstyle.md\/wp-content\/uploads\/2022\/08\/mora-garberg-with-polymer-sheath.jpg\" \/>\n\t<meta property=\"og:image:width\" content=\"630\" \/>\n\t<meta property=\"og:image:height\" content=\"630\" \/>\n\t<meta property=\"og:image:type\" content=\"image\/jpeg\" \/>\n<meta name=\"twitter:card\" content=\"summary_large_image\" \/>\n<meta name=\"twitter:label1\" content=\"Pre\u021b\" \/>\n\t<meta name=\"twitter:data1\" content=\"2.290&nbsp;MDL\" \/>\n\t<meta name=\"twitter:label2\" content=\"Disponibilitate\" \/>\n\t<meta name=\"twitter:data2\" content=\"\u00cen stoc\" \/>\n<script type=\"application\/ld+json\" class=\"yoast-schema-graph\">{\"@context\":\"https:\\\/\\\/schema.org\",\"@graph\":[{\"@type\":\"WebPage\",\"@id\":\"https:\\\/\\\/xstyle.md\\\/product\\\/nozh-mora-garberg-with-polymer-sheath\\\/\",\"url\":\"https:\\\/\\\/xstyle.md\\\/product\\\/nozh-mora-garberg-with-polymer-sheath\\\/\",\"name\":\"\u041d\u043e\u0436 Mora Garberg with Polymer Sheath - \u041c\u0430\u0433\u0430\u0437\u0438\u043d Xstyle\",\"isPartOf\":{\"@id\":\"https:\\\/\\\/xstyle.md\\\/#website\"},\"primaryImageOfPage\":{\"@id\":\"https:\\\/\\\/xstyle.md\\\/product\\\/nozh-mora-garberg-with-polymer-sheath\\\/#primaryimage\"},\"image\":{\"@id\":\"https:\\\/\\\/xstyle.md\\\/product\\\/nozh-mora-garberg-with-polymer-sheath\\\/#primaryimage\"},\"thumbnailUrl\":\"https:\\\/\\\/xstyle.md\\\/wp-content\\\/uploads\\\/2022\\\/08\\\/mora-garberg-with-polymer-sheath.jpg\",\"datePublished\":\"2022-08-22T15:09:56+00:00\",\"dateModified\":\"2026-03-19T13:19:13+00:00\",\"description\":\"\u041d\u043e\u0436 Mora Garberg \u0441 \u043f\u043e\u043b\u0438\u043c\u0435\u0440\u043d\u044b\u043c \u0447\u0435\u0445\u043b\u043e\u043c - \u0438\u0434\u0435\u0430\u043b\u044c\u043d\u044b\u0439 \u0432\u044b\u0431\u043e\u0440 \u0434\u043b\u044f Outdoor. \u041b\u0435\u0437\u0432\u0438\u0435 \u0438\u0437 Sandvik 14C28N, \u043f\u0440\u043e\u0447\u043d\u043e\u0441\u0442\u044c 5860 HRC. \u0423\u0434\u043e\u0431\u043d\u044b\u0439, \u043d\u0430\u0434\u0435\u0436\u043d\u044b\u0439 \u0438 \u0441\u0442\u0438\u043b\u044c\u043d\u044b\u0439!\",\"breadcrumb\":{\"@id\":\"https:\\\/\\\/xstyle.md\\\/product\\\/nozh-mora-garberg-with-polymer-sheath\\\/#breadcrumb\"},\"inLanguage\":\"ro-RO\",\"potentialAction\":[{\"@type\":\"ReadAction\",\"target\":[\"https:\\\/\\\/xstyle.md\\\/product\\\/nozh-mora-garberg-with-polymer-sheath\\\/\"]}]},{\"@type\":\"ImageObject\",\"inLanguage\":\"ro-RO\",\"@id\":\"https:\\\/\\\/xstyle.md\\\/product\\\/nozh-mora-garberg-with-polymer-sheath\\\/#primaryimage\",\"url\":\"https:\\\/\\\/xstyle.md\\\/wp-content\\\/uploads\\\/2022\\\/08\\\/mora-garberg-with-polymer-sheath.jpg\",\"contentUrl\":\"https:\\\/\\\/xstyle.md\\\/wp-content\\\/uploads\\\/2022\\\/08\\\/mora-garberg-with-polymer-sheath.jpg\",\"width\":630,\"height\":630,\"caption\":\"\u0422\u0443\u0440\u0438\u0441\u0442\u0438\u0447\u0435\u0441\u043a\u0438\u0439 \u043d\u043e\u0436 Mora Garberg \u0441 \u043f\u043e\u043b\u0438\u043c\u0435\u0440\u043d\u044b\u043c \u0447\u0435\u0445\u043b\u043e\u043c \u0434\u043b\u044f \u0430\u043a\u0442\u0438\u0432\u043d\u043e\u0439 \u0436\u0438\u0437\u043d\u0438, \u043f\u0443\u0442\u0435\u0448\u0435\u0441\u0442\u0432\u0438\u0439, \u0430\u043b\u044c\u043f\u0438\u043d\u0438\u0437\u043c\u0430 \u0438 \u043f\u043e\u0445\u043e\u0434\u043e\u0432 \u0432 \u043c\u0430\u0433\u0430\u0437\u0438\u043d\u0435 \u0441\u043f\u043e\u0440\u0442\u0438\u0432\u043d\u043e\u0439 \u044d\u043a\u0438\u043f\u0438\u0440\u043e\u0432\u043a\u0438\"},{\"@type\":\"BreadcrumbList\",\"@id\":\"https:\\\/\\\/xstyle.md\\\/product\\\/nozh-mora-garberg-with-polymer-sheath\\\/#breadcrumb\",\"itemListElement\":[{\"@type\":\"ListItem\",\"position\":1,\"name\":\"\u0413\u043b\u0430\u0432\u043d\u0430\u044f \u0441\u0442\u0440\u0430\u043d\u0438\u0446\u0430\",\"item\":\"https:\\\/\\\/xstyle.md\\\/\"},{\"@type\":\"ListItem\",\"position\":2,\"name\":\"\u041c\u0430\u0433\u0430\u0437\u0438\u043d\",\"item\":\"https:\\\/\\\/xstyle.md\\\/shop\\\/\"},{\"@type\":\"ListItem\",\"position\":3,\"name\":\"\u041d\u043e\u0436 Mora Garberg with Polymer Sheath\"}]},{\"@type\":\"WebSite\",\"@id\":\"https:\\\/\\\/xstyle.md\\\/#website\",\"url\":\"https:\\\/\\\/xstyle.md\\\/\",\"name\":\"\u041c\u0430\u0433\u0430\u0437\u0438\u043d Xstyle\",\"description\":\"C\u043d\u0430\u0440\u044f\u0436\u0435\u043d\u0438\u0435 \u0434\u043b\u044f \u0442\u0443\u0440\u0438\u0437\u043c\u0430 \u0438 \u044d\u043a\u0441\u0442\u0440\u0435\u043c\u0430\u043b\u044c\u043d\u044b\u0445 \u0432\u0438\u0434\u043e\u0432 \u0441\u043f\u043e\u0440\u0442\u0430 \u0432 \u041c\u043e\u043b\u0434\u043e\u0432\u0435.. \u0426\u0435\u043d\u044b, \u0444\u043e\u0442\u043e, \u0445\u0430\u0440\u0430\u043a\u0442\u0435\u0440\u0438\u0441\u0442\u0438\u043a\u0438 \u0432 \u041c\u043e\u043b\u0434\u043e\u0432\u0435.\",\"publisher\":{\"@id\":\"https:\\\/\\\/xstyle.md\\\/#organization\"},\"alternateName\":\"X-Style\",\"potentialAction\":[{\"@type\":\"SearchAction\",\"target\":{\"@type\":\"EntryPoint\",\"urlTemplate\":\"https:\\\/\\\/xstyle.md\\\/?s={search_term_string}\"},\"query-input\":{\"@type\":\"PropertyValueSpecification\",\"valueRequired\":true,\"valueName\":\"search_term_string\"}}],\"inLanguage\":\"ro-RO\"},{\"@type\":\"Organization\",\"@id\":\"https:\\\/\\\/xstyle.md\\\/#organization\",\"name\":\"\u041c\u0430\u0433\u0430\u0437\u0438\u043d Xstyle\",\"alternateName\":\"x-style\",\"url\":\"https:\\\/\\\/xstyle.md\\\/\",\"logo\":{\"@type\":\"ImageObject\",\"inLanguage\":\"ro-RO\",\"@id\":\"https:\\\/\\\/xstyle.md\\\/#\\\/schema\\\/logo\\\/image\\\/\",\"url\":\"https:\\\/\\\/xstyle.md\\\/wp-content\\\/uploads\\\/2020\\\/06\\\/logoicon.svg\",\"contentUrl\":\"https:\\\/\\\/xstyle.md\\\/wp-content\\\/uploads\\\/2020\\\/06\\\/logoicon.svg\",\"caption\":\"\u041c\u0430\u0433\u0430\u0437\u0438\u043d Xstyle\"},\"image\":{\"@id\":\"https:\\\/\\\/xstyle.md\\\/#\\\/schema\\\/logo\\\/image\\\/\"},\"sameAs\":[\"https:\\\/\\\/www.facebook.com\\\/xstylemd\",\"https:\\\/\\\/www.instagram.com\\\/xstyle_md\\\/\",\"https:\\\/\\\/t.me\\\/xstyle_outdoor\"],\"hasMerchantReturnPolicy\":{\"@type\":\"MerchantReturnPolicy\",\"merchantReturnLink\":\"https:\\\/\\\/xstyle.md\\\/ro\\\/conditions\\\/\"}}]}<\/script>\n<meta property=\"product:price:amount\" content=\"2290.00\" \/>\n<meta property=\"product:price:currency\" content=\"MDL\" \/>\n<meta property=\"og:availability\" content=\"instock\" \/>\n<meta property=\"product:availability\" content=\"instock\" \/>\n<meta property=\"product:retailer_item_id\" content=\"7391846024729\" \/>\n<meta property=\"product:condition\" content=\"new\" \/>\n<!-- \/ Yoast SEO plugin. -->","yoast_head_json":{"title":"Cu\u021bit Mora Garberg with Polymer Sheath - Magazin Xstyle","description":"Cutterul Mora Garberg cu hus\u0103 din polimer - alegerea perfect\u0103 pentru activit\u0103\u021bile \u00een aer liber. Lama din Sandvik 14C28N, duritate 5860 HRC. Confortabil, fiabil \u0219i elegant!","robots":{"index":"index","follow":"follow","max-snippet":"max-snippet:-1","max-image-preview":"max-image-preview:large","max-video-preview":"max-video-preview:-1"},"canonical":"https:\/\/xstyle.md\/ro\/produs\/nozh-mora-garberg-with-polymer-sheath\/","og_locale":"ro_RO","og_type":"article","og_title":"\u041d\u043e\u0436 Mora Garberg with Polymer Sheath - \u041c\u0430\u0433\u0430\u0437\u0438\u043d Xstyle","og_description":"\u041d\u043e\u0436 Mora Garberg \u0441 \u043f\u043e\u043b\u0438\u043c\u0435\u0440\u043d\u044b\u043c \u0447\u0435\u0445\u043b\u043e\u043c - \u0438\u0434\u0435\u0430\u043b\u044c\u043d\u044b\u0439 \u0432\u044b\u0431\u043e\u0440 \u0434\u043b\u044f Outdoor. \u041b\u0435\u0437\u0432\u0438\u0435 \u0438\u0437 Sandvik 14C28N, \u043f\u0440\u043e\u0447\u043d\u043e\u0441\u0442\u044c 5860 HRC. \u0423\u0434\u043e\u0431\u043d\u044b\u0439, \u043d\u0430\u0434\u0435\u0436\u043d\u044b\u0439 \u0438 \u0441\u0442\u0438\u043b\u044c\u043d\u044b\u0439!","og_url":"https:\/\/xstyle.md\/ro\/produs\/nozh-mora-garberg-with-polymer-sheath\/","og_site_name":"\u041c\u0430\u0433\u0430\u0437\u0438\u043d Xstyle","article_publisher":"https:\/\/www.facebook.com\/xstylemd","article_modified_time":"2026-03-19T13:19:13+00:00","og_image":[{"width":630,"height":630,"url":"https:\/\/xstyle.md\/wp-content\/uploads\/2022\/08\/mora-garberg-with-polymer-sheath.jpg","type":"image\/jpeg"}],"twitter_card":"summary_large_image","twitter_misc":{"Pre\u021b":"2.290&nbsp;MDL","Disponibilitate":"\u00cen stoc"},"schema":{"@context":"https:\/\/schema.org","@graph":[{"@type":"WebPage","@id":"https:\/\/xstyle.md\/product\/nozh-mora-garberg-with-polymer-sheath\/","url":"https:\/\/xstyle.md\/product\/nozh-mora-garberg-with-polymer-sheath\/","name":"Cu\u021bit Mora Garberg with Polymer Sheath - Magazin Xstyle","isPartOf":{"@id":"https:\/\/xstyle.md\/#website"},"primaryImageOfPage":{"@id":"https:\/\/xstyle.md\/product\/nozh-mora-garberg-with-polymer-sheath\/#primaryimage"},"image":{"@id":"https:\/\/xstyle.md\/product\/nozh-mora-garberg-with-polymer-sheath\/#primaryimage"},"thumbnailUrl":"https:\/\/xstyle.md\/wp-content\/uploads\/2022\/08\/mora-garberg-with-polymer-sheath.jpg","datePublished":"2022-08-22T15:09:56+00:00","dateModified":"2026-03-19T13:19:13+00:00","description":"Cutterul Mora Garberg cu hus\u0103 din polimer - alegerea perfect\u0103 pentru activit\u0103\u021bile \u00een aer liber. Lama din Sandvik 14C28N, duritate 5860 HRC. Confortabil, fiabil \u0219i elegant!","breadcrumb":{"@id":"https:\/\/xstyle.md\/product\/nozh-mora-garberg-with-polymer-sheath\/#breadcrumb"},"inLanguage":"ro-RO","potentialAction":[{"@type":"ReadAction","target":["https:\/\/xstyle.md\/product\/nozh-mora-garberg-with-polymer-sheath\/"]}]},{"@type":"ImageObject","inLanguage":"ro-RO","@id":"https:\/\/xstyle.md\/product\/nozh-mora-garberg-with-polymer-sheath\/#primaryimage","url":"https:\/\/xstyle.md\/wp-content\/uploads\/2022\/08\/mora-garberg-with-polymer-sheath.jpg","contentUrl":"https:\/\/xstyle.md\/wp-content\/uploads\/2022\/08\/mora-garberg-with-polymer-sheath.jpg","width":630,"height":630,"caption":"\u0422\u0443\u0440\u0438\u0441\u0442\u0438\u0447\u0435\u0441\u043a\u0438\u0439 \u043d\u043e\u0436 Mora Garberg \u0441 \u043f\u043e\u043b\u0438\u043c\u0435\u0440\u043d\u044b\u043c \u0447\u0435\u0445\u043b\u043e\u043c \u0434\u043b\u044f \u0430\u043a\u0442\u0438\u0432\u043d\u043e\u0439 \u0436\u0438\u0437\u043d\u0438, \u043f\u0443\u0442\u0435\u0448\u0435\u0441\u0442\u0432\u0438\u0439, \u0430\u043b\u044c\u043f\u0438\u043d\u0438\u0437\u043c\u0430 \u0438 \u043f\u043e\u0445\u043e\u0434\u043e\u0432 \u0432 \u043c\u0430\u0433\u0430\u0437\u0438\u043d\u0435 \u0441\u043f\u043e\u0440\u0442\u0438\u0432\u043d\u043e\u0439 \u044d\u043a\u0438\u043f\u0438\u0440\u043e\u0432\u043a\u0438"},{"@type":"BreadcrumbList","@id":"https:\/\/xstyle.md\/product\/nozh-mora-garberg-with-polymer-sheath\/#breadcrumb","itemListElement":[{"@type":"ListItem","position":1,"name":"\u0413\u043b\u0430\u0432\u043d\u0430\u044f \u0441\u0442\u0440\u0430\u043d\u0438\u0446\u0430","item":"https:\/\/xstyle.md\/"},{"@type":"ListItem","position":2,"name":"\u041c\u0430\u0433\u0430\u0437\u0438\u043d","item":"https:\/\/xstyle.md\/shop\/"},{"@type":"ListItem","position":3,"name":"\u041d\u043e\u0436 Mora Garberg with Polymer Sheath"}]},{"@type":"WebSite","@id":"https:\/\/xstyle.md\/#website","url":"https:\/\/xstyle.md\/","name":"Magazinul X-Style","description":"Echipamente pentru turism \u0219i sporturi extreme \u00een Moldova. Pre\u021buri, fotografii, caracteristici \u00een Moldova.","publisher":{"@id":"https:\/\/xstyle.md\/#organization"},"alternateName":"X-Style","potentialAction":[{"@type":"SearchAction","target":{"@type":"EntryPoint","urlTemplate":"https:\/\/xstyle.md\/?s={search_term_string}"},"query-input":{"@type":"PropertyValueSpecification","valueRequired":true,"valueName":"search_term_string"}}],"inLanguage":"ro-RO"},{"@type":"Organization","@id":"https:\/\/xstyle.md\/#organization","name":"Magazinul X-Style","alternateName":"x-style","url":"https:\/\/xstyle.md\/","logo":{"@type":"ImageObject","inLanguage":"ro-RO","@id":"https:\/\/xstyle.md\/#\/schema\/logo\/image\/","url":"https:\/\/xstyle.md\/wp-content\/uploads\/2020\/06\/logoicon.svg","contentUrl":"https:\/\/xstyle.md\/wp-content\/uploads\/2020\/06\/logoicon.svg","caption":"\u041c\u0430\u0433\u0430\u0437\u0438\u043d Xstyle"},"image":{"@id":"https:\/\/xstyle.md\/#\/schema\/logo\/image\/"},"sameAs":["https:\/\/www.facebook.com\/xstylemd","https:\/\/www.instagram.com\/xstyle_md\/","https:\/\/t.me\/xstyle_outdoor"],"hasMerchantReturnPolicy":{"@type":"MerchantReturnPolicy","merchantReturnLink":"https:\/\/xstyle.md\/ro\/conditions\/"}}]},"product_price_amount":"2290.00","product_price_currency":"MDL","og_availability":"instock","product_availability":"instock","product_retailer_item_id":"7391846024729","product_condition":"new"},"_links":{"self":[{"href":"https:\/\/xstyle.md\/ro\/wp-json\/wp\/v2\/product\/51853","targetHints":{"allow":["GET"]}}],"collection":[{"href":"https:\/\/xstyle.md\/ro\/wp-json\/wp\/v2\/product"}],"about":[{"href":"https:\/\/xstyle.md\/ro\/wp-json\/wp\/v2\/types\/product"}],"replies":[{"embeddable":true,"href":"https:\/\/xstyle.md\/ro\/wp-json\/wp\/v2\/comments?post=51853"}],"wp:featuredmedia":[{"embeddable":true,"href":"https:\/\/xstyle.md\/ro\/wp-json\/wp\/v2\/media\/52163"}],"wp:attachment":[{"href":"https:\/\/xstyle.md\/ro\/wp-json\/wp\/v2\/media?parent=51853"}],"wp:term":[{"taxonomy":"product_brand","embeddable":true,"href":"https:\/\/xstyle.md\/ro\/wp-json\/wp\/v2\/product_brand?post=51853"},{"taxonomy":"product_cat","embeddable":true,"href":"https:\/\/xstyle.md\/ro\/wp-json\/wp\/v2\/product_cat?post=51853"},{"taxonomy":"product_tag","embeddable":true,"href":"https:\/\/xstyle.md\/ro\/wp-json\/wp\/v2\/product_tag?post=51853"}],"curies":[{"name":"wp","href":"https:\/\/api.w.org\/{rel}","templated":true}]}}