{"id":51843,"date":"2022-08-25T10:40:38","date_gmt":"2022-08-25T07:40:38","guid":{"rendered":"https:\/\/xstyle.md\/?post_type=product&#038;p=51843"},"modified":"2026-03-04T12:28:09","modified_gmt":"2026-03-04T09:28:09","slug":"boks-modula-wego-450-matt","status":"publish","type":"product","link":"https:\/\/xstyle.md\/ro\/produs\/boks-modula-wego-450-matt\/","title":{"rendered":"Box Modula Wego 450 Matt"},"content":{"rendered":"<\/p>\n<p><strong>Modula Wego 450 Matt<\/strong> - a portbagaj de acoperi\u0219 caracterizat de linii sportive \u0219i elegante. Datorit\u0103 lungimii de v\u00e2nzare, Wego este perfect pentru transportul schiurilor \u0219i snowboardurilor. Wego este o redus\u0103 ofert\u0103 o aerodinamic\u0103 ce se potrive\u0219te cu u\u0219urin\u021b\u0103 cu estetica ma\u0219inilor sport moderne. Wego este echipat cu inovatoare detalii care faciliteaz\u0103 mult instalarea \u0219i utilizarea.<\/p>\n<h3>Particularit\u0103\u021bi<\/h3>\n<ul>\n<li>Sistem pentru dubl\u0103 deschidere dubl\u0103<\/li>\n<li>Sistem de \u00eenchidere centralizat<\/li>\n<li>Sistem de fixare rapid\u0103<\/li>\n<li>Plastic ABS rezistent la zg\u00e2rieturi cu protec\u021bie UV.<\/li>\n<\/ul>\n<h3>Caracteristici<\/h3>\n<ul>\n<li>Deschidere - pe ambele fe\u021be<\/li>\n<li>\u00cenchidere - \u00een centru<\/li>\n<li>Dimensiuni - 175 x 82 x 44 cm<\/li>\n<li>Volum - 450 litri<\/li>\n<li>Capacitate de \u00eenc\u0103rcare - 75 kg.<\/li>\n<\/ul>\n<p><\/p>","protected":false},"excerpt":{"rendered":"","protected":false},"featured_media":52264,"comment_status":"open","ping_status":"closed","template":"","meta":{"_acf_changed":false,"inline_featured_image":false},"product_brand":[1463],"product_cat":[1083],"product_tag":[],"class_list":{"0":"post-51843","1":"product","2":"type-product","3":"status-publish","4":"has-post-thumbnail","6":"product_brand-modula","7":"product_cat-modula","9":"first","10":"instock","11":"shipping-taxable","12":"purchasable","13":"product-type-simple"},"acf":[],"yoast_head":"<!-- This site is optimized with the Yoast SEO plugin v27.2 - https:\/\/yoast.com\/product\/yoast-seo-wordpress\/ -->\n<title>\u0411\u0430\u0433\u0430\u0436\u043d\u0438\u043a \u043d\u0430 \u043a\u0440\u044b\u0448\u0443 Modula Wego 450 Matt - \u041c\u0430\u0433\u0430\u0437\u0438\u043d Xstyle<\/title>\n<meta name=\"description\" content=\"\u0411\u043e\u043a\u0441 Modula Wego 450 Matt \u2014 \u0441\u0442\u0438\u043b\u044c\u043d\u044b\u0439 \u0438 \u0430\u044d\u0440\u043e\u0434\u0438\u043d\u0430\u043c\u0438\u0447\u043d\u044b\u0439 \u0431\u0430\u0433\u0430\u0436\u043d\u0438\u043a \u0434\u043b\u044f \u0441\u043f\u043e\u0440\u0442\u0441\u043c\u0435\u043d\u043e\u0432. \u0418\u0434\u0435\u0430\u043b\u0435\u043d \u0434\u043b\u044f \u0442\u0440\u0430\u043d\u0441\u043f\u043e\u0440\u0442\u0430 \u043b\u044b\u0436 \u0438 \u0441\u043d\u043e\u0443\u0431\u043e\u0440\u0434\u043e\u0432. \u041b\u0435\u0433\u043a\u0438\u0439 \u0432 \u0443\u0441\u0442\u0430\u043d\u043e\u0432\u043a\u0435!\" \/>\n<meta name=\"robots\" content=\"index, follow, max-snippet:-1, max-image-preview:large, max-video-preview:-1\" \/>\n<link rel=\"canonical\" href=\"https:\/\/xstyle.md\/ro\/produs\/boks-modula-wego-450-matt\/\" \/>\n<meta property=\"og:locale\" content=\"ro_RO\" \/>\n<meta property=\"og:type\" content=\"article\" \/>\n<meta property=\"og:title\" content=\"\u0411\u0430\u0433\u0430\u0436\u043d\u0438\u043a \u043d\u0430 \u043a\u0440\u044b\u0448\u0443 Modula Wego 450 Matt - \u041c\u0430\u0433\u0430\u0437\u0438\u043d Xstyle\" \/>\n<meta property=\"og:description\" content=\"\u0411\u043e\u043a\u0441 Modula Wego 450 Matt \u2014 \u0441\u0442\u0438\u043b\u044c\u043d\u044b\u0439 \u0438 \u0430\u044d\u0440\u043e\u0434\u0438\u043d\u0430\u043c\u0438\u0447\u043d\u044b\u0439 \u0431\u0430\u0433\u0430\u0436\u043d\u0438\u043a \u0434\u043b\u044f \u0441\u043f\u043e\u0440\u0442\u0441\u043c\u0435\u043d\u043e\u0432. \u0418\u0434\u0435\u0430\u043b\u0435\u043d \u0434\u043b\u044f \u0442\u0440\u0430\u043d\u0441\u043f\u043e\u0440\u0442\u0430 \u043b\u044b\u0436 \u0438 \u0441\u043d\u043e\u0443\u0431\u043e\u0440\u0434\u043e\u0432. \u041b\u0435\u0433\u043a\u0438\u0439 \u0432 \u0443\u0441\u0442\u0430\u043d\u043e\u0432\u043a\u0435!\" \/>\n<meta property=\"og:url\" content=\"https:\/\/xstyle.md\/ro\/produs\/boks-modula-wego-450-matt\/\" \/>\n<meta property=\"og:site_name\" content=\"\u041c\u0430\u0433\u0430\u0437\u0438\u043d Xstyle\" \/>\n<meta property=\"article:publisher\" content=\"https:\/\/www.facebook.com\/xstylemd\" \/>\n<meta property=\"article:modified_time\" content=\"2026-03-04T09:28:09+00:00\" \/>\n<meta property=\"og:image\" content=\"https:\/\/xstyle.md\/wp-content\/uploads\/2022\/08\/modula-wego-450-matt.jpg\" \/>\n\t<meta property=\"og:image:width\" content=\"1000\" \/>\n\t<meta property=\"og:image:height\" content=\"650\" \/>\n\t<meta property=\"og:image:type\" content=\"image\/jpeg\" \/>\n<meta name=\"twitter:card\" content=\"summary_large_image\" \/>\n<meta name=\"twitter:label1\" content=\"Pre\u021b\" \/>\n\t<meta name=\"twitter:data1\" content=\"9.190&nbsp;MDL\" \/>\n\t<meta name=\"twitter:label2\" content=\"Disponibilitate\" \/>\n\t<meta name=\"twitter:data2\" content=\"\u00cen stoc\" \/>\n<script type=\"application\/ld+json\" class=\"yoast-schema-graph\">{\"@context\":\"https:\/\/schema.org\",\"@graph\":[{\"@type\":\"WebPage\",\"@id\":\"https:\/\/xstyle.md\/product\/boks-modula-wego-450-matt\/\",\"url\":\"https:\/\/xstyle.md\/product\/boks-modula-wego-450-matt\/\",\"name\":\"\u0411\u0430\u0433\u0430\u0436\u043d\u0438\u043a \u043d\u0430 \u043a\u0440\u044b\u0448\u0443 Modula Wego 450 Matt - \u041c\u0430\u0433\u0430\u0437\u0438\u043d Xstyle\",\"isPartOf\":{\"@id\":\"https:\/\/xstyle.md\/#website\"},\"primaryImageOfPage\":{\"@id\":\"https:\/\/xstyle.md\/product\/boks-modula-wego-450-matt\/#primaryimage\"},\"image\":{\"@id\":\"https:\/\/xstyle.md\/product\/boks-modula-wego-450-matt\/#primaryimage\"},\"thumbnailUrl\":\"https:\/\/xstyle.md\/wp-content\/uploads\/2022\/08\/modula-wego-450-matt.jpg\",\"datePublished\":\"2022-08-25T07:40:38+00:00\",\"dateModified\":\"2026-03-04T09:28:09+00:00\",\"description\":\"\u0411\u043e\u043a\u0441 Modula Wego 450 Matt \u2014 \u0441\u0442\u0438\u043b\u044c\u043d\u044b\u0439 \u0438 \u0430\u044d\u0440\u043e\u0434\u0438\u043d\u0430\u043c\u0438\u0447\u043d\u044b\u0439 \u0431\u0430\u0433\u0430\u0436\u043d\u0438\u043a \u0434\u043b\u044f \u0441\u043f\u043e\u0440\u0442\u0441\u043c\u0435\u043d\u043e\u0432. \u0418\u0434\u0435\u0430\u043b\u0435\u043d \u0434\u043b\u044f \u0442\u0440\u0430\u043d\u0441\u043f\u043e\u0440\u0442\u0430 \u043b\u044b\u0436 \u0438 \u0441\u043d\u043e\u0443\u0431\u043e\u0440\u0434\u043e\u0432. \u041b\u0435\u0433\u043a\u0438\u0439 \u0432 \u0443\u0441\u0442\u0430\u043d\u043e\u0432\u043a\u0435!\",\"breadcrumb\":{\"@id\":\"https:\/\/xstyle.md\/product\/boks-modula-wego-450-matt\/#breadcrumb\"},\"inLanguage\":\"ro-RO\",\"potentialAction\":[{\"@type\":\"ReadAction\",\"target\":[\"https:\/\/xstyle.md\/product\/boks-modula-wego-450-matt\/\"]}]},{\"@type\":\"ImageObject\",\"inLanguage\":\"ro-RO\",\"@id\":\"https:\/\/xstyle.md\/product\/boks-modula-wego-450-matt\/#primaryimage\",\"url\":\"https:\/\/xstyle.md\/wp-content\/uploads\/2022\/08\/modula-wego-450-matt.jpg\",\"contentUrl\":\"https:\/\/xstyle.md\/wp-content\/uploads\/2022\/08\/modula-wego-450-matt.jpg\",\"width\":1000,\"height\":650,\"caption\":\"\u0411\u0430\u0433\u0430\u0436\u043d\u0438\u043a \u043d\u0430 \u043a\u0440\u044b\u0448\u0443 Modula Wego 450 Matt \u0434\u043b\u044f \u0430\u043a\u0442\u0438\u0432\u043d\u043e\u0433\u043e \u043e\u0442\u0434\u044b\u0445\u0430 \u043f\u043e\u0445\u043e\u0434\u043e\u0432 \u043f\u0443\u0442\u0435\u0448\u0435\u0441\u0442\u0432\u0438\u0439 \u0438 \u0441\u043f\u043e\u0440\u0442\u0438\u0432\u043d\u043e\u0439 \u043e\u0434\u0435\u0436\u0434\u044b \u043e\u0431\u0443\u0432\u0438 for \u043e\u043d\u043b\u0430\u0439\u043d-\u043c\u0430\u0433\u0430\u0437\u0438\u043d \u0442\u043e\u0432\u0430\u0440\u043e\u0432 \u0434\u043b\u044f \u0430\u043a\u0442\u0438\u0432\u043d\u043e\u0439 \u0436\u0438\u0437\u043d\u0438\"},{\"@type\":\"BreadcrumbList\",\"@id\":\"https:\/\/xstyle.md\/product\/boks-modula-wego-450-matt\/#breadcrumb\",\"itemListElement\":[{\"@type\":\"ListItem\",\"position\":1,\"name\":\"\u0413\u043b\u0430\u0432\u043d\u0430\u044f \u0441\u0442\u0440\u0430\u043d\u0438\u0446\u0430\",\"item\":\"https:\/\/xstyle.md\/\"},{\"@type\":\"ListItem\",\"position\":2,\"name\":\"\u041c\u0430\u0433\u0430\u0437\u0438\u043d\",\"item\":\"https:\/\/xstyle.md\/shop\/\"},{\"@type\":\"ListItem\",\"position\":3,\"name\":\"\u0411\u0430\u0433\u0430\u0436\u043d\u0438\u043a \u043d\u0430 \u043a\u0440\u044b\u0448\u0443 Modula Wego 450 Matt\"}]},{\"@type\":\"WebSite\",\"@id\":\"https:\/\/xstyle.md\/#website\",\"url\":\"https:\/\/xstyle.md\/\",\"name\":\"\u041c\u0430\u0433\u0430\u0437\u0438\u043d Xstyle\",\"description\":\"C\u043d\u0430\u0440\u044f\u0436\u0435\u043d\u0438\u0435 \u0434\u043b\u044f \u0442\u0443\u0440\u0438\u0437\u043c\u0430 \u0438 \u044d\u043a\u0441\u0442\u0440\u0435\u043c\u0430\u043b\u044c\u043d\u044b\u0445 \u0432\u0438\u0434\u043e\u0432 \u0441\u043f\u043e\u0440\u0442\u0430 \u0432 \u041c\u043e\u043b\u0434\u043e\u0432\u0435.. \u0426\u0435\u043d\u044b, \u0444\u043e\u0442\u043e, \u0445\u0430\u0440\u0430\u043a\u0442\u0435\u0440\u0438\u0441\u0442\u0438\u043a\u0438 \u0432 \u041c\u043e\u043b\u0434\u043e\u0432\u0435.\",\"publisher\":{\"@id\":\"https:\/\/xstyle.md\/#organization\"},\"alternateName\":\"X-Style\",\"potentialAction\":[{\"@type\":\"SearchAction\",\"target\":{\"@type\":\"EntryPoint\",\"urlTemplate\":\"https:\/\/xstyle.md\/?s={search_term_string}\"},\"query-input\":{\"@type\":\"PropertyValueSpecification\",\"valueRequired\":true,\"valueName\":\"search_term_string\"}}],\"inLanguage\":\"ro-RO\"},{\"@type\":\"Organization\",\"@id\":\"https:\/\/xstyle.md\/#organization\",\"name\":\"\u041c\u0430\u0433\u0430\u0437\u0438\u043d Xstyle\",\"alternateName\":\"x-style\",\"url\":\"https:\/\/xstyle.md\/\",\"logo\":{\"@type\":\"ImageObject\",\"inLanguage\":\"ro-RO\",\"@id\":\"https:\/\/xstyle.md\/#\/schema\/logo\/image\/\",\"url\":\"https:\/\/xstyle.md\/wp-content\/uploads\/2020\/06\/logoicon.svg\",\"contentUrl\":\"https:\/\/xstyle.md\/wp-content\/uploads\/2020\/06\/logoicon.svg\",\"caption\":\"\u041c\u0430\u0433\u0430\u0437\u0438\u043d Xstyle\"},\"image\":{\"@id\":\"https:\/\/xstyle.md\/#\/schema\/logo\/image\/\"},\"sameAs\":[\"https:\/\/www.facebook.com\/xstylemd\",\"https:\/\/www.instagram.com\/xstyle_md\/\",\"https:\/\/t.me\/xstyle_outdoor\"],\"hasMerchantReturnPolicy\":{\"@type\":\"MerchantReturnPolicy\",\"merchantReturnLink\":\"https:\/\/xstyle.md\/ro\/conditions\/\"}}]}<\/script>\n<meta property=\"product:price:amount\" content=\"9190.00\" \/>\n<meta property=\"product:price:currency\" content=\"MDL\" \/>\n<meta property=\"og:availability\" content=\"instock\" \/>\n<meta property=\"product:availability\" content=\"instock\" \/>\n<meta property=\"product:retailer_item_id\" content=\"8051406426033\" \/>\n<meta property=\"product:condition\" content=\"new\" \/>\n<!-- \/ Yoast SEO plugin. -->","yoast_head_json":{"title":"\u0411\u0430\u0433\u0430\u0436\u043d\u0438\u043a \u043d\u0430 \u043a\u0440\u044b\u0448\u0443 Modula Wego 450 Matt - \u041c\u0430\u0433\u0430\u0437\u0438\u043d Xstyle","description":"Banc\u0103 Modula Wego 450 Matt \u2014 un suport elegant \u0219i aerodinamic pentru sportivi. Ideal pentru transportul schiurilor \u0219i snowboardurilor. U\u0219or de instalat!","robots":{"index":"index","follow":"follow","max-snippet":"max-snippet:-1","max-image-preview":"max-image-preview:large","max-video-preview":"max-video-preview:-1"},"canonical":"https:\/\/xstyle.md\/ro\/produs\/boks-modula-wego-450-matt\/","og_locale":"ro_RO","og_type":"article","og_title":"\u0411\u0430\u0433\u0430\u0436\u043d\u0438\u043a \u043d\u0430 \u043a\u0440\u044b\u0448\u0443 Modula Wego 450 Matt - \u041c\u0430\u0433\u0430\u0437\u0438\u043d Xstyle","og_description":"\u0411\u043e\u043a\u0441 Modula Wego 450 Matt \u2014 \u0441\u0442\u0438\u043b\u044c\u043d\u044b\u0439 \u0438 \u0430\u044d\u0440\u043e\u0434\u0438\u043d\u0430\u043c\u0438\u0447\u043d\u044b\u0439 \u0431\u0430\u0433\u0430\u0436\u043d\u0438\u043a \u0434\u043b\u044f \u0441\u043f\u043e\u0440\u0442\u0441\u043c\u0435\u043d\u043e\u0432. \u0418\u0434\u0435\u0430\u043b\u0435\u043d \u0434\u043b\u044f \u0442\u0440\u0430\u043d\u0441\u043f\u043e\u0440\u0442\u0430 \u043b\u044b\u0436 \u0438 \u0441\u043d\u043e\u0443\u0431\u043e\u0440\u0434\u043e\u0432. \u041b\u0435\u0433\u043a\u0438\u0439 \u0432 \u0443\u0441\u0442\u0430\u043d\u043e\u0432\u043a\u0435!","og_url":"https:\/\/xstyle.md\/ro\/produs\/boks-modula-wego-450-matt\/","og_site_name":"\u041c\u0430\u0433\u0430\u0437\u0438\u043d Xstyle","article_publisher":"https:\/\/www.facebook.com\/xstylemd","article_modified_time":"2026-03-04T09:28:09+00:00","og_image":[{"width":1000,"height":650,"url":"https:\/\/xstyle.md\/wp-content\/uploads\/2022\/08\/modula-wego-450-matt.jpg","type":"image\/jpeg"}],"twitter_card":"summary_large_image","twitter_misc":{"Pre\u021b":"9.190&nbsp;MDL","Disponibilitate":"\u00cen stoc"},"schema":{"@context":"https:\/\/schema.org","@graph":[{"@type":"WebPage","@id":"https:\/\/xstyle.md\/product\/boks-modula-wego-450-matt\/","url":"https:\/\/xstyle.md\/product\/boks-modula-wego-450-matt\/","name":"\u0411\u0430\u0433\u0430\u0436\u043d\u0438\u043a \u043d\u0430 \u043a\u0440\u044b\u0448\u0443 Modula Wego 450 Matt - \u041c\u0430\u0433\u0430\u0437\u0438\u043d Xstyle","isPartOf":{"@id":"https:\/\/xstyle.md\/#website"},"primaryImageOfPage":{"@id":"https:\/\/xstyle.md\/product\/boks-modula-wego-450-matt\/#primaryimage"},"image":{"@id":"https:\/\/xstyle.md\/product\/boks-modula-wego-450-matt\/#primaryimage"},"thumbnailUrl":"https:\/\/xstyle.md\/wp-content\/uploads\/2022\/08\/modula-wego-450-matt.jpg","datePublished":"2022-08-25T07:40:38+00:00","dateModified":"2026-03-04T09:28:09+00:00","description":"Banc\u0103 Modula Wego 450 Matt \u2014 un suport elegant \u0219i aerodinamic pentru sportivi. Ideal pentru transportul schiurilor \u0219i snowboardurilor. U\u0219or de instalat!","breadcrumb":{"@id":"https:\/\/xstyle.md\/product\/boks-modula-wego-450-matt\/#breadcrumb"},"inLanguage":"ro-RO","potentialAction":[{"@type":"ReadAction","target":["https:\/\/xstyle.md\/product\/boks-modula-wego-450-matt\/"]}]},{"@type":"ImageObject","inLanguage":"ro-RO","@id":"https:\/\/xstyle.md\/product\/boks-modula-wego-450-matt\/#primaryimage","url":"https:\/\/xstyle.md\/wp-content\/uploads\/2022\/08\/modula-wego-450-matt.jpg","contentUrl":"https:\/\/xstyle.md\/wp-content\/uploads\/2022\/08\/modula-wego-450-matt.jpg","width":1000,"height":650,"caption":"\u0411\u0430\u0433\u0430\u0436\u043d\u0438\u043a \u043d\u0430 \u043a\u0440\u044b\u0448\u0443 Modula Wego 450 Matt \u0434\u043b\u044f \u0430\u043a\u0442\u0438\u0432\u043d\u043e\u0433\u043e \u043e\u0442\u0434\u044b\u0445\u0430 \u043f\u043e\u0445\u043e\u0434\u043e\u0432 \u043f\u0443\u0442\u0435\u0448\u0435\u0441\u0442\u0432\u0438\u0439 \u0438 \u0441\u043f\u043e\u0440\u0442\u0438\u0432\u043d\u043e\u0439 \u043e\u0434\u0435\u0436\u0434\u044b \u043e\u0431\u0443\u0432\u0438 for \u043e\u043d\u043b\u0430\u0439\u043d-\u043c\u0430\u0433\u0430\u0437\u0438\u043d \u0442\u043e\u0432\u0430\u0440\u043e\u0432 \u0434\u043b\u044f \u0430\u043a\u0442\u0438\u0432\u043d\u043e\u0439 \u0436\u0438\u0437\u043d\u0438"},{"@type":"BreadcrumbList","@id":"https:\/\/xstyle.md\/product\/boks-modula-wego-450-matt\/#breadcrumb","itemListElement":[{"@type":"ListItem","position":1,"name":"\u0413\u043b\u0430\u0432\u043d\u0430\u044f \u0441\u0442\u0440\u0430\u043d\u0438\u0446\u0430","item":"https:\/\/xstyle.md\/"},{"@type":"ListItem","position":2,"name":"\u041c\u0430\u0433\u0430\u0437\u0438\u043d","item":"https:\/\/xstyle.md\/shop\/"},{"@type":"ListItem","position":3,"name":"\u0411\u0430\u0433\u0430\u0436\u043d\u0438\u043a \u043d\u0430 \u043a\u0440\u044b\u0448\u0443 Modula Wego 450 Matt"}]},{"@type":"WebSite","@id":"https:\/\/xstyle.md\/#website","url":"https:\/\/xstyle.md\/","name":"Magazinul X-Style","description":"Echipamente pentru turism \u0219i sporturi extreme \u00een Moldova. Pre\u021buri, fotografii, caracteristici \u00een Moldova.","publisher":{"@id":"https:\/\/xstyle.md\/#organization"},"alternateName":"X-Style","potentialAction":[{"@type":"SearchAction","target":{"@type":"EntryPoint","urlTemplate":"https:\/\/xstyle.md\/?s={search_term_string}"},"query-input":{"@type":"PropertyValueSpecification","valueRequired":true,"valueName":"search_term_string"}}],"inLanguage":"ro-RO"},{"@type":"Organization","@id":"https:\/\/xstyle.md\/#organization","name":"Magazinul X-Style","alternateName":"x-style","url":"https:\/\/xstyle.md\/","logo":{"@type":"ImageObject","inLanguage":"ro-RO","@id":"https:\/\/xstyle.md\/#\/schema\/logo\/image\/","url":"https:\/\/xstyle.md\/wp-content\/uploads\/2020\/06\/logoicon.svg","contentUrl":"https:\/\/xstyle.md\/wp-content\/uploads\/2020\/06\/logoicon.svg","caption":"\u041c\u0430\u0433\u0430\u0437\u0438\u043d Xstyle"},"image":{"@id":"https:\/\/xstyle.md\/#\/schema\/logo\/image\/"},"sameAs":["https:\/\/www.facebook.com\/xstylemd","https:\/\/www.instagram.com\/xstyle_md\/","https:\/\/t.me\/xstyle_outdoor"],"hasMerchantReturnPolicy":{"@type":"MerchantReturnPolicy","merchantReturnLink":"https:\/\/xstyle.md\/ro\/conditions\/"}}]},"product_price_amount":"9190.00","product_price_currency":"MDL","og_availability":"instock","product_availability":"instock","product_retailer_item_id":"8051406426033","product_condition":"new"},"post_mailing_queue_ids":[],"_links":{"self":[{"href":"https:\/\/xstyle.md\/ro\/wp-json\/wp\/v2\/product\/51843","targetHints":{"allow":["GET"]}}],"collection":[{"href":"https:\/\/xstyle.md\/ro\/wp-json\/wp\/v2\/product"}],"about":[{"href":"https:\/\/xstyle.md\/ro\/wp-json\/wp\/v2\/types\/product"}],"replies":[{"embeddable":true,"href":"https:\/\/xstyle.md\/ro\/wp-json\/wp\/v2\/comments?post=51843"}],"wp:featuredmedia":[{"embeddable":true,"href":"https:\/\/xstyle.md\/ro\/wp-json\/wp\/v2\/media\/52264"}],"wp:attachment":[{"href":"https:\/\/xstyle.md\/ro\/wp-json\/wp\/v2\/media?parent=51843"}],"wp:term":[{"taxonomy":"product_brand","embeddable":true,"href":"https:\/\/xstyle.md\/ro\/wp-json\/wp\/v2\/product_brand?post=51843"},{"taxonomy":"product_cat","embeddable":true,"href":"https:\/\/xstyle.md\/ro\/wp-json\/wp\/v2\/product_cat?post=51843"},{"taxonomy":"product_tag","embeddable":true,"href":"https:\/\/xstyle.md\/ro\/wp-json\/wp\/v2\/product_tag?post=51843"}],"curies":[{"name":"wp","href":"https:\/\/api.w.org\/{rel}","templated":true}]}}