{"id":5180,"date":"2020-07-16T20:24:40","date_gmt":"2020-07-16T17:24:40","guid":{"rendered":"https:\/\/xstyle.md\/product\/germorjukzak-neris-80-l"},"modified":"2024-10-21T09:35:42","modified_gmt":"2024-10-21T06:35:42","slug":"germorjukzak-neris-80-l","status":"publish","type":"product","link":"https:\/\/xstyle.md\/ro\/produs\/germorjukzak-neris-80-l\/","title":{"rendered":"Rucsac ermetic Neris 80 l"},"content":{"rendered":"<\/p>\n<p>Rucsac ermetic<strong> Neris 80 l &#8212;\u00a0<\/strong>este proiectat pentru a v\u0103 men\u021bine lucrurile uscate \u00een orice vreme. Absolut ermetic, are o bun\u0103 flotabilitate.<\/p>\n<p>Rucsacul este indispensabil \u00een multe situa\u021bii. Acesta \u00eempiedic\u0103 udarea hainelor de schimb, a echipamentului foto-video, a echipamentului \u0219i a documentelor \u00een condi\u021bii meteorologice dure.<\/p>\n<h3>Particularit\u0103\u021bi<\/h3>\n<ul>\n<li>Fabricat din PVC Plastel Boat cu cinci straturi de PVC 620 g\/m\u00b2, impregnat cu poliuretan termic. Acest lucru \u00eenseamn\u0103 c\u0103 materialul nu este doar impermeabil, ci \u0219i rezistent la \u00eenghe\u021b. Nu se va cr\u0103pa la temperaturi sc\u0103zute, a\u0219a c\u0103 este perfect pentru a fi folosit \u00een timpul pescuitului de iarn\u0103, atunci c\u00e2nd exist\u0103 ap\u0103 deasupra ghe\u021bii \u0219i ave\u021bi nevoie de ceva care s\u0103 v\u0103 protejeze hainele \u0219i echipamentul s\u0103 nu se ude. Cus\u0103turile sunt sudate \u00eempreun\u0103 cu curent de \u00eenalt\u0103 frecven\u021b\u0103 pentru o rezisten\u021b\u0103 total\u0103 la ap\u0103.<\/li>\n<li>Partea superioar\u0103 a rucsacului este r\u0103sucit\u0103 \u0219i fixat\u0103 cu ajutorul unor elemente de fixare pentru a forma un m\u00e2ner de transport. \u00cen acest fel, se ob\u021bine o etan\u0219are perfect\u0103 a compartimentului interior.<\/li>\n<\/ul>\n<h3>Caracteristici<\/h3>\n<ul>\n<li>Material &#8212; Plastel Boat 620 g\/m\u00b2<\/li>\n<li>Dimensiuni &#8212; 100 x 45 cm<\/li>\n<li>Volum &#8212; 80 l<\/li>\n<li>Greutate &#8212; 0,9 kg.<\/li>\n<\/ul>\n<h3>Marca<\/h3>\n<p>Neris &#8212; este un produc\u0103tor ucrainean de echipamente pentru turismul acvatic. Istoria companiei dateaz\u0103 din 1999, c\u00e2nd trei turi\u0219ti acvatici au deschis, \u00eentr-un mic subsol din Kiev, un atelier pentru repararea \u0219i service-ul echipamentelor acvatice, precum \u0219i pentru produc\u021bia mai multor modele de cochilii pentru caiace cu cadru. Treptat, produc\u021bia la bucat\u0103 s-a transformat \u00eentr-o produc\u021bie \u00een serie, iar subsol mic a fost transformat \u00eentr-un atelier modern, dotat cu cele mai moderne echipamente de produc\u021bie.<\/p>\n<p>Ast\u0103zi, produsele marca Neris sunt bine cunoscute nu numai \u00een Ucraina, ci \u0219i \u00een Europa \u0219i America. Caiacele Neris au parcurs mii de kilometri de rute de ap\u0103 \u00een diferite p\u0103r\u021bi ale lumii &#8212; de la tropicele africane p\u00e2n\u0103 la apele aspre ale Arcticii.<\/p>\n<p><\/p>","protected":false},"excerpt":{"rendered":"<p>\u0413\u0435\u0440\u043c\u043e\u0440\u044e\u043a\u0437\u0430\u043a Neris 80<\/p>","protected":false},"featured_media":5179,"comment_status":"open","ping_status":"closed","template":"","meta":{"_acf_changed":false,"inline_featured_image":false},"product_brand":[1288],"product_cat":[863],"product_tag":[],"class_list":{"0":"post-5180","1":"product","2":"type-product","3":"status-publish","4":"has-post-thumbnail","6":"product_brand-neris","7":"product_cat-hermetic-bags","9":"first","10":"instock","11":"shipping-taxable","12":"purchasable","13":"product-type-simple"},"acf":[],"yoast_head":"<!-- This site is optimized with the Yoast SEO plugin v27.2 - https:\/\/yoast.com\/product\/yoast-seo-wordpress\/ -->\n<title>\u0413\u0435\u0440\u043c\u043e\u0440\u044e\u043a\u0437\u0430\u043a Neris 80 l - \u041c\u0430\u0433\u0430\u0437\u0438\u043d Xstyle<\/title>\n<meta name=\"description\" content=\"\u0413\u0435\u0440\u043c\u043e\u0440\u044e\u043a\u0437\u0430\u043a Neris 80 \u043b \u0438\u0434\u0435\u0430\u043b\u044c\u043d\u043e \u043f\u043e\u0434\u0445\u043e\u0434\u0438\u0442 \u0434\u043b\u044f \u0445\u0440\u0430\u043d\u0435\u043d\u0438\u044f \u0432\u0435\u0449\u0435\u0439 \u0432 \u043b\u044e\u0431\u0443\u044e \u043f\u043e\u0433\u043e\u0434\u0443. \u041e\u043d \u0433\u0435\u0440\u043c\u0435\u0442\u0438\u0447\u043d\u044b\u0439, \u0432\u043e\u0434\u043e\u043d\u0435\u043f\u0440\u043e\u043d\u0438\u0446\u0430\u0435\u043c\u044b\u0439 \u0438 \u043e\u0431\u043b\u0430\u0434\u0430\u0435\u0442 \u0445\u043e\u0440\u043e\u0448\u0435\u0439 \u043f\u043b\u0430\u0432\u0443\u0447\u0435\u0441\u0442\u044c\u044e.\" \/>\n<meta name=\"robots\" content=\"index, follow, max-snippet:-1, max-image-preview:large, max-video-preview:-1\" \/>\n<link rel=\"canonical\" href=\"https:\/\/xstyle.md\/ro\/produs\/germorjukzak-neris-80-l\/\" \/>\n<meta property=\"og:locale\" content=\"ro_RO\" \/>\n<meta property=\"og:type\" content=\"article\" \/>\n<meta property=\"og:title\" content=\"\u0413\u0435\u0440\u043c\u043e\u0440\u044e\u043a\u0437\u0430\u043a Neris 80 l - \u041c\u0430\u0433\u0430\u0437\u0438\u043d Xstyle\" \/>\n<meta property=\"og:description\" content=\"\u0413\u0435\u0440\u043c\u043e\u0440\u044e\u043a\u0437\u0430\u043a Neris 80 \u043b \u0438\u0434\u0435\u0430\u043b\u044c\u043d\u043e \u043f\u043e\u0434\u0445\u043e\u0434\u0438\u0442 \u0434\u043b\u044f \u0445\u0440\u0430\u043d\u0435\u043d\u0438\u044f \u0432\u0435\u0449\u0435\u0439 \u0432 \u043b\u044e\u0431\u0443\u044e \u043f\u043e\u0433\u043e\u0434\u0443. \u041e\u043d \u0433\u0435\u0440\u043c\u0435\u0442\u0438\u0447\u043d\u044b\u0439, \u0432\u043e\u0434\u043e\u043d\u0435\u043f\u0440\u043e\u043d\u0438\u0446\u0430\u0435\u043c\u044b\u0439 \u0438 \u043e\u0431\u043b\u0430\u0434\u0430\u0435\u0442 \u0445\u043e\u0440\u043e\u0448\u0435\u0439 \u043f\u043b\u0430\u0432\u0443\u0447\u0435\u0441\u0442\u044c\u044e.\" \/>\n<meta property=\"og:url\" content=\"https:\/\/xstyle.md\/ro\/produs\/germorjukzak-neris-80-l\/\" \/>\n<meta property=\"og:site_name\" content=\"\u041c\u0430\u0433\u0430\u0437\u0438\u043d Xstyle\" \/>\n<meta property=\"article:publisher\" content=\"https:\/\/www.facebook.com\/xstylemd\" \/>\n<meta property=\"article:modified_time\" content=\"2024-10-21T06:35:42+00:00\" \/>\n<meta property=\"og:image\" content=\"https:\/\/xstyle.md\/wp-content\/uploads\/2020\/07\/gu80.800.jpg\" \/>\n\t<meta property=\"og:image:width\" content=\"450\" \/>\n\t<meta property=\"og:image:height\" content=\"450\" \/>\n\t<meta property=\"og:image:type\" content=\"image\/jpeg\" \/>\n<meta name=\"twitter:card\" content=\"summary_large_image\" \/>\n<meta name=\"twitter:label1\" content=\"Pre\u021b\" \/>\n\t<meta name=\"twitter:data1\" content=\"1.290&nbsp;MDL\" \/>\n\t<meta name=\"twitter:label2\" content=\"Disponibilitate\" \/>\n\t<meta name=\"twitter:data2\" content=\"\u00cen stoc\" \/>\n<script type=\"application\/ld+json\" class=\"yoast-schema-graph\">{\"@context\":\"https:\/\/schema.org\",\"@graph\":[{\"@type\":\"WebPage\",\"@id\":\"https:\/\/xstyle.md\/product\/germorjukzak-neris-80-l\/\",\"url\":\"https:\/\/xstyle.md\/product\/germorjukzak-neris-80-l\/\",\"name\":\"\u0413\u0435\u0440\u043c\u043e\u0440\u044e\u043a\u0437\u0430\u043a Neris 80 l - \u041c\u0430\u0433\u0430\u0437\u0438\u043d Xstyle\",\"isPartOf\":{\"@id\":\"https:\/\/xstyle.md\/#website\"},\"primaryImageOfPage\":{\"@id\":\"https:\/\/xstyle.md\/product\/germorjukzak-neris-80-l\/#primaryimage\"},\"image\":{\"@id\":\"https:\/\/xstyle.md\/product\/germorjukzak-neris-80-l\/#primaryimage\"},\"thumbnailUrl\":\"https:\/\/xstyle.md\/wp-content\/uploads\/2020\/07\/gu80.800.jpg\",\"datePublished\":\"2020-07-16T17:24:40+00:00\",\"dateModified\":\"2024-10-21T06:35:42+00:00\",\"description\":\"\u0413\u0435\u0440\u043c\u043e\u0440\u044e\u043a\u0437\u0430\u043a Neris 80 \u043b \u0438\u0434\u0435\u0430\u043b\u044c\u043d\u043e \u043f\u043e\u0434\u0445\u043e\u0434\u0438\u0442 \u0434\u043b\u044f \u0445\u0440\u0430\u043d\u0435\u043d\u0438\u044f \u0432\u0435\u0449\u0435\u0439 \u0432 \u043b\u044e\u0431\u0443\u044e \u043f\u043e\u0433\u043e\u0434\u0443. \u041e\u043d \u0433\u0435\u0440\u043c\u0435\u0442\u0438\u0447\u043d\u044b\u0439, \u0432\u043e\u0434\u043e\u043d\u0435\u043f\u0440\u043e\u043d\u0438\u0446\u0430\u0435\u043c\u044b\u0439 \u0438 \u043e\u0431\u043b\u0430\u0434\u0430\u0435\u0442 \u0445\u043e\u0440\u043e\u0448\u0435\u0439 \u043f\u043b\u0430\u0432\u0443\u0447\u0435\u0441\u0442\u044c\u044e.\",\"breadcrumb\":{\"@id\":\"https:\/\/xstyle.md\/product\/germorjukzak-neris-80-l\/#breadcrumb\"},\"inLanguage\":\"ro-RO\",\"potentialAction\":[{\"@type\":\"ReadAction\",\"target\":[\"https:\/\/xstyle.md\/product\/germorjukzak-neris-80-l\/\"]}]},{\"@type\":\"ImageObject\",\"inLanguage\":\"ro-RO\",\"@id\":\"https:\/\/xstyle.md\/product\/germorjukzak-neris-80-l\/#primaryimage\",\"url\":\"https:\/\/xstyle.md\/wp-content\/uploads\/2020\/07\/gu80.800.jpg\",\"contentUrl\":\"https:\/\/xstyle.md\/wp-content\/uploads\/2020\/07\/gu80.800.jpg\",\"width\":450,\"height\":450},{\"@type\":\"BreadcrumbList\",\"@id\":\"https:\/\/xstyle.md\/product\/germorjukzak-neris-80-l\/#breadcrumb\",\"itemListElement\":[{\"@type\":\"ListItem\",\"position\":1,\"name\":\"\u0413\u043b\u0430\u0432\u043d\u0430\u044f \u0441\u0442\u0440\u0430\u043d\u0438\u0446\u0430\",\"item\":\"https:\/\/xstyle.md\/\"},{\"@type\":\"ListItem\",\"position\":2,\"name\":\"\u041c\u0430\u0433\u0430\u0437\u0438\u043d\",\"item\":\"https:\/\/xstyle.md\/shop\/\"},{\"@type\":\"ListItem\",\"position\":3,\"name\":\"\u0413\u0435\u0440\u043c\u043e\u0440\u044e\u043a\u0437\u0430\u043a Neris 80 l\"}]},{\"@type\":\"WebSite\",\"@id\":\"https:\/\/xstyle.md\/#website\",\"url\":\"https:\/\/xstyle.md\/\",\"name\":\"\u041c\u0430\u0433\u0430\u0437\u0438\u043d Xstyle\",\"description\":\"C\u043d\u0430\u0440\u044f\u0436\u0435\u043d\u0438\u0435 \u0434\u043b\u044f \u0442\u0443\u0440\u0438\u0437\u043c\u0430 \u0438 \u044d\u043a\u0441\u0442\u0440\u0435\u043c\u0430\u043b\u044c\u043d\u044b\u0445 \u0432\u0438\u0434\u043e\u0432 \u0441\u043f\u043e\u0440\u0442\u0430 \u0432 \u041c\u043e\u043b\u0434\u043e\u0432\u0435.. \u0426\u0435\u043d\u044b, \u0444\u043e\u0442\u043e, \u0445\u0430\u0440\u0430\u043a\u0442\u0435\u0440\u0438\u0441\u0442\u0438\u043a\u0438 \u0432 \u041c\u043e\u043b\u0434\u043e\u0432\u0435.\",\"publisher\":{\"@id\":\"https:\/\/xstyle.md\/#organization\"},\"alternateName\":\"X-Style\",\"potentialAction\":[{\"@type\":\"SearchAction\",\"target\":{\"@type\":\"EntryPoint\",\"urlTemplate\":\"https:\/\/xstyle.md\/?s={search_term_string}\"},\"query-input\":{\"@type\":\"PropertyValueSpecification\",\"valueRequired\":true,\"valueName\":\"search_term_string\"}}],\"inLanguage\":\"ro-RO\"},{\"@type\":\"Organization\",\"@id\":\"https:\/\/xstyle.md\/#organization\",\"name\":\"\u041c\u0430\u0433\u0430\u0437\u0438\u043d Xstyle\",\"alternateName\":\"x-style\",\"url\":\"https:\/\/xstyle.md\/\",\"logo\":{\"@type\":\"ImageObject\",\"inLanguage\":\"ro-RO\",\"@id\":\"https:\/\/xstyle.md\/#\/schema\/logo\/image\/\",\"url\":\"https:\/\/xstyle.md\/wp-content\/uploads\/2020\/06\/logoicon.svg\",\"contentUrl\":\"https:\/\/xstyle.md\/wp-content\/uploads\/2020\/06\/logoicon.svg\",\"caption\":\"\u041c\u0430\u0433\u0430\u0437\u0438\u043d Xstyle\"},\"image\":{\"@id\":\"https:\/\/xstyle.md\/#\/schema\/logo\/image\/\"},\"sameAs\":[\"https:\/\/www.facebook.com\/xstylemd\",\"https:\/\/www.instagram.com\/xstyle_md\/\",\"https:\/\/t.me\/xstyle_outdoor\"],\"hasMerchantReturnPolicy\":{\"@type\":\"MerchantReturnPolicy\",\"merchantReturnLink\":\"https:\/\/xstyle.md\/ro\/conditions\/\"}}]}<\/script>\n<meta property=\"product:price:amount\" content=\"1290.00\" \/>\n<meta property=\"product:price:currency\" content=\"MDL\" \/>\n<meta property=\"og:availability\" content=\"instock\" \/>\n<meta property=\"product:availability\" content=\"instock\" \/>\n<meta property=\"product:retailer_item_id\" content=\"2003333221065\" \/>\n<meta property=\"product:condition\" content=\"new\" \/>\n<!-- \/ Yoast SEO plugin. -->","yoast_head_json":{"title":"Rucsac ermetic Neris 80 l - Magazin Xstyle","description":"Rucsacul hermetic Neris de 80 l este ideal pentru depozitarea lucrurilor \u00een orice vreme. Este etan\u0219, impermeabil \u0219i are o bun\u0103 flotabilitate.","robots":{"index":"index","follow":"follow","max-snippet":"max-snippet:-1","max-image-preview":"max-image-preview:large","max-video-preview":"max-video-preview:-1"},"canonical":"https:\/\/xstyle.md\/ro\/produs\/germorjukzak-neris-80-l\/","og_locale":"ro_RO","og_type":"article","og_title":"\u0413\u0435\u0440\u043c\u043e\u0440\u044e\u043a\u0437\u0430\u043a Neris 80 l - \u041c\u0430\u0433\u0430\u0437\u0438\u043d Xstyle","og_description":"\u0413\u0435\u0440\u043c\u043e\u0440\u044e\u043a\u0437\u0430\u043a Neris 80 \u043b \u0438\u0434\u0435\u0430\u043b\u044c\u043d\u043e \u043f\u043e\u0434\u0445\u043e\u0434\u0438\u0442 \u0434\u043b\u044f \u0445\u0440\u0430\u043d\u0435\u043d\u0438\u044f \u0432\u0435\u0449\u0435\u0439 \u0432 \u043b\u044e\u0431\u0443\u044e \u043f\u043e\u0433\u043e\u0434\u0443. \u041e\u043d \u0433\u0435\u0440\u043c\u0435\u0442\u0438\u0447\u043d\u044b\u0439, \u0432\u043e\u0434\u043e\u043d\u0435\u043f\u0440\u043e\u043d\u0438\u0446\u0430\u0435\u043c\u044b\u0439 \u0438 \u043e\u0431\u043b\u0430\u0434\u0430\u0435\u0442 \u0445\u043e\u0440\u043e\u0448\u0435\u0439 \u043f\u043b\u0430\u0432\u0443\u0447\u0435\u0441\u0442\u044c\u044e.","og_url":"https:\/\/xstyle.md\/ro\/produs\/germorjukzak-neris-80-l\/","og_site_name":"\u041c\u0430\u0433\u0430\u0437\u0438\u043d Xstyle","article_publisher":"https:\/\/www.facebook.com\/xstylemd","article_modified_time":"2024-10-21T06:35:42+00:00","og_image":[{"width":450,"height":450,"url":"https:\/\/xstyle.md\/wp-content\/uploads\/2020\/07\/gu80.800.jpg","type":"image\/jpeg"}],"twitter_card":"summary_large_image","twitter_misc":{"Pre\u021b":"1.290&nbsp;MDL","Disponibilitate":"\u00cen stoc"},"schema":{"@context":"https:\/\/schema.org","@graph":[{"@type":"WebPage","@id":"https:\/\/xstyle.md\/product\/germorjukzak-neris-80-l\/","url":"https:\/\/xstyle.md\/product\/germorjukzak-neris-80-l\/","name":"Rucsac ermetic Neris 80 l - Magazin Xstyle","isPartOf":{"@id":"https:\/\/xstyle.md\/#website"},"primaryImageOfPage":{"@id":"https:\/\/xstyle.md\/product\/germorjukzak-neris-80-l\/#primaryimage"},"image":{"@id":"https:\/\/xstyle.md\/product\/germorjukzak-neris-80-l\/#primaryimage"},"thumbnailUrl":"https:\/\/xstyle.md\/wp-content\/uploads\/2020\/07\/gu80.800.jpg","datePublished":"2020-07-16T17:24:40+00:00","dateModified":"2024-10-21T06:35:42+00:00","description":"Rucsacul hermetic Neris de 80 l este ideal pentru depozitarea lucrurilor \u00een orice vreme. Este etan\u0219, impermeabil \u0219i are o bun\u0103 flotabilitate.","breadcrumb":{"@id":"https:\/\/xstyle.md\/product\/germorjukzak-neris-80-l\/#breadcrumb"},"inLanguage":"ro-RO","potentialAction":[{"@type":"ReadAction","target":["https:\/\/xstyle.md\/product\/germorjukzak-neris-80-l\/"]}]},{"@type":"ImageObject","inLanguage":"ro-RO","@id":"https:\/\/xstyle.md\/product\/germorjukzak-neris-80-l\/#primaryimage","url":"https:\/\/xstyle.md\/wp-content\/uploads\/2020\/07\/gu80.800.jpg","contentUrl":"https:\/\/xstyle.md\/wp-content\/uploads\/2020\/07\/gu80.800.jpg","width":450,"height":450},{"@type":"BreadcrumbList","@id":"https:\/\/xstyle.md\/product\/germorjukzak-neris-80-l\/#breadcrumb","itemListElement":[{"@type":"ListItem","position":1,"name":"\u0413\u043b\u0430\u0432\u043d\u0430\u044f \u0441\u0442\u0440\u0430\u043d\u0438\u0446\u0430","item":"https:\/\/xstyle.md\/"},{"@type":"ListItem","position":2,"name":"\u041c\u0430\u0433\u0430\u0437\u0438\u043d","item":"https:\/\/xstyle.md\/shop\/"},{"@type":"ListItem","position":3,"name":"\u0413\u0435\u0440\u043c\u043e\u0440\u044e\u043a\u0437\u0430\u043a Neris 80 l"}]},{"@type":"WebSite","@id":"https:\/\/xstyle.md\/#website","url":"https:\/\/xstyle.md\/","name":"Magazinul X-Style","description":"Echipamente pentru turism \u0219i sporturi extreme \u00een Moldova. Pre\u021buri, fotografii, caracteristici \u00een Moldova.","publisher":{"@id":"https:\/\/xstyle.md\/#organization"},"alternateName":"X-Style","potentialAction":[{"@type":"SearchAction","target":{"@type":"EntryPoint","urlTemplate":"https:\/\/xstyle.md\/?s={search_term_string}"},"query-input":{"@type":"PropertyValueSpecification","valueRequired":true,"valueName":"search_term_string"}}],"inLanguage":"ro-RO"},{"@type":"Organization","@id":"https:\/\/xstyle.md\/#organization","name":"Magazinul X-Style","alternateName":"x-style","url":"https:\/\/xstyle.md\/","logo":{"@type":"ImageObject","inLanguage":"ro-RO","@id":"https:\/\/xstyle.md\/#\/schema\/logo\/image\/","url":"https:\/\/xstyle.md\/wp-content\/uploads\/2020\/06\/logoicon.svg","contentUrl":"https:\/\/xstyle.md\/wp-content\/uploads\/2020\/06\/logoicon.svg","caption":"\u041c\u0430\u0433\u0430\u0437\u0438\u043d Xstyle"},"image":{"@id":"https:\/\/xstyle.md\/#\/schema\/logo\/image\/"},"sameAs":["https:\/\/www.facebook.com\/xstylemd","https:\/\/www.instagram.com\/xstyle_md\/","https:\/\/t.me\/xstyle_outdoor"],"hasMerchantReturnPolicy":{"@type":"MerchantReturnPolicy","merchantReturnLink":"https:\/\/xstyle.md\/ro\/conditions\/"}}]},"product_price_amount":"1290.00","product_price_currency":"MDL","og_availability":"instock","product_availability":"instock","product_retailer_item_id":"2003333221065","product_condition":"new"},"post_mailing_queue_ids":[],"_links":{"self":[{"href":"https:\/\/xstyle.md\/ro\/wp-json\/wp\/v2\/product\/5180","targetHints":{"allow":["GET"]}}],"collection":[{"href":"https:\/\/xstyle.md\/ro\/wp-json\/wp\/v2\/product"}],"about":[{"href":"https:\/\/xstyle.md\/ro\/wp-json\/wp\/v2\/types\/product"}],"replies":[{"embeddable":true,"href":"https:\/\/xstyle.md\/ro\/wp-json\/wp\/v2\/comments?post=5180"}],"wp:featuredmedia":[{"embeddable":true,"href":"https:\/\/xstyle.md\/ro\/wp-json\/wp\/v2\/media\/5179"}],"wp:attachment":[{"href":"https:\/\/xstyle.md\/ro\/wp-json\/wp\/v2\/media?parent=5180"}],"wp:term":[{"taxonomy":"product_brand","embeddable":true,"href":"https:\/\/xstyle.md\/ro\/wp-json\/wp\/v2\/product_brand?post=5180"},{"taxonomy":"product_cat","embeddable":true,"href":"https:\/\/xstyle.md\/ro\/wp-json\/wp\/v2\/product_cat?post=5180"},{"taxonomy":"product_tag","embeddable":true,"href":"https:\/\/xstyle.md\/ro\/wp-json\/wp\/v2\/product_tag?post=5180"}],"curies":[{"name":"wp","href":"https:\/\/api.w.org\/{rel}","templated":true}]}}