{"id":5040,"date":"2020-07-16T20:17:22","date_gmt":"2020-07-16T17:17:22","guid":{"rendered":"https:\/\/xstyle.md\/product\/spal-nyj-meshok-odejalo-pinguin-blizzard-junior-150"},"modified":"2025-10-24T13:02:10","modified_gmt":"2025-10-24T10:02:10","slug":"spal-nyj-meshok-odejalo-pinguin-blizzard-junior-150","status":"publish","type":"product","link":"https:\/\/xstyle.md\/ro\/produs\/spal-nyj-meshok-odejalo-pinguin-blizzard-junior-150\/","title":{"rendered":"Sac de dormit Pinguin Blizzard Junior 150"},"content":{"rendered":"<\/p>\n<p>Sac de dormit pentru copii <strong>PINGUIN Blizzard Junior 150<\/strong> &#8212; un sac de dormit ultra-u\u0219or pentru tinerii camperi. Este ideal pentru drume\u021bii \u0219i activit\u0103\u021bi \u00een aer liber la sf\u00e2r\u0219itul prim\u0103verii, vara \u0219i \u00eenceputul toamnei. Gulerul interior rabatabil \u0219i gluga semicircular\u0103 contribuie, de asemenea, la o izolare termic\u0103 excelent\u0103 &#8212; nu trebuie s\u0103 v\u0103 face\u021bi griji c\u0103 copilul dumneavoastr\u0103 va r\u0103ci sau va \u00eenghe\u021ba \u00een timpul excursiilor cu familie!<\/p>\n<p>Exist\u0103 op\u021biunea de \u00eemperechere, un buzunar intern cu fermoar, o clapet\u0103 Velcro pentru a fixa cap\u0103tul fermoarului \u0219i bucle pentru depozitarea \u0219i uscarea corespunz\u0103toare a sacului de dormit \u00een pozi\u021bie vertical\u0103.<\/p>\n<p>Thermicfibre 4 este format din fibre siliconate din poliester r\u0103sucite, care au 4 canale de aer. Izola\u021bia termic\u0103 se realizeaz\u0103 prin aerul acumulat \u00een aceste canale. Datorit\u0103 silicon\u0103rii, frictiune dintre fibre este redus\u0103, ceea ce cre\u0219te longevitatea sacului de dormit.<\/p>\n<h3>Particularit\u0103\u021bi<\/h3>\n<ul>\n<li>Glug\u0103 semicircular\u0103 cu sistem de cordon confortabil \u0219i practic<\/li>\n<li>Fermoar YKK pe ambele fe\u021be, cu mecanism anti-\u00een\u021bep\u0103tur\u0103<\/li>\n<li>Capetele fermoarului sunt fixate cu o clapet\u0103 din velcro pentru a preveni deschiderea accidental\u0103<\/li>\n<li>Tractor de fermoar izolat pentru o mai bun\u0103 izolare termic\u0103, \u00eempiedic\u0103 fermoarul s\u0103 se blocheze \u0219i \u00eempiedic\u0103 prinderea \u021bes\u0103turii \u00een fermoar<\/li>\n<li>Sac de compresie (cu ajutorul curelelor de pe sacul de compresie pute\u021bi reduce volumul sacului de dormit cu p\u00e2n\u0103 la 30%).<\/li>\n<\/ul>\n<h3>Caracteristici<\/h3>\n<ul>\n<li>Greutate &#8212; 1,2 kg<\/li>\n<li>Dimensiuni ambalate &#8212; 19 x 38 cm<\/li>\n<li>Dimensiuni ambalate &#8212; 19 x 25 cm<\/li>\n<li>\u021aes\u0103tur\u0103 exterioar\u0103 &#8212; poliester Ripstop DWR<\/li>\n<li>\u021aes\u0103tur\u0103 interioar\u0103 &#8212; poliester Soltlight<\/li>\n<li>Material de umplutur\u0103 &#8212; ThermicFibre PFM<\/li>\n<li>Num\u0103r de straturi de umplutur\u0103 &#8212; 2<\/li>\n<li>Scop &#8212; camping<\/li>\n<li>Sezonul &#8212; prim\u0103var\u0103\/var\u0103\/toamn\u0103.<\/li>\n<\/ul>\n<h3>Modul de temperatur\u0103<\/h3>\n<ul>\n<li>Temperatura de confort: 1 \u00b0C<\/li>\n<li>Temperatura de confort inferioar\u0103: -4 \u00b0C<\/li>\n<li>Temperatura extrem\u0103: -22 \u00b0C.<\/li>\n<\/ul>\n<h3>Tehnologie<\/h3>\n<ul>\n<li><strong>DWR\u00a0\u00abdurable water repellent\u00bb<\/strong> \u2014 &#171;impregnare hidrofug\u0103 rezistent\u0103 la uzur\u0103&#187; \u0219i este utilizat\u0103 pentru a trata \u021bes\u0103turile folosite la \u00eembr\u0103c\u0103minte, rucsacuri, corturi \u0219i chiar saci de dormit. DWR este un strat de polimer hidrofob durabil care este aplicat pe material \u0219i formeaz\u0103 o structur\u0103 specific\u0103 care reduce coeficientul de tensiune superficial\u0103. Acest lucru face ca pic\u0103turile de ap\u0103 s\u0103 se rostogoleasc\u0103 de pe materialul tratat f\u0103r\u0103 a-l uda.<\/li>\n<li><strong>Thermicfibre 4<\/strong>\u2013 fibre de poliester siliconate r\u0103sucite, care au 4 canale de aer. Izola\u021bia termic\u0103 se realizeaz\u0103 prin aerul acumulat \u00een aceste canale. Datorit\u0103 silicon\u0103rii, frictiune dintre fibre este redus\u0103, ceea ce cre\u0219te durata de via\u021b\u0103 a sacului de dormit. Fibrele flexibile, confer\u0103 sacului de dormit o compresibilitate maxim\u0103, dar la despachetare, acesta se \u00eentinde rapid, rec\u0103p\u0103t\u00e2ndu-\u0219i volumul ini\u021bial. Materialul este u\u0219or de \u00eentre\u021binut, se poate sp\u0103la manual \u0219i se usuc\u0103 rapid.<\/li>\n<\/ul>\n<p><\/p>","protected":false},"excerpt":{"rendered":"<p>Sac de dormit Pinguin Blizzard Junior 150<\/p>","protected":false},"featured_media":46193,"comment_status":"open","ping_status":"closed","template":"","meta":{"_acf_changed":false,"inline_featured_image":false},"product_brand":[1263],"product_cat":[304],"product_tag":[],"class_list":{"0":"post-5040","1":"product","2":"type-product","3":"status-publish","4":"has-post-thumbnail","6":"product_brand-pinguin","7":"product_cat-blankets","9":"first","10":"instock","11":"shipping-taxable","12":"purchasable","13":"product-type-simple"},"acf":[],"yoast_head":"<!-- This site is optimized with the Yoast SEO plugin v27.2 - https:\/\/yoast.com\/product\/yoast-seo-wordpress\/ -->\n<title>\u0421\u043f\u0430\u043b\u044c\u043d\u044b\u0439 \u043c\u0435\u0448\u043e\u043a Pinguin Blizzard Junior - \u041c\u0430\u0433\u0430\u0437\u0438\u043d Xstyle<\/title>\n<meta name=\"description\" content=\"\u0421\u043f\u0430\u043b\u044c\u043d\u044b\u0439 \u043c\u0435\u0448\u043e\u043a Pinguin Blizzard Junior 150 - \u043b\u0435\u0433\u043a\u0438\u0439 \u0438 \u043a\u043e\u043c\u043f\u0430\u043a\u0442\u043d\u044b\u0439, \u0438\u0434\u0435\u0430\u043b\u0435\u043d \u0434\u043b\u044f \u0434\u0435\u0442\u0441\u043a\u0438\u0445 \u043f\u043e\u0445\u043e\u0434\u043e\u0432. \u0414\u043e\u043b\u0433\u043e\u0432\u0435\u0447\u043d\u044b\u0435 \u0442\u043a\u0430\u043d\u0438 \u0438 \u0442\u0435\u0440\u043c\u043e\u0438\u0437\u043e\u043b\u044f\u0446\u0438\u044f \u0432 \u043b\u044e\u0431\u043e\u043c \u043a\u043b\u0438\u043c\u0430\u0442\u0435!\" \/>\n<meta name=\"robots\" content=\"index, follow, max-snippet:-1, max-image-preview:large, max-video-preview:-1\" \/>\n<link rel=\"canonical\" href=\"https:\/\/xstyle.md\/ro\/produs\/spal-nyj-meshok-odejalo-pinguin-blizzard-junior-150\/\" \/>\n<meta property=\"og:locale\" content=\"ro_RO\" \/>\n<meta property=\"og:type\" content=\"article\" \/>\n<meta property=\"og:title\" content=\"\u0421\u043f\u0430\u043b\u044c\u043d\u044b\u0439 \u043c\u0435\u0448\u043e\u043a Pinguin Blizzard Junior - \u041c\u0430\u0433\u0430\u0437\u0438\u043d Xstyle\" \/>\n<meta property=\"og:description\" content=\"\u0421\u043f\u0430\u043b\u044c\u043d\u044b\u0439 \u043c\u0435\u0448\u043e\u043a Pinguin Blizzard Junior 150 - \u043b\u0435\u0433\u043a\u0438\u0439 \u0438 \u043a\u043e\u043c\u043f\u0430\u043a\u0442\u043d\u044b\u0439, \u0438\u0434\u0435\u0430\u043b\u0435\u043d \u0434\u043b\u044f \u0434\u0435\u0442\u0441\u043a\u0438\u0445 \u043f\u043e\u0445\u043e\u0434\u043e\u0432. \u0414\u043e\u043b\u0433\u043e\u0432\u0435\u0447\u043d\u044b\u0435 \u0442\u043a\u0430\u043d\u0438 \u0438 \u0442\u0435\u0440\u043c\u043e\u0438\u0437\u043e\u043b\u044f\u0446\u0438\u044f \u0432 \u043b\u044e\u0431\u043e\u043c \u043a\u043b\u0438\u043c\u0430\u0442\u0435!\" \/>\n<meta property=\"og:url\" content=\"https:\/\/xstyle.md\/ro\/produs\/spal-nyj-meshok-odejalo-pinguin-blizzard-junior-150\/\" \/>\n<meta property=\"og:site_name\" content=\"\u041c\u0430\u0433\u0430\u0437\u0438\u043d Xstyle\" \/>\n<meta property=\"article:publisher\" content=\"https:\/\/www.facebook.com\/xstylemd\" \/>\n<meta property=\"article:modified_time\" content=\"2025-10-24T10:02:10+00:00\" \/>\n<meta property=\"og:image\" content=\"https:\/\/xstyle.md\/wp-content\/uploads\/2020\/07\/pinguin-blizzard-junior.jpg\" \/>\n\t<meta property=\"og:image:width\" content=\"415\" \/>\n\t<meta property=\"og:image:height\" content=\"465\" \/>\n\t<meta property=\"og:image:type\" content=\"image\/jpeg\" \/>\n<meta name=\"twitter:card\" content=\"summary_large_image\" \/>\n<meta name=\"twitter:label1\" content=\"Pre\u021b\" \/>\n\t<meta name=\"twitter:data1\" content=\"1.290&nbsp;MDL\" \/>\n\t<meta name=\"twitter:label2\" content=\"Disponibilitate\" \/>\n\t<meta name=\"twitter:data2\" content=\"\u00cen stoc\" \/>\n<script type=\"application\/ld+json\" class=\"yoast-schema-graph\">{\"@context\":\"https:\/\/schema.org\",\"@graph\":[{\"@type\":\"WebPage\",\"@id\":\"https:\/\/xstyle.md\/product\/spal-nyj-meshok-odejalo-pinguin-blizzard-junior-150\/\",\"url\":\"https:\/\/xstyle.md\/product\/spal-nyj-meshok-odejalo-pinguin-blizzard-junior-150\/\",\"name\":\"\u0421\u043f\u0430\u043b\u044c\u043d\u044b\u0439 \u043c\u0435\u0448\u043e\u043a Pinguin Blizzard Junior - \u041c\u0430\u0433\u0430\u0437\u0438\u043d Xstyle\",\"isPartOf\":{\"@id\":\"https:\/\/xstyle.md\/#website\"},\"primaryImageOfPage\":{\"@id\":\"https:\/\/xstyle.md\/product\/spal-nyj-meshok-odejalo-pinguin-blizzard-junior-150\/#primaryimage\"},\"image\":{\"@id\":\"https:\/\/xstyle.md\/product\/spal-nyj-meshok-odejalo-pinguin-blizzard-junior-150\/#primaryimage\"},\"thumbnailUrl\":\"https:\/\/xstyle.md\/wp-content\/uploads\/2020\/07\/pinguin-blizzard-junior.jpg\",\"datePublished\":\"2020-07-16T17:17:22+00:00\",\"dateModified\":\"2025-10-24T10:02:10+00:00\",\"description\":\"\u0421\u043f\u0430\u043b\u044c\u043d\u044b\u0439 \u043c\u0435\u0448\u043e\u043a Pinguin Blizzard Junior 150 - \u043b\u0435\u0433\u043a\u0438\u0439 \u0438 \u043a\u043e\u043c\u043f\u0430\u043a\u0442\u043d\u044b\u0439, \u0438\u0434\u0435\u0430\u043b\u0435\u043d \u0434\u043b\u044f \u0434\u0435\u0442\u0441\u043a\u0438\u0445 \u043f\u043e\u0445\u043e\u0434\u043e\u0432. \u0414\u043e\u043b\u0433\u043e\u0432\u0435\u0447\u043d\u044b\u0435 \u0442\u043a\u0430\u043d\u0438 \u0438 \u0442\u0435\u0440\u043c\u043e\u0438\u0437\u043e\u043b\u044f\u0446\u0438\u044f \u0432 \u043b\u044e\u0431\u043e\u043c \u043a\u043b\u0438\u043c\u0430\u0442\u0435!\",\"breadcrumb\":{\"@id\":\"https:\/\/xstyle.md\/product\/spal-nyj-meshok-odejalo-pinguin-blizzard-junior-150\/#breadcrumb\"},\"inLanguage\":\"ro-RO\",\"potentialAction\":[{\"@type\":\"ReadAction\",\"target\":[\"https:\/\/xstyle.md\/product\/spal-nyj-meshok-odejalo-pinguin-blizzard-junior-150\/\"]}]},{\"@type\":\"ImageObject\",\"inLanguage\":\"ro-RO\",\"@id\":\"https:\/\/xstyle.md\/product\/spal-nyj-meshok-odejalo-pinguin-blizzard-junior-150\/#primaryimage\",\"url\":\"https:\/\/xstyle.md\/wp-content\/uploads\/2020\/07\/pinguin-blizzard-junior.jpg\",\"contentUrl\":\"https:\/\/xstyle.md\/wp-content\/uploads\/2020\/07\/pinguin-blizzard-junior.jpg\",\"width\":415,\"height\":465,\"caption\":\"\u0421\u043f\u0430\u043b\u044c\u043d\u044b\u0439 \u043c\u0435\u0448\u043e\u043a Pinguin Blizzard Junior \u0434\u043b\u044f \u0430\u043a\u0442\u0438\u0432\u043d\u043e\u0433\u043e \u043e\u0442\u0434\u044b\u0445\u0430, \u043f\u0443\u0442\u0435\u0448\u0435\u0441\u0442\u0432\u0438\u0439, \u043a\u0435\u043c\u043f\u0438\u043d\u0433\u0430, \u0442\u0443\u0440\u0438\u0437\u043c\u0430, \u043f\u043e\u0445\u043e\u0434\u043e\u0432, \u0430\u043b\u044c\u043f\u0438\u043d\u0438\u0437\u043c\u0430, \u043e\u0431\u0443\u0432\u044c \u0438 \u043e\u0434\u0435\u0436\u0434\u0430 \u0434\u043b\u044f \u0430\u0432\u0442\u043e\u043d\u043e\u043c\u043d\u044b\u0445 \u043f\u0443\u0442\u0435\u0448\u0435\u0441\u0442\u0432\u0438\u0439\"},{\"@type\":\"BreadcrumbList\",\"@id\":\"https:\/\/xstyle.md\/product\/spal-nyj-meshok-odejalo-pinguin-blizzard-junior-150\/#breadcrumb\",\"itemListElement\":[{\"@type\":\"ListItem\",\"position\":1,\"name\":\"\u0413\u043b\u0430\u0432\u043d\u0430\u044f \u0441\u0442\u0440\u0430\u043d\u0438\u0446\u0430\",\"item\":\"https:\/\/xstyle.md\/\"},{\"@type\":\"ListItem\",\"position\":2,\"name\":\"\u041c\u0430\u0433\u0430\u0437\u0438\u043d\",\"item\":\"https:\/\/xstyle.md\/shop\/\"},{\"@type\":\"ListItem\",\"position\":3,\"name\":\"\u0421\u043f\u0430\u043b\u044c\u043d\u044b\u0439 \u043c\u0435\u0448\u043e\u043a Pinguin Blizzard Junior\"}]},{\"@type\":\"WebSite\",\"@id\":\"https:\/\/xstyle.md\/#website\",\"url\":\"https:\/\/xstyle.md\/\",\"name\":\"\u041c\u0430\u0433\u0430\u0437\u0438\u043d Xstyle\",\"description\":\"C\u043d\u0430\u0440\u044f\u0436\u0435\u043d\u0438\u0435 \u0434\u043b\u044f \u0442\u0443\u0440\u0438\u0437\u043c\u0430 \u0438 \u044d\u043a\u0441\u0442\u0440\u0435\u043c\u0430\u043b\u044c\u043d\u044b\u0445 \u0432\u0438\u0434\u043e\u0432 \u0441\u043f\u043e\u0440\u0442\u0430 \u0432 \u041c\u043e\u043b\u0434\u043e\u0432\u0435.. \u0426\u0435\u043d\u044b, \u0444\u043e\u0442\u043e, \u0445\u0430\u0440\u0430\u043a\u0442\u0435\u0440\u0438\u0441\u0442\u0438\u043a\u0438 \u0432 \u041c\u043e\u043b\u0434\u043e\u0432\u0435.\",\"publisher\":{\"@id\":\"https:\/\/xstyle.md\/#organization\"},\"alternateName\":\"X-Style\",\"potentialAction\":[{\"@type\":\"SearchAction\",\"target\":{\"@type\":\"EntryPoint\",\"urlTemplate\":\"https:\/\/xstyle.md\/?s={search_term_string}\"},\"query-input\":{\"@type\":\"PropertyValueSpecification\",\"valueRequired\":true,\"valueName\":\"search_term_string\"}}],\"inLanguage\":\"ro-RO\"},{\"@type\":\"Organization\",\"@id\":\"https:\/\/xstyle.md\/#organization\",\"name\":\"\u041c\u0430\u0433\u0430\u0437\u0438\u043d Xstyle\",\"alternateName\":\"x-style\",\"url\":\"https:\/\/xstyle.md\/\",\"logo\":{\"@type\":\"ImageObject\",\"inLanguage\":\"ro-RO\",\"@id\":\"https:\/\/xstyle.md\/#\/schema\/logo\/image\/\",\"url\":\"https:\/\/xstyle.md\/wp-content\/uploads\/2020\/06\/logoicon.svg\",\"contentUrl\":\"https:\/\/xstyle.md\/wp-content\/uploads\/2020\/06\/logoicon.svg\",\"caption\":\"\u041c\u0430\u0433\u0430\u0437\u0438\u043d Xstyle\"},\"image\":{\"@id\":\"https:\/\/xstyle.md\/#\/schema\/logo\/image\/\"},\"sameAs\":[\"https:\/\/www.facebook.com\/xstylemd\",\"https:\/\/www.instagram.com\/xstyle_md\/\",\"https:\/\/t.me\/xstyle_outdoor\"],\"hasMerchantReturnPolicy\":{\"@type\":\"MerchantReturnPolicy\",\"merchantReturnLink\":\"https:\/\/xstyle.md\/ro\/conditions\/\"}}]}<\/script>\n<meta property=\"product:price:amount\" content=\"1290.00\" \/>\n<meta property=\"product:price:currency\" content=\"MDL\" \/>\n<meta property=\"og:availability\" content=\"instock\" \/>\n<meta property=\"product:availability\" content=\"instock\" \/>\n<meta property=\"product:retailer_item_id\" content=\"8592638219654\" \/>\n<meta property=\"product:condition\" content=\"new\" \/>\n<!-- \/ Yoast SEO plugin. -->","yoast_head_json":{"title":"Sac de dormit Pinguin Blizzard Junior 150 - Magazin Xstyle","description":"Sac de dormit Pinguin Blizzard Junior 150 - u\u0219or \u0219i compact, ideal pentru excursiile copiilor. \u021aes\u0103turi durabile \u0219i izola\u021bie termic\u0103 \u00een orice climat!","robots":{"index":"index","follow":"follow","max-snippet":"max-snippet:-1","max-image-preview":"max-image-preview:large","max-video-preview":"max-video-preview:-1"},"canonical":"https:\/\/xstyle.md\/ro\/produs\/spal-nyj-meshok-odejalo-pinguin-blizzard-junior-150\/","og_locale":"ro_RO","og_type":"article","og_title":"\u0421\u043f\u0430\u043b\u044c\u043d\u044b\u0439 \u043c\u0435\u0448\u043e\u043a Pinguin Blizzard Junior - \u041c\u0430\u0433\u0430\u0437\u0438\u043d Xstyle","og_description":"\u0421\u043f\u0430\u043b\u044c\u043d\u044b\u0439 \u043c\u0435\u0448\u043e\u043a Pinguin Blizzard Junior 150 - \u043b\u0435\u0433\u043a\u0438\u0439 \u0438 \u043a\u043e\u043c\u043f\u0430\u043a\u0442\u043d\u044b\u0439, \u0438\u0434\u0435\u0430\u043b\u0435\u043d \u0434\u043b\u044f \u0434\u0435\u0442\u0441\u043a\u0438\u0445 \u043f\u043e\u0445\u043e\u0434\u043e\u0432. \u0414\u043e\u043b\u0433\u043e\u0432\u0435\u0447\u043d\u044b\u0435 \u0442\u043a\u0430\u043d\u0438 \u0438 \u0442\u0435\u0440\u043c\u043e\u0438\u0437\u043e\u043b\u044f\u0446\u0438\u044f \u0432 \u043b\u044e\u0431\u043e\u043c \u043a\u043b\u0438\u043c\u0430\u0442\u0435!","og_url":"https:\/\/xstyle.md\/ro\/produs\/spal-nyj-meshok-odejalo-pinguin-blizzard-junior-150\/","og_site_name":"\u041c\u0430\u0433\u0430\u0437\u0438\u043d Xstyle","article_publisher":"https:\/\/www.facebook.com\/xstylemd","article_modified_time":"2025-10-24T10:02:10+00:00","og_image":[{"width":415,"height":465,"url":"https:\/\/xstyle.md\/wp-content\/uploads\/2020\/07\/pinguin-blizzard-junior.jpg","type":"image\/jpeg"}],"twitter_card":"summary_large_image","twitter_misc":{"Pre\u021b":"1.290&nbsp;MDL","Disponibilitate":"\u00cen stoc"},"schema":{"@context":"https:\/\/schema.org","@graph":[{"@type":"WebPage","@id":"https:\/\/xstyle.md\/product\/spal-nyj-meshok-odejalo-pinguin-blizzard-junior-150\/","url":"https:\/\/xstyle.md\/product\/spal-nyj-meshok-odejalo-pinguin-blizzard-junior-150\/","name":"Sac de dormit Pinguin Blizzard Junior 150 - Magazin Xstyle","isPartOf":{"@id":"https:\/\/xstyle.md\/#website"},"primaryImageOfPage":{"@id":"https:\/\/xstyle.md\/product\/spal-nyj-meshok-odejalo-pinguin-blizzard-junior-150\/#primaryimage"},"image":{"@id":"https:\/\/xstyle.md\/product\/spal-nyj-meshok-odejalo-pinguin-blizzard-junior-150\/#primaryimage"},"thumbnailUrl":"https:\/\/xstyle.md\/wp-content\/uploads\/2020\/07\/pinguin-blizzard-junior.jpg","datePublished":"2020-07-16T17:17:22+00:00","dateModified":"2025-10-24T10:02:10+00:00","description":"Sac de dormit Pinguin Blizzard Junior 150 - u\u0219or \u0219i compact, ideal pentru excursiile copiilor. \u021aes\u0103turi durabile \u0219i izola\u021bie termic\u0103 \u00een orice climat!","breadcrumb":{"@id":"https:\/\/xstyle.md\/product\/spal-nyj-meshok-odejalo-pinguin-blizzard-junior-150\/#breadcrumb"},"inLanguage":"ro-RO","potentialAction":[{"@type":"ReadAction","target":["https:\/\/xstyle.md\/product\/spal-nyj-meshok-odejalo-pinguin-blizzard-junior-150\/"]}]},{"@type":"ImageObject","inLanguage":"ro-RO","@id":"https:\/\/xstyle.md\/product\/spal-nyj-meshok-odejalo-pinguin-blizzard-junior-150\/#primaryimage","url":"https:\/\/xstyle.md\/wp-content\/uploads\/2020\/07\/pinguin-blizzard-junior.jpg","contentUrl":"https:\/\/xstyle.md\/wp-content\/uploads\/2020\/07\/pinguin-blizzard-junior.jpg","width":415,"height":465,"caption":"\u0421\u043f\u0430\u043b\u044c\u043d\u044b\u0439 \u043c\u0435\u0448\u043e\u043a Pinguin Blizzard Junior \u0434\u043b\u044f \u0430\u043a\u0442\u0438\u0432\u043d\u043e\u0433\u043e \u043e\u0442\u0434\u044b\u0445\u0430, \u043f\u0443\u0442\u0435\u0448\u0435\u0441\u0442\u0432\u0438\u0439, \u043a\u0435\u043c\u043f\u0438\u043d\u0433\u0430, \u0442\u0443\u0440\u0438\u0437\u043c\u0430, \u043f\u043e\u0445\u043e\u0434\u043e\u0432, \u0430\u043b\u044c\u043f\u0438\u043d\u0438\u0437\u043c\u0430, \u043e\u0431\u0443\u0432\u044c \u0438 \u043e\u0434\u0435\u0436\u0434\u0430 \u0434\u043b\u044f \u0430\u0432\u0442\u043e\u043d\u043e\u043c\u043d\u044b\u0445 \u043f\u0443\u0442\u0435\u0448\u0435\u0441\u0442\u0432\u0438\u0439"},{"@type":"BreadcrumbList","@id":"https:\/\/xstyle.md\/product\/spal-nyj-meshok-odejalo-pinguin-blizzard-junior-150\/#breadcrumb","itemListElement":[{"@type":"ListItem","position":1,"name":"\u0413\u043b\u0430\u0432\u043d\u0430\u044f \u0441\u0442\u0440\u0430\u043d\u0438\u0446\u0430","item":"https:\/\/xstyle.md\/"},{"@type":"ListItem","position":2,"name":"\u041c\u0430\u0433\u0430\u0437\u0438\u043d","item":"https:\/\/xstyle.md\/shop\/"},{"@type":"ListItem","position":3,"name":"\u0421\u043f\u0430\u043b\u044c\u043d\u044b\u0439 \u043c\u0435\u0448\u043e\u043a Pinguin Blizzard Junior"}]},{"@type":"WebSite","@id":"https:\/\/xstyle.md\/#website","url":"https:\/\/xstyle.md\/","name":"Magazinul X-Style","description":"Echipamente pentru turism \u0219i sporturi extreme \u00een Moldova. Pre\u021buri, fotografii, caracteristici \u00een Moldova.","publisher":{"@id":"https:\/\/xstyle.md\/#organization"},"alternateName":"X-Style","potentialAction":[{"@type":"SearchAction","target":{"@type":"EntryPoint","urlTemplate":"https:\/\/xstyle.md\/?s={search_term_string}"},"query-input":{"@type":"PropertyValueSpecification","valueRequired":true,"valueName":"search_term_string"}}],"inLanguage":"ro-RO"},{"@type":"Organization","@id":"https:\/\/xstyle.md\/#organization","name":"Magazinul X-Style","alternateName":"x-style","url":"https:\/\/xstyle.md\/","logo":{"@type":"ImageObject","inLanguage":"ro-RO","@id":"https:\/\/xstyle.md\/#\/schema\/logo\/image\/","url":"https:\/\/xstyle.md\/wp-content\/uploads\/2020\/06\/logoicon.svg","contentUrl":"https:\/\/xstyle.md\/wp-content\/uploads\/2020\/06\/logoicon.svg","caption":"\u041c\u0430\u0433\u0430\u0437\u0438\u043d Xstyle"},"image":{"@id":"https:\/\/xstyle.md\/#\/schema\/logo\/image\/"},"sameAs":["https:\/\/www.facebook.com\/xstylemd","https:\/\/www.instagram.com\/xstyle_md\/","https:\/\/t.me\/xstyle_outdoor"],"hasMerchantReturnPolicy":{"@type":"MerchantReturnPolicy","merchantReturnLink":"https:\/\/xstyle.md\/ro\/conditions\/"}}]},"product_price_amount":"1290.00","product_price_currency":"MDL","og_availability":"instock","product_availability":"instock","product_retailer_item_id":"8592638219654","product_condition":"new"},"post_mailing_queue_ids":[],"_links":{"self":[{"href":"https:\/\/xstyle.md\/ro\/wp-json\/wp\/v2\/product\/5040","targetHints":{"allow":["GET"]}}],"collection":[{"href":"https:\/\/xstyle.md\/ro\/wp-json\/wp\/v2\/product"}],"about":[{"href":"https:\/\/xstyle.md\/ro\/wp-json\/wp\/v2\/types\/product"}],"replies":[{"embeddable":true,"href":"https:\/\/xstyle.md\/ro\/wp-json\/wp\/v2\/comments?post=5040"}],"wp:featuredmedia":[{"embeddable":true,"href":"https:\/\/xstyle.md\/ro\/wp-json\/wp\/v2\/media\/46193"}],"wp:attachment":[{"href":"https:\/\/xstyle.md\/ro\/wp-json\/wp\/v2\/media?parent=5040"}],"wp:term":[{"taxonomy":"product_brand","embeddable":true,"href":"https:\/\/xstyle.md\/ro\/wp-json\/wp\/v2\/product_brand?post=5040"},{"taxonomy":"product_cat","embeddable":true,"href":"https:\/\/xstyle.md\/ro\/wp-json\/wp\/v2\/product_cat?post=5040"},{"taxonomy":"product_tag","embeddable":true,"href":"https:\/\/xstyle.md\/ro\/wp-json\/wp\/v2\/product_tag?post=5040"}],"curies":[{"name":"wp","href":"https:\/\/api.w.org\/{rel}","templated":true}]}}