{"id":4929,"date":"2020-07-16T20:12:26","date_gmt":"2020-07-16T17:12:26","guid":{"rendered":"https:\/\/xstyle.md\/product\/neris-germoupakovka-konusnaja-60-l"},"modified":"2024-10-21T09:35:49","modified_gmt":"2024-10-21T06:35:49","slug":"neris-germoupakovka-konusnaja-60-l","status":"publish","type":"product","link":"https:\/\/xstyle.md\/ro\/produs\/neris-germoupakovka-konusnaja-60-l\/","title":{"rendered":"NERIS - Sac ermetic conic 60 l"},"content":{"rendered":"<\/p>\n<p><strong>NERIS &#8212; Sac ermetic conic 60 l<\/strong> &#8212; protejeaz\u0103 efectele personale, echipamentul, documentele, banii, diverse aparate electronice \u0219i echipamentele de ap\u0103, nisip \u0219i praf \u00een toate mediile. Forma conic\u0103 permite plasarea perfect\u0103 a pachetului de etan\u0219are \u00een fa\u021ba \u0219i \u00een spatele caiacului gonflabil, pentru a utiliza c\u00e2t mai eficient volumul disponibil.<\/p>\n<p>Geanta rezistent\u0103 la intemperii este esen\u021bial\u0103 pentru rafting, pescuit, v\u00e2n\u0103toare, scufund\u0103ri, speologie, ciclism \u0219i motociclism.<\/p>\n<p>Pung\u0103 special\u0103 sigilat\u0103 \u00een form\u0103 de con &#8212; conceput\u0103 pentru caiacele gonflabile NERIS A-340 \u0219i A-450.<\/p>\n<h3>Particularit\u0103\u021bi<\/h3>\n<ul>\n<li>NERIS utilizeaz\u0103 tehnologii avansate de sigilare a cus\u0103turilor &#8212; sudare de \u00eenalt\u0103 frecven\u021b\u0103 \u0219i sudare cu aer cald &#8212; \u00een produc\u021bia de pungi sigilate. Ambele tehnologii garanteaz\u0103 cus\u0103turi fiabile pentru \u00eentreaga durat\u0103 de via\u021b\u0103 a produsului.<\/li>\n<li>Fitinguri YKK de \u00eenalt\u0103 calitate din Japonia \u0219i \u021bes\u0103turi din PVC german de \u00eenalt\u0103 rezisten\u021b\u0103 de la Mehler.<\/li>\n<li>NERIS ofer\u0103 o garan\u021bie de 3 ani pentru sacii s\u0103i sigila\u021bi \u0219i servicii pe durata utiliz\u0103rii acestora.<\/li>\n<\/ul>\n<h3>Caracteristici<\/h3>\n<ul>\n<li>Material &#8212; PVC<\/li>\n<li>Dimensiuni &#8212; 35 x 30 x 80 cm<\/li>\n<li>Volum &#8212; 60 l.<\/li>\n<\/ul>\n<h3>Marca<\/h3>\n<p>Neris &#8212; este un produc\u0103tor ucrainean de echipamente pentru turismul acvatic. Istoria companiei dateaz\u0103 din 1999, c\u00e2nd trei turi\u0219ti acvatici au deschis, \u00eentr-un mic subsol din Kiev, un atelier pentru repararea \u0219i service-ul echipamentelor acvatice, precum \u0219i pentru produc\u021bia mai multor modele de cochilii pentru caiace cu cadru. Treptat, produc\u021bia la bucat\u0103 s-a transformat \u00eentr-o produc\u021bie \u00een serie, iar subsol mic a fost transformat \u00eentr-un atelier modern, dotat cu cele mai moderne echipamente de produc\u021bie.<\/p>\n<p>Ast\u0103zi, produsele marca Neris sunt bine cunoscute nu numai \u00een Ucraina, ci \u0219i \u00een Europa \u0219i America. Caiacele Neris au parcurs mii de kilometri de rute de ap\u0103 \u00een diferite p\u0103r\u021bi ale lumii &#8212; de la tropicele africane p\u00e2n\u0103 la apele aspre ale Arcticii.<\/p>\n<p><\/p>","protected":false},"excerpt":{"rendered":"<p>Sac ermetic conic Neris 60 L<\/p>","protected":false},"featured_media":4928,"comment_status":"open","ping_status":"closed","template":"","meta":{"_acf_changed":false,"inline_featured_image":false},"product_brand":[1288],"product_cat":[863],"product_tag":[],"class_list":{"0":"post-4929","1":"product","2":"type-product","3":"status-publish","4":"has-post-thumbnail","6":"product_brand-neris","7":"product_cat-hermetic-bags","9":"first","10":"instock","11":"shipping-taxable","12":"purchasable","13":"product-type-simple"},"acf":[],"yoast_head":"<!-- This site is optimized with the Yoast SEO plugin v27.2 - https:\/\/yoast.com\/product\/yoast-seo-wordpress\/ -->\n<title>\u0413\u0435\u0440\u043c\u043e\u0443\u043f\u0430\u043a\u043e\u0432\u043a\u0430 \u043a\u043e\u043d\u0443\u0441\u043d\u0430\u044f Neris 60 \u043b (TPU) - \u041c\u0430\u0433\u0430\u0437\u0438\u043d Xstyle<\/title>\n<meta name=\"description\" content=\"\u0413\u0435\u0440\u043c\u043e\u0443\u043f\u0430\u043a\u043e\u0432\u043a\u0430 \u043a\u043e\u043d\u0443\u0441\u043d\u0430\u044f Neris 60 \u043b (TPU) \u0437\u0430\u0449\u0438\u0449\u0430\u0435\u0442 \u0432\u0435\u0449\u0438 \u043e\u0442 \u0432\u043e\u0434\u044b, \u043f\u0435\u0441\u043a\u0430 \u0438 \u043f\u044b\u043b\u0438. \u0418\u0434\u0435\u0430\u043b\u044c\u043d\u0430 \u0434\u043b\u044f \u0430\u043a\u0442\u0438\u0432\u043d\u043e\u0433\u043e \u043e\u0442\u0434\u044b\u0445\u0430 \u0438 \u0438\u0441\u043f\u043e\u043b\u044c\u0437\u043e\u0432\u0430\u043d\u0438\u044f \u0441 \u043d\u0430\u0434\u0443\u0432\u043d\u044b\u043c\u0438 \u043a\u0430\u044f\u043a\u0430\u043c\u0438.\" \/>\n<meta name=\"robots\" content=\"index, follow, max-snippet:-1, max-image-preview:large, max-video-preview:-1\" \/>\n<link rel=\"canonical\" href=\"https:\/\/xstyle.md\/ro\/produs\/neris-germoupakovka-konusnaja-60-l\/\" \/>\n<meta property=\"og:locale\" content=\"ro_RO\" \/>\n<meta property=\"og:type\" content=\"article\" \/>\n<meta property=\"og:title\" content=\"\u0413\u0435\u0440\u043c\u043e\u0443\u043f\u0430\u043a\u043e\u0432\u043a\u0430 \u043a\u043e\u043d\u0443\u0441\u043d\u0430\u044f Neris 60 \u043b (TPU) - \u041c\u0430\u0433\u0430\u0437\u0438\u043d Xstyle\" \/>\n<meta property=\"og:description\" content=\"\u0413\u0435\u0440\u043c\u043e\u0443\u043f\u0430\u043a\u043e\u0432\u043a\u0430 \u043a\u043e\u043d\u0443\u0441\u043d\u0430\u044f Neris 60 \u043b (TPU) \u0437\u0430\u0449\u0438\u0449\u0430\u0435\u0442 \u0432\u0435\u0449\u0438 \u043e\u0442 \u0432\u043e\u0434\u044b, \u043f\u0435\u0441\u043a\u0430 \u0438 \u043f\u044b\u043b\u0438. \u0418\u0434\u0435\u0430\u043b\u044c\u043d\u0430 \u0434\u043b\u044f \u0430\u043a\u0442\u0438\u0432\u043d\u043e\u0433\u043e \u043e\u0442\u0434\u044b\u0445\u0430 \u0438 \u0438\u0441\u043f\u043e\u043b\u044c\u0437\u043e\u0432\u0430\u043d\u0438\u044f \u0441 \u043d\u0430\u0434\u0443\u0432\u043d\u044b\u043c\u0438 \u043a\u0430\u044f\u043a\u0430\u043c\u0438.\" \/>\n<meta property=\"og:url\" content=\"https:\/\/xstyle.md\/ro\/produs\/neris-germoupakovka-konusnaja-60-l\/\" \/>\n<meta property=\"og:site_name\" content=\"\u041c\u0430\u0433\u0430\u0437\u0438\u043d Xstyle\" \/>\n<meta property=\"article:publisher\" content=\"https:\/\/www.facebook.com\/xstylemd\" \/>\n<meta property=\"article:modified_time\" content=\"2024-10-21T06:35:49+00:00\" \/>\n<meta property=\"og:image\" content=\"https:\/\/xstyle.md\/wp-content\/uploads\/2020\/07\/103716.jpg\" \/>\n\t<meta property=\"og:image:width\" content=\"300\" \/>\n\t<meta property=\"og:image:height\" content=\"400\" \/>\n\t<meta property=\"og:image:type\" content=\"image\/jpeg\" \/>\n<meta name=\"twitter:card\" content=\"summary_large_image\" \/>\n<meta name=\"twitter:label1\" content=\"Pre\u021b\" \/>\n\t<meta name=\"twitter:data1\" content=\"1.190&nbsp;MDL\" \/>\n\t<meta name=\"twitter:label2\" content=\"Disponibilitate\" \/>\n\t<meta name=\"twitter:data2\" content=\"\u00cen stoc\" \/>\n<script type=\"application\/ld+json\" class=\"yoast-schema-graph\">{\"@context\":\"https:\/\/schema.org\",\"@graph\":[{\"@type\":\"WebPage\",\"@id\":\"https:\/\/xstyle.md\/product\/neris-germoupakovka-konusnaja-60-l\/\",\"url\":\"https:\/\/xstyle.md\/product\/neris-germoupakovka-konusnaja-60-l\/\",\"name\":\"\u0413\u0435\u0440\u043c\u043e\u0443\u043f\u0430\u043a\u043e\u0432\u043a\u0430 \u043a\u043e\u043d\u0443\u0441\u043d\u0430\u044f Neris 60 \u043b (TPU) - \u041c\u0430\u0433\u0430\u0437\u0438\u043d Xstyle\",\"isPartOf\":{\"@id\":\"https:\/\/xstyle.md\/#website\"},\"primaryImageOfPage\":{\"@id\":\"https:\/\/xstyle.md\/product\/neris-germoupakovka-konusnaja-60-l\/#primaryimage\"},\"image\":{\"@id\":\"https:\/\/xstyle.md\/product\/neris-germoupakovka-konusnaja-60-l\/#primaryimage\"},\"thumbnailUrl\":\"https:\/\/xstyle.md\/wp-content\/uploads\/2020\/07\/103716.jpg\",\"datePublished\":\"2020-07-16T17:12:26+00:00\",\"dateModified\":\"2024-10-21T06:35:49+00:00\",\"description\":\"\u0413\u0435\u0440\u043c\u043e\u0443\u043f\u0430\u043a\u043e\u0432\u043a\u0430 \u043a\u043e\u043d\u0443\u0441\u043d\u0430\u044f Neris 60 \u043b (TPU) \u0437\u0430\u0449\u0438\u0449\u0430\u0435\u0442 \u0432\u0435\u0449\u0438 \u043e\u0442 \u0432\u043e\u0434\u044b, \u043f\u0435\u0441\u043a\u0430 \u0438 \u043f\u044b\u043b\u0438. \u0418\u0434\u0435\u0430\u043b\u044c\u043d\u0430 \u0434\u043b\u044f \u0430\u043a\u0442\u0438\u0432\u043d\u043e\u0433\u043e \u043e\u0442\u0434\u044b\u0445\u0430 \u0438 \u0438\u0441\u043f\u043e\u043b\u044c\u0437\u043e\u0432\u0430\u043d\u0438\u044f \u0441 \u043d\u0430\u0434\u0443\u0432\u043d\u044b\u043c\u0438 \u043a\u0430\u044f\u043a\u0430\u043c\u0438.\",\"breadcrumb\":{\"@id\":\"https:\/\/xstyle.md\/product\/neris-germoupakovka-konusnaja-60-l\/#breadcrumb\"},\"inLanguage\":\"ro-RO\",\"potentialAction\":[{\"@type\":\"ReadAction\",\"target\":[\"https:\/\/xstyle.md\/product\/neris-germoupakovka-konusnaja-60-l\/\"]}]},{\"@type\":\"ImageObject\",\"inLanguage\":\"ro-RO\",\"@id\":\"https:\/\/xstyle.md\/product\/neris-germoupakovka-konusnaja-60-l\/#primaryimage\",\"url\":\"https:\/\/xstyle.md\/wp-content\/uploads\/2020\/07\/103716.jpg\",\"contentUrl\":\"https:\/\/xstyle.md\/wp-content\/uploads\/2020\/07\/103716.jpg\",\"width\":300,\"height\":400},{\"@type\":\"BreadcrumbList\",\"@id\":\"https:\/\/xstyle.md\/product\/neris-germoupakovka-konusnaja-60-l\/#breadcrumb\",\"itemListElement\":[{\"@type\":\"ListItem\",\"position\":1,\"name\":\"\u0413\u043b\u0430\u0432\u043d\u0430\u044f \u0441\u0442\u0440\u0430\u043d\u0438\u0446\u0430\",\"item\":\"https:\/\/xstyle.md\/\"},{\"@type\":\"ListItem\",\"position\":2,\"name\":\"\u041c\u0430\u0433\u0430\u0437\u0438\u043d\",\"item\":\"https:\/\/xstyle.md\/shop\/\"},{\"@type\":\"ListItem\",\"position\":3,\"name\":\"\u0413\u0435\u0440\u043c\u043e\u0443\u043f\u0430\u043a\u043e\u0432\u043a\u0430 \u043a\u043e\u043d\u0443\u0441\u043d\u0430\u044f Neris 60 \u043b (TPU)\"}]},{\"@type\":\"WebSite\",\"@id\":\"https:\/\/xstyle.md\/#website\",\"url\":\"https:\/\/xstyle.md\/\",\"name\":\"\u041c\u0430\u0433\u0430\u0437\u0438\u043d Xstyle\",\"description\":\"C\u043d\u0430\u0440\u044f\u0436\u0435\u043d\u0438\u0435 \u0434\u043b\u044f \u0442\u0443\u0440\u0438\u0437\u043c\u0430 \u0438 \u044d\u043a\u0441\u0442\u0440\u0435\u043c\u0430\u043b\u044c\u043d\u044b\u0445 \u0432\u0438\u0434\u043e\u0432 \u0441\u043f\u043e\u0440\u0442\u0430 \u0432 \u041c\u043e\u043b\u0434\u043e\u0432\u0435.. \u0426\u0435\u043d\u044b, \u0444\u043e\u0442\u043e, \u0445\u0430\u0440\u0430\u043a\u0442\u0435\u0440\u0438\u0441\u0442\u0438\u043a\u0438 \u0432 \u041c\u043e\u043b\u0434\u043e\u0432\u0435.\",\"publisher\":{\"@id\":\"https:\/\/xstyle.md\/#organization\"},\"alternateName\":\"X-Style\",\"potentialAction\":[{\"@type\":\"SearchAction\",\"target\":{\"@type\":\"EntryPoint\",\"urlTemplate\":\"https:\/\/xstyle.md\/?s={search_term_string}\"},\"query-input\":{\"@type\":\"PropertyValueSpecification\",\"valueRequired\":true,\"valueName\":\"search_term_string\"}}],\"inLanguage\":\"ro-RO\"},{\"@type\":\"Organization\",\"@id\":\"https:\/\/xstyle.md\/#organization\",\"name\":\"\u041c\u0430\u0433\u0430\u0437\u0438\u043d Xstyle\",\"alternateName\":\"x-style\",\"url\":\"https:\/\/xstyle.md\/\",\"logo\":{\"@type\":\"ImageObject\",\"inLanguage\":\"ro-RO\",\"@id\":\"https:\/\/xstyle.md\/#\/schema\/logo\/image\/\",\"url\":\"https:\/\/xstyle.md\/wp-content\/uploads\/2020\/06\/logoicon.svg\",\"contentUrl\":\"https:\/\/xstyle.md\/wp-content\/uploads\/2020\/06\/logoicon.svg\",\"caption\":\"\u041c\u0430\u0433\u0430\u0437\u0438\u043d Xstyle\"},\"image\":{\"@id\":\"https:\/\/xstyle.md\/#\/schema\/logo\/image\/\"},\"sameAs\":[\"https:\/\/www.facebook.com\/xstylemd\",\"https:\/\/www.instagram.com\/xstyle_md\/\",\"https:\/\/t.me\/xstyle_outdoor\"],\"hasMerchantReturnPolicy\":{\"@type\":\"MerchantReturnPolicy\",\"merchantReturnLink\":\"https:\/\/xstyle.md\/ro\/conditions\/\"}}]}<\/script>\n<meta property=\"product:price:amount\" content=\"1190.00\" \/>\n<meta property=\"product:price:currency\" content=\"MDL\" \/>\n<meta property=\"og:availability\" content=\"instock\" \/>\n<meta property=\"product:availability\" content=\"instock\" \/>\n<meta property=\"product:retailer_item_id\" content=\"2050000001123\" \/>\n<meta property=\"product:condition\" content=\"new\" \/>\n<!-- \/ Yoast SEO plugin. -->","yoast_head_json":{"title":"NERIS - Sac ermetic conic 60 l - Magazin Xstyle","description":"Husa hermetic\u0103 conic\u0103 Neris de 60 l (TPU) protejeaz\u0103 lucrurile de ap\u0103, nisip \u0219i praf. Ideal\u0103 pentru recreere activ\u0103 \u0219i utilizare cu caiace gonflabile.","robots":{"index":"index","follow":"follow","max-snippet":"max-snippet:-1","max-image-preview":"max-image-preview:large","max-video-preview":"max-video-preview:-1"},"canonical":"https:\/\/xstyle.md\/ro\/produs\/neris-germoupakovka-konusnaja-60-l\/","og_locale":"ro_RO","og_type":"article","og_title":"\u0413\u0435\u0440\u043c\u043e\u0443\u043f\u0430\u043a\u043e\u0432\u043a\u0430 \u043a\u043e\u043d\u0443\u0441\u043d\u0430\u044f Neris 60 \u043b (TPU) - \u041c\u0430\u0433\u0430\u0437\u0438\u043d Xstyle","og_description":"\u0413\u0435\u0440\u043c\u043e\u0443\u043f\u0430\u043a\u043e\u0432\u043a\u0430 \u043a\u043e\u043d\u0443\u0441\u043d\u0430\u044f Neris 60 \u043b (TPU) \u0437\u0430\u0449\u0438\u0449\u0430\u0435\u0442 \u0432\u0435\u0449\u0438 \u043e\u0442 \u0432\u043e\u0434\u044b, \u043f\u0435\u0441\u043a\u0430 \u0438 \u043f\u044b\u043b\u0438. \u0418\u0434\u0435\u0430\u043b\u044c\u043d\u0430 \u0434\u043b\u044f \u0430\u043a\u0442\u0438\u0432\u043d\u043e\u0433\u043e \u043e\u0442\u0434\u044b\u0445\u0430 \u0438 \u0438\u0441\u043f\u043e\u043b\u044c\u0437\u043e\u0432\u0430\u043d\u0438\u044f \u0441 \u043d\u0430\u0434\u0443\u0432\u043d\u044b\u043c\u0438 \u043a\u0430\u044f\u043a\u0430\u043c\u0438.","og_url":"https:\/\/xstyle.md\/ro\/produs\/neris-germoupakovka-konusnaja-60-l\/","og_site_name":"\u041c\u0430\u0433\u0430\u0437\u0438\u043d Xstyle","article_publisher":"https:\/\/www.facebook.com\/xstylemd","article_modified_time":"2024-10-21T06:35:49+00:00","og_image":[{"width":300,"height":400,"url":"https:\/\/xstyle.md\/wp-content\/uploads\/2020\/07\/103716.jpg","type":"image\/jpeg"}],"twitter_card":"summary_large_image","twitter_misc":{"Pre\u021b":"1.190&nbsp;MDL","Disponibilitate":"\u00cen stoc"},"schema":{"@context":"https:\/\/schema.org","@graph":[{"@type":"WebPage","@id":"https:\/\/xstyle.md\/product\/neris-germoupakovka-konusnaja-60-l\/","url":"https:\/\/xstyle.md\/product\/neris-germoupakovka-konusnaja-60-l\/","name":"NERIS - Sac ermetic conic 60 l - Magazin Xstyle","isPartOf":{"@id":"https:\/\/xstyle.md\/#website"},"primaryImageOfPage":{"@id":"https:\/\/xstyle.md\/product\/neris-germoupakovka-konusnaja-60-l\/#primaryimage"},"image":{"@id":"https:\/\/xstyle.md\/product\/neris-germoupakovka-konusnaja-60-l\/#primaryimage"},"thumbnailUrl":"https:\/\/xstyle.md\/wp-content\/uploads\/2020\/07\/103716.jpg","datePublished":"2020-07-16T17:12:26+00:00","dateModified":"2024-10-21T06:35:49+00:00","description":"Husa hermetic\u0103 conic\u0103 Neris de 60 l (TPU) protejeaz\u0103 lucrurile de ap\u0103, nisip \u0219i praf. Ideal\u0103 pentru recreere activ\u0103 \u0219i utilizare cu caiace gonflabile.","breadcrumb":{"@id":"https:\/\/xstyle.md\/product\/neris-germoupakovka-konusnaja-60-l\/#breadcrumb"},"inLanguage":"ro-RO","potentialAction":[{"@type":"ReadAction","target":["https:\/\/xstyle.md\/product\/neris-germoupakovka-konusnaja-60-l\/"]}]},{"@type":"ImageObject","inLanguage":"ro-RO","@id":"https:\/\/xstyle.md\/product\/neris-germoupakovka-konusnaja-60-l\/#primaryimage","url":"https:\/\/xstyle.md\/wp-content\/uploads\/2020\/07\/103716.jpg","contentUrl":"https:\/\/xstyle.md\/wp-content\/uploads\/2020\/07\/103716.jpg","width":300,"height":400},{"@type":"BreadcrumbList","@id":"https:\/\/xstyle.md\/product\/neris-germoupakovka-konusnaja-60-l\/#breadcrumb","itemListElement":[{"@type":"ListItem","position":1,"name":"\u0413\u043b\u0430\u0432\u043d\u0430\u044f \u0441\u0442\u0440\u0430\u043d\u0438\u0446\u0430","item":"https:\/\/xstyle.md\/"},{"@type":"ListItem","position":2,"name":"\u041c\u0430\u0433\u0430\u0437\u0438\u043d","item":"https:\/\/xstyle.md\/shop\/"},{"@type":"ListItem","position":3,"name":"\u0413\u0435\u0440\u043c\u043e\u0443\u043f\u0430\u043a\u043e\u0432\u043a\u0430 \u043a\u043e\u043d\u0443\u0441\u043d\u0430\u044f Neris 60 \u043b (TPU)"}]},{"@type":"WebSite","@id":"https:\/\/xstyle.md\/#website","url":"https:\/\/xstyle.md\/","name":"Magazinul X-Style","description":"Echipamente pentru turism \u0219i sporturi extreme \u00een Moldova. Pre\u021buri, fotografii, caracteristici \u00een Moldova.","publisher":{"@id":"https:\/\/xstyle.md\/#organization"},"alternateName":"X-Style","potentialAction":[{"@type":"SearchAction","target":{"@type":"EntryPoint","urlTemplate":"https:\/\/xstyle.md\/?s={search_term_string}"},"query-input":{"@type":"PropertyValueSpecification","valueRequired":true,"valueName":"search_term_string"}}],"inLanguage":"ro-RO"},{"@type":"Organization","@id":"https:\/\/xstyle.md\/#organization","name":"Magazinul X-Style","alternateName":"x-style","url":"https:\/\/xstyle.md\/","logo":{"@type":"ImageObject","inLanguage":"ro-RO","@id":"https:\/\/xstyle.md\/#\/schema\/logo\/image\/","url":"https:\/\/xstyle.md\/wp-content\/uploads\/2020\/06\/logoicon.svg","contentUrl":"https:\/\/xstyle.md\/wp-content\/uploads\/2020\/06\/logoicon.svg","caption":"\u041c\u0430\u0433\u0430\u0437\u0438\u043d Xstyle"},"image":{"@id":"https:\/\/xstyle.md\/#\/schema\/logo\/image\/"},"sameAs":["https:\/\/www.facebook.com\/xstylemd","https:\/\/www.instagram.com\/xstyle_md\/","https:\/\/t.me\/xstyle_outdoor"],"hasMerchantReturnPolicy":{"@type":"MerchantReturnPolicy","merchantReturnLink":"https:\/\/xstyle.md\/ro\/conditions\/"}}]},"product_price_amount":"1190.00","product_price_currency":"MDL","og_availability":"instock","product_availability":"instock","product_retailer_item_id":"2050000001123","product_condition":"new"},"post_mailing_queue_ids":[],"_links":{"self":[{"href":"https:\/\/xstyle.md\/ro\/wp-json\/wp\/v2\/product\/4929","targetHints":{"allow":["GET"]}}],"collection":[{"href":"https:\/\/xstyle.md\/ro\/wp-json\/wp\/v2\/product"}],"about":[{"href":"https:\/\/xstyle.md\/ro\/wp-json\/wp\/v2\/types\/product"}],"replies":[{"embeddable":true,"href":"https:\/\/xstyle.md\/ro\/wp-json\/wp\/v2\/comments?post=4929"}],"wp:featuredmedia":[{"embeddable":true,"href":"https:\/\/xstyle.md\/ro\/wp-json\/wp\/v2\/media\/4928"}],"wp:attachment":[{"href":"https:\/\/xstyle.md\/ro\/wp-json\/wp\/v2\/media?parent=4929"}],"wp:term":[{"taxonomy":"product_brand","embeddable":true,"href":"https:\/\/xstyle.md\/ro\/wp-json\/wp\/v2\/product_brand?post=4929"},{"taxonomy":"product_cat","embeddable":true,"href":"https:\/\/xstyle.md\/ro\/wp-json\/wp\/v2\/product_cat?post=4929"},{"taxonomy":"product_tag","embeddable":true,"href":"https:\/\/xstyle.md\/ro\/wp-json\/wp\/v2\/product_tag?post=4929"}],"curies":[{"name":"wp","href":"https:\/\/api.w.org\/{rel}","templated":true}]}}