{"id":49022,"date":"2022-06-16T13:22:30","date_gmt":"2022-06-16T10:22:30","guid":{"rendered":"https:\/\/xstyle.md\/?post_type=product&#038;p=49022"},"modified":"2026-03-18T18:37:34","modified_gmt":"2026-03-18T15:37:34","slug":"turisticheskaya-karta-trasee-cu-bicicleta-in-imprejurimile-brasovului","status":"publish","type":"product","link":"https:\/\/xstyle.md\/ro\/produs\/turisticheskaya-karta-trasee-cu-bicicleta-in-imprejurimile-brasovului\/","title":{"rendered":"Harta turistic\u0103 \u00abTrasee cu bicicleta in imprejurimile Brasovului\u00bb"},"content":{"rendered":"<p><\/p>\n<p>Harta &#171;<strong>Trasee cu bicicleta in imprejurimile Brasovului<\/strong>&#187; marcat\u0103 cu codul MB03, reprezint\u0103 al treilea num\u0103r din seria \u201eH\u0103r\u021bi de biciclet\u0103\u201d.<\/p>\n<p>Aceasta a fost editat\u0103 folosind cele mai moderne tehnologii cartografice \u0219i este tip\u0103rit\u0103 pe h\u00e2rtie rezistent\u0103 la umiditate. Harta este u\u0219or de citit \u0219i de utilizat datorit\u0103 stilurilor de reprezentare grafic\u0103 specifice companiei Schubert &amp; Franzke, precum \u0219i datorit\u0103 structur\u0103rii practice a informa\u021biilor. Totul este la \u00eendem\u00e2n\u0103, exact acolo unde este nevoie, fiind un instrument util at\u00e2t pentru amatorii de ciclism, c\u00e2t \u0219i pentru profesioni\u0219ti.<\/p>\n<h3>Particularit\u0103\u021bi<\/h3>\n<ul>\n<li>Tehnologie modern\u0103 &#8212; harta a fost editat\u0103 utiliz\u00e2nd cele mai noi tehnologii cartografice \u0219i este tip\u0103rit\u0103 pe h\u00e2rtie rezistent\u0103 la ap\u0103 (vlagostabil\u0103)<\/li>\n<li>Lizibilitate sporit\u0103 &#8212; este u\u0219or de citit \u0219i simplu de utilizat datorit\u0103 stilului cartografic caracteristic Schubert &amp; Franzke \u0219i a structur\u0103rii practice a datelor<\/li>\n<li>Versatilitate &#8212; informa\u021biile sunt bine organizate, fiind utile at\u00e2t entuziastilor de drume\u021bii, c\u00e2t \u0219i profesioni\u0219tilor<\/li>\n<li>Sistem de coordonate &#8212; harta con\u021bine o re\u021bea UTM (Sistemul de Coordonate Metrice), util\u0103 pentru m\u0103surarea rapid\u0103 a distan\u021belor direct pe hart\u0103<\/li>\n<li>Vizualizarea reliefului &#8212; umbrirea \u0219i curbele de nivel scot \u00een eviden\u021b\u0103 formele de relief, facilit\u00e2nd orientarea \u00een teren<\/li>\n<\/ul>\n<h3>Informa\u021bii suplimentare<\/h3>\n<p>Anul apari\u021biei &#8212; 2016<\/p>\n<p>Limbi disponibile &#8212; Rom\u00e2n\u0103, Englez\u0103<\/p>\n<p><\/p>","protected":false},"excerpt":{"rendered":"","protected":false},"featured_media":51730,"comment_status":"open","ping_status":"closed","template":"","meta":{"_acf_changed":false,"inline_featured_image":false},"product_brand":[1503],"product_cat":[929],"product_tag":[],"class_list":{"0":"post-49022","1":"product","2":"type-product","3":"status-publish","4":"has-post-thumbnail","6":"product_brand-schubert-franzke","7":"product_cat-maps","9":"first","10":"instock","11":"shipping-taxable","12":"purchasable","13":"product-type-simple"},"acf":[],"yoast_head":"<!-- This site is optimized with the Yoast SEO plugin v27.2 - https:\/\/yoast.com\/product\/yoast-seo-wordpress\/ -->\n<title>\u0422\u0443\u0440\u0438\u0441\u0442\u0438\u0447\u0435\u0441\u043a\u0430\u044f \u043a\u0430\u0440\u0442\u0430 &quot;Trasee cu bicicleta in imprejurimile Brasovului&quot; - \u041c\u0430\u0433\u0430\u0437\u0438\u043d Xstyle<\/title>\n<meta name=\"description\" content=\"\u041e\u0442\u043a\u0440\u043e\u0439\u0442\u0435 \u043a\u0440\u0430\u0441\u0438\u0432\u044b\u0435 \u0432\u0435\u043b\u043e\u043c\u0430\u0440\u0448\u0440\u0443\u0442\u044b \u0432\u043e\u043a\u0440\u0443\u0433 \u0411\u0440\u0430\u0448\u043e\u0432\u0430 \u0441 \u0442\u0443\u0440\u0438\u0441\u0442\u0438\u0447\u0435\u0441\u043a\u043e\u0439 \u043a\u0430\u0440\u0442\u043e\u0439 &quot;Trasee cu bicicleta in imprejurimile Brasovului&quot;. \u0418\u0434\u0435\u0430\u043b\u044c\u043d\u043e \u0434\u043b\u044f \u043b\u044e\u0431\u0438\u0442\u0435\u043b\u0435\u0439 \u0430\u043a\u0442\u0438\u0432\u043d\u043e\u0433\u043e \u043e\u0442\u0434\u044b\u0445\u0430!\" \/>\n<meta name=\"robots\" content=\"index, follow, max-snippet:-1, max-image-preview:large, max-video-preview:-1\" \/>\n<link rel=\"canonical\" href=\"https:\/\/xstyle.md\/ro\/produs\/turisticheskaya-karta-trasee-cu-bicicleta-in-imprejurimile-brasovului\/\" \/>\n<meta property=\"og:locale\" content=\"ro_RO\" \/>\n<meta property=\"og:type\" content=\"article\" \/>\n<meta property=\"og:title\" content=\"\u0422\u0443\u0440\u0438\u0441\u0442\u0438\u0447\u0435\u0441\u043a\u0430\u044f \u043a\u0430\u0440\u0442\u0430 &quot;Trasee cu bicicleta in imprejurimile Brasovului&quot; - \u041c\u0430\u0433\u0430\u0437\u0438\u043d Xstyle\" \/>\n<meta property=\"og:description\" content=\"\u041e\u0442\u043a\u0440\u043e\u0439\u0442\u0435 \u043a\u0440\u0430\u0441\u0438\u0432\u044b\u0435 \u0432\u0435\u043b\u043e\u043c\u0430\u0440\u0448\u0440\u0443\u0442\u044b \u0432\u043e\u043a\u0440\u0443\u0433 \u0411\u0440\u0430\u0448\u043e\u0432\u0430 \u0441 \u0442\u0443\u0440\u0438\u0441\u0442\u0438\u0447\u0435\u0441\u043a\u043e\u0439 \u043a\u0430\u0440\u0442\u043e\u0439 &quot;Trasee cu bicicleta in imprejurimile Brasovului&quot;. \u0418\u0434\u0435\u0430\u043b\u044c\u043d\u043e \u0434\u043b\u044f \u043b\u044e\u0431\u0438\u0442\u0435\u043b\u0435\u0439 \u0430\u043a\u0442\u0438\u0432\u043d\u043e\u0433\u043e \u043e\u0442\u0434\u044b\u0445\u0430!\" \/>\n<meta property=\"og:url\" content=\"https:\/\/xstyle.md\/ro\/produs\/turisticheskaya-karta-trasee-cu-bicicleta-in-imprejurimile-brasovului\/\" \/>\n<meta property=\"og:site_name\" content=\"\u041c\u0430\u0433\u0430\u0437\u0438\u043d Xstyle\" \/>\n<meta property=\"article:publisher\" content=\"https:\/\/www.facebook.com\/xstylemd\" \/>\n<meta property=\"article:modified_time\" content=\"2026-03-18T15:37:34+00:00\" \/>\n<meta property=\"og:image\" content=\"https:\/\/xstyle.md\/wp-content\/uploads\/2022\/06\/trasee-cu-bicicleta-in-imprejurimile-brasovului.jpg\" \/>\n\t<meta property=\"og:image:width\" content=\"800\" \/>\n\t<meta property=\"og:image:height\" content=\"960\" \/>\n\t<meta property=\"og:image:type\" content=\"image\/jpeg\" \/>\n<meta name=\"twitter:card\" content=\"summary_large_image\" \/>\n<meta name=\"twitter:label1\" content=\"Pre\u021b\" \/>\n\t<meta name=\"twitter:data1\" content=\"170&nbsp;MDL\" \/>\n\t<meta name=\"twitter:label2\" content=\"Disponibilitate\" \/>\n\t<meta name=\"twitter:data2\" content=\"\u00cen stoc\" \/>\n<script type=\"application\/ld+json\" class=\"yoast-schema-graph\">{\"@context\":\"https:\/\/schema.org\",\"@graph\":[{\"@type\":\"WebPage\",\"@id\":\"https:\/\/xstyle.md\/product\/turisticheskaya-karta-trasee-cu-bicicleta-in-imprejurimile-brasovului\/\",\"url\":\"https:\/\/xstyle.md\/product\/turisticheskaya-karta-trasee-cu-bicicleta-in-imprejurimile-brasovului\/\",\"name\":\"\u0422\u0443\u0440\u0438\u0441\u0442\u0438\u0447\u0435\u0441\u043a\u0430\u044f \u043a\u0430\u0440\u0442\u0430 \\\"Trasee cu bicicleta in imprejurimile Brasovului\\\" - \u041c\u0430\u0433\u0430\u0437\u0438\u043d Xstyle\",\"isPartOf\":{\"@id\":\"https:\/\/xstyle.md\/#website\"},\"primaryImageOfPage\":{\"@id\":\"https:\/\/xstyle.md\/product\/turisticheskaya-karta-trasee-cu-bicicleta-in-imprejurimile-brasovului\/#primaryimage\"},\"image\":{\"@id\":\"https:\/\/xstyle.md\/product\/turisticheskaya-karta-trasee-cu-bicicleta-in-imprejurimile-brasovului\/#primaryimage\"},\"thumbnailUrl\":\"https:\/\/xstyle.md\/wp-content\/uploads\/2022\/06\/trasee-cu-bicicleta-in-imprejurimile-brasovului.jpg\",\"datePublished\":\"2022-06-16T10:22:30+00:00\",\"dateModified\":\"2026-03-18T15:37:34+00:00\",\"description\":\"\u041e\u0442\u043a\u0440\u043e\u0439\u0442\u0435 \u043a\u0440\u0430\u0441\u0438\u0432\u044b\u0435 \u0432\u0435\u043b\u043e\u043c\u0430\u0440\u0448\u0440\u0443\u0442\u044b \u0432\u043e\u043a\u0440\u0443\u0433 \u0411\u0440\u0430\u0448\u043e\u0432\u0430 \u0441 \u0442\u0443\u0440\u0438\u0441\u0442\u0438\u0447\u0435\u0441\u043a\u043e\u0439 \u043a\u0430\u0440\u0442\u043e\u0439 \\\"Trasee cu bicicleta in imprejurimile Brasovului\\\". \u0418\u0434\u0435\u0430\u043b\u044c\u043d\u043e \u0434\u043b\u044f \u043b\u044e\u0431\u0438\u0442\u0435\u043b\u0435\u0439 \u0430\u043a\u0442\u0438\u0432\u043d\u043e\u0433\u043e \u043e\u0442\u0434\u044b\u0445\u0430!\",\"breadcrumb\":{\"@id\":\"https:\/\/xstyle.md\/product\/turisticheskaya-karta-trasee-cu-bicicleta-in-imprejurimile-brasovului\/#breadcrumb\"},\"inLanguage\":\"ro-RO\",\"potentialAction\":[{\"@type\":\"ReadAction\",\"target\":[\"https:\/\/xstyle.md\/product\/turisticheskaya-karta-trasee-cu-bicicleta-in-imprejurimile-brasovului\/\"]}]},{\"@type\":\"ImageObject\",\"inLanguage\":\"ro-RO\",\"@id\":\"https:\/\/xstyle.md\/product\/turisticheskaya-karta-trasee-cu-bicicleta-in-imprejurimile-brasovului\/#primaryimage\",\"url\":\"https:\/\/xstyle.md\/wp-content\/uploads\/2022\/06\/trasee-cu-bicicleta-in-imprejurimile-brasovului.jpg\",\"contentUrl\":\"https:\/\/xstyle.md\/wp-content\/uploads\/2022\/06\/trasee-cu-bicicleta-in-imprejurimile-brasovului.jpg\",\"width\":800,\"height\":960,\"caption\":\"\u0422\u0443\u0440\u0438\u0441\u0442\u0438\u0447\u0435\u0441\u043a\u0430\u044f \u043a\u0430\u0440\u0442\u0430 \u0434\u043b\u044f \u0430\u043a\u0442\u0438\u0432\u043d\u043e\u0433\u043e \u043e\u0442\u0434\u044b\u0445\u0430 \u043d\u0430 \u043f\u0440\u0438\u0440\u043e\u0434\u0435 \u0432\u0435\u043b\u043e\u0441\u0438\u043f\u0435\u0434\u043d\u044b\u0435 \u043c\u0430\u0440\u0448\u0440\u0443\u0442\u044b \u0434\u043b\u044f \u043f\u043e\u0445\u043e\u0434\u043e\u0432 \u0438 \u043f\u0443\u0442\u0435\u0448\u0435\u0441\u0442\u0432\u0438\u0439 \u0432 \u043e\u043a\u0440\u0435\u0441\u0442\u043d\u043e\u0441\u0442\u044f\u0445 \u0411\u0440\u0430\u0448\u043e\u0432\u0430 \u0441 \u043e\u0434\u0435\u0436\u0434\u043e\u0439 \u0438 \u043e\u0431\u0443\u0432\u044c\u044e \u0434\u043b\u044f \u0442\u0443\u0440\u0438\u0437\u043c\u0430, \u0445\u0430\u0439\u043a\u0438\u043d\u0433\u0430 \u0438 \u0430\u043b\u044c\u043f\u0438\u043d\u0438\u0437\u043c\u0430\"},{\"@type\":\"BreadcrumbList\",\"@id\":\"https:\/\/xstyle.md\/product\/turisticheskaya-karta-trasee-cu-bicicleta-in-imprejurimile-brasovului\/#breadcrumb\",\"itemListElement\":[{\"@type\":\"ListItem\",\"position\":1,\"name\":\"\u0413\u043b\u0430\u0432\u043d\u0430\u044f \u0441\u0442\u0440\u0430\u043d\u0438\u0446\u0430\",\"item\":\"https:\/\/xstyle.md\/\"},{\"@type\":\"ListItem\",\"position\":2,\"name\":\"\u041c\u0430\u0433\u0430\u0437\u0438\u043d\",\"item\":\"https:\/\/xstyle.md\/shop\/\"},{\"@type\":\"ListItem\",\"position\":3,\"name\":\"\u0422\u0443\u0440\u0438\u0441\u0442\u0438\u0447\u0435\u0441\u043a\u0430\u044f \u043a\u0430\u0440\u0442\u0430 &#171;Trasee cu bicicleta in imprejurimile Brasovului&#187;\"}]},{\"@type\":\"WebSite\",\"@id\":\"https:\/\/xstyle.md\/#website\",\"url\":\"https:\/\/xstyle.md\/\",\"name\":\"\u041c\u0430\u0433\u0430\u0437\u0438\u043d Xstyle\",\"description\":\"C\u043d\u0430\u0440\u044f\u0436\u0435\u043d\u0438\u0435 \u0434\u043b\u044f \u0442\u0443\u0440\u0438\u0437\u043c\u0430 \u0438 \u044d\u043a\u0441\u0442\u0440\u0435\u043c\u0430\u043b\u044c\u043d\u044b\u0445 \u0432\u0438\u0434\u043e\u0432 \u0441\u043f\u043e\u0440\u0442\u0430 \u0432 \u041c\u043e\u043b\u0434\u043e\u0432\u0435.. \u0426\u0435\u043d\u044b, \u0444\u043e\u0442\u043e, \u0445\u0430\u0440\u0430\u043a\u0442\u0435\u0440\u0438\u0441\u0442\u0438\u043a\u0438 \u0432 \u041c\u043e\u043b\u0434\u043e\u0432\u0435.\",\"publisher\":{\"@id\":\"https:\/\/xstyle.md\/#organization\"},\"alternateName\":\"X-Style\",\"potentialAction\":[{\"@type\":\"SearchAction\",\"target\":{\"@type\":\"EntryPoint\",\"urlTemplate\":\"https:\/\/xstyle.md\/?s={search_term_string}\"},\"query-input\":{\"@type\":\"PropertyValueSpecification\",\"valueRequired\":true,\"valueName\":\"search_term_string\"}}],\"inLanguage\":\"ro-RO\"},{\"@type\":\"Organization\",\"@id\":\"https:\/\/xstyle.md\/#organization\",\"name\":\"\u041c\u0430\u0433\u0430\u0437\u0438\u043d Xstyle\",\"alternateName\":\"x-style\",\"url\":\"https:\/\/xstyle.md\/\",\"logo\":{\"@type\":\"ImageObject\",\"inLanguage\":\"ro-RO\",\"@id\":\"https:\/\/xstyle.md\/#\/schema\/logo\/image\/\",\"url\":\"https:\/\/xstyle.md\/wp-content\/uploads\/2020\/06\/logoicon.svg\",\"contentUrl\":\"https:\/\/xstyle.md\/wp-content\/uploads\/2020\/06\/logoicon.svg\",\"caption\":\"\u041c\u0430\u0433\u0430\u0437\u0438\u043d Xstyle\"},\"image\":{\"@id\":\"https:\/\/xstyle.md\/#\/schema\/logo\/image\/\"},\"sameAs\":[\"https:\/\/www.facebook.com\/xstylemd\",\"https:\/\/www.instagram.com\/xstyle_md\/\",\"https:\/\/t.me\/xstyle_outdoor\"],\"hasMerchantReturnPolicy\":{\"@type\":\"MerchantReturnPolicy\",\"merchantReturnLink\":\"https:\/\/xstyle.md\/ro\/conditions\/\"}}]}<\/script>\n<meta property=\"product:price:amount\" content=\"170.00\" \/>\n<meta property=\"product:price:currency\" content=\"MDL\" \/>\n<meta property=\"og:availability\" content=\"instock\" \/>\n<meta property=\"product:availability\" content=\"instock\" \/>\n<meta property=\"product:retailer_item_id\" content=\"5948490930207\" \/>\n<meta property=\"product:condition\" content=\"new\" \/>\n<!-- \/ Yoast SEO plugin. -->","yoast_head_json":{"title":"Harta turistic\u0103 \"Trasee cu bicicleta in imprejurimile Brasovului\" - Magazin Xstyle","description":"\u041e\u0442\u043a\u0440\u043e\u0439\u0442\u0435 \u043a\u0440\u0430\u0441\u0438\u0432\u044b\u0435 \u0432\u0435\u043b\u043e\u043c\u0430\u0440\u0448\u0440\u0443\u0442\u044b \u0432\u043e\u043a\u0440\u0443\u0433 \u0411\u0440\u0430\u0448\u043e\u0432\u0430 \u0441 \u0442\u0443\u0440\u0438\u0441\u0442\u0438\u0447\u0435\u0441\u043a\u043e\u0439 \u043a\u0430\u0440\u0442\u043e\u0439 \"Trasee cu bicicleta in imprejurimile Brasovului\". \u0418\u0434\u0435\u0430\u043b\u044c\u043d\u043e \u0434\u043b\u044f \u043b\u044e\u0431\u0438\u0442\u0435\u043b\u0435\u0439 \u0430\u043a\u0442\u0438\u0432\u043d\u043e\u0433\u043e \u043e\u0442\u0434\u044b\u0445\u0430!","robots":{"index":"index","follow":"follow","max-snippet":"max-snippet:-1","max-image-preview":"max-image-preview:large","max-video-preview":"max-video-preview:-1"},"canonical":"https:\/\/xstyle.md\/ro\/produs\/turisticheskaya-karta-trasee-cu-bicicleta-in-imprejurimile-brasovului\/","og_locale":"ro_RO","og_type":"article","og_title":"\u0422\u0443\u0440\u0438\u0441\u0442\u0438\u0447\u0435\u0441\u043a\u0430\u044f \u043a\u0430\u0440\u0442\u0430 \"Trasee cu bicicleta in imprejurimile Brasovului\" - \u041c\u0430\u0433\u0430\u0437\u0438\u043d Xstyle","og_description":"\u041e\u0442\u043a\u0440\u043e\u0439\u0442\u0435 \u043a\u0440\u0430\u0441\u0438\u0432\u044b\u0435 \u0432\u0435\u043b\u043e\u043c\u0430\u0440\u0448\u0440\u0443\u0442\u044b \u0432\u043e\u043a\u0440\u0443\u0433 \u0411\u0440\u0430\u0448\u043e\u0432\u0430 \u0441 \u0442\u0443\u0440\u0438\u0441\u0442\u0438\u0447\u0435\u0441\u043a\u043e\u0439 \u043a\u0430\u0440\u0442\u043e\u0439 \"Trasee cu bicicleta in imprejurimile Brasovului\". \u0418\u0434\u0435\u0430\u043b\u044c\u043d\u043e \u0434\u043b\u044f \u043b\u044e\u0431\u0438\u0442\u0435\u043b\u0435\u0439 \u0430\u043a\u0442\u0438\u0432\u043d\u043e\u0433\u043e \u043e\u0442\u0434\u044b\u0445\u0430!","og_url":"https:\/\/xstyle.md\/ro\/produs\/turisticheskaya-karta-trasee-cu-bicicleta-in-imprejurimile-brasovului\/","og_site_name":"\u041c\u0430\u0433\u0430\u0437\u0438\u043d Xstyle","article_publisher":"https:\/\/www.facebook.com\/xstylemd","article_modified_time":"2026-03-18T15:37:34+00:00","og_image":[{"width":800,"height":960,"url":"https:\/\/xstyle.md\/wp-content\/uploads\/2022\/06\/trasee-cu-bicicleta-in-imprejurimile-brasovului.jpg","type":"image\/jpeg"}],"twitter_card":"summary_large_image","twitter_misc":{"Pre\u021b":"170&nbsp;MDL","Disponibilitate":"\u00cen stoc"},"schema":{"@context":"https:\/\/schema.org","@graph":[{"@type":"WebPage","@id":"https:\/\/xstyle.md\/product\/turisticheskaya-karta-trasee-cu-bicicleta-in-imprejurimile-brasovului\/","url":"https:\/\/xstyle.md\/product\/turisticheskaya-karta-trasee-cu-bicicleta-in-imprejurimile-brasovului\/","name":"Harta turistic\u0103 \"Trasee cu bicicleta in imprejurimile Brasovului\" - Magazin Xstyle","isPartOf":{"@id":"https:\/\/xstyle.md\/#website"},"primaryImageOfPage":{"@id":"https:\/\/xstyle.md\/product\/turisticheskaya-karta-trasee-cu-bicicleta-in-imprejurimile-brasovului\/#primaryimage"},"image":{"@id":"https:\/\/xstyle.md\/product\/turisticheskaya-karta-trasee-cu-bicicleta-in-imprejurimile-brasovului\/#primaryimage"},"thumbnailUrl":"https:\/\/xstyle.md\/wp-content\/uploads\/2022\/06\/trasee-cu-bicicleta-in-imprejurimile-brasovului.jpg","datePublished":"2022-06-16T10:22:30+00:00","dateModified":"2026-03-18T15:37:34+00:00","description":"\u041e\u0442\u043a\u0440\u043e\u0439\u0442\u0435 \u043a\u0440\u0430\u0441\u0438\u0432\u044b\u0435 \u0432\u0435\u043b\u043e\u043c\u0430\u0440\u0448\u0440\u0443\u0442\u044b \u0432\u043e\u043a\u0440\u0443\u0433 \u0411\u0440\u0430\u0448\u043e\u0432\u0430 \u0441 \u0442\u0443\u0440\u0438\u0441\u0442\u0438\u0447\u0435\u0441\u043a\u043e\u0439 \u043a\u0430\u0440\u0442\u043e\u0439 \"Trasee cu bicicleta in imprejurimile Brasovului\". \u0418\u0434\u0435\u0430\u043b\u044c\u043d\u043e \u0434\u043b\u044f \u043b\u044e\u0431\u0438\u0442\u0435\u043b\u0435\u0439 \u0430\u043a\u0442\u0438\u0432\u043d\u043e\u0433\u043e \u043e\u0442\u0434\u044b\u0445\u0430!","breadcrumb":{"@id":"https:\/\/xstyle.md\/product\/turisticheskaya-karta-trasee-cu-bicicleta-in-imprejurimile-brasovului\/#breadcrumb"},"inLanguage":"ro-RO","potentialAction":[{"@type":"ReadAction","target":["https:\/\/xstyle.md\/product\/turisticheskaya-karta-trasee-cu-bicicleta-in-imprejurimile-brasovului\/"]}]},{"@type":"ImageObject","inLanguage":"ro-RO","@id":"https:\/\/xstyle.md\/product\/turisticheskaya-karta-trasee-cu-bicicleta-in-imprejurimile-brasovului\/#primaryimage","url":"https:\/\/xstyle.md\/wp-content\/uploads\/2022\/06\/trasee-cu-bicicleta-in-imprejurimile-brasovului.jpg","contentUrl":"https:\/\/xstyle.md\/wp-content\/uploads\/2022\/06\/trasee-cu-bicicleta-in-imprejurimile-brasovului.jpg","width":800,"height":960,"caption":"\u0422\u0443\u0440\u0438\u0441\u0442\u0438\u0447\u0435\u0441\u043a\u0430\u044f \u043a\u0430\u0440\u0442\u0430 \u0434\u043b\u044f \u0430\u043a\u0442\u0438\u0432\u043d\u043e\u0433\u043e \u043e\u0442\u0434\u044b\u0445\u0430 \u043d\u0430 \u043f\u0440\u0438\u0440\u043e\u0434\u0435 \u0432\u0435\u043b\u043e\u0441\u0438\u043f\u0435\u0434\u043d\u044b\u0435 \u043c\u0430\u0440\u0448\u0440\u0443\u0442\u044b \u0434\u043b\u044f \u043f\u043e\u0445\u043e\u0434\u043e\u0432 \u0438 \u043f\u0443\u0442\u0435\u0448\u0435\u0441\u0442\u0432\u0438\u0439 \u0432 \u043e\u043a\u0440\u0435\u0441\u0442\u043d\u043e\u0441\u0442\u044f\u0445 \u0411\u0440\u0430\u0448\u043e\u0432\u0430 \u0441 \u043e\u0434\u0435\u0436\u0434\u043e\u0439 \u0438 \u043e\u0431\u0443\u0432\u044c\u044e \u0434\u043b\u044f \u0442\u0443\u0440\u0438\u0437\u043c\u0430, \u0445\u0430\u0439\u043a\u0438\u043d\u0433\u0430 \u0438 \u0430\u043b\u044c\u043f\u0438\u043d\u0438\u0437\u043c\u0430"},{"@type":"BreadcrumbList","@id":"https:\/\/xstyle.md\/product\/turisticheskaya-karta-trasee-cu-bicicleta-in-imprejurimile-brasovului\/#breadcrumb","itemListElement":[{"@type":"ListItem","position":1,"name":"\u0413\u043b\u0430\u0432\u043d\u0430\u044f \u0441\u0442\u0440\u0430\u043d\u0438\u0446\u0430","item":"https:\/\/xstyle.md\/"},{"@type":"ListItem","position":2,"name":"\u041c\u0430\u0433\u0430\u0437\u0438\u043d","item":"https:\/\/xstyle.md\/shop\/"},{"@type":"ListItem","position":3,"name":"\u0422\u0443\u0440\u0438\u0441\u0442\u0438\u0447\u0435\u0441\u043a\u0430\u044f \u043a\u0430\u0440\u0442\u0430 &#171;Trasee cu bicicleta in imprejurimile Brasovului&#187;"}]},{"@type":"WebSite","@id":"https:\/\/xstyle.md\/#website","url":"https:\/\/xstyle.md\/","name":"Magazinul X-Style","description":"Echipamente pentru turism \u0219i sporturi extreme \u00een Moldova. Pre\u021buri, fotografii, caracteristici \u00een Moldova.","publisher":{"@id":"https:\/\/xstyle.md\/#organization"},"alternateName":"X-Style","potentialAction":[{"@type":"SearchAction","target":{"@type":"EntryPoint","urlTemplate":"https:\/\/xstyle.md\/?s={search_term_string}"},"query-input":{"@type":"PropertyValueSpecification","valueRequired":true,"valueName":"search_term_string"}}],"inLanguage":"ro-RO"},{"@type":"Organization","@id":"https:\/\/xstyle.md\/#organization","name":"Magazinul X-Style","alternateName":"x-style","url":"https:\/\/xstyle.md\/","logo":{"@type":"ImageObject","inLanguage":"ro-RO","@id":"https:\/\/xstyle.md\/#\/schema\/logo\/image\/","url":"https:\/\/xstyle.md\/wp-content\/uploads\/2020\/06\/logoicon.svg","contentUrl":"https:\/\/xstyle.md\/wp-content\/uploads\/2020\/06\/logoicon.svg","caption":"\u041c\u0430\u0433\u0430\u0437\u0438\u043d Xstyle"},"image":{"@id":"https:\/\/xstyle.md\/#\/schema\/logo\/image\/"},"sameAs":["https:\/\/www.facebook.com\/xstylemd","https:\/\/www.instagram.com\/xstyle_md\/","https:\/\/t.me\/xstyle_outdoor"],"hasMerchantReturnPolicy":{"@type":"MerchantReturnPolicy","merchantReturnLink":"https:\/\/xstyle.md\/ro\/conditions\/"}}]},"product_price_amount":"170.00","product_price_currency":"MDL","og_availability":"instock","product_availability":"instock","product_retailer_item_id":"5948490930207","product_condition":"new"},"post_mailing_queue_ids":[],"_links":{"self":[{"href":"https:\/\/xstyle.md\/ro\/wp-json\/wp\/v2\/product\/49022","targetHints":{"allow":["GET"]}}],"collection":[{"href":"https:\/\/xstyle.md\/ro\/wp-json\/wp\/v2\/product"}],"about":[{"href":"https:\/\/xstyle.md\/ro\/wp-json\/wp\/v2\/types\/product"}],"replies":[{"embeddable":true,"href":"https:\/\/xstyle.md\/ro\/wp-json\/wp\/v2\/comments?post=49022"}],"wp:featuredmedia":[{"embeddable":true,"href":"https:\/\/xstyle.md\/ro\/wp-json\/wp\/v2\/media\/51730"}],"wp:attachment":[{"href":"https:\/\/xstyle.md\/ro\/wp-json\/wp\/v2\/media?parent=49022"}],"wp:term":[{"taxonomy":"product_brand","embeddable":true,"href":"https:\/\/xstyle.md\/ro\/wp-json\/wp\/v2\/product_brand?post=49022"},{"taxonomy":"product_cat","embeddable":true,"href":"https:\/\/xstyle.md\/ro\/wp-json\/wp\/v2\/product_cat?post=49022"},{"taxonomy":"product_tag","embeddable":true,"href":"https:\/\/xstyle.md\/ro\/wp-json\/wp\/v2\/product_tag?post=49022"}],"curies":[{"name":"wp","href":"https:\/\/api.w.org\/{rel}","templated":true}]}}