{"id":49019,"date":"2022-06-16T13:22:29","date_gmt":"2022-06-16T10:22:29","guid":{"rendered":"https:\/\/xstyle.md\/?post_type=product&#038;p=49019"},"modified":"2026-03-18T18:54:45","modified_gmt":"2026-03-18T15:54:45","slug":"turisticheskaya-karta-muntii-bihor-padis","status":"publish","type":"product","link":"https:\/\/xstyle.md\/ro\/produs\/turisticheskaya-karta-muntii-bihor-padis\/","title":{"rendered":"Harta turistic\u0103 \u00abMuntii Bihor Padis\u00bb"},"content":{"rendered":"<p><\/p>\n<p>Harta <strong>\u201eMun\u021bii Bihor &#8212; Padi\u0219\u201d<\/strong> este un instrument practic \u0219i util, av\u00e2nd toate informa\u021biile necesare la \u00eendem\u00e2n\u0103. \u00cen cuprinsul acesteia pute\u021bi g\u0103si numeroase chei, pe\u0219teri, doliine \u0219i izvoare, aceast\u0103 zon\u0103 a \u021b\u0103rii fiind una dintre regiunile cu cel mai dezvoltat relief carstic. Cea mai mare altitudine a acestor mun\u021bi, de 1849 metri, este \u00eenregistrat\u0103 pe v\u00e2rful Curcub\u0103ta Mare, cunoscut \u0219i sub numele de v\u00e2rful Bihor. Pe l\u00e2ng\u0103 cel mai \u00eenalt v\u00e2rf al masivului, aten\u021bia drume\u021bilor este atras\u0103 \u0219i de alte culmi: v\u00e2rful Curcub\u0103ta Mic\u0103, v\u00e2rful Piatra Gr\u0103itoare sau muntele G\u0103ina.<\/p>\n<p>\u00cen aceast\u0103 zon\u0103 se afl\u0103, de asemenea, c\u00e2teva obiective naturale celebre, precum: Cet\u0103\u021bile Ponorului, Ghe\u021barul Sc\u0103ri\u0219oara, Pe\u0219tera Ur\u0219ilor, Ghe\u021barul de la V\u00e2rtop, Cet\u0103\u021bile R\u0103desei, Platoul carstic Lumea Pierdut\u0103 sau Groapa Ruginoas\u0103. Tot aici pute\u021bi vizita \u0219i alte puncte de interes mai pu\u021bin cunoscute, dar cu un poten\u021bial fascinant: Pe\u0219tera Poarta lui Ionel, Pe\u0219tera Por\u021bile Bihorului, Cheile Ord\u00e2ncu\u0219ii, Cascada V\u00e2rciorog sau Cascada P\u0103tr\u0103h\u0103ie\u0219ti.<\/p>\n<p>Harta Mun\u021bilor Bihor poart\u0103 codul MN16, fiind a \u0219aisprezecea edi\u021bie din colec\u021bia \u201eMun\u021bii No\u0219tri\u201d.<\/p>\n<h3>Particularit\u0103\u021bi<\/h3>\n<ul>\n<li>Tehnologie modern\u0103 &#8212; harta a fost editat\u0103 folosind cele mai noi tehnologii cartografice \u0219i este tip\u0103rit\u0103 pe h\u00e2rtie rezistent\u0103 la umiditate (vlagostabil\u0103)<\/li>\n<li>Lizibilitate sporit\u0103 &#8212; este u\u0219or de citit \u0219i simplu de utilizat datorit\u0103 stilului de reprezentare grafic\u0103 specific Schubert &amp; Franzke, precum \u0219i datorit\u0103 structur\u0103rii practice a informa\u021biilor<\/li>\n<li>Versatilitate &#8212; totul este la \u00eendem\u00e2n\u0103, exact acolo unde este nevoie, fiind util\u0103 at\u00e2t amatorilor de drume\u021bii, c\u00e2t \u0219i profesioni\u0219tilor<\/li>\n<li>Sistem de coordonate &#8212; harta con\u021bine o re\u021bea UTM (Sistemul de Coordonate Metrice), util\u0103 pentru m\u0103surarea rapid\u0103 a distan\u021belor direct pe hart\u0103<\/li>\n<li>Vizualizarea reliefului &#8212; umbrirea \u0219i curbele de nivel scot \u00een eviden\u021b\u0103 formele de relief, facilit\u00e2nd orientarea \u00een teren<\/li>\n<\/ul>\n<h3>Informa\u021bii suplimentare<\/h3>\n<ul>\n<li>Scara &#8212; 1:55.000<\/li>\n<li>Anul apari\u021biei &#8212; 2018<\/li>\n<li>Limbi disponibile &#8212; Rom\u00e2n\u0103, Englez\u0103<\/li>\n<\/ul>\n<p><\/p>","protected":false},"excerpt":{"rendered":"","protected":false},"featured_media":51686,"comment_status":"open","ping_status":"closed","template":"","meta":{"_acf_changed":false,"inline_featured_image":false},"product_brand":[1503],"product_cat":[929],"product_tag":[],"class_list":{"0":"post-49019","1":"product","2":"type-product","3":"status-publish","4":"has-post-thumbnail","6":"product_brand-schubert-franzke","7":"product_cat-maps","9":"first","10":"instock","11":"shipping-taxable","12":"purchasable","13":"product-type-simple"},"acf":[],"yoast_head":"<!-- This site is optimized with the Yoast SEO plugin v27.2 - https:\/\/yoast.com\/product\/yoast-seo-wordpress\/ -->\n<title>\u0422\u0443\u0440\u0438\u0441\u0442\u0438\u0447\u0435\u0441\u043a\u0430\u044f \u043a\u0430\u0440\u0442\u0430 &quot;Muntii Bihor Padis&quot; - \u041c\u0430\u0433\u0430\u0437\u0438\u043d Xstyle<\/title>\n<meta name=\"description\" content=\"\u0422\u0443\u0440\u0438\u0441\u0442\u0438\u0447\u0435\u0441\u043a\u0430\u044f \u043a\u0430\u0440\u0442\u0430 &quot;Muntii Bihor Padis&quot; (2018) \u043c\u0430\u0441\u0448\u0442\u0430\u0431\u0430 1:55 000. \u041f\u043e\u0433\u0440\u0443\u0437\u0438\u0442\u0435\u0441\u044c \u0432 \u043f\u0440\u0438\u0440\u043e\u0434\u0443 \u0438 \u043d\u0430\u0441\u043b\u0430\u0434\u0438\u0442\u0435\u0441\u044c \u0434\u0435\u0442\u0430\u043b\u044f\u043c\u0438 \u0441 \u043a\u0430\u0440\u0442\u0430\u043c\u0438 Schubert &amp; Franzke!\" \/>\n<meta name=\"robots\" content=\"index, follow, max-snippet:-1, max-image-preview:large, max-video-preview:-1\" \/>\n<link rel=\"canonical\" href=\"https:\/\/xstyle.md\/ro\/produs\/turisticheskaya-karta-muntii-bihor-padis\/\" \/>\n<meta property=\"og:locale\" content=\"ro_RO\" \/>\n<meta property=\"og:type\" content=\"article\" \/>\n<meta property=\"og:title\" content=\"\u0422\u0443\u0440\u0438\u0441\u0442\u0438\u0447\u0435\u0441\u043a\u0430\u044f \u043a\u0430\u0440\u0442\u0430 &quot;Muntii Bihor Padis&quot; - \u041c\u0430\u0433\u0430\u0437\u0438\u043d Xstyle\" \/>\n<meta property=\"og:description\" content=\"\u0422\u0443\u0440\u0438\u0441\u0442\u0438\u0447\u0435\u0441\u043a\u0430\u044f \u043a\u0430\u0440\u0442\u0430 &quot;Muntii Bihor Padis&quot; (2018) \u043c\u0430\u0441\u0448\u0442\u0430\u0431\u0430 1:55 000. \u041f\u043e\u0433\u0440\u0443\u0437\u0438\u0442\u0435\u0441\u044c \u0432 \u043f\u0440\u0438\u0440\u043e\u0434\u0443 \u0438 \u043d\u0430\u0441\u043b\u0430\u0434\u0438\u0442\u0435\u0441\u044c \u0434\u0435\u0442\u0430\u043b\u044f\u043c\u0438 \u0441 \u043a\u0430\u0440\u0442\u0430\u043c\u0438 Schubert &amp; Franzke!\" \/>\n<meta property=\"og:url\" content=\"https:\/\/xstyle.md\/ro\/produs\/turisticheskaya-karta-muntii-bihor-padis\/\" \/>\n<meta property=\"og:site_name\" content=\"\u041c\u0430\u0433\u0430\u0437\u0438\u043d Xstyle\" \/>\n<meta property=\"article:publisher\" content=\"https:\/\/www.facebook.com\/xstylemd\" \/>\n<meta property=\"article:modified_time\" content=\"2026-03-18T15:54:45+00:00\" \/>\n<meta property=\"og:image\" content=\"https:\/\/xstyle.md\/wp-content\/uploads\/2022\/06\/muntii-bihor-padis.jpg\" \/>\n\t<meta property=\"og:image:width\" content=\"800\" \/>\n\t<meta property=\"og:image:height\" content=\"800\" \/>\n\t<meta property=\"og:image:type\" content=\"image\/jpeg\" \/>\n<meta name=\"twitter:card\" content=\"summary_large_image\" \/>\n<meta name=\"twitter:label1\" content=\"Pre\u021b\" \/>\n\t<meta name=\"twitter:data1\" content=\"105&nbsp;MDL\" \/>\n\t<meta name=\"twitter:label2\" content=\"Disponibilitate\" \/>\n\t<meta name=\"twitter:data2\" content=\"\u00cen stoc\" \/>\n<script type=\"application\/ld+json\" class=\"yoast-schema-graph\">{\"@context\":\"https:\/\/schema.org\",\"@graph\":[{\"@type\":\"WebPage\",\"@id\":\"https:\/\/xstyle.md\/product\/turisticheskaya-karta-muntii-bihor-padis\/\",\"url\":\"https:\/\/xstyle.md\/product\/turisticheskaya-karta-muntii-bihor-padis\/\",\"name\":\"\u0422\u0443\u0440\u0438\u0441\u0442\u0438\u0447\u0435\u0441\u043a\u0430\u044f \u043a\u0430\u0440\u0442\u0430 \\\"Muntii Bihor Padis\\\" - \u041c\u0430\u0433\u0430\u0437\u0438\u043d Xstyle\",\"isPartOf\":{\"@id\":\"https:\/\/xstyle.md\/#website\"},\"primaryImageOfPage\":{\"@id\":\"https:\/\/xstyle.md\/product\/turisticheskaya-karta-muntii-bihor-padis\/#primaryimage\"},\"image\":{\"@id\":\"https:\/\/xstyle.md\/product\/turisticheskaya-karta-muntii-bihor-padis\/#primaryimage\"},\"thumbnailUrl\":\"https:\/\/xstyle.md\/wp-content\/uploads\/2022\/06\/muntii-bihor-padis.jpg\",\"datePublished\":\"2022-06-16T10:22:29+00:00\",\"dateModified\":\"2026-03-18T15:54:45+00:00\",\"description\":\"\u0422\u0443\u0440\u0438\u0441\u0442\u0438\u0447\u0435\u0441\u043a\u0430\u044f \u043a\u0430\u0440\u0442\u0430 \\\"Muntii Bihor Padis\\\" (2018) \u043c\u0430\u0441\u0448\u0442\u0430\u0431\u0430 1:55 000. \u041f\u043e\u0433\u0440\u0443\u0437\u0438\u0442\u0435\u0441\u044c \u0432 \u043f\u0440\u0438\u0440\u043e\u0434\u0443 \u0438 \u043d\u0430\u0441\u043b\u0430\u0434\u0438\u0442\u0435\u0441\u044c \u0434\u0435\u0442\u0430\u043b\u044f\u043c\u0438 \u0441 \u043a\u0430\u0440\u0442\u0430\u043c\u0438 Schubert & Franzke!\",\"breadcrumb\":{\"@id\":\"https:\/\/xstyle.md\/product\/turisticheskaya-karta-muntii-bihor-padis\/#breadcrumb\"},\"inLanguage\":\"ro-RO\",\"potentialAction\":[{\"@type\":\"ReadAction\",\"target\":[\"https:\/\/xstyle.md\/product\/turisticheskaya-karta-muntii-bihor-padis\/\"]}]},{\"@type\":\"ImageObject\",\"inLanguage\":\"ro-RO\",\"@id\":\"https:\/\/xstyle.md\/product\/turisticheskaya-karta-muntii-bihor-padis\/#primaryimage\",\"url\":\"https:\/\/xstyle.md\/wp-content\/uploads\/2022\/06\/muntii-bihor-padis.jpg\",\"contentUrl\":\"https:\/\/xstyle.md\/wp-content\/uploads\/2022\/06\/muntii-bihor-padis.jpg\",\"width\":800,\"height\":800,\"caption\":\"\u0422\u0443\u0440\u0438\u0441\u0442\u0438\u0447\u0435\u0441\u043a\u0430\u044f \u043a\u0430\u0440\u0442\u0430 \u0433\u043e\u0440\u044b Bihor Padis \u0434\u043b\u044f \u0430\u043a\u0442\u0438\u0432\u043d\u043e\u0433\u043e \u043e\u0442\u0434\u044b\u0445\u0430, \u043f\u0443\u0442\u0435\u0448\u0435\u0441\u0442\u0432\u0438\u0439, \u043f\u043e\u0445\u043e\u0434\u043e\u0432 \u0438 \u0430\u043b\u044c\u043f\u0438\u043d\u0438\u0437\u043c\u0430 \u0434\u043b\u044f \u0438\u043d\u0442\u0435\u0440\u043d\u0435\u0442-\u043c\u0430\u0433\u0430\u0437\u0438\u043d\u0430 \u044d\u043a\u0438\u043f\u0438\u0440\u043e\u0432\u043a\u0438 \u0438 \u043e\u0431\u0443\u0432\u0438 \u0434\u043b\u044f \u0430\u043a\u0442\u0438\u0432\u043d\u043e\u0439 \u0436\u0438\u0437\u043d\u0438\"},{\"@type\":\"BreadcrumbList\",\"@id\":\"https:\/\/xstyle.md\/product\/turisticheskaya-karta-muntii-bihor-padis\/#breadcrumb\",\"itemListElement\":[{\"@type\":\"ListItem\",\"position\":1,\"name\":\"\u0413\u043b\u0430\u0432\u043d\u0430\u044f \u0441\u0442\u0440\u0430\u043d\u0438\u0446\u0430\",\"item\":\"https:\/\/xstyle.md\/\"},{\"@type\":\"ListItem\",\"position\":2,\"name\":\"\u041c\u0430\u0433\u0430\u0437\u0438\u043d\",\"item\":\"https:\/\/xstyle.md\/shop\/\"},{\"@type\":\"ListItem\",\"position\":3,\"name\":\"\u0422\u0443\u0440\u0438\u0441\u0442\u0438\u0447\u0435\u0441\u043a\u0430\u044f \u043a\u0430\u0440\u0442\u0430 &#171;Muntii Bihor Padis&#187;\"}]},{\"@type\":\"WebSite\",\"@id\":\"https:\/\/xstyle.md\/#website\",\"url\":\"https:\/\/xstyle.md\/\",\"name\":\"\u041c\u0430\u0433\u0430\u0437\u0438\u043d Xstyle\",\"description\":\"C\u043d\u0430\u0440\u044f\u0436\u0435\u043d\u0438\u0435 \u0434\u043b\u044f \u0442\u0443\u0440\u0438\u0437\u043c\u0430 \u0438 \u044d\u043a\u0441\u0442\u0440\u0435\u043c\u0430\u043b\u044c\u043d\u044b\u0445 \u0432\u0438\u0434\u043e\u0432 \u0441\u043f\u043e\u0440\u0442\u0430 \u0432 \u041c\u043e\u043b\u0434\u043e\u0432\u0435.. \u0426\u0435\u043d\u044b, \u0444\u043e\u0442\u043e, \u0445\u0430\u0440\u0430\u043a\u0442\u0435\u0440\u0438\u0441\u0442\u0438\u043a\u0438 \u0432 \u041c\u043e\u043b\u0434\u043e\u0432\u0435.\",\"publisher\":{\"@id\":\"https:\/\/xstyle.md\/#organization\"},\"alternateName\":\"X-Style\",\"potentialAction\":[{\"@type\":\"SearchAction\",\"target\":{\"@type\":\"EntryPoint\",\"urlTemplate\":\"https:\/\/xstyle.md\/?s={search_term_string}\"},\"query-input\":{\"@type\":\"PropertyValueSpecification\",\"valueRequired\":true,\"valueName\":\"search_term_string\"}}],\"inLanguage\":\"ro-RO\"},{\"@type\":\"Organization\",\"@id\":\"https:\/\/xstyle.md\/#organization\",\"name\":\"\u041c\u0430\u0433\u0430\u0437\u0438\u043d Xstyle\",\"alternateName\":\"x-style\",\"url\":\"https:\/\/xstyle.md\/\",\"logo\":{\"@type\":\"ImageObject\",\"inLanguage\":\"ro-RO\",\"@id\":\"https:\/\/xstyle.md\/#\/schema\/logo\/image\/\",\"url\":\"https:\/\/xstyle.md\/wp-content\/uploads\/2020\/06\/logoicon.svg\",\"contentUrl\":\"https:\/\/xstyle.md\/wp-content\/uploads\/2020\/06\/logoicon.svg\",\"caption\":\"\u041c\u0430\u0433\u0430\u0437\u0438\u043d Xstyle\"},\"image\":{\"@id\":\"https:\/\/xstyle.md\/#\/schema\/logo\/image\/\"},\"sameAs\":[\"https:\/\/www.facebook.com\/xstylemd\",\"https:\/\/www.instagram.com\/xstyle_md\/\",\"https:\/\/t.me\/xstyle_outdoor\"],\"hasMerchantReturnPolicy\":{\"@type\":\"MerchantReturnPolicy\",\"merchantReturnLink\":\"https:\/\/xstyle.md\/ro\/conditions\/\"}}]}<\/script>\n<meta property=\"product:price:amount\" content=\"105.00\" \/>\n<meta property=\"product:price:currency\" content=\"MDL\" \/>\n<meta property=\"og:availability\" content=\"instock\" \/>\n<meta property=\"product:availability\" content=\"instock\" \/>\n<meta property=\"product:retailer_item_id\" content=\"5948490930337\" \/>\n<meta property=\"product:condition\" content=\"new\" \/>\n<!-- \/ Yoast SEO plugin. -->","yoast_head_json":{"title":"Harta turistic\u0103 \"Muntii Bihor Padis\" - Magazin Xstyle","description":"\u0422\u0443\u0440\u0438\u0441\u0442\u0438\u0447\u0435\u0441\u043a\u0430\u044f \u043a\u0430\u0440\u0442\u0430 \"Muntii Bihor Padis\" (2018) \u043c\u0430\u0441\u0448\u0442\u0430\u0431\u0430 1:55 000. \u041f\u043e\u0433\u0440\u0443\u0437\u0438\u0442\u0435\u0441\u044c \u0432 \u043f\u0440\u0438\u0440\u043e\u0434\u0443 \u0438 \u043d\u0430\u0441\u043b\u0430\u0434\u0438\u0442\u0435\u0441\u044c \u0434\u0435\u0442\u0430\u043b\u044f\u043c\u0438 \u0441 \u043a\u0430\u0440\u0442\u0430\u043c\u0438 Schubert & Franzke!","robots":{"index":"index","follow":"follow","max-snippet":"max-snippet:-1","max-image-preview":"max-image-preview:large","max-video-preview":"max-video-preview:-1"},"canonical":"https:\/\/xstyle.md\/ro\/produs\/turisticheskaya-karta-muntii-bihor-padis\/","og_locale":"ro_RO","og_type":"article","og_title":"\u0422\u0443\u0440\u0438\u0441\u0442\u0438\u0447\u0435\u0441\u043a\u0430\u044f \u043a\u0430\u0440\u0442\u0430 \"Muntii Bihor Padis\" - \u041c\u0430\u0433\u0430\u0437\u0438\u043d Xstyle","og_description":"\u0422\u0443\u0440\u0438\u0441\u0442\u0438\u0447\u0435\u0441\u043a\u0430\u044f \u043a\u0430\u0440\u0442\u0430 \"Muntii Bihor Padis\" (2018) \u043c\u0430\u0441\u0448\u0442\u0430\u0431\u0430 1:55 000. \u041f\u043e\u0433\u0440\u0443\u0437\u0438\u0442\u0435\u0441\u044c \u0432 \u043f\u0440\u0438\u0440\u043e\u0434\u0443 \u0438 \u043d\u0430\u0441\u043b\u0430\u0434\u0438\u0442\u0435\u0441\u044c \u0434\u0435\u0442\u0430\u043b\u044f\u043c\u0438 \u0441 \u043a\u0430\u0440\u0442\u0430\u043c\u0438 Schubert & Franzke!","og_url":"https:\/\/xstyle.md\/ro\/produs\/turisticheskaya-karta-muntii-bihor-padis\/","og_site_name":"\u041c\u0430\u0433\u0430\u0437\u0438\u043d Xstyle","article_publisher":"https:\/\/www.facebook.com\/xstylemd","article_modified_time":"2026-03-18T15:54:45+00:00","og_image":[{"width":800,"height":800,"url":"https:\/\/xstyle.md\/wp-content\/uploads\/2022\/06\/muntii-bihor-padis.jpg","type":"image\/jpeg"}],"twitter_card":"summary_large_image","twitter_misc":{"Pre\u021b":"105&nbsp;MDL","Disponibilitate":"\u00cen stoc"},"schema":{"@context":"https:\/\/schema.org","@graph":[{"@type":"WebPage","@id":"https:\/\/xstyle.md\/product\/turisticheskaya-karta-muntii-bihor-padis\/","url":"https:\/\/xstyle.md\/product\/turisticheskaya-karta-muntii-bihor-padis\/","name":"Harta turistic\u0103 \"Muntii Bihor Padis\" - Magazin Xstyle","isPartOf":{"@id":"https:\/\/xstyle.md\/#website"},"primaryImageOfPage":{"@id":"https:\/\/xstyle.md\/product\/turisticheskaya-karta-muntii-bihor-padis\/#primaryimage"},"image":{"@id":"https:\/\/xstyle.md\/product\/turisticheskaya-karta-muntii-bihor-padis\/#primaryimage"},"thumbnailUrl":"https:\/\/xstyle.md\/wp-content\/uploads\/2022\/06\/muntii-bihor-padis.jpg","datePublished":"2022-06-16T10:22:29+00:00","dateModified":"2026-03-18T15:54:45+00:00","description":"\u0422\u0443\u0440\u0438\u0441\u0442\u0438\u0447\u0435\u0441\u043a\u0430\u044f \u043a\u0430\u0440\u0442\u0430 \"Muntii Bihor Padis\" (2018) \u043c\u0430\u0441\u0448\u0442\u0430\u0431\u0430 1:55 000. \u041f\u043e\u0433\u0440\u0443\u0437\u0438\u0442\u0435\u0441\u044c \u0432 \u043f\u0440\u0438\u0440\u043e\u0434\u0443 \u0438 \u043d\u0430\u0441\u043b\u0430\u0434\u0438\u0442\u0435\u0441\u044c \u0434\u0435\u0442\u0430\u043b\u044f\u043c\u0438 \u0441 \u043a\u0430\u0440\u0442\u0430\u043c\u0438 Schubert & Franzke!","breadcrumb":{"@id":"https:\/\/xstyle.md\/product\/turisticheskaya-karta-muntii-bihor-padis\/#breadcrumb"},"inLanguage":"ro-RO","potentialAction":[{"@type":"ReadAction","target":["https:\/\/xstyle.md\/product\/turisticheskaya-karta-muntii-bihor-padis\/"]}]},{"@type":"ImageObject","inLanguage":"ro-RO","@id":"https:\/\/xstyle.md\/product\/turisticheskaya-karta-muntii-bihor-padis\/#primaryimage","url":"https:\/\/xstyle.md\/wp-content\/uploads\/2022\/06\/muntii-bihor-padis.jpg","contentUrl":"https:\/\/xstyle.md\/wp-content\/uploads\/2022\/06\/muntii-bihor-padis.jpg","width":800,"height":800,"caption":"\u0422\u0443\u0440\u0438\u0441\u0442\u0438\u0447\u0435\u0441\u043a\u0430\u044f \u043a\u0430\u0440\u0442\u0430 \u0433\u043e\u0440\u044b Bihor Padis \u0434\u043b\u044f \u0430\u043a\u0442\u0438\u0432\u043d\u043e\u0433\u043e \u043e\u0442\u0434\u044b\u0445\u0430, \u043f\u0443\u0442\u0435\u0448\u0435\u0441\u0442\u0432\u0438\u0439, \u043f\u043e\u0445\u043e\u0434\u043e\u0432 \u0438 \u0430\u043b\u044c\u043f\u0438\u043d\u0438\u0437\u043c\u0430 \u0434\u043b\u044f \u0438\u043d\u0442\u0435\u0440\u043d\u0435\u0442-\u043c\u0430\u0433\u0430\u0437\u0438\u043d\u0430 \u044d\u043a\u0438\u043f\u0438\u0440\u043e\u0432\u043a\u0438 \u0438 \u043e\u0431\u0443\u0432\u0438 \u0434\u043b\u044f \u0430\u043a\u0442\u0438\u0432\u043d\u043e\u0439 \u0436\u0438\u0437\u043d\u0438"},{"@type":"BreadcrumbList","@id":"https:\/\/xstyle.md\/product\/turisticheskaya-karta-muntii-bihor-padis\/#breadcrumb","itemListElement":[{"@type":"ListItem","position":1,"name":"\u0413\u043b\u0430\u0432\u043d\u0430\u044f \u0441\u0442\u0440\u0430\u043d\u0438\u0446\u0430","item":"https:\/\/xstyle.md\/"},{"@type":"ListItem","position":2,"name":"\u041c\u0430\u0433\u0430\u0437\u0438\u043d","item":"https:\/\/xstyle.md\/shop\/"},{"@type":"ListItem","position":3,"name":"\u0422\u0443\u0440\u0438\u0441\u0442\u0438\u0447\u0435\u0441\u043a\u0430\u044f \u043a\u0430\u0440\u0442\u0430 &#171;Muntii Bihor Padis&#187;"}]},{"@type":"WebSite","@id":"https:\/\/xstyle.md\/#website","url":"https:\/\/xstyle.md\/","name":"Magazinul X-Style","description":"Echipamente pentru turism \u0219i sporturi extreme \u00een Moldova. Pre\u021buri, fotografii, caracteristici \u00een Moldova.","publisher":{"@id":"https:\/\/xstyle.md\/#organization"},"alternateName":"X-Style","potentialAction":[{"@type":"SearchAction","target":{"@type":"EntryPoint","urlTemplate":"https:\/\/xstyle.md\/?s={search_term_string}"},"query-input":{"@type":"PropertyValueSpecification","valueRequired":true,"valueName":"search_term_string"}}],"inLanguage":"ro-RO"},{"@type":"Organization","@id":"https:\/\/xstyle.md\/#organization","name":"Magazinul X-Style","alternateName":"x-style","url":"https:\/\/xstyle.md\/","logo":{"@type":"ImageObject","inLanguage":"ro-RO","@id":"https:\/\/xstyle.md\/#\/schema\/logo\/image\/","url":"https:\/\/xstyle.md\/wp-content\/uploads\/2020\/06\/logoicon.svg","contentUrl":"https:\/\/xstyle.md\/wp-content\/uploads\/2020\/06\/logoicon.svg","caption":"\u041c\u0430\u0433\u0430\u0437\u0438\u043d Xstyle"},"image":{"@id":"https:\/\/xstyle.md\/#\/schema\/logo\/image\/"},"sameAs":["https:\/\/www.facebook.com\/xstylemd","https:\/\/www.instagram.com\/xstyle_md\/","https:\/\/t.me\/xstyle_outdoor"],"hasMerchantReturnPolicy":{"@type":"MerchantReturnPolicy","merchantReturnLink":"https:\/\/xstyle.md\/ro\/conditions\/"}}]},"product_price_amount":"105.00","product_price_currency":"MDL","og_availability":"instock","product_availability":"instock","product_retailer_item_id":"5948490930337","product_condition":"new"},"post_mailing_queue_ids":[],"_links":{"self":[{"href":"https:\/\/xstyle.md\/ro\/wp-json\/wp\/v2\/product\/49019","targetHints":{"allow":["GET"]}}],"collection":[{"href":"https:\/\/xstyle.md\/ro\/wp-json\/wp\/v2\/product"}],"about":[{"href":"https:\/\/xstyle.md\/ro\/wp-json\/wp\/v2\/types\/product"}],"replies":[{"embeddable":true,"href":"https:\/\/xstyle.md\/ro\/wp-json\/wp\/v2\/comments?post=49019"}],"wp:featuredmedia":[{"embeddable":true,"href":"https:\/\/xstyle.md\/ro\/wp-json\/wp\/v2\/media\/51686"}],"wp:attachment":[{"href":"https:\/\/xstyle.md\/ro\/wp-json\/wp\/v2\/media?parent=49019"}],"wp:term":[{"taxonomy":"product_brand","embeddable":true,"href":"https:\/\/xstyle.md\/ro\/wp-json\/wp\/v2\/product_brand?post=49019"},{"taxonomy":"product_cat","embeddable":true,"href":"https:\/\/xstyle.md\/ro\/wp-json\/wp\/v2\/product_cat?post=49019"},{"taxonomy":"product_tag","embeddable":true,"href":"https:\/\/xstyle.md\/ro\/wp-json\/wp\/v2\/product_tag?post=49019"}],"curies":[{"name":"wp","href":"https:\/\/api.w.org\/{rel}","templated":true}]}}