{"id":48995,"date":"2022-06-16T13:22:24","date_gmt":"2022-06-16T10:22:24","guid":{"rendered":"https:\/\/xstyle.md\/?post_type=product&#038;p=48995"},"modified":"2026-01-09T12:51:54","modified_gmt":"2026-01-09T09:51:54","slug":"multitul-brelok-victorinox-classic-sd-0-6223-3g-dark-illusion","status":"publish","type":"product","link":"https:\/\/xstyle.md\/ro\/produs\/multitul-brelok-victorinox-classic-sd-0-6223-3g-dark-illusion\/","title":{"rendered":"Multitool breloc Victorinox Classic SD 0.6223.3G dark illusion"},"content":{"rendered":"<\/p>\n<p><strong>Victorinox Classic SD 0.6223.3G dark illusion<\/strong> &#8212; cu\u021bitul de buzunar popular va fi un cadou valoros pentru tine \u00een fiecare zi. Acest cu\u021bit mic, u\u0219or, elegant, fiabil \u0219i func\u021bional, \u00een acela\u0219i timp &#8212; un companion indispensabil, v\u0103 va \u00eenso\u021bi at\u00e2t \u00een afaceri, c\u00e2t \u0219i \u00een vacan\u021b\u0103.<\/p>\n<p>Fabricat din materiale de \u00eenalt\u0103 calitate. M\u00e2nerul lucios este realizat \u00een culoarea albastru str\u0103lucitor. Robust, fiabil \u0219i durabil. Practic \u0219i frumos \u00een acela\u0219i timp. Va fi un bun ajutor \u00een orice repara\u021bie, iar un cadou sub forma unui multitool de acest model va fi pe placul oric\u0103rui c\u0103l\u0103tor sau pur \u0219i simplu un iubitor de activit\u0103\u021bi \u00een aer liber. Datorit\u0103 greut\u0103\u021bii sale u\u0219oare, \u00eel pute\u021bi transporta cu u\u0219urin\u021b\u0103 cu dvs. Lama sa este pe c\u00e2t de durabil\u0103, pe at\u00e2t de ascu\u021bit\u0103.<\/p>\n<p>Unealta va deveni un mare ajutor zilnic. Se blocheaz\u0103 \u00een siguran\u021b\u0103 \u00een pozi\u021biile deschis \u0219i \u00eenchis. U\u0219or de utilizat \u0219i de transportat.<\/p>\n<h3>Include\u021bi<\/h3>\n<ul>\n<li>Lama<\/li>\n<li>Fi\u0219\u0103 de unghii cu:\/<br \/>\n&#8212; \u0219urubelni\u021b\u0103 plat\u0103 (potrivit\u0103 \u0219i pentru \u0219uruburi Phillips)<\/li>\n<li>Foarfec\u0103<\/li>\n<li>Penset\u0103<\/li>\n<li>Scobitoare de din\u021bi<\/li>\n<li>Breloc de chei<\/li>\n<\/ul>\n<h3>Particularit\u0103\u021bi<\/h3>\n<ul>\n<li>Robust \u0219i fiabil.<\/li>\n<li>Versatil, util acas\u0103, \u00een c\u0103l\u0103torii etc.<\/li>\n<li>Dimensiune mic\u0103, care este foarte convenabil\u0103 pentru depozitare \u0219i utilizare.<\/li>\n<li>Aspect elegant, care v\u0103 permite s\u0103 utiliza\u021bi produsul ca breloc.<\/li>\n<\/ul>\n<h3>Caracteristici<\/h3>\n<ul>\n<li>Dimensiuni: 5,8 x 1,8 x 0,9 cm<\/li>\n<li>Num\u0103r de func\u021bii: 7<\/li>\n<li>O\u021bel: o\u021bel inoxidabil<\/li>\n<li>Greutate: 21 g<\/li>\n<\/ul>\n<h3>Marca<\/h3>\n<p>Victorinox produce \u0219i vinde produse unice, de \u00eenalt\u0103 calitate, pentru diverse domenii ale vie\u021bii. Gama include cu\u021bite elve\u021biene, cu\u021bite de buc\u0103t\u0103rie \u0219i tac\u00e2muri, ceasuri, echipamente de c\u0103l\u0103torie \u0219i parfumuri. Sediul central al companiei este situat \u00een inima Elve\u021biei &#8212; \u00een ora\u0219ul Ibach (districtul Schwyz). Aici, fondatorul companiei, Karl Elsener, \u0219i-a \u00eenceput afacerea de fabricare a cu\u021bitelor \u00een 1884, iar c\u00e2\u021biva ani mai t\u00e2rziu a dezvoltat legendarul cu\u021bit original al armatei elve\u021biene.<\/p>\n<p><\/p>","protected":false},"excerpt":{"rendered":"","protected":false},"featured_media":49944,"comment_status":"open","ping_status":"closed","template":"","meta":{"_acf_changed":false,"inline_featured_image":false},"product_brand":[1327],"product_cat":[415],"product_tag":[],"class_list":{"0":"post-48995","1":"product","2":"type-product","3":"status-publish","4":"has-post-thumbnail","6":"product_brand-victorinox","7":"product_cat-multitools","9":"first","10":"instock","11":"shipping-taxable","12":"purchasable","13":"product-type-simple"},"acf":[],"yoast_head":"<!-- This site is optimized with the Yoast SEO plugin v27.2 - https:\/\/yoast.com\/product\/yoast-seo-wordpress\/ -->\n<title>\u041c\u0443\u043b\u044c\u0442\u0438\u0442\u0443\u043b \u0431\u0440\u0435\u043b\u043e\u043a Victorinox Classic SD 0.6223.3G dark illusion - \u041c\u0430\u0433\u0430\u0437\u0438\u043d Xstyle<\/title>\n<meta name=\"description\" content=\"\u041c\u0443\u043b\u044c\u0442\u0438\u0442\u0443\u043b \u0431\u0440\u0435\u043b\u043e\u043a Victorinox Classic SD 0.6223.3G Dark Illusion \u2013 \u044d\u043b\u0435\u0433\u0430\u043d\u0442\u043d\u044b\u0439 \u0438 \u043d\u0430\u0434\u0435\u0436\u043d\u044b\u0439 \u043f\u043e\u043c\u043e\u0449\u043d\u0438\u043a, \u0438\u0434\u0435\u0430\u043b\u044c\u043d\u044b\u0439 \u0434\u043b\u044f \u043f\u043e\u0432\u0441\u0435\u0434\u043d\u0435\u0432\u043d\u043e\u0433\u043e \u0438\u0441\u043f\u043e\u043b\u044c\u0437\u043e\u0432\u0430\u043d\u0438\u044f \u0438 \u043f\u0443\u0442\u0435\u0448\u0435\u0441\u0442\u0432\u0438\u0439.\" \/>\n<meta name=\"robots\" content=\"index, follow, max-snippet:-1, max-image-preview:large, max-video-preview:-1\" \/>\n<link rel=\"canonical\" href=\"https:\/\/xstyle.md\/ro\/produs\/multitul-brelok-victorinox-classic-sd-0-6223-3g-dark-illusion\/\" \/>\n<meta property=\"og:locale\" content=\"ro_RO\" \/>\n<meta property=\"og:type\" content=\"article\" \/>\n<meta property=\"og:title\" content=\"\u041c\u0443\u043b\u044c\u0442\u0438\u0442\u0443\u043b \u0431\u0440\u0435\u043b\u043e\u043a Victorinox Classic SD 0.6223.3G dark illusion - \u041c\u0430\u0433\u0430\u0437\u0438\u043d Xstyle\" \/>\n<meta property=\"og:description\" content=\"\u041c\u0443\u043b\u044c\u0442\u0438\u0442\u0443\u043b \u0431\u0440\u0435\u043b\u043e\u043a Victorinox Classic SD 0.6223.3G Dark Illusion \u2013 \u044d\u043b\u0435\u0433\u0430\u043d\u0442\u043d\u044b\u0439 \u0438 \u043d\u0430\u0434\u0435\u0436\u043d\u044b\u0439 \u043f\u043e\u043c\u043e\u0449\u043d\u0438\u043a, \u0438\u0434\u0435\u0430\u043b\u044c\u043d\u044b\u0439 \u0434\u043b\u044f \u043f\u043e\u0432\u0441\u0435\u0434\u043d\u0435\u0432\u043d\u043e\u0433\u043e \u0438\u0441\u043f\u043e\u043b\u044c\u0437\u043e\u0432\u0430\u043d\u0438\u044f \u0438 \u043f\u0443\u0442\u0435\u0448\u0435\u0441\u0442\u0432\u0438\u0439.\" \/>\n<meta property=\"og:url\" content=\"https:\/\/xstyle.md\/ro\/produs\/multitul-brelok-victorinox-classic-sd-0-6223-3g-dark-illusion\/\" \/>\n<meta property=\"og:site_name\" content=\"\u041c\u0430\u0433\u0430\u0437\u0438\u043d Xstyle\" \/>\n<meta property=\"article:publisher\" content=\"https:\/\/www.facebook.com\/xstylemd\" \/>\n<meta property=\"article:modified_time\" content=\"2026-01-09T09:51:54+00:00\" \/>\n<meta property=\"og:image\" content=\"https:\/\/xstyle.md\/wp-content\/uploads\/2022\/06\/victorinox-classic-sd-0.6223.3g-dark-illusion.jpg\" \/>\n\t<meta property=\"og:image:width\" content=\"1000\" \/>\n\t<meta property=\"og:image:height\" content=\"1000\" \/>\n\t<meta property=\"og:image:type\" content=\"image\/jpeg\" \/>\n<meta name=\"twitter:card\" content=\"summary_large_image\" \/>\n<meta name=\"twitter:label1\" content=\"Pre\u021b\" \/>\n\t<meta name=\"twitter:data1\" content=\"590&nbsp;MDL\" \/>\n\t<meta name=\"twitter:label2\" content=\"Disponibilitate\" \/>\n\t<meta name=\"twitter:data2\" content=\"\u00cen stoc\" \/>\n<script type=\"application\/ld+json\" class=\"yoast-schema-graph\">{\"@context\":\"https:\/\/schema.org\",\"@graph\":[{\"@type\":\"WebPage\",\"@id\":\"https:\/\/xstyle.md\/product\/multitul-brelok-victorinox-classic-sd-0-6223-3g-dark-illusion\/\",\"url\":\"https:\/\/xstyle.md\/product\/multitul-brelok-victorinox-classic-sd-0-6223-3g-dark-illusion\/\",\"name\":\"\u041c\u0443\u043b\u044c\u0442\u0438\u0442\u0443\u043b \u0431\u0440\u0435\u043b\u043e\u043a Victorinox Classic SD 0.6223.3G dark illusion - \u041c\u0430\u0433\u0430\u0437\u0438\u043d Xstyle\",\"isPartOf\":{\"@id\":\"https:\/\/xstyle.md\/#website\"},\"primaryImageOfPage\":{\"@id\":\"https:\/\/xstyle.md\/product\/multitul-brelok-victorinox-classic-sd-0-6223-3g-dark-illusion\/#primaryimage\"},\"image\":{\"@id\":\"https:\/\/xstyle.md\/product\/multitul-brelok-victorinox-classic-sd-0-6223-3g-dark-illusion\/#primaryimage\"},\"thumbnailUrl\":\"https:\/\/xstyle.md\/wp-content\/uploads\/2022\/06\/victorinox-classic-sd-0.6223.3g-dark-illusion.jpg\",\"datePublished\":\"2022-06-16T10:22:24+00:00\",\"dateModified\":\"2026-01-09T09:51:54+00:00\",\"description\":\"\u041c\u0443\u043b\u044c\u0442\u0438\u0442\u0443\u043b \u0431\u0440\u0435\u043b\u043e\u043a Victorinox Classic SD 0.6223.3G Dark Illusion \u2013 \u044d\u043b\u0435\u0433\u0430\u043d\u0442\u043d\u044b\u0439 \u0438 \u043d\u0430\u0434\u0435\u0436\u043d\u044b\u0439 \u043f\u043e\u043c\u043e\u0449\u043d\u0438\u043a, \u0438\u0434\u0435\u0430\u043b\u044c\u043d\u044b\u0439 \u0434\u043b\u044f \u043f\u043e\u0432\u0441\u0435\u0434\u043d\u0435\u0432\u043d\u043e\u0433\u043e \u0438\u0441\u043f\u043e\u043b\u044c\u0437\u043e\u0432\u0430\u043d\u0438\u044f \u0438 \u043f\u0443\u0442\u0435\u0448\u0435\u0441\u0442\u0432\u0438\u0439.\",\"breadcrumb\":{\"@id\":\"https:\/\/xstyle.md\/product\/multitul-brelok-victorinox-classic-sd-0-6223-3g-dark-illusion\/#breadcrumb\"},\"inLanguage\":\"ro-RO\",\"potentialAction\":[{\"@type\":\"ReadAction\",\"target\":[\"https:\/\/xstyle.md\/product\/multitul-brelok-victorinox-classic-sd-0-6223-3g-dark-illusion\/\"]}]},{\"@type\":\"ImageObject\",\"inLanguage\":\"ro-RO\",\"@id\":\"https:\/\/xstyle.md\/product\/multitul-brelok-victorinox-classic-sd-0-6223-3g-dark-illusion\/#primaryimage\",\"url\":\"https:\/\/xstyle.md\/wp-content\/uploads\/2022\/06\/victorinox-classic-sd-0.6223.3g-dark-illusion.jpg\",\"contentUrl\":\"https:\/\/xstyle.md\/wp-content\/uploads\/2022\/06\/victorinox-classic-sd-0.6223.3g-dark-illusion.jpg\",\"width\":1000,\"height\":1000,\"caption\":\"\u041c\u0443\u043b\u044c\u0442\u0438\u0442\u0443\u043b \u0431\u0440\u0435\u043b\u043e\u043a Victorinox Classic SD 0.6223.3G \u0442\u0435\u043c\u043d\u044b\u0439 \u0438\u043b\u043b\u044e\u0437\u0438\u044f \u0434\u043b\u044f \u0430\u043a\u0442\u0438\u0432\u043d\u043e\u0433\u043e \u043e\u0442\u0434\u044b\u0445\u0430, \u0442\u0443\u0440\u0438\u0441\u0442\u0438\u0447\u0435\u0441\u043a\u043e\u0439 \u044d\u043a\u0438\u043f\u0438\u0440\u043e\u0432\u043a\u0438, \u043f\u043e\u0432\u0441\u0435\u0434\u043d\u0435\u0432\u043d\u043e\u0439 \u043e\u0434\u0435\u0436\u0434\u044b \u0438 \u043e\u0431\u0443\u0432\u0438 \u0434\u043b\u044f \u043f\u0443\u0442\u0435\u0448\u0435\u0441\u0442\u0432\u0438\u0439\"},{\"@type\":\"BreadcrumbList\",\"@id\":\"https:\/\/xstyle.md\/product\/multitul-brelok-victorinox-classic-sd-0-6223-3g-dark-illusion\/#breadcrumb\",\"itemListElement\":[{\"@type\":\"ListItem\",\"position\":1,\"name\":\"\u0413\u043b\u0430\u0432\u043d\u0430\u044f \u0441\u0442\u0440\u0430\u043d\u0438\u0446\u0430\",\"item\":\"https:\/\/xstyle.md\/\"},{\"@type\":\"ListItem\",\"position\":2,\"name\":\"\u041c\u0430\u0433\u0430\u0437\u0438\u043d\",\"item\":\"https:\/\/xstyle.md\/shop\/\"},{\"@type\":\"ListItem\",\"position\":3,\"name\":\"\u041c\u0443\u043b\u044c\u0442\u0438\u0442\u0443\u043b \u0431\u0440\u0435\u043b\u043e\u043a Victorinox Classic SD 0.6223.3G dark illusion\"}]},{\"@type\":\"WebSite\",\"@id\":\"https:\/\/xstyle.md\/#website\",\"url\":\"https:\/\/xstyle.md\/\",\"name\":\"\u041c\u0430\u0433\u0430\u0437\u0438\u043d Xstyle\",\"description\":\"C\u043d\u0430\u0440\u044f\u0436\u0435\u043d\u0438\u0435 \u0434\u043b\u044f \u0442\u0443\u0440\u0438\u0437\u043c\u0430 \u0438 \u044d\u043a\u0441\u0442\u0440\u0435\u043c\u0430\u043b\u044c\u043d\u044b\u0445 \u0432\u0438\u0434\u043e\u0432 \u0441\u043f\u043e\u0440\u0442\u0430 \u0432 \u041c\u043e\u043b\u0434\u043e\u0432\u0435.. \u0426\u0435\u043d\u044b, \u0444\u043e\u0442\u043e, \u0445\u0430\u0440\u0430\u043a\u0442\u0435\u0440\u0438\u0441\u0442\u0438\u043a\u0438 \u0432 \u041c\u043e\u043b\u0434\u043e\u0432\u0435.\",\"publisher\":{\"@id\":\"https:\/\/xstyle.md\/#organization\"},\"alternateName\":\"X-Style\",\"potentialAction\":[{\"@type\":\"SearchAction\",\"target\":{\"@type\":\"EntryPoint\",\"urlTemplate\":\"https:\/\/xstyle.md\/?s={search_term_string}\"},\"query-input\":{\"@type\":\"PropertyValueSpecification\",\"valueRequired\":true,\"valueName\":\"search_term_string\"}}],\"inLanguage\":\"ro-RO\"},{\"@type\":\"Organization\",\"@id\":\"https:\/\/xstyle.md\/#organization\",\"name\":\"\u041c\u0430\u0433\u0430\u0437\u0438\u043d Xstyle\",\"alternateName\":\"x-style\",\"url\":\"https:\/\/xstyle.md\/\",\"logo\":{\"@type\":\"ImageObject\",\"inLanguage\":\"ro-RO\",\"@id\":\"https:\/\/xstyle.md\/#\/schema\/logo\/image\/\",\"url\":\"https:\/\/xstyle.md\/wp-content\/uploads\/2020\/06\/logoicon.svg\",\"contentUrl\":\"https:\/\/xstyle.md\/wp-content\/uploads\/2020\/06\/logoicon.svg\",\"caption\":\"\u041c\u0430\u0433\u0430\u0437\u0438\u043d Xstyle\"},\"image\":{\"@id\":\"https:\/\/xstyle.md\/#\/schema\/logo\/image\/\"},\"sameAs\":[\"https:\/\/www.facebook.com\/xstylemd\",\"https:\/\/www.instagram.com\/xstyle_md\/\",\"https:\/\/t.me\/xstyle_outdoor\"],\"hasMerchantReturnPolicy\":{\"@type\":\"MerchantReturnPolicy\",\"merchantReturnLink\":\"https:\/\/xstyle.md\/ro\/conditions\/\"}}]}<\/script>\n<meta property=\"product:price:amount\" content=\"590.00\" \/>\n<meta property=\"product:price:currency\" content=\"MDL\" \/>\n<meta property=\"og:availability\" content=\"instock\" \/>\n<meta property=\"product:availability\" content=\"instock\" \/>\n<meta property=\"product:retailer_item_id\" content=\"7613329143971\" \/>\n<meta property=\"product:condition\" content=\"new\" \/>\n<!-- \/ Yoast SEO plugin. -->","yoast_head_json":{"title":"Multitool breloc Victorinox Classic SD 0.6223.3G dark illusion - Magazin Xstyle","description":"Multitool breloc Victorinox Classic SD 0.6223.3G Dark Illusion \u2013 un ajutor elegant \u0219i de \u00eencredere, perfect pentru utilizarea zilnic\u0103 \u0219i c\u0103l\u0103torii.","robots":{"index":"index","follow":"follow","max-snippet":"max-snippet:-1","max-image-preview":"max-image-preview:large","max-video-preview":"max-video-preview:-1"},"canonical":"https:\/\/xstyle.md\/ro\/produs\/multitul-brelok-victorinox-classic-sd-0-6223-3g-dark-illusion\/","og_locale":"ro_RO","og_type":"article","og_title":"\u041c\u0443\u043b\u044c\u0442\u0438\u0442\u0443\u043b \u0431\u0440\u0435\u043b\u043e\u043a Victorinox Classic SD 0.6223.3G dark illusion - \u041c\u0430\u0433\u0430\u0437\u0438\u043d Xstyle","og_description":"\u041c\u0443\u043b\u044c\u0442\u0438\u0442\u0443\u043b \u0431\u0440\u0435\u043b\u043e\u043a Victorinox Classic SD 0.6223.3G Dark Illusion \u2013 \u044d\u043b\u0435\u0433\u0430\u043d\u0442\u043d\u044b\u0439 \u0438 \u043d\u0430\u0434\u0435\u0436\u043d\u044b\u0439 \u043f\u043e\u043c\u043e\u0449\u043d\u0438\u043a, \u0438\u0434\u0435\u0430\u043b\u044c\u043d\u044b\u0439 \u0434\u043b\u044f \u043f\u043e\u0432\u0441\u0435\u0434\u043d\u0435\u0432\u043d\u043e\u0433\u043e \u0438\u0441\u043f\u043e\u043b\u044c\u0437\u043e\u0432\u0430\u043d\u0438\u044f \u0438 \u043f\u0443\u0442\u0435\u0448\u0435\u0441\u0442\u0432\u0438\u0439.","og_url":"https:\/\/xstyle.md\/ro\/produs\/multitul-brelok-victorinox-classic-sd-0-6223-3g-dark-illusion\/","og_site_name":"\u041c\u0430\u0433\u0430\u0437\u0438\u043d Xstyle","article_publisher":"https:\/\/www.facebook.com\/xstylemd","article_modified_time":"2026-01-09T09:51:54+00:00","og_image":[{"width":1000,"height":1000,"url":"https:\/\/xstyle.md\/wp-content\/uploads\/2022\/06\/victorinox-classic-sd-0.6223.3g-dark-illusion.jpg","type":"image\/jpeg"}],"twitter_card":"summary_large_image","twitter_misc":{"Pre\u021b":"590&nbsp;MDL","Disponibilitate":"\u00cen stoc"},"schema":{"@context":"https:\/\/schema.org","@graph":[{"@type":"WebPage","@id":"https:\/\/xstyle.md\/product\/multitul-brelok-victorinox-classic-sd-0-6223-3g-dark-illusion\/","url":"https:\/\/xstyle.md\/product\/multitul-brelok-victorinox-classic-sd-0-6223-3g-dark-illusion\/","name":"Multitool breloc Victorinox Classic SD 0.6223.3G dark illusion - Magazin Xstyle","isPartOf":{"@id":"https:\/\/xstyle.md\/#website"},"primaryImageOfPage":{"@id":"https:\/\/xstyle.md\/product\/multitul-brelok-victorinox-classic-sd-0-6223-3g-dark-illusion\/#primaryimage"},"image":{"@id":"https:\/\/xstyle.md\/product\/multitul-brelok-victorinox-classic-sd-0-6223-3g-dark-illusion\/#primaryimage"},"thumbnailUrl":"https:\/\/xstyle.md\/wp-content\/uploads\/2022\/06\/victorinox-classic-sd-0.6223.3g-dark-illusion.jpg","datePublished":"2022-06-16T10:22:24+00:00","dateModified":"2026-01-09T09:51:54+00:00","description":"Multitool breloc Victorinox Classic SD 0.6223.3G Dark Illusion \u2013 un ajutor elegant \u0219i de \u00eencredere, perfect pentru utilizarea zilnic\u0103 \u0219i c\u0103l\u0103torii.","breadcrumb":{"@id":"https:\/\/xstyle.md\/product\/multitul-brelok-victorinox-classic-sd-0-6223-3g-dark-illusion\/#breadcrumb"},"inLanguage":"ro-RO","potentialAction":[{"@type":"ReadAction","target":["https:\/\/xstyle.md\/product\/multitul-brelok-victorinox-classic-sd-0-6223-3g-dark-illusion\/"]}]},{"@type":"ImageObject","inLanguage":"ro-RO","@id":"https:\/\/xstyle.md\/product\/multitul-brelok-victorinox-classic-sd-0-6223-3g-dark-illusion\/#primaryimage","url":"https:\/\/xstyle.md\/wp-content\/uploads\/2022\/06\/victorinox-classic-sd-0.6223.3g-dark-illusion.jpg","contentUrl":"https:\/\/xstyle.md\/wp-content\/uploads\/2022\/06\/victorinox-classic-sd-0.6223.3g-dark-illusion.jpg","width":1000,"height":1000,"caption":"\u041c\u0443\u043b\u044c\u0442\u0438\u0442\u0443\u043b \u0431\u0440\u0435\u043b\u043e\u043a Victorinox Classic SD 0.6223.3G \u0442\u0435\u043c\u043d\u044b\u0439 \u0438\u043b\u043b\u044e\u0437\u0438\u044f \u0434\u043b\u044f \u0430\u043a\u0442\u0438\u0432\u043d\u043e\u0433\u043e \u043e\u0442\u0434\u044b\u0445\u0430, \u0442\u0443\u0440\u0438\u0441\u0442\u0438\u0447\u0435\u0441\u043a\u043e\u0439 \u044d\u043a\u0438\u043f\u0438\u0440\u043e\u0432\u043a\u0438, \u043f\u043e\u0432\u0441\u0435\u0434\u043d\u0435\u0432\u043d\u043e\u0439 \u043e\u0434\u0435\u0436\u0434\u044b \u0438 \u043e\u0431\u0443\u0432\u0438 \u0434\u043b\u044f \u043f\u0443\u0442\u0435\u0448\u0435\u0441\u0442\u0432\u0438\u0439"},{"@type":"BreadcrumbList","@id":"https:\/\/xstyle.md\/product\/multitul-brelok-victorinox-classic-sd-0-6223-3g-dark-illusion\/#breadcrumb","itemListElement":[{"@type":"ListItem","position":1,"name":"\u0413\u043b\u0430\u0432\u043d\u0430\u044f \u0441\u0442\u0440\u0430\u043d\u0438\u0446\u0430","item":"https:\/\/xstyle.md\/"},{"@type":"ListItem","position":2,"name":"\u041c\u0430\u0433\u0430\u0437\u0438\u043d","item":"https:\/\/xstyle.md\/shop\/"},{"@type":"ListItem","position":3,"name":"\u041c\u0443\u043b\u044c\u0442\u0438\u0442\u0443\u043b \u0431\u0440\u0435\u043b\u043e\u043a Victorinox Classic SD 0.6223.3G dark illusion"}]},{"@type":"WebSite","@id":"https:\/\/xstyle.md\/#website","url":"https:\/\/xstyle.md\/","name":"Magazinul X-Style","description":"Echipamente pentru turism \u0219i sporturi extreme \u00een Moldova. Pre\u021buri, fotografii, caracteristici \u00een Moldova.","publisher":{"@id":"https:\/\/xstyle.md\/#organization"},"alternateName":"X-Style","potentialAction":[{"@type":"SearchAction","target":{"@type":"EntryPoint","urlTemplate":"https:\/\/xstyle.md\/?s={search_term_string}"},"query-input":{"@type":"PropertyValueSpecification","valueRequired":true,"valueName":"search_term_string"}}],"inLanguage":"ro-RO"},{"@type":"Organization","@id":"https:\/\/xstyle.md\/#organization","name":"Magazinul X-Style","alternateName":"x-style","url":"https:\/\/xstyle.md\/","logo":{"@type":"ImageObject","inLanguage":"ro-RO","@id":"https:\/\/xstyle.md\/#\/schema\/logo\/image\/","url":"https:\/\/xstyle.md\/wp-content\/uploads\/2020\/06\/logoicon.svg","contentUrl":"https:\/\/xstyle.md\/wp-content\/uploads\/2020\/06\/logoicon.svg","caption":"\u041c\u0430\u0433\u0430\u0437\u0438\u043d Xstyle"},"image":{"@id":"https:\/\/xstyle.md\/#\/schema\/logo\/image\/"},"sameAs":["https:\/\/www.facebook.com\/xstylemd","https:\/\/www.instagram.com\/xstyle_md\/","https:\/\/t.me\/xstyle_outdoor"],"hasMerchantReturnPolicy":{"@type":"MerchantReturnPolicy","merchantReturnLink":"https:\/\/xstyle.md\/ro\/conditions\/"}}]},"product_price_amount":"590.00","product_price_currency":"MDL","og_availability":"instock","product_availability":"instock","product_retailer_item_id":"7613329143971","product_condition":"new"},"post_mailing_queue_ids":[],"_links":{"self":[{"href":"https:\/\/xstyle.md\/ro\/wp-json\/wp\/v2\/product\/48995","targetHints":{"allow":["GET"]}}],"collection":[{"href":"https:\/\/xstyle.md\/ro\/wp-json\/wp\/v2\/product"}],"about":[{"href":"https:\/\/xstyle.md\/ro\/wp-json\/wp\/v2\/types\/product"}],"replies":[{"embeddable":true,"href":"https:\/\/xstyle.md\/ro\/wp-json\/wp\/v2\/comments?post=48995"}],"wp:featuredmedia":[{"embeddable":true,"href":"https:\/\/xstyle.md\/ro\/wp-json\/wp\/v2\/media\/49944"}],"wp:attachment":[{"href":"https:\/\/xstyle.md\/ro\/wp-json\/wp\/v2\/media?parent=48995"}],"wp:term":[{"taxonomy":"product_brand","embeddable":true,"href":"https:\/\/xstyle.md\/ro\/wp-json\/wp\/v2\/product_brand?post=48995"},{"taxonomy":"product_cat","embeddable":true,"href":"https:\/\/xstyle.md\/ro\/wp-json\/wp\/v2\/product_cat?post=48995"},{"taxonomy":"product_tag","embeddable":true,"href":"https:\/\/xstyle.md\/ro\/wp-json\/wp\/v2\/product_tag?post=48995"}],"curies":[{"name":"wp","href":"https:\/\/api.w.org\/{rel}","templated":true}]}}