{"id":48987,"date":"2022-06-16T13:22:23","date_gmt":"2022-06-16T10:22:23","guid":{"rendered":"https:\/\/xstyle.md\/?post_type=product&#038;p=48987"},"modified":"2025-11-27T19:04:35","modified_gmt":"2025-11-27T16:04:35","slug":"karmannaya-tochilka-victorinox-4-3323","status":"publish","type":"product","link":"https:\/\/xstyle.md\/ro\/produs\/karmannaya-tochilka-victorinox-4-3323\/","title":{"rendered":"Ascu\u021bitoare de buzunar Victorinox 4.3323"},"content":{"rendered":"<\/p>\n<p><strong>Victorinox 4.3323<\/strong> &#8212;\u00a0ascu\u021bitor de buzunar special cu dou\u0103 fe\u021be pentru cu\u021bitele multifunc\u021bionale Victorinox. Este u\u0219or \u0219i confortabil. Ascu\u021bitoarea poate fi utilizat\u0103 \u0219i pentru ascu\u021birea cu\u021bitelor de buc\u0103t\u0103rie.<\/p>\n<p>Practic f\u0103r\u0103 greutate, dar cu dou\u0103 tipuri de accesorii de ascu\u021bire. Aceast\u0103 unealt\u0103 la \u00eendem\u00e2n\u0103 cu capac, cu o lungime de numai 140 mm \u0219i o greutate de 25 de grame, se potrive\u0219te u\u0219or \u00een buzunar \u0219i poate fi folosit\u0103 pentru a ascu\u021bi cel mai dur o\u021bel, f\u0103r\u0103 a deteriora t\u0103i\u0219ul.<\/p>\n<h3>Particularit\u0103\u021bi<\/h3>\n<ul>\n<li>Manopera de \u00eenalt\u0103 calitate<\/li>\n<li>Ascu\u021bitoare compact\u0103<\/li>\n<li>Ascu\u021bitoare cu dou\u0103 fe\u021be cu capac<\/li>\n<li>M\u00e2ner unic<\/li>\n<\/ul>\n<h3>Caracteristici<\/h3>\n<ul>\n<li>Mediu<\/li>\n<li>Material abraziv &#8212; ceramic\u0103<\/li>\n<li>Lungime &#8212; 145 mm<\/li>\n<li>Greutate &#8212; 25 g<\/li>\n<\/ul>\n<h3>Marca<\/h3>\n<p>Victorinox produce \u0219i vinde produse unice, de \u00eenalt\u0103 calitate, pentru diverse domenii ale vie\u021bii. Gama include cu\u021bite elve\u021biene, cu\u021bite de buc\u0103t\u0103rie \u0219i tac\u00e2muri, ceasuri, echipamente de c\u0103l\u0103torie \u0219i parfumuri. Sediul central al companiei este situat \u00een inima Elve\u021biei &#8212; \u00een ora\u0219ul Ibach (districtul Schwyz). Aici, fondatorul companiei, Karl Elsener, \u0219i-a \u00eenceput afacerea de fabricare a cu\u021bitelor \u00een 1884, iar c\u00e2\u021biva ani mai t\u00e2rziu a dezvoltat legendarul cu\u021bit original al armatei elve\u021biene.<\/p>\n<p><\/p>","protected":false},"excerpt":{"rendered":"","protected":false},"featured_media":49905,"comment_status":"open","ping_status":"closed","template":"","meta":{"_acf_changed":false,"inline_featured_image":false},"product_brand":[1327],"product_cat":[428],"product_tag":[],"class_list":{"0":"post-48987","1":"product","2":"type-product","3":"status-publish","4":"has-post-thumbnail","6":"product_brand-victorinox","7":"product_cat-aksesuari-i-cehli","9":"first","10":"outofstock","11":"shipping-taxable","12":"product-type-simple"},"acf":[],"yoast_head":"<!-- This site is optimized with the Yoast SEO plugin v27.2 - https:\/\/yoast.com\/product\/yoast-seo-wordpress\/ -->\n<title>\u041a\u0430\u0440\u043c\u0430\u043d\u043d\u0430\u044f \u0442\u043e\u0447\u0438\u043b\u043a\u0430 Victorinox 4.3323 - \u041c\u0430\u0433\u0430\u0437\u0438\u043d Xstyle<\/title>\n<meta name=\"description\" content=\"\u041a\u0443\u043f\u0438\u0442\u0435 \u043a\u0430\u0440\u043c\u0430\u043d\u043d\u0443\u044e \u0442\u043e\u0447\u0438\u043b\u043a\u0443 Victorinox 4.3323 \u2014 \u043b\u0435\u0433\u043a\u0430\u044f, \u0443\u0434\u043e\u0431\u043d\u0430\u044f \u0438 \u044d\u0444\u0444\u0435\u043a\u0442\u0438\u0432\u043d\u0430\u044f \u0434\u043b\u044f \u0437\u0430\u0442\u043e\u0447\u043a\u0438 \u0432\u0430\u0448\u0438\u0445 \u043c\u0443\u043b\u044c\u0442\u0438\u0442\u0443\u043b\u043e\u0432 \u0438 \u043d\u043e\u0436\u0435\u0439 \u043d\u0430 \u043a\u0443\u0445\u043d\u0435!\" \/>\n<meta name=\"robots\" content=\"index, follow, max-snippet:-1, max-image-preview:large, max-video-preview:-1\" \/>\n<link rel=\"canonical\" href=\"https:\/\/xstyle.md\/ro\/produs\/karmannaya-tochilka-victorinox-4-3323\/\" \/>\n<meta property=\"og:locale\" content=\"ro_RO\" \/>\n<meta property=\"og:type\" content=\"article\" \/>\n<meta property=\"og:title\" content=\"\u041a\u0430\u0440\u043c\u0430\u043d\u043d\u0430\u044f \u0442\u043e\u0447\u0438\u043b\u043a\u0430 Victorinox 4.3323 - \u041c\u0430\u0433\u0430\u0437\u0438\u043d Xstyle\" \/>\n<meta property=\"og:description\" content=\"\u041a\u0443\u043f\u0438\u0442\u0435 \u043a\u0430\u0440\u043c\u0430\u043d\u043d\u0443\u044e \u0442\u043e\u0447\u0438\u043b\u043a\u0443 Victorinox 4.3323 \u2014 \u043b\u0435\u0433\u043a\u0430\u044f, \u0443\u0434\u043e\u0431\u043d\u0430\u044f \u0438 \u044d\u0444\u0444\u0435\u043a\u0442\u0438\u0432\u043d\u0430\u044f \u0434\u043b\u044f \u0437\u0430\u0442\u043e\u0447\u043a\u0438 \u0432\u0430\u0448\u0438\u0445 \u043c\u0443\u043b\u044c\u0442\u0438\u0442\u0443\u043b\u043e\u0432 \u0438 \u043d\u043e\u0436\u0435\u0439 \u043d\u0430 \u043a\u0443\u0445\u043d\u0435!\" \/>\n<meta property=\"og:url\" content=\"https:\/\/xstyle.md\/ro\/produs\/karmannaya-tochilka-victorinox-4-3323\/\" \/>\n<meta property=\"og:site_name\" content=\"\u041c\u0430\u0433\u0430\u0437\u0438\u043d Xstyle\" \/>\n<meta property=\"article:publisher\" content=\"https:\/\/www.facebook.com\/xstylemd\" \/>\n<meta property=\"article:modified_time\" content=\"2025-11-27T16:04:35+00:00\" \/>\n<meta property=\"og:image\" content=\"https:\/\/xstyle.md\/wp-content\/uploads\/2022\/06\/victorinox-4.3323.jpg\" \/>\n\t<meta property=\"og:image:width\" content=\"676\" \/>\n\t<meta property=\"og:image:height\" content=\"676\" \/>\n\t<meta property=\"og:image:type\" content=\"image\/jpeg\" \/>\n<meta name=\"twitter:card\" content=\"summary_large_image\" \/>\n<meta name=\"twitter:label1\" content=\"Pre\u021b\" \/>\n\t<meta name=\"twitter:data1\" content=\"335&nbsp;MDL\" \/>\n\t<meta name=\"twitter:label2\" content=\"Disponibilitate\" \/>\n\t<meta name=\"twitter:data2\" content=\"Stoc epuizat\" \/>\n<script type=\"application\/ld+json\" class=\"yoast-schema-graph\">{\"@context\":\"https:\/\/schema.org\",\"@graph\":[{\"@type\":\"WebPage\",\"@id\":\"https:\/\/xstyle.md\/product\/karmannaya-tochilka-victorinox-4-3323\/\",\"url\":\"https:\/\/xstyle.md\/product\/karmannaya-tochilka-victorinox-4-3323\/\",\"name\":\"\u041a\u0430\u0440\u043c\u0430\u043d\u043d\u0430\u044f \u0442\u043e\u0447\u0438\u043b\u043a\u0430 Victorinox 4.3323 - \u041c\u0430\u0433\u0430\u0437\u0438\u043d Xstyle\",\"isPartOf\":{\"@id\":\"https:\/\/xstyle.md\/#website\"},\"primaryImageOfPage\":{\"@id\":\"https:\/\/xstyle.md\/product\/karmannaya-tochilka-victorinox-4-3323\/#primaryimage\"},\"image\":{\"@id\":\"https:\/\/xstyle.md\/product\/karmannaya-tochilka-victorinox-4-3323\/#primaryimage\"},\"thumbnailUrl\":\"https:\/\/xstyle.md\/wp-content\/uploads\/2022\/06\/victorinox-4.3323.jpg\",\"datePublished\":\"2022-06-16T10:22:23+00:00\",\"dateModified\":\"2025-11-27T16:04:35+00:00\",\"description\":\"\u041a\u0443\u043f\u0438\u0442\u0435 \u043a\u0430\u0440\u043c\u0430\u043d\u043d\u0443\u044e \u0442\u043e\u0447\u0438\u043b\u043a\u0443 Victorinox 4.3323 \u2014 \u043b\u0435\u0433\u043a\u0430\u044f, \u0443\u0434\u043e\u0431\u043d\u0430\u044f \u0438 \u044d\u0444\u0444\u0435\u043a\u0442\u0438\u0432\u043d\u0430\u044f \u0434\u043b\u044f \u0437\u0430\u0442\u043e\u0447\u043a\u0438 \u0432\u0430\u0448\u0438\u0445 \u043c\u0443\u043b\u044c\u0442\u0438\u0442\u0443\u043b\u043e\u0432 \u0438 \u043d\u043e\u0436\u0435\u0439 \u043d\u0430 \u043a\u0443\u0445\u043d\u0435!\",\"breadcrumb\":{\"@id\":\"https:\/\/xstyle.md\/product\/karmannaya-tochilka-victorinox-4-3323\/#breadcrumb\"},\"inLanguage\":\"ro-RO\",\"potentialAction\":[{\"@type\":\"ReadAction\",\"target\":[\"https:\/\/xstyle.md\/product\/karmannaya-tochilka-victorinox-4-3323\/\"]}]},{\"@type\":\"ImageObject\",\"inLanguage\":\"ro-RO\",\"@id\":\"https:\/\/xstyle.md\/product\/karmannaya-tochilka-victorinox-4-3323\/#primaryimage\",\"url\":\"https:\/\/xstyle.md\/wp-content\/uploads\/2022\/06\/victorinox-4.3323.jpg\",\"contentUrl\":\"https:\/\/xstyle.md\/wp-content\/uploads\/2022\/06\/victorinox-4.3323.jpg\",\"width\":676,\"height\":676,\"caption\":\"\u041a\u0430\u0440\u043c\u0430\u043d\u043d\u0430\u044f \u0442\u043e\u0447\u0438\u043b\u043a\u0430 Victorinox 4.3323 \u0434\u043b\u044f \u0430\u043a\u0442\u0438\u0432\u043d\u043e\u0433\u043e \u043e\u0442\u0434\u044b\u0445\u0430, \u043e\u0434\u0435\u0436\u0434\u044b, \u043e\u0431\u0443\u0432\u0438 \u0438 \u0441\u043d\u0430\u0440\u044f\u0436\u0435\u043d\u0438\u044f \u0434\u043b\u044f \u043f\u043e\u0445\u043e\u0434\u043e\u0432 \u0438 \u043f\u0443\u0442\u0435\u0448\u0435\u0441\u0442\u0432\u0438\u0439 \u0432 \u0438\u043d\u0442\u0435\u0440\u043d\u0435\u0442-\u043c\u0430\u0433\u0430\u0437\u0438\u043d\u0435 \u0442\u043e\u0432\u0430\u0440\u043e\u0432 \u0434\u043b\u044f \u0442\u0443\u0440\u0438\u0441\u0442\u0430, \u0430\u043b\u044c\u043f\u0438\u043d\u0438\u0437\u043c\u0430 \u0438 \u0430\u043a\u0442\u0438\u0432\u043d\u043e\u0433\u043e \u043e\u0431\u0440\u0430\u0437\u0430 \u0436\u0438\u0437\u043d\u0438\"},{\"@type\":\"BreadcrumbList\",\"@id\":\"https:\/\/xstyle.md\/product\/karmannaya-tochilka-victorinox-4-3323\/#breadcrumb\",\"itemListElement\":[{\"@type\":\"ListItem\",\"position\":1,\"name\":\"\u0413\u043b\u0430\u0432\u043d\u0430\u044f \u0441\u0442\u0440\u0430\u043d\u0438\u0446\u0430\",\"item\":\"https:\/\/xstyle.md\/\"},{\"@type\":\"ListItem\",\"position\":2,\"name\":\"\u041c\u0430\u0433\u0430\u0437\u0438\u043d\",\"item\":\"https:\/\/xstyle.md\/shop\/\"},{\"@type\":\"ListItem\",\"position\":3,\"name\":\"\u041a\u0430\u0440\u043c\u0430\u043d\u043d\u0430\u044f \u0442\u043e\u0447\u0438\u043b\u043a\u0430 Victorinox 4.3323\"}]},{\"@type\":\"WebSite\",\"@id\":\"https:\/\/xstyle.md\/#website\",\"url\":\"https:\/\/xstyle.md\/\",\"name\":\"\u041c\u0430\u0433\u0430\u0437\u0438\u043d Xstyle\",\"description\":\"C\u043d\u0430\u0440\u044f\u0436\u0435\u043d\u0438\u0435 \u0434\u043b\u044f \u0442\u0443\u0440\u0438\u0437\u043c\u0430 \u0438 \u044d\u043a\u0441\u0442\u0440\u0435\u043c\u0430\u043b\u044c\u043d\u044b\u0445 \u0432\u0438\u0434\u043e\u0432 \u0441\u043f\u043e\u0440\u0442\u0430 \u0432 \u041c\u043e\u043b\u0434\u043e\u0432\u0435.. \u0426\u0435\u043d\u044b, \u0444\u043e\u0442\u043e, \u0445\u0430\u0440\u0430\u043a\u0442\u0435\u0440\u0438\u0441\u0442\u0438\u043a\u0438 \u0432 \u041c\u043e\u043b\u0434\u043e\u0432\u0435.\",\"publisher\":{\"@id\":\"https:\/\/xstyle.md\/#organization\"},\"alternateName\":\"X-Style\",\"potentialAction\":[{\"@type\":\"SearchAction\",\"target\":{\"@type\":\"EntryPoint\",\"urlTemplate\":\"https:\/\/xstyle.md\/?s={search_term_string}\"},\"query-input\":{\"@type\":\"PropertyValueSpecification\",\"valueRequired\":true,\"valueName\":\"search_term_string\"}}],\"inLanguage\":\"ro-RO\"},{\"@type\":\"Organization\",\"@id\":\"https:\/\/xstyle.md\/#organization\",\"name\":\"\u041c\u0430\u0433\u0430\u0437\u0438\u043d Xstyle\",\"alternateName\":\"x-style\",\"url\":\"https:\/\/xstyle.md\/\",\"logo\":{\"@type\":\"ImageObject\",\"inLanguage\":\"ro-RO\",\"@id\":\"https:\/\/xstyle.md\/#\/schema\/logo\/image\/\",\"url\":\"https:\/\/xstyle.md\/wp-content\/uploads\/2020\/06\/logoicon.svg\",\"contentUrl\":\"https:\/\/xstyle.md\/wp-content\/uploads\/2020\/06\/logoicon.svg\",\"caption\":\"\u041c\u0430\u0433\u0430\u0437\u0438\u043d Xstyle\"},\"image\":{\"@id\":\"https:\/\/xstyle.md\/#\/schema\/logo\/image\/\"},\"sameAs\":[\"https:\/\/www.facebook.com\/xstylemd\",\"https:\/\/www.instagram.com\/xstyle_md\/\",\"https:\/\/t.me\/xstyle_outdoor\"],\"hasMerchantReturnPolicy\":{\"@type\":\"MerchantReturnPolicy\",\"merchantReturnLink\":\"https:\/\/xstyle.md\/ro\/conditions\/\"}}]}<\/script>\n<meta property=\"product:price:amount\" content=\"335.00\" \/>\n<meta property=\"product:price:currency\" content=\"MDL\" \/>\n<meta property=\"og:availability\" content=\"out of stock\" \/>\n<meta property=\"product:availability\" content=\"out of stock\" \/>\n<meta property=\"product:retailer_item_id\" content=\"7611160705129\" \/>\n<meta property=\"product:condition\" content=\"new\" \/>\n<!-- \/ Yoast SEO plugin. -->","yoast_head_json":{"title":"Ascu\u021bitoare de buzunar Victorinox 4.3323 - Magazin Xstyle","description":"Cump\u0103ra\u021bi ascu\u021bitorul de buzunar Victorinox 4.3323 \u2014 u\u0219or, comod \u0219i eficient pentru ascu\u021birea uneltelor multifuziunale \u0219i a cu\u021bitelor \u00een buc\u0103t\u0103rie!","robots":{"index":"index","follow":"follow","max-snippet":"max-snippet:-1","max-image-preview":"max-image-preview:large","max-video-preview":"max-video-preview:-1"},"canonical":"https:\/\/xstyle.md\/ro\/produs\/karmannaya-tochilka-victorinox-4-3323\/","og_locale":"ro_RO","og_type":"article","og_title":"\u041a\u0430\u0440\u043c\u0430\u043d\u043d\u0430\u044f \u0442\u043e\u0447\u0438\u043b\u043a\u0430 Victorinox 4.3323 - \u041c\u0430\u0433\u0430\u0437\u0438\u043d Xstyle","og_description":"\u041a\u0443\u043f\u0438\u0442\u0435 \u043a\u0430\u0440\u043c\u0430\u043d\u043d\u0443\u044e \u0442\u043e\u0447\u0438\u043b\u043a\u0443 Victorinox 4.3323 \u2014 \u043b\u0435\u0433\u043a\u0430\u044f, \u0443\u0434\u043e\u0431\u043d\u0430\u044f \u0438 \u044d\u0444\u0444\u0435\u043a\u0442\u0438\u0432\u043d\u0430\u044f \u0434\u043b\u044f \u0437\u0430\u0442\u043e\u0447\u043a\u0438 \u0432\u0430\u0448\u0438\u0445 \u043c\u0443\u043b\u044c\u0442\u0438\u0442\u0443\u043b\u043e\u0432 \u0438 \u043d\u043e\u0436\u0435\u0439 \u043d\u0430 \u043a\u0443\u0445\u043d\u0435!","og_url":"https:\/\/xstyle.md\/ro\/produs\/karmannaya-tochilka-victorinox-4-3323\/","og_site_name":"\u041c\u0430\u0433\u0430\u0437\u0438\u043d Xstyle","article_publisher":"https:\/\/www.facebook.com\/xstylemd","article_modified_time":"2025-11-27T16:04:35+00:00","og_image":[{"width":676,"height":676,"url":"https:\/\/xstyle.md\/wp-content\/uploads\/2022\/06\/victorinox-4.3323.jpg","type":"image\/jpeg"}],"twitter_card":"summary_large_image","twitter_misc":{"Pre\u021b":"335&nbsp;MDL","Disponibilitate":"Stoc epuizat"},"schema":{"@context":"https:\/\/schema.org","@graph":[{"@type":"WebPage","@id":"https:\/\/xstyle.md\/product\/karmannaya-tochilka-victorinox-4-3323\/","url":"https:\/\/xstyle.md\/product\/karmannaya-tochilka-victorinox-4-3323\/","name":"Ascu\u021bitoare de buzunar Victorinox 4.3323 - Magazin Xstyle","isPartOf":{"@id":"https:\/\/xstyle.md\/#website"},"primaryImageOfPage":{"@id":"https:\/\/xstyle.md\/product\/karmannaya-tochilka-victorinox-4-3323\/#primaryimage"},"image":{"@id":"https:\/\/xstyle.md\/product\/karmannaya-tochilka-victorinox-4-3323\/#primaryimage"},"thumbnailUrl":"https:\/\/xstyle.md\/wp-content\/uploads\/2022\/06\/victorinox-4.3323.jpg","datePublished":"2022-06-16T10:22:23+00:00","dateModified":"2025-11-27T16:04:35+00:00","description":"Cump\u0103ra\u021bi ascu\u021bitorul de buzunar Victorinox 4.3323 \u2014 u\u0219or, comod \u0219i eficient pentru ascu\u021birea uneltelor multifuziunale \u0219i a cu\u021bitelor \u00een buc\u0103t\u0103rie!","breadcrumb":{"@id":"https:\/\/xstyle.md\/product\/karmannaya-tochilka-victorinox-4-3323\/#breadcrumb"},"inLanguage":"ro-RO","potentialAction":[{"@type":"ReadAction","target":["https:\/\/xstyle.md\/product\/karmannaya-tochilka-victorinox-4-3323\/"]}]},{"@type":"ImageObject","inLanguage":"ro-RO","@id":"https:\/\/xstyle.md\/product\/karmannaya-tochilka-victorinox-4-3323\/#primaryimage","url":"https:\/\/xstyle.md\/wp-content\/uploads\/2022\/06\/victorinox-4.3323.jpg","contentUrl":"https:\/\/xstyle.md\/wp-content\/uploads\/2022\/06\/victorinox-4.3323.jpg","width":676,"height":676,"caption":"\u041a\u0430\u0440\u043c\u0430\u043d\u043d\u0430\u044f \u0442\u043e\u0447\u0438\u043b\u043a\u0430 Victorinox 4.3323 \u0434\u043b\u044f \u0430\u043a\u0442\u0438\u0432\u043d\u043e\u0433\u043e \u043e\u0442\u0434\u044b\u0445\u0430, \u043e\u0434\u0435\u0436\u0434\u044b, \u043e\u0431\u0443\u0432\u0438 \u0438 \u0441\u043d\u0430\u0440\u044f\u0436\u0435\u043d\u0438\u044f \u0434\u043b\u044f \u043f\u043e\u0445\u043e\u0434\u043e\u0432 \u0438 \u043f\u0443\u0442\u0435\u0448\u0435\u0441\u0442\u0432\u0438\u0439 \u0432 \u0438\u043d\u0442\u0435\u0440\u043d\u0435\u0442-\u043c\u0430\u0433\u0430\u0437\u0438\u043d\u0435 \u0442\u043e\u0432\u0430\u0440\u043e\u0432 \u0434\u043b\u044f \u0442\u0443\u0440\u0438\u0441\u0442\u0430, \u0430\u043b\u044c\u043f\u0438\u043d\u0438\u0437\u043c\u0430 \u0438 \u0430\u043a\u0442\u0438\u0432\u043d\u043e\u0433\u043e \u043e\u0431\u0440\u0430\u0437\u0430 \u0436\u0438\u0437\u043d\u0438"},{"@type":"BreadcrumbList","@id":"https:\/\/xstyle.md\/product\/karmannaya-tochilka-victorinox-4-3323\/#breadcrumb","itemListElement":[{"@type":"ListItem","position":1,"name":"\u0413\u043b\u0430\u0432\u043d\u0430\u044f \u0441\u0442\u0440\u0430\u043d\u0438\u0446\u0430","item":"https:\/\/xstyle.md\/"},{"@type":"ListItem","position":2,"name":"\u041c\u0430\u0433\u0430\u0437\u0438\u043d","item":"https:\/\/xstyle.md\/shop\/"},{"@type":"ListItem","position":3,"name":"\u041a\u0430\u0440\u043c\u0430\u043d\u043d\u0430\u044f \u0442\u043e\u0447\u0438\u043b\u043a\u0430 Victorinox 4.3323"}]},{"@type":"WebSite","@id":"https:\/\/xstyle.md\/#website","url":"https:\/\/xstyle.md\/","name":"Magazinul X-Style","description":"Echipamente pentru turism \u0219i sporturi extreme \u00een Moldova. Pre\u021buri, fotografii, caracteristici \u00een Moldova.","publisher":{"@id":"https:\/\/xstyle.md\/#organization"},"alternateName":"X-Style","potentialAction":[{"@type":"SearchAction","target":{"@type":"EntryPoint","urlTemplate":"https:\/\/xstyle.md\/?s={search_term_string}"},"query-input":{"@type":"PropertyValueSpecification","valueRequired":true,"valueName":"search_term_string"}}],"inLanguage":"ro-RO"},{"@type":"Organization","@id":"https:\/\/xstyle.md\/#organization","name":"Magazinul X-Style","alternateName":"x-style","url":"https:\/\/xstyle.md\/","logo":{"@type":"ImageObject","inLanguage":"ro-RO","@id":"https:\/\/xstyle.md\/#\/schema\/logo\/image\/","url":"https:\/\/xstyle.md\/wp-content\/uploads\/2020\/06\/logoicon.svg","contentUrl":"https:\/\/xstyle.md\/wp-content\/uploads\/2020\/06\/logoicon.svg","caption":"\u041c\u0430\u0433\u0430\u0437\u0438\u043d Xstyle"},"image":{"@id":"https:\/\/xstyle.md\/#\/schema\/logo\/image\/"},"sameAs":["https:\/\/www.facebook.com\/xstylemd","https:\/\/www.instagram.com\/xstyle_md\/","https:\/\/t.me\/xstyle_outdoor"],"hasMerchantReturnPolicy":{"@type":"MerchantReturnPolicy","merchantReturnLink":"https:\/\/xstyle.md\/ro\/conditions\/"}}]},"product_price_amount":"335.00","product_price_currency":"MDL","og_availability":"out of stock","product_availability":"out of stock","product_retailer_item_id":"7611160705129","product_condition":"new"},"post_mailing_queue_ids":[],"_links":{"self":[{"href":"https:\/\/xstyle.md\/ro\/wp-json\/wp\/v2\/product\/48987","targetHints":{"allow":["GET"]}}],"collection":[{"href":"https:\/\/xstyle.md\/ro\/wp-json\/wp\/v2\/product"}],"about":[{"href":"https:\/\/xstyle.md\/ro\/wp-json\/wp\/v2\/types\/product"}],"replies":[{"embeddable":true,"href":"https:\/\/xstyle.md\/ro\/wp-json\/wp\/v2\/comments?post=48987"}],"wp:featuredmedia":[{"embeddable":true,"href":"https:\/\/xstyle.md\/ro\/wp-json\/wp\/v2\/media\/49905"}],"wp:attachment":[{"href":"https:\/\/xstyle.md\/ro\/wp-json\/wp\/v2\/media?parent=48987"}],"wp:term":[{"taxonomy":"product_brand","embeddable":true,"href":"https:\/\/xstyle.md\/ro\/wp-json\/wp\/v2\/product_brand?post=48987"},{"taxonomy":"product_cat","embeddable":true,"href":"https:\/\/xstyle.md\/ro\/wp-json\/wp\/v2\/product_cat?post=48987"},{"taxonomy":"product_tag","embeddable":true,"href":"https:\/\/xstyle.md\/ro\/wp-json\/wp\/v2\/product_tag?post=48987"}],"curies":[{"name":"wp","href":"https:\/\/api.w.org\/{rel}","templated":true}]}}