{"id":48964,"date":"2022-06-16T13:22:18","date_gmt":"2022-06-16T10:22:18","guid":{"rendered":"https:\/\/xstyle.md\/?post_type=product&#038;p=48964"},"modified":"2026-03-19T16:49:12","modified_gmt":"2026-03-19T13:49:12","slug":"shtany-ternua-torlok-mns-whales-grey","status":"publish","type":"product","link":"https:\/\/xstyle.md\/ro\/produs\/shtany-ternua-torlok-mns-whales-grey\/","title":{"rendered":"Pantaloni Ternua Torlok Mns whales grey"},"content":{"rendered":"<\/p>\n<p><strong>Ternua Torlok<\/strong> &#8212; pantaloni foarte rezisten\u021bi \u0219i respirabili, confec\u021biona\u021bi din material Shellstretch. Ace\u0219tia sunt hidrofobi\u021bi \u0219i foarte respirabili, iar adaosul de elastan asigur\u0103 elasticitatea materialului \u0219i posibilitatea de a v\u0103 mi\u0219ca liber. \u0218tim cum este s\u0103 te mi\u0219ti \u00een condi\u021bii de munte, a\u0219a c\u0103 pantalonii au genunchii \u00eent\u0103ri\u021bi \u00een form\u0103 anatomic\u0103 \u0219i p\u0103r\u021bile interioare ale pantalonilor \u00eent\u0103rite.<\/p>\n<h3>Particularit\u0103\u021bi<\/h3>\n<ul>\n<li>Protec\u021bie UV UPF 30+<\/li>\n<li>Impregnare hidrofug\u0103 f\u0103r\u0103 PFC<\/li>\n<li>Talie fix\u0103 cu cataram\u0103 reglabil\u0103<\/li>\n<li>Dou\u0103 buzunare frontale<\/li>\n<li>Un buzunar la spate<\/li>\n<li>Tiv cu fermoar \u0219i burduf.<\/li>\n<\/ul>\n<h3>Caracteristici<\/h3>\n<ul>\n<li>Material &#8212; 85% poliamid\u0103, 15% elastan<\/li>\n<li>Sezonul &#8212; prim\u0103var\u0103\/toamn\u0103\/iarn\u0103<\/li>\n<li>Destina\u021bie &#8212; sport\/ alpinism\/ alpinism\/ alpinism<\/li>\n<li>Model - b\u0103rba\u021bi.<\/li>\n<\/ul>\n<h3>Tehnologie<\/h3>\n<ul>\n<li><strong>Shellstretch<\/strong> \u2013 \u021bes\u0103tura bielastic\u0103 este foarte durabil\u0103, confortabil\u0103 \u0219i se adapteaz\u0103 la corp, p\u0103str\u00e2ndu-\u0219i \u00eentotdeauna forma. Conceput\u0103 pentru a \u00eendep\u0103rta rapid transpira\u021bia de pe corp, are o impregnare hidrofug\u0103, ceea ce o face ideal\u0103 pentru activit\u0103\u021bile care necesit\u0103 libertate total\u0103 de mi\u0219care.<\/li>\n<li><strong>DWR \u00abdurable water repellent\u00bb<\/strong> \u2014 &#171;impregnare hidrofug\u0103 rezistent\u0103 la uzur\u0103&#187; \u0219i este utilizat\u0103 pentru tratarea \u021bes\u0103turilor folosite la \u00eembr\u0103c\u0103minte, rucsacuri, corturi \u0219i chiar saci de dormit. DWR este un strat de un polimer hidrofob puternic care este aplicat pe material \u0219i formeaz\u0103 o structur\u0103 specific\u0103 care reduce coeficientul de tensiune superficial\u0103. Acest lucru face ca pic\u0103turile de ap\u0103 s\u0103 se rostogoleasc\u0103 de pe materialul tratat f\u0103r\u0103 a-l uda.<\/li>\n<\/ul>\n<h3>Marca<\/h3>\n<p>Ternua este un brand spaniol specializat \u00een \u00eembr\u0103c\u0103minte tehnic\u0103, func\u021bional\u0103 \u0219i inovatoare, capabil\u0103 s\u0103 se adapteze la cele mai nefavorabile condi\u021bii meteorologice. Spiritul antreprenorial \u0219i aventuros al balenierilor basci din secolul al XV-lea a inspirat crearea m\u0103rcii de outdoor Ternua \u00een 1995. \u00cen limba basc\u0103, &#171;Ternua&#187; \u00eenseamn\u0103 balen\u0103, motiv pentru care compania poart\u0103 acest nume, iar logo-ul s\u0103u este \u00eempodobit cu coada unei balene. Principiile ale Ternua sunt pasiunea pentru munte, respectul pentru mediu \u0219i respectul pentru r\u0103d\u0103cinile lor, pentru originea lor. Produc\u0103torul acord\u0103 o aten\u021bie deosebit\u0103 alegerii \u021bes\u0103turilor, d\u0103 preferin\u021b\u0103 culorilor bogate, hainele sunt versatile \u0219i se potrivesc bine. De asemenea, brandul are o grij\u0103 deosebit\u0103 fa\u021b\u0103 de natur\u0103, sus\u021bin\u00e2nd respectarea mediului \u0219i produc\u00e2nd haine din materiale reciclate.<\/p>\n<p><\/p>","protected":false},"excerpt":{"rendered":"","protected":false},"featured_media":49382,"comment_status":"open","ping_status":"closed","template":"","meta":{"_acf_changed":false,"inline_featured_image":false},"product_brand":[1426],"product_cat":[404],"product_tag":[],"class_list":{"0":"post-48964","1":"product","2":"type-product","3":"status-publish","4":"has-post-thumbnail","6":"product_brand-ternua","7":"product_cat-pantaloni-de-trekking-barbati","9":"first","10":"outofstock","11":"shipping-taxable","12":"product-type-simple"},"acf":[],"yoast_head":"<!-- This site is optimized with the Yoast SEO plugin v27.4 - https:\/\/yoast.com\/product\/yoast-seo-wordpress\/ -->\n<title>\u0428\u0442\u0430\u043d\u044b Ternua Torlok Mns whales grey - \u041c\u0430\u0433\u0430\u0437\u0438\u043d Xstyle<\/title>\n<meta name=\"description\" content=\"\u0428\u0442\u0430\u043d\u044b Ternua Torlok Mns whales grey \u0441 \u0432\u043e\u0434\u043e\u043e\u0442\u0442\u0430\u043b\u043a\u0438\u0432\u0430\u044e\u0449\u0435\u0439 \u043e\u0431\u043e\u043b\u043e\u0447\u043a\u043e\u0439. \u041e\u0431\u0435\u0441\u043f\u0435\u0447\u044c\u0442\u0435 \u0441\u0432\u043e\u0431\u043e\u0434\u0443 \u0434\u0432\u0438\u0436\u0435\u043d\u0438\u044f \u0438 \u0437\u0430\u0449\u0438\u0442\u0443 \u043e\u0442 \u0441\u043e\u043b\u043d\u0446\u0430 \u0441 UPF 30. \u0418\u0434\u0435\u0430\u043b\u044c\u043d\u044b \u0434\u043b\u044f \u0430\u043a\u0442\u0438\u0432\u043d\u043e\u0433\u043e \u043e\u0442\u0434\u044b\u0445\u0430!\" \/>\n<meta name=\"robots\" content=\"index, follow, max-snippet:-1, max-image-preview:large, max-video-preview:-1\" \/>\n<link rel=\"canonical\" href=\"https:\/\/xstyle.md\/ro\/produs\/shtany-ternua-torlok-mns-whales-grey\/\" \/>\n<meta property=\"og:locale\" content=\"ro_RO\" \/>\n<meta property=\"og:type\" content=\"article\" \/>\n<meta property=\"og:title\" content=\"\u0428\u0442\u0430\u043d\u044b Ternua Torlok Mns whales grey - \u041c\u0430\u0433\u0430\u0437\u0438\u043d Xstyle\" \/>\n<meta property=\"og:description\" content=\"\u0428\u0442\u0430\u043d\u044b Ternua Torlok Mns whales grey \u0441 \u0432\u043e\u0434\u043e\u043e\u0442\u0442\u0430\u043b\u043a\u0438\u0432\u0430\u044e\u0449\u0435\u0439 \u043e\u0431\u043e\u043b\u043e\u0447\u043a\u043e\u0439. \u041e\u0431\u0435\u0441\u043f\u0435\u0447\u044c\u0442\u0435 \u0441\u0432\u043e\u0431\u043e\u0434\u0443 \u0434\u0432\u0438\u0436\u0435\u043d\u0438\u044f \u0438 \u0437\u0430\u0449\u0438\u0442\u0443 \u043e\u0442 \u0441\u043e\u043b\u043d\u0446\u0430 \u0441 UPF 30. \u0418\u0434\u0435\u0430\u043b\u044c\u043d\u044b \u0434\u043b\u044f \u0430\u043a\u0442\u0438\u0432\u043d\u043e\u0433\u043e \u043e\u0442\u0434\u044b\u0445\u0430!\" \/>\n<meta property=\"og:url\" content=\"https:\/\/xstyle.md\/ro\/produs\/shtany-ternua-torlok-mns-whales-grey\/\" \/>\n<meta property=\"og:site_name\" content=\"\u041c\u0430\u0433\u0430\u0437\u0438\u043d Xstyle\" \/>\n<meta property=\"article:publisher\" content=\"https:\/\/www.facebook.com\/xstylemd\" \/>\n<meta property=\"article:modified_time\" content=\"2026-03-19T13:49:12+00:00\" \/>\n<meta property=\"og:image\" content=\"https:\/\/xstyle.md\/wp-content\/uploads\/2022\/06\/ternua-torlok-mns-whales-grey.jpg\" \/>\n\t<meta property=\"og:image:width\" content=\"1000\" \/>\n\t<meta property=\"og:image:height\" content=\"1000\" \/>\n\t<meta property=\"og:image:type\" content=\"image\/jpeg\" \/>\n<meta name=\"twitter:card\" content=\"summary_large_image\" \/>\n<meta name=\"twitter:label1\" content=\"Pre\u021b\" \/>\n\t<meta name=\"twitter:data1\" content=\"1.970&nbsp;MDL\" \/>\n\t<meta name=\"twitter:label2\" content=\"Disponibilitate\" \/>\n\t<meta name=\"twitter:data2\" content=\"Stoc epuizat\" \/>\n<script type=\"application\/ld+json\" class=\"yoast-schema-graph\">{\"@context\":\"https:\\\/\\\/schema.org\",\"@graph\":[{\"@type\":\"WebPage\",\"@id\":\"https:\\\/\\\/xstyle.md\\\/product\\\/shtany-ternua-torlok-mns-whales-grey\\\/\",\"url\":\"https:\\\/\\\/xstyle.md\\\/product\\\/shtany-ternua-torlok-mns-whales-grey\\\/\",\"name\":\"\u0428\u0442\u0430\u043d\u044b Ternua Torlok Mns whales grey - \u041c\u0430\u0433\u0430\u0437\u0438\u043d Xstyle\",\"isPartOf\":{\"@id\":\"https:\\\/\\\/xstyle.md\\\/#website\"},\"primaryImageOfPage\":{\"@id\":\"https:\\\/\\\/xstyle.md\\\/product\\\/shtany-ternua-torlok-mns-whales-grey\\\/#primaryimage\"},\"image\":{\"@id\":\"https:\\\/\\\/xstyle.md\\\/product\\\/shtany-ternua-torlok-mns-whales-grey\\\/#primaryimage\"},\"thumbnailUrl\":\"https:\\\/\\\/xstyle.md\\\/wp-content\\\/uploads\\\/2022\\\/06\\\/ternua-torlok-mns-whales-grey.jpg\",\"datePublished\":\"2022-06-16T10:22:18+00:00\",\"dateModified\":\"2026-03-19T13:49:12+00:00\",\"description\":\"\u0428\u0442\u0430\u043d\u044b Ternua Torlok Mns whales grey \u0441 \u0432\u043e\u0434\u043e\u043e\u0442\u0442\u0430\u043b\u043a\u0438\u0432\u0430\u044e\u0449\u0435\u0439 \u043e\u0431\u043e\u043b\u043e\u0447\u043a\u043e\u0439. \u041e\u0431\u0435\u0441\u043f\u0435\u0447\u044c\u0442\u0435 \u0441\u0432\u043e\u0431\u043e\u0434\u0443 \u0434\u0432\u0438\u0436\u0435\u043d\u0438\u044f \u0438 \u0437\u0430\u0449\u0438\u0442\u0443 \u043e\u0442 \u0441\u043e\u043b\u043d\u0446\u0430 \u0441 UPF 30. \u0418\u0434\u0435\u0430\u043b\u044c\u043d\u044b \u0434\u043b\u044f \u0430\u043a\u0442\u0438\u0432\u043d\u043e\u0433\u043e \u043e\u0442\u0434\u044b\u0445\u0430!\",\"breadcrumb\":{\"@id\":\"https:\\\/\\\/xstyle.md\\\/product\\\/shtany-ternua-torlok-mns-whales-grey\\\/#breadcrumb\"},\"inLanguage\":\"ro-RO\",\"potentialAction\":[{\"@type\":\"ReadAction\",\"target\":[\"https:\\\/\\\/xstyle.md\\\/product\\\/shtany-ternua-torlok-mns-whales-grey\\\/\"]}]},{\"@type\":\"ImageObject\",\"inLanguage\":\"ro-RO\",\"@id\":\"https:\\\/\\\/xstyle.md\\\/product\\\/shtany-ternua-torlok-mns-whales-grey\\\/#primaryimage\",\"url\":\"https:\\\/\\\/xstyle.md\\\/wp-content\\\/uploads\\\/2022\\\/06\\\/ternua-torlok-mns-whales-grey.jpg\",\"contentUrl\":\"https:\\\/\\\/xstyle.md\\\/wp-content\\\/uploads\\\/2022\\\/06\\\/ternua-torlok-mns-whales-grey.jpg\",\"width\":1000,\"height\":1000,\"caption\":\"\u0428\u0442\u0430\u043d\u044b Ternua Torlok Mns whales grey \u0434\u043b\u044f \u0430\u043a\u0442\u0438\u0432\u043d\u043e\u0433\u043e \u043e\u0442\u0434\u044b\u0445\u0430 \u0438 \u043f\u0443\u0442\u0435\u0448\u0435\u0441\u0442\u0432\u0438\u0439, \u043e\u0434\u0435\u0436\u0434\u0430 \u0434\u043b\u044f \u0445\u0430\u0439\u043a\u0438\u043d\u0433\u0430 \u0438 \u0430\u043b\u044c\u043f\u0438\u043d\u0438\u0437\u043c\u0430, \u043e\u0431\u0443\u0432\u044c \u0438 \u044d\u043a\u0438\u043f\u0438\u0440\u043e\u0432\u043a\u0430 \u0434\u043b\u044f \u0430\u043a\u0442\u0438\u0432\u043d\u043e\u0433\u043e \u043e\u0431\u0440\u0430\u0437\u0430 \u0436\u0438\u0437\u043d\u0438 \u0432 \u043c\u0430\u0433\u0430\u0437\u0438\u043d\u0435 \u043e\u043d\u043b\u0430\u0439\u043d\"},{\"@type\":\"BreadcrumbList\",\"@id\":\"https:\\\/\\\/xstyle.md\\\/product\\\/shtany-ternua-torlok-mns-whales-grey\\\/#breadcrumb\",\"itemListElement\":[{\"@type\":\"ListItem\",\"position\":1,\"name\":\"\u0413\u043b\u0430\u0432\u043d\u0430\u044f \u0441\u0442\u0440\u0430\u043d\u0438\u0446\u0430\",\"item\":\"https:\\\/\\\/xstyle.md\\\/\"},{\"@type\":\"ListItem\",\"position\":2,\"name\":\"\u041c\u0430\u0433\u0430\u0437\u0438\u043d\",\"item\":\"https:\\\/\\\/xstyle.md\\\/shop\\\/\"},{\"@type\":\"ListItem\",\"position\":3,\"name\":\"\u0428\u0442\u0430\u043d\u044b Ternua Torlok Mns whales grey\"}]},{\"@type\":\"WebSite\",\"@id\":\"https:\\\/\\\/xstyle.md\\\/#website\",\"url\":\"https:\\\/\\\/xstyle.md\\\/\",\"name\":\"\u041c\u0430\u0433\u0430\u0437\u0438\u043d Xstyle\",\"description\":\"C\u043d\u0430\u0440\u044f\u0436\u0435\u043d\u0438\u0435 \u0434\u043b\u044f \u0442\u0443\u0440\u0438\u0437\u043c\u0430 \u0438 \u044d\u043a\u0441\u0442\u0440\u0435\u043c\u0430\u043b\u044c\u043d\u044b\u0445 \u0432\u0438\u0434\u043e\u0432 \u0441\u043f\u043e\u0440\u0442\u0430 \u0432 \u041c\u043e\u043b\u0434\u043e\u0432\u0435.. \u0426\u0435\u043d\u044b, \u0444\u043e\u0442\u043e, \u0445\u0430\u0440\u0430\u043a\u0442\u0435\u0440\u0438\u0441\u0442\u0438\u043a\u0438 \u0432 \u041c\u043e\u043b\u0434\u043e\u0432\u0435.\",\"publisher\":{\"@id\":\"https:\\\/\\\/xstyle.md\\\/#organization\"},\"alternateName\":\"X-Style\",\"potentialAction\":[{\"@type\":\"SearchAction\",\"target\":{\"@type\":\"EntryPoint\",\"urlTemplate\":\"https:\\\/\\\/xstyle.md\\\/?s={search_term_string}\"},\"query-input\":{\"@type\":\"PropertyValueSpecification\",\"valueRequired\":true,\"valueName\":\"search_term_string\"}}],\"inLanguage\":\"ro-RO\"},{\"@type\":\"Organization\",\"@id\":\"https:\\\/\\\/xstyle.md\\\/#organization\",\"name\":\"\u041c\u0430\u0433\u0430\u0437\u0438\u043d Xstyle\",\"alternateName\":\"x-style\",\"url\":\"https:\\\/\\\/xstyle.md\\\/\",\"logo\":{\"@type\":\"ImageObject\",\"inLanguage\":\"ro-RO\",\"@id\":\"https:\\\/\\\/xstyle.md\\\/#\\\/schema\\\/logo\\\/image\\\/\",\"url\":\"https:\\\/\\\/xstyle.md\\\/wp-content\\\/uploads\\\/2020\\\/06\\\/logoicon.svg\",\"contentUrl\":\"https:\\\/\\\/xstyle.md\\\/wp-content\\\/uploads\\\/2020\\\/06\\\/logoicon.svg\",\"caption\":\"\u041c\u0430\u0433\u0430\u0437\u0438\u043d Xstyle\"},\"image\":{\"@id\":\"https:\\\/\\\/xstyle.md\\\/#\\\/schema\\\/logo\\\/image\\\/\"},\"sameAs\":[\"https:\\\/\\\/www.facebook.com\\\/xstylemd\",\"https:\\\/\\\/www.instagram.com\\\/xstyle_md\\\/\",\"https:\\\/\\\/t.me\\\/xstyle_outdoor\"],\"hasMerchantReturnPolicy\":{\"@type\":\"MerchantReturnPolicy\",\"merchantReturnLink\":\"https:\\\/\\\/xstyle.md\\\/ro\\\/conditions\\\/\"}}]}<\/script>\n<meta property=\"product:price:amount\" content=\"1970.00\" \/>\n<meta property=\"product:price:currency\" content=\"MDL\" \/>\n<meta property=\"og:availability\" content=\"out of stock\" \/>\n<meta property=\"product:availability\" content=\"out of stock\" \/>\n<meta property=\"product:retailer_item_id\" content=\"8445042865668\" \/>\n<meta property=\"product:condition\" content=\"new\" \/>\n<!-- \/ Yoast SEO plugin. -->","yoast_head_json":{"title":"Pantaloni Ternua Torlok Mns whales grey - Magazin Xstyle","description":"Pantaloni Ternua Torlok Mns whales grey cu un strat impermeabil. Asigur\u0103 libertatea de mi\u0219care \u0219i protec\u021bie \u00eempotriva soarelui cu UPF 30. Ideali pentru activit\u0103\u021bi \u00een aer liber!","robots":{"index":"index","follow":"follow","max-snippet":"max-snippet:-1","max-image-preview":"max-image-preview:large","max-video-preview":"max-video-preview:-1"},"canonical":"https:\/\/xstyle.md\/ro\/produs\/shtany-ternua-torlok-mns-whales-grey\/","og_locale":"ro_RO","og_type":"article","og_title":"\u0428\u0442\u0430\u043d\u044b Ternua Torlok Mns whales grey - \u041c\u0430\u0433\u0430\u0437\u0438\u043d Xstyle","og_description":"\u0428\u0442\u0430\u043d\u044b Ternua Torlok Mns whales grey \u0441 \u0432\u043e\u0434\u043e\u043e\u0442\u0442\u0430\u043b\u043a\u0438\u0432\u0430\u044e\u0449\u0435\u0439 \u043e\u0431\u043e\u043b\u043e\u0447\u043a\u043e\u0439. \u041e\u0431\u0435\u0441\u043f\u0435\u0447\u044c\u0442\u0435 \u0441\u0432\u043e\u0431\u043e\u0434\u0443 \u0434\u0432\u0438\u0436\u0435\u043d\u0438\u044f \u0438 \u0437\u0430\u0449\u0438\u0442\u0443 \u043e\u0442 \u0441\u043e\u043b\u043d\u0446\u0430 \u0441 UPF 30. \u0418\u0434\u0435\u0430\u043b\u044c\u043d\u044b \u0434\u043b\u044f \u0430\u043a\u0442\u0438\u0432\u043d\u043e\u0433\u043e \u043e\u0442\u0434\u044b\u0445\u0430!","og_url":"https:\/\/xstyle.md\/ro\/produs\/shtany-ternua-torlok-mns-whales-grey\/","og_site_name":"\u041c\u0430\u0433\u0430\u0437\u0438\u043d Xstyle","article_publisher":"https:\/\/www.facebook.com\/xstylemd","article_modified_time":"2026-03-19T13:49:12+00:00","og_image":[{"width":1000,"height":1000,"url":"https:\/\/xstyle.md\/wp-content\/uploads\/2022\/06\/ternua-torlok-mns-whales-grey.jpg","type":"image\/jpeg"}],"twitter_card":"summary_large_image","twitter_misc":{"Pre\u021b":"1.970&nbsp;MDL","Disponibilitate":"Stoc epuizat"},"schema":{"@context":"https:\/\/schema.org","@graph":[{"@type":"WebPage","@id":"https:\/\/xstyle.md\/product\/shtany-ternua-torlok-mns-whales-grey\/","url":"https:\/\/xstyle.md\/product\/shtany-ternua-torlok-mns-whales-grey\/","name":"Pantaloni Ternua Torlok Mns whales grey - Magazin Xstyle","isPartOf":{"@id":"https:\/\/xstyle.md\/#website"},"primaryImageOfPage":{"@id":"https:\/\/xstyle.md\/product\/shtany-ternua-torlok-mns-whales-grey\/#primaryimage"},"image":{"@id":"https:\/\/xstyle.md\/product\/shtany-ternua-torlok-mns-whales-grey\/#primaryimage"},"thumbnailUrl":"https:\/\/xstyle.md\/wp-content\/uploads\/2022\/06\/ternua-torlok-mns-whales-grey.jpg","datePublished":"2022-06-16T10:22:18+00:00","dateModified":"2026-03-19T13:49:12+00:00","description":"Pantaloni Ternua Torlok Mns whales grey cu un strat impermeabil. Asigur\u0103 libertatea de mi\u0219care \u0219i protec\u021bie \u00eempotriva soarelui cu UPF 30. Ideali pentru activit\u0103\u021bi \u00een aer liber!","breadcrumb":{"@id":"https:\/\/xstyle.md\/product\/shtany-ternua-torlok-mns-whales-grey\/#breadcrumb"},"inLanguage":"ro-RO","potentialAction":[{"@type":"ReadAction","target":["https:\/\/xstyle.md\/product\/shtany-ternua-torlok-mns-whales-grey\/"]}]},{"@type":"ImageObject","inLanguage":"ro-RO","@id":"https:\/\/xstyle.md\/product\/shtany-ternua-torlok-mns-whales-grey\/#primaryimage","url":"https:\/\/xstyle.md\/wp-content\/uploads\/2022\/06\/ternua-torlok-mns-whales-grey.jpg","contentUrl":"https:\/\/xstyle.md\/wp-content\/uploads\/2022\/06\/ternua-torlok-mns-whales-grey.jpg","width":1000,"height":1000,"caption":"\u0428\u0442\u0430\u043d\u044b Ternua Torlok Mns whales grey \u0434\u043b\u044f \u0430\u043a\u0442\u0438\u0432\u043d\u043e\u0433\u043e \u043e\u0442\u0434\u044b\u0445\u0430 \u0438 \u043f\u0443\u0442\u0435\u0448\u0435\u0441\u0442\u0432\u0438\u0439, \u043e\u0434\u0435\u0436\u0434\u0430 \u0434\u043b\u044f \u0445\u0430\u0439\u043a\u0438\u043d\u0433\u0430 \u0438 \u0430\u043b\u044c\u043f\u0438\u043d\u0438\u0437\u043c\u0430, \u043e\u0431\u0443\u0432\u044c \u0438 \u044d\u043a\u0438\u043f\u0438\u0440\u043e\u0432\u043a\u0430 \u0434\u043b\u044f \u0430\u043a\u0442\u0438\u0432\u043d\u043e\u0433\u043e \u043e\u0431\u0440\u0430\u0437\u0430 \u0436\u0438\u0437\u043d\u0438 \u0432 \u043c\u0430\u0433\u0430\u0437\u0438\u043d\u0435 \u043e\u043d\u043b\u0430\u0439\u043d"},{"@type":"BreadcrumbList","@id":"https:\/\/xstyle.md\/product\/shtany-ternua-torlok-mns-whales-grey\/#breadcrumb","itemListElement":[{"@type":"ListItem","position":1,"name":"\u0413\u043b\u0430\u0432\u043d\u0430\u044f \u0441\u0442\u0440\u0430\u043d\u0438\u0446\u0430","item":"https:\/\/xstyle.md\/"},{"@type":"ListItem","position":2,"name":"\u041c\u0430\u0433\u0430\u0437\u0438\u043d","item":"https:\/\/xstyle.md\/shop\/"},{"@type":"ListItem","position":3,"name":"\u0428\u0442\u0430\u043d\u044b Ternua Torlok Mns whales grey"}]},{"@type":"WebSite","@id":"https:\/\/xstyle.md\/#website","url":"https:\/\/xstyle.md\/","name":"Magazinul X-Style","description":"Echipamente pentru turism \u0219i sporturi extreme \u00een Moldova. Pre\u021buri, fotografii, caracteristici \u00een Moldova.","publisher":{"@id":"https:\/\/xstyle.md\/#organization"},"alternateName":"X-Style","potentialAction":[{"@type":"SearchAction","target":{"@type":"EntryPoint","urlTemplate":"https:\/\/xstyle.md\/?s={search_term_string}"},"query-input":{"@type":"PropertyValueSpecification","valueRequired":true,"valueName":"search_term_string"}}],"inLanguage":"ro-RO"},{"@type":"Organization","@id":"https:\/\/xstyle.md\/#organization","name":"Magazinul X-Style","alternateName":"x-style","url":"https:\/\/xstyle.md\/","logo":{"@type":"ImageObject","inLanguage":"ro-RO","@id":"https:\/\/xstyle.md\/#\/schema\/logo\/image\/","url":"https:\/\/xstyle.md\/wp-content\/uploads\/2020\/06\/logoicon.svg","contentUrl":"https:\/\/xstyle.md\/wp-content\/uploads\/2020\/06\/logoicon.svg","caption":"\u041c\u0430\u0433\u0430\u0437\u0438\u043d Xstyle"},"image":{"@id":"https:\/\/xstyle.md\/#\/schema\/logo\/image\/"},"sameAs":["https:\/\/www.facebook.com\/xstylemd","https:\/\/www.instagram.com\/xstyle_md\/","https:\/\/t.me\/xstyle_outdoor"],"hasMerchantReturnPolicy":{"@type":"MerchantReturnPolicy","merchantReturnLink":"https:\/\/xstyle.md\/ro\/conditions\/"}}]},"product_price_amount":"1970.00","product_price_currency":"MDL","og_availability":"out of stock","product_availability":"out of stock","product_retailer_item_id":"8445042865668","product_condition":"new"},"_links":{"self":[{"href":"https:\/\/xstyle.md\/ro\/wp-json\/wp\/v2\/product\/48964","targetHints":{"allow":["GET"]}}],"collection":[{"href":"https:\/\/xstyle.md\/ro\/wp-json\/wp\/v2\/product"}],"about":[{"href":"https:\/\/xstyle.md\/ro\/wp-json\/wp\/v2\/types\/product"}],"replies":[{"embeddable":true,"href":"https:\/\/xstyle.md\/ro\/wp-json\/wp\/v2\/comments?post=48964"}],"wp:featuredmedia":[{"embeddable":true,"href":"https:\/\/xstyle.md\/ro\/wp-json\/wp\/v2\/media\/49382"}],"wp:attachment":[{"href":"https:\/\/xstyle.md\/ro\/wp-json\/wp\/v2\/media?parent=48964"}],"wp:term":[{"taxonomy":"product_brand","embeddable":true,"href":"https:\/\/xstyle.md\/ro\/wp-json\/wp\/v2\/product_brand?post=48964"},{"taxonomy":"product_cat","embeddable":true,"href":"https:\/\/xstyle.md\/ro\/wp-json\/wp\/v2\/product_cat?post=48964"},{"taxonomy":"product_tag","embeddable":true,"href":"https:\/\/xstyle.md\/ro\/wp-json\/wp\/v2\/product_tag?post=48964"}],"curies":[{"name":"wp","href":"https:\/\/api.w.org\/{rel}","templated":true}]}}