{"id":48955,"date":"2022-06-16T13:22:17","date_gmt":"2022-06-16T10:22:17","guid":{"rendered":"https:\/\/xstyle.md\/?post_type=product&#038;p=48955"},"modified":"2026-03-19T16:49:09","modified_gmt":"2026-03-19T13:49:09","slug":"rubashka-ternua-athym-mns-ocean-red","status":"publish","type":"product","link":"https:\/\/xstyle.md\/ro\/produs\/rubashka-ternua-athym-mns-ocean-red\/","title":{"rendered":"C\u0103ma\u0219\u0103 Ternua Athym Mns ocean red"},"content":{"rendered":"<\/p>\n<p>C\u0103ma\u0219\u0103 cu m\u00e2nec\u0103 scurt\u0103 <strong>Ternua Athym<\/strong> pentru b\u0103rba\u021bi, confec\u021bionat\u0103 din \u021bes\u0103tur\u0103 bi-stretch. \u021aes\u0103tura u\u0219oar\u0103, croiala confortabil\u0103 \u0219i culoarea original\u0103 \u00een carouri nu sunt singurele avantaje ale acestei c\u0103m\u0103\u0219i. De asemenea, se usuc\u0103 rapid, absoarbe transpira\u021bia \u0219i o evacueaz\u0103. Iar impregnarea antibacterian\u0103 previne mirosul nepl\u0103cut.<\/p>\n<h3>Particularit\u0103\u021bi<\/h3>\n<ul>\n<li>\u021aes\u0103tur\u0103 u\u0219oar\u0103 \u0219i confortabil\u0103<\/li>\n<li>Uscare rapid\u0103<\/li>\n<li>Croial\u0103 dreapt\u0103<\/li>\n<li>Buzunar extern cu logo-ul m\u0103rcii pe piept<\/li>\n<li>Culoare original\u0103 \u00een carouri<\/li>\n<li>Butoane cu numele m\u0103rcii<\/li>\n<li>Calitate excelent\u0103.<\/li>\n<\/ul>\n<h3>Caracteristici<\/h3>\n<ul>\n<li>Material &#8212; 86% poliamid\u0103, 14% elastan<\/li>\n<li>Sezonul &#8212; prim\u0103var\u0103\/var\u0103<\/li>\n<li>Aplicare &#8212; ora\u0219 \/ odihn\u0103 activ\u0103<\/li>\n<li>Model - b\u0103rba\u021bi.<\/li>\n<\/ul>\n<h3>Tehnologie<\/h3>\n<ul>\n<li><strong>Shellstretch<\/strong> \u2013 \u021bes\u0103tur\u0103 bi-stretch pentru o mai bun\u0103 adaptare la corp, \u00ee\u0219i p\u0103streaz\u0103 \u00eentotdeauna forma, nu se sf\u0103r\u00e2m\u0103 \u0219i este confortabil\u0103. Conceput\u0103 pentru a absorbi rapid transpira\u021bia \u0219i pentru a \u00eendep\u0103rta umezeala de corp, aceasta are, de asemenea, un efect hidrofug. \u021aes\u0103tura Shellstretch este ideal\u0103 pentru activit\u0103\u021bile care necesit\u0103 libertate total\u0103 de mi\u0219care. Aceasta o face ideal\u0103 pentru sporturile montane care necesit\u0103 libertate complet\u0103 de mi\u0219care.<\/li>\n<\/ul>\n<h3>Marca<\/h3>\n<p>Ternua este un brand spaniol specializat \u00een \u00eembr\u0103c\u0103minte tehnic\u0103, func\u021bional\u0103 \u0219i inovatoare, capabil\u0103 s\u0103 se adapteze la cele mai nefavorabile condi\u021bii meteorologice. Spiritul antreprenorial \u0219i aventuros al balenierilor basci din secolul al XV-lea a inspirat crearea m\u0103rcii de outdoor Ternua \u00een 1995. Ternua \u00eenseamn\u0103 balen\u0103 \u00een limba basc\u0103, motiv pentru care compania poart\u0103 acest nume, iar logo-ul s\u0103u este \u00eempodobit cu o coad\u0103 de balen\u0103. Principiile principale ale Ternua sunt pasiunea pentru munte, respectul pentru mediu \u0219i respectul pentru r\u0103d\u0103cinile \u0219i originile lor. Produc\u0103torul acord\u0103 o aten\u021bie deosebit\u0103 alegerii \u021bes\u0103turilor, d\u0103 preferin\u021b\u0103 culorilor bogate, hainele sunt versatile \u0219i se potrivesc bine. De asemenea, marca are o grij\u0103 deosebit\u0103 fa\u021b\u0103 de natur\u0103, sus\u021bin\u00e2nd respectarea mediului \u0219i produc\u00e2nd haine din materiale reciclate.<\/p>\n<p><\/p>","protected":false},"excerpt":{"rendered":"","protected":false},"featured_media":49350,"comment_status":"open","ping_status":"closed","template":"","meta":{"_acf_changed":false,"inline_featured_image":false},"product_brand":[1426],"product_cat":[403],"product_tag":[],"class_list":{"0":"post-48955","1":"product","2":"type-product","3":"status-publish","4":"has-post-thumbnail","6":"product_brand-ternua","7":"product_cat-camasi-barbati","9":"first","10":"instock","11":"shipping-taxable","12":"purchasable","13":"product-type-simple"},"acf":[],"yoast_head":"<!-- This site is optimized with the Yoast SEO plugin v27.4 - https:\/\/yoast.com\/product\/yoast-seo-wordpress\/ -->\n<title>\u0420\u0443\u0431\u0430\u0448\u043a\u0430 Ternua Athym Mns ocean red - \u041c\u0430\u0433\u0430\u0437\u0438\u043d Xstyle<\/title>\n<meta name=\"description\" content=\"\u0420\u0443\u0431\u0430\u0448\u043a\u0430 Ternua Athym Mns ocean red - \u043b\u0435\u0433\u043a\u0430\u044f, \u0441\u0442\u0438\u043b\u044c\u043d\u0430\u044f \u0438 \u043a\u043e\u043c\u0444\u043e\u0440\u0442\u043d\u0430\u044f. \u0411\u044b\u0441\u0442\u0440\u043e \u0441\u043e\u0445\u043d\u0435\u0442, \u0430\u0431\u0441\u043e\u0440\u0431\u0438\u0440\u0443\u0435\u0442 \u0432\u043b\u0430\u0433\u0443 \u0438 \u043e\u0431\u043b\u0430\u0434\u0430\u0435\u0442 \u0430\u043d\u0442\u0438\u0431\u0430\u043a\u0442\u0435\u0440\u0438\u0430\u043b\u044c\u043d\u043e\u0439 \u0437\u0430\u0449\u0438\u0442\u043e\u0439.\" \/>\n<meta name=\"robots\" content=\"index, follow, max-snippet:-1, max-image-preview:large, max-video-preview:-1\" \/>\n<link rel=\"canonical\" href=\"https:\/\/xstyle.md\/ro\/produs\/rubashka-ternua-athym-mns-ocean-red\/\" \/>\n<meta property=\"og:locale\" content=\"ro_RO\" \/>\n<meta property=\"og:type\" content=\"article\" \/>\n<meta property=\"og:title\" content=\"\u0420\u0443\u0431\u0430\u0448\u043a\u0430 Ternua Athym Mns ocean red - \u041c\u0430\u0433\u0430\u0437\u0438\u043d Xstyle\" \/>\n<meta property=\"og:description\" content=\"\u0420\u0443\u0431\u0430\u0448\u043a\u0430 Ternua Athym Mns ocean red - \u043b\u0435\u0433\u043a\u0430\u044f, \u0441\u0442\u0438\u043b\u044c\u043d\u0430\u044f \u0438 \u043a\u043e\u043c\u0444\u043e\u0440\u0442\u043d\u0430\u044f. \u0411\u044b\u0441\u0442\u0440\u043e \u0441\u043e\u0445\u043d\u0435\u0442, \u0430\u0431\u0441\u043e\u0440\u0431\u0438\u0440\u0443\u0435\u0442 \u0432\u043b\u0430\u0433\u0443 \u0438 \u043e\u0431\u043b\u0430\u0434\u0430\u0435\u0442 \u0430\u043d\u0442\u0438\u0431\u0430\u043a\u0442\u0435\u0440\u0438\u0430\u043b\u044c\u043d\u043e\u0439 \u0437\u0430\u0449\u0438\u0442\u043e\u0439.\" \/>\n<meta property=\"og:url\" content=\"https:\/\/xstyle.md\/ro\/produs\/rubashka-ternua-athym-mns-ocean-red\/\" \/>\n<meta property=\"og:site_name\" content=\"\u041c\u0430\u0433\u0430\u0437\u0438\u043d Xstyle\" \/>\n<meta property=\"article:publisher\" content=\"https:\/\/www.facebook.com\/xstylemd\" \/>\n<meta property=\"article:modified_time\" content=\"2026-03-19T13:49:09+00:00\" \/>\n<meta property=\"og:image\" content=\"https:\/\/xstyle.md\/wp-content\/uploads\/2022\/06\/ternua-athym-mns-ocean-red.png\" \/>\n\t<meta property=\"og:image:width\" content=\"891\" \/>\n\t<meta property=\"og:image:height\" content=\"890\" \/>\n\t<meta property=\"og:image:type\" content=\"image\/png\" \/>\n<meta name=\"twitter:card\" content=\"summary_large_image\" \/>\n<meta name=\"twitter:label1\" content=\"Pre\u021b\" \/>\n\t<meta name=\"twitter:data1\" content=\"1.490&nbsp;MDL\" \/>\n\t<meta name=\"twitter:label2\" content=\"Disponibilitate\" \/>\n\t<meta name=\"twitter:data2\" content=\"\u00cen stoc\" \/>\n<script type=\"application\/ld+json\" class=\"yoast-schema-graph\">{\"@context\":\"https:\\\/\\\/schema.org\",\"@graph\":[{\"@type\":\"WebPage\",\"@id\":\"https:\\\/\\\/xstyle.md\\\/product\\\/rubashka-ternua-athym-mns-ocean-red\\\/\",\"url\":\"https:\\\/\\\/xstyle.md\\\/product\\\/rubashka-ternua-athym-mns-ocean-red\\\/\",\"name\":\"\u0420\u0443\u0431\u0430\u0448\u043a\u0430 Ternua Athym Mns ocean red - \u041c\u0430\u0433\u0430\u0437\u0438\u043d Xstyle\",\"isPartOf\":{\"@id\":\"https:\\\/\\\/xstyle.md\\\/#website\"},\"primaryImageOfPage\":{\"@id\":\"https:\\\/\\\/xstyle.md\\\/product\\\/rubashka-ternua-athym-mns-ocean-red\\\/#primaryimage\"},\"image\":{\"@id\":\"https:\\\/\\\/xstyle.md\\\/product\\\/rubashka-ternua-athym-mns-ocean-red\\\/#primaryimage\"},\"thumbnailUrl\":\"https:\\\/\\\/xstyle.md\\\/wp-content\\\/uploads\\\/2022\\\/06\\\/ternua-athym-mns-ocean-red.png\",\"datePublished\":\"2022-06-16T10:22:17+00:00\",\"dateModified\":\"2026-03-19T13:49:09+00:00\",\"description\":\"\u0420\u0443\u0431\u0430\u0448\u043a\u0430 Ternua Athym Mns ocean red - \u043b\u0435\u0433\u043a\u0430\u044f, \u0441\u0442\u0438\u043b\u044c\u043d\u0430\u044f \u0438 \u043a\u043e\u043c\u0444\u043e\u0440\u0442\u043d\u0430\u044f. \u0411\u044b\u0441\u0442\u0440\u043e \u0441\u043e\u0445\u043d\u0435\u0442, \u0430\u0431\u0441\u043e\u0440\u0431\u0438\u0440\u0443\u0435\u0442 \u0432\u043b\u0430\u0433\u0443 \u0438 \u043e\u0431\u043b\u0430\u0434\u0430\u0435\u0442 \u0430\u043d\u0442\u0438\u0431\u0430\u043a\u0442\u0435\u0440\u0438\u0430\u043b\u044c\u043d\u043e\u0439 \u0437\u0430\u0449\u0438\u0442\u043e\u0439.\",\"breadcrumb\":{\"@id\":\"https:\\\/\\\/xstyle.md\\\/product\\\/rubashka-ternua-athym-mns-ocean-red\\\/#breadcrumb\"},\"inLanguage\":\"ro-RO\",\"potentialAction\":[{\"@type\":\"ReadAction\",\"target\":[\"https:\\\/\\\/xstyle.md\\\/product\\\/rubashka-ternua-athym-mns-ocean-red\\\/\"]}]},{\"@type\":\"ImageObject\",\"inLanguage\":\"ro-RO\",\"@id\":\"https:\\\/\\\/xstyle.md\\\/product\\\/rubashka-ternua-athym-mns-ocean-red\\\/#primaryimage\",\"url\":\"https:\\\/\\\/xstyle.md\\\/wp-content\\\/uploads\\\/2022\\\/06\\\/ternua-athym-mns-ocean-red.png\",\"contentUrl\":\"https:\\\/\\\/xstyle.md\\\/wp-content\\\/uploads\\\/2022\\\/06\\\/ternua-athym-mns-ocean-red.png\",\"width\":891,\"height\":890,\"caption\":\"\u0420\u0443\u0431\u0430\u0448\u043a\u0430 Ternua Athym Mns ocean blue \u0434\u043b\u044f \u0430\u043a\u0442\u0438\u0432\u043d\u043e\u0433\u043e \u043e\u0442\u0434\u044b\u0445\u0430 \u043e\u0434\u0435\u0436\u0434\u0430 \u0438 \u043e\u0431\u0443\u0432\u044c \u0434\u043b\u044f \u043f\u043e\u0445\u043e\u0434\u043e\u0432 \u0438 \u0442\u0443\u0440\u0438\u0437\u043c\u0430 \u0432 \u0438\u043d\u0442\u0435\u0440\u043d\u0435\u0442-\u043c\u0430\u0433\u0430\u0437\u0438\u043d\u0435 \u0434\u043b\u044f \u043b\u044e\u0431\u0438\u0442\u0435\u043b\u0435\u0439 \u0430\u043a\u0442\u0438\u0432\u043d\u043e\u0439 \u0436\u0438\u0437\u043d\u0438\"},{\"@type\":\"BreadcrumbList\",\"@id\":\"https:\\\/\\\/xstyle.md\\\/product\\\/rubashka-ternua-athym-mns-ocean-red\\\/#breadcrumb\",\"itemListElement\":[{\"@type\":\"ListItem\",\"position\":1,\"name\":\"\u0413\u043b\u0430\u0432\u043d\u0430\u044f \u0441\u0442\u0440\u0430\u043d\u0438\u0446\u0430\",\"item\":\"https:\\\/\\\/xstyle.md\\\/\"},{\"@type\":\"ListItem\",\"position\":2,\"name\":\"\u041c\u0430\u0433\u0430\u0437\u0438\u043d\",\"item\":\"https:\\\/\\\/xstyle.md\\\/shop\\\/\"},{\"@type\":\"ListItem\",\"position\":3,\"name\":\"\u0420\u0443\u0431\u0430\u0448\u043a\u0430 Ternua Athym Mns ocean red\"}]},{\"@type\":\"WebSite\",\"@id\":\"https:\\\/\\\/xstyle.md\\\/#website\",\"url\":\"https:\\\/\\\/xstyle.md\\\/\",\"name\":\"\u041c\u0430\u0433\u0430\u0437\u0438\u043d Xstyle\",\"description\":\"C\u043d\u0430\u0440\u044f\u0436\u0435\u043d\u0438\u0435 \u0434\u043b\u044f \u0442\u0443\u0440\u0438\u0437\u043c\u0430 \u0438 \u044d\u043a\u0441\u0442\u0440\u0435\u043c\u0430\u043b\u044c\u043d\u044b\u0445 \u0432\u0438\u0434\u043e\u0432 \u0441\u043f\u043e\u0440\u0442\u0430 \u0432 \u041c\u043e\u043b\u0434\u043e\u0432\u0435.. \u0426\u0435\u043d\u044b, \u0444\u043e\u0442\u043e, \u0445\u0430\u0440\u0430\u043a\u0442\u0435\u0440\u0438\u0441\u0442\u0438\u043a\u0438 \u0432 \u041c\u043e\u043b\u0434\u043e\u0432\u0435.\",\"publisher\":{\"@id\":\"https:\\\/\\\/xstyle.md\\\/#organization\"},\"alternateName\":\"X-Style\",\"potentialAction\":[{\"@type\":\"SearchAction\",\"target\":{\"@type\":\"EntryPoint\",\"urlTemplate\":\"https:\\\/\\\/xstyle.md\\\/?s={search_term_string}\"},\"query-input\":{\"@type\":\"PropertyValueSpecification\",\"valueRequired\":true,\"valueName\":\"search_term_string\"}}],\"inLanguage\":\"ro-RO\"},{\"@type\":\"Organization\",\"@id\":\"https:\\\/\\\/xstyle.md\\\/#organization\",\"name\":\"\u041c\u0430\u0433\u0430\u0437\u0438\u043d Xstyle\",\"alternateName\":\"x-style\",\"url\":\"https:\\\/\\\/xstyle.md\\\/\",\"logo\":{\"@type\":\"ImageObject\",\"inLanguage\":\"ro-RO\",\"@id\":\"https:\\\/\\\/xstyle.md\\\/#\\\/schema\\\/logo\\\/image\\\/\",\"url\":\"https:\\\/\\\/xstyle.md\\\/wp-content\\\/uploads\\\/2020\\\/06\\\/logoicon.svg\",\"contentUrl\":\"https:\\\/\\\/xstyle.md\\\/wp-content\\\/uploads\\\/2020\\\/06\\\/logoicon.svg\",\"caption\":\"\u041c\u0430\u0433\u0430\u0437\u0438\u043d Xstyle\"},\"image\":{\"@id\":\"https:\\\/\\\/xstyle.md\\\/#\\\/schema\\\/logo\\\/image\\\/\"},\"sameAs\":[\"https:\\\/\\\/www.facebook.com\\\/xstylemd\",\"https:\\\/\\\/www.instagram.com\\\/xstyle_md\\\/\",\"https:\\\/\\\/t.me\\\/xstyle_outdoor\"],\"hasMerchantReturnPolicy\":{\"@type\":\"MerchantReturnPolicy\",\"merchantReturnLink\":\"https:\\\/\\\/xstyle.md\\\/ro\\\/conditions\\\/\"}}]}<\/script>\n<meta property=\"product:price:amount\" content=\"1490.00\" \/>\n<meta property=\"product:price:currency\" content=\"MDL\" \/>\n<meta property=\"og:availability\" content=\"instock\" \/>\n<meta property=\"product:availability\" content=\"instock\" \/>\n<meta property=\"product:retailer_item_id\" content=\"8445042728291\" \/>\n<meta property=\"product:condition\" content=\"new\" \/>\n<!-- \/ Yoast SEO plugin. -->","yoast_head_json":{"title":"C\u0103ma\u0219\u0103 Ternua Athym Mns ocean red - Magazin Xstyle","description":"C\u0103ma\u0219a Ternua Athym Mns ocean red - u\u0219oar\u0103, elegant\u0103 \u0219i confortabil\u0103. Se usuc\u0103 repede, absoarbe umiditatea \u0219i are protec\u021bie antibacterian\u0103.","robots":{"index":"index","follow":"follow","max-snippet":"max-snippet:-1","max-image-preview":"max-image-preview:large","max-video-preview":"max-video-preview:-1"},"canonical":"https:\/\/xstyle.md\/ro\/produs\/rubashka-ternua-athym-mns-ocean-red\/","og_locale":"ro_RO","og_type":"article","og_title":"\u0420\u0443\u0431\u0430\u0448\u043a\u0430 Ternua Athym Mns ocean red - \u041c\u0430\u0433\u0430\u0437\u0438\u043d Xstyle","og_description":"\u0420\u0443\u0431\u0430\u0448\u043a\u0430 Ternua Athym Mns ocean red - \u043b\u0435\u0433\u043a\u0430\u044f, \u0441\u0442\u0438\u043b\u044c\u043d\u0430\u044f \u0438 \u043a\u043e\u043c\u0444\u043e\u0440\u0442\u043d\u0430\u044f. \u0411\u044b\u0441\u0442\u0440\u043e \u0441\u043e\u0445\u043d\u0435\u0442, \u0430\u0431\u0441\u043e\u0440\u0431\u0438\u0440\u0443\u0435\u0442 \u0432\u043b\u0430\u0433\u0443 \u0438 \u043e\u0431\u043b\u0430\u0434\u0430\u0435\u0442 \u0430\u043d\u0442\u0438\u0431\u0430\u043a\u0442\u0435\u0440\u0438\u0430\u043b\u044c\u043d\u043e\u0439 \u0437\u0430\u0449\u0438\u0442\u043e\u0439.","og_url":"https:\/\/xstyle.md\/ro\/produs\/rubashka-ternua-athym-mns-ocean-red\/","og_site_name":"\u041c\u0430\u0433\u0430\u0437\u0438\u043d Xstyle","article_publisher":"https:\/\/www.facebook.com\/xstylemd","article_modified_time":"2026-03-19T13:49:09+00:00","og_image":[{"width":891,"height":890,"url":"https:\/\/xstyle.md\/wp-content\/uploads\/2022\/06\/ternua-athym-mns-ocean-red.png","type":"image\/png"}],"twitter_card":"summary_large_image","twitter_misc":{"Pre\u021b":"1.490&nbsp;MDL","Disponibilitate":"\u00cen stoc"},"schema":{"@context":"https:\/\/schema.org","@graph":[{"@type":"WebPage","@id":"https:\/\/xstyle.md\/product\/rubashka-ternua-athym-mns-ocean-red\/","url":"https:\/\/xstyle.md\/product\/rubashka-ternua-athym-mns-ocean-red\/","name":"C\u0103ma\u0219\u0103 Ternua Athym Mns ocean red - Magazin Xstyle","isPartOf":{"@id":"https:\/\/xstyle.md\/#website"},"primaryImageOfPage":{"@id":"https:\/\/xstyle.md\/product\/rubashka-ternua-athym-mns-ocean-red\/#primaryimage"},"image":{"@id":"https:\/\/xstyle.md\/product\/rubashka-ternua-athym-mns-ocean-red\/#primaryimage"},"thumbnailUrl":"https:\/\/xstyle.md\/wp-content\/uploads\/2022\/06\/ternua-athym-mns-ocean-red.png","datePublished":"2022-06-16T10:22:17+00:00","dateModified":"2026-03-19T13:49:09+00:00","description":"C\u0103ma\u0219a Ternua Athym Mns ocean red - u\u0219oar\u0103, elegant\u0103 \u0219i confortabil\u0103. Se usuc\u0103 repede, absoarbe umiditatea \u0219i are protec\u021bie antibacterian\u0103.","breadcrumb":{"@id":"https:\/\/xstyle.md\/product\/rubashka-ternua-athym-mns-ocean-red\/#breadcrumb"},"inLanguage":"ro-RO","potentialAction":[{"@type":"ReadAction","target":["https:\/\/xstyle.md\/product\/rubashka-ternua-athym-mns-ocean-red\/"]}]},{"@type":"ImageObject","inLanguage":"ro-RO","@id":"https:\/\/xstyle.md\/product\/rubashka-ternua-athym-mns-ocean-red\/#primaryimage","url":"https:\/\/xstyle.md\/wp-content\/uploads\/2022\/06\/ternua-athym-mns-ocean-red.png","contentUrl":"https:\/\/xstyle.md\/wp-content\/uploads\/2022\/06\/ternua-athym-mns-ocean-red.png","width":891,"height":890,"caption":"\u0420\u0443\u0431\u0430\u0448\u043a\u0430 Ternua Athym Mns ocean blue \u0434\u043b\u044f \u0430\u043a\u0442\u0438\u0432\u043d\u043e\u0433\u043e \u043e\u0442\u0434\u044b\u0445\u0430 \u043e\u0434\u0435\u0436\u0434\u0430 \u0438 \u043e\u0431\u0443\u0432\u044c \u0434\u043b\u044f \u043f\u043e\u0445\u043e\u0434\u043e\u0432 \u0438 \u0442\u0443\u0440\u0438\u0437\u043c\u0430 \u0432 \u0438\u043d\u0442\u0435\u0440\u043d\u0435\u0442-\u043c\u0430\u0433\u0430\u0437\u0438\u043d\u0435 \u0434\u043b\u044f \u043b\u044e\u0431\u0438\u0442\u0435\u043b\u0435\u0439 \u0430\u043a\u0442\u0438\u0432\u043d\u043e\u0439 \u0436\u0438\u0437\u043d\u0438"},{"@type":"BreadcrumbList","@id":"https:\/\/xstyle.md\/product\/rubashka-ternua-athym-mns-ocean-red\/#breadcrumb","itemListElement":[{"@type":"ListItem","position":1,"name":"\u0413\u043b\u0430\u0432\u043d\u0430\u044f \u0441\u0442\u0440\u0430\u043d\u0438\u0446\u0430","item":"https:\/\/xstyle.md\/"},{"@type":"ListItem","position":2,"name":"\u041c\u0430\u0433\u0430\u0437\u0438\u043d","item":"https:\/\/xstyle.md\/shop\/"},{"@type":"ListItem","position":3,"name":"\u0420\u0443\u0431\u0430\u0448\u043a\u0430 Ternua Athym Mns ocean red"}]},{"@type":"WebSite","@id":"https:\/\/xstyle.md\/#website","url":"https:\/\/xstyle.md\/","name":"Magazinul X-Style","description":"Echipamente pentru turism \u0219i sporturi extreme \u00een Moldova. Pre\u021buri, fotografii, caracteristici \u00een Moldova.","publisher":{"@id":"https:\/\/xstyle.md\/#organization"},"alternateName":"X-Style","potentialAction":[{"@type":"SearchAction","target":{"@type":"EntryPoint","urlTemplate":"https:\/\/xstyle.md\/?s={search_term_string}"},"query-input":{"@type":"PropertyValueSpecification","valueRequired":true,"valueName":"search_term_string"}}],"inLanguage":"ro-RO"},{"@type":"Organization","@id":"https:\/\/xstyle.md\/#organization","name":"Magazinul X-Style","alternateName":"x-style","url":"https:\/\/xstyle.md\/","logo":{"@type":"ImageObject","inLanguage":"ro-RO","@id":"https:\/\/xstyle.md\/#\/schema\/logo\/image\/","url":"https:\/\/xstyle.md\/wp-content\/uploads\/2020\/06\/logoicon.svg","contentUrl":"https:\/\/xstyle.md\/wp-content\/uploads\/2020\/06\/logoicon.svg","caption":"\u041c\u0430\u0433\u0430\u0437\u0438\u043d Xstyle"},"image":{"@id":"https:\/\/xstyle.md\/#\/schema\/logo\/image\/"},"sameAs":["https:\/\/www.facebook.com\/xstylemd","https:\/\/www.instagram.com\/xstyle_md\/","https:\/\/t.me\/xstyle_outdoor"],"hasMerchantReturnPolicy":{"@type":"MerchantReturnPolicy","merchantReturnLink":"https:\/\/xstyle.md\/ro\/conditions\/"}}]},"product_price_amount":"1490.00","product_price_currency":"MDL","og_availability":"instock","product_availability":"instock","product_retailer_item_id":"8445042728291","product_condition":"new"},"_links":{"self":[{"href":"https:\/\/xstyle.md\/ro\/wp-json\/wp\/v2\/product\/48955","targetHints":{"allow":["GET"]}}],"collection":[{"href":"https:\/\/xstyle.md\/ro\/wp-json\/wp\/v2\/product"}],"about":[{"href":"https:\/\/xstyle.md\/ro\/wp-json\/wp\/v2\/types\/product"}],"replies":[{"embeddable":true,"href":"https:\/\/xstyle.md\/ro\/wp-json\/wp\/v2\/comments?post=48955"}],"wp:featuredmedia":[{"embeddable":true,"href":"https:\/\/xstyle.md\/ro\/wp-json\/wp\/v2\/media\/49350"}],"wp:attachment":[{"href":"https:\/\/xstyle.md\/ro\/wp-json\/wp\/v2\/media?parent=48955"}],"wp:term":[{"taxonomy":"product_brand","embeddable":true,"href":"https:\/\/xstyle.md\/ro\/wp-json\/wp\/v2\/product_brand?post=48955"},{"taxonomy":"product_cat","embeddable":true,"href":"https:\/\/xstyle.md\/ro\/wp-json\/wp\/v2\/product_cat?post=48955"},{"taxonomy":"product_tag","embeddable":true,"href":"https:\/\/xstyle.md\/ro\/wp-json\/wp\/v2\/product_tag?post=48955"}],"curies":[{"name":"wp","href":"https:\/\/api.w.org\/{rel}","templated":true}]}}