{"id":48902,"date":"2022-06-16T13:22:06","date_gmt":"2022-06-16T10:22:06","guid":{"rendered":"https:\/\/xstyle.md\/?post_type=product&#038;p=48902"},"modified":"2024-10-21T09:41:47","modified_gmt":"2024-10-21T06:41:47","slug":"reshetka-dlya-grilya-petromax-cast-iron-stack-grate-gr-s30","status":"publish","type":"product","link":"https:\/\/xstyle.md\/ro\/produs\/reshetka-dlya-grilya-petromax-cast-iron-stack-grate-gr-s30\/","title":{"rendered":"Gril\u0103 de gr\u0103tar Petromax Cast-iron Stack Grate gr-s30"},"content":{"rendered":"<\/p>\n<p>Gril\u0103 de gr\u0103tar <strong>Petromax Cast-iron Stack Grate gr-s30\u00a0<\/strong>fabricat din font\u0103 solid\u0103 asigur\u0103 o distribu\u021bie de prim\u0103 clas\u0103 a c\u0103ldurii &#8212; exact ceea ce ave\u021bi nevoie pentru coacerea, fierberea \u0219i g\u0103tirea la aburi pe mai multe niveluri \u00eentr-un cuptor olandez. Carnea, legumele \u0219i pr\u0103jiturile ies bine \u0219i nu se lipesc, deoarece aparatul st\u0103 pe trei picioare care men\u021bin o distan\u021b\u0103 perfect\u0103 fa\u021b\u0103 de fundul tig\u0103ii.<\/p>\n<p>Pentru a g\u0103ti la aburi \u00een cuptorul olandez, pune\u021bi un singur gr\u0103tar sau pur \u0219i simplu stivui\u021bi mai multe gr\u0103tare. Dac\u0103 gr\u0103tarul se afl\u0103 chiar \u00een c\u0103rbuni, urmele perfecte de gr\u0103tar de pe bucata de carne se vor pr\u0103ji rapid. Sau pune\u021bi gr\u0103tarul \u00een foc \u0219i \u00eel folosi\u021bi ca suprafa\u021b\u0103 pentru a a\u0219eza percolatoare, ceainice sau cuptoare olandeze f\u0103r\u0103 picioare. De asemenea, \u00eel pute\u021bi folosi ca suport practic pentru vasele de g\u0103tit fierbin\u021bi pe mas\u0103.<\/p>\n<h3>Caracteristici<\/h3>\n<ul>\n<li>Material &#8212; font\u0103<\/li>\n<li>Diametru &#8212; 30 cm<\/li>\n<li>\u00cen\u0103l\u021bime &#8212; 4,8 cm<\/li>\n<li>Greutate &#8212; 1100 g.<\/li>\n<\/ul>\n<h3>Marca<\/h3>\n<p>Petromax &#8212; principalul produc\u0103tor german de echipamente de g\u0103tit \u0219i de locuit \u00een aer liber, iar gama sa de produse coordonate combin\u0103 tradi\u021bia \u0219i inova\u021bia \u00eentr-un mod unic. Toate produsele Petromax sunt de cea mai bun\u0103 calitate, durabile, bine g\u00e2ndite \u00een detaliu \u0219i concepute pentru to\u021bi cei care doresc s\u0103 compenseze rutina lor \u00een aer liber \u0219i, prin urmare, s\u0103 campeze \u00een aer liber. Lumea produselor Petromax se concentreaz\u0103 pe explorarea naturii nealterate folosind echipamente tradi\u021bionale, dar bine concepute.<\/p>\n<p><\/p>","protected":false},"excerpt":{"rendered":"","protected":false},"featured_media":49889,"comment_status":"open","ping_status":"closed","template":"","meta":{"_acf_changed":false,"inline_featured_image":false},"product_brand":[1420],"product_cat":[911],"product_tag":[],"class_list":{"0":"post-48902","1":"product","2":"type-product","3":"status-publish","4":"has-post-thumbnail","6":"product_brand-petromax","7":"product_cat-accesorii-dutch-oven","9":"first","10":"instock","11":"shipping-taxable","12":"purchasable","13":"product-type-simple"},"acf":[],"yoast_head":"<!-- This site is optimized with the Yoast SEO plugin v27.2 - https:\/\/yoast.com\/product\/yoast-seo-wordpress\/ -->\n<title>\u0420\u0435\u0448\u0435\u0442\u043a\u0430 \u0434\u043b\u044f \u0433\u0440\u0438\u043b\u044f Petromax Cast-iron Stack Grate gr-s30 - \u041c\u0430\u0433\u0430\u0437\u0438\u043d Xstyle<\/title>\n<meta name=\"description\" content=\"\u0420\u0435\u0448\u0435\u0442\u043a\u0430 \u0434\u043b\u044f \u0433\u0440\u0438\u043b\u044f Petromax \u0438\u0437 \u0447\u0443\u0433\u0443\u043d\u0430 GR-S30 \u043e\u0431\u0435\u0441\u043f\u0435\u0447\u0438\u0432\u0430\u0435\u0442 \u043e\u0442\u043b\u0438\u0447\u043d\u043e\u0435 \u0440\u0430\u0441\u043f\u0440\u0435\u0434\u0435\u043b\u0435\u043d\u0438\u0435 \u0442\u0435\u043f\u043b\u0430 \u0438 \u0438\u0434\u0435\u0430\u043b\u044c\u043d\u0430 \u0434\u043b\u044f \u043f\u0440\u0438\u0433\u043e\u0442\u043e\u0432\u043b\u0435\u043d\u0438\u044f \u043c\u044f\u0441\u0430, \u043e\u0432\u043e\u0449\u0435\u0439 \u0438 \u0432\u044b\u043f\u0435\u0447\u043a\u0438.\" \/>\n<meta name=\"robots\" content=\"index, follow, max-snippet:-1, max-image-preview:large, max-video-preview:-1\" \/>\n<link rel=\"canonical\" href=\"https:\/\/xstyle.md\/ro\/produs\/reshetka-dlya-grilya-petromax-cast-iron-stack-grate-gr-s30\/\" \/>\n<meta property=\"og:locale\" content=\"ro_RO\" \/>\n<meta property=\"og:type\" content=\"article\" \/>\n<meta property=\"og:title\" content=\"\u0420\u0435\u0448\u0435\u0442\u043a\u0430 \u0434\u043b\u044f \u0433\u0440\u0438\u043b\u044f Petromax Cast-iron Stack Grate gr-s30 - \u041c\u0430\u0433\u0430\u0437\u0438\u043d Xstyle\" \/>\n<meta property=\"og:description\" content=\"\u0420\u0435\u0448\u0435\u0442\u043a\u0430 \u0434\u043b\u044f \u0433\u0440\u0438\u043b\u044f Petromax \u0438\u0437 \u0447\u0443\u0433\u0443\u043d\u0430 GR-S30 \u043e\u0431\u0435\u0441\u043f\u0435\u0447\u0438\u0432\u0430\u0435\u0442 \u043e\u0442\u043b\u0438\u0447\u043d\u043e\u0435 \u0440\u0430\u0441\u043f\u0440\u0435\u0434\u0435\u043b\u0435\u043d\u0438\u0435 \u0442\u0435\u043f\u043b\u0430 \u0438 \u0438\u0434\u0435\u0430\u043b\u044c\u043d\u0430 \u0434\u043b\u044f \u043f\u0440\u0438\u0433\u043e\u0442\u043e\u0432\u043b\u0435\u043d\u0438\u044f \u043c\u044f\u0441\u0430, \u043e\u0432\u043e\u0449\u0435\u0439 \u0438 \u0432\u044b\u043f\u0435\u0447\u043a\u0438.\" \/>\n<meta property=\"og:url\" content=\"https:\/\/xstyle.md\/ro\/produs\/reshetka-dlya-grilya-petromax-cast-iron-stack-grate-gr-s30\/\" \/>\n<meta property=\"og:site_name\" content=\"\u041c\u0430\u0433\u0430\u0437\u0438\u043d Xstyle\" \/>\n<meta property=\"article:publisher\" content=\"https:\/\/www.facebook.com\/xstylemd\" \/>\n<meta property=\"article:modified_time\" content=\"2024-10-21T06:41:47+00:00\" \/>\n<meta property=\"og:image\" content=\"https:\/\/xstyle.md\/wp-content\/uploads\/2022\/06\/petromax-cast-iron-stack-grate-gr-s30.jpg\" \/>\n\t<meta property=\"og:image:width\" content=\"1200\" \/>\n\t<meta property=\"og:image:height\" content=\"800\" \/>\n\t<meta property=\"og:image:type\" content=\"image\/jpeg\" \/>\n<meta name=\"twitter:card\" content=\"summary_large_image\" \/>\n<meta name=\"twitter:label1\" content=\"Pre\u021b\" \/>\n\t<meta name=\"twitter:data1\" content=\"820&nbsp;MDL\" \/>\n\t<meta name=\"twitter:label2\" content=\"Disponibilitate\" \/>\n\t<meta name=\"twitter:data2\" content=\"\u00cen stoc\" \/>\n<script type=\"application\/ld+json\" class=\"yoast-schema-graph\">{\"@context\":\"https:\/\/schema.org\",\"@graph\":[{\"@type\":\"WebPage\",\"@id\":\"https:\/\/xstyle.md\/product\/reshetka-dlya-grilya-petromax-cast-iron-stack-grate-gr-s30\/\",\"url\":\"https:\/\/xstyle.md\/product\/reshetka-dlya-grilya-petromax-cast-iron-stack-grate-gr-s30\/\",\"name\":\"\u0420\u0435\u0448\u0435\u0442\u043a\u0430 \u0434\u043b\u044f \u0433\u0440\u0438\u043b\u044f Petromax Cast-iron Stack Grate gr-s30 - \u041c\u0430\u0433\u0430\u0437\u0438\u043d Xstyle\",\"isPartOf\":{\"@id\":\"https:\/\/xstyle.md\/#website\"},\"primaryImageOfPage\":{\"@id\":\"https:\/\/xstyle.md\/product\/reshetka-dlya-grilya-petromax-cast-iron-stack-grate-gr-s30\/#primaryimage\"},\"image\":{\"@id\":\"https:\/\/xstyle.md\/product\/reshetka-dlya-grilya-petromax-cast-iron-stack-grate-gr-s30\/#primaryimage\"},\"thumbnailUrl\":\"https:\/\/xstyle.md\/wp-content\/uploads\/2022\/06\/petromax-cast-iron-stack-grate-gr-s30.jpg\",\"datePublished\":\"2022-06-16T10:22:06+00:00\",\"dateModified\":\"2024-10-21T06:41:47+00:00\",\"description\":\"\u0420\u0435\u0448\u0435\u0442\u043a\u0430 \u0434\u043b\u044f \u0433\u0440\u0438\u043b\u044f Petromax \u0438\u0437 \u0447\u0443\u0433\u0443\u043d\u0430 GR-S30 \u043e\u0431\u0435\u0441\u043f\u0435\u0447\u0438\u0432\u0430\u0435\u0442 \u043e\u0442\u043b\u0438\u0447\u043d\u043e\u0435 \u0440\u0430\u0441\u043f\u0440\u0435\u0434\u0435\u043b\u0435\u043d\u0438\u0435 \u0442\u0435\u043f\u043b\u0430 \u0438 \u0438\u0434\u0435\u0430\u043b\u044c\u043d\u0430 \u0434\u043b\u044f \u043f\u0440\u0438\u0433\u043e\u0442\u043e\u0432\u043b\u0435\u043d\u0438\u044f \u043c\u044f\u0441\u0430, \u043e\u0432\u043e\u0449\u0435\u0439 \u0438 \u0432\u044b\u043f\u0435\u0447\u043a\u0438.\",\"breadcrumb\":{\"@id\":\"https:\/\/xstyle.md\/product\/reshetka-dlya-grilya-petromax-cast-iron-stack-grate-gr-s30\/#breadcrumb\"},\"inLanguage\":\"ro-RO\",\"potentialAction\":[{\"@type\":\"ReadAction\",\"target\":[\"https:\/\/xstyle.md\/product\/reshetka-dlya-grilya-petromax-cast-iron-stack-grate-gr-s30\/\"]}]},{\"@type\":\"ImageObject\",\"inLanguage\":\"ro-RO\",\"@id\":\"https:\/\/xstyle.md\/product\/reshetka-dlya-grilya-petromax-cast-iron-stack-grate-gr-s30\/#primaryimage\",\"url\":\"https:\/\/xstyle.md\/wp-content\/uploads\/2022\/06\/petromax-cast-iron-stack-grate-gr-s30.jpg\",\"contentUrl\":\"https:\/\/xstyle.md\/wp-content\/uploads\/2022\/06\/petromax-cast-iron-stack-grate-gr-s30.jpg\",\"width\":1200,\"height\":800,\"caption\":\"\u0420\u0435\u0448\u0435\u0442\u043a\u0430 \u0434\u043b\u044f \u0433\u0440\u0438\u043b\u044f Petromax \u0438\u0437 \u0447\u0443\u0433\u0443\u043d\u0430 \u0434\u043b\u044f \u0430\u043a\u0442\u0438\u0432\u043d\u043e\u0433\u043e \u043e\u0442\u0434\u044b\u0445\u0430 \u0438 \u043f\u0443\u0442\u0435\u0448\u0435\u0441\u0442\u0432\u0438\u0439, \u043f\u043e\u0445\u043e\u0434\u043d\u0430\u044f \u044d\u043a\u0438\u043f\u0438\u0440\u043e\u0432\u043a\u0430, \u043e\u0434\u0435\u0436\u0434\u0430 \u0438 \u043e\u0431\u0443\u0432\u044c \u0434\u043b\u044f \u0430\u043a\u0442\u0438\u0432\u043d\u043e\u0433\u043e \u043e\u0431\u0440\u0430\u0437\u0430 \u0436\u0438\u0437\u043d\u0438, \u043f\u043e\u0445\u043e\u0434\u043d\u0430\u044f \u043f\u043e\u0441\u0443\u0434\u0430 \u0438 \u0441\u043d\u0430\u0440\u044f\u0436\u0435\u043d\u0438\u0435 \u0434\u043b\u044f \u0433\u043e\u0440\u043d\u044b\u0445 \u043f\u0440\u043e\u0433\u0443\u043b\u043e\u043a \u0438 \u0430\u043b\u044c\u043f\u0438\u043d\u0438\u0437\u043c\u0430\"},{\"@type\":\"BreadcrumbList\",\"@id\":\"https:\/\/xstyle.md\/product\/reshetka-dlya-grilya-petromax-cast-iron-stack-grate-gr-s30\/#breadcrumb\",\"itemListElement\":[{\"@type\":\"ListItem\",\"position\":1,\"name\":\"\u0413\u043b\u0430\u0432\u043d\u0430\u044f \u0441\u0442\u0440\u0430\u043d\u0438\u0446\u0430\",\"item\":\"https:\/\/xstyle.md\/\"},{\"@type\":\"ListItem\",\"position\":2,\"name\":\"\u041c\u0430\u0433\u0430\u0437\u0438\u043d\",\"item\":\"https:\/\/xstyle.md\/shop\/\"},{\"@type\":\"ListItem\",\"position\":3,\"name\":\"\u0420\u0435\u0448\u0435\u0442\u043a\u0430 \u0434\u043b\u044f \u0433\u0440\u0438\u043b\u044f Petromax Cast-iron Stack Grate gr-s30\"}]},{\"@type\":\"WebSite\",\"@id\":\"https:\/\/xstyle.md\/#website\",\"url\":\"https:\/\/xstyle.md\/\",\"name\":\"\u041c\u0430\u0433\u0430\u0437\u0438\u043d Xstyle\",\"description\":\"C\u043d\u0430\u0440\u044f\u0436\u0435\u043d\u0438\u0435 \u0434\u043b\u044f \u0442\u0443\u0440\u0438\u0437\u043c\u0430 \u0438 \u044d\u043a\u0441\u0442\u0440\u0435\u043c\u0430\u043b\u044c\u043d\u044b\u0445 \u0432\u0438\u0434\u043e\u0432 \u0441\u043f\u043e\u0440\u0442\u0430 \u0432 \u041c\u043e\u043b\u0434\u043e\u0432\u0435.. \u0426\u0435\u043d\u044b, \u0444\u043e\u0442\u043e, \u0445\u0430\u0440\u0430\u043a\u0442\u0435\u0440\u0438\u0441\u0442\u0438\u043a\u0438 \u0432 \u041c\u043e\u043b\u0434\u043e\u0432\u0435.\",\"publisher\":{\"@id\":\"https:\/\/xstyle.md\/#organization\"},\"alternateName\":\"X-Style\",\"potentialAction\":[{\"@type\":\"SearchAction\",\"target\":{\"@type\":\"EntryPoint\",\"urlTemplate\":\"https:\/\/xstyle.md\/?s={search_term_string}\"},\"query-input\":{\"@type\":\"PropertyValueSpecification\",\"valueRequired\":true,\"valueName\":\"search_term_string\"}}],\"inLanguage\":\"ro-RO\"},{\"@type\":\"Organization\",\"@id\":\"https:\/\/xstyle.md\/#organization\",\"name\":\"\u041c\u0430\u0433\u0430\u0437\u0438\u043d Xstyle\",\"alternateName\":\"x-style\",\"url\":\"https:\/\/xstyle.md\/\",\"logo\":{\"@type\":\"ImageObject\",\"inLanguage\":\"ro-RO\",\"@id\":\"https:\/\/xstyle.md\/#\/schema\/logo\/image\/\",\"url\":\"https:\/\/xstyle.md\/wp-content\/uploads\/2020\/06\/logoicon.svg\",\"contentUrl\":\"https:\/\/xstyle.md\/wp-content\/uploads\/2020\/06\/logoicon.svg\",\"caption\":\"\u041c\u0430\u0433\u0430\u0437\u0438\u043d Xstyle\"},\"image\":{\"@id\":\"https:\/\/xstyle.md\/#\/schema\/logo\/image\/\"},\"sameAs\":[\"https:\/\/www.facebook.com\/xstylemd\",\"https:\/\/www.instagram.com\/xstyle_md\/\",\"https:\/\/t.me\/xstyle_outdoor\"],\"hasMerchantReturnPolicy\":{\"@type\":\"MerchantReturnPolicy\",\"merchantReturnLink\":\"https:\/\/xstyle.md\/ro\/conditions\/\"}}]}<\/script>\n<meta property=\"product:price:amount\" content=\"820.00\" \/>\n<meta property=\"product:price:currency\" content=\"MDL\" \/>\n<meta property=\"og:availability\" content=\"instock\" \/>\n<meta property=\"product:availability\" content=\"instock\" \/>\n<meta property=\"product:retailer_item_id\" content=\"4250435761014\" \/>\n<meta property=\"product:condition\" content=\"new\" \/>\n<!-- \/ Yoast SEO plugin. -->","yoast_head_json":{"title":"Gril\u0103 de gr\u0103tar Petromax Cast-iron Stack Grate gr-s30 - Magazin Xstyle","description":"Gr\u0103tarul Petromax din font\u0103 GR-S30 asigur\u0103 o distribu\u021bie excelent\u0103 a c\u0103ldurii \u0219i este ideal pentru g\u0103titul c\u0103rnii, legumelor \u0219i coacerii.","robots":{"index":"index","follow":"follow","max-snippet":"max-snippet:-1","max-image-preview":"max-image-preview:large","max-video-preview":"max-video-preview:-1"},"canonical":"https:\/\/xstyle.md\/ro\/produs\/reshetka-dlya-grilya-petromax-cast-iron-stack-grate-gr-s30\/","og_locale":"ro_RO","og_type":"article","og_title":"\u0420\u0435\u0448\u0435\u0442\u043a\u0430 \u0434\u043b\u044f \u0433\u0440\u0438\u043b\u044f Petromax Cast-iron Stack Grate gr-s30 - \u041c\u0430\u0433\u0430\u0437\u0438\u043d Xstyle","og_description":"\u0420\u0435\u0448\u0435\u0442\u043a\u0430 \u0434\u043b\u044f \u0433\u0440\u0438\u043b\u044f Petromax \u0438\u0437 \u0447\u0443\u0433\u0443\u043d\u0430 GR-S30 \u043e\u0431\u0435\u0441\u043f\u0435\u0447\u0438\u0432\u0430\u0435\u0442 \u043e\u0442\u043b\u0438\u0447\u043d\u043e\u0435 \u0440\u0430\u0441\u043f\u0440\u0435\u0434\u0435\u043b\u0435\u043d\u0438\u0435 \u0442\u0435\u043f\u043b\u0430 \u0438 \u0438\u0434\u0435\u0430\u043b\u044c\u043d\u0430 \u0434\u043b\u044f \u043f\u0440\u0438\u0433\u043e\u0442\u043e\u0432\u043b\u0435\u043d\u0438\u044f \u043c\u044f\u0441\u0430, \u043e\u0432\u043e\u0449\u0435\u0439 \u0438 \u0432\u044b\u043f\u0435\u0447\u043a\u0438.","og_url":"https:\/\/xstyle.md\/ro\/produs\/reshetka-dlya-grilya-petromax-cast-iron-stack-grate-gr-s30\/","og_site_name":"\u041c\u0430\u0433\u0430\u0437\u0438\u043d Xstyle","article_publisher":"https:\/\/www.facebook.com\/xstylemd","article_modified_time":"2024-10-21T06:41:47+00:00","og_image":[{"width":1200,"height":800,"url":"https:\/\/xstyle.md\/wp-content\/uploads\/2022\/06\/petromax-cast-iron-stack-grate-gr-s30.jpg","type":"image\/jpeg"}],"twitter_card":"summary_large_image","twitter_misc":{"Pre\u021b":"820&nbsp;MDL","Disponibilitate":"\u00cen stoc"},"schema":{"@context":"https:\/\/schema.org","@graph":[{"@type":"WebPage","@id":"https:\/\/xstyle.md\/product\/reshetka-dlya-grilya-petromax-cast-iron-stack-grate-gr-s30\/","url":"https:\/\/xstyle.md\/product\/reshetka-dlya-grilya-petromax-cast-iron-stack-grate-gr-s30\/","name":"Gril\u0103 de gr\u0103tar Petromax Cast-iron Stack Grate gr-s30 - Magazin Xstyle","isPartOf":{"@id":"https:\/\/xstyle.md\/#website"},"primaryImageOfPage":{"@id":"https:\/\/xstyle.md\/product\/reshetka-dlya-grilya-petromax-cast-iron-stack-grate-gr-s30\/#primaryimage"},"image":{"@id":"https:\/\/xstyle.md\/product\/reshetka-dlya-grilya-petromax-cast-iron-stack-grate-gr-s30\/#primaryimage"},"thumbnailUrl":"https:\/\/xstyle.md\/wp-content\/uploads\/2022\/06\/petromax-cast-iron-stack-grate-gr-s30.jpg","datePublished":"2022-06-16T10:22:06+00:00","dateModified":"2024-10-21T06:41:47+00:00","description":"Gr\u0103tarul Petromax din font\u0103 GR-S30 asigur\u0103 o distribu\u021bie excelent\u0103 a c\u0103ldurii \u0219i este ideal pentru g\u0103titul c\u0103rnii, legumelor \u0219i coacerii.","breadcrumb":{"@id":"https:\/\/xstyle.md\/product\/reshetka-dlya-grilya-petromax-cast-iron-stack-grate-gr-s30\/#breadcrumb"},"inLanguage":"ro-RO","potentialAction":[{"@type":"ReadAction","target":["https:\/\/xstyle.md\/product\/reshetka-dlya-grilya-petromax-cast-iron-stack-grate-gr-s30\/"]}]},{"@type":"ImageObject","inLanguage":"ro-RO","@id":"https:\/\/xstyle.md\/product\/reshetka-dlya-grilya-petromax-cast-iron-stack-grate-gr-s30\/#primaryimage","url":"https:\/\/xstyle.md\/wp-content\/uploads\/2022\/06\/petromax-cast-iron-stack-grate-gr-s30.jpg","contentUrl":"https:\/\/xstyle.md\/wp-content\/uploads\/2022\/06\/petromax-cast-iron-stack-grate-gr-s30.jpg","width":1200,"height":800,"caption":"\u0420\u0435\u0448\u0435\u0442\u043a\u0430 \u0434\u043b\u044f \u0433\u0440\u0438\u043b\u044f Petromax \u0438\u0437 \u0447\u0443\u0433\u0443\u043d\u0430 \u0434\u043b\u044f \u0430\u043a\u0442\u0438\u0432\u043d\u043e\u0433\u043e \u043e\u0442\u0434\u044b\u0445\u0430 \u0438 \u043f\u0443\u0442\u0435\u0448\u0435\u0441\u0442\u0432\u0438\u0439, \u043f\u043e\u0445\u043e\u0434\u043d\u0430\u044f \u044d\u043a\u0438\u043f\u0438\u0440\u043e\u0432\u043a\u0430, \u043e\u0434\u0435\u0436\u0434\u0430 \u0438 \u043e\u0431\u0443\u0432\u044c \u0434\u043b\u044f \u0430\u043a\u0442\u0438\u0432\u043d\u043e\u0433\u043e \u043e\u0431\u0440\u0430\u0437\u0430 \u0436\u0438\u0437\u043d\u0438, \u043f\u043e\u0445\u043e\u0434\u043d\u0430\u044f \u043f\u043e\u0441\u0443\u0434\u0430 \u0438 \u0441\u043d\u0430\u0440\u044f\u0436\u0435\u043d\u0438\u0435 \u0434\u043b\u044f \u0433\u043e\u0440\u043d\u044b\u0445 \u043f\u0440\u043e\u0433\u0443\u043b\u043e\u043a \u0438 \u0430\u043b\u044c\u043f\u0438\u043d\u0438\u0437\u043c\u0430"},{"@type":"BreadcrumbList","@id":"https:\/\/xstyle.md\/product\/reshetka-dlya-grilya-petromax-cast-iron-stack-grate-gr-s30\/#breadcrumb","itemListElement":[{"@type":"ListItem","position":1,"name":"\u0413\u043b\u0430\u0432\u043d\u0430\u044f \u0441\u0442\u0440\u0430\u043d\u0438\u0446\u0430","item":"https:\/\/xstyle.md\/"},{"@type":"ListItem","position":2,"name":"\u041c\u0430\u0433\u0430\u0437\u0438\u043d","item":"https:\/\/xstyle.md\/shop\/"},{"@type":"ListItem","position":3,"name":"\u0420\u0435\u0448\u0435\u0442\u043a\u0430 \u0434\u043b\u044f \u0433\u0440\u0438\u043b\u044f Petromax Cast-iron Stack Grate gr-s30"}]},{"@type":"WebSite","@id":"https:\/\/xstyle.md\/#website","url":"https:\/\/xstyle.md\/","name":"Magazinul X-Style","description":"Echipamente pentru turism \u0219i sporturi extreme \u00een Moldova. Pre\u021buri, fotografii, caracteristici \u00een Moldova.","publisher":{"@id":"https:\/\/xstyle.md\/#organization"},"alternateName":"X-Style","potentialAction":[{"@type":"SearchAction","target":{"@type":"EntryPoint","urlTemplate":"https:\/\/xstyle.md\/?s={search_term_string}"},"query-input":{"@type":"PropertyValueSpecification","valueRequired":true,"valueName":"search_term_string"}}],"inLanguage":"ro-RO"},{"@type":"Organization","@id":"https:\/\/xstyle.md\/#organization","name":"Magazinul X-Style","alternateName":"x-style","url":"https:\/\/xstyle.md\/","logo":{"@type":"ImageObject","inLanguage":"ro-RO","@id":"https:\/\/xstyle.md\/#\/schema\/logo\/image\/","url":"https:\/\/xstyle.md\/wp-content\/uploads\/2020\/06\/logoicon.svg","contentUrl":"https:\/\/xstyle.md\/wp-content\/uploads\/2020\/06\/logoicon.svg","caption":"\u041c\u0430\u0433\u0430\u0437\u0438\u043d Xstyle"},"image":{"@id":"https:\/\/xstyle.md\/#\/schema\/logo\/image\/"},"sameAs":["https:\/\/www.facebook.com\/xstylemd","https:\/\/www.instagram.com\/xstyle_md\/","https:\/\/t.me\/xstyle_outdoor"],"hasMerchantReturnPolicy":{"@type":"MerchantReturnPolicy","merchantReturnLink":"https:\/\/xstyle.md\/ro\/conditions\/"}}]},"product_price_amount":"820.00","product_price_currency":"MDL","og_availability":"instock","product_availability":"instock","product_retailer_item_id":"4250435761014","product_condition":"new"},"post_mailing_queue_ids":[],"_links":{"self":[{"href":"https:\/\/xstyle.md\/ro\/wp-json\/wp\/v2\/product\/48902","targetHints":{"allow":["GET"]}}],"collection":[{"href":"https:\/\/xstyle.md\/ro\/wp-json\/wp\/v2\/product"}],"about":[{"href":"https:\/\/xstyle.md\/ro\/wp-json\/wp\/v2\/types\/product"}],"replies":[{"embeddable":true,"href":"https:\/\/xstyle.md\/ro\/wp-json\/wp\/v2\/comments?post=48902"}],"wp:featuredmedia":[{"embeddable":true,"href":"https:\/\/xstyle.md\/ro\/wp-json\/wp\/v2\/media\/49889"}],"wp:attachment":[{"href":"https:\/\/xstyle.md\/ro\/wp-json\/wp\/v2\/media?parent=48902"}],"wp:term":[{"taxonomy":"product_brand","embeddable":true,"href":"https:\/\/xstyle.md\/ro\/wp-json\/wp\/v2\/product_brand?post=48902"},{"taxonomy":"product_cat","embeddable":true,"href":"https:\/\/xstyle.md\/ro\/wp-json\/wp\/v2\/product_cat?post=48902"},{"taxonomy":"product_tag","embeddable":true,"href":"https:\/\/xstyle.md\/ro\/wp-json\/wp\/v2\/product_tag?post=48902"}],"curies":[{"name":"wp","href":"https:\/\/api.w.org\/{rel}","templated":true}]}}