{"id":48899,"date":"2022-06-16T13:22:06","date_gmt":"2022-06-16T10:22:06","guid":{"rendered":"https:\/\/xstyle.md\/?post_type=product&#038;p=48899"},"modified":"2026-04-07T15:23:52","modified_gmt":"2026-04-07T12:23:52","slug":"raskladnoj-stul-outwell-acadia","status":"publish","type":"product","link":"https:\/\/xstyle.md\/ro\/produs\/raskladnoj-stul-outwell-acadia\/","title":{"rendered":"Scaun pliabil Outwell Acadia"},"content":{"rendered":"<\/p>\n<p><strong>Outwell Acadia<\/strong> &#8212; scaunul pliabil combin\u0103 c\u0103ptu\u0219eala cu uscare rapid\u0103 \u0219i \u021bes\u0103tura din plas\u0103 Textiline \u00eentr-o culoare neagr\u0103 elegant\u0103. Scaunul are o tetier\u0103 deta\u0219abil\u0103 reglabil\u0103 \u0219i un material hidrofug care va \u00eempiedica umezirea scaunului chiar dac\u0103 este l\u0103sat \u00een ploaie.<\/p>\n<h3>Particularit\u0103\u021bi<\/h3>\n<ul>\n<li>Confort ergonomic al \u0219ezutului<\/li>\n<li>Umplutur\u0103 cu uscare rapid\u0103<\/li>\n<li>Desf\u0103cut \u0219i pliat \u00een c\u00e2teva secunde<\/li>\n<li>Tetier\u0103 reglabil\u0103 \u0219i deta\u0219abil\u0103<\/li>\n<li>Nu necesit\u0103 asamblare<\/li>\n<li>U\u0219oar\u0103 \u0219i u\u0219or de transportat<\/li>\n<li>Pozi\u021bii glisante cu blocare<\/li>\n<li>Mas\u0103 lateral\u0103 cu suport pentru pahare<\/li>\n<\/ul>\n<h3>Caracteristici<\/h3>\n<ul>\n<li>Material scaun &#8212; 100% poliester<\/li>\n<li>Material cadru &#8212; o\u021bel acoperit cu pulbere<\/li>\n<li>Dimensiuni desf\u0103\u0219urat\u0103 &#8212; 69 x 85 x 100\/114 cm<\/li>\n<li>Dimensiuni pliat &#8212; 69 x 21 x 100 cm<\/li>\n<li>\u00cen\u0103l\u021bimea scaunului &#8212; 50 cm<\/li>\n<li>Sarcina maxim\u0103 &#8212; 150kg<\/li>\n<li>Greutate &#8212; 8.4kg<\/li>\n<\/ul>\n<h3>Marca<\/h3>\n<p>Compania danez\u0103 Outwell a fost \u00eenfiin\u021bat\u0103 \u00een 1984 cu scopul de a crea echipamente \u0219i \u021binute pentru activit\u0103\u021bi \u00een aer liber \u0219i turism. \u00cenc\u0103 de la \u00eenfiin\u021bare, compania \u0219i-a dezvoltat produsele \u021bin\u00e2nd cont de nevoile \u00een continu\u0103 cre\u0219tere ale clien\u021bilor s\u0103i, orientate pe cele mai noi tehnologii din domeniul outdoor. Toate produsele m\u0103rcii au c\u00e2\u0219tigat \u00eencrederea \u00een \u00eentreaga lume.<\/p>\n<p>Produsele Outwell pot fi caracterizate prin func\u021bionalitate, ergonomie, durabilitate, accesibilitate \u0219i calitate ridicat\u0103. Iar materiile prime ecologice utilizate \u00een produc\u021bie sunt sigure pentru s\u0103n\u0103tatea uman\u0103 \u0219i pentru mediu. Una dintre direc\u021biile principale, \u00een care brandul este angajat, este campingul de familie. Speciali\u0219tii \u0219i designerii companiei sunt siguri c\u0103 nu exist\u0103 nimic mai pl\u0103cut dec\u00e2t recreerea \u00een aer liber. Copiii care sunt dornici s\u0103 exploreze lumea, s\u0103 \u00eenve\u021be ceva nou \u0219i s\u0103-\u0219i l\u0103rgeasc\u0103 orizonturile ob\u021bin o pl\u0103cere deosebit\u0103 de la picnicuri \u0219i excursii cu cortul.<\/p>\n<p><\/p>","protected":false},"excerpt":{"rendered":"","protected":false},"featured_media":58523,"comment_status":"open","ping_status":"closed","template":"","meta":{"_acf_changed":false,"inline_featured_image":false},"product_brand":[1275],"product_cat":[120],"product_tag":[],"class_list":{"0":"post-48899","1":"product","2":"type-product","3":"status-publish","4":"has-post-thumbnail","6":"product_brand-outwell","7":"product_cat-sun-loungers","9":"first","10":"instock","11":"shipping-taxable","12":"purchasable","13":"product-type-simple"},"acf":[],"yoast_head":"<!-- This site is optimized with the Yoast SEO plugin v27.2 - https:\/\/yoast.com\/product\/yoast-seo-wordpress\/ -->\n<title>\u0420\u0430\u0441\u043a\u043b\u0430\u0434\u043d\u043e\u0439 \u0441\u0442\u0443\u043b Outwell Acadia - \u041c\u0430\u0433\u0430\u0437\u0438\u043d Xstyle<\/title>\n<meta name=\"description\" content=\"\u0420\u0430\u0441\u043a\u043b\u0430\u0434\u043d\u043e\u0439 \u0441\u0442\u0443\u043b Outwell Acadia: \u0441\u0442\u0438\u043b\u044c\u043d\u044b\u0439, \u0432\u043e\u0434\u043e\u043e\u0442\u0442\u0430\u043b\u043a\u0438\u0432\u0430\u044e\u0449\u0438\u0439, \u0441 \u0440\u0435\u0433\u0443\u043b\u0438\u0440\u0443\u0435\u043c\u043e\u0439 \u043f\u043e\u0434\u0433\u043e\u043b\u043e\u0432\u043d\u0438\u043a\u043e\u043c \u0438 \u0443\u0434\u043e\u0431\u043d\u043e\u0439 \u0442\u043a\u0430\u043d\u044c\u044e Textiline. \u0418\u0434\u0435\u0430\u043b\u0435\u043d \u0434\u043b\u044f \u043e\u0442\u0434\u044b\u0445\u0430 \u043d\u0430 \u043f\u0440\u0438\u0440\u043e\u0434\u0435!\" \/>\n<meta name=\"robots\" content=\"index, follow, max-snippet:-1, max-image-preview:large, max-video-preview:-1\" \/>\n<link rel=\"canonical\" href=\"https:\/\/xstyle.md\/ro\/produs\/raskladnoj-stul-outwell-acadia\/\" \/>\n<meta property=\"og:locale\" content=\"ro_RO\" \/>\n<meta property=\"og:type\" content=\"article\" \/>\n<meta property=\"og:title\" content=\"\u0420\u0430\u0441\u043a\u043b\u0430\u0434\u043d\u043e\u0439 \u0441\u0442\u0443\u043b Outwell Acadia - \u041c\u0430\u0433\u0430\u0437\u0438\u043d Xstyle\" \/>\n<meta property=\"og:description\" content=\"\u0420\u0430\u0441\u043a\u043b\u0430\u0434\u043d\u043e\u0439 \u0441\u0442\u0443\u043b Outwell Acadia: \u0441\u0442\u0438\u043b\u044c\u043d\u044b\u0439, \u0432\u043e\u0434\u043e\u043e\u0442\u0442\u0430\u043b\u043a\u0438\u0432\u0430\u044e\u0449\u0438\u0439, \u0441 \u0440\u0435\u0433\u0443\u043b\u0438\u0440\u0443\u0435\u043c\u043e\u0439 \u043f\u043e\u0434\u0433\u043e\u043b\u043e\u0432\u043d\u0438\u043a\u043e\u043c \u0438 \u0443\u0434\u043e\u0431\u043d\u043e\u0439 \u0442\u043a\u0430\u043d\u044c\u044e Textiline. \u0418\u0434\u0435\u0430\u043b\u0435\u043d \u0434\u043b\u044f \u043e\u0442\u0434\u044b\u0445\u0430 \u043d\u0430 \u043f\u0440\u0438\u0440\u043e\u0434\u0435!\" \/>\n<meta property=\"og:url\" content=\"https:\/\/xstyle.md\/ro\/produs\/raskladnoj-stul-outwell-acadia\/\" \/>\n<meta property=\"og:site_name\" content=\"\u041c\u0430\u0433\u0430\u0437\u0438\u043d Xstyle\" \/>\n<meta property=\"article:publisher\" content=\"https:\/\/www.facebook.com\/xstylemd\" \/>\n<meta property=\"article:modified_time\" content=\"2026-04-07T12:23:52+00:00\" \/>\n<meta property=\"og:image\" content=\"https:\/\/xstyle.md\/wp-content\/uploads\/2022\/06\/outwell-acadia-0.jpg\" \/>\n\t<meta property=\"og:image:width\" content=\"968\" \/>\n\t<meta property=\"og:image:height\" content=\"846\" \/>\n\t<meta property=\"og:image:type\" content=\"image\/jpeg\" \/>\n<meta name=\"twitter:card\" content=\"summary_large_image\" \/>\n<meta name=\"twitter:label1\" content=\"Pre\u021b\" \/>\n\t<meta name=\"twitter:data1\" content=\"4.990&nbsp;MDL\" \/>\n\t<meta name=\"twitter:label2\" content=\"Disponibilitate\" \/>\n\t<meta name=\"twitter:data2\" content=\"\u00cen stoc\" \/>\n<script type=\"application\/ld+json\" class=\"yoast-schema-graph\">{\"@context\":\"https:\/\/schema.org\",\"@graph\":[{\"@type\":\"WebPage\",\"@id\":\"https:\/\/xstyle.md\/product\/raskladnoj-stul-outwell-acadia\/\",\"url\":\"https:\/\/xstyle.md\/product\/raskladnoj-stul-outwell-acadia\/\",\"name\":\"\u0420\u0430\u0441\u043a\u043b\u0430\u0434\u043d\u043e\u0439 \u0441\u0442\u0443\u043b Outwell Acadia - \u041c\u0430\u0433\u0430\u0437\u0438\u043d Xstyle\",\"isPartOf\":{\"@id\":\"https:\/\/xstyle.md\/#website\"},\"primaryImageOfPage\":{\"@id\":\"https:\/\/xstyle.md\/product\/raskladnoj-stul-outwell-acadia\/#primaryimage\"},\"image\":{\"@id\":\"https:\/\/xstyle.md\/product\/raskladnoj-stul-outwell-acadia\/#primaryimage\"},\"thumbnailUrl\":\"https:\/\/xstyle.md\/wp-content\/uploads\/2022\/06\/outwell-acadia-0.jpg\",\"datePublished\":\"2022-06-16T10:22:06+00:00\",\"dateModified\":\"2026-04-07T12:23:52+00:00\",\"description\":\"\u0420\u0430\u0441\u043a\u043b\u0430\u0434\u043d\u043e\u0439 \u0441\u0442\u0443\u043b Outwell Acadia: \u0441\u0442\u0438\u043b\u044c\u043d\u044b\u0439, \u0432\u043e\u0434\u043e\u043e\u0442\u0442\u0430\u043b\u043a\u0438\u0432\u0430\u044e\u0449\u0438\u0439, \u0441 \u0440\u0435\u0433\u0443\u043b\u0438\u0440\u0443\u0435\u043c\u043e\u0439 \u043f\u043e\u0434\u0433\u043e\u043b\u043e\u0432\u043d\u0438\u043a\u043e\u043c \u0438 \u0443\u0434\u043e\u0431\u043d\u043e\u0439 \u0442\u043a\u0430\u043d\u044c\u044e Textiline. \u0418\u0434\u0435\u0430\u043b\u0435\u043d \u0434\u043b\u044f \u043e\u0442\u0434\u044b\u0445\u0430 \u043d\u0430 \u043f\u0440\u0438\u0440\u043e\u0434\u0435!\",\"breadcrumb\":{\"@id\":\"https:\/\/xstyle.md\/product\/raskladnoj-stul-outwell-acadia\/#breadcrumb\"},\"inLanguage\":\"ro-RO\",\"potentialAction\":[{\"@type\":\"ReadAction\",\"target\":[\"https:\/\/xstyle.md\/product\/raskladnoj-stul-outwell-acadia\/\"]}]},{\"@type\":\"ImageObject\",\"inLanguage\":\"ro-RO\",\"@id\":\"https:\/\/xstyle.md\/product\/raskladnoj-stul-outwell-acadia\/#primaryimage\",\"url\":\"https:\/\/xstyle.md\/wp-content\/uploads\/2022\/06\/outwell-acadia-0.jpg\",\"contentUrl\":\"https:\/\/xstyle.md\/wp-content\/uploads\/2022\/06\/outwell-acadia-0.jpg\",\"width\":968,\"height\":846,\"caption\":\"\u0420\u0430\u0441\u043a\u043b\u0430\u0434\u043d\u043e\u0439 \u0441\u0442\u0443\u043b Outwell Acadia \u0434\u043b\u044f \u0430\u043a\u0442\u0438\u0432\u043d\u043e\u0433\u043e \u043e\u0442\u0434\u044b\u0445\u0430, \u043f\u0443\u0442\u0435\u0448\u0435\u0441\u0442\u0432\u0438\u0439 \u0438 \u0430\u043b\u044c\u043f\u0438\u043d\u0438\u0437\u043c\u0430 \u2014 \u043e\u0434\u0435\u0436\u0434\u0430 \u0438 \u043e\u0431\u0443\u0432\u044c \u0434\u043b\u044f \u0430\u043a\u0442\u0438\u0432\u043d\u044b\u0445 \u0432\u0438\u0434\u043e\u0432 \u0441\u043f\u043e\u0440\u0442\u0430\"},{\"@type\":\"BreadcrumbList\",\"@id\":\"https:\/\/xstyle.md\/product\/raskladnoj-stul-outwell-acadia\/#breadcrumb\",\"itemListElement\":[{\"@type\":\"ListItem\",\"position\":1,\"name\":\"\u0413\u043b\u0430\u0432\u043d\u0430\u044f \u0441\u0442\u0440\u0430\u043d\u0438\u0446\u0430\",\"item\":\"https:\/\/xstyle.md\/\"},{\"@type\":\"ListItem\",\"position\":2,\"name\":\"\u041c\u0430\u0433\u0430\u0437\u0438\u043d\",\"item\":\"https:\/\/xstyle.md\/shop\/\"},{\"@type\":\"ListItem\",\"position\":3,\"name\":\"\u0420\u0430\u0441\u043a\u043b\u0430\u0434\u043d\u043e\u0439 \u0441\u0442\u0443\u043b Outwell Acadia\"}]},{\"@type\":\"WebSite\",\"@id\":\"https:\/\/xstyle.md\/#website\",\"url\":\"https:\/\/xstyle.md\/\",\"name\":\"\u041c\u0430\u0433\u0430\u0437\u0438\u043d Xstyle\",\"description\":\"C\u043d\u0430\u0440\u044f\u0436\u0435\u043d\u0438\u0435 \u0434\u043b\u044f \u0442\u0443\u0440\u0438\u0437\u043c\u0430 \u0438 \u044d\u043a\u0441\u0442\u0440\u0435\u043c\u0430\u043b\u044c\u043d\u044b\u0445 \u0432\u0438\u0434\u043e\u0432 \u0441\u043f\u043e\u0440\u0442\u0430 \u0432 \u041c\u043e\u043b\u0434\u043e\u0432\u0435.. \u0426\u0435\u043d\u044b, \u0444\u043e\u0442\u043e, \u0445\u0430\u0440\u0430\u043a\u0442\u0435\u0440\u0438\u0441\u0442\u0438\u043a\u0438 \u0432 \u041c\u043e\u043b\u0434\u043e\u0432\u0435.\",\"publisher\":{\"@id\":\"https:\/\/xstyle.md\/#organization\"},\"alternateName\":\"X-Style\",\"potentialAction\":[{\"@type\":\"SearchAction\",\"target\":{\"@type\":\"EntryPoint\",\"urlTemplate\":\"https:\/\/xstyle.md\/?s={search_term_string}\"},\"query-input\":{\"@type\":\"PropertyValueSpecification\",\"valueRequired\":true,\"valueName\":\"search_term_string\"}}],\"inLanguage\":\"ro-RO\"},{\"@type\":\"Organization\",\"@id\":\"https:\/\/xstyle.md\/#organization\",\"name\":\"\u041c\u0430\u0433\u0430\u0437\u0438\u043d Xstyle\",\"alternateName\":\"x-style\",\"url\":\"https:\/\/xstyle.md\/\",\"logo\":{\"@type\":\"ImageObject\",\"inLanguage\":\"ro-RO\",\"@id\":\"https:\/\/xstyle.md\/#\/schema\/logo\/image\/\",\"url\":\"https:\/\/xstyle.md\/wp-content\/uploads\/2020\/06\/logoicon.svg\",\"contentUrl\":\"https:\/\/xstyle.md\/wp-content\/uploads\/2020\/06\/logoicon.svg\",\"caption\":\"\u041c\u0430\u0433\u0430\u0437\u0438\u043d Xstyle\"},\"image\":{\"@id\":\"https:\/\/xstyle.md\/#\/schema\/logo\/image\/\"},\"sameAs\":[\"https:\/\/www.facebook.com\/xstylemd\",\"https:\/\/www.instagram.com\/xstyle_md\/\",\"https:\/\/t.me\/xstyle_outdoor\"],\"hasMerchantReturnPolicy\":{\"@type\":\"MerchantReturnPolicy\",\"merchantReturnLink\":\"https:\/\/xstyle.md\/ro\/conditions\/\"}}]}<\/script>\n<meta property=\"product:price:amount\" content=\"4990.00\" \/>\n<meta property=\"product:price:currency\" content=\"MDL\" \/>\n<meta property=\"og:availability\" content=\"instock\" \/>\n<meta property=\"product:availability\" content=\"instock\" \/>\n<meta property=\"product:retailer_item_id\" content=\"5709388061423\" \/>\n<meta property=\"product:condition\" content=\"new\" \/>\n<!-- \/ Yoast SEO plugin. -->","yoast_head_json":{"title":"Scaun pliabil Outwell Acadia - Magazin Xstyle","description":"Scaun pliabil Outwell Acadia: stilat, rezistent la ap\u0103, cu suport de g\u00e2t reglabil \u0219i material confortabil Textiline. Ideal pentru relaxare \u00een natur\u0103!","robots":{"index":"index","follow":"follow","max-snippet":"max-snippet:-1","max-image-preview":"max-image-preview:large","max-video-preview":"max-video-preview:-1"},"canonical":"https:\/\/xstyle.md\/ro\/produs\/raskladnoj-stul-outwell-acadia\/","og_locale":"ro_RO","og_type":"article","og_title":"\u0420\u0430\u0441\u043a\u043b\u0430\u0434\u043d\u043e\u0439 \u0441\u0442\u0443\u043b Outwell Acadia - \u041c\u0430\u0433\u0430\u0437\u0438\u043d Xstyle","og_description":"\u0420\u0430\u0441\u043a\u043b\u0430\u0434\u043d\u043e\u0439 \u0441\u0442\u0443\u043b Outwell Acadia: \u0441\u0442\u0438\u043b\u044c\u043d\u044b\u0439, \u0432\u043e\u0434\u043e\u043e\u0442\u0442\u0430\u043b\u043a\u0438\u0432\u0430\u044e\u0449\u0438\u0439, \u0441 \u0440\u0435\u0433\u0443\u043b\u0438\u0440\u0443\u0435\u043c\u043e\u0439 \u043f\u043e\u0434\u0433\u043e\u043b\u043e\u0432\u043d\u0438\u043a\u043e\u043c \u0438 \u0443\u0434\u043e\u0431\u043d\u043e\u0439 \u0442\u043a\u0430\u043d\u044c\u044e Textiline. \u0418\u0434\u0435\u0430\u043b\u0435\u043d \u0434\u043b\u044f \u043e\u0442\u0434\u044b\u0445\u0430 \u043d\u0430 \u043f\u0440\u0438\u0440\u043e\u0434\u0435!","og_url":"https:\/\/xstyle.md\/ro\/produs\/raskladnoj-stul-outwell-acadia\/","og_site_name":"\u041c\u0430\u0433\u0430\u0437\u0438\u043d Xstyle","article_publisher":"https:\/\/www.facebook.com\/xstylemd","article_modified_time":"2026-04-07T12:23:52+00:00","og_image":[{"width":968,"height":846,"url":"https:\/\/xstyle.md\/wp-content\/uploads\/2022\/06\/outwell-acadia-0.jpg","type":"image\/jpeg"}],"twitter_card":"summary_large_image","twitter_misc":{"Pre\u021b":"4.990&nbsp;MDL","Disponibilitate":"\u00cen stoc"},"schema":{"@context":"https:\/\/schema.org","@graph":[{"@type":"WebPage","@id":"https:\/\/xstyle.md\/product\/raskladnoj-stul-outwell-acadia\/","url":"https:\/\/xstyle.md\/product\/raskladnoj-stul-outwell-acadia\/","name":"Scaun pliabil Outwell Acadia - Magazin Xstyle","isPartOf":{"@id":"https:\/\/xstyle.md\/#website"},"primaryImageOfPage":{"@id":"https:\/\/xstyle.md\/product\/raskladnoj-stul-outwell-acadia\/#primaryimage"},"image":{"@id":"https:\/\/xstyle.md\/product\/raskladnoj-stul-outwell-acadia\/#primaryimage"},"thumbnailUrl":"https:\/\/xstyle.md\/wp-content\/uploads\/2022\/06\/outwell-acadia-0.jpg","datePublished":"2022-06-16T10:22:06+00:00","dateModified":"2026-04-07T12:23:52+00:00","description":"Scaun pliabil Outwell Acadia: stilat, rezistent la ap\u0103, cu suport de g\u00e2t reglabil \u0219i material confortabil Textiline. Ideal pentru relaxare \u00een natur\u0103!","breadcrumb":{"@id":"https:\/\/xstyle.md\/product\/raskladnoj-stul-outwell-acadia\/#breadcrumb"},"inLanguage":"ro-RO","potentialAction":[{"@type":"ReadAction","target":["https:\/\/xstyle.md\/product\/raskladnoj-stul-outwell-acadia\/"]}]},{"@type":"ImageObject","inLanguage":"ro-RO","@id":"https:\/\/xstyle.md\/product\/raskladnoj-stul-outwell-acadia\/#primaryimage","url":"https:\/\/xstyle.md\/wp-content\/uploads\/2022\/06\/outwell-acadia-0.jpg","contentUrl":"https:\/\/xstyle.md\/wp-content\/uploads\/2022\/06\/outwell-acadia-0.jpg","width":968,"height":846,"caption":"\u0420\u0430\u0441\u043a\u043b\u0430\u0434\u043d\u043e\u0439 \u0441\u0442\u0443\u043b Outwell Acadia \u0434\u043b\u044f \u0430\u043a\u0442\u0438\u0432\u043d\u043e\u0433\u043e \u043e\u0442\u0434\u044b\u0445\u0430, \u043f\u0443\u0442\u0435\u0448\u0435\u0441\u0442\u0432\u0438\u0439 \u0438 \u0430\u043b\u044c\u043f\u0438\u043d\u0438\u0437\u043c\u0430 \u2014 \u043e\u0434\u0435\u0436\u0434\u0430 \u0438 \u043e\u0431\u0443\u0432\u044c \u0434\u043b\u044f \u0430\u043a\u0442\u0438\u0432\u043d\u044b\u0445 \u0432\u0438\u0434\u043e\u0432 \u0441\u043f\u043e\u0440\u0442\u0430"},{"@type":"BreadcrumbList","@id":"https:\/\/xstyle.md\/product\/raskladnoj-stul-outwell-acadia\/#breadcrumb","itemListElement":[{"@type":"ListItem","position":1,"name":"\u0413\u043b\u0430\u0432\u043d\u0430\u044f \u0441\u0442\u0440\u0430\u043d\u0438\u0446\u0430","item":"https:\/\/xstyle.md\/"},{"@type":"ListItem","position":2,"name":"\u041c\u0430\u0433\u0430\u0437\u0438\u043d","item":"https:\/\/xstyle.md\/shop\/"},{"@type":"ListItem","position":3,"name":"\u0420\u0430\u0441\u043a\u043b\u0430\u0434\u043d\u043e\u0439 \u0441\u0442\u0443\u043b Outwell Acadia"}]},{"@type":"WebSite","@id":"https:\/\/xstyle.md\/#website","url":"https:\/\/xstyle.md\/","name":"Magazinul X-Style","description":"Echipamente pentru turism \u0219i sporturi extreme \u00een Moldova. Pre\u021buri, fotografii, caracteristici \u00een Moldova.","publisher":{"@id":"https:\/\/xstyle.md\/#organization"},"alternateName":"X-Style","potentialAction":[{"@type":"SearchAction","target":{"@type":"EntryPoint","urlTemplate":"https:\/\/xstyle.md\/?s={search_term_string}"},"query-input":{"@type":"PropertyValueSpecification","valueRequired":true,"valueName":"search_term_string"}}],"inLanguage":"ro-RO"},{"@type":"Organization","@id":"https:\/\/xstyle.md\/#organization","name":"Magazinul X-Style","alternateName":"x-style","url":"https:\/\/xstyle.md\/","logo":{"@type":"ImageObject","inLanguage":"ro-RO","@id":"https:\/\/xstyle.md\/#\/schema\/logo\/image\/","url":"https:\/\/xstyle.md\/wp-content\/uploads\/2020\/06\/logoicon.svg","contentUrl":"https:\/\/xstyle.md\/wp-content\/uploads\/2020\/06\/logoicon.svg","caption":"\u041c\u0430\u0433\u0430\u0437\u0438\u043d Xstyle"},"image":{"@id":"https:\/\/xstyle.md\/#\/schema\/logo\/image\/"},"sameAs":["https:\/\/www.facebook.com\/xstylemd","https:\/\/www.instagram.com\/xstyle_md\/","https:\/\/t.me\/xstyle_outdoor"],"hasMerchantReturnPolicy":{"@type":"MerchantReturnPolicy","merchantReturnLink":"https:\/\/xstyle.md\/ro\/conditions\/"}}]},"product_price_amount":"4990.00","product_price_currency":"MDL","og_availability":"instock","product_availability":"instock","product_retailer_item_id":"5709388061423","product_condition":"new"},"post_mailing_queue_ids":[],"_links":{"self":[{"href":"https:\/\/xstyle.md\/ro\/wp-json\/wp\/v2\/product\/48899","targetHints":{"allow":["GET"]}}],"collection":[{"href":"https:\/\/xstyle.md\/ro\/wp-json\/wp\/v2\/product"}],"about":[{"href":"https:\/\/xstyle.md\/ro\/wp-json\/wp\/v2\/types\/product"}],"replies":[{"embeddable":true,"href":"https:\/\/xstyle.md\/ro\/wp-json\/wp\/v2\/comments?post=48899"}],"wp:featuredmedia":[{"embeddable":true,"href":"https:\/\/xstyle.md\/ro\/wp-json\/wp\/v2\/media\/58523"}],"wp:attachment":[{"href":"https:\/\/xstyle.md\/ro\/wp-json\/wp\/v2\/media?parent=48899"}],"wp:term":[{"taxonomy":"product_brand","embeddable":true,"href":"https:\/\/xstyle.md\/ro\/wp-json\/wp\/v2\/product_brand?post=48899"},{"taxonomy":"product_cat","embeddable":true,"href":"https:\/\/xstyle.md\/ro\/wp-json\/wp\/v2\/product_cat?post=48899"},{"taxonomy":"product_tag","embeddable":true,"href":"https:\/\/xstyle.md\/ro\/wp-json\/wp\/v2\/product_tag?post=48899"}],"curies":[{"name":"wp","href":"https:\/\/api.w.org\/{rel}","templated":true}]}}