{"id":48889,"date":"2022-06-16T13:22:04","date_gmt":"2022-06-16T10:22:04","guid":{"rendered":"https:\/\/xstyle.md\/?post_type=product&#038;p=48889"},"modified":"2025-08-25T00:06:10","modified_gmt":"2025-08-24T21:06:10","slug":"pila-robens-custer-saw","status":"publish","type":"product","link":"https:\/\/xstyle.md\/ro\/produs\/pila-robens-custer-saw\/","title":{"rendered":"Fier\u0103str\u0103u Robens Custer Saw"},"content":{"rendered":"<\/p>\n<p><strong>Robens Custer Saw<\/strong> &#8212; fer\u0103str\u0103u compact, u\u0219or \u0219i u\u0219or de utilizat. Poate fi util \u00een timpul activit\u0103\u021bilor \u00een aer liber \u0219i al drume\u021biilor montane, atunci c\u00e2nd trebuie s\u0103 preg\u0103ti\u021bi lemne de foc \u0219i s\u0103 aprinde\u021bi un foc. Designul extrem de eficient al fer\u0103str\u0103ului cu lan\u021b taie \u00een ambele direc\u021bii, iar materialul u\u0219or de \u00eenalt\u0103 calitate asigur\u0103 o productivitate maxim\u0103 atunci c\u00e2nd preg\u0103ti\u021bi lemnele de foc, chiar \u0219i atunci c\u00e2nd sunt umede.<\/p>\n<p>Din punct de vedere structural, fer\u0103str\u0103ul este foarte confortabil \u0219i u\u0219or de utilizat, deoarece m\u00e2nerele robuste din nailon asigur\u0103 o prindere confortabil\u0103, iar lan\u021bul \u00een sine este fabricat din o\u021bel cu con\u021binut ridicat de carbon \u0219i are din\u021bi de t\u0103iere puternici. Este livrat cu o pung\u0103 special\u0103 de ambalare cu o bucl\u0103 pentru centur\u0103.<\/p>\n<h3>Particularit\u0103\u021bi<\/h3>\n<ul>\n<li>Dimensiuni mici, foarte compact, foarte u\u0219or de \u00eempachetat<\/li>\n<li>Fabricat din material puternic \u0219i durabil din o\u021bel cu con\u021binut ridicat de carbon<\/li>\n<li>Are din\u021bi puternici de t\u0103iere<\/li>\n<li>Taie \u00een dou\u0103 direc\u021bii<\/li>\n<li>M\u00e2nerele robuste din nailon asigur\u0103 o prindere confortabil\u0103 \u0219i sigur\u0103 chiar \u0219i atunci c\u00e2nd sunt ude<\/li>\n<li>Include o pung\u0103 de \u00eempachetare cu bucla de centur\u0103 pentru ag\u0103\u021barea la centur\u0103<\/li>\n<\/ul>\n<h3>Caracteristici<\/h3>\n<ul>\n<li>Material &#8212; o\u021bel\/nylon<\/li>\n<li>Dimensiuni &#8212; 104 cm<\/li>\n<li>Dimensiunea ambalajului: 10 x 12 x 2,5 cm<\/li>\n<li>Greutate &#8212; 112g<\/li>\n<\/ul>\n<h3>Marca<\/h3>\n<p>Istoria m\u0103rcii Robens \u00eencepe \u00een 1973, c\u00e2nd Klaus Robens \u0219i so\u021bia sa au fondat compania \u00een casa lor din Wenfort, Germania. Biroul companiei se afla la subsol, iar showroom-ul pe peluza din fa\u021b\u0103. Cuno\u0219tin\u021bele vaste ale lui Robens \u00een materie de aer liber \u0219i calitatea \u00eenalt\u0103 au f\u0103cut ca Robens s\u0103 aib\u0103 at\u00e2t de mult succes \u00eenc\u00e2t, \u00een 1988, compania s-a mutat \u00eentr-o cl\u0103dire nou\u0103 \u0219i a colaborat cu designerul industrial Olaf Bracht, care \u00eemp\u0103rt\u0103\u0219ea pasiunea lui Robens.<\/p>\n<p>Marca Robens a fost recunoscut\u0103 ca un produc\u0103tor de echipamente ideale pentru via\u021ba \u00een aer liber, cu accent pe calitate ridicat\u0103 \u0219i pre\u021buri rezonabile. \u00cen 2000, Robens a fost achizi\u021bionat\u0103 de OASE Outdoors \u0219i a fost redenumit\u0103 \u00een 2012. Ast\u0103zi, Robens continu\u0103 s\u0103 avanseze \u00een a ajuta oamenii s\u0103 \u00ee\u0219i realizeze pasiunea pentru activit\u0103\u021bile \u00een aer liber.<\/p>\n<p><\/p>","protected":false},"excerpt":{"rendered":"","protected":false},"featured_media":49840,"comment_status":"open","ping_status":"closed","template":"","meta":{"_acf_changed":false,"inline_featured_image":false},"product_brand":[1275],"product_cat":[357],"product_tag":[],"class_list":{"0":"post-48889","1":"product","2":"type-product","3":"status-publish","4":"has-post-thumbnail","6":"product_brand-outwell","7":"product_cat-instrumenti","9":"first","10":"instock","11":"shipping-taxable","12":"purchasable","13":"product-type-simple"},"acf":[],"yoast_head":"<!-- This site is optimized with the Yoast SEO plugin v27.4 - https:\/\/yoast.com\/product\/yoast-seo-wordpress\/ -->\n<title>\u041f\u0438\u043b\u0430 Robens Custer Saw - \u041c\u0430\u0433\u0430\u0437\u0438\u043d Xstyle<\/title>\n<meta name=\"description\" content=\"\u041a\u043e\u043c\u043f\u0430\u043a\u0442\u043d\u0430\u044f \u043f\u0438\u043b\u0430 Robens Custer Saw \u0438\u0434\u0435\u0430\u043b\u044c\u043d\u0430 \u0434\u043b\u044f \u0430\u043a\u0442\u0438\u0432\u043d\u043e\u0433\u043e \u043e\u0442\u0434\u044b\u0445\u0430 \u0438 \u0442\u0443\u0440\u0438\u0437\u043c\u0430. \u041b\u0435\u0433\u043a\u043e \u0441\u043f\u0440\u0430\u0432\u043b\u044f\u0435\u0442\u0441\u044f \u0441 \u0437\u0430\u0433\u043e\u0442\u043e\u0432\u043a\u043e\u0439 \u0434\u0440\u043e\u0432 \u0438 \u0443\u0434\u043e\u0431\u043d\u0430 \u0432 \u0438\u0441\u043f\u043e\u043b\u044c\u0437\u043e\u0432\u0430\u043d\u0438\u0438 \u043d\u0430 \u043f\u0440\u0438\u0440\u043e\u0434\u0435.\" \/>\n<meta name=\"robots\" content=\"index, follow, max-snippet:-1, max-image-preview:large, max-video-preview:-1\" \/>\n<link rel=\"canonical\" href=\"https:\/\/xstyle.md\/ro\/produs\/pila-robens-custer-saw\/\" \/>\n<meta property=\"og:locale\" content=\"ro_RO\" \/>\n<meta property=\"og:type\" content=\"article\" \/>\n<meta property=\"og:title\" content=\"\u041f\u0438\u043b\u0430 Robens Custer Saw - \u041c\u0430\u0433\u0430\u0437\u0438\u043d Xstyle\" \/>\n<meta property=\"og:description\" content=\"\u041a\u043e\u043c\u043f\u0430\u043a\u0442\u043d\u0430\u044f \u043f\u0438\u043b\u0430 Robens Custer Saw \u0438\u0434\u0435\u0430\u043b\u044c\u043d\u0430 \u0434\u043b\u044f \u0430\u043a\u0442\u0438\u0432\u043d\u043e\u0433\u043e \u043e\u0442\u0434\u044b\u0445\u0430 \u0438 \u0442\u0443\u0440\u0438\u0437\u043c\u0430. \u041b\u0435\u0433\u043a\u043e \u0441\u043f\u0440\u0430\u0432\u043b\u044f\u0435\u0442\u0441\u044f \u0441 \u0437\u0430\u0433\u043e\u0442\u043e\u0432\u043a\u043e\u0439 \u0434\u0440\u043e\u0432 \u0438 \u0443\u0434\u043e\u0431\u043d\u0430 \u0432 \u0438\u0441\u043f\u043e\u043b\u044c\u0437\u043e\u0432\u0430\u043d\u0438\u0438 \u043d\u0430 \u043f\u0440\u0438\u0440\u043e\u0434\u0435.\" \/>\n<meta property=\"og:url\" content=\"https:\/\/xstyle.md\/ro\/produs\/pila-robens-custer-saw\/\" \/>\n<meta property=\"og:site_name\" content=\"\u041c\u0430\u0433\u0430\u0437\u0438\u043d Xstyle\" \/>\n<meta property=\"article:publisher\" content=\"https:\/\/www.facebook.com\/xstylemd\" \/>\n<meta property=\"article:modified_time\" content=\"2025-08-24T21:06:10+00:00\" \/>\n<meta property=\"og:image\" content=\"https:\/\/xstyle.md\/wp-content\/uploads\/2022\/06\/robens-custer-saw.jpg\" \/>\n\t<meta property=\"og:image:width\" content=\"728\" \/>\n\t<meta property=\"og:image:height\" content=\"410\" \/>\n\t<meta property=\"og:image:type\" content=\"image\/jpeg\" \/>\n<meta name=\"twitter:card\" content=\"summary_large_image\" \/>\n<meta name=\"twitter:label1\" content=\"Pre\u021b\" \/>\n\t<meta name=\"twitter:data1\" content=\"490&nbsp;MDL\" \/>\n\t<meta name=\"twitter:label2\" content=\"Disponibilitate\" \/>\n\t<meta name=\"twitter:data2\" content=\"\u00cen stoc\" \/>\n<script type=\"application\/ld+json\" class=\"yoast-schema-graph\">{\"@context\":\"https:\\\/\\\/schema.org\",\"@graph\":[{\"@type\":\"WebPage\",\"@id\":\"https:\\\/\\\/xstyle.md\\\/product\\\/pila-robens-custer-saw\\\/\",\"url\":\"https:\\\/\\\/xstyle.md\\\/product\\\/pila-robens-custer-saw\\\/\",\"name\":\"\u041f\u0438\u043b\u0430 Robens Custer Saw - \u041c\u0430\u0433\u0430\u0437\u0438\u043d Xstyle\",\"isPartOf\":{\"@id\":\"https:\\\/\\\/xstyle.md\\\/#website\"},\"primaryImageOfPage\":{\"@id\":\"https:\\\/\\\/xstyle.md\\\/product\\\/pila-robens-custer-saw\\\/#primaryimage\"},\"image\":{\"@id\":\"https:\\\/\\\/xstyle.md\\\/product\\\/pila-robens-custer-saw\\\/#primaryimage\"},\"thumbnailUrl\":\"https:\\\/\\\/xstyle.md\\\/wp-content\\\/uploads\\\/2022\\\/06\\\/robens-custer-saw.jpg\",\"datePublished\":\"2022-06-16T10:22:04+00:00\",\"dateModified\":\"2025-08-24T21:06:10+00:00\",\"description\":\"\u041a\u043e\u043c\u043f\u0430\u043a\u0442\u043d\u0430\u044f \u043f\u0438\u043b\u0430 Robens Custer Saw \u0438\u0434\u0435\u0430\u043b\u044c\u043d\u0430 \u0434\u043b\u044f \u0430\u043a\u0442\u0438\u0432\u043d\u043e\u0433\u043e \u043e\u0442\u0434\u044b\u0445\u0430 \u0438 \u0442\u0443\u0440\u0438\u0437\u043c\u0430. \u041b\u0435\u0433\u043a\u043e \u0441\u043f\u0440\u0430\u0432\u043b\u044f\u0435\u0442\u0441\u044f \u0441 \u0437\u0430\u0433\u043e\u0442\u043e\u0432\u043a\u043e\u0439 \u0434\u0440\u043e\u0432 \u0438 \u0443\u0434\u043e\u0431\u043d\u0430 \u0432 \u0438\u0441\u043f\u043e\u043b\u044c\u0437\u043e\u0432\u0430\u043d\u0438\u0438 \u043d\u0430 \u043f\u0440\u0438\u0440\u043e\u0434\u0435.\",\"breadcrumb\":{\"@id\":\"https:\\\/\\\/xstyle.md\\\/product\\\/pila-robens-custer-saw\\\/#breadcrumb\"},\"inLanguage\":\"ro-RO\",\"potentialAction\":[{\"@type\":\"ReadAction\",\"target\":[\"https:\\\/\\\/xstyle.md\\\/product\\\/pila-robens-custer-saw\\\/\"]}]},{\"@type\":\"ImageObject\",\"inLanguage\":\"ro-RO\",\"@id\":\"https:\\\/\\\/xstyle.md\\\/product\\\/pila-robens-custer-saw\\\/#primaryimage\",\"url\":\"https:\\\/\\\/xstyle.md\\\/wp-content\\\/uploads\\\/2022\\\/06\\\/robens-custer-saw.jpg\",\"contentUrl\":\"https:\\\/\\\/xstyle.md\\\/wp-content\\\/uploads\\\/2022\\\/06\\\/robens-custer-saw.jpg\",\"width\":728,\"height\":410,\"caption\":\"\u0418\u043a\u043e\u043d\u043a\u0430 \u043f\u0438\u043b\u044b Robens Custer \u0434\u043b\u044f \u0430\u043a\u0442\u0438\u0432\u043d\u043e\u0433\u043e \u043e\u0442\u0434\u044b\u0445\u0430, \u0442\u0443\u0440\u0438\u0441\u0442\u0438\u0447\u0435\u0441\u043a\u043e\u0439 \u044d\u043a\u0438\u043f\u0438\u0440\u043e\u0432\u043a\u0438, \u043f\u043e\u0445\u043e\u0434\u043e\u0432, \u0430\u043b\u044c\u043f\u0438\u043d\u0438\u0437\u043c\u0430 \u0438 \u043f\u0443\u0442\u0435\u0448\u0435\u0441\u0442\u0432\u0438\u0439 \u0432 \u0438\u043d\u0442\u0435\u0440\u043d\u0435\u0442-\u043c\u0430\u0433\u0430\u0437\u0438\u043d\u0435 \u0430\u043a\u0442\u0438\u0432\u043d\u043e\u0439 \u0436\u0438\u0437\u043d\u0438\"},{\"@type\":\"BreadcrumbList\",\"@id\":\"https:\\\/\\\/xstyle.md\\\/product\\\/pila-robens-custer-saw\\\/#breadcrumb\",\"itemListElement\":[{\"@type\":\"ListItem\",\"position\":1,\"name\":\"\u0413\u043b\u0430\u0432\u043d\u0430\u044f \u0441\u0442\u0440\u0430\u043d\u0438\u0446\u0430\",\"item\":\"https:\\\/\\\/xstyle.md\\\/\"},{\"@type\":\"ListItem\",\"position\":2,\"name\":\"\u041c\u0430\u0433\u0430\u0437\u0438\u043d\",\"item\":\"https:\\\/\\\/xstyle.md\\\/shop\\\/\"},{\"@type\":\"ListItem\",\"position\":3,\"name\":\"\u041f\u0438\u043b\u0430 Robens Custer Saw\"}]},{\"@type\":\"WebSite\",\"@id\":\"https:\\\/\\\/xstyle.md\\\/#website\",\"url\":\"https:\\\/\\\/xstyle.md\\\/\",\"name\":\"\u041c\u0430\u0433\u0430\u0437\u0438\u043d Xstyle\",\"description\":\"C\u043d\u0430\u0440\u044f\u0436\u0435\u043d\u0438\u0435 \u0434\u043b\u044f \u0442\u0443\u0440\u0438\u0437\u043c\u0430 \u0438 \u044d\u043a\u0441\u0442\u0440\u0435\u043c\u0430\u043b\u044c\u043d\u044b\u0445 \u0432\u0438\u0434\u043e\u0432 \u0441\u043f\u043e\u0440\u0442\u0430 \u0432 \u041c\u043e\u043b\u0434\u043e\u0432\u0435.. \u0426\u0435\u043d\u044b, \u0444\u043e\u0442\u043e, \u0445\u0430\u0440\u0430\u043a\u0442\u0435\u0440\u0438\u0441\u0442\u0438\u043a\u0438 \u0432 \u041c\u043e\u043b\u0434\u043e\u0432\u0435.\",\"publisher\":{\"@id\":\"https:\\\/\\\/xstyle.md\\\/#organization\"},\"alternateName\":\"X-Style\",\"potentialAction\":[{\"@type\":\"SearchAction\",\"target\":{\"@type\":\"EntryPoint\",\"urlTemplate\":\"https:\\\/\\\/xstyle.md\\\/?s={search_term_string}\"},\"query-input\":{\"@type\":\"PropertyValueSpecification\",\"valueRequired\":true,\"valueName\":\"search_term_string\"}}],\"inLanguage\":\"ro-RO\"},{\"@type\":\"Organization\",\"@id\":\"https:\\\/\\\/xstyle.md\\\/#organization\",\"name\":\"\u041c\u0430\u0433\u0430\u0437\u0438\u043d Xstyle\",\"alternateName\":\"x-style\",\"url\":\"https:\\\/\\\/xstyle.md\\\/\",\"logo\":{\"@type\":\"ImageObject\",\"inLanguage\":\"ro-RO\",\"@id\":\"https:\\\/\\\/xstyle.md\\\/#\\\/schema\\\/logo\\\/image\\\/\",\"url\":\"https:\\\/\\\/xstyle.md\\\/wp-content\\\/uploads\\\/2020\\\/06\\\/logoicon.svg\",\"contentUrl\":\"https:\\\/\\\/xstyle.md\\\/wp-content\\\/uploads\\\/2020\\\/06\\\/logoicon.svg\",\"caption\":\"\u041c\u0430\u0433\u0430\u0437\u0438\u043d Xstyle\"},\"image\":{\"@id\":\"https:\\\/\\\/xstyle.md\\\/#\\\/schema\\\/logo\\\/image\\\/\"},\"sameAs\":[\"https:\\\/\\\/www.facebook.com\\\/xstylemd\",\"https:\\\/\\\/www.instagram.com\\\/xstyle_md\\\/\",\"https:\\\/\\\/t.me\\\/xstyle_outdoor\"],\"hasMerchantReturnPolicy\":{\"@type\":\"MerchantReturnPolicy\",\"merchantReturnLink\":\"https:\\\/\\\/xstyle.md\\\/ro\\\/conditions\\\/\"}}]}<\/script>\n<meta property=\"product:price:amount\" content=\"490.00\" \/>\n<meta property=\"product:price:currency\" content=\"MDL\" \/>\n<meta property=\"og:availability\" content=\"instock\" \/>\n<meta property=\"product:availability\" content=\"instock\" \/>\n<meta property=\"product:retailer_item_id\" content=\"5709388090171\" \/>\n<meta property=\"product:condition\" content=\"new\" \/>\n<!-- \/ Yoast SEO plugin. -->","yoast_head_json":{"title":"Fier\u0103str\u0103u Robens Custer Saw - Magazin Xstyle","description":"Pila compact\u0103 Robens Custer Saw este ideal\u0103 pentru activit\u0103\u021bi \u00een aer liber \u0219i turism. Face fa\u021b\u0103 cu u\u0219urin\u021b\u0103 preg\u0103tirii lemnelor de foc \u0219i este confortabil\u0103 de utilizat \u00een natur\u0103.","robots":{"index":"index","follow":"follow","max-snippet":"max-snippet:-1","max-image-preview":"max-image-preview:large","max-video-preview":"max-video-preview:-1"},"canonical":"https:\/\/xstyle.md\/ro\/produs\/pila-robens-custer-saw\/","og_locale":"ro_RO","og_type":"article","og_title":"\u041f\u0438\u043b\u0430 Robens Custer Saw - \u041c\u0430\u0433\u0430\u0437\u0438\u043d Xstyle","og_description":"\u041a\u043e\u043c\u043f\u0430\u043a\u0442\u043d\u0430\u044f \u043f\u0438\u043b\u0430 Robens Custer Saw \u0438\u0434\u0435\u0430\u043b\u044c\u043d\u0430 \u0434\u043b\u044f \u0430\u043a\u0442\u0438\u0432\u043d\u043e\u0433\u043e \u043e\u0442\u0434\u044b\u0445\u0430 \u0438 \u0442\u0443\u0440\u0438\u0437\u043c\u0430. \u041b\u0435\u0433\u043a\u043e \u0441\u043f\u0440\u0430\u0432\u043b\u044f\u0435\u0442\u0441\u044f \u0441 \u0437\u0430\u0433\u043e\u0442\u043e\u0432\u043a\u043e\u0439 \u0434\u0440\u043e\u0432 \u0438 \u0443\u0434\u043e\u0431\u043d\u0430 \u0432 \u0438\u0441\u043f\u043e\u043b\u044c\u0437\u043e\u0432\u0430\u043d\u0438\u0438 \u043d\u0430 \u043f\u0440\u0438\u0440\u043e\u0434\u0435.","og_url":"https:\/\/xstyle.md\/ro\/produs\/pila-robens-custer-saw\/","og_site_name":"\u041c\u0430\u0433\u0430\u0437\u0438\u043d Xstyle","article_publisher":"https:\/\/www.facebook.com\/xstylemd","article_modified_time":"2025-08-24T21:06:10+00:00","og_image":[{"width":728,"height":410,"url":"https:\/\/xstyle.md\/wp-content\/uploads\/2022\/06\/robens-custer-saw.jpg","type":"image\/jpeg"}],"twitter_card":"summary_large_image","twitter_misc":{"Pre\u021b":"490&nbsp;MDL","Disponibilitate":"\u00cen stoc"},"schema":{"@context":"https:\/\/schema.org","@graph":[{"@type":"WebPage","@id":"https:\/\/xstyle.md\/product\/pila-robens-custer-saw\/","url":"https:\/\/xstyle.md\/product\/pila-robens-custer-saw\/","name":"Fier\u0103str\u0103u Robens Custer Saw - Magazin Xstyle","isPartOf":{"@id":"https:\/\/xstyle.md\/#website"},"primaryImageOfPage":{"@id":"https:\/\/xstyle.md\/product\/pila-robens-custer-saw\/#primaryimage"},"image":{"@id":"https:\/\/xstyle.md\/product\/pila-robens-custer-saw\/#primaryimage"},"thumbnailUrl":"https:\/\/xstyle.md\/wp-content\/uploads\/2022\/06\/robens-custer-saw.jpg","datePublished":"2022-06-16T10:22:04+00:00","dateModified":"2025-08-24T21:06:10+00:00","description":"Pila compact\u0103 Robens Custer Saw este ideal\u0103 pentru activit\u0103\u021bi \u00een aer liber \u0219i turism. Face fa\u021b\u0103 cu u\u0219urin\u021b\u0103 preg\u0103tirii lemnelor de foc \u0219i este confortabil\u0103 de utilizat \u00een natur\u0103.","breadcrumb":{"@id":"https:\/\/xstyle.md\/product\/pila-robens-custer-saw\/#breadcrumb"},"inLanguage":"ro-RO","potentialAction":[{"@type":"ReadAction","target":["https:\/\/xstyle.md\/product\/pila-robens-custer-saw\/"]}]},{"@type":"ImageObject","inLanguage":"ro-RO","@id":"https:\/\/xstyle.md\/product\/pila-robens-custer-saw\/#primaryimage","url":"https:\/\/xstyle.md\/wp-content\/uploads\/2022\/06\/robens-custer-saw.jpg","contentUrl":"https:\/\/xstyle.md\/wp-content\/uploads\/2022\/06\/robens-custer-saw.jpg","width":728,"height":410,"caption":"\u0418\u043a\u043e\u043d\u043a\u0430 \u043f\u0438\u043b\u044b Robens Custer \u0434\u043b\u044f \u0430\u043a\u0442\u0438\u0432\u043d\u043e\u0433\u043e \u043e\u0442\u0434\u044b\u0445\u0430, \u0442\u0443\u0440\u0438\u0441\u0442\u0438\u0447\u0435\u0441\u043a\u043e\u0439 \u044d\u043a\u0438\u043f\u0438\u0440\u043e\u0432\u043a\u0438, \u043f\u043e\u0445\u043e\u0434\u043e\u0432, \u0430\u043b\u044c\u043f\u0438\u043d\u0438\u0437\u043c\u0430 \u0438 \u043f\u0443\u0442\u0435\u0448\u0435\u0441\u0442\u0432\u0438\u0439 \u0432 \u0438\u043d\u0442\u0435\u0440\u043d\u0435\u0442-\u043c\u0430\u0433\u0430\u0437\u0438\u043d\u0435 \u0430\u043a\u0442\u0438\u0432\u043d\u043e\u0439 \u0436\u0438\u0437\u043d\u0438"},{"@type":"BreadcrumbList","@id":"https:\/\/xstyle.md\/product\/pila-robens-custer-saw\/#breadcrumb","itemListElement":[{"@type":"ListItem","position":1,"name":"\u0413\u043b\u0430\u0432\u043d\u0430\u044f \u0441\u0442\u0440\u0430\u043d\u0438\u0446\u0430","item":"https:\/\/xstyle.md\/"},{"@type":"ListItem","position":2,"name":"\u041c\u0430\u0433\u0430\u0437\u0438\u043d","item":"https:\/\/xstyle.md\/shop\/"},{"@type":"ListItem","position":3,"name":"\u041f\u0438\u043b\u0430 Robens Custer Saw"}]},{"@type":"WebSite","@id":"https:\/\/xstyle.md\/#website","url":"https:\/\/xstyle.md\/","name":"Magazinul X-Style","description":"Echipamente pentru turism \u0219i sporturi extreme \u00een Moldova. Pre\u021buri, fotografii, caracteristici \u00een Moldova.","publisher":{"@id":"https:\/\/xstyle.md\/#organization"},"alternateName":"X-Style","potentialAction":[{"@type":"SearchAction","target":{"@type":"EntryPoint","urlTemplate":"https:\/\/xstyle.md\/?s={search_term_string}"},"query-input":{"@type":"PropertyValueSpecification","valueRequired":true,"valueName":"search_term_string"}}],"inLanguage":"ro-RO"},{"@type":"Organization","@id":"https:\/\/xstyle.md\/#organization","name":"Magazinul X-Style","alternateName":"x-style","url":"https:\/\/xstyle.md\/","logo":{"@type":"ImageObject","inLanguage":"ro-RO","@id":"https:\/\/xstyle.md\/#\/schema\/logo\/image\/","url":"https:\/\/xstyle.md\/wp-content\/uploads\/2020\/06\/logoicon.svg","contentUrl":"https:\/\/xstyle.md\/wp-content\/uploads\/2020\/06\/logoicon.svg","caption":"\u041c\u0430\u0433\u0430\u0437\u0438\u043d Xstyle"},"image":{"@id":"https:\/\/xstyle.md\/#\/schema\/logo\/image\/"},"sameAs":["https:\/\/www.facebook.com\/xstylemd","https:\/\/www.instagram.com\/xstyle_md\/","https:\/\/t.me\/xstyle_outdoor"],"hasMerchantReturnPolicy":{"@type":"MerchantReturnPolicy","merchantReturnLink":"https:\/\/xstyle.md\/ro\/conditions\/"}}]},"product_price_amount":"490.00","product_price_currency":"MDL","og_availability":"instock","product_availability":"instock","product_retailer_item_id":"5709388090171","product_condition":"new"},"_links":{"self":[{"href":"https:\/\/xstyle.md\/ro\/wp-json\/wp\/v2\/product\/48889","targetHints":{"allow":["GET"]}}],"collection":[{"href":"https:\/\/xstyle.md\/ro\/wp-json\/wp\/v2\/product"}],"about":[{"href":"https:\/\/xstyle.md\/ro\/wp-json\/wp\/v2\/types\/product"}],"replies":[{"embeddable":true,"href":"https:\/\/xstyle.md\/ro\/wp-json\/wp\/v2\/comments?post=48889"}],"wp:featuredmedia":[{"embeddable":true,"href":"https:\/\/xstyle.md\/ro\/wp-json\/wp\/v2\/media\/49840"}],"wp:attachment":[{"href":"https:\/\/xstyle.md\/ro\/wp-json\/wp\/v2\/media?parent=48889"}],"wp:term":[{"taxonomy":"product_brand","embeddable":true,"href":"https:\/\/xstyle.md\/ro\/wp-json\/wp\/v2\/product_brand?post=48889"},{"taxonomy":"product_cat","embeddable":true,"href":"https:\/\/xstyle.md\/ro\/wp-json\/wp\/v2\/product_cat?post=48889"},{"taxonomy":"product_tag","embeddable":true,"href":"https:\/\/xstyle.md\/ro\/wp-json\/wp\/v2\/product_tag?post=48889"}],"curies":[{"name":"wp","href":"https:\/\/api.w.org\/{rel}","templated":true}]}}