{"id":48884,"date":"2022-06-16T13:22:04","date_gmt":"2022-06-16T10:22:04","guid":{"rendered":"https:\/\/xstyle.md\/?post_type=product&#038;p=48884"},"modified":"2025-03-07T20:28:15","modified_gmt":"2025-03-07T17:28:15","slug":"sumka-na-kolesah-osprey-rolling-transporter-carry-on","status":"publish","type":"product","link":"https:\/\/xstyle.md\/ro\/produs\/sumka-na-kolesah-osprey-rolling-transporter-carry-on\/","title":{"rendered":"Geant\u0103 cu ro\u021bi Osprey Rolling Transporter Carry-On"},"content":{"rendered":"<\/p>\n<p><strong>Osprey Rolling Transporter Carry-On<\/strong> &#8212; aceast\u0103 valiz\u0103 confortabil\u0103 \u0219i func\u021bional\u0103 de 38 de litri este conceput\u0103 pentru c\u0103l\u0103torii cu avionul, trenul sau ma\u0219ina. Este confec\u021bionat\u0103 din material impermeabil care v\u0103 protejeaz\u0103 bunurile de umezeal\u0103.<\/p>\n<p>Carcasa rezistent\u0103 asigur\u0103 o durabilitate de lung\u0103 durat\u0103. Datorit\u0103 sistemului fiabil de ro\u021bi HighRoad\u2122, valiza se descurc\u0103 cu u\u0219urin\u021b\u0103 pe suprafe\u021be denivelate \u0219i ofer\u0103 o \u201ec\u0103l\u0103torie lin\u0103\u201d. M\u00e2nerul ergonomic ErgoGrip\u2122 se pliaz\u0103 u\u0219or. Compartimentul principal cu \u00eenc\u0103rcare orizontal\u0103 este foarte spa\u021bios, cu un organizator practic \u0219i buzunare din plas\u0103 pentru a p\u0103stra lucrurile organizate. Exist\u0103, de asemenea, un buzunar special pentru documente \u0219i un loc pentru a semna cu numele proprietarului. Pentru a transporta convenabil geanta, exist\u0103 mai multe m\u00e2nere de transport. Aceast\u0103 geant\u0103 va deveni tovar\u0103\u0219ul dumneavoastr\u0103 de c\u0103l\u0103torie preferat &#8212; este o combina\u021bie de stil, func\u021bionalitate \u0219i calitate.<\/p>\n<h3>Particularit\u0103\u021bi<\/h3>\n<ul>\n<li>Buzunar extern superior<\/li>\n<li>Sistem intern de legare prin compresie<\/li>\n<li>M\u00e2ner ErgoGrip\u2122 retractabil<\/li>\n<li>Dou\u0103 buzunare cu plas\u0103 pe panoul frontal interior<\/li>\n<li>Suport pentru carte de identitate<\/li>\n<li>Acces cu fermoar<\/li>\n<li>Material rezistent la abraziune cu propriet\u0103\u021bi \u00eembun\u0103t\u0103\u021bite de absorb\u021bie a umidit\u0103\u021bii<\/li>\n<li>Sistem de ro\u021bi HighRoad\u2122<\/li>\n<li>Fermoar cu fermoare cu glisiere blocabile<\/li>\n<li>Compartiment principal cu fermoar \u0219i glisiere de blocare<\/li>\n<li>Buzunar secret cu fermoar<\/li>\n<li>Patru m\u00e2nere<\/li>\n<\/ul>\n<h3>Caracteristici<\/h3>\n<ul>\n<li>Greutate &#8212; 2790 g<\/li>\n<li>Volum &#8212; 38 litri<\/li>\n<li>Dimensiuni &#8212; 55 x 43 x 26 cm<\/li>\n<li>Material &#8212; 450D Poliester Recy Recy Bsapp Co TPU Coated<\/li>\n<li>Potrivit pentru bagajele de m\u00e2n\u0103<\/li>\n<li>Scop &#8212; c\u0103l\u0103torii<\/li>\n<li>Model &#8212; unisex<\/li>\n<\/ul>\n<h3>Tehnologie<\/h3>\n<ul>\n<li><strong>HighRoad<\/strong>\u2122 &#8212; sistemul de ro\u021bi, care este un cadru rigid ce formeaz\u0103 cadrul modelelor pe ro\u021bi. Sistemul de ro\u021bi este, de obicei, fabricat din plastic ABS rigid sau din aluminiu u\u0219or pentru aeronave. Acesta protejeaz\u0103 partea inferioar\u0103 a rucsacului sau a geamantanului de voiaj, asigur\u0103 p\u0103strarea formei acestuia \u0219i buna func\u021bionare a ro\u021bilor.<\/li>\n<\/ul>\n<h3>Marca<\/h3>\n<p>Osprey este un produc\u0103tor american care produce rucsacuri moderne excelente pentru o varietate de sarcini, gen\u021bi \u0219i accesorii pentru drume\u021bii. Calitatea produselor marca Osprey se datoreaz\u0103 interesului \u0219i implic\u0103rii personale \u00een dezvoltarea \u0219i controlul proprietarului, Mike Pfotenhauer.<\/p>\n<p>Din 1974, c\u00e2nd a \u00eenregistrat compania, el a verificat fiecare element al rucsacurilor \u0219i al altor produse fabricate anatomic. Aceast\u0103 abordare este cea care a f\u0103cut ca \u00een c\u00e2\u021biva ani de la introducerea Osprey, marca s\u0103 primeasc\u0103 calificative de top din partea clien\u021bilor, prin cererea mare de produse.<\/p>\n<p>\u0218i chiar \u0219i acum, mai bine de 40 de ani mai t\u00e2rziu, Mike viziteaz\u0103 zilnic compania, verific\u00e2nd \u0219i ajust\u00e2nd toate procesele. Aceast\u0103 abordare a afacerii a dus la capacitatea de a oferi o garan\u021bie pe via\u021b\u0103 pentru produsele lor. Principalele caracteristici ale produselor Osprey sunt calitatea ridicat\u0103, tehnologia \u0219i inova\u021bia.<\/p>\n<p><\/p>","protected":false},"excerpt":{"rendered":"","protected":false},"featured_media":49346,"comment_status":"open","ping_status":"closed","template":"","meta":{"_acf_changed":false,"inline_featured_image":false},"product_brand":[1260],"product_cat":[126],"product_tag":[],"class_list":{"0":"post-48884","1":"product","2":"type-product","3":"status-publish","4":"has-post-thumbnail","6":"product_brand-osprey","7":"product_cat-travel-bags","9":"first","10":"instock","11":"shipping-taxable","12":"purchasable","13":"product-type-simple"},"acf":[],"yoast_head":"<!-- This site is optimized with the Yoast SEO plugin v27.2 - https:\/\/yoast.com\/product\/yoast-seo-wordpress\/ -->\n<title>\u0421\u0443\u043c\u043a\u0430 \u043d\u0430 \u043a\u043e\u043b\u0435\u0441\u0430\u0445 Osprey Rolling Transporter Carry-On - \u041c\u0430\u0433\u0430\u0437\u0438\u043d Xstyle<\/title>\n<meta name=\"description\" content=\"\u0421\u0443\u043c\u043a\u0430 \u043d\u0430 \u043a\u043e\u043b\u0435\u0441\u0430\u0445 Osprey Rolling Transporter Carry-On 38 \u043b - \u0438\u0434\u0435\u0430\u043b\u044c\u043d\u0430 \u0434\u043b\u044f \u043f\u0443\u0442\u0435\u0448\u0435\u0441\u0442\u0432\u0438\u0439! \u041b\u0435\u0433\u043a\u0438\u0439, \u043f\u0440\u043e\u0447\u043d\u044b\u0439, \u0432\u043e\u0434\u043e\u043d\u0435\u043f\u0440\u043e\u043d\u0438\u0446\u0430\u0435\u043c\u044b\u0439 \u0438 \u0443\u0434\u043e\u0431\u043d\u044b\u0439 ErgoGrip.\" \/>\n<meta name=\"robots\" content=\"index, follow, max-snippet:-1, max-image-preview:large, max-video-preview:-1\" \/>\n<link rel=\"canonical\" href=\"https:\/\/xstyle.md\/ro\/produs\/sumka-na-kolesah-osprey-rolling-transporter-carry-on\/\" \/>\n<meta property=\"og:locale\" content=\"ro_RO\" \/>\n<meta property=\"og:type\" content=\"article\" \/>\n<meta property=\"og:title\" content=\"\u0421\u0443\u043c\u043a\u0430 \u043d\u0430 \u043a\u043e\u043b\u0435\u0441\u0430\u0445 Osprey Rolling Transporter Carry-On - \u041c\u0430\u0433\u0430\u0437\u0438\u043d Xstyle\" \/>\n<meta property=\"og:description\" content=\"\u0421\u0443\u043c\u043a\u0430 \u043d\u0430 \u043a\u043e\u043b\u0435\u0441\u0430\u0445 Osprey Rolling Transporter Carry-On 38 \u043b - \u0438\u0434\u0435\u0430\u043b\u044c\u043d\u0430 \u0434\u043b\u044f \u043f\u0443\u0442\u0435\u0448\u0435\u0441\u0442\u0432\u0438\u0439! \u041b\u0435\u0433\u043a\u0438\u0439, \u043f\u0440\u043e\u0447\u043d\u044b\u0439, \u0432\u043e\u0434\u043e\u043d\u0435\u043f\u0440\u043e\u043d\u0438\u0446\u0430\u0435\u043c\u044b\u0439 \u0438 \u0443\u0434\u043e\u0431\u043d\u044b\u0439 ErgoGrip.\" \/>\n<meta property=\"og:url\" content=\"https:\/\/xstyle.md\/ro\/produs\/sumka-na-kolesah-osprey-rolling-transporter-carry-on\/\" \/>\n<meta property=\"og:site_name\" content=\"\u041c\u0430\u0433\u0430\u0437\u0438\u043d Xstyle\" \/>\n<meta property=\"article:publisher\" content=\"https:\/\/www.facebook.com\/xstylemd\" \/>\n<meta property=\"article:modified_time\" content=\"2025-03-07T17:28:15+00:00\" \/>\n<meta property=\"og:image\" content=\"https:\/\/xstyle.md\/wp-content\/uploads\/2022\/06\/osprey-rolling-transporter-carry-on.jpg\" \/>\n\t<meta property=\"og:image:width\" content=\"1000\" \/>\n\t<meta property=\"og:image:height\" content=\"1000\" \/>\n\t<meta property=\"og:image:type\" content=\"image\/jpeg\" \/>\n<meta name=\"twitter:card\" content=\"summary_large_image\" \/>\n<meta name=\"twitter:label1\" content=\"Pre\u021b\" \/>\n\t<meta name=\"twitter:data1\" content=\"4.490&nbsp;MDL\" \/>\n\t<meta name=\"twitter:label2\" content=\"Disponibilitate\" \/>\n\t<meta name=\"twitter:data2\" content=\"\u00cen stoc\" \/>\n<script type=\"application\/ld+json\" class=\"yoast-schema-graph\">{\"@context\":\"https:\/\/schema.org\",\"@graph\":[{\"@type\":\"WebPage\",\"@id\":\"https:\/\/xstyle.md\/product\/sumka-na-kolesah-osprey-rolling-transporter-carry-on\/\",\"url\":\"https:\/\/xstyle.md\/product\/sumka-na-kolesah-osprey-rolling-transporter-carry-on\/\",\"name\":\"\u0421\u0443\u043c\u043a\u0430 \u043d\u0430 \u043a\u043e\u043b\u0435\u0441\u0430\u0445 Osprey Rolling Transporter Carry-On - \u041c\u0430\u0433\u0430\u0437\u0438\u043d Xstyle\",\"isPartOf\":{\"@id\":\"https:\/\/xstyle.md\/#website\"},\"primaryImageOfPage\":{\"@id\":\"https:\/\/xstyle.md\/product\/sumka-na-kolesah-osprey-rolling-transporter-carry-on\/#primaryimage\"},\"image\":{\"@id\":\"https:\/\/xstyle.md\/product\/sumka-na-kolesah-osprey-rolling-transporter-carry-on\/#primaryimage\"},\"thumbnailUrl\":\"https:\/\/xstyle.md\/wp-content\/uploads\/2022\/06\/osprey-rolling-transporter-carry-on.jpg\",\"datePublished\":\"2022-06-16T10:22:04+00:00\",\"dateModified\":\"2025-03-07T17:28:15+00:00\",\"description\":\"\u0421\u0443\u043c\u043a\u0430 \u043d\u0430 \u043a\u043e\u043b\u0435\u0441\u0430\u0445 Osprey Rolling Transporter Carry-On 38 \u043b - \u0438\u0434\u0435\u0430\u043b\u044c\u043d\u0430 \u0434\u043b\u044f \u043f\u0443\u0442\u0435\u0448\u0435\u0441\u0442\u0432\u0438\u0439! \u041b\u0435\u0433\u043a\u0438\u0439, \u043f\u0440\u043e\u0447\u043d\u044b\u0439, \u0432\u043e\u0434\u043e\u043d\u0435\u043f\u0440\u043e\u043d\u0438\u0446\u0430\u0435\u043c\u044b\u0439 \u0438 \u0443\u0434\u043e\u0431\u043d\u044b\u0439 ErgoGrip.\",\"breadcrumb\":{\"@id\":\"https:\/\/xstyle.md\/product\/sumka-na-kolesah-osprey-rolling-transporter-carry-on\/#breadcrumb\"},\"inLanguage\":\"ro-RO\",\"potentialAction\":[{\"@type\":\"ReadAction\",\"target\":[\"https:\/\/xstyle.md\/product\/sumka-na-kolesah-osprey-rolling-transporter-carry-on\/\"]}]},{\"@type\":\"ImageObject\",\"inLanguage\":\"ro-RO\",\"@id\":\"https:\/\/xstyle.md\/product\/sumka-na-kolesah-osprey-rolling-transporter-carry-on\/#primaryimage\",\"url\":\"https:\/\/xstyle.md\/wp-content\/uploads\/2022\/06\/osprey-rolling-transporter-carry-on.jpg\",\"contentUrl\":\"https:\/\/xstyle.md\/wp-content\/uploads\/2022\/06\/osprey-rolling-transporter-carry-on.jpg\",\"width\":1000,\"height\":1000,\"caption\":\"\u0422\u0440\u0430\u043d\u0441\u043f\u043e\u0440\u0442\u043d\u0430\u044f \u0441\u0443\u043c\u043a\u0430 \u043d\u0430 \u043a\u043e\u043b\u0435\u0441\u0430\u0445 Osprey \u0434\u043b\u044f \u0430\u043a\u0442\u0438\u0432\u043d\u043e\u0433\u043e \u043e\u0442\u0434\u044b\u0445\u0430 \u043f\u0443\u0442\u0435\u0448\u0435\u0441\u0442\u0432\u0438\u0439 \u0438 \u0445\u0430\u0439\u043a\u0438\u043d\u0433\u0430 \u0441 \u044d\u043a\u0438\u043f\u0438\u0440\u043e\u0432\u043a\u043e\u0439 \u0434\u043b\u044f \u0442\u0443\u0440\u0438\u0441\u0442\u043e\u0432 \u0438 \u0430\u043b\u044c\u043f\u0438\u043d\u0438\u0441\u0442\u043e\u0432 \u0432 \u0438\u043d\u0442\u0435\u0440\u043d\u0435\u0442-\u043c\u0430\u0433\u0430\u0437\u0438\u043d\u0435 \u0442\u043e\u0432\u0430\u0440\u043e\u0432 \u0434\u043b\u044f \u0430\u043a\u0442\u0438\u0432\u043d\u043e\u0439 \u0436\u0438\u0437\u043d\u0438\"},{\"@type\":\"BreadcrumbList\",\"@id\":\"https:\/\/xstyle.md\/product\/sumka-na-kolesah-osprey-rolling-transporter-carry-on\/#breadcrumb\",\"itemListElement\":[{\"@type\":\"ListItem\",\"position\":1,\"name\":\"\u0413\u043b\u0430\u0432\u043d\u0430\u044f \u0441\u0442\u0440\u0430\u043d\u0438\u0446\u0430\",\"item\":\"https:\/\/xstyle.md\/\"},{\"@type\":\"ListItem\",\"position\":2,\"name\":\"\u041c\u0430\u0433\u0430\u0437\u0438\u043d\",\"item\":\"https:\/\/xstyle.md\/shop\/\"},{\"@type\":\"ListItem\",\"position\":3,\"name\":\"\u0421\u0443\u043c\u043a\u0430 \u043d\u0430 \u043a\u043e\u043b\u0435\u0441\u0430\u0445 Osprey Rolling Transporter Carry-On\"}]},{\"@type\":\"WebSite\",\"@id\":\"https:\/\/xstyle.md\/#website\",\"url\":\"https:\/\/xstyle.md\/\",\"name\":\"\u041c\u0430\u0433\u0430\u0437\u0438\u043d Xstyle\",\"description\":\"C\u043d\u0430\u0440\u044f\u0436\u0435\u043d\u0438\u0435 \u0434\u043b\u044f \u0442\u0443\u0440\u0438\u0437\u043c\u0430 \u0438 \u044d\u043a\u0441\u0442\u0440\u0435\u043c\u0430\u043b\u044c\u043d\u044b\u0445 \u0432\u0438\u0434\u043e\u0432 \u0441\u043f\u043e\u0440\u0442\u0430 \u0432 \u041c\u043e\u043b\u0434\u043e\u0432\u0435.. \u0426\u0435\u043d\u044b, \u0444\u043e\u0442\u043e, \u0445\u0430\u0440\u0430\u043a\u0442\u0435\u0440\u0438\u0441\u0442\u0438\u043a\u0438 \u0432 \u041c\u043e\u043b\u0434\u043e\u0432\u0435.\",\"publisher\":{\"@id\":\"https:\/\/xstyle.md\/#organization\"},\"alternateName\":\"X-Style\",\"potentialAction\":[{\"@type\":\"SearchAction\",\"target\":{\"@type\":\"EntryPoint\",\"urlTemplate\":\"https:\/\/xstyle.md\/?s={search_term_string}\"},\"query-input\":{\"@type\":\"PropertyValueSpecification\",\"valueRequired\":true,\"valueName\":\"search_term_string\"}}],\"inLanguage\":\"ro-RO\"},{\"@type\":\"Organization\",\"@id\":\"https:\/\/xstyle.md\/#organization\",\"name\":\"\u041c\u0430\u0433\u0430\u0437\u0438\u043d Xstyle\",\"alternateName\":\"x-style\",\"url\":\"https:\/\/xstyle.md\/\",\"logo\":{\"@type\":\"ImageObject\",\"inLanguage\":\"ro-RO\",\"@id\":\"https:\/\/xstyle.md\/#\/schema\/logo\/image\/\",\"url\":\"https:\/\/xstyle.md\/wp-content\/uploads\/2020\/06\/logoicon.svg\",\"contentUrl\":\"https:\/\/xstyle.md\/wp-content\/uploads\/2020\/06\/logoicon.svg\",\"caption\":\"\u041c\u0430\u0433\u0430\u0437\u0438\u043d Xstyle\"},\"image\":{\"@id\":\"https:\/\/xstyle.md\/#\/schema\/logo\/image\/\"},\"sameAs\":[\"https:\/\/www.facebook.com\/xstylemd\",\"https:\/\/www.instagram.com\/xstyle_md\/\",\"https:\/\/t.me\/xstyle_outdoor\"],\"hasMerchantReturnPolicy\":{\"@type\":\"MerchantReturnPolicy\",\"merchantReturnLink\":\"https:\/\/xstyle.md\/ro\/conditions\/\"}}]}<\/script>\n<meta property=\"product:price:amount\" content=\"4490.00\" \/>\n<meta property=\"product:price:currency\" content=\"MDL\" \/>\n<meta property=\"og:availability\" content=\"instock\" \/>\n<meta property=\"product:availability\" content=\"instock\" \/>\n<meta property=\"product:retailer_item_id\" content=\"843820123791\" \/>\n<meta property=\"product:condition\" content=\"new\" \/>\n<!-- \/ Yoast SEO plugin. -->","yoast_head_json":{"title":"Geant\u0103 cu ro\u021bi Osprey Rolling Transporter Carry-On - Magazin Xstyle","description":"Geanta pe ro\u021bi Osprey Rolling Transporter Carry-On 38 l - ideal\u0103 pentru c\u0103l\u0103torii! U\u0219oar\u0103, durabil\u0103, impermeabil\u0103 \u0219i confortabil\u0103 cu ErgoGrip.","robots":{"index":"index","follow":"follow","max-snippet":"max-snippet:-1","max-image-preview":"max-image-preview:large","max-video-preview":"max-video-preview:-1"},"canonical":"https:\/\/xstyle.md\/ro\/produs\/sumka-na-kolesah-osprey-rolling-transporter-carry-on\/","og_locale":"ro_RO","og_type":"article","og_title":"\u0421\u0443\u043c\u043a\u0430 \u043d\u0430 \u043a\u043e\u043b\u0435\u0441\u0430\u0445 Osprey Rolling Transporter Carry-On - \u041c\u0430\u0433\u0430\u0437\u0438\u043d Xstyle","og_description":"\u0421\u0443\u043c\u043a\u0430 \u043d\u0430 \u043a\u043e\u043b\u0435\u0441\u0430\u0445 Osprey Rolling Transporter Carry-On 38 \u043b - \u0438\u0434\u0435\u0430\u043b\u044c\u043d\u0430 \u0434\u043b\u044f \u043f\u0443\u0442\u0435\u0448\u0435\u0441\u0442\u0432\u0438\u0439! \u041b\u0435\u0433\u043a\u0438\u0439, \u043f\u0440\u043e\u0447\u043d\u044b\u0439, \u0432\u043e\u0434\u043e\u043d\u0435\u043f\u0440\u043e\u043d\u0438\u0446\u0430\u0435\u043c\u044b\u0439 \u0438 \u0443\u0434\u043e\u0431\u043d\u044b\u0439 ErgoGrip.","og_url":"https:\/\/xstyle.md\/ro\/produs\/sumka-na-kolesah-osprey-rolling-transporter-carry-on\/","og_site_name":"\u041c\u0430\u0433\u0430\u0437\u0438\u043d Xstyle","article_publisher":"https:\/\/www.facebook.com\/xstylemd","article_modified_time":"2025-03-07T17:28:15+00:00","og_image":[{"width":1000,"height":1000,"url":"https:\/\/xstyle.md\/wp-content\/uploads\/2022\/06\/osprey-rolling-transporter-carry-on.jpg","type":"image\/jpeg"}],"twitter_card":"summary_large_image","twitter_misc":{"Pre\u021b":"4.490&nbsp;MDL","Disponibilitate":"\u00cen stoc"},"schema":{"@context":"https:\/\/schema.org","@graph":[{"@type":"WebPage","@id":"https:\/\/xstyle.md\/product\/sumka-na-kolesah-osprey-rolling-transporter-carry-on\/","url":"https:\/\/xstyle.md\/product\/sumka-na-kolesah-osprey-rolling-transporter-carry-on\/","name":"Geant\u0103 cu ro\u021bi Osprey Rolling Transporter Carry-On - Magazin Xstyle","isPartOf":{"@id":"https:\/\/xstyle.md\/#website"},"primaryImageOfPage":{"@id":"https:\/\/xstyle.md\/product\/sumka-na-kolesah-osprey-rolling-transporter-carry-on\/#primaryimage"},"image":{"@id":"https:\/\/xstyle.md\/product\/sumka-na-kolesah-osprey-rolling-transporter-carry-on\/#primaryimage"},"thumbnailUrl":"https:\/\/xstyle.md\/wp-content\/uploads\/2022\/06\/osprey-rolling-transporter-carry-on.jpg","datePublished":"2022-06-16T10:22:04+00:00","dateModified":"2025-03-07T17:28:15+00:00","description":"Geanta pe ro\u021bi Osprey Rolling Transporter Carry-On 38 l - ideal\u0103 pentru c\u0103l\u0103torii! U\u0219oar\u0103, durabil\u0103, impermeabil\u0103 \u0219i confortabil\u0103 cu ErgoGrip.","breadcrumb":{"@id":"https:\/\/xstyle.md\/product\/sumka-na-kolesah-osprey-rolling-transporter-carry-on\/#breadcrumb"},"inLanguage":"ro-RO","potentialAction":[{"@type":"ReadAction","target":["https:\/\/xstyle.md\/product\/sumka-na-kolesah-osprey-rolling-transporter-carry-on\/"]}]},{"@type":"ImageObject","inLanguage":"ro-RO","@id":"https:\/\/xstyle.md\/product\/sumka-na-kolesah-osprey-rolling-transporter-carry-on\/#primaryimage","url":"https:\/\/xstyle.md\/wp-content\/uploads\/2022\/06\/osprey-rolling-transporter-carry-on.jpg","contentUrl":"https:\/\/xstyle.md\/wp-content\/uploads\/2022\/06\/osprey-rolling-transporter-carry-on.jpg","width":1000,"height":1000,"caption":"\u0422\u0440\u0430\u043d\u0441\u043f\u043e\u0440\u0442\u043d\u0430\u044f \u0441\u0443\u043c\u043a\u0430 \u043d\u0430 \u043a\u043e\u043b\u0435\u0441\u0430\u0445 Osprey \u0434\u043b\u044f \u0430\u043a\u0442\u0438\u0432\u043d\u043e\u0433\u043e \u043e\u0442\u0434\u044b\u0445\u0430 \u043f\u0443\u0442\u0435\u0448\u0435\u0441\u0442\u0432\u0438\u0439 \u0438 \u0445\u0430\u0439\u043a\u0438\u043d\u0433\u0430 \u0441 \u044d\u043a\u0438\u043f\u0438\u0440\u043e\u0432\u043a\u043e\u0439 \u0434\u043b\u044f \u0442\u0443\u0440\u0438\u0441\u0442\u043e\u0432 \u0438 \u0430\u043b\u044c\u043f\u0438\u043d\u0438\u0441\u0442\u043e\u0432 \u0432 \u0438\u043d\u0442\u0435\u0440\u043d\u0435\u0442-\u043c\u0430\u0433\u0430\u0437\u0438\u043d\u0435 \u0442\u043e\u0432\u0430\u0440\u043e\u0432 \u0434\u043b\u044f \u0430\u043a\u0442\u0438\u0432\u043d\u043e\u0439 \u0436\u0438\u0437\u043d\u0438"},{"@type":"BreadcrumbList","@id":"https:\/\/xstyle.md\/product\/sumka-na-kolesah-osprey-rolling-transporter-carry-on\/#breadcrumb","itemListElement":[{"@type":"ListItem","position":1,"name":"\u0413\u043b\u0430\u0432\u043d\u0430\u044f \u0441\u0442\u0440\u0430\u043d\u0438\u0446\u0430","item":"https:\/\/xstyle.md\/"},{"@type":"ListItem","position":2,"name":"\u041c\u0430\u0433\u0430\u0437\u0438\u043d","item":"https:\/\/xstyle.md\/shop\/"},{"@type":"ListItem","position":3,"name":"\u0421\u0443\u043c\u043a\u0430 \u043d\u0430 \u043a\u043e\u043b\u0435\u0441\u0430\u0445 Osprey Rolling Transporter Carry-On"}]},{"@type":"WebSite","@id":"https:\/\/xstyle.md\/#website","url":"https:\/\/xstyle.md\/","name":"Magazinul X-Style","description":"Echipamente pentru turism \u0219i sporturi extreme \u00een Moldova. Pre\u021buri, fotografii, caracteristici \u00een Moldova.","publisher":{"@id":"https:\/\/xstyle.md\/#organization"},"alternateName":"X-Style","potentialAction":[{"@type":"SearchAction","target":{"@type":"EntryPoint","urlTemplate":"https:\/\/xstyle.md\/?s={search_term_string}"},"query-input":{"@type":"PropertyValueSpecification","valueRequired":true,"valueName":"search_term_string"}}],"inLanguage":"ro-RO"},{"@type":"Organization","@id":"https:\/\/xstyle.md\/#organization","name":"Magazinul X-Style","alternateName":"x-style","url":"https:\/\/xstyle.md\/","logo":{"@type":"ImageObject","inLanguage":"ro-RO","@id":"https:\/\/xstyle.md\/#\/schema\/logo\/image\/","url":"https:\/\/xstyle.md\/wp-content\/uploads\/2020\/06\/logoicon.svg","contentUrl":"https:\/\/xstyle.md\/wp-content\/uploads\/2020\/06\/logoicon.svg","caption":"\u041c\u0430\u0433\u0430\u0437\u0438\u043d Xstyle"},"image":{"@id":"https:\/\/xstyle.md\/#\/schema\/logo\/image\/"},"sameAs":["https:\/\/www.facebook.com\/xstylemd","https:\/\/www.instagram.com\/xstyle_md\/","https:\/\/t.me\/xstyle_outdoor"],"hasMerchantReturnPolicy":{"@type":"MerchantReturnPolicy","merchantReturnLink":"https:\/\/xstyle.md\/ro\/conditions\/"}}]},"product_price_amount":"4490.00","product_price_currency":"MDL","og_availability":"instock","product_availability":"instock","product_retailer_item_id":"843820123791","product_condition":"new"},"post_mailing_queue_ids":[],"_links":{"self":[{"href":"https:\/\/xstyle.md\/ro\/wp-json\/wp\/v2\/product\/48884","targetHints":{"allow":["GET"]}}],"collection":[{"href":"https:\/\/xstyle.md\/ro\/wp-json\/wp\/v2\/product"}],"about":[{"href":"https:\/\/xstyle.md\/ro\/wp-json\/wp\/v2\/types\/product"}],"replies":[{"embeddable":true,"href":"https:\/\/xstyle.md\/ro\/wp-json\/wp\/v2\/comments?post=48884"}],"wp:featuredmedia":[{"embeddable":true,"href":"https:\/\/xstyle.md\/ro\/wp-json\/wp\/v2\/media\/49346"}],"wp:attachment":[{"href":"https:\/\/xstyle.md\/ro\/wp-json\/wp\/v2\/media?parent=48884"}],"wp:term":[{"taxonomy":"product_brand","embeddable":true,"href":"https:\/\/xstyle.md\/ro\/wp-json\/wp\/v2\/product_brand?post=48884"},{"taxonomy":"product_cat","embeddable":true,"href":"https:\/\/xstyle.md\/ro\/wp-json\/wp\/v2\/product_cat?post=48884"},{"taxonomy":"product_tag","embeddable":true,"href":"https:\/\/xstyle.md\/ro\/wp-json\/wp\/v2\/product_tag?post=48884"}],"curies":[{"name":"wp","href":"https:\/\/api.w.org\/{rel}","templated":true}]}}