{"id":48874,"date":"2022-06-16T13:22:01","date_gmt":"2022-06-16T10:22:01","guid":{"rendered":"https:\/\/xstyle.md\/?post_type=product&#038;p=48874"},"modified":"2026-03-19T16:48:52","modified_gmt":"2026-03-19T13:48:52","slug":"fonar-dlya-velosipeda-moon-helix-lite","status":"publish","type":"product","link":"https:\/\/xstyle.md\/ro\/produs\/fonar-dlya-velosipeda-moon-helix-lite\/","title":{"rendered":"Lantern\u0103 pentru biciclet\u0103 Moon Helix Lite"},"content":{"rendered":"<\/p>\n<p><strong>Moon Helix Lite<\/strong> &#8212; lanterna pentru biciclete indic\u0103 \u00een mod clar dimensiunile biciclistului pe \u0219osea. Cinci moduri v\u0103 permit s\u0103 \u00eel alege\u021bi pe cel mai bun \u00een func\u021bie de situa\u021bie, iar func\u021bia de memorie activeaz\u0103 acela\u0219i mod care a fost setat \u00een timpul ultimei plimb\u0103ri. Bli\u021bul are o durat\u0103 de via\u021b\u0103 de p\u00e2n\u0103 la 110 ore, \u00een func\u021bie de modul ales. R\u0103m\u00e2nerea brusc\u0103 f\u0103r\u0103 baterie nu v\u0103 va lua prin surprindere datorit\u0103 indicatorilor nivelului de \u00eenc\u0103rcare. Modelul dispune de protec\u021bie \u00eempotriva umidit\u0103\u021bii \u0406\u0420\u04257 &#8212; utiliza\u021bi-l \u00een siguran\u021b\u0103 pe orice vreme, iar carcasa durabil\u0103 din aluminiu este rezistent\u0103 la deterior\u0103ri mecanice. Este fixat cu o curea universal\u0103 din silicon.<\/p>\n<h3>Caracteristici<\/h3>\n<ul>\n<li>Luminozitate &#8212; 100 lumeni<\/li>\n<li>Baterie &#8212; litiu-polimer, 500mAh\/3,7 V<\/li>\n<li>Timp de \u00eenc\u0103rcare &#8212; 3 ore (cablu USB TYPE-C inclus)<\/li>\n<li>Dimensiuni &#8212; 22 x 19,5 x 51 x mm (L x P x H)<\/li>\n<li>Greutate &#8212; 30 g<\/li>\n<\/ul>\n<p><\/p>","protected":false},"excerpt":{"rendered":"","protected":false},"featured_media":49532,"comment_status":"open","ping_status":"closed","template":"","meta":{"_acf_changed":false,"inline_featured_image":false},"product_brand":[1372],"product_cat":[502],"product_tag":[],"class_list":{"0":"post-48874","1":"product","2":"type-product","3":"status-publish","4":"has-post-thumbnail","6":"product_brand-messingschlager","7":"product_cat-bicycle-lights","9":"first","10":"instock","11":"shipping-taxable","12":"purchasable","13":"product-type-simple"},"acf":[],"yoast_head":"<!-- This site is optimized with the Yoast SEO plugin v27.2 - https:\/\/yoast.com\/product\/yoast-seo-wordpress\/ -->\n<title>\u0424\u043e\u043d\u0430\u0440\u044c \u0434\u043b\u044f \u0432\u0435\u043b\u043e\u0441\u0438\u043f\u0435\u0434\u0430 Moon Helix Lite - \u041c\u0430\u0433\u0430\u0437\u0438\u043d Xstyle<\/title>\n<meta name=\"description\" content=\"\u0424\u043e\u043d\u0430\u0440\u044c \u0434\u043b\u044f \u0432\u0435\u043b\u043e\u0441\u0438\u043f\u0435\u0434\u0430 Moon Helix Lite - \u043c\u043e\u0449\u043d\u044b\u0439, \u0441 5 \u0440\u0435\u0436\u0438\u043c\u0430\u043c\u0438 \u0438 \u0434\u043e 110 \u0447\u0430\u0441\u043e\u0432 \u0440\u0430\u0431\u043e\u0442\u044b. \u0423\u0434\u043e\u0431\u043d\u0430\u044f \u0437\u0430\u0440\u044f\u0434\u043a\u0430 \u0447\u0435\u0440\u0435\u0437 USB Type-C. \u042f\u0440\u043a\u043e\u0441\u0442\u044c \u043d\u0430 \u0432\u0430\u0448\u0435\u043c \u043f\u0443\u0442\u0438!\" \/>\n<meta name=\"robots\" content=\"index, follow, max-snippet:-1, max-image-preview:large, max-video-preview:-1\" \/>\n<link rel=\"canonical\" href=\"https:\/\/xstyle.md\/ro\/produs\/fonar-dlya-velosipeda-moon-helix-lite\/\" \/>\n<meta property=\"og:locale\" content=\"ro_RO\" \/>\n<meta property=\"og:type\" content=\"article\" \/>\n<meta property=\"og:title\" content=\"\u0424\u043e\u043d\u0430\u0440\u044c \u0434\u043b\u044f \u0432\u0435\u043b\u043e\u0441\u0438\u043f\u0435\u0434\u0430 Moon Helix Lite - \u041c\u0430\u0433\u0430\u0437\u0438\u043d Xstyle\" \/>\n<meta property=\"og:description\" content=\"\u0424\u043e\u043d\u0430\u0440\u044c \u0434\u043b\u044f \u0432\u0435\u043b\u043e\u0441\u0438\u043f\u0435\u0434\u0430 Moon Helix Lite - \u043c\u043e\u0449\u043d\u044b\u0439, \u0441 5 \u0440\u0435\u0436\u0438\u043c\u0430\u043c\u0438 \u0438 \u0434\u043e 110 \u0447\u0430\u0441\u043e\u0432 \u0440\u0430\u0431\u043e\u0442\u044b. \u0423\u0434\u043e\u0431\u043d\u0430\u044f \u0437\u0430\u0440\u044f\u0434\u043a\u0430 \u0447\u0435\u0440\u0435\u0437 USB Type-C. \u042f\u0440\u043a\u043e\u0441\u0442\u044c \u043d\u0430 \u0432\u0430\u0448\u0435\u043c \u043f\u0443\u0442\u0438!\" \/>\n<meta property=\"og:url\" content=\"https:\/\/xstyle.md\/ro\/produs\/fonar-dlya-velosipeda-moon-helix-lite\/\" \/>\n<meta property=\"og:site_name\" content=\"\u041c\u0430\u0433\u0430\u0437\u0438\u043d Xstyle\" \/>\n<meta property=\"article:publisher\" content=\"https:\/\/www.facebook.com\/xstylemd\" \/>\n<meta property=\"article:modified_time\" content=\"2026-03-19T13:48:52+00:00\" \/>\n<meta property=\"og:image\" content=\"https:\/\/xstyle.md\/wp-content\/uploads\/2022\/06\/moon-helix-lite.jpg\" \/>\n\t<meta property=\"og:image:width\" content=\"810\" \/>\n\t<meta property=\"og:image:height\" content=\"814\" \/>\n\t<meta property=\"og:image:type\" content=\"image\/jpeg\" \/>\n<meta name=\"twitter:card\" content=\"summary_large_image\" \/>\n<meta name=\"twitter:label1\" content=\"Pre\u021b\" \/>\n\t<meta name=\"twitter:data1\" content=\"620&nbsp;MDL\" \/>\n\t<meta name=\"twitter:label2\" content=\"Disponibilitate\" \/>\n\t<meta name=\"twitter:data2\" content=\"\u00cen stoc\" \/>\n<script type=\"application\/ld+json\" class=\"yoast-schema-graph\">{\"@context\":\"https:\/\/schema.org\",\"@graph\":[{\"@type\":\"WebPage\",\"@id\":\"https:\/\/xstyle.md\/product\/fonar-dlya-velosipeda-moon-helix-lite\/\",\"url\":\"https:\/\/xstyle.md\/product\/fonar-dlya-velosipeda-moon-helix-lite\/\",\"name\":\"\u0424\u043e\u043d\u0430\u0440\u044c \u0434\u043b\u044f \u0432\u0435\u043b\u043e\u0441\u0438\u043f\u0435\u0434\u0430 Moon Helix Lite - \u041c\u0430\u0433\u0430\u0437\u0438\u043d Xstyle\",\"isPartOf\":{\"@id\":\"https:\/\/xstyle.md\/#website\"},\"primaryImageOfPage\":{\"@id\":\"https:\/\/xstyle.md\/product\/fonar-dlya-velosipeda-moon-helix-lite\/#primaryimage\"},\"image\":{\"@id\":\"https:\/\/xstyle.md\/product\/fonar-dlya-velosipeda-moon-helix-lite\/#primaryimage\"},\"thumbnailUrl\":\"https:\/\/xstyle.md\/wp-content\/uploads\/2022\/06\/moon-helix-lite.jpg\",\"datePublished\":\"2022-06-16T10:22:01+00:00\",\"dateModified\":\"2026-03-19T13:48:52+00:00\",\"description\":\"\u0424\u043e\u043d\u0430\u0440\u044c \u0434\u043b\u044f \u0432\u0435\u043b\u043e\u0441\u0438\u043f\u0435\u0434\u0430 Moon Helix Lite - \u043c\u043e\u0449\u043d\u044b\u0439, \u0441 5 \u0440\u0435\u0436\u0438\u043c\u0430\u043c\u0438 \u0438 \u0434\u043e 110 \u0447\u0430\u0441\u043e\u0432 \u0440\u0430\u0431\u043e\u0442\u044b. \u0423\u0434\u043e\u0431\u043d\u0430\u044f \u0437\u0430\u0440\u044f\u0434\u043a\u0430 \u0447\u0435\u0440\u0435\u0437 USB Type-C. \u042f\u0440\u043a\u043e\u0441\u0442\u044c \u043d\u0430 \u0432\u0430\u0448\u0435\u043c \u043f\u0443\u0442\u0438!\",\"breadcrumb\":{\"@id\":\"https:\/\/xstyle.md\/product\/fonar-dlya-velosipeda-moon-helix-lite\/#breadcrumb\"},\"inLanguage\":\"ro-RO\",\"potentialAction\":[{\"@type\":\"ReadAction\",\"target\":[\"https:\/\/xstyle.md\/product\/fonar-dlya-velosipeda-moon-helix-lite\/\"]}]},{\"@type\":\"ImageObject\",\"inLanguage\":\"ro-RO\",\"@id\":\"https:\/\/xstyle.md\/product\/fonar-dlya-velosipeda-moon-helix-lite\/#primaryimage\",\"url\":\"https:\/\/xstyle.md\/wp-content\/uploads\/2022\/06\/moon-helix-lite.jpg\",\"contentUrl\":\"https:\/\/xstyle.md\/wp-content\/uploads\/2022\/06\/moon-helix-lite.jpg\",\"width\":810,\"height\":814,\"caption\":\"\u041c\u043e\u0434\u0435\u043b\u044c \u0444\u043e\u043d\u0430\u0440\u044f \u0434\u043b\u044f \u0432\u0435\u043b\u043e\u0441\u0438\u043f\u0435\u0434\u0430 Moon Helix Lite \u0434\u043b\u044f \u0430\u043a\u0442\u0438\u0432\u043d\u043e\u0433\u043e \u043e\u0442\u0434\u044b\u0445\u0430, \u0442\u0443\u0440\u0438\u0441\u0442\u0438\u0447\u0435\u0441\u043a\u043e\u0439 \u043e\u0434\u0435\u0436\u0434\u044b, \u043e\u0431\u0443\u0432\u0438 \u0438 \u0441\u043d\u0430\u0440\u044f\u0436\u0435\u043d\u0438\u044f \u0434\u043b\u044f \u0430\u043b\u044c\u043f\u0438\u043d\u0438\u0437\u043c\u0430, \u043f\u0443\u0442\u0435\u0448\u0435\u0441\u0442\u0432\u0438\u0439 \u0438 \u0445\u0430\u0439\u043a\u0438\u043d\u0433\u0430\"},{\"@type\":\"BreadcrumbList\",\"@id\":\"https:\/\/xstyle.md\/product\/fonar-dlya-velosipeda-moon-helix-lite\/#breadcrumb\",\"itemListElement\":[{\"@type\":\"ListItem\",\"position\":1,\"name\":\"\u0413\u043b\u0430\u0432\u043d\u0430\u044f \u0441\u0442\u0440\u0430\u043d\u0438\u0446\u0430\",\"item\":\"https:\/\/xstyle.md\/\"},{\"@type\":\"ListItem\",\"position\":2,\"name\":\"\u041c\u0430\u0433\u0430\u0437\u0438\u043d\",\"item\":\"https:\/\/xstyle.md\/shop\/\"},{\"@type\":\"ListItem\",\"position\":3,\"name\":\"\u0424\u043e\u043d\u0430\u0440\u044c \u0434\u043b\u044f \u0432\u0435\u043b\u043e\u0441\u0438\u043f\u0435\u0434\u0430 Moon Helix Lite\"}]},{\"@type\":\"WebSite\",\"@id\":\"https:\/\/xstyle.md\/#website\",\"url\":\"https:\/\/xstyle.md\/\",\"name\":\"\u041c\u0430\u0433\u0430\u0437\u0438\u043d Xstyle\",\"description\":\"C\u043d\u0430\u0440\u044f\u0436\u0435\u043d\u0438\u0435 \u0434\u043b\u044f \u0442\u0443\u0440\u0438\u0437\u043c\u0430 \u0438 \u044d\u043a\u0441\u0442\u0440\u0435\u043c\u0430\u043b\u044c\u043d\u044b\u0445 \u0432\u0438\u0434\u043e\u0432 \u0441\u043f\u043e\u0440\u0442\u0430 \u0432 \u041c\u043e\u043b\u0434\u043e\u0432\u0435.. \u0426\u0435\u043d\u044b, \u0444\u043e\u0442\u043e, \u0445\u0430\u0440\u0430\u043a\u0442\u0435\u0440\u0438\u0441\u0442\u0438\u043a\u0438 \u0432 \u041c\u043e\u043b\u0434\u043e\u0432\u0435.\",\"publisher\":{\"@id\":\"https:\/\/xstyle.md\/#organization\"},\"alternateName\":\"X-Style\",\"potentialAction\":[{\"@type\":\"SearchAction\",\"target\":{\"@type\":\"EntryPoint\",\"urlTemplate\":\"https:\/\/xstyle.md\/?s={search_term_string}\"},\"query-input\":{\"@type\":\"PropertyValueSpecification\",\"valueRequired\":true,\"valueName\":\"search_term_string\"}}],\"inLanguage\":\"ro-RO\"},{\"@type\":\"Organization\",\"@id\":\"https:\/\/xstyle.md\/#organization\",\"name\":\"\u041c\u0430\u0433\u0430\u0437\u0438\u043d Xstyle\",\"alternateName\":\"x-style\",\"url\":\"https:\/\/xstyle.md\/\",\"logo\":{\"@type\":\"ImageObject\",\"inLanguage\":\"ro-RO\",\"@id\":\"https:\/\/xstyle.md\/#\/schema\/logo\/image\/\",\"url\":\"https:\/\/xstyle.md\/wp-content\/uploads\/2020\/06\/logoicon.svg\",\"contentUrl\":\"https:\/\/xstyle.md\/wp-content\/uploads\/2020\/06\/logoicon.svg\",\"caption\":\"\u041c\u0430\u0433\u0430\u0437\u0438\u043d Xstyle\"},\"image\":{\"@id\":\"https:\/\/xstyle.md\/#\/schema\/logo\/image\/\"},\"sameAs\":[\"https:\/\/www.facebook.com\/xstylemd\",\"https:\/\/www.instagram.com\/xstyle_md\/\",\"https:\/\/t.me\/xstyle_outdoor\"],\"hasMerchantReturnPolicy\":{\"@type\":\"MerchantReturnPolicy\",\"merchantReturnLink\":\"https:\/\/xstyle.md\/ro\/conditions\/\"}}]}<\/script>\n<meta property=\"product:price:amount\" content=\"620.00\" \/>\n<meta property=\"product:price:currency\" content=\"MDL\" \/>\n<meta property=\"og:availability\" content=\"instock\" \/>\n<meta property=\"product:availability\" content=\"instock\" \/>\n<meta property=\"product:retailer_item_id\" content=\"4897029985236\" \/>\n<meta property=\"product:condition\" content=\"new\" \/>\n<!-- \/ Yoast SEO plugin. -->","yoast_head_json":{"title":"Lantern\u0103 pentru biciclet\u0103 Moon Helix Lite - Magazin Xstyle","description":"Lanterna pentru biciclet\u0103 Moon Helix Lite - puternic\u0103, cu 5 moduri \u0219i p\u00e2n\u0103 la 110 ore de func\u021bionare. \u00cenc\u0103rcare comod\u0103 prin USB Type-C. Luminozitate pe drumul vostru!","robots":{"index":"index","follow":"follow","max-snippet":"max-snippet:-1","max-image-preview":"max-image-preview:large","max-video-preview":"max-video-preview:-1"},"canonical":"https:\/\/xstyle.md\/ro\/produs\/fonar-dlya-velosipeda-moon-helix-lite\/","og_locale":"ro_RO","og_type":"article","og_title":"\u0424\u043e\u043d\u0430\u0440\u044c \u0434\u043b\u044f \u0432\u0435\u043b\u043e\u0441\u0438\u043f\u0435\u0434\u0430 Moon Helix Lite - \u041c\u0430\u0433\u0430\u0437\u0438\u043d Xstyle","og_description":"\u0424\u043e\u043d\u0430\u0440\u044c \u0434\u043b\u044f \u0432\u0435\u043b\u043e\u0441\u0438\u043f\u0435\u0434\u0430 Moon Helix Lite - \u043c\u043e\u0449\u043d\u044b\u0439, \u0441 5 \u0440\u0435\u0436\u0438\u043c\u0430\u043c\u0438 \u0438 \u0434\u043e 110 \u0447\u0430\u0441\u043e\u0432 \u0440\u0430\u0431\u043e\u0442\u044b. \u0423\u0434\u043e\u0431\u043d\u0430\u044f \u0437\u0430\u0440\u044f\u0434\u043a\u0430 \u0447\u0435\u0440\u0435\u0437 USB Type-C. \u042f\u0440\u043a\u043e\u0441\u0442\u044c \u043d\u0430 \u0432\u0430\u0448\u0435\u043c \u043f\u0443\u0442\u0438!","og_url":"https:\/\/xstyle.md\/ro\/produs\/fonar-dlya-velosipeda-moon-helix-lite\/","og_site_name":"\u041c\u0430\u0433\u0430\u0437\u0438\u043d Xstyle","article_publisher":"https:\/\/www.facebook.com\/xstylemd","article_modified_time":"2026-03-19T13:48:52+00:00","og_image":[{"width":810,"height":814,"url":"https:\/\/xstyle.md\/wp-content\/uploads\/2022\/06\/moon-helix-lite.jpg","type":"image\/jpeg"}],"twitter_card":"summary_large_image","twitter_misc":{"Pre\u021b":"620&nbsp;MDL","Disponibilitate":"\u00cen stoc"},"schema":{"@context":"https:\/\/schema.org","@graph":[{"@type":"WebPage","@id":"https:\/\/xstyle.md\/product\/fonar-dlya-velosipeda-moon-helix-lite\/","url":"https:\/\/xstyle.md\/product\/fonar-dlya-velosipeda-moon-helix-lite\/","name":"Lantern\u0103 pentru biciclet\u0103 Moon Helix Lite - Magazin Xstyle","isPartOf":{"@id":"https:\/\/xstyle.md\/#website"},"primaryImageOfPage":{"@id":"https:\/\/xstyle.md\/product\/fonar-dlya-velosipeda-moon-helix-lite\/#primaryimage"},"image":{"@id":"https:\/\/xstyle.md\/product\/fonar-dlya-velosipeda-moon-helix-lite\/#primaryimage"},"thumbnailUrl":"https:\/\/xstyle.md\/wp-content\/uploads\/2022\/06\/moon-helix-lite.jpg","datePublished":"2022-06-16T10:22:01+00:00","dateModified":"2026-03-19T13:48:52+00:00","description":"Lanterna pentru biciclet\u0103 Moon Helix Lite - puternic\u0103, cu 5 moduri \u0219i p\u00e2n\u0103 la 110 ore de func\u021bionare. \u00cenc\u0103rcare comod\u0103 prin USB Type-C. Luminozitate pe drumul vostru!","breadcrumb":{"@id":"https:\/\/xstyle.md\/product\/fonar-dlya-velosipeda-moon-helix-lite\/#breadcrumb"},"inLanguage":"ro-RO","potentialAction":[{"@type":"ReadAction","target":["https:\/\/xstyle.md\/product\/fonar-dlya-velosipeda-moon-helix-lite\/"]}]},{"@type":"ImageObject","inLanguage":"ro-RO","@id":"https:\/\/xstyle.md\/product\/fonar-dlya-velosipeda-moon-helix-lite\/#primaryimage","url":"https:\/\/xstyle.md\/wp-content\/uploads\/2022\/06\/moon-helix-lite.jpg","contentUrl":"https:\/\/xstyle.md\/wp-content\/uploads\/2022\/06\/moon-helix-lite.jpg","width":810,"height":814,"caption":"\u041c\u043e\u0434\u0435\u043b\u044c \u0444\u043e\u043d\u0430\u0440\u044f \u0434\u043b\u044f \u0432\u0435\u043b\u043e\u0441\u0438\u043f\u0435\u0434\u0430 Moon Helix Lite \u0434\u043b\u044f \u0430\u043a\u0442\u0438\u0432\u043d\u043e\u0433\u043e \u043e\u0442\u0434\u044b\u0445\u0430, \u0442\u0443\u0440\u0438\u0441\u0442\u0438\u0447\u0435\u0441\u043a\u043e\u0439 \u043e\u0434\u0435\u0436\u0434\u044b, \u043e\u0431\u0443\u0432\u0438 \u0438 \u0441\u043d\u0430\u0440\u044f\u0436\u0435\u043d\u0438\u044f \u0434\u043b\u044f \u0430\u043b\u044c\u043f\u0438\u043d\u0438\u0437\u043c\u0430, \u043f\u0443\u0442\u0435\u0448\u0435\u0441\u0442\u0432\u0438\u0439 \u0438 \u0445\u0430\u0439\u043a\u0438\u043d\u0433\u0430"},{"@type":"BreadcrumbList","@id":"https:\/\/xstyle.md\/product\/fonar-dlya-velosipeda-moon-helix-lite\/#breadcrumb","itemListElement":[{"@type":"ListItem","position":1,"name":"\u0413\u043b\u0430\u0432\u043d\u0430\u044f \u0441\u0442\u0440\u0430\u043d\u0438\u0446\u0430","item":"https:\/\/xstyle.md\/"},{"@type":"ListItem","position":2,"name":"\u041c\u0430\u0433\u0430\u0437\u0438\u043d","item":"https:\/\/xstyle.md\/shop\/"},{"@type":"ListItem","position":3,"name":"\u0424\u043e\u043d\u0430\u0440\u044c \u0434\u043b\u044f \u0432\u0435\u043b\u043e\u0441\u0438\u043f\u0435\u0434\u0430 Moon Helix Lite"}]},{"@type":"WebSite","@id":"https:\/\/xstyle.md\/#website","url":"https:\/\/xstyle.md\/","name":"Magazinul X-Style","description":"Echipamente pentru turism \u0219i sporturi extreme \u00een Moldova. Pre\u021buri, fotografii, caracteristici \u00een Moldova.","publisher":{"@id":"https:\/\/xstyle.md\/#organization"},"alternateName":"X-Style","potentialAction":[{"@type":"SearchAction","target":{"@type":"EntryPoint","urlTemplate":"https:\/\/xstyle.md\/?s={search_term_string}"},"query-input":{"@type":"PropertyValueSpecification","valueRequired":true,"valueName":"search_term_string"}}],"inLanguage":"ro-RO"},{"@type":"Organization","@id":"https:\/\/xstyle.md\/#organization","name":"Magazinul X-Style","alternateName":"x-style","url":"https:\/\/xstyle.md\/","logo":{"@type":"ImageObject","inLanguage":"ro-RO","@id":"https:\/\/xstyle.md\/#\/schema\/logo\/image\/","url":"https:\/\/xstyle.md\/wp-content\/uploads\/2020\/06\/logoicon.svg","contentUrl":"https:\/\/xstyle.md\/wp-content\/uploads\/2020\/06\/logoicon.svg","caption":"\u041c\u0430\u0433\u0430\u0437\u0438\u043d Xstyle"},"image":{"@id":"https:\/\/xstyle.md\/#\/schema\/logo\/image\/"},"sameAs":["https:\/\/www.facebook.com\/xstylemd","https:\/\/www.instagram.com\/xstyle_md\/","https:\/\/t.me\/xstyle_outdoor"],"hasMerchantReturnPolicy":{"@type":"MerchantReturnPolicy","merchantReturnLink":"https:\/\/xstyle.md\/ro\/conditions\/"}}]},"product_price_amount":"620.00","product_price_currency":"MDL","og_availability":"instock","product_availability":"instock","product_retailer_item_id":"4897029985236","product_condition":"new"},"post_mailing_queue_ids":[],"_links":{"self":[{"href":"https:\/\/xstyle.md\/ro\/wp-json\/wp\/v2\/product\/48874","targetHints":{"allow":["GET"]}}],"collection":[{"href":"https:\/\/xstyle.md\/ro\/wp-json\/wp\/v2\/product"}],"about":[{"href":"https:\/\/xstyle.md\/ro\/wp-json\/wp\/v2\/types\/product"}],"replies":[{"embeddable":true,"href":"https:\/\/xstyle.md\/ro\/wp-json\/wp\/v2\/comments?post=48874"}],"wp:featuredmedia":[{"embeddable":true,"href":"https:\/\/xstyle.md\/ro\/wp-json\/wp\/v2\/media\/49532"}],"wp:attachment":[{"href":"https:\/\/xstyle.md\/ro\/wp-json\/wp\/v2\/media?parent=48874"}],"wp:term":[{"taxonomy":"product_brand","embeddable":true,"href":"https:\/\/xstyle.md\/ro\/wp-json\/wp\/v2\/product_brand?post=48874"},{"taxonomy":"product_cat","embeddable":true,"href":"https:\/\/xstyle.md\/ro\/wp-json\/wp\/v2\/product_cat?post=48874"},{"taxonomy":"product_tag","embeddable":true,"href":"https:\/\/xstyle.md\/ro\/wp-json\/wp\/v2\/product_tag?post=48874"}],"curies":[{"name":"wp","href":"https:\/\/api.w.org\/{rel}","templated":true}]}}