{"id":48861,"date":"2022-06-16T13:21:59","date_gmt":"2022-06-16T10:21:59","guid":{"rendered":"https:\/\/xstyle.md\/?post_type=product&#038;p=48861"},"modified":"2025-10-24T12:47:20","modified_gmt":"2025-10-24T09:47:20","slug":"noski-lorpen-hcpne","status":"publish","type":"product","link":"https:\/\/xstyle.md\/ro\/produs\/noski-lorpen-hcpne\/","title":{"rendered":"\u0218osete Lorpen HCPNE charcoal green"},"content":{"rendered":"<\/p>\n<p><strong>Lorpen HCPNE<\/strong> &#8212; \u0219osete de trekking u\u0219oare \u0219i respirabile. Confec\u021bionate din sticle de plastic reciclate, aceste \u0219osete sunt ideale pentru cei afla\u021bi la \u00eenceput \u00een lumea trekking-ului.<\/p>\n<h3>Particularit\u0103\u021bi<\/h3>\n<ul>\n<li>Lycra elastic\u0103 din care este confec\u021bionat\u0103 \u0219oseta previne alunecarea acesteia de pe picior.<\/li>\n<li>Stratul exterior din nailon previne apari\u021bia b\u0103\u0219icilor \u0219i asigur\u0103 o rezisten\u021b\u0103 maxim\u0103 la abraziune<\/li>\n<li>\u021aes\u0103tura lejer\u0103 \u00een zona t\u0103lpii \u0219i a arcadei piciorului creeaz\u0103 zone bine aerisite<\/li>\n<li>Cus\u0103tura unic\u0103 \u0219i plat\u0103 a degetelor de la picioare nu irit\u0103 degetele, pentru un plus de confort.<\/li>\n<\/ul>\n<h3>Caracteristici<\/h3>\n<ul>\n<li>Material &#8212; 48% nailon, 45% EcoFresh, 7% Lycra<\/li>\n<li>Num\u0103r de straturi &#8212; dou\u0103 straturi (T2)<\/li>\n<li>Scop - trekking, drume\u021bii<\/li>\n<li>Sezonul &#8212; toamn\u0103\/prim\u0103var\u0103\/var\u0103<\/li>\n<li>Grosime - 2\/4<\/li>\n<li>Model - b\u0103rba\u021bi.<\/li>\n<\/ul>\n<h3>Tehnologie<\/h3>\n<ul>\n<li><strong>Tehnologia T2<\/strong> &#8212; \u0219osete din l\u00e2n\u0103 merino, poliester sau un amestec de fibre (l\u00e2n\u0103 \u0219i poliester &#8212; sinteticele fac l\u00e2na mai moale, \u00eendep\u0103rteaz\u0103 umezeala de picior \u0219i o \u00eempinge \u00een exterior unde se evapor\u0103; l\u00e2na \u021bine piciorul cald chiar \u0219i atunci c\u00e2nd este umed \u0219i acumuleaz\u0103 umezeal\u0103 dac\u0103 pantoful nu respir\u0103 bine) \u0219i un strat exterior de nailon \u00een zonele cu frecare ridicat\u0103. Ca la toate \u0219osetele Lorpen, cus\u0103tura de la v\u00e2rf este plat\u0103.<\/li>\n<li><strong>Nylon<\/strong> - este un brad de continuitate fibroas\u0103, caracterizat prin rezisten\u021b a uzurii \u0219 i propriet\u0103\u021b ile de amortizare. Nailonul este utilizat \u00een stratul extern al echipamentului Lorpen, care poate fi folosit pentru a determina durata pasajului pulmonar.<\/li>\n<li><strong>Lycra<\/strong> \u2013 sau elastan sunt fibre sintetice caracterizate prin elasticitate \u0219i elasticitate excep\u021bionale. Con\u021binutul de Lycra din \u0219osetele Lorpen este de obicei cuprins \u00eentre 5 \u0219i 10%. Acest lucru asigur\u0103 c\u0103 \u0219osetele se potrivesc perfect pe picior \u0219i nu alunec\u0103.<\/li>\n<\/ul>\n<h3>Marca<\/h3>\n<p>Lorpen este unul dintre cei mai importan\u021bi produc\u0103tori de articole sportive din Spania, care a imprimat cele mai populare articole sportive din lume. Gama lor include modele de trekking, alergare, expedi\u021bie \u0219i schi, pentru a putea oferi un gust al tuturor.<\/p>\n<p>Obiectivul principal al Lorpen este acela de a crea cel mai important \u0219osete \u00een punctarea tehnologiei lumii. Odat\u0103 ce a\u021bi \u00eencercat \u0219osetele termice Lorpen, care func\u021bioneaz\u0103 toat\u0103 ziua, chiar \u0219i \u00een timpul efortului intens, ajut\u00e2nd la reglarea c\u0103ldurii \u0219i a nivelului de umiditate din picioare, nu ve\u021bi mai putea purta niciodat\u0103 \u0219osete obi\u0219nuite din bumbac.<\/p>\n<p><\/p>\n<\/div>","protected":false},"excerpt":{"rendered":"","protected":false},"featured_media":49497,"comment_status":"open","ping_status":"closed","template":"","meta":{"_acf_changed":false,"inline_featured_image":false},"product_brand":[1293],"product_cat":[231],"product_tag":[],"class_list":{"0":"post-48861","1":"product","2":"type-product","3":"status-publish","4":"has-post-thumbnail","6":"product_brand-lorpen","7":"product_cat-hunting-fishing","9":"first","10":"instock","11":"shipping-taxable","12":"purchasable","13":"product-type-simple"},"acf":[],"yoast_head":"<!-- This site is optimized with the Yoast SEO plugin v27.2 - https:\/\/yoast.com\/product\/yoast-seo-wordpress\/ -->\n<title>\u041d\u043e\u0441\u043a\u0438 Lorpen HCPNE charcoal green - \u041c\u0430\u0433\u0430\u0437\u0438\u043d Xstyle<\/title>\n<meta name=\"description\" content=\"\u041d\u043e\u0441\u043a\u0438 Lorpen HCPNE charcoal green \u0438\u0434\u0435\u0430\u043b\u044c\u043d\u043e \u043f\u043e\u0434\u0445\u043e\u0434\u044f\u0442 \u0434\u043b\u044f \u0442\u0440\u0435\u043a\u043a\u0438\u043d\u0433\u0430. \u041b\u0435\u0433\u043a\u0438\u0435, \u0434\u044b\u0448\u0430\u0449\u0438\u0435 \u0438 \u0438\u0437\u0433\u043e\u0442\u043e\u0432\u043b\u0435\u043d\u044b \u0438\u0437 \u043f\u0435\u0440\u0435\u0440\u0430\u0431\u043e\u0442\u0430\u043d\u043d\u044b\u0445 \u043c\u0430\u0442\u0435\u0440\u0438\u0430\u043b\u043e\u0432. \u041a\u043e\u043c\u0444\u043e\u0440\u0442 \u0438 \u0441\u0442\u0438\u043b\u044c!\" \/>\n<meta name=\"robots\" content=\"index, follow, max-snippet:-1, max-image-preview:large, max-video-preview:-1\" \/>\n<link rel=\"canonical\" href=\"https:\/\/xstyle.md\/ro\/produs\/noski-lorpen-hcpne\/\" \/>\n<meta property=\"og:locale\" content=\"ro_RO\" \/>\n<meta property=\"og:type\" content=\"article\" \/>\n<meta property=\"og:title\" content=\"\u041d\u043e\u0441\u043a\u0438 Lorpen HCPNE charcoal green - \u041c\u0430\u0433\u0430\u0437\u0438\u043d Xstyle\" \/>\n<meta property=\"og:description\" content=\"\u041d\u043e\u0441\u043a\u0438 Lorpen HCPNE charcoal green \u0438\u0434\u0435\u0430\u043b\u044c\u043d\u043e \u043f\u043e\u0434\u0445\u043e\u0434\u044f\u0442 \u0434\u043b\u044f \u0442\u0440\u0435\u043a\u043a\u0438\u043d\u0433\u0430. \u041b\u0435\u0433\u043a\u0438\u0435, \u0434\u044b\u0448\u0430\u0449\u0438\u0435 \u0438 \u0438\u0437\u0433\u043e\u0442\u043e\u0432\u043b\u0435\u043d\u044b \u0438\u0437 \u043f\u0435\u0440\u0435\u0440\u0430\u0431\u043e\u0442\u0430\u043d\u043d\u044b\u0445 \u043c\u0430\u0442\u0435\u0440\u0438\u0430\u043b\u043e\u0432. \u041a\u043e\u043c\u0444\u043e\u0440\u0442 \u0438 \u0441\u0442\u0438\u043b\u044c!\" \/>\n<meta property=\"og:url\" content=\"https:\/\/xstyle.md\/ro\/produs\/noski-lorpen-hcpne\/\" \/>\n<meta property=\"og:site_name\" content=\"\u041c\u0430\u0433\u0430\u0437\u0438\u043d Xstyle\" \/>\n<meta property=\"article:publisher\" content=\"https:\/\/www.facebook.com\/xstylemd\" \/>\n<meta property=\"article:modified_time\" content=\"2025-10-24T09:47:20+00:00\" \/>\n<meta property=\"og:image\" content=\"https:\/\/xstyle.md\/wp-content\/uploads\/2022\/06\/lorpen-hcpne-0.jpg\" \/>\n\t<meta property=\"og:image:width\" content=\"920\" \/>\n\t<meta property=\"og:image:height\" content=\"1012\" \/>\n\t<meta property=\"og:image:type\" content=\"image\/jpeg\" \/>\n<meta name=\"twitter:card\" content=\"summary_large_image\" \/>\n<meta name=\"twitter:label1\" content=\"Pre\u021b\" \/>\n\t<meta name=\"twitter:data1\" content=\"285&nbsp;MDL\" \/>\n\t<meta name=\"twitter:label2\" content=\"Disponibilitate\" \/>\n\t<meta name=\"twitter:data2\" content=\"\u00cen stoc\" \/>\n<script type=\"application\/ld+json\" class=\"yoast-schema-graph\">{\"@context\":\"https:\/\/schema.org\",\"@graph\":[{\"@type\":\"WebPage\",\"@id\":\"https:\/\/xstyle.md\/product\/noski-lorpen-hcpne\/\",\"url\":\"https:\/\/xstyle.md\/product\/noski-lorpen-hcpne\/\",\"name\":\"\u041d\u043e\u0441\u043a\u0438 Lorpen HCPNE charcoal green - \u041c\u0430\u0433\u0430\u0437\u0438\u043d Xstyle\",\"isPartOf\":{\"@id\":\"https:\/\/xstyle.md\/#website\"},\"primaryImageOfPage\":{\"@id\":\"https:\/\/xstyle.md\/product\/noski-lorpen-hcpne\/#primaryimage\"},\"image\":{\"@id\":\"https:\/\/xstyle.md\/product\/noski-lorpen-hcpne\/#primaryimage\"},\"thumbnailUrl\":\"https:\/\/xstyle.md\/wp-content\/uploads\/2022\/06\/lorpen-hcpne-0.jpg\",\"datePublished\":\"2022-06-16T10:21:59+00:00\",\"dateModified\":\"2025-10-24T09:47:20+00:00\",\"description\":\"\u041d\u043e\u0441\u043a\u0438 Lorpen HCPNE charcoal green \u0438\u0434\u0435\u0430\u043b\u044c\u043d\u043e \u043f\u043e\u0434\u0445\u043e\u0434\u044f\u0442 \u0434\u043b\u044f \u0442\u0440\u0435\u043a\u043a\u0438\u043d\u0433\u0430. \u041b\u0435\u0433\u043a\u0438\u0435, \u0434\u044b\u0448\u0430\u0449\u0438\u0435 \u0438 \u0438\u0437\u0433\u043e\u0442\u043e\u0432\u043b\u0435\u043d\u044b \u0438\u0437 \u043f\u0435\u0440\u0435\u0440\u0430\u0431\u043e\u0442\u0430\u043d\u043d\u044b\u0445 \u043c\u0430\u0442\u0435\u0440\u0438\u0430\u043b\u043e\u0432. \u041a\u043e\u043c\u0444\u043e\u0440\u0442 \u0438 \u0441\u0442\u0438\u043b\u044c!\",\"breadcrumb\":{\"@id\":\"https:\/\/xstyle.md\/product\/noski-lorpen-hcpne\/#breadcrumb\"},\"inLanguage\":\"ro-RO\",\"potentialAction\":[{\"@type\":\"ReadAction\",\"target\":[\"https:\/\/xstyle.md\/product\/noski-lorpen-hcpne\/\"]}]},{\"@type\":\"ImageObject\",\"inLanguage\":\"ro-RO\",\"@id\":\"https:\/\/xstyle.md\/product\/noski-lorpen-hcpne\/#primaryimage\",\"url\":\"https:\/\/xstyle.md\/wp-content\/uploads\/2022\/06\/lorpen-hcpne-0.jpg\",\"contentUrl\":\"https:\/\/xstyle.md\/wp-content\/uploads\/2022\/06\/lorpen-hcpne-0.jpg\",\"width\":920,\"height\":1012,\"caption\":\"\u0422\u0435\u043f\u043b\u044b\u0435 \u043d\u043e\u0441\u043a\u0438 Lorpen HCPNE \u0432 \u0437\u0435\u043b\u0435\u043d\u043e\u043c \u0446\u0432\u0435\u0442\u0435 \u0434\u043b\u044f \u0430\u043a\u0442\u0438\u0432\u043d\u043e\u0433\u043e \u043e\u0442\u0434\u044b\u0445\u0430 \u043f\u043e\u0445\u043e\u0434\u043e\u0432 \u0430\u043b\u044c\u043f\u0438\u043d\u0438\u0437\u043c\u0430 \u043f\u0443\u0442\u0435\u0448\u0435\u0441\u0442\u0432\u0438\u0439 \u0441\u043f\u043e\u0440\u0442\u0438\u0432\u043d\u043e\u0439 \u043e\u0434\u0435\u0436\u0434\u044b \u0438 \u043e\u0431\u0443\u0432\u0438 \u0434\u043b\u044f \u043e\u043d\u043b\u0430\u0439\u043d-\u043c\u0430\u0433\u0430\u0437\u0438\u043d\u0430\"},{\"@type\":\"BreadcrumbList\",\"@id\":\"https:\/\/xstyle.md\/product\/noski-lorpen-hcpne\/#breadcrumb\",\"itemListElement\":[{\"@type\":\"ListItem\",\"position\":1,\"name\":\"\u0413\u043b\u0430\u0432\u043d\u0430\u044f \u0441\u0442\u0440\u0430\u043d\u0438\u0446\u0430\",\"item\":\"https:\/\/xstyle.md\/\"},{\"@type\":\"ListItem\",\"position\":2,\"name\":\"\u041c\u0430\u0433\u0430\u0437\u0438\u043d\",\"item\":\"https:\/\/xstyle.md\/shop\/\"},{\"@type\":\"ListItem\",\"position\":3,\"name\":\"\u041d\u043e\u0441\u043a\u0438 Lorpen HCPNE charcoal green\"}]},{\"@type\":\"WebSite\",\"@id\":\"https:\/\/xstyle.md\/#website\",\"url\":\"https:\/\/xstyle.md\/\",\"name\":\"\u041c\u0430\u0433\u0430\u0437\u0438\u043d Xstyle\",\"description\":\"C\u043d\u0430\u0440\u044f\u0436\u0435\u043d\u0438\u0435 \u0434\u043b\u044f \u0442\u0443\u0440\u0438\u0437\u043c\u0430 \u0438 \u044d\u043a\u0441\u0442\u0440\u0435\u043c\u0430\u043b\u044c\u043d\u044b\u0445 \u0432\u0438\u0434\u043e\u0432 \u0441\u043f\u043e\u0440\u0442\u0430 \u0432 \u041c\u043e\u043b\u0434\u043e\u0432\u0435.. \u0426\u0435\u043d\u044b, \u0444\u043e\u0442\u043e, \u0445\u0430\u0440\u0430\u043a\u0442\u0435\u0440\u0438\u0441\u0442\u0438\u043a\u0438 \u0432 \u041c\u043e\u043b\u0434\u043e\u0432\u0435.\",\"publisher\":{\"@id\":\"https:\/\/xstyle.md\/#organization\"},\"alternateName\":\"X-Style\",\"potentialAction\":[{\"@type\":\"SearchAction\",\"target\":{\"@type\":\"EntryPoint\",\"urlTemplate\":\"https:\/\/xstyle.md\/?s={search_term_string}\"},\"query-input\":{\"@type\":\"PropertyValueSpecification\",\"valueRequired\":true,\"valueName\":\"search_term_string\"}}],\"inLanguage\":\"ro-RO\"},{\"@type\":\"Organization\",\"@id\":\"https:\/\/xstyle.md\/#organization\",\"name\":\"\u041c\u0430\u0433\u0430\u0437\u0438\u043d Xstyle\",\"alternateName\":\"x-style\",\"url\":\"https:\/\/xstyle.md\/\",\"logo\":{\"@type\":\"ImageObject\",\"inLanguage\":\"ro-RO\",\"@id\":\"https:\/\/xstyle.md\/#\/schema\/logo\/image\/\",\"url\":\"https:\/\/xstyle.md\/wp-content\/uploads\/2020\/06\/logoicon.svg\",\"contentUrl\":\"https:\/\/xstyle.md\/wp-content\/uploads\/2020\/06\/logoicon.svg\",\"caption\":\"\u041c\u0430\u0433\u0430\u0437\u0438\u043d Xstyle\"},\"image\":{\"@id\":\"https:\/\/xstyle.md\/#\/schema\/logo\/image\/\"},\"sameAs\":[\"https:\/\/www.facebook.com\/xstylemd\",\"https:\/\/www.instagram.com\/xstyle_md\/\",\"https:\/\/t.me\/xstyle_outdoor\"],\"hasMerchantReturnPolicy\":{\"@type\":\"MerchantReturnPolicy\",\"merchantReturnLink\":\"https:\/\/xstyle.md\/ro\/conditions\/\"}}]}<\/script>\n<meta property=\"product:price:amount\" content=\"285.00\" \/>\n<meta property=\"product:price:currency\" content=\"MDL\" \/>\n<meta property=\"og:availability\" content=\"instock\" \/>\n<meta property=\"product:availability\" content=\"instock\" \/>\n<meta property=\"product:retailer_item_id\" content=\"8445042778821\" \/>\n<meta property=\"product:condition\" content=\"new\" \/>\n<!-- \/ Yoast SEO plugin. -->","yoast_head_json":{"title":"\u0218osete Lorpen HCPNE charcoal green - Magazin Xstyle","description":"Sosetele Lorpen HCPNE charcoal green sunt ideale pentru trekking. U\u0219oare, respirabile \u0219i fabricate din materiale reciclate. Confort \u0219i stil!","robots":{"index":"index","follow":"follow","max-snippet":"max-snippet:-1","max-image-preview":"max-image-preview:large","max-video-preview":"max-video-preview:-1"},"canonical":"https:\/\/xstyle.md\/ro\/produs\/noski-lorpen-hcpne\/","og_locale":"ro_RO","og_type":"article","og_title":"\u041d\u043e\u0441\u043a\u0438 Lorpen HCPNE charcoal green - \u041c\u0430\u0433\u0430\u0437\u0438\u043d Xstyle","og_description":"\u041d\u043e\u0441\u043a\u0438 Lorpen HCPNE charcoal green \u0438\u0434\u0435\u0430\u043b\u044c\u043d\u043e \u043f\u043e\u0434\u0445\u043e\u0434\u044f\u0442 \u0434\u043b\u044f \u0442\u0440\u0435\u043a\u043a\u0438\u043d\u0433\u0430. \u041b\u0435\u0433\u043a\u0438\u0435, \u0434\u044b\u0448\u0430\u0449\u0438\u0435 \u0438 \u0438\u0437\u0433\u043e\u0442\u043e\u0432\u043b\u0435\u043d\u044b \u0438\u0437 \u043f\u0435\u0440\u0435\u0440\u0430\u0431\u043e\u0442\u0430\u043d\u043d\u044b\u0445 \u043c\u0430\u0442\u0435\u0440\u0438\u0430\u043b\u043e\u0432. \u041a\u043e\u043c\u0444\u043e\u0440\u0442 \u0438 \u0441\u0442\u0438\u043b\u044c!","og_url":"https:\/\/xstyle.md\/ro\/produs\/noski-lorpen-hcpne\/","og_site_name":"\u041c\u0430\u0433\u0430\u0437\u0438\u043d Xstyle","article_publisher":"https:\/\/www.facebook.com\/xstylemd","article_modified_time":"2025-10-24T09:47:20+00:00","og_image":[{"width":920,"height":1012,"url":"https:\/\/xstyle.md\/wp-content\/uploads\/2022\/06\/lorpen-hcpne-0.jpg","type":"image\/jpeg"}],"twitter_card":"summary_large_image","twitter_misc":{"Pre\u021b":"285&nbsp;MDL","Disponibilitate":"\u00cen stoc"},"schema":{"@context":"https:\/\/schema.org","@graph":[{"@type":"WebPage","@id":"https:\/\/xstyle.md\/product\/noski-lorpen-hcpne\/","url":"https:\/\/xstyle.md\/product\/noski-lorpen-hcpne\/","name":"\u0218osete Lorpen HCPNE charcoal green - Magazin Xstyle","isPartOf":{"@id":"https:\/\/xstyle.md\/#website"},"primaryImageOfPage":{"@id":"https:\/\/xstyle.md\/product\/noski-lorpen-hcpne\/#primaryimage"},"image":{"@id":"https:\/\/xstyle.md\/product\/noski-lorpen-hcpne\/#primaryimage"},"thumbnailUrl":"https:\/\/xstyle.md\/wp-content\/uploads\/2022\/06\/lorpen-hcpne-0.jpg","datePublished":"2022-06-16T10:21:59+00:00","dateModified":"2025-10-24T09:47:20+00:00","description":"Sosetele Lorpen HCPNE charcoal green sunt ideale pentru trekking. U\u0219oare, respirabile \u0219i fabricate din materiale reciclate. Confort \u0219i stil!","breadcrumb":{"@id":"https:\/\/xstyle.md\/product\/noski-lorpen-hcpne\/#breadcrumb"},"inLanguage":"ro-RO","potentialAction":[{"@type":"ReadAction","target":["https:\/\/xstyle.md\/product\/noski-lorpen-hcpne\/"]}]},{"@type":"ImageObject","inLanguage":"ro-RO","@id":"https:\/\/xstyle.md\/product\/noski-lorpen-hcpne\/#primaryimage","url":"https:\/\/xstyle.md\/wp-content\/uploads\/2022\/06\/lorpen-hcpne-0.jpg","contentUrl":"https:\/\/xstyle.md\/wp-content\/uploads\/2022\/06\/lorpen-hcpne-0.jpg","width":920,"height":1012,"caption":"\u0422\u0435\u043f\u043b\u044b\u0435 \u043d\u043e\u0441\u043a\u0438 Lorpen HCPNE \u0432 \u0437\u0435\u043b\u0435\u043d\u043e\u043c \u0446\u0432\u0435\u0442\u0435 \u0434\u043b\u044f \u0430\u043a\u0442\u0438\u0432\u043d\u043e\u0433\u043e \u043e\u0442\u0434\u044b\u0445\u0430 \u043f\u043e\u0445\u043e\u0434\u043e\u0432 \u0430\u043b\u044c\u043f\u0438\u043d\u0438\u0437\u043c\u0430 \u043f\u0443\u0442\u0435\u0448\u0435\u0441\u0442\u0432\u0438\u0439 \u0441\u043f\u043e\u0440\u0442\u0438\u0432\u043d\u043e\u0439 \u043e\u0434\u0435\u0436\u0434\u044b \u0438 \u043e\u0431\u0443\u0432\u0438 \u0434\u043b\u044f \u043e\u043d\u043b\u0430\u0439\u043d-\u043c\u0430\u0433\u0430\u0437\u0438\u043d\u0430"},{"@type":"BreadcrumbList","@id":"https:\/\/xstyle.md\/product\/noski-lorpen-hcpne\/#breadcrumb","itemListElement":[{"@type":"ListItem","position":1,"name":"\u0413\u043b\u0430\u0432\u043d\u0430\u044f \u0441\u0442\u0440\u0430\u043d\u0438\u0446\u0430","item":"https:\/\/xstyle.md\/"},{"@type":"ListItem","position":2,"name":"\u041c\u0430\u0433\u0430\u0437\u0438\u043d","item":"https:\/\/xstyle.md\/shop\/"},{"@type":"ListItem","position":3,"name":"\u041d\u043e\u0441\u043a\u0438 Lorpen HCPNE charcoal green"}]},{"@type":"WebSite","@id":"https:\/\/xstyle.md\/#website","url":"https:\/\/xstyle.md\/","name":"Magazinul X-Style","description":"Echipamente pentru turism \u0219i sporturi extreme \u00een Moldova. Pre\u021buri, fotografii, caracteristici \u00een Moldova.","publisher":{"@id":"https:\/\/xstyle.md\/#organization"},"alternateName":"X-Style","potentialAction":[{"@type":"SearchAction","target":{"@type":"EntryPoint","urlTemplate":"https:\/\/xstyle.md\/?s={search_term_string}"},"query-input":{"@type":"PropertyValueSpecification","valueRequired":true,"valueName":"search_term_string"}}],"inLanguage":"ro-RO"},{"@type":"Organization","@id":"https:\/\/xstyle.md\/#organization","name":"Magazinul X-Style","alternateName":"x-style","url":"https:\/\/xstyle.md\/","logo":{"@type":"ImageObject","inLanguage":"ro-RO","@id":"https:\/\/xstyle.md\/#\/schema\/logo\/image\/","url":"https:\/\/xstyle.md\/wp-content\/uploads\/2020\/06\/logoicon.svg","contentUrl":"https:\/\/xstyle.md\/wp-content\/uploads\/2020\/06\/logoicon.svg","caption":"\u041c\u0430\u0433\u0430\u0437\u0438\u043d Xstyle"},"image":{"@id":"https:\/\/xstyle.md\/#\/schema\/logo\/image\/"},"sameAs":["https:\/\/www.facebook.com\/xstylemd","https:\/\/www.instagram.com\/xstyle_md\/","https:\/\/t.me\/xstyle_outdoor"],"hasMerchantReturnPolicy":{"@type":"MerchantReturnPolicy","merchantReturnLink":"https:\/\/xstyle.md\/ro\/conditions\/"}}]},"product_price_amount":"285.00","product_price_currency":"MDL","og_availability":"instock","product_availability":"instock","product_retailer_item_id":"8445042778821","product_condition":"new"},"post_mailing_queue_ids":[],"_links":{"self":[{"href":"https:\/\/xstyle.md\/ro\/wp-json\/wp\/v2\/product\/48861","targetHints":{"allow":["GET"]}}],"collection":[{"href":"https:\/\/xstyle.md\/ro\/wp-json\/wp\/v2\/product"}],"about":[{"href":"https:\/\/xstyle.md\/ro\/wp-json\/wp\/v2\/types\/product"}],"replies":[{"embeddable":true,"href":"https:\/\/xstyle.md\/ro\/wp-json\/wp\/v2\/comments?post=48861"}],"wp:featuredmedia":[{"embeddable":true,"href":"https:\/\/xstyle.md\/ro\/wp-json\/wp\/v2\/media\/49497"}],"wp:attachment":[{"href":"https:\/\/xstyle.md\/ro\/wp-json\/wp\/v2\/media?parent=48861"}],"wp:term":[{"taxonomy":"product_brand","embeddable":true,"href":"https:\/\/xstyle.md\/ro\/wp-json\/wp\/v2\/product_brand?post=48861"},{"taxonomy":"product_cat","embeddable":true,"href":"https:\/\/xstyle.md\/ro\/wp-json\/wp\/v2\/product_cat?post=48861"},{"taxonomy":"product_tag","embeddable":true,"href":"https:\/\/xstyle.md\/ro\/wp-json\/wp\/v2\/product_tag?post=48861"}],"curies":[{"name":"wp","href":"https:\/\/api.w.org\/{rel}","templated":true}]}}