{"id":48857,"date":"2022-06-16T13:21:58","date_gmt":"2022-06-16T10:21:58","guid":{"rendered":"https:\/\/xstyle.md\/?post_type=product&#038;p=48857"},"modified":"2024-12-16T22:34:13","modified_gmt":"2024-12-16T19:34:13","slug":"polotencze-lifeventure-tropical","status":"publish","type":"product","link":"https:\/\/xstyle.md\/ro\/produs\/polotencze-lifeventure-tropical\/","title":{"rendered":"Prosop Lifeventure Tropical"},"content":{"rendered":"<p><strong>Lifeventure Tropical<\/strong> &#8212; \u0443\u043b\u044c\u0442\u0440\u0430\u043b\u0435\u0433\u043a\u043e\u0435 \u043a\u043e\u043c\u043f\u0430\u043a\u0442\u043d\u043e\u0435 \u043f\u043e\u043b\u043e\u0442\u0435\u043d\u0446\u0435 \u0441 \u0434\u0435\u043a\u043e\u0440\u0430\u0442\u0438\u0432\u043d\u044b\u043c \u043f\u0440\u0438\u043d\u0442\u043e\u043c \u0438\u0437 \u0442\u043a\u0430\u043d\u0438 SoftFibre, \u043e\u0431\u043b\u0430\u0434\u0430\u0435\u0442 \u0432\u044b\u0441\u043e\u043a\u043e\u0439 \u0432\u043f\u0438\u0442\u044b\u0432\u0430\u044e\u0449\u0435\u0439 \u0441\u043f\u043e\u0441\u043e\u0431\u043d\u043e\u0441\u0442\u044c\u044e. \u0418\u0434\u0435\u0430\u043b\u044c\u043d\u043e \u043f\u043e\u0434\u0445\u043e\u0434\u0438\u0442 \u0434\u043b\u044f \u0441\u043f\u043e\u0440\u0442\u0430, \u043e\u0442\u0434\u044b\u0445\u0430 \u043d\u0430 \u043f\u043b\u044f\u0436\u0435, \u0443\u0434\u043e\u0431\u043d\u043e \u0432 \u043f\u043e\u0445\u043e\u0434\u0435 \u0438 \u043f\u0440\u043e\u0441\u0442\u043e \u043d\u0435\u0437\u0430\u043c\u0435\u043d\u0438\u043c\u043e \u0432 \u043f\u0443\u0442\u0435\u0448\u0435\u0441\u0442\u0432\u0438\u044f\u0445. \u041a\u0430\u0436\u0434\u043e\u0435 \u043f\u043e\u043b\u043e\u0442\u0435\u043d\u0446\u0435 \u043e\u0431\u0440\u0430\u0431\u043e\u0442\u0430\u043d\u043e \u0441\u043f\u0435\u0446\u0438\u0430\u043b\u044c\u043d\u044b\u043c \u0441\u0440\u0435\u0434\u0441\u0442\u0432\u043e\u043c \u0430\u043d\u0442\u0438\u0431\u0430\u043a\u0442\u0435\u0440\u0438\u0430\u043b\u044c\u043d\u043e\u0439 \u0437\u0430\u0449\u0438\u0442\u044b Polygiene\u00ae, \u043a\u043e\u0442\u043e\u0440\u043e\u0435 \u043f\u0440\u0435\u043f\u044f\u0442\u0441\u0442\u0432\u0443\u0435\u0442 \u043f\u043e\u044f\u0432\u043b\u0435\u043d\u0438\u044e \u0431\u0430\u043a\u0442\u0435\u0440\u0438\u0439 \u0438 \u043e\u0431\u0440\u0430\u0437\u043e\u0432\u0430\u043d\u0438\u044e \u043d\u0435\u043f\u0440\u0438\u044f\u0442\u043d\u044b\u0445 \u0437\u0430\u043f\u0430\u0445\u043e\u0432, \u043f\u043e\u044d\u0442\u043e\u043c\u0443 \u043f\u043e\u043b\u043e\u0442\u0435\u043d\u0446\u0435 \u043e\u0441\u0442\u0430\u0435\u0442\u0441\u044f \u0447\u0438\u0441\u0442\u044b\u043c \u0438 \u0441\u0432\u0435\u0436\u0438\u043c \u0434\u043e\u043b\u044c\u0448\u0435.<\/p>\n<h3>Particularit\u0103\u021bi<\/h3>\n<ul>\n<li>\u0418\u0437\u0433\u043e\u0442\u043e\u0432\u043b\u0435\u043d\u043e \u0438\u0437 \u043c\u044f\u0433\u043a\u043e\u0433\u043e \u043c\u0430\u0442\u0435\u0440\u0438\u0430\u043b\u0430 SoftFibre \u0441 \u043f\u043e\u0432\u044b\u0448\u0435\u043d\u043d\u043e\u0439 \u0432\u043f\u0438\u0442\u044b\u0432\u0430\u0435\u043c\u043e\u0441\u0442\u044c\u044e<\/li>\n<li>\u041b\u0435\u0433\u043a\u043e\u0435 \u0438 \u043a\u043e\u043c\u043f\u0430\u043a\u0442\u043d\u043e\u0435 \u043f\u043e\u043b\u043e\u0442\u0435\u043d\u0446\u0435<\/li>\n<li>\u0410\u043d\u0442\u0438\u0431\u0430\u043a\u0442\u0435\u0440\u0438\u0430\u043b\u044c\u043d\u0430\u044f \u0444\u043e\u0440\u043c\u0443\u043b\u0430 Polygiene\u00ae \u043f\u0440\u0435\u043f\u044f\u0442\u0441\u0442\u0432\u0443\u0435\u0442 \u043e\u0431\u0440\u0430\u0437\u043e\u0432\u0430\u043d\u0438\u044e \u043d\u0435\u043f\u0440\u0438\u044f\u0442\u043d\u044b\u0445 \u0437\u0430\u043f\u0430\u0445\u043e\u0432<\/li>\n<li>\u0421\u043e\u0445\u043d\u0435\u0442 \u0432 \u0432\u043e\u0441\u0435\u043c\u044c \u0440\u0430\u0437 \u0431\u044b\u0441\u0442\u0440\u0435\u0435 \u043e\u0431\u044b\u0447\u043d\u043e\u0433\u043e \u043f\u043b\u044f\u0436\u043d\u043e\u0433\u043e \u043f\u043e\u043b\u043e\u0442\u0435\u043d\u0446\u0430<\/li>\n<li>\u0412\u043f\u0438\u0442\u044b\u0432\u0430\u0435\u0442 \u0432\u043b\u0430\u0433\u0443 \u0432 \u0434\u0435\u0432\u044f\u0442\u044c \u0440\u0430\u0437 \u0442\u044f\u0436\u0435\u043b\u0435\u0435 \u0432\u0435\u0441\u0430 \u043f\u043e\u043b\u043e\u0442\u0435\u043d\u0446\u0430<\/li>\n<li>\u041f\u0435\u0442\u043b\u044f, \u0437\u0430 \u043a\u043e\u0442\u043e\u0440\u0443\u044e \u043c\u043e\u0436\u043d\u043e \u043f\u043e\u0434\u0432\u0435\u0441\u0438\u0442\u044c \u043f\u043e\u043b\u043e\u0442\u0435\u043d\u0446\u0435<\/li>\n<li>\u041f\u0435\u0441\u043e\u043a \u043d\u0435 \u043f\u0440\u0438\u043b\u0438\u043f\u0430\u0435\u0442 \u043a \u043f\u043e\u043b\u043e\u0442\u0435\u043d\u0446\u0443<\/li>\n<\/ul>\n<h3>Caracteristici<\/h3>\n<ul>\n<li>\u0420\u0430\u0437\u043c\u0435\u0440\u044b &#8212; 150 \u0445 90 \u0441\u043c<\/li>\n<li>\u0412\u0435\u0441 &#8212; 203 \u0433<\/li>\n<\/ul>\n<h3>Tehnologie<\/h3>\n<ul>\n<li><strong>Polygiene<\/strong>\u00ae \u2013 este o tehnologie modern\u0103 de protec\u021bie antibacterian\u0103 a \u00eembr\u0103c\u0103mintei, prin tratarea \u021bes\u0103turilor cu argint pentru a preveni apari\u021bia bacteriilor care provoac\u0103 un miros nepl\u0103cut, precum \u0219i a diver\u0219ilor microbi, viru\u0219i \u0219i ciuperci. Tehnologia Polygiene\u00ae este recunoscut\u0103 \u00een primul r\u00e2nd ca un agent bacteriostatic sigur \u0219i eficient. Se bazeaz\u0103 pe tratarea unei variet\u0103\u021bi de materiale (\u00een principal textile) cu s\u0103ruri naturale de argint (clorur\u0103 de argint), un agent antimicrobian extrem de eficient.<\/li>\n<\/ul>","protected":false},"excerpt":{"rendered":"<p>Lifeventure Tropical &#8212; \u0443\u043b\u044c\u0442\u0440\u0430\u043b\u0435\u0433\u043a\u043e\u0435 \u043a\u043e\u043c\u043f\u0430\u043a\u0442\u043d\u043e\u0435 \u043f\u043e\u043b\u043e\u0442\u0435\u043d\u0446\u0435 \u0441 \u0434\u0435\u043a\u043e\u0440\u0430\u0442\u0438\u0432\u043d\u044b\u043c \u043f\u0440\u0438\u043d\u0442\u043e\u043c \u0438\u0437 \u0442\u043a\u0430\u043d\u0438 SoftFibre, \u043e\u0431\u043b\u0430\u0434\u0430\u0435\u0442 \u0432\u044b\u0441\u043e\u043a\u043e\u0439 \u0432\u043f\u0438\u0442\u044b\u0432\u0430\u044e\u0449\u0435\u0439 \u0441\u043f\u043e\u0441\u043e\u0431\u043d\u043e\u0441\u0442\u044c\u044e. \u0418\u0434\u0435\u0430\u043b\u044c\u043d\u043e \u043f\u043e\u0434\u0445\u043e\u0434\u0438\u0442 \u0434\u043b\u044f \u0441\u043f\u043e\u0440\u0442\u0430, \u043e\u0442\u0434\u044b\u0445\u0430 \u043d\u0430 \u043f\u043b\u044f\u0436\u0435, \u0443\u0434\u043e\u0431\u043d\u043e \u0432 \u043f\u043e\u0445\u043e\u0434\u0435 \u0438 \u043f\u0440\u043e\u0441\u0442\u043e \u043d\u0435\u0437\u0430\u043c\u0435\u043d\u0438\u043c\u043e \u0432 \u043f\u0443\u0442\u0435\u0448\u0435\u0441\u0442\u0432\u0438\u044f\u0445. \u041a\u0430\u0436\u0434\u043e\u0435 \u043f\u043e\u043b\u043e\u0442\u0435\u043d\u0446\u0435 \u043e\u0431\u0440\u0430\u0431\u043e\u0442\u0430\u043d\u043e \u0441\u043f\u0435\u0446\u0438\u0430\u043b\u044c\u043d\u044b\u043c \u0441\u0440\u0435\u0434\u0441\u0442\u0432\u043e\u043c \u0430\u043d\u0442\u0438\u0431\u0430\u043a\u0442\u0435\u0440\u0438\u0430\u043b\u044c\u043d\u043e\u0439 \u0437\u0430\u0449\u0438\u0442\u044b Polygiene\u00ae, \u043a\u043e\u0442\u043e\u0440\u043e\u0435 \u043f\u0440\u0435\u043f\u044f\u0442\u0441\u0442\u0432\u0443\u0435\u0442 \u043f\u043e\u044f\u0432\u043b\u0435\u043d\u0438\u044e \u0431\u0430\u043a\u0442\u0435\u0440\u0438\u0439 \u0438 \u043e\u0431\u0440\u0430\u0437\u043e\u0432\u0430\u043d\u0438\u044e \u043d\u0435\u043f\u0440\u0438\u044f\u0442\u043d\u044b\u0445 \u0437\u0430\u043f\u0430\u0445\u043e\u0432, \u043f\u043e\u044d\u0442\u043e\u043c\u0443 \u043f\u043e\u043b\u043e\u0442\u0435\u043d\u0446\u0435 \u043e\u0441\u0442\u0430\u0435\u0442\u0441\u044f \u0447\u0438\u0441\u0442\u044b\u043c \u0438 \u0441\u0432\u0435\u0436\u0438\u043c \u0434\u043e\u043b\u044c\u0448\u0435. \u041e\u0441\u043e\u0431\u0435\u043d\u043d\u043e\u0441\u0442\u0438 [&hellip;]<\/p>\n","protected":false},"featured_media":49729,"comment_status":"open","ping_status":"closed","template":"","meta":{"_acf_changed":false,"inline_featured_image":false},"product_brand":[1448],"product_cat":[303],"product_tag":[],"class_list":{"0":"post-48857","1":"product","2":"type-product","3":"status-publish","4":"has-post-thumbnail","6":"product_brand-lifemarque","7":"product_cat-towels","9":"first","10":"instock","11":"shipping-taxable","12":"purchasable","13":"product-type-simple"},"acf":[],"yoast_head":"<!-- This site is optimized with the Yoast SEO plugin v27.2 - https:\/\/yoast.com\/product\/yoast-seo-wordpress\/ -->\n<title>\u041f\u043e\u043b\u043e\u0442\u0435\u043d\u0446\u0435 Lifeventure Tropical - \u041c\u0430\u0433\u0430\u0437\u0438\u043d Xstyle<\/title>\n<meta name=\"description\" content=\"\u041e\u0442\u043a\u0440\u043e\u0439\u0442\u0435 \u0434\u043b\u044f \u0441\u0435\u0431\u044f \u043f\u043e\u043b\u043e\u0442\u0435\u043d\u0446\u0435 Lifeventure Tropical: \u043b\u0435\u0433\u043a\u043e\u0435, \u0431\u044b\u0441\u0442\u0440\u043e \u0432\u044b\u0441\u044b\u0445\u0430\u044e\u0449\u0435\u0435 \u0438 \u0441 \u0437\u0430\u0449\u0438\u0442\u043e\u0439 Polygiene. \u0418\u0434\u0435\u0430\u043b\u044c\u043d\u043e \u0434\u043b\u044f \u043f\u0443\u0442\u0435\u0448\u0435\u0441\u0442\u0432\u0438\u0439 \u0438 \u0430\u043a\u0442\u0438\u0432\u043d\u043e\u0433\u043e \u043e\u0442\u0434\u044b\u0445\u0430!\" \/>\n<meta name=\"robots\" content=\"index, follow, max-snippet:-1, max-image-preview:large, max-video-preview:-1\" \/>\n<link rel=\"canonical\" href=\"https:\/\/xstyle.md\/ro\/produs\/polotencze-lifeventure-tropical\/\" \/>\n<meta property=\"og:locale\" content=\"ro_RO\" \/>\n<meta property=\"og:type\" content=\"article\" \/>\n<meta property=\"og:title\" content=\"\u041f\u043e\u043b\u043e\u0442\u0435\u043d\u0446\u0435 Lifeventure Tropical - \u041c\u0430\u0433\u0430\u0437\u0438\u043d Xstyle\" \/>\n<meta property=\"og:description\" content=\"\u041e\u0442\u043a\u0440\u043e\u0439\u0442\u0435 \u0434\u043b\u044f \u0441\u0435\u0431\u044f \u043f\u043e\u043b\u043e\u0442\u0435\u043d\u0446\u0435 Lifeventure Tropical: \u043b\u0435\u0433\u043a\u043e\u0435, \u0431\u044b\u0441\u0442\u0440\u043e \u0432\u044b\u0441\u044b\u0445\u0430\u044e\u0449\u0435\u0435 \u0438 \u0441 \u0437\u0430\u0449\u0438\u0442\u043e\u0439 Polygiene. \u0418\u0434\u0435\u0430\u043b\u044c\u043d\u043e \u0434\u043b\u044f \u043f\u0443\u0442\u0435\u0448\u0435\u0441\u0442\u0432\u0438\u0439 \u0438 \u0430\u043a\u0442\u0438\u0432\u043d\u043e\u0433\u043e \u043e\u0442\u0434\u044b\u0445\u0430!\" \/>\n<meta property=\"og:url\" content=\"https:\/\/xstyle.md\/ro\/produs\/polotencze-lifeventure-tropical\/\" \/>\n<meta property=\"og:site_name\" content=\"\u041c\u0430\u0433\u0430\u0437\u0438\u043d Xstyle\" \/>\n<meta property=\"article:publisher\" content=\"https:\/\/www.facebook.com\/xstylemd\" \/>\n<meta property=\"article:modified_time\" content=\"2024-12-16T19:34:13+00:00\" \/>\n<meta property=\"og:image\" content=\"https:\/\/xstyle.md\/wp-content\/uploads\/2022\/06\/polotencze-lifeventure-tropical.jpg\" \/>\n\t<meta property=\"og:image:width\" content=\"1092\" \/>\n\t<meta property=\"og:image:height\" content=\"1092\" \/>\n\t<meta property=\"og:image:type\" content=\"image\/jpeg\" \/>\n<meta name=\"twitter:card\" content=\"summary_large_image\" \/>\n<meta name=\"twitter:label1\" content=\"Pre\u021b\" \/>\n\t<meta name=\"twitter:data1\" content=\"490&nbsp;MDL\" \/>\n\t<meta name=\"twitter:label2\" content=\"Disponibilitate\" \/>\n\t<meta name=\"twitter:data2\" content=\"\u00cen stoc\" \/>\n<script type=\"application\/ld+json\" class=\"yoast-schema-graph\">{\"@context\":\"https:\/\/schema.org\",\"@graph\":[{\"@type\":\"WebPage\",\"@id\":\"https:\/\/xstyle.md\/product\/polotencze-lifeventure-tropical\/\",\"url\":\"https:\/\/xstyle.md\/product\/polotencze-lifeventure-tropical\/\",\"name\":\"\u041f\u043e\u043b\u043e\u0442\u0435\u043d\u0446\u0435 Lifeventure Tropical - \u041c\u0430\u0433\u0430\u0437\u0438\u043d Xstyle\",\"isPartOf\":{\"@id\":\"https:\/\/xstyle.md\/#website\"},\"primaryImageOfPage\":{\"@id\":\"https:\/\/xstyle.md\/product\/polotencze-lifeventure-tropical\/#primaryimage\"},\"image\":{\"@id\":\"https:\/\/xstyle.md\/product\/polotencze-lifeventure-tropical\/#primaryimage\"},\"thumbnailUrl\":\"https:\/\/xstyle.md\/wp-content\/uploads\/2022\/06\/polotencze-lifeventure-tropical.jpg\",\"datePublished\":\"2022-06-16T10:21:58+00:00\",\"dateModified\":\"2024-12-16T19:34:13+00:00\",\"description\":\"\u041e\u0442\u043a\u0440\u043e\u0439\u0442\u0435 \u0434\u043b\u044f \u0441\u0435\u0431\u044f \u043f\u043e\u043b\u043e\u0442\u0435\u043d\u0446\u0435 Lifeventure Tropical: \u043b\u0435\u0433\u043a\u043e\u0435, \u0431\u044b\u0441\u0442\u0440\u043e \u0432\u044b\u0441\u044b\u0445\u0430\u044e\u0449\u0435\u0435 \u0438 \u0441 \u0437\u0430\u0449\u0438\u0442\u043e\u0439 Polygiene. \u0418\u0434\u0435\u0430\u043b\u044c\u043d\u043e \u0434\u043b\u044f \u043f\u0443\u0442\u0435\u0448\u0435\u0441\u0442\u0432\u0438\u0439 \u0438 \u0430\u043a\u0442\u0438\u0432\u043d\u043e\u0433\u043e \u043e\u0442\u0434\u044b\u0445\u0430!\",\"breadcrumb\":{\"@id\":\"https:\/\/xstyle.md\/product\/polotencze-lifeventure-tropical\/#breadcrumb\"},\"inLanguage\":\"ro-RO\",\"potentialAction\":[{\"@type\":\"ReadAction\",\"target\":[\"https:\/\/xstyle.md\/product\/polotencze-lifeventure-tropical\/\"]}]},{\"@type\":\"ImageObject\",\"inLanguage\":\"ro-RO\",\"@id\":\"https:\/\/xstyle.md\/product\/polotencze-lifeventure-tropical\/#primaryimage\",\"url\":\"https:\/\/xstyle.md\/wp-content\/uploads\/2022\/06\/polotencze-lifeventure-tropical.jpg\",\"contentUrl\":\"https:\/\/xstyle.md\/wp-content\/uploads\/2022\/06\/polotencze-lifeventure-tropical.jpg\",\"width\":1092,\"height\":1092,\"caption\":\"\u041c\u0438\u043a\u0440\u043e\u0444\u0438\u0431\u0440\u043e\u0432\u043e\u0435 \u043f\u043e\u043b\u043e\u0442\u0435\u043d\u0446\u0435 Lifeventure Tropical \u0434\u043b\u044f \u0430\u043a\u0442\u0438\u0432\u043d\u043e\u0433\u043e \u043e\u0442\u0434\u044b\u0445\u0430 \u043f\u043e\u0445\u043e\u0434\u043e\u0432 \u043f\u0443\u0442\u0435\u0448\u0435\u0441\u0442\u0432\u0438\u0439 \u0438 \u0437\u0430\u043d\u044f\u0442\u0438\u0439 \u0441\u043f\u043e\u0440\u0442\u043e\u043c \u0441 \u044f\u0440\u043a\u0438\u043c \u0442\u0440\u043e\u043f\u0438\u0447\u0435\u0441\u043a\u0438\u043c \u0434\u0438\u0437\u0430\u0439\u043d\u043e\u043c \u0432 \u043e\u043d\u043b\u0430\u0439\u043d \u043c\u0430\u0433\u0430\u0437\u0438\u043d\u0435 \u0441\u043f\u043e\u0440\u0442\u0438\u0432\u043d\u043e\u0439 \u043e\u0434\u0435\u0436\u0434\u044b \u0438 \u044d\u043a\u0438\u043f\u0438\u0440\u043e\u0432\u043a\u0438\"},{\"@type\":\"BreadcrumbList\",\"@id\":\"https:\/\/xstyle.md\/product\/polotencze-lifeventure-tropical\/#breadcrumb\",\"itemListElement\":[{\"@type\":\"ListItem\",\"position\":1,\"name\":\"\u0413\u043b\u0430\u0432\u043d\u0430\u044f \u0441\u0442\u0440\u0430\u043d\u0438\u0446\u0430\",\"item\":\"https:\/\/xstyle.md\/\"},{\"@type\":\"ListItem\",\"position\":2,\"name\":\"\u041c\u0430\u0433\u0430\u0437\u0438\u043d\",\"item\":\"https:\/\/xstyle.md\/shop\/\"},{\"@type\":\"ListItem\",\"position\":3,\"name\":\"\u041f\u043e\u043b\u043e\u0442\u0435\u043d\u0446\u0435 Lifeventure Tropical\"}]},{\"@type\":\"WebSite\",\"@id\":\"https:\/\/xstyle.md\/#website\",\"url\":\"https:\/\/xstyle.md\/\",\"name\":\"\u041c\u0430\u0433\u0430\u0437\u0438\u043d Xstyle\",\"description\":\"C\u043d\u0430\u0440\u044f\u0436\u0435\u043d\u0438\u0435 \u0434\u043b\u044f \u0442\u0443\u0440\u0438\u0437\u043c\u0430 \u0438 \u044d\u043a\u0441\u0442\u0440\u0435\u043c\u0430\u043b\u044c\u043d\u044b\u0445 \u0432\u0438\u0434\u043e\u0432 \u0441\u043f\u043e\u0440\u0442\u0430 \u0432 \u041c\u043e\u043b\u0434\u043e\u0432\u0435.. \u0426\u0435\u043d\u044b, \u0444\u043e\u0442\u043e, \u0445\u0430\u0440\u0430\u043a\u0442\u0435\u0440\u0438\u0441\u0442\u0438\u043a\u0438 \u0432 \u041c\u043e\u043b\u0434\u043e\u0432\u0435.\",\"publisher\":{\"@id\":\"https:\/\/xstyle.md\/#organization\"},\"alternateName\":\"X-Style\",\"potentialAction\":[{\"@type\":\"SearchAction\",\"target\":{\"@type\":\"EntryPoint\",\"urlTemplate\":\"https:\/\/xstyle.md\/?s={search_term_string}\"},\"query-input\":{\"@type\":\"PropertyValueSpecification\",\"valueRequired\":true,\"valueName\":\"search_term_string\"}}],\"inLanguage\":\"ro-RO\"},{\"@type\":\"Organization\",\"@id\":\"https:\/\/xstyle.md\/#organization\",\"name\":\"\u041c\u0430\u0433\u0430\u0437\u0438\u043d Xstyle\",\"alternateName\":\"x-style\",\"url\":\"https:\/\/xstyle.md\/\",\"logo\":{\"@type\":\"ImageObject\",\"inLanguage\":\"ro-RO\",\"@id\":\"https:\/\/xstyle.md\/#\/schema\/logo\/image\/\",\"url\":\"https:\/\/xstyle.md\/wp-content\/uploads\/2020\/06\/logoicon.svg\",\"contentUrl\":\"https:\/\/xstyle.md\/wp-content\/uploads\/2020\/06\/logoicon.svg\",\"caption\":\"\u041c\u0430\u0433\u0430\u0437\u0438\u043d Xstyle\"},\"image\":{\"@id\":\"https:\/\/xstyle.md\/#\/schema\/logo\/image\/\"},\"sameAs\":[\"https:\/\/www.facebook.com\/xstylemd\",\"https:\/\/www.instagram.com\/xstyle_md\/\",\"https:\/\/t.me\/xstyle_outdoor\"],\"hasMerchantReturnPolicy\":{\"@type\":\"MerchantReturnPolicy\",\"merchantReturnLink\":\"https:\/\/xstyle.md\/ro\/conditions\/\"}}]}<\/script>\n<meta property=\"product:price:amount\" content=\"490.00\" \/>\n<meta property=\"product:price:currency\" content=\"MDL\" \/>\n<meta property=\"og:availability\" content=\"instock\" \/>\n<meta property=\"product:availability\" content=\"instock\" \/>\n<meta property=\"product:retailer_item_id\" content=\"5031863635509\" \/>\n<meta property=\"product:condition\" content=\"new\" \/>\n<!-- \/ Yoast SEO plugin. -->","yoast_head_json":{"title":"Prosop Lifeventure Tropical - Magazin Xstyle","description":"Descoperi\u021bi prosopul Lifeventure Tropical: u\u0219or, cu uscare rapid\u0103 \u0219i cu protec\u021bie Polygiene. Ideal pentru c\u0103l\u0103torii \u0219i activit\u0103\u021bi \u00een aer liber!","robots":{"index":"index","follow":"follow","max-snippet":"max-snippet:-1","max-image-preview":"max-image-preview:large","max-video-preview":"max-video-preview:-1"},"canonical":"https:\/\/xstyle.md\/ro\/produs\/polotencze-lifeventure-tropical\/","og_locale":"ro_RO","og_type":"article","og_title":"\u041f\u043e\u043b\u043e\u0442\u0435\u043d\u0446\u0435 Lifeventure Tropical - \u041c\u0430\u0433\u0430\u0437\u0438\u043d Xstyle","og_description":"\u041e\u0442\u043a\u0440\u043e\u0439\u0442\u0435 \u0434\u043b\u044f \u0441\u0435\u0431\u044f \u043f\u043e\u043b\u043e\u0442\u0435\u043d\u0446\u0435 Lifeventure Tropical: \u043b\u0435\u0433\u043a\u043e\u0435, \u0431\u044b\u0441\u0442\u0440\u043e \u0432\u044b\u0441\u044b\u0445\u0430\u044e\u0449\u0435\u0435 \u0438 \u0441 \u0437\u0430\u0449\u0438\u0442\u043e\u0439 Polygiene. \u0418\u0434\u0435\u0430\u043b\u044c\u043d\u043e \u0434\u043b\u044f \u043f\u0443\u0442\u0435\u0448\u0435\u0441\u0442\u0432\u0438\u0439 \u0438 \u0430\u043a\u0442\u0438\u0432\u043d\u043e\u0433\u043e \u043e\u0442\u0434\u044b\u0445\u0430!","og_url":"https:\/\/xstyle.md\/ro\/produs\/polotencze-lifeventure-tropical\/","og_site_name":"\u041c\u0430\u0433\u0430\u0437\u0438\u043d Xstyle","article_publisher":"https:\/\/www.facebook.com\/xstylemd","article_modified_time":"2024-12-16T19:34:13+00:00","og_image":[{"width":1092,"height":1092,"url":"https:\/\/xstyle.md\/wp-content\/uploads\/2022\/06\/polotencze-lifeventure-tropical.jpg","type":"image\/jpeg"}],"twitter_card":"summary_large_image","twitter_misc":{"Pre\u021b":"490&nbsp;MDL","Disponibilitate":"\u00cen stoc"},"schema":{"@context":"https:\/\/schema.org","@graph":[{"@type":"WebPage","@id":"https:\/\/xstyle.md\/product\/polotencze-lifeventure-tropical\/","url":"https:\/\/xstyle.md\/product\/polotencze-lifeventure-tropical\/","name":"Prosop Lifeventure Tropical - Magazin Xstyle","isPartOf":{"@id":"https:\/\/xstyle.md\/#website"},"primaryImageOfPage":{"@id":"https:\/\/xstyle.md\/product\/polotencze-lifeventure-tropical\/#primaryimage"},"image":{"@id":"https:\/\/xstyle.md\/product\/polotencze-lifeventure-tropical\/#primaryimage"},"thumbnailUrl":"https:\/\/xstyle.md\/wp-content\/uploads\/2022\/06\/polotencze-lifeventure-tropical.jpg","datePublished":"2022-06-16T10:21:58+00:00","dateModified":"2024-12-16T19:34:13+00:00","description":"Descoperi\u021bi prosopul Lifeventure Tropical: u\u0219or, cu uscare rapid\u0103 \u0219i cu protec\u021bie Polygiene. Ideal pentru c\u0103l\u0103torii \u0219i activit\u0103\u021bi \u00een aer liber!","breadcrumb":{"@id":"https:\/\/xstyle.md\/product\/polotencze-lifeventure-tropical\/#breadcrumb"},"inLanguage":"ro-RO","potentialAction":[{"@type":"ReadAction","target":["https:\/\/xstyle.md\/product\/polotencze-lifeventure-tropical\/"]}]},{"@type":"ImageObject","inLanguage":"ro-RO","@id":"https:\/\/xstyle.md\/product\/polotencze-lifeventure-tropical\/#primaryimage","url":"https:\/\/xstyle.md\/wp-content\/uploads\/2022\/06\/polotencze-lifeventure-tropical.jpg","contentUrl":"https:\/\/xstyle.md\/wp-content\/uploads\/2022\/06\/polotencze-lifeventure-tropical.jpg","width":1092,"height":1092,"caption":"\u041c\u0438\u043a\u0440\u043e\u0444\u0438\u0431\u0440\u043e\u0432\u043e\u0435 \u043f\u043e\u043b\u043e\u0442\u0435\u043d\u0446\u0435 Lifeventure Tropical \u0434\u043b\u044f \u0430\u043a\u0442\u0438\u0432\u043d\u043e\u0433\u043e \u043e\u0442\u0434\u044b\u0445\u0430 \u043f\u043e\u0445\u043e\u0434\u043e\u0432 \u043f\u0443\u0442\u0435\u0448\u0435\u0441\u0442\u0432\u0438\u0439 \u0438 \u0437\u0430\u043d\u044f\u0442\u0438\u0439 \u0441\u043f\u043e\u0440\u0442\u043e\u043c \u0441 \u044f\u0440\u043a\u0438\u043c \u0442\u0440\u043e\u043f\u0438\u0447\u0435\u0441\u043a\u0438\u043c \u0434\u0438\u0437\u0430\u0439\u043d\u043e\u043c \u0432 \u043e\u043d\u043b\u0430\u0439\u043d \u043c\u0430\u0433\u0430\u0437\u0438\u043d\u0435 \u0441\u043f\u043e\u0440\u0442\u0438\u0432\u043d\u043e\u0439 \u043e\u0434\u0435\u0436\u0434\u044b \u0438 \u044d\u043a\u0438\u043f\u0438\u0440\u043e\u0432\u043a\u0438"},{"@type":"BreadcrumbList","@id":"https:\/\/xstyle.md\/product\/polotencze-lifeventure-tropical\/#breadcrumb","itemListElement":[{"@type":"ListItem","position":1,"name":"\u0413\u043b\u0430\u0432\u043d\u0430\u044f \u0441\u0442\u0440\u0430\u043d\u0438\u0446\u0430","item":"https:\/\/xstyle.md\/"},{"@type":"ListItem","position":2,"name":"\u041c\u0430\u0433\u0430\u0437\u0438\u043d","item":"https:\/\/xstyle.md\/shop\/"},{"@type":"ListItem","position":3,"name":"\u041f\u043e\u043b\u043e\u0442\u0435\u043d\u0446\u0435 Lifeventure Tropical"}]},{"@type":"WebSite","@id":"https:\/\/xstyle.md\/#website","url":"https:\/\/xstyle.md\/","name":"Magazinul X-Style","description":"Echipamente pentru turism \u0219i sporturi extreme \u00een Moldova. Pre\u021buri, fotografii, caracteristici \u00een Moldova.","publisher":{"@id":"https:\/\/xstyle.md\/#organization"},"alternateName":"X-Style","potentialAction":[{"@type":"SearchAction","target":{"@type":"EntryPoint","urlTemplate":"https:\/\/xstyle.md\/?s={search_term_string}"},"query-input":{"@type":"PropertyValueSpecification","valueRequired":true,"valueName":"search_term_string"}}],"inLanguage":"ro-RO"},{"@type":"Organization","@id":"https:\/\/xstyle.md\/#organization","name":"Magazinul X-Style","alternateName":"x-style","url":"https:\/\/xstyle.md\/","logo":{"@type":"ImageObject","inLanguage":"ro-RO","@id":"https:\/\/xstyle.md\/#\/schema\/logo\/image\/","url":"https:\/\/xstyle.md\/wp-content\/uploads\/2020\/06\/logoicon.svg","contentUrl":"https:\/\/xstyle.md\/wp-content\/uploads\/2020\/06\/logoicon.svg","caption":"\u041c\u0430\u0433\u0430\u0437\u0438\u043d Xstyle"},"image":{"@id":"https:\/\/xstyle.md\/#\/schema\/logo\/image\/"},"sameAs":["https:\/\/www.facebook.com\/xstylemd","https:\/\/www.instagram.com\/xstyle_md\/","https:\/\/t.me\/xstyle_outdoor"],"hasMerchantReturnPolicy":{"@type":"MerchantReturnPolicy","merchantReturnLink":"https:\/\/xstyle.md\/ro\/conditions\/"}}]},"product_price_amount":"490.00","product_price_currency":"MDL","og_availability":"instock","product_availability":"instock","product_retailer_item_id":"5031863635509","product_condition":"new"},"post_mailing_queue_ids":[],"_links":{"self":[{"href":"https:\/\/xstyle.md\/ro\/wp-json\/wp\/v2\/product\/48857","targetHints":{"allow":["GET"]}}],"collection":[{"href":"https:\/\/xstyle.md\/ro\/wp-json\/wp\/v2\/product"}],"about":[{"href":"https:\/\/xstyle.md\/ro\/wp-json\/wp\/v2\/types\/product"}],"replies":[{"embeddable":true,"href":"https:\/\/xstyle.md\/ro\/wp-json\/wp\/v2\/comments?post=48857"}],"wp:featuredmedia":[{"embeddable":true,"href":"https:\/\/xstyle.md\/ro\/wp-json\/wp\/v2\/media\/49729"}],"wp:attachment":[{"href":"https:\/\/xstyle.md\/ro\/wp-json\/wp\/v2\/media?parent=48857"}],"wp:term":[{"taxonomy":"product_brand","embeddable":true,"href":"https:\/\/xstyle.md\/ro\/wp-json\/wp\/v2\/product_brand?post=48857"},{"taxonomy":"product_cat","embeddable":true,"href":"https:\/\/xstyle.md\/ro\/wp-json\/wp\/v2\/product_cat?post=48857"},{"taxonomy":"product_tag","embeddable":true,"href":"https:\/\/xstyle.md\/ro\/wp-json\/wp\/v2\/product_tag?post=48857"}],"curies":[{"name":"wp","href":"https:\/\/api.w.org\/{rel}","templated":true}]}}